{"id":39510,"date":"2026-04-27T14:01:45","date_gmt":"2026-04-27T14:01:45","guid":{"rendered":""},"modified":"2026-04-27T14:01:45","modified_gmt":"2026-04-27T14:01:45","slug":"novaservis-umyvadlova-baterie-bez-vypusti-titania-cube-chrom-98801-1-0-aktualni-39510","status":"publish","type":"product","link":"https:\/\/www.koupeltech.com\/index.php\/produkt\/novaservis-umyvadlova-baterie-bez-vypusti-titania-cube-chrom-98801-1-0-aktualni-39510\/","title":{"rendered":"NOVASERVIS Umyvadlov\u00e1 baterie bez v\u00fdpusti Titania CUBE chrom &#8211; 98801\/1,0 Aktu\u00e1ln\u00ed"},"content":{"rendered":"<div id=\"e3677756\" class=\"pages\">\n<div>\n<div id=\"PDDescription\" class=\"UserContentView userContent v1a v1 bs-view dcon dc164 PDDescription\" ><dc-con><dc-con><bs-empty><\/bs-empty><\/dc-con><dc-con>        <\/p>\n<div class=\"customDescription\">                    <\/div>\n<p><\/dc-con><dc-con>Kvalitn\u00ed a odoln\u00e1 keramick\u00e1 kartu\u0161e 25 mm <b>s\u00a0prodlou\u017eenou z\u00e1rukou\u00a05\u00a0let<\/b>. Prvot\u0159\u00eddn\u00ed chromov\u00e9 proveden\u00ed. Umyvadlov\u00e1 baterie bez v\u00fdpusti. Sou\u010d\u00e1st\u00ed baterie jsou p\u0159\u00edvodn\u00ed hadi\u010dky.<\/dc-con><\/dc-con><\/div>\n<div id=\"PDDescription2\" class=\"UserContentView userContent v1a v1 bs-view dcon dc165 PDDescription2\" >Nov\u00fd trendy design ostr\u00fdch tvar\u016f pro n\u00e1dech moderny do va\u0161\u00ed dom\u00e1cnosti je mo\u017en\u00e1 p\u0159esn\u011b to co hled\u00e1te. Dot\u00e1hn\u011bte sv\u016fj interi\u00e9r k naprost\u00e9 dokonalosti se s\u00e9ri\u00ed TITANIA CUBE.&lt;br \/&gt;&lt;br \/&gt;Servis a\u017e k v\u00e1m dom\u016f.<\/div>\n<\/p><\/div>\n<div id=\"PDTable3\" class=\"ProductDetailTableView v3a v3 bs-view dcon dc185 PDTable3\" >\n<table>\n<thead><\/thead>\n<tbody>\n<tr class=\"attribute attr_ovladani\">\n<td class=\"caption\">Ovl\u00e1d\u00e1n\u00ed<\/td>\n<td class=\"value\">P\u00e1kov\u00e9<\/td>\n<\/tr>\n<tr class=\"attribute attr_typ\">\n<td class=\"caption\">Typ<\/td>\n<td class=\"value\">Stoj\u00e1nkov\u00e9 baterie<\/td>\n<\/tr>\n<tr class=\"attribute attr_pouziti\">\n<td class=\"caption\">Pou\u017eit\u00ed<\/td>\n<td class=\"value\">Umyvadlov\u00e9\/ D\u0159ezov\u00e9 baterie<\/td>\n<\/tr>\n<tr class=\"attribute attr_bsshop_maker\">\n<td class=\"caption\">V\u00fdrobce<\/td>\n<td class=\"value\">Novaservis<\/td>\n<\/tr>\n<tr class=\"weight\">\n<td class=\"caption\"><span>Hmotnost<\/span><\/td>\n<td class=\"value\"><span>1,30 kg<\/span><\/td>\n<\/tr>\n<\/tbody>\n<\/table>\n<\/div>\n<div id=\"ProductMedia\" class=\"ProductMediaView MediaViewBase v1a v1 bs-view dcon dc409 ProductMedia\" ><bs-empty><\/bs-empty><\/p>\n<div class=\"files\">\n<div class=\"title sub\">Soubory<\/div>\n<p><a href=\"\/media\/6726\/98801.jpg?&amp;key=ZGpmIyQwNUZfNjcyNg==\" class=\"jpg\">98801.jpg<\/a><a href=\"\/media\/6727\/202-c5-2018-b-30-00728-18.pdf?&amp;key=ZGpmIyQwNUZfNjcyNw==\" class=\"pdf\">202_C5_2018_B-30-00728-18.pdf<\/a><\/div>\n<p><bs-empty><\/bs-empty><\/div>\n<div id=\"PdProductGpsr\" class=\"ProductGpsrView v1a v1 bs-view dcon dc217 PdProductGpsr\" >\n<div class=\"subject\"><dc-root class=\"dcon dc219\"><span class=\"title\">Zodpov\u011bdn&#253; subjekt:<\/span><dc-con><dc-con><span class=\"company\">NOVASERVIS spol. s r.o.<\/span><span class=\"name\">Novaservis<\/span><\/dc-con><dc-con><span class=\"street\">Dru\u017estevn&#237; 5<\/span><span class=\"city\">Znojmo<\/span><span class=\"zip\">669 02<\/span><span class=\"country\">\u010cesko<\/span><\/dc-con><span class=\"email\">shop@novaservis.cz<\/span><span class=\"phone\">515 282 111 <\/span><bs-empty><\/bs-empty><a href=\"https:\/\/www.novaservis.cz\/kontakt\/\" class=\"link\" target=\"_blank\">https:\/\/www.novaservis.cz\/kontakt\/<\/a><\/dc-con><bs-empty><\/bs-empty><\/dc-root><\/div>\n<p><bs-empty><\/bs-empty><\/div>\n<\/div>\n<div id=\"e3677757\" class=\"tabs\">\n","protected":false},"excerpt":{"rendered":"<p>Kvalitn\u00ed a odoln\u00e1 keramick\u00e1 kartu\u0161e 25 mm s\u00a0prodlou\u017eenou z\u00e1rukou\u00a05\u00a0let. Prvot\u0159\u00eddn\u00ed chromov\u00e9 proveden\u00ed. Umyvadlov\u00e1 baterie bez v\u00fdpusti. Sou\u010d\u00e1st\u00ed baterie jsou p\u0159\u00edvodn\u00ed hadi\u010dky. Nov\u00fd trendy design ostr\u00fdch tvar\u016f pro n\u00e1dech moderny do va\u0161\u00ed dom\u00e1cnosti je mo\u017en\u00e1 p\u0159esn\u011b to co hled\u00e1te. Dot\u00e1hn\u011bte sv\u016fj interi\u00e9r k naprost\u00e9 dokonalosti se s\u00e9ri\u00ed TITANIA CUBE.&lt;br \/&gt;&lt;br \/&gt;Servis a\u017e k v\u00e1m dom\u016f. Ovl\u00e1d\u00e1n\u00ed [&hellip;]<\/p>\n","protected":false},"featured_media":39610,"comment_status":"open","ping_status":"open","template":"","meta":[],"product_brand":[],"product_cat":[94],"product_tag":[],"class_list":{"0":"post-39510","1":"product","2":"type-product","3":"status-publish","4":"has-post-thumbnail","6":"product_cat-vybaven-237-koupelny","8":"first","9":"instock","10":"sale","11":"shipping-taxable","12":"purchasable","13":"product-type-simple"},"yoast_head":"<!-- This site is optimized with the Yoast SEO plugin v26.8 - https:\/\/yoast.com\/product\/yoast-seo-wordpress\/ -->\n<title>NOVASERVIS Umyvadlov\u00e1 baterie bez v\u00fdpusti Titania CUBE chrom - 98801\/1,0 Aktu\u00e1ln\u00ed -<\/title>\n<meta name=\"robots\" content=\"index, follow, max-snippet:-1, max-image-preview:large, max-video-preview:-1\" \/>\n<link rel=\"canonical\" href=\"https:\/\/www.koupeltech.com\/index.php\/produkt\/novaservis-umyvadlova-baterie-bez-vypusti-titania-cube-chrom-98801-1-0-aktualni-39510\/\" \/>\n<meta property=\"og:locale\" content=\"cs_CZ\" \/>\n<meta property=\"og:type\" content=\"article\" \/>\n<meta property=\"og:title\" content=\"NOVASERVIS Umyvadlov\u00e1 baterie bez v\u00fdpusti Titania CUBE chrom - 98801\/1,0 Aktu\u00e1ln\u00ed -\" \/>\n<meta property=\"og:description\" content=\"Kvalitn\u00ed a odoln\u00e1 keramick\u00e1 kartu\u0161e 25 mm s\u00a0prodlou\u017eenou z\u00e1rukou\u00a05\u00a0let. Prvot\u0159\u00eddn\u00ed chromov\u00e9 proveden\u00ed. Umyvadlov\u00e1 baterie bez v\u00fdpusti. Sou\u010d\u00e1st\u00ed baterie jsou p\u0159\u00edvodn\u00ed hadi\u010dky. Nov\u00fd trendy design ostr\u00fdch tvar\u016f pro n\u00e1dech moderny do va\u0161\u00ed dom\u00e1cnosti je mo\u017en\u00e1 p\u0159esn\u011b to co hled\u00e1te. Dot\u00e1hn\u011bte sv\u016fj interi\u00e9r k naprost\u00e9 dokonalosti se s\u00e9ri\u00ed TITANIA CUBE.&lt;br \/&gt;&lt;br \/&gt;Servis a\u017e k v\u00e1m dom\u016f. Ovl\u00e1d\u00e1n\u00ed [&hellip;]\" \/>\n<meta property=\"og:url\" content=\"https:\/\/www.koupeltech.com\/index.php\/produkt\/novaservis-umyvadlova-baterie-bez-vypusti-titania-cube-chrom-98801-1-0-aktualni-39510\/\" \/>\n<meta property=\"og:image\" content=\"https:\/\/www.koupeltech.com\/wp-content\/uploads\/2026\/SK0020359-CZ20260425-093449-0-1777080896-novaservis-umyvadlova-baterie-bez-vypusti-titania-cube-chro.webp\" \/>\n\t<meta property=\"og:image:width\" content=\"1000\" \/>\n\t<meta property=\"og:image:height\" content=\"525\" \/>\n\t<meta property=\"og:image:type\" content=\"image\/webp\" \/>\n<meta name=\"twitter:card\" content=\"summary_large_image\" \/>\n<meta name=\"twitter:label1\" content=\"Odhadovan\u00e1 doba \u010dten\u00ed\" \/>\n\t<meta name=\"twitter:data1\" content=\"1 minuta\" \/>\n<script type=\"application\/ld+json\" class=\"yoast-schema-graph\">{\"@context\":\"https:\/\/schema.org\",\"@graph\":[{\"@type\":\"WebPage\",\"@id\":\"https:\/\/www.koupeltech.com\/index.php\/produkt\/novaservis-umyvadlova-baterie-bez-vypusti-titania-cube-chrom-98801-1-0-aktualni-39510\/\",\"url\":\"https:\/\/www.koupeltech.com\/index.php\/produkt\/novaservis-umyvadlova-baterie-bez-vypusti-titania-cube-chrom-98801-1-0-aktualni-39510\/\",\"name\":\"NOVASERVIS Umyvadlov\u00e1 baterie bez v\u00fdpusti Titania CUBE chrom - 98801\/1,0 Aktu\u00e1ln\u00ed -\",\"isPartOf\":{\"@id\":\"https:\/\/www.koupeltech.com\/#website\"},\"primaryImageOfPage\":{\"@id\":\"https:\/\/www.koupeltech.com\/index.php\/produkt\/novaservis-umyvadlova-baterie-bez-vypusti-titania-cube-chrom-98801-1-0-aktualni-39510\/#primaryimage\"},\"image\":{\"@id\":\"https:\/\/www.koupeltech.com\/index.php\/produkt\/novaservis-umyvadlova-baterie-bez-vypusti-titania-cube-chrom-98801-1-0-aktualni-39510\/#primaryimage\"},\"thumbnailUrl\":\"https:\/\/www.koupeltech.com\/wp-content\/uploads\/2026\/SK0020359-CZ20260425-093449-0-1777080896-novaservis-umyvadlova-baterie-bez-vypusti-titania-cube-chro.webp\",\"datePublished\":\"2026-04-27T14:01:45+00:00\",\"breadcrumb\":{\"@id\":\"https:\/\/www.koupeltech.com\/index.php\/produkt\/novaservis-umyvadlova-baterie-bez-vypusti-titania-cube-chrom-98801-1-0-aktualni-39510\/#breadcrumb\"},\"inLanguage\":\"cs\",\"potentialAction\":[{\"@type\":\"ReadAction\",\"target\":[\"https:\/\/www.koupeltech.com\/index.php\/produkt\/novaservis-umyvadlova-baterie-bez-vypusti-titania-cube-chrom-98801-1-0-aktualni-39510\/\"]}]},{\"@type\":\"ImageObject\",\"inLanguage\":\"cs\",\"@id\":\"https:\/\/www.koupeltech.com\/index.php\/produkt\/novaservis-umyvadlova-baterie-bez-vypusti-titania-cube-chrom-98801-1-0-aktualni-39510\/#primaryimage\",\"url\":\"https:\/\/www.koupeltech.com\/wp-content\/uploads\/2026\/SK0020359-CZ20260425-093449-0-1777080896-novaservis-umyvadlova-baterie-bez-vypusti-titania-cube-chro.webp\",\"contentUrl\":\"https:\/\/www.koupeltech.com\/wp-content\/uploads\/2026\/SK0020359-CZ20260425-093449-0-1777080896-novaservis-umyvadlova-baterie-bez-vypusti-titania-cube-chro.webp\",\"width\":1000,\"height\":525},{\"@type\":\"BreadcrumbList\",\"@id\":\"https:\/\/www.koupeltech.com\/index.php\/produkt\/novaservis-umyvadlova-baterie-bez-vypusti-titania-cube-chrom-98801-1-0-aktualni-39510\/#breadcrumb\",\"itemListElement\":[{\"@type\":\"ListItem\",\"position\":1,\"name\":\"Home\",\"item\":\"https:\/\/www.koupeltech.com\/\"},{\"@type\":\"ListItem\",\"position\":2,\"name\":\"Products\",\"item\":\"https:\/\/www.koupeltech.com\/index.php\/products\/\"},{\"@type\":\"ListItem\",\"position\":3,\"name\":\"NOVASERVIS Umyvadlov\u00e1 baterie bez v\u00fdpusti Titania CUBE chrom &#8211; 98801\/1,0 Aktu\u00e1ln\u00ed\"}]},{\"@type\":\"WebSite\",\"@id\":\"https:\/\/www.koupeltech.com\/#website\",\"url\":\"https:\/\/www.koupeltech.com\/\",\"name\":\"\",\"description\":\"\",\"potentialAction\":[{\"@type\":\"SearchAction\",\"target\":{\"@type\":\"EntryPoint\",\"urlTemplate\":\"https:\/\/www.koupeltech.com\/?s={search_term_string}\"},\"query-input\":{\"@type\":\"PropertyValueSpecification\",\"valueRequired\":true,\"valueName\":\"search_term_string\"}}],\"inLanguage\":\"cs\"}]}<\/script>\n<!-- \/ Yoast SEO plugin. -->","yoast_head_json":{"title":"NOVASERVIS Umyvadlov\u00e1 baterie bez v\u00fdpusti Titania CUBE chrom - 98801\/1,0 Aktu\u00e1ln\u00ed -","robots":{"index":"index","follow":"follow","max-snippet":"max-snippet:-1","max-image-preview":"max-image-preview:large","max-video-preview":"max-video-preview:-1"},"canonical":"https:\/\/www.koupeltech.com\/index.php\/produkt\/novaservis-umyvadlova-baterie-bez-vypusti-titania-cube-chrom-98801-1-0-aktualni-39510\/","og_locale":"cs_CZ","og_type":"article","og_title":"NOVASERVIS Umyvadlov\u00e1 baterie bez v\u00fdpusti Titania CUBE chrom - 98801\/1,0 Aktu\u00e1ln\u00ed -","og_description":"Kvalitn\u00ed a odoln\u00e1 keramick\u00e1 kartu\u0161e 25 mm s\u00a0prodlou\u017eenou z\u00e1rukou\u00a05\u00a0let. Prvot\u0159\u00eddn\u00ed chromov\u00e9 proveden\u00ed. Umyvadlov\u00e1 baterie bez v\u00fdpusti. Sou\u010d\u00e1st\u00ed baterie jsou p\u0159\u00edvodn\u00ed hadi\u010dky. Nov\u00fd trendy design ostr\u00fdch tvar\u016f pro n\u00e1dech moderny do va\u0161\u00ed dom\u00e1cnosti je mo\u017en\u00e1 p\u0159esn\u011b to co hled\u00e1te. Dot\u00e1hn\u011bte sv\u016fj interi\u00e9r k naprost\u00e9 dokonalosti se s\u00e9ri\u00ed TITANIA CUBE.&lt;br \/&gt;&lt;br \/&gt;Servis a\u017e k v\u00e1m dom\u016f. Ovl\u00e1d\u00e1n\u00ed [&hellip;]","og_url":"https:\/\/www.koupeltech.com\/index.php\/produkt\/novaservis-umyvadlova-baterie-bez-vypusti-titania-cube-chrom-98801-1-0-aktualni-39510\/","og_image":[{"width":1000,"height":525,"url":"https:\/\/www.koupeltech.com\/wp-content\/uploads\/2026\/SK0020359-CZ20260425-093449-0-1777080896-novaservis-umyvadlova-baterie-bez-vypusti-titania-cube-chro.webp","type":"image\/webp"}],"twitter_card":"summary_large_image","twitter_misc":{"Odhadovan\u00e1 doba \u010dten\u00ed":"1 minuta"},"schema":{"@context":"https:\/\/schema.org","@graph":[{"@type":"WebPage","@id":"https:\/\/www.koupeltech.com\/index.php\/produkt\/novaservis-umyvadlova-baterie-bez-vypusti-titania-cube-chrom-98801-1-0-aktualni-39510\/","url":"https:\/\/www.koupeltech.com\/index.php\/produkt\/novaservis-umyvadlova-baterie-bez-vypusti-titania-cube-chrom-98801-1-0-aktualni-39510\/","name":"NOVASERVIS Umyvadlov\u00e1 baterie bez v\u00fdpusti Titania CUBE chrom - 98801\/1,0 Aktu\u00e1ln\u00ed -","isPartOf":{"@id":"https:\/\/www.koupeltech.com\/#website"},"primaryImageOfPage":{"@id":"https:\/\/www.koupeltech.com\/index.php\/produkt\/novaservis-umyvadlova-baterie-bez-vypusti-titania-cube-chrom-98801-1-0-aktualni-39510\/#primaryimage"},"image":{"@id":"https:\/\/www.koupeltech.com\/index.php\/produkt\/novaservis-umyvadlova-baterie-bez-vypusti-titania-cube-chrom-98801-1-0-aktualni-39510\/#primaryimage"},"thumbnailUrl":"https:\/\/www.koupeltech.com\/wp-content\/uploads\/2026\/SK0020359-CZ20260425-093449-0-1777080896-novaservis-umyvadlova-baterie-bez-vypusti-titania-cube-chro.webp","datePublished":"2026-04-27T14:01:45+00:00","breadcrumb":{"@id":"https:\/\/www.koupeltech.com\/index.php\/produkt\/novaservis-umyvadlova-baterie-bez-vypusti-titania-cube-chrom-98801-1-0-aktualni-39510\/#breadcrumb"},"inLanguage":"cs","potentialAction":[{"@type":"ReadAction","target":["https:\/\/www.koupeltech.com\/index.php\/produkt\/novaservis-umyvadlova-baterie-bez-vypusti-titania-cube-chrom-98801-1-0-aktualni-39510\/"]}]},{"@type":"ImageObject","inLanguage":"cs","@id":"https:\/\/www.koupeltech.com\/index.php\/produkt\/novaservis-umyvadlova-baterie-bez-vypusti-titania-cube-chrom-98801-1-0-aktualni-39510\/#primaryimage","url":"https:\/\/www.koupeltech.com\/wp-content\/uploads\/2026\/SK0020359-CZ20260425-093449-0-1777080896-novaservis-umyvadlova-baterie-bez-vypusti-titania-cube-chro.webp","contentUrl":"https:\/\/www.koupeltech.com\/wp-content\/uploads\/2026\/SK0020359-CZ20260425-093449-0-1777080896-novaservis-umyvadlova-baterie-bez-vypusti-titania-cube-chro.webp","width":1000,"height":525},{"@type":"BreadcrumbList","@id":"https:\/\/www.koupeltech.com\/index.php\/produkt\/novaservis-umyvadlova-baterie-bez-vypusti-titania-cube-chrom-98801-1-0-aktualni-39510\/#breadcrumb","itemListElement":[{"@type":"ListItem","position":1,"name":"Home","item":"https:\/\/www.koupeltech.com\/"},{"@type":"ListItem","position":2,"name":"Products","item":"https:\/\/www.koupeltech.com\/index.php\/products\/"},{"@type":"ListItem","position":3,"name":"NOVASERVIS Umyvadlov\u00e1 baterie bez v\u00fdpusti Titania CUBE chrom &#8211; 98801\/1,0 Aktu\u00e1ln\u00ed"}]},{"@type":"WebSite","@id":"https:\/\/www.koupeltech.com\/#website","url":"https:\/\/www.koupeltech.com\/","name":"","description":"","potentialAction":[{"@type":"SearchAction","target":{"@type":"EntryPoint","urlTemplate":"https:\/\/www.koupeltech.com\/?s={search_term_string}"},"query-input":{"@type":"PropertyValueSpecification","valueRequired":true,"valueName":"search_term_string"}}],"inLanguage":"cs"}]}},"_links":{"self":[{"href":"https:\/\/www.koupeltech.com\/index.php\/wp-json\/wp\/v2\/product\/39510","targetHints":{"allow":["GET"]}}],"collection":[{"href":"https:\/\/www.koupeltech.com\/index.php\/wp-json\/wp\/v2\/product"}],"about":[{"href":"https:\/\/www.koupeltech.com\/index.php\/wp-json\/wp\/v2\/types\/product"}],"replies":[{"embeddable":true,"href":"https:\/\/www.koupeltech.com\/index.php\/wp-json\/wp\/v2\/comments?post=39510"}],"wp:featuredmedia":[{"embeddable":true,"href":"https:\/\/www.koupeltech.com\/index.php\/wp-json\/wp\/v2\/media\/39610"}],"wp:attachment":[{"href":"https:\/\/www.koupeltech.com\/index.php\/wp-json\/wp\/v2\/media?parent=39510"}],"wp:term":[{"taxonomy":"product_brand","embeddable":true,"href":"https:\/\/www.koupeltech.com\/index.php\/wp-json\/wp\/v2\/product_brand?post=39510"},{"taxonomy":"product_cat","embeddable":true,"href":"https:\/\/www.koupeltech.com\/index.php\/wp-json\/wp\/v2\/product_cat?post=39510"},{"taxonomy":"product_tag","embeddable":true,"href":"https:\/\/www.koupeltech.com\/index.php\/wp-json\/wp\/v2\/product_tag?post=39510"}],"curies":[{"name":"wp","href":"https:\/\/api.w.org\/{rel}","templated":true}]}}