{"id":39515,"date":"2026-04-27T14:01:45","date_gmt":"2026-04-27T14:01:45","guid":{"rendered":""},"modified":"2026-04-27T14:01:45","modified_gmt":"2026-04-27T14:01:45","slug":"profi-set-tech-wc-komplet-lyra-nejprodavanejsi-39515","status":"publish","type":"product","link":"https:\/\/www.koupeltech.com\/index.php\/produkt\/profi-set-tech-wc-komplet-lyra-nejprodavanejsi-39515\/","title":{"rendered":"PROFI-Set Tech WC komplet Lyra Nejprod\u00e1van\u011bj\u0161\u00ed"},"content":{"rendered":"<div id=\"e3681751\" class=\"pages\">\n<div>\n<div id=\"PDDescription\" class=\"UserContentView userContent v1a v1 bs-view dcon dc164 PDDescription\" ><dc-con><dc-con><bs-empty><\/bs-empty><\/dc-con><dc-con>        <\/p>\n<div class=\"customDescription\">                    <\/div>\n<p><\/dc-con><dc-con><\/p>\n<p style=\"color: #000000; text-transform: none; text-indent: 0px; letter-spacing: normal; padding-top: 0px; font-family: Arial, Verdana, Tahoma; font-size: 14px; font-style: normal; font-weight: 400; margin-top: 0px; word-spacing: 0px; white-space: normal; orphans: 2; widows: 2; background-color: #ffffff; font-variant-ligatures: normal; font-variant-caps: normal; -webkit-text-stroke-width: 0px; text-decoration-style: initial; text-decoration-color: initial;\">\u00a0<\/p>\n<p style=\"color: #000000; text-transform: none; text-indent: 0px; letter-spacing: normal; padding-top: 0px; font-family: Arial, Verdana, Tahoma; font-size: 14px; font-style: normal; font-weight: 400; margin-top: 0px; word-spacing: 0px; white-space: normal; orphans: 2; widows: 2; background-color: #ffffff; font-variant-ligatures: normal; font-variant-caps: normal; -webkit-text-stroke-width: 0px; text-decoration-style: initial; text-decoration-color: initial;\"><span style=\"font-size: 18px;\">PROFI-Set Tech WC komplet Lyra<\/span><\/p>\n<p style=\"color: #000000; text-transform: none; text-indent: 0px; letter-spacing: normal; padding-top: 0px; font-family: Arial, Verdana, Tahoma; font-size: 14px; font-style: normal; font-weight: 400; margin-top: 0px; word-spacing: 0px; white-space: normal; orphans: 2; widows: 2; background-color: #ffffff; font-variant-ligatures: normal; font-variant-caps: normal; -webkit-text-stroke-width: 0px; text-decoration-style: initial; text-decoration-color: initial;\">Podom\u00edtkov\u00fd instala\u010dn\u00ed je ur\u010den pro mont\u00e1\u017e p\u0159ed st\u011bnou pro zazd\u011bn\u00ed nebo obezd\u011bn\u00ed.\u00a0<br \/>Modul se skl\u00e1d\u00e1 z n\u00e1sleduj\u00edc\u00edch prvk\u016f:\u00a0<\/p>\n<ul style=\"color: #0e1b48; text-transform: none; text-indent: 0px; letter-spacing: normal; font-family: 'Open Sans', sans-serif; font-size: 14px; font-style: normal; font-weight: 400; word-spacing: 0px; white-space: normal; orphans: 2; widows: 2; background-color: #ffffff; font-variant-ligatures: normal; font-variant-caps: normal; -webkit-text-stroke-width: 0px; text-decoration-style: initial; text-decoration-color: initial;\">\n<li style=\"font-family: 'Open Sans', sans-serif;\">pozinkovan\u00fd instala\u010dn\u00ed modul ve tvaru U s upevn\u011bn\u00edm reguluj\u00edc\u00edm hloubku<\/li>\n<li style=\"font-family: 'Open Sans', sans-serif;\">armatura s funkc\u00ed Start\/Stop a dvojit\u00fdm splachov\u00e1n\u00edm\u00a0<\/li>\n<li style=\"font-family: 'Open Sans', sans-serif;\">kryt inspek\u010dn\u00edho otvoru<\/li>\n<li style=\"font-family: 'Open Sans', sans-serif;\">izolace proti rosen\u00ed\u00a0<\/li>\n<li style=\"font-family: 'Open Sans', sans-serif;\">\u00fahlov\u00fd ventil 1\/2&#8243;<\/li>\n<li style=\"font-family: 'Open Sans', sans-serif;\">odtokov\u00e9 koleno PE DN 90\/110<\/li>\n<li style=\"font-family: 'Open Sans', sans-serif;\">v\u00fdpustn\u00e9 koleno PE DN 90\/90<\/li>\n<li style=\"font-family: 'Open Sans', sans-serif;\">p\u0159ipojovac\u00ed sada WC<\/li>\n<li style=\"font-family: 'Open Sans', sans-serif;\">upev\u0148ovac\u00ed materi\u00e1l<\/li>\n<\/ul>\n<p style=\"color: #000000; text-transform: none; text-indent: 0px; letter-spacing: normal; padding-top: 0px; font-family: Arial, Verdana, Tahoma; font-size: 14px; font-style: normal; font-weight: 400; margin-top: 0px; word-spacing: 0px; white-space: normal; orphans: 2; widows: 2; background-color: #ffffff; font-variant-ligatures: normal; font-variant-caps: normal; -webkit-text-stroke-width: 0px; text-decoration-style: initial; text-decoration-color: initial;\"><strong>LYRAplus WC z\u00e1v\u011bsn\u00fd<\/strong><\/p>\n<p style=\"color: #000000; text-transform: none; text-indent: 0px; letter-spacing: normal; padding-top: 0px; font-family: Arial, Verdana, Tahoma; font-size: 14px; font-style: normal; font-weight: 400; margin-top: 0px; word-spacing: 0px; white-space: normal; orphans: 2; widows: 2; background-color: #ffffff; font-variant-ligatures: normal; font-variant-caps: normal; -webkit-text-stroke-width: 0px; text-decoration-style: initial; text-decoration-color: initial;\">&#8211; z\u00e1v\u011bsn\u00fd klozet<br \/>&#8211; hlubok\u00e9 splachov\u00e1n\u00ed<\/p>\n<p style=\"color: #000000; text-transform: none; text-indent: 0px; letter-spacing: normal; padding-top: 0px; font-family: Arial, Verdana, Tahoma; font-size: 14px; font-style: normal; font-weight: 400; margin-top: 0px; word-spacing: 0px; white-space: normal; orphans: 2; widows: 2; background-color: #ffffff; font-variant-ligatures: normal; font-variant-caps: normal; -webkit-text-stroke-width: 0px; text-decoration-style: initial; text-decoration-color: initial;\">Z\u00e1v\u011bsn\u00fd klozet vy\u017eaduje dostate\u010dn\u011b nosnou st\u011bnu a nelze jej p\u0159ipojit na svisl\u00fd odpad, co\u017e je nutn\u00e9 zohlednit ji\u017e p\u0159ed zapo\u010det\u00edm stavebn\u00edch prac\u00ed. Jeho vzhled je ale maximaln\u011b \u010dist\u00fd a jeho okoli se velmi snadno udr\u017euje v \u010distot\u011b. U novostaveb, kde je mo\u017en\u00e9 splachovac\u00ed n\u00e1dr\u017eku vlo\u017eit do niky masivn\u00ed st\u011bny, dojde pou\u017eit\u00edm z\u00e1v\u011bsn\u00e9 verze klozetu k \u00faspo\u0159e m\u00edsta v koupeln\u011b. Nap\u0159\u00edklad u panelov\u00fdch dom\u016f je ale pot\u0159eba db\u00e1t na nosnost st\u011bn, pop\u0159. pou\u017eit podom\u00edtkov\u00fd modul Jika \u2013 typ ZKRP, kter\u00fd je ur\u010den specialn\u011b do bytov\u00e9ho j\u00e1dra. Na z\u00e1v\u011bsn\u00fd klozet s\u00e9rie Lyra plus poskytujeme prodlou\u017eenou 10 letou z\u00e1ruku. Pozor: ke ka\u017ed\u00e9mu klozetu je pot\u0159eba objednat sed\u00e1tko s poklopem zvl\u00e1\u0161\u0165.<\/p>\n<p style=\"color: #000000; text-transform: none; text-indent: 0px; letter-spacing: normal; padding-top: 0px; font-family: Arial, Verdana, Tahoma; font-size: 14px; font-style: normal; font-weight: 400; margin-top: 0px; word-spacing: 0px; white-space: normal; orphans: 2; widows: 2; background-color: #ffffff; font-variant-ligatures: normal; font-variant-caps: normal; -webkit-text-stroke-width: 0px; text-decoration-style: initial; text-decoration-color: initial;\">\u00a0<\/p>\n<p style=\"color: #000000; text-transform: none; text-indent: 0px; letter-spacing: normal; padding-top: 0px; padding-bottom: 0px; font-family: Arial, Verdana, Tahoma; font-size: 14px; font-style: normal; font-weight: 400; margin-top: 0px; margin-bottom: 0px; word-spacing: 0px; white-space: normal; orphans: 2; widows: 2; background-color: #ffffff; font-variant-ligatures: normal; font-variant-caps: normal; -webkit-text-stroke-width: 0px; text-decoration-style: initial; text-decoration-color: initial;\"><strong><span style=\"color: #ff0000;\">Sed\u00e1tko nen\u00ed sou\u010d\u00e1st\u00ed dod\u00e1vky! Nutno objednat zvl\u00e1\u0161\u0165.<\/span><\/strong><\/p>\n<p><\/dc-con><\/dc-con><\/div>\n<\/p><\/div>\n<div id=\"PDTable3\" class=\"ProductDetailTableView v3a v3 bs-view dcon dc185 PDTable3\" >\n<table>\n<thead><\/thead>\n<tbody>\n<tr class=\"attribute attr_typ\">\n<td class=\"caption\">Typ<\/td>\n<td class=\"value\">k zazd\u011bn\u00ed<\/td>\n<\/tr>\n<tr class=\"attribute attr_kategorie\">\n<td class=\"caption\">Kategorie<\/td>\n<td class=\"value\">WC set<\/td>\n<\/tr>\n<tr class=\"attribute attr_bsshop_maker\">\n<td class=\"caption\">V\u00fdrobce<\/td>\n<td class=\"value\">PROFI<\/td>\n<\/tr>\n<tr class=\"weight\">\n<td class=\"caption\"><span>Hmotnost<\/span><\/td>\n<td class=\"value\"><span>24,00 kg<\/span><\/td>\n<\/tr>\n<\/tbody>\n<\/table>\n<\/div>\n<\/div>\n<div id=\"e3681752\" class=\"tabs\">\n","protected":false},"excerpt":{"rendered":"<p>\u00a0 PROFI-Set Tech WC komplet Lyra Podom\u00edtkov\u00fd instala\u010dn\u00ed je ur\u010den pro mont\u00e1\u017e p\u0159ed st\u011bnou pro zazd\u011bn\u00ed nebo obezd\u011bn\u00ed.\u00a0Modul se skl\u00e1d\u00e1 z n\u00e1sleduj\u00edc\u00edch prvk\u016f:\u00a0 pozinkovan\u00fd instala\u010dn\u00ed modul ve tvaru U s upevn\u011bn\u00edm reguluj\u00edc\u00edm hloubku armatura s funkc\u00ed Start\/Stop a dvojit\u00fdm splachov\u00e1n\u00edm\u00a0 kryt inspek\u010dn\u00edho otvoru izolace proti rosen\u00ed\u00a0 \u00fahlov\u00fd ventil 1\/2&#8243; odtokov\u00e9 koleno PE DN 90\/110 v\u00fdpustn\u00e9 [&hellip;]<\/p>\n","protected":false},"featured_media":39615,"comment_status":"open","ping_status":"open","template":"","meta":[],"product_brand":[],"product_cat":[94],"product_tag":[],"class_list":{"0":"post-39515","1":"product","2":"type-product","3":"status-publish","4":"has-post-thumbnail","6":"product_cat-vybaven-237-koupelny","8":"first","9":"instock","10":"sale","11":"shipping-taxable","12":"purchasable","13":"product-type-simple"},"yoast_head":"<!-- This site is optimized with the Yoast SEO plugin v26.8 - https:\/\/yoast.com\/product\/yoast-seo-wordpress\/ -->\n<title>PROFI-Set Tech WC komplet Lyra Nejprod\u00e1van\u011bj\u0161\u00ed -<\/title>\n<meta name=\"robots\" content=\"index, follow, max-snippet:-1, max-image-preview:large, max-video-preview:-1\" \/>\n<link rel=\"canonical\" href=\"https:\/\/www.koupeltech.com\/index.php\/produkt\/profi-set-tech-wc-komplet-lyra-nejprodavanejsi-39515\/\" \/>\n<meta property=\"og:locale\" content=\"cs_CZ\" \/>\n<meta property=\"og:type\" content=\"article\" \/>\n<meta property=\"og:title\" content=\"PROFI-Set Tech WC komplet Lyra Nejprod\u00e1van\u011bj\u0161\u00ed -\" \/>\n<meta property=\"og:description\" content=\"\u00a0 PROFI-Set Tech WC komplet Lyra Podom\u00edtkov\u00fd instala\u010dn\u00ed je ur\u010den pro mont\u00e1\u017e p\u0159ed st\u011bnou pro zazd\u011bn\u00ed nebo obezd\u011bn\u00ed.\u00a0Modul se skl\u00e1d\u00e1 z n\u00e1sleduj\u00edc\u00edch prvk\u016f:\u00a0 pozinkovan\u00fd instala\u010dn\u00ed modul ve tvaru U s upevn\u011bn\u00edm reguluj\u00edc\u00edm hloubku armatura s funkc\u00ed Start\/Stop a dvojit\u00fdm splachov\u00e1n\u00edm\u00a0 kryt inspek\u010dn\u00edho otvoru izolace proti rosen\u00ed\u00a0 \u00fahlov\u00fd ventil 1\/2&#8243; odtokov\u00e9 koleno PE DN 90\/110 v\u00fdpustn\u00e9 [&hellip;]\" \/>\n<meta property=\"og:url\" content=\"https:\/\/www.koupeltech.com\/index.php\/produkt\/profi-set-tech-wc-komplet-lyra-nejprodavanejsi-39515\/\" \/>\n<meta property=\"og:image\" content=\"https:\/\/www.koupeltech.com\/wp-content\/uploads\/2026\/SK0020364-CZ20260425-093449-0-1777080896-profi-set-tech-wc-komplet-lyra.webp\" \/>\n\t<meta property=\"og:image:width\" content=\"1000\" \/>\n\t<meta property=\"og:image:height\" content=\"525\" \/>\n\t<meta property=\"og:image:type\" content=\"image\/webp\" \/>\n<meta name=\"twitter:card\" content=\"summary_large_image\" \/>\n<meta name=\"twitter:label1\" content=\"Odhadovan\u00e1 doba \u010dten\u00ed\" \/>\n\t<meta name=\"twitter:data1\" content=\"1 minuta\" \/>\n<script type=\"application\/ld+json\" class=\"yoast-schema-graph\">{\"@context\":\"https:\/\/schema.org\",\"@graph\":[{\"@type\":\"WebPage\",\"@id\":\"https:\/\/www.koupeltech.com\/index.php\/produkt\/profi-set-tech-wc-komplet-lyra-nejprodavanejsi-39515\/\",\"url\":\"https:\/\/www.koupeltech.com\/index.php\/produkt\/profi-set-tech-wc-komplet-lyra-nejprodavanejsi-39515\/\",\"name\":\"PROFI-Set Tech WC komplet Lyra Nejprod\u00e1van\u011bj\u0161\u00ed -\",\"isPartOf\":{\"@id\":\"https:\/\/www.koupeltech.com\/#website\"},\"primaryImageOfPage\":{\"@id\":\"https:\/\/www.koupeltech.com\/index.php\/produkt\/profi-set-tech-wc-komplet-lyra-nejprodavanejsi-39515\/#primaryimage\"},\"image\":{\"@id\":\"https:\/\/www.koupeltech.com\/index.php\/produkt\/profi-set-tech-wc-komplet-lyra-nejprodavanejsi-39515\/#primaryimage\"},\"thumbnailUrl\":\"https:\/\/www.koupeltech.com\/wp-content\/uploads\/2026\/SK0020364-CZ20260425-093449-0-1777080896-profi-set-tech-wc-komplet-lyra.webp\",\"datePublished\":\"2026-04-27T14:01:45+00:00\",\"breadcrumb\":{\"@id\":\"https:\/\/www.koupeltech.com\/index.php\/produkt\/profi-set-tech-wc-komplet-lyra-nejprodavanejsi-39515\/#breadcrumb\"},\"inLanguage\":\"cs\",\"potentialAction\":[{\"@type\":\"ReadAction\",\"target\":[\"https:\/\/www.koupeltech.com\/index.php\/produkt\/profi-set-tech-wc-komplet-lyra-nejprodavanejsi-39515\/\"]}]},{\"@type\":\"ImageObject\",\"inLanguage\":\"cs\",\"@id\":\"https:\/\/www.koupeltech.com\/index.php\/produkt\/profi-set-tech-wc-komplet-lyra-nejprodavanejsi-39515\/#primaryimage\",\"url\":\"https:\/\/www.koupeltech.com\/wp-content\/uploads\/2026\/SK0020364-CZ20260425-093449-0-1777080896-profi-set-tech-wc-komplet-lyra.webp\",\"contentUrl\":\"https:\/\/www.koupeltech.com\/wp-content\/uploads\/2026\/SK0020364-CZ20260425-093449-0-1777080896-profi-set-tech-wc-komplet-lyra.webp\",\"width\":1000,\"height\":525},{\"@type\":\"BreadcrumbList\",\"@id\":\"https:\/\/www.koupeltech.com\/index.php\/produkt\/profi-set-tech-wc-komplet-lyra-nejprodavanejsi-39515\/#breadcrumb\",\"itemListElement\":[{\"@type\":\"ListItem\",\"position\":1,\"name\":\"Home\",\"item\":\"https:\/\/www.koupeltech.com\/\"},{\"@type\":\"ListItem\",\"position\":2,\"name\":\"Products\",\"item\":\"https:\/\/www.koupeltech.com\/index.php\/products\/\"},{\"@type\":\"ListItem\",\"position\":3,\"name\":\"PROFI-Set Tech WC komplet Lyra Nejprod\u00e1van\u011bj\u0161\u00ed\"}]},{\"@type\":\"WebSite\",\"@id\":\"https:\/\/www.koupeltech.com\/#website\",\"url\":\"https:\/\/www.koupeltech.com\/\",\"name\":\"\",\"description\":\"\",\"potentialAction\":[{\"@type\":\"SearchAction\",\"target\":{\"@type\":\"EntryPoint\",\"urlTemplate\":\"https:\/\/www.koupeltech.com\/?s={search_term_string}\"},\"query-input\":{\"@type\":\"PropertyValueSpecification\",\"valueRequired\":true,\"valueName\":\"search_term_string\"}}],\"inLanguage\":\"cs\"}]}<\/script>\n<!-- \/ Yoast SEO plugin. -->","yoast_head_json":{"title":"PROFI-Set Tech WC komplet Lyra Nejprod\u00e1van\u011bj\u0161\u00ed -","robots":{"index":"index","follow":"follow","max-snippet":"max-snippet:-1","max-image-preview":"max-image-preview:large","max-video-preview":"max-video-preview:-1"},"canonical":"https:\/\/www.koupeltech.com\/index.php\/produkt\/profi-set-tech-wc-komplet-lyra-nejprodavanejsi-39515\/","og_locale":"cs_CZ","og_type":"article","og_title":"PROFI-Set Tech WC komplet Lyra Nejprod\u00e1van\u011bj\u0161\u00ed -","og_description":"\u00a0 PROFI-Set Tech WC komplet Lyra Podom\u00edtkov\u00fd instala\u010dn\u00ed je ur\u010den pro mont\u00e1\u017e p\u0159ed st\u011bnou pro zazd\u011bn\u00ed nebo obezd\u011bn\u00ed.\u00a0Modul se skl\u00e1d\u00e1 z n\u00e1sleduj\u00edc\u00edch prvk\u016f:\u00a0 pozinkovan\u00fd instala\u010dn\u00ed modul ve tvaru U s upevn\u011bn\u00edm reguluj\u00edc\u00edm hloubku armatura s funkc\u00ed Start\/Stop a dvojit\u00fdm splachov\u00e1n\u00edm\u00a0 kryt inspek\u010dn\u00edho otvoru izolace proti rosen\u00ed\u00a0 \u00fahlov\u00fd ventil 1\/2&#8243; odtokov\u00e9 koleno PE DN 90\/110 v\u00fdpustn\u00e9 [&hellip;]","og_url":"https:\/\/www.koupeltech.com\/index.php\/produkt\/profi-set-tech-wc-komplet-lyra-nejprodavanejsi-39515\/","og_image":[{"width":1000,"height":525,"url":"https:\/\/www.koupeltech.com\/wp-content\/uploads\/2026\/SK0020364-CZ20260425-093449-0-1777080896-profi-set-tech-wc-komplet-lyra.webp","type":"image\/webp"}],"twitter_card":"summary_large_image","twitter_misc":{"Odhadovan\u00e1 doba \u010dten\u00ed":"1 minuta"},"schema":{"@context":"https:\/\/schema.org","@graph":[{"@type":"WebPage","@id":"https:\/\/www.koupeltech.com\/index.php\/produkt\/profi-set-tech-wc-komplet-lyra-nejprodavanejsi-39515\/","url":"https:\/\/www.koupeltech.com\/index.php\/produkt\/profi-set-tech-wc-komplet-lyra-nejprodavanejsi-39515\/","name":"PROFI-Set Tech WC komplet Lyra Nejprod\u00e1van\u011bj\u0161\u00ed -","isPartOf":{"@id":"https:\/\/www.koupeltech.com\/#website"},"primaryImageOfPage":{"@id":"https:\/\/www.koupeltech.com\/index.php\/produkt\/profi-set-tech-wc-komplet-lyra-nejprodavanejsi-39515\/#primaryimage"},"image":{"@id":"https:\/\/www.koupeltech.com\/index.php\/produkt\/profi-set-tech-wc-komplet-lyra-nejprodavanejsi-39515\/#primaryimage"},"thumbnailUrl":"https:\/\/www.koupeltech.com\/wp-content\/uploads\/2026\/SK0020364-CZ20260425-093449-0-1777080896-profi-set-tech-wc-komplet-lyra.webp","datePublished":"2026-04-27T14:01:45+00:00","breadcrumb":{"@id":"https:\/\/www.koupeltech.com\/index.php\/produkt\/profi-set-tech-wc-komplet-lyra-nejprodavanejsi-39515\/#breadcrumb"},"inLanguage":"cs","potentialAction":[{"@type":"ReadAction","target":["https:\/\/www.koupeltech.com\/index.php\/produkt\/profi-set-tech-wc-komplet-lyra-nejprodavanejsi-39515\/"]}]},{"@type":"ImageObject","inLanguage":"cs","@id":"https:\/\/www.koupeltech.com\/index.php\/produkt\/profi-set-tech-wc-komplet-lyra-nejprodavanejsi-39515\/#primaryimage","url":"https:\/\/www.koupeltech.com\/wp-content\/uploads\/2026\/SK0020364-CZ20260425-093449-0-1777080896-profi-set-tech-wc-komplet-lyra.webp","contentUrl":"https:\/\/www.koupeltech.com\/wp-content\/uploads\/2026\/SK0020364-CZ20260425-093449-0-1777080896-profi-set-tech-wc-komplet-lyra.webp","width":1000,"height":525},{"@type":"BreadcrumbList","@id":"https:\/\/www.koupeltech.com\/index.php\/produkt\/profi-set-tech-wc-komplet-lyra-nejprodavanejsi-39515\/#breadcrumb","itemListElement":[{"@type":"ListItem","position":1,"name":"Home","item":"https:\/\/www.koupeltech.com\/"},{"@type":"ListItem","position":2,"name":"Products","item":"https:\/\/www.koupeltech.com\/index.php\/products\/"},{"@type":"ListItem","position":3,"name":"PROFI-Set Tech WC komplet Lyra Nejprod\u00e1van\u011bj\u0161\u00ed"}]},{"@type":"WebSite","@id":"https:\/\/www.koupeltech.com\/#website","url":"https:\/\/www.koupeltech.com\/","name":"","description":"","potentialAction":[{"@type":"SearchAction","target":{"@type":"EntryPoint","urlTemplate":"https:\/\/www.koupeltech.com\/?s={search_term_string}"},"query-input":{"@type":"PropertyValueSpecification","valueRequired":true,"valueName":"search_term_string"}}],"inLanguage":"cs"}]}},"_links":{"self":[{"href":"https:\/\/www.koupeltech.com\/index.php\/wp-json\/wp\/v2\/product\/39515","targetHints":{"allow":["GET"]}}],"collection":[{"href":"https:\/\/www.koupeltech.com\/index.php\/wp-json\/wp\/v2\/product"}],"about":[{"href":"https:\/\/www.koupeltech.com\/index.php\/wp-json\/wp\/v2\/types\/product"}],"replies":[{"embeddable":true,"href":"https:\/\/www.koupeltech.com\/index.php\/wp-json\/wp\/v2\/comments?post=39515"}],"wp:featuredmedia":[{"embeddable":true,"href":"https:\/\/www.koupeltech.com\/index.php\/wp-json\/wp\/v2\/media\/39615"}],"wp:attachment":[{"href":"https:\/\/www.koupeltech.com\/index.php\/wp-json\/wp\/v2\/media?parent=39515"}],"wp:term":[{"taxonomy":"product_brand","embeddable":true,"href":"https:\/\/www.koupeltech.com\/index.php\/wp-json\/wp\/v2\/product_brand?post=39515"},{"taxonomy":"product_cat","embeddable":true,"href":"https:\/\/www.koupeltech.com\/index.php\/wp-json\/wp\/v2\/product_cat?post=39515"},{"taxonomy":"product_tag","embeddable":true,"href":"https:\/\/www.koupeltech.com\/index.php\/wp-json\/wp\/v2\/product_tag?post=39515"}],"curies":[{"name":"wp","href":"https:\/\/api.w.org\/{rel}","templated":true}]}}