{"id":39519,"date":"2026-04-27T14:01:45","date_gmt":"2026-04-27T14:01:45","guid":{"rendered":""},"modified":"2026-04-27T14:01:45","modified_gmt":"2026-04-27T14:01:45","slug":"vikendova-akce-geberit-eco-wc-komplet-rimoff-39519","status":"publish","type":"product","link":"https:\/\/www.koupeltech.com\/index.php\/produkt\/vikendova-akce-geberit-eco-wc-komplet-rimoff-39519\/","title":{"rendered":"V\u00edkendov\u00e1 Akce Geberit Eco WC komplet RimOff"},"content":{"rendered":"<div id=\"e4141604\" class=\"pages\">\n<div>\n<div id=\"PDDescription\" class=\"UserContentView userContent v1a v1 bs-view dcon dc164 PDDescription\" ><dc-con><dc-con><bs-empty><\/bs-empty><\/dc-con><dc-con>        <\/p>\n<div class=\"customDescription\">                    <\/div>\n<p><\/dc-con><dc-con><\/p>\n<p><strong><span style=\"color: #4b4b4b; text-transform: none; text-indent: 0px; letter-spacing: normal; font-family: 'Open Sans', sans-serif; font-size: 14px; font-style: normal; word-spacing: 0px; float: none; display: inline !important; white-space: normal; orphans: 2; widows: 2; background-color: #ffffff; font-variant-ligatures: normal; font-variant-caps: normal; -webkit-text-stroke-width: 0px; text-decoration-style: initial; text-decoration-color: initial;\">Geberit ECO\u00a0pro z\u00e1v\u011bsn\u00e9 WC s m\u00edsou RAVAK UNI RimOFF<\/span><\/strong><\/p>\n<p><span style=\"color: #4b4b4b; text-transform: none; text-indent: 0px; letter-spacing: normal; font-family: 'Open Sans', sans-serif; font-size: 14px; font-style: normal; font-weight: 400; word-spacing: 0px; float: none; display: inline !important; white-space: normal; orphans: 2; widows: 2; background-color: #ffffff; font-variant-ligatures: normal; font-variant-caps: normal; -webkit-text-stroke-width: 0px; text-decoration-style: initial; text-decoration-color: initial;\"><strong>\u00da\u010dely pou\u017eit<\/strong>\u00ed <\/span><\/p>\n<p><span style=\"color: #4b4b4b; text-transform: none; text-indent: 0px; letter-spacing: normal; font-family: 'Open Sans', sans-serif; font-size: 14px; font-style: normal; font-weight: 400; word-spacing: 0px; float: none; display: inline !important; white-space: normal; orphans: 2; widows: 2; background-color: #ffffff; font-variant-ligatures: normal; font-variant-caps: normal; -webkit-text-stroke-width: 0px; text-decoration-style: initial; text-decoration-color: initial;\">\u2022 Pro zd\u011bn\u00e9 st\u011bny <br \/>\u2022 K mont\u00e1\u017ei do p\u0159edst\u011bnov\u00fdch instalac\u00ed \u010d\u00e1ste\u010dn\u011b vysok\u00fdch nebo vysok\u00fdch na v\u00fd\u0161ku m\u00edstnosti <br \/>\u2022 Pro z\u00e1v\u011bsn\u00e1 WC s p\u0159ipojovac\u00edmi rozm\u011bry podle EN 33:2011 <br \/>\u2022 Pro 1 mno\u017estv\u00ed splachov\u00e1n\u00ed, 2 mno\u017estv\u00ed splachov\u00e1n\u00ed nebo splachov\u00e1n\u00ed Start\/Stop <\/p>\n<p><strong>Vlastnosti <\/strong><\/span><\/p>\n<p><span style=\"color: #4b4b4b; text-transform: none; text-indent: 0px; letter-spacing: normal; font-family: 'Open Sans', sans-serif; font-size: 14px; font-style: normal; font-weight: 400; word-spacing: 0px; float: none; display: inline !important; white-space: normal; orphans: 2; widows: 2; background-color: #ffffff; font-variant-ligatures: normal; font-variant-caps: normal; -webkit-text-stroke-width: 0px; text-decoration-style: initial; text-decoration-color: initial;\">\u2022 Mont\u00e1\u017en\u00ed r\u00e1m s pr\u00e1\u0161kovou barvou <br \/>\u2022 Mont\u00e1\u017en\u00ed r\u00e1m se \u010dty\u0159mi upev\u0148ovac\u00edmi \u00faheln\u00edky <br \/>\u2022 P\u0159ipojovac\u00ed koleno k mont\u00e1\u017ei bez n\u00e1\u0159ad\u00ed <br \/>\u2022 Upevn\u011bn\u00ed p\u0159ipojovac\u00edho kolena lze instalovat zep\u0159edu bez n\u00e1\u0159ad\u00ed <br \/>\u2022 Splachovac\u00ed n\u00e1dr\u017eka pod om\u00edtku s ovl\u00e1d\u00e1n\u00edm zep\u0159edu <br \/>\u2022 Splachovac\u00ed n\u00e1dr\u017eka pod om\u00edtku izolovan\u00e1 proti orosov\u00e1n\u00ed <br \/>\u2022 U nastaven\u00ed z v\u00fdroby je mo\u017en\u00e9 okam\u017eit\u00e9 dodate\u010dn\u00e9 spl\u00e1chnut\u00ed <br \/>\u2022 Mont\u00e1\u017en\u00ed a servisn\u00ed pr\u00e1ce na splachovac\u00ed n\u00e1dr\u017ece pod om\u00edtku bez n\u00e1\u0159ad\u00ed <br \/>\u2022 P\u0159\u00edvod vody vzadu nebo naho\u0159e uprost\u0159ed <br \/>\u2022 Kryt pro hrubou mont\u00e1\u017e pro servisn\u00ed otvor chr\u00e1n\u00ed p\u0159ed vlhkost\u00ed a ne\u010distotami <br \/>\u2022 Kryt pro hrubou mont\u00e1\u017e pro servisn\u00ed otvor s mo\u017enost\u00ed zkr\u00e1cen\u00ed <br \/>\u2022 Vybaven trubkovou chr\u00e1ni\u010dkou pro p\u0159\u00edvodn\u00ed potrub\u00ed k p\u0159ipojen\u00ed sprchovac\u00edch WC Geberit AquaClean <br \/>\u2022 S mo\u017enost\u00ed upevn\u011bn\u00ed pro p\u0159\u00edvod elekt\u0159iny Rozsah dod\u00e1vky <br \/>\u2022 P\u0159\u00edvod vody R 1\/2\u201c, vhodn\u00fd pro MF, s integrovan\u00fdm rohov\u00fdm ventilem a ru\u010dn\u00edm ovl\u00e1dac\u00edm kole\u010dkem <br \/>\u2022 Kryt pro hrubou mont\u00e1\u017e pro servisn\u00ed otvor <br \/>\u2022 P\u0159ipojovac\u00ed souprava pro WC, \u00f8 90 mm <br \/>\u2022 P\u0159ipojovac\u00ed koleno \u00f8 90 \/ 110 mm <br \/>\u2022 2 ochrann\u00e9 z\u00e1tky <br \/>\u2022 2 z\u00e1vitov\u00e9 ty\u010de M12 <br \/>\u2022 Upev\u0148ovac\u00ed materi\u00e1l<\/span><\/p>\n<p><strong>WC Ravak RimOff <\/strong><\/p>\n<p>Toalety RimOff zcela postr\u00e1daj\u00ed oplachov\u00fd lem, kter\u00fd p\u0159edstavuje potenci\u00e1ln\u00ed riziko usazov\u00e1n\u00ed ne\u010distot. Bez oplachov\u00e9ho lemu uvnit\u0159 toaletn\u00ed m\u00edsy nevznikaj\u00ed \u017e\u00e1dn\u00e9 nedostupn\u00e9 skr\u00fd\u0161e, toaletn\u00ed m\u00edsa je dokonale hladk\u00e1, p\u0159ehledn\u00e1 a ne\u010distoty nemaj\u00ed kde ulp\u00edvat. Speci\u00e1ln\u00ed konstrukce toalety umo\u017e\u0148uje precizn\u00ed oplach pouh\u00fdm proudem vody bez nutnosti do\u010di\u0161\u0165ov\u00e1n\u00ed. Ide\u00e1ln\u00ed \u0159e\u0161en\u00ed pro ty, kte\u0159\u00ed dbaj\u00ed na perfektn\u00ed \u010distotu, hygienu a snadnou \u00fadr\u017ebu. D\u00edky zav\u011b\u0161en\u00ed na st\u011bnu usnad\u0148uje WC RimOff \u00faklid na podlaze koupelny \u010di toaletn\u00ed m\u00edstnosti. M\u00edsta mont\u00e1\u017ee jsou na m\u00edse skryt\u00e1 tak, aby neru\u0161ila jej\u00ed \u010dist\u00fd a celistv\u00fd design. Bez hran a z\u00e1hyb\u016f, kde by se mohly usazovat ne\u010distoty.<\/p>\n<ul>\n<li>rozm\u011bry (\u0161\/h\/v): 353 x 510 x 342 mm<\/li>\n<li>materi\u00e1l: jednolit\u00e1 keramika, glazura bez nutnosti dodate\u010dn\u00fdch povrchov\u00fdch \u00faprav<\/li>\n<li>EasyFix &#8211; neviditeln\u00fd syst\u00e9m uchycen\u00ed<\/li>\n<li>z\u00e1ruka: 10 let<\/li>\n<\/ul>\n<p><\/dc-con><\/dc-con><\/div>\n<\/p><\/div>\n<div id=\"PDTable3\" class=\"ProductDetailTableView v3a v3 bs-view dcon dc185 PDTable3\" >\n<table>\n<thead><\/thead>\n<tbody>\n<tr class=\"attribute attr_typ\">\n<td class=\"caption\">Typ<\/td>\n<td class=\"value\">k zazd\u011bn\u00ed<\/td>\n<\/tr>\n<tr class=\"attribute attr_kategorie\">\n<td class=\"caption\">Kategorie<\/td>\n<td class=\"value\">WC set<\/td>\n<\/tr>\n<tr class=\"attribute attr_bsshop_maker\">\n<td class=\"caption\">V\u00fdrobce<\/td>\n<td class=\"value\">Geberit<\/td>\n<\/tr>\n<tr class=\"weight\">\n<td class=\"caption\"><span>Hmotnost<\/span><\/td>\n<td class=\"value\"><span>34,20 kg<\/span><\/td>\n<\/tr>\n<\/tbody>\n<\/table>\n<\/div>\n<\/div>\n<div id=\"e4141605\" class=\"tabs\">\n","protected":false},"excerpt":{"rendered":"<p>Geberit ECO\u00a0pro z\u00e1v\u011bsn\u00e9 WC s m\u00edsou RAVAK UNI RimOFF \u00da\u010dely pou\u017eit\u00ed \u2022 Pro zd\u011bn\u00e9 st\u011bny \u2022 K mont\u00e1\u017ei do p\u0159edst\u011bnov\u00fdch instalac\u00ed \u010d\u00e1ste\u010dn\u011b vysok\u00fdch nebo vysok\u00fdch na v\u00fd\u0161ku m\u00edstnosti \u2022 Pro z\u00e1v\u011bsn\u00e1 WC s p\u0159ipojovac\u00edmi rozm\u011bry podle EN 33:2011 \u2022 Pro 1 mno\u017estv\u00ed splachov\u00e1n\u00ed, 2 mno\u017estv\u00ed splachov\u00e1n\u00ed nebo splachov\u00e1n\u00ed Start\/Stop Vlastnosti \u2022 Mont\u00e1\u017en\u00ed r\u00e1m s pr\u00e1\u0161kovou [&hellip;]<\/p>\n","protected":false},"featured_media":39619,"comment_status":"open","ping_status":"open","template":"","meta":[],"product_brand":[],"product_cat":[94],"product_tag":[],"class_list":{"0":"post-39519","1":"product","2":"type-product","3":"status-publish","4":"has-post-thumbnail","6":"product_cat-vybaven-237-koupelny","8":"first","9":"instock","10":"sale","11":"shipping-taxable","12":"purchasable","13":"product-type-simple"},"yoast_head":"<!-- This site is optimized with the Yoast SEO plugin v26.8 - https:\/\/yoast.com\/product\/yoast-seo-wordpress\/ -->\n<title>V\u00edkendov\u00e1 Akce Geberit Eco WC komplet RimOff -<\/title>\n<meta name=\"robots\" content=\"index, follow, max-snippet:-1, max-image-preview:large, max-video-preview:-1\" \/>\n<link rel=\"canonical\" href=\"https:\/\/www.koupeltech.com\/index.php\/produkt\/vikendova-akce-geberit-eco-wc-komplet-rimoff-39519\/\" \/>\n<meta property=\"og:locale\" content=\"cs_CZ\" \/>\n<meta property=\"og:type\" content=\"article\" \/>\n<meta property=\"og:title\" content=\"V\u00edkendov\u00e1 Akce Geberit Eco WC komplet RimOff -\" \/>\n<meta property=\"og:description\" content=\"Geberit ECO\u00a0pro z\u00e1v\u011bsn\u00e9 WC s m\u00edsou RAVAK UNI RimOFF \u00da\u010dely pou\u017eit\u00ed \u2022 Pro zd\u011bn\u00e9 st\u011bny \u2022 K mont\u00e1\u017ei do p\u0159edst\u011bnov\u00fdch instalac\u00ed \u010d\u00e1ste\u010dn\u011b vysok\u00fdch nebo vysok\u00fdch na v\u00fd\u0161ku m\u00edstnosti \u2022 Pro z\u00e1v\u011bsn\u00e1 WC s p\u0159ipojovac\u00edmi rozm\u011bry podle EN 33:2011 \u2022 Pro 1 mno\u017estv\u00ed splachov\u00e1n\u00ed, 2 mno\u017estv\u00ed splachov\u00e1n\u00ed nebo splachov\u00e1n\u00ed Start\/Stop Vlastnosti \u2022 Mont\u00e1\u017en\u00ed r\u00e1m s pr\u00e1\u0161kovou [&hellip;]\" \/>\n<meta property=\"og:url\" content=\"https:\/\/www.koupeltech.com\/index.php\/produkt\/vikendova-akce-geberit-eco-wc-komplet-rimoff-39519\/\" \/>\n<meta property=\"og:image\" content=\"https:\/\/www.koupeltech.com\/wp-content\/uploads\/2026\/SK0020368-CZ20260425-093449-0-1777080896-geberit-eco-wc-komplet-rimoff.webp\" \/>\n\t<meta property=\"og:image:width\" content=\"1000\" \/>\n\t<meta property=\"og:image:height\" content=\"525\" \/>\n\t<meta property=\"og:image:type\" content=\"image\/webp\" \/>\n<meta name=\"twitter:card\" content=\"summary_large_image\" \/>\n<meta name=\"twitter:label1\" content=\"Odhadovan\u00e1 doba \u010dten\u00ed\" \/>\n\t<meta name=\"twitter:data1\" content=\"2 minuty\" \/>\n<script type=\"application\/ld+json\" class=\"yoast-schema-graph\">{\"@context\":\"https:\/\/schema.org\",\"@graph\":[{\"@type\":\"WebPage\",\"@id\":\"https:\/\/www.koupeltech.com\/index.php\/produkt\/vikendova-akce-geberit-eco-wc-komplet-rimoff-39519\/\",\"url\":\"https:\/\/www.koupeltech.com\/index.php\/produkt\/vikendova-akce-geberit-eco-wc-komplet-rimoff-39519\/\",\"name\":\"V\u00edkendov\u00e1 Akce Geberit Eco WC komplet RimOff -\",\"isPartOf\":{\"@id\":\"https:\/\/www.koupeltech.com\/#website\"},\"primaryImageOfPage\":{\"@id\":\"https:\/\/www.koupeltech.com\/index.php\/produkt\/vikendova-akce-geberit-eco-wc-komplet-rimoff-39519\/#primaryimage\"},\"image\":{\"@id\":\"https:\/\/www.koupeltech.com\/index.php\/produkt\/vikendova-akce-geberit-eco-wc-komplet-rimoff-39519\/#primaryimage\"},\"thumbnailUrl\":\"https:\/\/www.koupeltech.com\/wp-content\/uploads\/2026\/SK0020368-CZ20260425-093449-0-1777080896-geberit-eco-wc-komplet-rimoff.webp\",\"datePublished\":\"2026-04-27T14:01:45+00:00\",\"breadcrumb\":{\"@id\":\"https:\/\/www.koupeltech.com\/index.php\/produkt\/vikendova-akce-geberit-eco-wc-komplet-rimoff-39519\/#breadcrumb\"},\"inLanguage\":\"cs\",\"potentialAction\":[{\"@type\":\"ReadAction\",\"target\":[\"https:\/\/www.koupeltech.com\/index.php\/produkt\/vikendova-akce-geberit-eco-wc-komplet-rimoff-39519\/\"]}]},{\"@type\":\"ImageObject\",\"inLanguage\":\"cs\",\"@id\":\"https:\/\/www.koupeltech.com\/index.php\/produkt\/vikendova-akce-geberit-eco-wc-komplet-rimoff-39519\/#primaryimage\",\"url\":\"https:\/\/www.koupeltech.com\/wp-content\/uploads\/2026\/SK0020368-CZ20260425-093449-0-1777080896-geberit-eco-wc-komplet-rimoff.webp\",\"contentUrl\":\"https:\/\/www.koupeltech.com\/wp-content\/uploads\/2026\/SK0020368-CZ20260425-093449-0-1777080896-geberit-eco-wc-komplet-rimoff.webp\",\"width\":1000,\"height\":525},{\"@type\":\"BreadcrumbList\",\"@id\":\"https:\/\/www.koupeltech.com\/index.php\/produkt\/vikendova-akce-geberit-eco-wc-komplet-rimoff-39519\/#breadcrumb\",\"itemListElement\":[{\"@type\":\"ListItem\",\"position\":1,\"name\":\"Home\",\"item\":\"https:\/\/www.koupeltech.com\/\"},{\"@type\":\"ListItem\",\"position\":2,\"name\":\"Products\",\"item\":\"https:\/\/www.koupeltech.com\/index.php\/products\/\"},{\"@type\":\"ListItem\",\"position\":3,\"name\":\"V\u00edkendov\u00e1 Akce Geberit Eco WC komplet RimOff\"}]},{\"@type\":\"WebSite\",\"@id\":\"https:\/\/www.koupeltech.com\/#website\",\"url\":\"https:\/\/www.koupeltech.com\/\",\"name\":\"\",\"description\":\"\",\"potentialAction\":[{\"@type\":\"SearchAction\",\"target\":{\"@type\":\"EntryPoint\",\"urlTemplate\":\"https:\/\/www.koupeltech.com\/?s={search_term_string}\"},\"query-input\":{\"@type\":\"PropertyValueSpecification\",\"valueRequired\":true,\"valueName\":\"search_term_string\"}}],\"inLanguage\":\"cs\"}]}<\/script>\n<!-- \/ Yoast SEO plugin. -->","yoast_head_json":{"title":"V\u00edkendov\u00e1 Akce Geberit Eco WC komplet RimOff -","robots":{"index":"index","follow":"follow","max-snippet":"max-snippet:-1","max-image-preview":"max-image-preview:large","max-video-preview":"max-video-preview:-1"},"canonical":"https:\/\/www.koupeltech.com\/index.php\/produkt\/vikendova-akce-geberit-eco-wc-komplet-rimoff-39519\/","og_locale":"cs_CZ","og_type":"article","og_title":"V\u00edkendov\u00e1 Akce Geberit Eco WC komplet RimOff -","og_description":"Geberit ECO\u00a0pro z\u00e1v\u011bsn\u00e9 WC s m\u00edsou RAVAK UNI RimOFF \u00da\u010dely pou\u017eit\u00ed \u2022 Pro zd\u011bn\u00e9 st\u011bny \u2022 K mont\u00e1\u017ei do p\u0159edst\u011bnov\u00fdch instalac\u00ed \u010d\u00e1ste\u010dn\u011b vysok\u00fdch nebo vysok\u00fdch na v\u00fd\u0161ku m\u00edstnosti \u2022 Pro z\u00e1v\u011bsn\u00e1 WC s p\u0159ipojovac\u00edmi rozm\u011bry podle EN 33:2011 \u2022 Pro 1 mno\u017estv\u00ed splachov\u00e1n\u00ed, 2 mno\u017estv\u00ed splachov\u00e1n\u00ed nebo splachov\u00e1n\u00ed Start\/Stop Vlastnosti \u2022 Mont\u00e1\u017en\u00ed r\u00e1m s pr\u00e1\u0161kovou [&hellip;]","og_url":"https:\/\/www.koupeltech.com\/index.php\/produkt\/vikendova-akce-geberit-eco-wc-komplet-rimoff-39519\/","og_image":[{"width":1000,"height":525,"url":"https:\/\/www.koupeltech.com\/wp-content\/uploads\/2026\/SK0020368-CZ20260425-093449-0-1777080896-geberit-eco-wc-komplet-rimoff.webp","type":"image\/webp"}],"twitter_card":"summary_large_image","twitter_misc":{"Odhadovan\u00e1 doba \u010dten\u00ed":"2 minuty"},"schema":{"@context":"https:\/\/schema.org","@graph":[{"@type":"WebPage","@id":"https:\/\/www.koupeltech.com\/index.php\/produkt\/vikendova-akce-geberit-eco-wc-komplet-rimoff-39519\/","url":"https:\/\/www.koupeltech.com\/index.php\/produkt\/vikendova-akce-geberit-eco-wc-komplet-rimoff-39519\/","name":"V\u00edkendov\u00e1 Akce Geberit Eco WC komplet RimOff -","isPartOf":{"@id":"https:\/\/www.koupeltech.com\/#website"},"primaryImageOfPage":{"@id":"https:\/\/www.koupeltech.com\/index.php\/produkt\/vikendova-akce-geberit-eco-wc-komplet-rimoff-39519\/#primaryimage"},"image":{"@id":"https:\/\/www.koupeltech.com\/index.php\/produkt\/vikendova-akce-geberit-eco-wc-komplet-rimoff-39519\/#primaryimage"},"thumbnailUrl":"https:\/\/www.koupeltech.com\/wp-content\/uploads\/2026\/SK0020368-CZ20260425-093449-0-1777080896-geberit-eco-wc-komplet-rimoff.webp","datePublished":"2026-04-27T14:01:45+00:00","breadcrumb":{"@id":"https:\/\/www.koupeltech.com\/index.php\/produkt\/vikendova-akce-geberit-eco-wc-komplet-rimoff-39519\/#breadcrumb"},"inLanguage":"cs","potentialAction":[{"@type":"ReadAction","target":["https:\/\/www.koupeltech.com\/index.php\/produkt\/vikendova-akce-geberit-eco-wc-komplet-rimoff-39519\/"]}]},{"@type":"ImageObject","inLanguage":"cs","@id":"https:\/\/www.koupeltech.com\/index.php\/produkt\/vikendova-akce-geberit-eco-wc-komplet-rimoff-39519\/#primaryimage","url":"https:\/\/www.koupeltech.com\/wp-content\/uploads\/2026\/SK0020368-CZ20260425-093449-0-1777080896-geberit-eco-wc-komplet-rimoff.webp","contentUrl":"https:\/\/www.koupeltech.com\/wp-content\/uploads\/2026\/SK0020368-CZ20260425-093449-0-1777080896-geberit-eco-wc-komplet-rimoff.webp","width":1000,"height":525},{"@type":"BreadcrumbList","@id":"https:\/\/www.koupeltech.com\/index.php\/produkt\/vikendova-akce-geberit-eco-wc-komplet-rimoff-39519\/#breadcrumb","itemListElement":[{"@type":"ListItem","position":1,"name":"Home","item":"https:\/\/www.koupeltech.com\/"},{"@type":"ListItem","position":2,"name":"Products","item":"https:\/\/www.koupeltech.com\/index.php\/products\/"},{"@type":"ListItem","position":3,"name":"V\u00edkendov\u00e1 Akce Geberit Eco WC komplet RimOff"}]},{"@type":"WebSite","@id":"https:\/\/www.koupeltech.com\/#website","url":"https:\/\/www.koupeltech.com\/","name":"","description":"","potentialAction":[{"@type":"SearchAction","target":{"@type":"EntryPoint","urlTemplate":"https:\/\/www.koupeltech.com\/?s={search_term_string}"},"query-input":{"@type":"PropertyValueSpecification","valueRequired":true,"valueName":"search_term_string"}}],"inLanguage":"cs"}]}},"_links":{"self":[{"href":"https:\/\/www.koupeltech.com\/index.php\/wp-json\/wp\/v2\/product\/39519","targetHints":{"allow":["GET"]}}],"collection":[{"href":"https:\/\/www.koupeltech.com\/index.php\/wp-json\/wp\/v2\/product"}],"about":[{"href":"https:\/\/www.koupeltech.com\/index.php\/wp-json\/wp\/v2\/types\/product"}],"replies":[{"embeddable":true,"href":"https:\/\/www.koupeltech.com\/index.php\/wp-json\/wp\/v2\/comments?post=39519"}],"wp:featuredmedia":[{"embeddable":true,"href":"https:\/\/www.koupeltech.com\/index.php\/wp-json\/wp\/v2\/media\/39619"}],"wp:attachment":[{"href":"https:\/\/www.koupeltech.com\/index.php\/wp-json\/wp\/v2\/media?parent=39519"}],"wp:term":[{"taxonomy":"product_brand","embeddable":true,"href":"https:\/\/www.koupeltech.com\/index.php\/wp-json\/wp\/v2\/product_brand?post=39519"},{"taxonomy":"product_cat","embeddable":true,"href":"https:\/\/www.koupeltech.com\/index.php\/wp-json\/wp\/v2\/product_cat?post=39519"},{"taxonomy":"product_tag","embeddable":true,"href":"https:\/\/www.koupeltech.com\/index.php\/wp-json\/wp\/v2\/product_tag?post=39519"}],"curies":[{"name":"wp","href":"https:\/\/api.w.org\/{rel}","templated":true}]}}