{"id":39520,"date":"2026-04-27T14:01:45","date_gmt":"2026-04-27T14:01:45","guid":{"rendered":""},"modified":"2026-04-27T14:01:45","modified_gmt":"2026-04-27T14:01:45","slug":"geberit-duofix-wc-komplet-rimoff-znackovy-39520","status":"publish","type":"product","link":"https:\/\/www.koupeltech.com\/index.php\/produkt\/geberit-duofix-wc-komplet-rimoff-znackovy-39520\/","title":{"rendered":"Geberit Duofix WC komplet RimOff Zna\u010dkov\u00fd"},"content":{"rendered":"<div id=\"e3684474\" class=\"pages\">\n<div>\n<div id=\"PDDescription\" class=\"UserContentView userContent v1a v1 bs-view dcon dc164 PDDescription\" ><dc-con><dc-con><bs-empty><\/bs-empty><\/dc-con><dc-con>        <\/p>\n<div class=\"customDescription\">                    <\/div>\n<p><\/dc-con><dc-con><\/p>\n<p style=\"color: #000000; text-transform: none; text-indent: 0px; letter-spacing: normal; padding-top: 0px; font-family: Arial, Verdana, Tahoma; font-size: 14px; font-style: normal; font-weight: 400; margin-top: 0px; word-spacing: 0px; white-space: normal; orphans: 2; widows: 2; background-color: #ffffff; font-variant-ligatures: normal; font-variant-caps: normal; -webkit-text-stroke-width: 0px; text-decoration-style: initial; text-decoration-color: initial;\"><strong>Mont\u00e1\u017en\u00ed prvek Duofix pro z\u00e1v\u011bsn\u00e9 WC <\/strong><\/p>\n<p style=\"color: #000000; text-transform: none; text-indent: 0px; letter-spacing: normal; padding-top: 0px; font-family: Arial, Verdana, Tahoma; font-size: 14px; font-style: normal; font-weight: 400; margin-top: 0px; word-spacing: 0px; white-space: normal; orphans: 2; widows: 2; background-color: #ffffff; font-variant-ligatures: normal; font-variant-caps: normal; -webkit-text-stroke-width: 0px; text-decoration-style: initial; text-decoration-color: initial;\"><strong>\u00da\u010del pou\u017eit\u00ed:<\/strong><br \/>\u2022 Pro tlou\u0161\u0165ku podlahy 0 &#8211; 20 cm<br \/>\u2022 Pro zabudov\u00e1n\u00ed do \u010d\u00e1ste\u010dn\u011b vysok\u00e9 syst\u00e9mov\u00e9 st\u011bny Duofix p\u0159ed masivn\u00ed st\u011bnou nebo st\u011bnou prov\u00e1d\u011bnou such\u00fdm procesem<br \/>\u2022 Pro zabudov\u00e1n\u00ed do syst\u00e9mov\u00e9 st\u011bny Duofix na celou v\u00fd\u0161ku m\u00edstnosti<br \/>\u2022 Pro zabudov\u00e1n\u00ed do \u010d\u00e1ste\u010dn\u011b vysok\u00e9 nebo na celou v\u00fd\u0161ku m\u00edstnosti st\u011bny GIS p\u0159ed masivn\u00ed st\u011bnou nebo st\u011bnou prov\u00e1d\u011bnou such\u00fdm procesem<br \/>\u2022 Pro zabudov\u00e1n\u00ed do lehk\u00e9 p\u0159\u00ed\u010dky na celou v\u00fd\u0161ku m\u00edstnosti<br \/>\u2022 Pro mont\u00e1\u017e z\u00e1v\u011bsn\u00e9ho WC se vzd\u00e1lenost\u00ed upevn\u011bn\u00ed 18 cm nebo 23 cm<br \/>\u2022 Pro zabudov\u00e1n\u00ed mokr\u00fdm procesem do zd\u011bn\u00e9 p\u0159edst\u011bnov\u00e9 instalace<br \/>\u2022 Pro p\u0159ipojen\u00ed Geberit AquaClean<br \/>\u2022 Nevhodn\u00fd pro zabetonov\u00e1n\u00ed<\/p>\n<p style=\"color: #000000; text-transform: none; text-indent: 0px; letter-spacing: normal; padding-top: 0px; font-family: Arial, Verdana, Tahoma; font-size: 14px; font-style: normal; font-weight: 400; margin-top: 0px; word-spacing: 0px; white-space: normal; orphans: 2; widows: 2; background-color: #ffffff; font-variant-ligatures: normal; font-variant-caps: normal; -webkit-text-stroke-width: 0px; text-decoration-style: initial; text-decoration-color: initial;\"><strong>Vlastnosti:<\/strong><br \/>\u2022 Samonosn\u00fd prvek<br \/>\u2022 R\u00e1m s C-profilem 4\/4 cm<br \/>\u2022 Povrch r\u00e1mu upraven\u00fd pr\u00e1\u0161kovou barvou, barva Geberit modr\u00e1<br \/>\u2022 Podp\u011bry o 5 cm z\u00e1suvn\u00e9<br \/>\u2022 Patn\u00ed desky oto\u010dn\u00e9, pro mont\u00e1\u017e do profil\u016f UW50 a UW75<br \/>\u2022 R\u00e1m s otvory \u0159 9 mm pro upevn\u011bn\u00ed do d\u0159ev\u011bn\u00fdch konstrukc\u00ed<br \/>\u2022 Splachovac\u00ed n\u00e1dr\u017eka pod om\u00edtku izolovan\u00e1 proti orosov\u00e1n\u00ed<br \/>\u2022 Splachovac\u00ed n\u00e1dr\u017eka do st\u011bny UP320 s ovl\u00e1d\u00e1n\u00edm zep\u0159edu<br \/>\u2022 2 mno\u017estv\u00ed splachov\u00e1n\u00ed s ovl\u00e1dac\u00edmi tla\u010d\u00edtky Sigma50, Sigma20, Samba nebo Bolero<br \/>\u2022 1 mno\u017estv\u00ed splachov\u00e1n\u00ed s ovl\u00e1dac\u00edmi tla\u010d\u00edtky Sigma10<br \/>\u2022 Nastaviteln\u00e9 splachovac\u00ed mno\u017estv\u00ed<br \/>\u2022 Ty\u010dky tla\u010d\u00edtka zvukov\u011b izolovan\u00e9, rychle nastaviteln\u00e9 bez n\u00e1\u0159ad\u00ed<br \/>\u2022 Podp\u011bry s brzd\u00edc\u00edmi prvky, pro vyrovn\u00e1n\u00ed prvku bez n\u00e1\u0159ad\u00ed<br \/>\u2022 Pozinkovan\u00e9 podp\u011bry, plynule nastaviteln\u00e9 0 &#8211; 20 cm<br \/>\u2022 Mo\u017en\u00e9 pou\u017e\u00edt pro z\u00e1v\u011bsn\u00e9 WC s malou sty\u010dnou plochou pomoc\u00ed p\u0159\u00edslu\u0161enstv\u00ed<br \/>\u2022 P\u0159\u00edvod vody zezadu \/ shora uprost\u0159ed<\/p>\n<p style=\"color: #000000; text-transform: none; text-indent: 0px; letter-spacing: normal; padding-top: 0px; font-family: Arial, Verdana, Tahoma; font-size: 14px; font-style: normal; font-weight: 400; margin-top: 0px; word-spacing: 0px; white-space: normal; orphans: 2; widows: 2; background-color: #ffffff; font-variant-ligatures: normal; font-variant-caps: normal; -webkit-text-stroke-width: 0px; text-decoration-style: initial; text-decoration-color: initial;\"><strong>Technick\u00e9 informace:<\/strong><br \/>Rozsah tlaku vody 0.01-1.0 MPa<br \/>Maxim\u00e1ln\u00ed provozn\u00ed teplota vody 25 \u00b0C<br \/>Mal\u00e9 splachovac\u00ed mno\u017estv\u00ed &#8211; rozsah nastaven\u00ed 3-4 l<br \/>Velk\u00e9 splachovac\u00ed mno\u017estv\u00ed &#8211; rozsah nastaven\u00ed 6 \/ 7.5 l<br \/>Splachovac\u00ed mno\u017estv\u00ed &#8211; nastaven\u00ed z v\u00fdroby 6 a 3 l<br \/>Start\/Stop splachovac\u00ed mno\u017estv\u00ed 6 \/ 7.5 l<\/p>\n<p style=\"color: #000000; text-transform: none; text-indent: 0px; letter-spacing: normal; padding-top: 0px; font-family: Arial, Verdana, Tahoma; font-size: 14px; font-style: normal; font-weight: 400; margin-top: 0px; word-spacing: 0px; white-space: normal; orphans: 2; widows: 2; background-color: #ffffff; font-variant-ligatures: normal; font-variant-caps: normal; -webkit-text-stroke-width: 0px; text-decoration-style: initial; text-decoration-color: initial;\"><strong>Rozsah dod\u00e1vky:<\/strong><br \/>\u2022 P\u0159\u00edvod vody R 1\/2&#8243; s integrovan\u00fdm rohov\u00fdm ventilem a ru\u010dn\u00edm ovl\u00e1dac\u00edm kole\u010dkem<br \/>\u2022 Trubkov\u00e1 chr\u00e1ni\u010dka pro p\u0159\u00edvod vody pro Geberit AquaClean<br \/>\u2022 Splachovac\u00ed koleno<br \/>\u2022 Ochrann\u00e1 z\u00e1tka<br \/>\u2022 Kryt pro hrubou mont\u00e1\u017e pro servisn\u00ed otvor<br \/>\u2022 2 z\u00e1vitov\u00e9 ty\u010de M12 pro upevn\u011bn\u00ed keramiky<br \/>\u2022 Souprava pro p\u0159ipojen\u00ed WC, \u0159 90 mm<br \/>\u2022 Odpadn\u00ed koleno pro WC, PE-HD, \u0159 90 mm<br \/>\u2022 P\u0159echodka, PE-HD, \u0159 90\/110 mm<br \/>\u2022 Upev\u0148ovac\u00ed materi\u00e1l<\/p>\n<p style=\"color: #000000; text-transform: none; text-indent: 0px; letter-spacing: normal; padding-top: 0px; padding-bottom: 0px; font-family: Arial, Verdana, Tahoma; font-size: 14px; font-style: normal; font-weight: 400; margin-top: 0px; margin-bottom: 0px; word-spacing: 0px; white-space: normal; orphans: 2; widows: 2; background-color: #ffffff; font-variant-ligatures: normal; font-variant-caps: normal; -webkit-text-stroke-width: 0px; text-decoration-style: initial; text-decoration-color: initial;\"><strong>Vyjma:<\/strong><br \/>\u2022 Ovl\u00e1dac\u00ed tla\u010d\u00edtko<br \/>\u2022 Soupravu pro tlumen\u00ed hluku<br \/>\u2022 Stavebn\u00ed soupravu pro p\u0159edst\u011bnovou mont\u00e1\u017e<\/p>\n<p><strong>WC Ravak RimOff <\/strong><\/p>\n<p>Toalety RimOff zcela postr\u00e1daj\u00ed oplachov\u00fd lem, kter\u00fd p\u0159edstavuje potenci\u00e1ln\u00ed riziko usazov\u00e1n\u00ed ne\u010distot. Bez oplachov\u00e9ho lemu uvnit\u0159 toaletn\u00ed m\u00edsy nevznikaj\u00ed \u017e\u00e1dn\u00e9 nedostupn\u00e9 skr\u00fd\u0161e, toaletn\u00ed m\u00edsa je dokonale hladk\u00e1, p\u0159ehledn\u00e1 a ne\u010distoty nemaj\u00ed kde ulp\u00edvat. Speci\u00e1ln\u00ed konstrukce toalety umo\u017e\u0148uje precizn\u00ed oplach pouh\u00fdm proudem vody bez nutnosti do\u010di\u0161\u0165ov\u00e1n\u00ed. Ide\u00e1ln\u00ed \u0159e\u0161en\u00ed pro ty, kte\u0159\u00ed dbaj\u00ed na perfektn\u00ed \u010distotu, hygienu a snadnou \u00fadr\u017ebu. D\u00edky zav\u011b\u0161en\u00ed na st\u011bnu usnad\u0148uje WC RimOff \u00faklid na podlaze koupelny \u010di toaletn\u00ed m\u00edstnosti. M\u00edsta mont\u00e1\u017ee jsou na m\u00edse skryt\u00e1 tak, aby neru\u0161ila jej\u00ed \u010dist\u00fd a celistv\u00fd design. Bez hran a z\u00e1hyb\u016f, kde by se mohly usazovat ne\u010distoty.<\/p>\n<ul>\n<li>rozm\u011bry (\u0161\/h\/v): 353 x 510 x 342 mm<\/li>\n<li>materi\u00e1l: jednolit\u00e1 keramika, glazura bez nutnosti dodate\u010dn\u00fdch povrchov\u00fdch \u00faprav<\/li>\n<li>EasyFix &#8211; neviditeln\u00fd syst\u00e9m uchycen\u00ed<\/li>\n<li>z\u00e1ruka: 10 let<\/li>\n<\/ul>\n<p><\/dc-con><\/dc-con><\/div>\n<\/p><\/div>\n<div id=\"PDTable3\" class=\"ProductDetailTableView v3a v3 bs-view dcon dc185 PDTable3\" >\n<table>\n<thead><\/thead>\n<tbody>\n<tr class=\"attribute attr_typ\">\n<td class=\"caption\">Typ<\/td>\n<td class=\"value\">do lehk\u00e9 p\u0159\u00ed\u010dky<\/td>\n<\/tr>\n<tr class=\"attribute attr_kategorie\">\n<td class=\"caption\">Kategorie<\/td>\n<td class=\"value\">WC set<\/td>\n<\/tr>\n<tr class=\"attribute attr_bsshop_maker\">\n<td class=\"caption\">V\u00fdrobce<\/td>\n<td class=\"value\">Geberit<\/td>\n<\/tr>\n<tr class=\"weight\">\n<td class=\"caption\"><span>Hmotnost<\/span><\/td>\n<td class=\"value\"><span>41,02 kg<\/span><\/td>\n<\/tr>\n<\/tbody>\n<\/table>\n<\/div>\n<\/div>\n<div id=\"e3684475\" class=\"tabs\">\n","protected":false},"excerpt":{"rendered":"<p>Mont\u00e1\u017en\u00ed prvek Duofix pro z\u00e1v\u011bsn\u00e9 WC \u00da\u010del pou\u017eit\u00ed:\u2022 Pro tlou\u0161\u0165ku podlahy 0 &#8211; 20 cm\u2022 Pro zabudov\u00e1n\u00ed do \u010d\u00e1ste\u010dn\u011b vysok\u00e9 syst\u00e9mov\u00e9 st\u011bny Duofix p\u0159ed masivn\u00ed st\u011bnou nebo st\u011bnou prov\u00e1d\u011bnou such\u00fdm procesem\u2022 Pro zabudov\u00e1n\u00ed do syst\u00e9mov\u00e9 st\u011bny Duofix na celou v\u00fd\u0161ku m\u00edstnosti\u2022 Pro zabudov\u00e1n\u00ed do \u010d\u00e1ste\u010dn\u011b vysok\u00e9 nebo na celou v\u00fd\u0161ku m\u00edstnosti st\u011bny GIS p\u0159ed masivn\u00ed [&hellip;]<\/p>\n","protected":false},"featured_media":39620,"comment_status":"open","ping_status":"open","template":"","meta":[],"product_brand":[],"product_cat":[94],"product_tag":[],"class_list":{"0":"post-39520","1":"product","2":"type-product","3":"status-publish","4":"has-post-thumbnail","6":"product_cat-vybaven-237-koupelny","8":"first","9":"instock","10":"sale","11":"shipping-taxable","12":"purchasable","13":"product-type-simple"},"yoast_head":"<!-- This site is optimized with the Yoast SEO plugin v26.8 - https:\/\/yoast.com\/product\/yoast-seo-wordpress\/ -->\n<title>Geberit Duofix WC komplet RimOff Zna\u010dkov\u00fd -<\/title>\n<meta name=\"robots\" content=\"index, follow, max-snippet:-1, max-image-preview:large, max-video-preview:-1\" \/>\n<link rel=\"canonical\" href=\"https:\/\/www.koupeltech.com\/index.php\/produkt\/geberit-duofix-wc-komplet-rimoff-znackovy-39520\/\" \/>\n<meta property=\"og:locale\" content=\"cs_CZ\" \/>\n<meta property=\"og:type\" content=\"article\" \/>\n<meta property=\"og:title\" content=\"Geberit Duofix WC komplet RimOff Zna\u010dkov\u00fd -\" \/>\n<meta property=\"og:description\" content=\"Mont\u00e1\u017en\u00ed prvek Duofix pro z\u00e1v\u011bsn\u00e9 WC \u00da\u010del pou\u017eit\u00ed:\u2022 Pro tlou\u0161\u0165ku podlahy 0 &#8211; 20 cm\u2022 Pro zabudov\u00e1n\u00ed do \u010d\u00e1ste\u010dn\u011b vysok\u00e9 syst\u00e9mov\u00e9 st\u011bny Duofix p\u0159ed masivn\u00ed st\u011bnou nebo st\u011bnou prov\u00e1d\u011bnou such\u00fdm procesem\u2022 Pro zabudov\u00e1n\u00ed do syst\u00e9mov\u00e9 st\u011bny Duofix na celou v\u00fd\u0161ku m\u00edstnosti\u2022 Pro zabudov\u00e1n\u00ed do \u010d\u00e1ste\u010dn\u011b vysok\u00e9 nebo na celou v\u00fd\u0161ku m\u00edstnosti st\u011bny GIS p\u0159ed masivn\u00ed [&hellip;]\" \/>\n<meta property=\"og:url\" content=\"https:\/\/www.koupeltech.com\/index.php\/produkt\/geberit-duofix-wc-komplet-rimoff-znackovy-39520\/\" \/>\n<meta property=\"og:image\" content=\"https:\/\/www.koupeltech.com\/wp-content\/uploads\/2026\/SK0020369-CZ20260425-093449-0-1777080896-geberit-duofix-wc-komplet-rimoff.webp\" \/>\n\t<meta property=\"og:image:width\" content=\"1000\" \/>\n\t<meta property=\"og:image:height\" content=\"525\" \/>\n\t<meta property=\"og:image:type\" content=\"image\/webp\" \/>\n<meta name=\"twitter:card\" content=\"summary_large_image\" \/>\n<meta name=\"twitter:label1\" content=\"Odhadovan\u00e1 doba \u010dten\u00ed\" \/>\n\t<meta name=\"twitter:data1\" content=\"3 minuty\" \/>\n<script type=\"application\/ld+json\" class=\"yoast-schema-graph\">{\"@context\":\"https:\/\/schema.org\",\"@graph\":[{\"@type\":\"WebPage\",\"@id\":\"https:\/\/www.koupeltech.com\/index.php\/produkt\/geberit-duofix-wc-komplet-rimoff-znackovy-39520\/\",\"url\":\"https:\/\/www.koupeltech.com\/index.php\/produkt\/geberit-duofix-wc-komplet-rimoff-znackovy-39520\/\",\"name\":\"Geberit Duofix WC komplet RimOff Zna\u010dkov\u00fd -\",\"isPartOf\":{\"@id\":\"https:\/\/www.koupeltech.com\/#website\"},\"primaryImageOfPage\":{\"@id\":\"https:\/\/www.koupeltech.com\/index.php\/produkt\/geberit-duofix-wc-komplet-rimoff-znackovy-39520\/#primaryimage\"},\"image\":{\"@id\":\"https:\/\/www.koupeltech.com\/index.php\/produkt\/geberit-duofix-wc-komplet-rimoff-znackovy-39520\/#primaryimage\"},\"thumbnailUrl\":\"https:\/\/www.koupeltech.com\/wp-content\/uploads\/2026\/SK0020369-CZ20260425-093449-0-1777080896-geberit-duofix-wc-komplet-rimoff.webp\",\"datePublished\":\"2026-04-27T14:01:45+00:00\",\"breadcrumb\":{\"@id\":\"https:\/\/www.koupeltech.com\/index.php\/produkt\/geberit-duofix-wc-komplet-rimoff-znackovy-39520\/#breadcrumb\"},\"inLanguage\":\"cs\",\"potentialAction\":[{\"@type\":\"ReadAction\",\"target\":[\"https:\/\/www.koupeltech.com\/index.php\/produkt\/geberit-duofix-wc-komplet-rimoff-znackovy-39520\/\"]}]},{\"@type\":\"ImageObject\",\"inLanguage\":\"cs\",\"@id\":\"https:\/\/www.koupeltech.com\/index.php\/produkt\/geberit-duofix-wc-komplet-rimoff-znackovy-39520\/#primaryimage\",\"url\":\"https:\/\/www.koupeltech.com\/wp-content\/uploads\/2026\/SK0020369-CZ20260425-093449-0-1777080896-geberit-duofix-wc-komplet-rimoff.webp\",\"contentUrl\":\"https:\/\/www.koupeltech.com\/wp-content\/uploads\/2026\/SK0020369-CZ20260425-093449-0-1777080896-geberit-duofix-wc-komplet-rimoff.webp\",\"width\":1000,\"height\":525},{\"@type\":\"BreadcrumbList\",\"@id\":\"https:\/\/www.koupeltech.com\/index.php\/produkt\/geberit-duofix-wc-komplet-rimoff-znackovy-39520\/#breadcrumb\",\"itemListElement\":[{\"@type\":\"ListItem\",\"position\":1,\"name\":\"Home\",\"item\":\"https:\/\/www.koupeltech.com\/\"},{\"@type\":\"ListItem\",\"position\":2,\"name\":\"Products\",\"item\":\"https:\/\/www.koupeltech.com\/index.php\/products\/\"},{\"@type\":\"ListItem\",\"position\":3,\"name\":\"Geberit Duofix WC komplet RimOff Zna\u010dkov\u00fd\"}]},{\"@type\":\"WebSite\",\"@id\":\"https:\/\/www.koupeltech.com\/#website\",\"url\":\"https:\/\/www.koupeltech.com\/\",\"name\":\"\",\"description\":\"\",\"potentialAction\":[{\"@type\":\"SearchAction\",\"target\":{\"@type\":\"EntryPoint\",\"urlTemplate\":\"https:\/\/www.koupeltech.com\/?s={search_term_string}\"},\"query-input\":{\"@type\":\"PropertyValueSpecification\",\"valueRequired\":true,\"valueName\":\"search_term_string\"}}],\"inLanguage\":\"cs\"}]}<\/script>\n<!-- \/ Yoast SEO plugin. -->","yoast_head_json":{"title":"Geberit Duofix WC komplet RimOff Zna\u010dkov\u00fd -","robots":{"index":"index","follow":"follow","max-snippet":"max-snippet:-1","max-image-preview":"max-image-preview:large","max-video-preview":"max-video-preview:-1"},"canonical":"https:\/\/www.koupeltech.com\/index.php\/produkt\/geberit-duofix-wc-komplet-rimoff-znackovy-39520\/","og_locale":"cs_CZ","og_type":"article","og_title":"Geberit Duofix WC komplet RimOff Zna\u010dkov\u00fd -","og_description":"Mont\u00e1\u017en\u00ed prvek Duofix pro z\u00e1v\u011bsn\u00e9 WC \u00da\u010del pou\u017eit\u00ed:\u2022 Pro tlou\u0161\u0165ku podlahy 0 &#8211; 20 cm\u2022 Pro zabudov\u00e1n\u00ed do \u010d\u00e1ste\u010dn\u011b vysok\u00e9 syst\u00e9mov\u00e9 st\u011bny Duofix p\u0159ed masivn\u00ed st\u011bnou nebo st\u011bnou prov\u00e1d\u011bnou such\u00fdm procesem\u2022 Pro zabudov\u00e1n\u00ed do syst\u00e9mov\u00e9 st\u011bny Duofix na celou v\u00fd\u0161ku m\u00edstnosti\u2022 Pro zabudov\u00e1n\u00ed do \u010d\u00e1ste\u010dn\u011b vysok\u00e9 nebo na celou v\u00fd\u0161ku m\u00edstnosti st\u011bny GIS p\u0159ed masivn\u00ed [&hellip;]","og_url":"https:\/\/www.koupeltech.com\/index.php\/produkt\/geberit-duofix-wc-komplet-rimoff-znackovy-39520\/","og_image":[{"width":1000,"height":525,"url":"https:\/\/www.koupeltech.com\/wp-content\/uploads\/2026\/SK0020369-CZ20260425-093449-0-1777080896-geberit-duofix-wc-komplet-rimoff.webp","type":"image\/webp"}],"twitter_card":"summary_large_image","twitter_misc":{"Odhadovan\u00e1 doba \u010dten\u00ed":"3 minuty"},"schema":{"@context":"https:\/\/schema.org","@graph":[{"@type":"WebPage","@id":"https:\/\/www.koupeltech.com\/index.php\/produkt\/geberit-duofix-wc-komplet-rimoff-znackovy-39520\/","url":"https:\/\/www.koupeltech.com\/index.php\/produkt\/geberit-duofix-wc-komplet-rimoff-znackovy-39520\/","name":"Geberit Duofix WC komplet RimOff Zna\u010dkov\u00fd -","isPartOf":{"@id":"https:\/\/www.koupeltech.com\/#website"},"primaryImageOfPage":{"@id":"https:\/\/www.koupeltech.com\/index.php\/produkt\/geberit-duofix-wc-komplet-rimoff-znackovy-39520\/#primaryimage"},"image":{"@id":"https:\/\/www.koupeltech.com\/index.php\/produkt\/geberit-duofix-wc-komplet-rimoff-znackovy-39520\/#primaryimage"},"thumbnailUrl":"https:\/\/www.koupeltech.com\/wp-content\/uploads\/2026\/SK0020369-CZ20260425-093449-0-1777080896-geberit-duofix-wc-komplet-rimoff.webp","datePublished":"2026-04-27T14:01:45+00:00","breadcrumb":{"@id":"https:\/\/www.koupeltech.com\/index.php\/produkt\/geberit-duofix-wc-komplet-rimoff-znackovy-39520\/#breadcrumb"},"inLanguage":"cs","potentialAction":[{"@type":"ReadAction","target":["https:\/\/www.koupeltech.com\/index.php\/produkt\/geberit-duofix-wc-komplet-rimoff-znackovy-39520\/"]}]},{"@type":"ImageObject","inLanguage":"cs","@id":"https:\/\/www.koupeltech.com\/index.php\/produkt\/geberit-duofix-wc-komplet-rimoff-znackovy-39520\/#primaryimage","url":"https:\/\/www.koupeltech.com\/wp-content\/uploads\/2026\/SK0020369-CZ20260425-093449-0-1777080896-geberit-duofix-wc-komplet-rimoff.webp","contentUrl":"https:\/\/www.koupeltech.com\/wp-content\/uploads\/2026\/SK0020369-CZ20260425-093449-0-1777080896-geberit-duofix-wc-komplet-rimoff.webp","width":1000,"height":525},{"@type":"BreadcrumbList","@id":"https:\/\/www.koupeltech.com\/index.php\/produkt\/geberit-duofix-wc-komplet-rimoff-znackovy-39520\/#breadcrumb","itemListElement":[{"@type":"ListItem","position":1,"name":"Home","item":"https:\/\/www.koupeltech.com\/"},{"@type":"ListItem","position":2,"name":"Products","item":"https:\/\/www.koupeltech.com\/index.php\/products\/"},{"@type":"ListItem","position":3,"name":"Geberit Duofix WC komplet RimOff Zna\u010dkov\u00fd"}]},{"@type":"WebSite","@id":"https:\/\/www.koupeltech.com\/#website","url":"https:\/\/www.koupeltech.com\/","name":"","description":"","potentialAction":[{"@type":"SearchAction","target":{"@type":"EntryPoint","urlTemplate":"https:\/\/www.koupeltech.com\/?s={search_term_string}"},"query-input":{"@type":"PropertyValueSpecification","valueRequired":true,"valueName":"search_term_string"}}],"inLanguage":"cs"}]}},"_links":{"self":[{"href":"https:\/\/www.koupeltech.com\/index.php\/wp-json\/wp\/v2\/product\/39520","targetHints":{"allow":["GET"]}}],"collection":[{"href":"https:\/\/www.koupeltech.com\/index.php\/wp-json\/wp\/v2\/product"}],"about":[{"href":"https:\/\/www.koupeltech.com\/index.php\/wp-json\/wp\/v2\/types\/product"}],"replies":[{"embeddable":true,"href":"https:\/\/www.koupeltech.com\/index.php\/wp-json\/wp\/v2\/comments?post=39520"}],"wp:featuredmedia":[{"embeddable":true,"href":"https:\/\/www.koupeltech.com\/index.php\/wp-json\/wp\/v2\/media\/39620"}],"wp:attachment":[{"href":"https:\/\/www.koupeltech.com\/index.php\/wp-json\/wp\/v2\/media?parent=39520"}],"wp:term":[{"taxonomy":"product_brand","embeddable":true,"href":"https:\/\/www.koupeltech.com\/index.php\/wp-json\/wp\/v2\/product_brand?post=39520"},{"taxonomy":"product_cat","embeddable":true,"href":"https:\/\/www.koupeltech.com\/index.php\/wp-json\/wp\/v2\/product_cat?post=39520"},{"taxonomy":"product_tag","embeddable":true,"href":"https:\/\/www.koupeltech.com\/index.php\/wp-json\/wp\/v2\/product_tag?post=39520"}],"curies":[{"name":"wp","href":"https:\/\/api.w.org\/{rel}","templated":true}]}}