{"id":39579,"date":"2026-04-27T14:01:45","date_gmt":"2026-04-27T14:01:45","guid":{"rendered":""},"modified":"2026-04-27T14:01:45","modified_gmt":"2026-04-27T14:01:45","slug":"nejlepsi-volba-bgs-univerzalni-cistici-prostredek-5-l-39579","status":"publish","type":"product","link":"https:\/\/www.koupeltech.com\/index.php\/produkt\/nejlepsi-volba-bgs-univerzalni-cistici-prostredek-5-l-39579\/","title":{"rendered":"Nejlep\u0161\u00ed Volba BGS Univerz\u00e1ln\u00ed \u010distic\u00ed prost\u0159edek, 5 l"},"content":{"rendered":"<div id=\"e3725129\" class=\"pages\">\n<div>\n<div id=\"PDDescription\" class=\"UserContentView userContent v1a v1 bs-view dcon dc164 PDDescription\" ><dc-con><dc-con><bs-empty><\/bs-empty><\/dc-con><dc-con>        <\/p>\n<div class=\"customDescription\">                    <\/div>\n<p><\/dc-con><dc-con><\/p>\n<ul>\n<li>pou\u017eit\u00ed v pr\u016fmyslov\u00fdch aplikac\u00edch, automobilov\u00e9m sektoru atd.<\/li>\n<li>vhodn\u00e9 pro rozpra\u0161ovac\u00ed \u010derpadla, vysokotlak\u00e9 \u010disti\u010de a pro pou\u017eit\u00ed jako lehk\u00fd alkalick\u00fd ultrazvukov\u00fd \u010disti\u010d<\/li>\n<li>ide\u00e1ln\u00ed pro ultrazvukov\u00e9 \u010disti\u010de BGS 6879, 6880, 6881, 6882, 63080 a my\u010dku d\u00edl\u016f BGS 8693<\/li>\n<li>i p\u0159i n\u00edzk\u00fdch d\u00e1vk\u00e1ch zvy\u0161uje tento \u010disti\u010d p\u0159enosovou rychlost a m\u00e1 vynikaj\u00edc\u00ed vlastnosti p\u0159i uvol\u0148ov\u00e1n\u00ed a p\u0159en\u00e1\u0161en\u00ed ne\u010distot<\/li>\n<p>< li>v\u00fdborn\u00e9 sm\u00e1\u010div\u00e9 vlastnosti<\/li>\n<li>vhodn\u00e9 i pro ru\u010dn\u00ed \u010di\u0161t\u011bn\u00ed<\/li>\n<li>pom\u011br m\u00edch\u00e1n\u00ed: 1:1 a\u017e 1:50<\/li>\n<li>hodnota pH: 10 &#8211; 12<\/ li><\/ul>\n<p><\/dc-con><\/dc-con><\/div>\n<div id=\"PDDescription2\" class=\"UserContentView userContent v1a v1 bs-view dcon dc165 PDDescription2\" >V\u00dd\u0160KA BALEN\u00cd<\/div>\n<\/p><\/div>\n<div id=\"PDTable3\" class=\"ProductDetailTableView v3a v3 bs-view dcon dc185 PDTable3\" >\n<table>\n<thead><\/thead>\n<tbody>\n<tr class=\"attribute attr_bsshop_maker\">\n<td class=\"caption\">V\u00fdrobce<\/td>\n<td class=\"value\">BGS Technic<\/td>\n<\/tr>\n<\/tbody>\n<\/table>\n<\/div>\n<div id=\"PdProductGpsr\" class=\"ProductGpsrView v1a v1 bs-view dcon dc217 PdProductGpsr\" >\n<div class=\"subject\"><dc-root class=\"dcon dc219\"><span class=\"title\">Zodpov\u011bdn&#253; subjekt:<\/span><dc-con><dc-con><span class=\"company\">BGS technik KG<\/span><span class=\"name\">BGS Technic<\/span><\/dc-con><dc-con><span class=\"street\">Bandwirkerstr. 3<\/span><span class=\"city\">Wermelskirchen<\/span><span class=\"zip\">429 29<\/span><span class=\"country\">N\u011bmecko<\/span><\/dc-con><span class=\"email\">mail@bgs-technic.de<\/span><span class=\"phone\">+49 2196-720480<\/span><bs-empty><\/bs-empty><a href=\"https:\/\/www.bgstechnic.com\/\" class=\"link\" target=\"_blank\">https:\/\/www.bgstechnic.com\/<\/a><\/dc-con><bs-empty><\/bs-empty><\/dc-root><\/div>\n<p><bs-empty><\/bs-empty><\/div>\n<\/div>\n<div id=\"e3725130\" class=\"tabs\">\n","protected":false},"excerpt":{"rendered":"<p>pou\u017eit\u00ed v pr\u016fmyslov\u00fdch aplikac\u00edch, automobilov\u00e9m sektoru atd. vhodn\u00e9 pro rozpra\u0161ovac\u00ed \u010derpadla, vysokotlak\u00e9 \u010disti\u010de a pro pou\u017eit\u00ed jako lehk\u00fd alkalick\u00fd ultrazvukov\u00fd \u010disti\u010d ide\u00e1ln\u00ed pro ultrazvukov\u00e9 \u010disti\u010de BGS 6879, 6880, 6881, 6882, 63080 a my\u010dku d\u00edl\u016f BGS 8693 i p\u0159i n\u00edzk\u00fdch d\u00e1vk\u00e1ch zvy\u0161uje tento \u010disti\u010d p\u0159enosovou rychlost a m\u00e1 vynikaj\u00edc\u00ed vlastnosti p\u0159i uvol\u0148ov\u00e1n\u00ed a p\u0159en\u00e1\u0161en\u00ed ne\u010distot < [&hellip;]\n<\/p>\n","protected":false},"featured_media":39679,"comment_status":"open","ping_status":"open","template":"","meta":[],"product_brand":[],"product_cat":[94],"product_tag":[],"class_list":{"0":"post-39579","1":"product","2":"type-product","3":"status-publish","4":"has-post-thumbnail","6":"product_cat-vybaven-237-koupelny","8":"first","9":"instock","10":"sale","11":"shipping-taxable","12":"purchasable","13":"product-type-simple"},"yoast_head":"<!-- This site is optimized with the Yoast SEO plugin v26.8 - https:\/\/yoast.com\/product\/yoast-seo-wordpress\/ -->\n<title>Nejlep\u0161\u00ed Volba BGS Univerz\u00e1ln\u00ed \u010distic\u00ed prost\u0159edek, 5 l -<\/title>\n<meta name=\"robots\" content=\"index, follow, max-snippet:-1, max-image-preview:large, max-video-preview:-1\" \/>\n<link rel=\"canonical\" href=\"https:\/\/www.koupeltech.com\/index.php\/produkt\/nejlepsi-volba-bgs-univerzalni-cistici-prostredek-5-l-39579\/\" \/>\n<meta property=\"og:locale\" content=\"cs_CZ\" \/>\n<meta property=\"og:type\" content=\"article\" \/>\n<meta property=\"og:title\" content=\"Nejlep\u0161\u00ed Volba BGS Univerz\u00e1ln\u00ed \u010distic\u00ed prost\u0159edek, 5 l -\" \/>\n<meta property=\"og:description\" content=\"pou\u017eit\u00ed v pr\u016fmyslov\u00fdch aplikac\u00edch, automobilov\u00e9m sektoru atd. vhodn\u00e9 pro rozpra\u0161ovac\u00ed \u010derpadla, vysokotlak\u00e9 \u010disti\u010de a pro pou\u017eit\u00ed jako lehk\u00fd alkalick\u00fd ultrazvukov\u00fd \u010disti\u010d ide\u00e1ln\u00ed pro ultrazvukov\u00e9 \u010disti\u010de BGS 6879, 6880, 6881, 6882, 63080 a my\u010dku d\u00edl\u016f BGS 8693 i p\u0159i n\u00edzk\u00fdch d\u00e1vk\u00e1ch zvy\u0161uje tento \u010disti\u010d p\u0159enosovou rychlost a m\u00e1 vynikaj\u00edc\u00ed vlastnosti p\u0159i uvol\u0148ov\u00e1n\u00ed a p\u0159en\u00e1\u0161en\u00ed ne\u010distot &lt; [&hellip;]\" \/>\n<meta property=\"og:url\" content=\"https:\/\/www.koupeltech.com\/index.php\/produkt\/nejlepsi-volba-bgs-univerzalni-cistici-prostredek-5-l-39579\/\" \/>\n<meta property=\"og:image\" content=\"https:\/\/www.koupeltech.com\/wp-content\/uploads\/2026\/SK0020429-CZ20260425-093449-0-1777080896-bgs-univerzalni-cistici-prostredek-5-l.webp\" \/>\n\t<meta property=\"og:image:width\" content=\"1000\" \/>\n\t<meta property=\"og:image:height\" content=\"525\" \/>\n\t<meta property=\"og:image:type\" content=\"image\/webp\" \/>\n<meta name=\"twitter:card\" content=\"summary_large_image\" \/>\n<meta name=\"twitter:label1\" content=\"Odhadovan\u00e1 doba \u010dten\u00ed\" \/>\n\t<meta name=\"twitter:data1\" content=\"1 minuta\" \/>\n<script type=\"application\/ld+json\" class=\"yoast-schema-graph\">{\"@context\":\"https:\/\/schema.org\",\"@graph\":[{\"@type\":\"WebPage\",\"@id\":\"https:\/\/www.koupeltech.com\/index.php\/produkt\/nejlepsi-volba-bgs-univerzalni-cistici-prostredek-5-l-39579\/\",\"url\":\"https:\/\/www.koupeltech.com\/index.php\/produkt\/nejlepsi-volba-bgs-univerzalni-cistici-prostredek-5-l-39579\/\",\"name\":\"Nejlep\u0161\u00ed Volba BGS Univerz\u00e1ln\u00ed \u010distic\u00ed prost\u0159edek, 5 l -\",\"isPartOf\":{\"@id\":\"https:\/\/www.koupeltech.com\/#website\"},\"primaryImageOfPage\":{\"@id\":\"https:\/\/www.koupeltech.com\/index.php\/produkt\/nejlepsi-volba-bgs-univerzalni-cistici-prostredek-5-l-39579\/#primaryimage\"},\"image\":{\"@id\":\"https:\/\/www.koupeltech.com\/index.php\/produkt\/nejlepsi-volba-bgs-univerzalni-cistici-prostredek-5-l-39579\/#primaryimage\"},\"thumbnailUrl\":\"https:\/\/www.koupeltech.com\/wp-content\/uploads\/2026\/SK0020429-CZ20260425-093449-0-1777080896-bgs-univerzalni-cistici-prostredek-5-l.webp\",\"datePublished\":\"2026-04-27T14:01:45+00:00\",\"breadcrumb\":{\"@id\":\"https:\/\/www.koupeltech.com\/index.php\/produkt\/nejlepsi-volba-bgs-univerzalni-cistici-prostredek-5-l-39579\/#breadcrumb\"},\"inLanguage\":\"cs\",\"potentialAction\":[{\"@type\":\"ReadAction\",\"target\":[\"https:\/\/www.koupeltech.com\/index.php\/produkt\/nejlepsi-volba-bgs-univerzalni-cistici-prostredek-5-l-39579\/\"]}]},{\"@type\":\"ImageObject\",\"inLanguage\":\"cs\",\"@id\":\"https:\/\/www.koupeltech.com\/index.php\/produkt\/nejlepsi-volba-bgs-univerzalni-cistici-prostredek-5-l-39579\/#primaryimage\",\"url\":\"https:\/\/www.koupeltech.com\/wp-content\/uploads\/2026\/SK0020429-CZ20260425-093449-0-1777080896-bgs-univerzalni-cistici-prostredek-5-l.webp\",\"contentUrl\":\"https:\/\/www.koupeltech.com\/wp-content\/uploads\/2026\/SK0020429-CZ20260425-093449-0-1777080896-bgs-univerzalni-cistici-prostredek-5-l.webp\",\"width\":1000,\"height\":525},{\"@type\":\"BreadcrumbList\",\"@id\":\"https:\/\/www.koupeltech.com\/index.php\/produkt\/nejlepsi-volba-bgs-univerzalni-cistici-prostredek-5-l-39579\/#breadcrumb\",\"itemListElement\":[{\"@type\":\"ListItem\",\"position\":1,\"name\":\"Home\",\"item\":\"https:\/\/www.koupeltech.com\/\"},{\"@type\":\"ListItem\",\"position\":2,\"name\":\"Products\",\"item\":\"https:\/\/www.koupeltech.com\/index.php\/products\/\"},{\"@type\":\"ListItem\",\"position\":3,\"name\":\"Nejlep\u0161\u00ed Volba BGS Univerz\u00e1ln\u00ed \u010distic\u00ed prost\u0159edek, 5 l\"}]},{\"@type\":\"WebSite\",\"@id\":\"https:\/\/www.koupeltech.com\/#website\",\"url\":\"https:\/\/www.koupeltech.com\/\",\"name\":\"\",\"description\":\"\",\"potentialAction\":[{\"@type\":\"SearchAction\",\"target\":{\"@type\":\"EntryPoint\",\"urlTemplate\":\"https:\/\/www.koupeltech.com\/?s={search_term_string}\"},\"query-input\":{\"@type\":\"PropertyValueSpecification\",\"valueRequired\":true,\"valueName\":\"search_term_string\"}}],\"inLanguage\":\"cs\"}]}<\/script>\n<!-- \/ Yoast SEO plugin. -->","yoast_head_json":{"title":"Nejlep\u0161\u00ed Volba BGS Univerz\u00e1ln\u00ed \u010distic\u00ed prost\u0159edek, 5 l -","robots":{"index":"index","follow":"follow","max-snippet":"max-snippet:-1","max-image-preview":"max-image-preview:large","max-video-preview":"max-video-preview:-1"},"canonical":"https:\/\/www.koupeltech.com\/index.php\/produkt\/nejlepsi-volba-bgs-univerzalni-cistici-prostredek-5-l-39579\/","og_locale":"cs_CZ","og_type":"article","og_title":"Nejlep\u0161\u00ed Volba BGS Univerz\u00e1ln\u00ed \u010distic\u00ed prost\u0159edek, 5 l -","og_description":"pou\u017eit\u00ed v pr\u016fmyslov\u00fdch aplikac\u00edch, automobilov\u00e9m sektoru atd. vhodn\u00e9 pro rozpra\u0161ovac\u00ed \u010derpadla, vysokotlak\u00e9 \u010disti\u010de a pro pou\u017eit\u00ed jako lehk\u00fd alkalick\u00fd ultrazvukov\u00fd \u010disti\u010d ide\u00e1ln\u00ed pro ultrazvukov\u00e9 \u010disti\u010de BGS 6879, 6880, 6881, 6882, 63080 a my\u010dku d\u00edl\u016f BGS 8693 i p\u0159i n\u00edzk\u00fdch d\u00e1vk\u00e1ch zvy\u0161uje tento \u010disti\u010d p\u0159enosovou rychlost a m\u00e1 vynikaj\u00edc\u00ed vlastnosti p\u0159i uvol\u0148ov\u00e1n\u00ed a p\u0159en\u00e1\u0161en\u00ed ne\u010distot < [&hellip;]","og_url":"https:\/\/www.koupeltech.com\/index.php\/produkt\/nejlepsi-volba-bgs-univerzalni-cistici-prostredek-5-l-39579\/","og_image":[{"width":1000,"height":525,"url":"https:\/\/www.koupeltech.com\/wp-content\/uploads\/2026\/SK0020429-CZ20260425-093449-0-1777080896-bgs-univerzalni-cistici-prostredek-5-l.webp","type":"image\/webp"}],"twitter_card":"summary_large_image","twitter_misc":{"Odhadovan\u00e1 doba \u010dten\u00ed":"1 minuta"},"schema":{"@context":"https:\/\/schema.org","@graph":[{"@type":"WebPage","@id":"https:\/\/www.koupeltech.com\/index.php\/produkt\/nejlepsi-volba-bgs-univerzalni-cistici-prostredek-5-l-39579\/","url":"https:\/\/www.koupeltech.com\/index.php\/produkt\/nejlepsi-volba-bgs-univerzalni-cistici-prostredek-5-l-39579\/","name":"Nejlep\u0161\u00ed Volba BGS Univerz\u00e1ln\u00ed \u010distic\u00ed prost\u0159edek, 5 l -","isPartOf":{"@id":"https:\/\/www.koupeltech.com\/#website"},"primaryImageOfPage":{"@id":"https:\/\/www.koupeltech.com\/index.php\/produkt\/nejlepsi-volba-bgs-univerzalni-cistici-prostredek-5-l-39579\/#primaryimage"},"image":{"@id":"https:\/\/www.koupeltech.com\/index.php\/produkt\/nejlepsi-volba-bgs-univerzalni-cistici-prostredek-5-l-39579\/#primaryimage"},"thumbnailUrl":"https:\/\/www.koupeltech.com\/wp-content\/uploads\/2026\/SK0020429-CZ20260425-093449-0-1777080896-bgs-univerzalni-cistici-prostredek-5-l.webp","datePublished":"2026-04-27T14:01:45+00:00","breadcrumb":{"@id":"https:\/\/www.koupeltech.com\/index.php\/produkt\/nejlepsi-volba-bgs-univerzalni-cistici-prostredek-5-l-39579\/#breadcrumb"},"inLanguage":"cs","potentialAction":[{"@type":"ReadAction","target":["https:\/\/www.koupeltech.com\/index.php\/produkt\/nejlepsi-volba-bgs-univerzalni-cistici-prostredek-5-l-39579\/"]}]},{"@type":"ImageObject","inLanguage":"cs","@id":"https:\/\/www.koupeltech.com\/index.php\/produkt\/nejlepsi-volba-bgs-univerzalni-cistici-prostredek-5-l-39579\/#primaryimage","url":"https:\/\/www.koupeltech.com\/wp-content\/uploads\/2026\/SK0020429-CZ20260425-093449-0-1777080896-bgs-univerzalni-cistici-prostredek-5-l.webp","contentUrl":"https:\/\/www.koupeltech.com\/wp-content\/uploads\/2026\/SK0020429-CZ20260425-093449-0-1777080896-bgs-univerzalni-cistici-prostredek-5-l.webp","width":1000,"height":525},{"@type":"BreadcrumbList","@id":"https:\/\/www.koupeltech.com\/index.php\/produkt\/nejlepsi-volba-bgs-univerzalni-cistici-prostredek-5-l-39579\/#breadcrumb","itemListElement":[{"@type":"ListItem","position":1,"name":"Home","item":"https:\/\/www.koupeltech.com\/"},{"@type":"ListItem","position":2,"name":"Products","item":"https:\/\/www.koupeltech.com\/index.php\/products\/"},{"@type":"ListItem","position":3,"name":"Nejlep\u0161\u00ed Volba BGS Univerz\u00e1ln\u00ed \u010distic\u00ed prost\u0159edek, 5 l"}]},{"@type":"WebSite","@id":"https:\/\/www.koupeltech.com\/#website","url":"https:\/\/www.koupeltech.com\/","name":"","description":"","potentialAction":[{"@type":"SearchAction","target":{"@type":"EntryPoint","urlTemplate":"https:\/\/www.koupeltech.com\/?s={search_term_string}"},"query-input":{"@type":"PropertyValueSpecification","valueRequired":true,"valueName":"search_term_string"}}],"inLanguage":"cs"}]}},"_links":{"self":[{"href":"https:\/\/www.koupeltech.com\/index.php\/wp-json\/wp\/v2\/product\/39579","targetHints":{"allow":["GET"]}}],"collection":[{"href":"https:\/\/www.koupeltech.com\/index.php\/wp-json\/wp\/v2\/product"}],"about":[{"href":"https:\/\/www.koupeltech.com\/index.php\/wp-json\/wp\/v2\/types\/product"}],"replies":[{"embeddable":true,"href":"https:\/\/www.koupeltech.com\/index.php\/wp-json\/wp\/v2\/comments?post=39579"}],"wp:featuredmedia":[{"embeddable":true,"href":"https:\/\/www.koupeltech.com\/index.php\/wp-json\/wp\/v2\/media\/39679"}],"wp:attachment":[{"href":"https:\/\/www.koupeltech.com\/index.php\/wp-json\/wp\/v2\/media?parent=39579"}],"wp:term":[{"taxonomy":"product_brand","embeddable":true,"href":"https:\/\/www.koupeltech.com\/index.php\/wp-json\/wp\/v2\/product_brand?post=39579"},{"taxonomy":"product_cat","embeddable":true,"href":"https:\/\/www.koupeltech.com\/index.php\/wp-json\/wp\/v2\/product_cat?post=39579"},{"taxonomy":"product_tag","embeddable":true,"href":"https:\/\/www.koupeltech.com\/index.php\/wp-json\/wp\/v2\/product_tag?post=39579"}],"curies":[{"name":"wp","href":"https:\/\/api.w.org\/{rel}","templated":true}]}}