{"id":39970,"date":"2026-04-27T14:01:49","date_gmt":"2026-04-27T14:01:49","guid":{"rendered":""},"modified":"2026-04-27T14:01:49","modified_gmt":"2026-04-27T14:01:49","slug":"znackovy-bgs-paka-montazni-500-mm-39970","status":"publish","type":"product","link":"https:\/\/www.koupeltech.com\/index.php\/produkt\/znackovy-bgs-paka-montazni-500-mm-39970\/","title":{"rendered":"Zna\u010dkov\u00fd BGS P\u00e1ka mont\u00e1\u017en\u00ed 500 mm"},"content":{"rendered":"<div id=\"e3862933\" class=\"pages\">\n<div>\n<div id=\"PDDescription\" class=\"UserContentView userContent v1a v1 bs-view dcon dc164 PDDescription\" ><dc-con><dc-con><bs-empty><\/bs-empty><\/dc-con><dc-con>        <\/p>\n<div class=\"customDescription\">                    <\/div>\n<p><\/dc-con><dc-con>Povrchov\u00e1 \u00faprava: Chromov\u00e1no Hrub\u00e1 hmotnost: 730 g D\u00e9lka: 500 mm<\/p>\n<h2>Technick\u00e9 informace<\/h2>\n<p>Povrchov\u00e1 \u00faprava: Chromov\u00e1no Hrub\u00e1 hmotnost: 730 g D\u00e9lka: 500 mm<\/p>\n<h2>Vyu\u017eit\u00ed<\/h2>\n<ul>\n<li>mont\u00e1\u017en\u00ed a demont\u00e1\u017en\u00ed pr\u00e1ce<\/li>\n<li>servis vozidel a techniky<\/li>\n<li>pr\u00e1ce v autoservisu i dom\u00e1c\u00ed d\u00edln\u011b<\/li>\n<\/ul>\n<h2>V\u00fdhody<\/h2>\n<ul>\n<li>odoln\u00e1 konstrukce<\/li>\n<li>efektivn\u00ed pr\u00e1ce bez zbyte\u010dn\u00e9 n\u00e1mahy<\/li>\n<li>vhodn\u00e9 pro ka\u017edodenn\u00ed pou\u017eit\u00ed<\/li>\n<\/ul>\n<h2>Tip<\/h2>\n<p>P\u0159ed v\u00fdb\u011brem zkontroluj kompatibilitu s konkr\u00e9tn\u00edm modelem nebo rozm\u011brem sou\u010d\u00e1sti \u2013 spr\u00e1vn\u00e9 mont\u00e1\u017en\u00ed n\u00e1\u0159ad\u00ed v\u00fdrazn\u011b urychl\u00ed pr\u00e1ci.<\/p>\n<p><\/dc-con><\/dc-con><\/div>\n<div id=\"PDDescription2\" class=\"UserContentView userContent v1a v1 bs-view dcon dc165 PDDescription2\" >V\u00dd\u0160KA BALEN\u00cd<\/div>\n<\/p><\/div>\n<div id=\"PDTable3\" class=\"ProductDetailTableView v3a v3 bs-view dcon dc185 PDTable3\" >\n<table>\n<thead><\/thead>\n<tbody>\n<tr class=\"attribute attr_bsshop_maker\">\n<td class=\"caption\">V\u00fdrobce<\/td>\n<td class=\"value\">BGS Technic<\/td>\n<\/tr>\n<\/tbody>\n<\/table>\n<\/div>\n<div id=\"PdProductGpsr\" class=\"ProductGpsrView v1a v1 bs-view dcon dc217 PdProductGpsr\" >\n<div class=\"subject\"><dc-root class=\"dcon dc219\"><span class=\"title\">Zodpov\u011bdn&#253; subjekt:<\/span><dc-con><dc-con><span class=\"company\">BGS technik KG<\/span><span class=\"name\">BGS Technic<\/span><\/dc-con><dc-con><span class=\"street\">Bandwirkerstr. 3<\/span><span class=\"city\">Wermelskirchen<\/span><span class=\"zip\">429 29<\/span><span class=\"country\">N\u011bmecko<\/span><\/dc-con><span class=\"email\">mail@bgs-technic.de<\/span><span class=\"phone\">+49 2196-720480<\/span><bs-empty><\/bs-empty><a href=\"https:\/\/www.bgstechnic.com\/\" class=\"link\" target=\"_blank\">https:\/\/www.bgstechnic.com\/<\/a><\/dc-con><bs-empty><\/bs-empty><\/dc-root><\/div>\n<p><bs-empty><\/bs-empty><\/div>\n<\/div>\n<div id=\"e3862934\" class=\"tabs\">\n","protected":false},"excerpt":{"rendered":"<p>Povrchov\u00e1 \u00faprava: Chromov\u00e1no Hrub\u00e1 hmotnost: 730 g D\u00e9lka: 500 mm Technick\u00e9 informace Povrchov\u00e1 \u00faprava: Chromov\u00e1no Hrub\u00e1 hmotnost: 730 g D\u00e9lka: 500 mm Vyu\u017eit\u00ed mont\u00e1\u017en\u00ed a demont\u00e1\u017en\u00ed pr\u00e1ce servis vozidel a techniky pr\u00e1ce v autoservisu i dom\u00e1c\u00ed d\u00edln\u011b V\u00fdhody odoln\u00e1 konstrukce efektivn\u00ed pr\u00e1ce bez zbyte\u010dn\u00e9 n\u00e1mahy vhodn\u00e9 pro ka\u017edodenn\u00ed pou\u017eit\u00ed Tip P\u0159ed v\u00fdb\u011brem zkontroluj kompatibilitu s [&hellip;]<\/p>\n","protected":false},"featured_media":40070,"comment_status":"open","ping_status":"open","template":"","meta":[],"product_brand":[],"product_cat":[85],"product_tag":[],"class_list":{"0":"post-39970","1":"product","2":"type-product","3":"status-publish","4":"has-post-thumbnail","6":"product_cat-rucn-237-n-225-rad-237-a-d-237-lna","8":"first","9":"instock","10":"sale","11":"shipping-taxable","12":"purchasable","13":"product-type-simple"},"yoast_head":"<!-- This site is optimized with the Yoast SEO plugin v26.8 - https:\/\/yoast.com\/product\/yoast-seo-wordpress\/ -->\n<title>Zna\u010dkov\u00fd BGS P\u00e1ka mont\u00e1\u017en\u00ed 500 mm -<\/title>\n<meta name=\"robots\" content=\"index, follow, max-snippet:-1, max-image-preview:large, max-video-preview:-1\" \/>\n<link rel=\"canonical\" href=\"https:\/\/www.koupeltech.com\/index.php\/produkt\/znackovy-bgs-paka-montazni-500-mm-39970\/\" \/>\n<meta property=\"og:locale\" content=\"cs_CZ\" \/>\n<meta property=\"og:type\" content=\"article\" \/>\n<meta property=\"og:title\" content=\"Zna\u010dkov\u00fd BGS P\u00e1ka mont\u00e1\u017en\u00ed 500 mm -\" \/>\n<meta property=\"og:description\" content=\"Povrchov\u00e1 \u00faprava: Chromov\u00e1no Hrub\u00e1 hmotnost: 730 g D\u00e9lka: 500 mm Technick\u00e9 informace Povrchov\u00e1 \u00faprava: Chromov\u00e1no Hrub\u00e1 hmotnost: 730 g D\u00e9lka: 500 mm Vyu\u017eit\u00ed mont\u00e1\u017en\u00ed a demont\u00e1\u017en\u00ed pr\u00e1ce servis vozidel a techniky pr\u00e1ce v autoservisu i dom\u00e1c\u00ed d\u00edln\u011b V\u00fdhody odoln\u00e1 konstrukce efektivn\u00ed pr\u00e1ce bez zbyte\u010dn\u00e9 n\u00e1mahy vhodn\u00e9 pro ka\u017edodenn\u00ed pou\u017eit\u00ed Tip P\u0159ed v\u00fdb\u011brem zkontroluj kompatibilitu s [&hellip;]\" \/>\n<meta property=\"og:url\" content=\"https:\/\/www.koupeltech.com\/index.php\/produkt\/znackovy-bgs-paka-montazni-500-mm-39970\/\" \/>\n<meta property=\"og:image\" content=\"https:\/\/www.koupeltech.com\/wp-content\/uploads\/2026\/SK0020620-CZ20260425-093449-0-1777080896-bgs-paka-montazni-500-mm.webp\" \/>\n\t<meta property=\"og:image:width\" content=\"1000\" \/>\n\t<meta property=\"og:image:height\" content=\"525\" \/>\n\t<meta property=\"og:image:type\" content=\"image\/webp\" \/>\n<meta name=\"twitter:card\" content=\"summary_large_image\" \/>\n<meta name=\"twitter:label1\" content=\"Odhadovan\u00e1 doba \u010dten\u00ed\" \/>\n\t<meta name=\"twitter:data1\" content=\"1 minuta\" \/>\n<script type=\"application\/ld+json\" class=\"yoast-schema-graph\">{\"@context\":\"https:\/\/schema.org\",\"@graph\":[{\"@type\":\"WebPage\",\"@id\":\"https:\/\/www.koupeltech.com\/index.php\/produkt\/znackovy-bgs-paka-montazni-500-mm-39970\/\",\"url\":\"https:\/\/www.koupeltech.com\/index.php\/produkt\/znackovy-bgs-paka-montazni-500-mm-39970\/\",\"name\":\"Zna\u010dkov\u00fd BGS P\u00e1ka mont\u00e1\u017en\u00ed 500 mm -\",\"isPartOf\":{\"@id\":\"https:\/\/www.koupeltech.com\/#website\"},\"primaryImageOfPage\":{\"@id\":\"https:\/\/www.koupeltech.com\/index.php\/produkt\/znackovy-bgs-paka-montazni-500-mm-39970\/#primaryimage\"},\"image\":{\"@id\":\"https:\/\/www.koupeltech.com\/index.php\/produkt\/znackovy-bgs-paka-montazni-500-mm-39970\/#primaryimage\"},\"thumbnailUrl\":\"https:\/\/www.koupeltech.com\/wp-content\/uploads\/2026\/SK0020620-CZ20260425-093449-0-1777080896-bgs-paka-montazni-500-mm.webp\",\"datePublished\":\"2026-04-27T14:01:49+00:00\",\"breadcrumb\":{\"@id\":\"https:\/\/www.koupeltech.com\/index.php\/produkt\/znackovy-bgs-paka-montazni-500-mm-39970\/#breadcrumb\"},\"inLanguage\":\"cs\",\"potentialAction\":[{\"@type\":\"ReadAction\",\"target\":[\"https:\/\/www.koupeltech.com\/index.php\/produkt\/znackovy-bgs-paka-montazni-500-mm-39970\/\"]}]},{\"@type\":\"ImageObject\",\"inLanguage\":\"cs\",\"@id\":\"https:\/\/www.koupeltech.com\/index.php\/produkt\/znackovy-bgs-paka-montazni-500-mm-39970\/#primaryimage\",\"url\":\"https:\/\/www.koupeltech.com\/wp-content\/uploads\/2026\/SK0020620-CZ20260425-093449-0-1777080896-bgs-paka-montazni-500-mm.webp\",\"contentUrl\":\"https:\/\/www.koupeltech.com\/wp-content\/uploads\/2026\/SK0020620-CZ20260425-093449-0-1777080896-bgs-paka-montazni-500-mm.webp\",\"width\":1000,\"height\":525},{\"@type\":\"BreadcrumbList\",\"@id\":\"https:\/\/www.koupeltech.com\/index.php\/produkt\/znackovy-bgs-paka-montazni-500-mm-39970\/#breadcrumb\",\"itemListElement\":[{\"@type\":\"ListItem\",\"position\":1,\"name\":\"Home\",\"item\":\"https:\/\/www.koupeltech.com\/\"},{\"@type\":\"ListItem\",\"position\":2,\"name\":\"Products\",\"item\":\"https:\/\/www.koupeltech.com\/index.php\/products\/\"},{\"@type\":\"ListItem\",\"position\":3,\"name\":\"Zna\u010dkov\u00fd BGS P\u00e1ka mont\u00e1\u017en\u00ed 500 mm\"}]},{\"@type\":\"WebSite\",\"@id\":\"https:\/\/www.koupeltech.com\/#website\",\"url\":\"https:\/\/www.koupeltech.com\/\",\"name\":\"\",\"description\":\"\",\"potentialAction\":[{\"@type\":\"SearchAction\",\"target\":{\"@type\":\"EntryPoint\",\"urlTemplate\":\"https:\/\/www.koupeltech.com\/?s={search_term_string}\"},\"query-input\":{\"@type\":\"PropertyValueSpecification\",\"valueRequired\":true,\"valueName\":\"search_term_string\"}}],\"inLanguage\":\"cs\"}]}<\/script>\n<!-- \/ Yoast SEO plugin. -->","yoast_head_json":{"title":"Zna\u010dkov\u00fd BGS P\u00e1ka mont\u00e1\u017en\u00ed 500 mm -","robots":{"index":"index","follow":"follow","max-snippet":"max-snippet:-1","max-image-preview":"max-image-preview:large","max-video-preview":"max-video-preview:-1"},"canonical":"https:\/\/www.koupeltech.com\/index.php\/produkt\/znackovy-bgs-paka-montazni-500-mm-39970\/","og_locale":"cs_CZ","og_type":"article","og_title":"Zna\u010dkov\u00fd BGS P\u00e1ka mont\u00e1\u017en\u00ed 500 mm -","og_description":"Povrchov\u00e1 \u00faprava: Chromov\u00e1no Hrub\u00e1 hmotnost: 730 g D\u00e9lka: 500 mm Technick\u00e9 informace Povrchov\u00e1 \u00faprava: Chromov\u00e1no Hrub\u00e1 hmotnost: 730 g D\u00e9lka: 500 mm Vyu\u017eit\u00ed mont\u00e1\u017en\u00ed a demont\u00e1\u017en\u00ed pr\u00e1ce servis vozidel a techniky pr\u00e1ce v autoservisu i dom\u00e1c\u00ed d\u00edln\u011b V\u00fdhody odoln\u00e1 konstrukce efektivn\u00ed pr\u00e1ce bez zbyte\u010dn\u00e9 n\u00e1mahy vhodn\u00e9 pro ka\u017edodenn\u00ed pou\u017eit\u00ed Tip P\u0159ed v\u00fdb\u011brem zkontroluj kompatibilitu s [&hellip;]","og_url":"https:\/\/www.koupeltech.com\/index.php\/produkt\/znackovy-bgs-paka-montazni-500-mm-39970\/","og_image":[{"width":1000,"height":525,"url":"https:\/\/www.koupeltech.com\/wp-content\/uploads\/2026\/SK0020620-CZ20260425-093449-0-1777080896-bgs-paka-montazni-500-mm.webp","type":"image\/webp"}],"twitter_card":"summary_large_image","twitter_misc":{"Odhadovan\u00e1 doba \u010dten\u00ed":"1 minuta"},"schema":{"@context":"https:\/\/schema.org","@graph":[{"@type":"WebPage","@id":"https:\/\/www.koupeltech.com\/index.php\/produkt\/znackovy-bgs-paka-montazni-500-mm-39970\/","url":"https:\/\/www.koupeltech.com\/index.php\/produkt\/znackovy-bgs-paka-montazni-500-mm-39970\/","name":"Zna\u010dkov\u00fd BGS P\u00e1ka mont\u00e1\u017en\u00ed 500 mm -","isPartOf":{"@id":"https:\/\/www.koupeltech.com\/#website"},"primaryImageOfPage":{"@id":"https:\/\/www.koupeltech.com\/index.php\/produkt\/znackovy-bgs-paka-montazni-500-mm-39970\/#primaryimage"},"image":{"@id":"https:\/\/www.koupeltech.com\/index.php\/produkt\/znackovy-bgs-paka-montazni-500-mm-39970\/#primaryimage"},"thumbnailUrl":"https:\/\/www.koupeltech.com\/wp-content\/uploads\/2026\/SK0020620-CZ20260425-093449-0-1777080896-bgs-paka-montazni-500-mm.webp","datePublished":"2026-04-27T14:01:49+00:00","breadcrumb":{"@id":"https:\/\/www.koupeltech.com\/index.php\/produkt\/znackovy-bgs-paka-montazni-500-mm-39970\/#breadcrumb"},"inLanguage":"cs","potentialAction":[{"@type":"ReadAction","target":["https:\/\/www.koupeltech.com\/index.php\/produkt\/znackovy-bgs-paka-montazni-500-mm-39970\/"]}]},{"@type":"ImageObject","inLanguage":"cs","@id":"https:\/\/www.koupeltech.com\/index.php\/produkt\/znackovy-bgs-paka-montazni-500-mm-39970\/#primaryimage","url":"https:\/\/www.koupeltech.com\/wp-content\/uploads\/2026\/SK0020620-CZ20260425-093449-0-1777080896-bgs-paka-montazni-500-mm.webp","contentUrl":"https:\/\/www.koupeltech.com\/wp-content\/uploads\/2026\/SK0020620-CZ20260425-093449-0-1777080896-bgs-paka-montazni-500-mm.webp","width":1000,"height":525},{"@type":"BreadcrumbList","@id":"https:\/\/www.koupeltech.com\/index.php\/produkt\/znackovy-bgs-paka-montazni-500-mm-39970\/#breadcrumb","itemListElement":[{"@type":"ListItem","position":1,"name":"Home","item":"https:\/\/www.koupeltech.com\/"},{"@type":"ListItem","position":2,"name":"Products","item":"https:\/\/www.koupeltech.com\/index.php\/products\/"},{"@type":"ListItem","position":3,"name":"Zna\u010dkov\u00fd BGS P\u00e1ka mont\u00e1\u017en\u00ed 500 mm"}]},{"@type":"WebSite","@id":"https:\/\/www.koupeltech.com\/#website","url":"https:\/\/www.koupeltech.com\/","name":"","description":"","potentialAction":[{"@type":"SearchAction","target":{"@type":"EntryPoint","urlTemplate":"https:\/\/www.koupeltech.com\/?s={search_term_string}"},"query-input":{"@type":"PropertyValueSpecification","valueRequired":true,"valueName":"search_term_string"}}],"inLanguage":"cs"}]}},"_links":{"self":[{"href":"https:\/\/www.koupeltech.com\/index.php\/wp-json\/wp\/v2\/product\/39970","targetHints":{"allow":["GET"]}}],"collection":[{"href":"https:\/\/www.koupeltech.com\/index.php\/wp-json\/wp\/v2\/product"}],"about":[{"href":"https:\/\/www.koupeltech.com\/index.php\/wp-json\/wp\/v2\/types\/product"}],"replies":[{"embeddable":true,"href":"https:\/\/www.koupeltech.com\/index.php\/wp-json\/wp\/v2\/comments?post=39970"}],"wp:featuredmedia":[{"embeddable":true,"href":"https:\/\/www.koupeltech.com\/index.php\/wp-json\/wp\/v2\/media\/40070"}],"wp:attachment":[{"href":"https:\/\/www.koupeltech.com\/index.php\/wp-json\/wp\/v2\/media?parent=39970"}],"wp:term":[{"taxonomy":"product_brand","embeddable":true,"href":"https:\/\/www.koupeltech.com\/index.php\/wp-json\/wp\/v2\/product_brand?post=39970"},{"taxonomy":"product_cat","embeddable":true,"href":"https:\/\/www.koupeltech.com\/index.php\/wp-json\/wp\/v2\/product_cat?post=39970"},{"taxonomy":"product_tag","embeddable":true,"href":"https:\/\/www.koupeltech.com\/index.php\/wp-json\/wp\/v2\/product_tag?post=39970"}],"curies":[{"name":"wp","href":"https:\/\/api.w.org\/{rel}","templated":true}]}}