{"id":40139,"date":"2026-04-27T14:01:50","date_gmt":"2026-04-27T14:01:50","guid":{"rendered":""},"modified":"2026-04-27T14:01:50","modified_gmt":"2026-04-27T14:01:50","slug":"akcni-cena-bgs-kleste-telefonni-prodlouzene-280-mm-sada-3-ks-40139","status":"publish","type":"product","link":"https:\/\/www.koupeltech.com\/index.php\/produkt\/akcni-cena-bgs-kleste-telefonni-prodlouzene-280-mm-sada-3-ks-40139\/","title":{"rendered":"Ak\u010dn\u00ed Cena BGS Kle\u0161t\u011b telefonn\u00ed prodlou\u017een\u00e9, 280 mm, sada 3 ks"},"content":{"rendered":"<div id=\"e4353897\" class=\"pages\">\n<div>\n<div id=\"PDDescription\" class=\"UserContentView userContent v1a v1 bs-view dcon dc164 PDDescription\" ><dc-con><dc-con><bs-empty><\/bs-empty><\/dc-con><dc-con>        <\/p>\n<div class=\"customDescription\">                    <\/div>\n<p><\/dc-con><dc-con><\/p>\n<h2>Vyu\u017eit\u00ed<\/h2>\n<ul>\n<li>uchopen\u00ed, p\u0159idr\u017een\u00ed a tvarov\u00e1n\u00ed materi\u00e1lu<\/li>\n<li>mont\u00e1\u017en\u00ed a servisn\u00ed pr\u00e1ce<\/li>\n<li>pr\u00e1ce v d\u00edln\u011b i na stavb\u011b<\/li>\n<\/ul>\n<h2>V\u00fdhody<\/h2>\n<ul>\n<li>pevn\u00fd a jist\u00fd \u00fachop<\/li>\n<li>odoln\u00e1 konstrukce<\/li>\n<li>dlouh\u00e1 \u017eivotnost p\u0159i intenzivn\u00edm pou\u017e\u00edv\u00e1n\u00ed<\/li>\n<\/ul>\n<h2>Tip<\/h2>\n<p>Vyber spr\u00e1vn\u00fd typ kle\u0161t\u00ed podle pou\u017eit\u00ed \u2013 kombinovan\u00e9, \u0161t\u00edpac\u00ed, siko nebo speci\u00e1ln\u00ed servisn\u00ed proveden\u00ed. Spr\u00e1vn\u00e1 volba v\u00fdrazn\u011b usnadn\u00ed pr\u00e1ci.<\/p>\n<p><\/dc-con><\/dc-con><\/div>\n<div id=\"PDDescription2\" class=\"UserContentView userContent v1a v1 bs-view dcon dc165 PDDescription2\" >V\u00dd\u0160KA BALEN\u00cd<\/div>\n<\/p><\/div>\n<div id=\"PDTable3\" class=\"ProductDetailTableView v3a v3 bs-view dcon dc185 PDTable3\" >\n<table>\n<thead><\/thead>\n<tbody>\n<tr class=\"attribute attr_bsshop_maker\">\n<td class=\"caption\">V\u00fdrobce<\/td>\n<td class=\"value\">BGS Technic<\/td>\n<\/tr>\n<\/tbody>\n<\/table>\n<\/div>\n<div id=\"PdProductGpsr\" class=\"ProductGpsrView v1a v1 bs-view dcon dc217 PdProductGpsr\" >\n<div class=\"subject\"><dc-root class=\"dcon dc219\"><span class=\"title\">Zodpov\u011bdn&#253; subjekt:<\/span><dc-con><dc-con><span class=\"company\">BGS technik KG<\/span><span class=\"name\">BGS Technic<\/span><\/dc-con><dc-con><span class=\"street\">Bandwirkerstr. 3<\/span><span class=\"city\">Wermelskirchen<\/span><span class=\"zip\">429 29<\/span><span class=\"country\">N\u011bmecko<\/span><\/dc-con><span class=\"email\">mail@bgs-technic.de<\/span><span class=\"phone\">+49 2196-720480<\/span><bs-empty><\/bs-empty><a href=\"https:\/\/www.bgstechnic.com\/\" class=\"link\" target=\"_blank\">https:\/\/www.bgstechnic.com\/<\/a><\/dc-con><bs-empty><\/bs-empty><\/dc-root><\/div>\n<p><bs-empty><\/bs-empty><\/div>\n<\/div>\n<div id=\"e4353898\" class=\"tabs\">\n","protected":false},"excerpt":{"rendered":"<p>Vyu\u017eit\u00ed uchopen\u00ed, p\u0159idr\u017een\u00ed a tvarov\u00e1n\u00ed materi\u00e1lu mont\u00e1\u017en\u00ed a servisn\u00ed pr\u00e1ce pr\u00e1ce v d\u00edln\u011b i na stavb\u011b V\u00fdhody pevn\u00fd a jist\u00fd \u00fachop odoln\u00e1 konstrukce dlouh\u00e1 \u017eivotnost p\u0159i intenzivn\u00edm pou\u017e\u00edv\u00e1n\u00ed Tip Vyber spr\u00e1vn\u00fd typ kle\u0161t\u00ed podle pou\u017eit\u00ed \u2013 kombinovan\u00e9, \u0161t\u00edpac\u00ed, siko nebo speci\u00e1ln\u00ed servisn\u00ed proveden\u00ed. Spr\u00e1vn\u00e1 volba v\u00fdrazn\u011b usnadn\u00ed pr\u00e1ci. V\u00dd\u0160KA BALEN\u00cd V\u00fdrobce BGS Technic Zodpov\u011bdn&#253; subjekt:BGS [&hellip;]<\/p>\n","protected":false},"featured_media":40239,"comment_status":"open","ping_status":"open","template":"","meta":[],"product_brand":[],"product_cat":[85],"product_tag":[],"class_list":{"0":"post-40139","1":"product","2":"type-product","3":"status-publish","4":"has-post-thumbnail","6":"product_cat-rucn-237-n-225-rad-237-a-d-237-lna","8":"first","9":"instock","10":"sale","11":"shipping-taxable","12":"purchasable","13":"product-type-simple"},"yoast_head":"<!-- This site is optimized with the Yoast SEO plugin v26.8 - https:\/\/yoast.com\/product\/yoast-seo-wordpress\/ -->\n<title>Ak\u010dn\u00ed Cena BGS Kle\u0161t\u011b telefonn\u00ed prodlou\u017een\u00e9, 280 mm, sada 3 ks -<\/title>\n<meta name=\"robots\" content=\"index, follow, max-snippet:-1, max-image-preview:large, max-video-preview:-1\" \/>\n<link rel=\"canonical\" href=\"https:\/\/www.koupeltech.com\/index.php\/produkt\/akcni-cena-bgs-kleste-telefonni-prodlouzene-280-mm-sada-3-ks-40139\/\" \/>\n<meta property=\"og:locale\" content=\"cs_CZ\" \/>\n<meta property=\"og:type\" content=\"article\" \/>\n<meta property=\"og:title\" content=\"Ak\u010dn\u00ed Cena BGS Kle\u0161t\u011b telefonn\u00ed prodlou\u017een\u00e9, 280 mm, sada 3 ks -\" \/>\n<meta property=\"og:description\" content=\"Vyu\u017eit\u00ed uchopen\u00ed, p\u0159idr\u017een\u00ed a tvarov\u00e1n\u00ed materi\u00e1lu mont\u00e1\u017en\u00ed a servisn\u00ed pr\u00e1ce pr\u00e1ce v d\u00edln\u011b i na stavb\u011b V\u00fdhody pevn\u00fd a jist\u00fd \u00fachop odoln\u00e1 konstrukce dlouh\u00e1 \u017eivotnost p\u0159i intenzivn\u00edm pou\u017e\u00edv\u00e1n\u00ed Tip Vyber spr\u00e1vn\u00fd typ kle\u0161t\u00ed podle pou\u017eit\u00ed \u2013 kombinovan\u00e9, \u0161t\u00edpac\u00ed, siko nebo speci\u00e1ln\u00ed servisn\u00ed proveden\u00ed. Spr\u00e1vn\u00e1 volba v\u00fdrazn\u011b usnadn\u00ed pr\u00e1ci. V\u00dd\u0160KA BALEN\u00cd V\u00fdrobce BGS Technic Zodpov\u011bdn&#253; subjekt:BGS [&hellip;]\" \/>\n<meta property=\"og:url\" content=\"https:\/\/www.koupeltech.com\/index.php\/produkt\/akcni-cena-bgs-kleste-telefonni-prodlouzene-280-mm-sada-3-ks-40139\/\" \/>\n<meta property=\"og:image\" content=\"https:\/\/www.koupeltech.com\/wp-content\/uploads\/2026\/SK0020691-CZ20260425-093449-0-1777080896-bgs-kleste-telefonni-prodlouzene-280-mm-sada-3-ks.webp\" \/>\n\t<meta property=\"og:image:width\" content=\"1000\" \/>\n\t<meta property=\"og:image:height\" content=\"525\" \/>\n\t<meta property=\"og:image:type\" content=\"image\/webp\" \/>\n<meta name=\"twitter:card\" content=\"summary_large_image\" \/>\n<script type=\"application\/ld+json\" class=\"yoast-schema-graph\">{\"@context\":\"https:\/\/schema.org\",\"@graph\":[{\"@type\":\"WebPage\",\"@id\":\"https:\/\/www.koupeltech.com\/index.php\/produkt\/akcni-cena-bgs-kleste-telefonni-prodlouzene-280-mm-sada-3-ks-40139\/\",\"url\":\"https:\/\/www.koupeltech.com\/index.php\/produkt\/akcni-cena-bgs-kleste-telefonni-prodlouzene-280-mm-sada-3-ks-40139\/\",\"name\":\"Ak\u010dn\u00ed Cena BGS Kle\u0161t\u011b telefonn\u00ed prodlou\u017een\u00e9, 280 mm, sada 3 ks -\",\"isPartOf\":{\"@id\":\"https:\/\/www.koupeltech.com\/#website\"},\"primaryImageOfPage\":{\"@id\":\"https:\/\/www.koupeltech.com\/index.php\/produkt\/akcni-cena-bgs-kleste-telefonni-prodlouzene-280-mm-sada-3-ks-40139\/#primaryimage\"},\"image\":{\"@id\":\"https:\/\/www.koupeltech.com\/index.php\/produkt\/akcni-cena-bgs-kleste-telefonni-prodlouzene-280-mm-sada-3-ks-40139\/#primaryimage\"},\"thumbnailUrl\":\"https:\/\/www.koupeltech.com\/wp-content\/uploads\/2026\/SK0020691-CZ20260425-093449-0-1777080896-bgs-kleste-telefonni-prodlouzene-280-mm-sada-3-ks.webp\",\"datePublished\":\"2026-04-27T14:01:50+00:00\",\"breadcrumb\":{\"@id\":\"https:\/\/www.koupeltech.com\/index.php\/produkt\/akcni-cena-bgs-kleste-telefonni-prodlouzene-280-mm-sada-3-ks-40139\/#breadcrumb\"},\"inLanguage\":\"cs\",\"potentialAction\":[{\"@type\":\"ReadAction\",\"target\":[\"https:\/\/www.koupeltech.com\/index.php\/produkt\/akcni-cena-bgs-kleste-telefonni-prodlouzene-280-mm-sada-3-ks-40139\/\"]}]},{\"@type\":\"ImageObject\",\"inLanguage\":\"cs\",\"@id\":\"https:\/\/www.koupeltech.com\/index.php\/produkt\/akcni-cena-bgs-kleste-telefonni-prodlouzene-280-mm-sada-3-ks-40139\/#primaryimage\",\"url\":\"https:\/\/www.koupeltech.com\/wp-content\/uploads\/2026\/SK0020691-CZ20260425-093449-0-1777080896-bgs-kleste-telefonni-prodlouzene-280-mm-sada-3-ks.webp\",\"contentUrl\":\"https:\/\/www.koupeltech.com\/wp-content\/uploads\/2026\/SK0020691-CZ20260425-093449-0-1777080896-bgs-kleste-telefonni-prodlouzene-280-mm-sada-3-ks.webp\",\"width\":1000,\"height\":525},{\"@type\":\"BreadcrumbList\",\"@id\":\"https:\/\/www.koupeltech.com\/index.php\/produkt\/akcni-cena-bgs-kleste-telefonni-prodlouzene-280-mm-sada-3-ks-40139\/#breadcrumb\",\"itemListElement\":[{\"@type\":\"ListItem\",\"position\":1,\"name\":\"Home\",\"item\":\"https:\/\/www.koupeltech.com\/\"},{\"@type\":\"ListItem\",\"position\":2,\"name\":\"Products\",\"item\":\"https:\/\/www.koupeltech.com\/index.php\/products\/\"},{\"@type\":\"ListItem\",\"position\":3,\"name\":\"Ak\u010dn\u00ed Cena BGS Kle\u0161t\u011b telefonn\u00ed prodlou\u017een\u00e9, 280 mm, sada 3 ks\"}]},{\"@type\":\"WebSite\",\"@id\":\"https:\/\/www.koupeltech.com\/#website\",\"url\":\"https:\/\/www.koupeltech.com\/\",\"name\":\"\",\"description\":\"\",\"potentialAction\":[{\"@type\":\"SearchAction\",\"target\":{\"@type\":\"EntryPoint\",\"urlTemplate\":\"https:\/\/www.koupeltech.com\/?s={search_term_string}\"},\"query-input\":{\"@type\":\"PropertyValueSpecification\",\"valueRequired\":true,\"valueName\":\"search_term_string\"}}],\"inLanguage\":\"cs\"}]}<\/script>\n<!-- \/ Yoast SEO plugin. -->","yoast_head_json":{"title":"Ak\u010dn\u00ed Cena BGS Kle\u0161t\u011b telefonn\u00ed prodlou\u017een\u00e9, 280 mm, sada 3 ks -","robots":{"index":"index","follow":"follow","max-snippet":"max-snippet:-1","max-image-preview":"max-image-preview:large","max-video-preview":"max-video-preview:-1"},"canonical":"https:\/\/www.koupeltech.com\/index.php\/produkt\/akcni-cena-bgs-kleste-telefonni-prodlouzene-280-mm-sada-3-ks-40139\/","og_locale":"cs_CZ","og_type":"article","og_title":"Ak\u010dn\u00ed Cena BGS Kle\u0161t\u011b telefonn\u00ed prodlou\u017een\u00e9, 280 mm, sada 3 ks -","og_description":"Vyu\u017eit\u00ed uchopen\u00ed, p\u0159idr\u017een\u00ed a tvarov\u00e1n\u00ed materi\u00e1lu mont\u00e1\u017en\u00ed a servisn\u00ed pr\u00e1ce pr\u00e1ce v d\u00edln\u011b i na stavb\u011b V\u00fdhody pevn\u00fd a jist\u00fd \u00fachop odoln\u00e1 konstrukce dlouh\u00e1 \u017eivotnost p\u0159i intenzivn\u00edm pou\u017e\u00edv\u00e1n\u00ed Tip Vyber spr\u00e1vn\u00fd typ kle\u0161t\u00ed podle pou\u017eit\u00ed \u2013 kombinovan\u00e9, \u0161t\u00edpac\u00ed, siko nebo speci\u00e1ln\u00ed servisn\u00ed proveden\u00ed. Spr\u00e1vn\u00e1 volba v\u00fdrazn\u011b usnadn\u00ed pr\u00e1ci. V\u00dd\u0160KA BALEN\u00cd V\u00fdrobce BGS Technic Zodpov\u011bdn&#253; subjekt:BGS [&hellip;]","og_url":"https:\/\/www.koupeltech.com\/index.php\/produkt\/akcni-cena-bgs-kleste-telefonni-prodlouzene-280-mm-sada-3-ks-40139\/","og_image":[{"width":1000,"height":525,"url":"https:\/\/www.koupeltech.com\/wp-content\/uploads\/2026\/SK0020691-CZ20260425-093449-0-1777080896-bgs-kleste-telefonni-prodlouzene-280-mm-sada-3-ks.webp","type":"image\/webp"}],"twitter_card":"summary_large_image","schema":{"@context":"https:\/\/schema.org","@graph":[{"@type":"WebPage","@id":"https:\/\/www.koupeltech.com\/index.php\/produkt\/akcni-cena-bgs-kleste-telefonni-prodlouzene-280-mm-sada-3-ks-40139\/","url":"https:\/\/www.koupeltech.com\/index.php\/produkt\/akcni-cena-bgs-kleste-telefonni-prodlouzene-280-mm-sada-3-ks-40139\/","name":"Ak\u010dn\u00ed Cena BGS Kle\u0161t\u011b telefonn\u00ed prodlou\u017een\u00e9, 280 mm, sada 3 ks -","isPartOf":{"@id":"https:\/\/www.koupeltech.com\/#website"},"primaryImageOfPage":{"@id":"https:\/\/www.koupeltech.com\/index.php\/produkt\/akcni-cena-bgs-kleste-telefonni-prodlouzene-280-mm-sada-3-ks-40139\/#primaryimage"},"image":{"@id":"https:\/\/www.koupeltech.com\/index.php\/produkt\/akcni-cena-bgs-kleste-telefonni-prodlouzene-280-mm-sada-3-ks-40139\/#primaryimage"},"thumbnailUrl":"https:\/\/www.koupeltech.com\/wp-content\/uploads\/2026\/SK0020691-CZ20260425-093449-0-1777080896-bgs-kleste-telefonni-prodlouzene-280-mm-sada-3-ks.webp","datePublished":"2026-04-27T14:01:50+00:00","breadcrumb":{"@id":"https:\/\/www.koupeltech.com\/index.php\/produkt\/akcni-cena-bgs-kleste-telefonni-prodlouzene-280-mm-sada-3-ks-40139\/#breadcrumb"},"inLanguage":"cs","potentialAction":[{"@type":"ReadAction","target":["https:\/\/www.koupeltech.com\/index.php\/produkt\/akcni-cena-bgs-kleste-telefonni-prodlouzene-280-mm-sada-3-ks-40139\/"]}]},{"@type":"ImageObject","inLanguage":"cs","@id":"https:\/\/www.koupeltech.com\/index.php\/produkt\/akcni-cena-bgs-kleste-telefonni-prodlouzene-280-mm-sada-3-ks-40139\/#primaryimage","url":"https:\/\/www.koupeltech.com\/wp-content\/uploads\/2026\/SK0020691-CZ20260425-093449-0-1777080896-bgs-kleste-telefonni-prodlouzene-280-mm-sada-3-ks.webp","contentUrl":"https:\/\/www.koupeltech.com\/wp-content\/uploads\/2026\/SK0020691-CZ20260425-093449-0-1777080896-bgs-kleste-telefonni-prodlouzene-280-mm-sada-3-ks.webp","width":1000,"height":525},{"@type":"BreadcrumbList","@id":"https:\/\/www.koupeltech.com\/index.php\/produkt\/akcni-cena-bgs-kleste-telefonni-prodlouzene-280-mm-sada-3-ks-40139\/#breadcrumb","itemListElement":[{"@type":"ListItem","position":1,"name":"Home","item":"https:\/\/www.koupeltech.com\/"},{"@type":"ListItem","position":2,"name":"Products","item":"https:\/\/www.koupeltech.com\/index.php\/products\/"},{"@type":"ListItem","position":3,"name":"Ak\u010dn\u00ed Cena BGS Kle\u0161t\u011b telefonn\u00ed prodlou\u017een\u00e9, 280 mm, sada 3 ks"}]},{"@type":"WebSite","@id":"https:\/\/www.koupeltech.com\/#website","url":"https:\/\/www.koupeltech.com\/","name":"","description":"","potentialAction":[{"@type":"SearchAction","target":{"@type":"EntryPoint","urlTemplate":"https:\/\/www.koupeltech.com\/?s={search_term_string}"},"query-input":{"@type":"PropertyValueSpecification","valueRequired":true,"valueName":"search_term_string"}}],"inLanguage":"cs"}]}},"_links":{"self":[{"href":"https:\/\/www.koupeltech.com\/index.php\/wp-json\/wp\/v2\/product\/40139","targetHints":{"allow":["GET"]}}],"collection":[{"href":"https:\/\/www.koupeltech.com\/index.php\/wp-json\/wp\/v2\/product"}],"about":[{"href":"https:\/\/www.koupeltech.com\/index.php\/wp-json\/wp\/v2\/types\/product"}],"replies":[{"embeddable":true,"href":"https:\/\/www.koupeltech.com\/index.php\/wp-json\/wp\/v2\/comments?post=40139"}],"wp:featuredmedia":[{"embeddable":true,"href":"https:\/\/www.koupeltech.com\/index.php\/wp-json\/wp\/v2\/media\/40239"}],"wp:attachment":[{"href":"https:\/\/www.koupeltech.com\/index.php\/wp-json\/wp\/v2\/media?parent=40139"}],"wp:term":[{"taxonomy":"product_brand","embeddable":true,"href":"https:\/\/www.koupeltech.com\/index.php\/wp-json\/wp\/v2\/product_brand?post=40139"},{"taxonomy":"product_cat","embeddable":true,"href":"https:\/\/www.koupeltech.com\/index.php\/wp-json\/wp\/v2\/product_cat?post=40139"},{"taxonomy":"product_tag","embeddable":true,"href":"https:\/\/www.koupeltech.com\/index.php\/wp-json\/wp\/v2\/product_tag?post=40139"}],"curies":[{"name":"wp","href":"https:\/\/api.w.org\/{rel}","templated":true}]}}