{"id":40299,"date":"2026-04-27T14:01:52","date_gmt":"2026-04-27T14:01:52","guid":{"rendered":""},"modified":"2026-04-27T14:01:52","modified_gmt":"2026-04-27T14:01:52","slug":"znackovy-bgs-vlozka-do-dilenskeho-voziku-2-3-prazdna-pro-bgs-4194-40299","status":"publish","type":"product","link":"https:\/\/www.koupeltech.com\/index.php\/produkt\/znackovy-bgs-vlozka-do-dilenskeho-voziku-2-3-prazdna-pro-bgs-4194-40299\/","title":{"rendered":"Zna\u010dkov\u00fd BGS Vlo\u017eka do d\u00edlensk\u00e9ho voz\u00edku 2\/3, pr\u00e1zdn\u00e1, pro BGS 4194"},"content":{"rendered":"<div id=\"e4425676\" class=\"pages\">\n<div>\n<div id=\"PDDescription\" class=\"UserContentView userContent v1a v1 bs-view dcon dc164 PDDescription\" ><dc-con><dc-con><bs-empty><\/bs-empty><\/dc-con><dc-con>        <\/p>\n<div class=\"customDescription\">                    <\/div>\n<p><\/dc-con><dc-con><\/p>\n<ul>\n<li>z\u00e1sobn\u00edk na n\u00e1\u0159ad\u00ed vyroben\u00fd z vysoce odoln\u00e9 p\u011bny<\/li>\n<li>vhodn\u00fd pro v\u0161echny d\u00edlensk\u00e9 voz\u00edky BGS<\/li>\n<li>vhodn\u00fd pro BGS 4194<\/li>\n<\/ul>\n<h2>Technick\u00e9 informace<\/h2>\n<p>V\u00fd\u0161ka: 32 mm Hloubka: 408 mm Hrub\u00e1 hmotnost: 170 g \u0160\u00ed\u0159ka: 378 mm<\/p>\n<h2>Vyu\u017eit\u00ed<\/h2>\n<ul>\n<li>organizace n\u00e1\u0159ad\u00ed v z\u00e1suvk\u00e1ch d\u00edlensk\u00e9ho voz\u00edku<\/li>\n<li>ochrana n\u00e1stroj\u016f proti po\u0161kozen\u00ed<\/li>\n<li>rychl\u00e1 kontrola kompletnosti sady<\/li>\n<\/ul>\n<h2>V\u00fdhody<\/h2>\n<ul>\n<li>p\u0159ehledn\u00e9 a syst\u00e9mov\u00e9 uspo\u0159\u00e1d\u00e1n\u00ed n\u00e1\u0159ad\u00ed<\/li>\n<li>zrychlen\u00ed pr\u00e1ce v servisu<\/li>\n<li>odoln\u00fd materi\u00e1l vhodn\u00fd do n\u00e1ro\u010dn\u00e9ho provozu<\/li>\n<\/ul>\n<h2>Tip<\/h2>\n<p>Kombinuj v\u00edce modul\u016f podle typu n\u00e1\u0159ad\u00ed a vytvo\u0159 si vlastn\u00ed syst\u00e9m uspo\u0159\u00e1d\u00e1n\u00ed. Z\u00edsk\u00e1\u0161 lep\u0161\u00ed p\u0159ehled a u\u0161et\u0159\u00ed\u0161 \u010das p\u0159i ka\u017ed\u00e9 zak\u00e1zce.<\/p>\n<p><\/dc-con><\/dc-con><\/div>\n<div id=\"PDDescription2\" class=\"UserContentView userContent v1a v1 bs-view dcon dc165 PDDescription2\" >V\u00dd\u0160KA BALEN\u00cd<\/div>\n<\/p><\/div>\n<div id=\"PDTable3\" class=\"ProductDetailTableView v3a v3 bs-view dcon dc185 PDTable3\" >\n<table>\n<thead><\/thead>\n<tbody>\n<tr class=\"attribute attr_typ\">\n<td class=\"caption\">Typ<\/td>\n<td class=\"value\">Pr\u00e1zdn\u00e9<\/td>\n<\/tr>\n<tr class=\"attribute attr_bsshop_maker\">\n<td class=\"caption\">V\u00fdrobce<\/td>\n<td class=\"value\">BGS Technic<\/td>\n<\/tr>\n<\/tbody>\n<\/table>\n<\/div>\n<div id=\"PdProductGpsr\" class=\"ProductGpsrView v1a v1 bs-view dcon dc217 PdProductGpsr\" >\n<div class=\"subject\"><dc-root class=\"dcon dc219\"><span class=\"title\">Zodpov\u011bdn&#253; subjekt:<\/span><dc-con><dc-con><span class=\"company\">BGS technik KG<\/span><span class=\"name\">BGS Technic<\/span><\/dc-con><dc-con><span class=\"street\">Bandwirkerstr. 3<\/span><span class=\"city\">Wermelskirchen<\/span><span class=\"zip\">429 29<\/span><span class=\"country\">N\u011bmecko<\/span><\/dc-con><span class=\"email\">mail@bgs-technic.de<\/span><span class=\"phone\">+49 2196-720480<\/span><bs-empty><\/bs-empty><a href=\"https:\/\/www.bgstechnic.com\/\" class=\"link\" target=\"_blank\">https:\/\/www.bgstechnic.com\/<\/a><\/dc-con><bs-empty><\/bs-empty><\/dc-root><\/div>\n<p><bs-empty><\/bs-empty><\/div>\n<\/div>\n<div id=\"e4425677\" class=\"tabs\">\n","protected":false},"excerpt":{"rendered":"<p>z\u00e1sobn\u00edk na n\u00e1\u0159ad\u00ed vyroben\u00fd z vysoce odoln\u00e9 p\u011bny vhodn\u00fd pro v\u0161echny d\u00edlensk\u00e9 voz\u00edky BGS vhodn\u00fd pro BGS 4194 Technick\u00e9 informace V\u00fd\u0161ka: 32 mm Hloubka: 408 mm Hrub\u00e1 hmotnost: 170 g \u0160\u00ed\u0159ka: 378 mm Vyu\u017eit\u00ed organizace n\u00e1\u0159ad\u00ed v z\u00e1suvk\u00e1ch d\u00edlensk\u00e9ho voz\u00edku ochrana n\u00e1stroj\u016f proti po\u0161kozen\u00ed rychl\u00e1 kontrola kompletnosti sady V\u00fdhody p\u0159ehledn\u00e9 a syst\u00e9mov\u00e9 uspo\u0159\u00e1d\u00e1n\u00ed n\u00e1\u0159ad\u00ed zrychlen\u00ed [&hellip;]<\/p>\n","protected":false},"featured_media":40399,"comment_status":"open","ping_status":"open","template":"","meta":[],"product_brand":[],"product_cat":[85],"product_tag":[],"class_list":{"0":"post-40299","1":"product","2":"type-product","3":"status-publish","4":"has-post-thumbnail","6":"product_cat-rucn-237-n-225-rad-237-a-d-237-lna","8":"first","9":"instock","10":"sale","11":"shipping-taxable","12":"purchasable","13":"product-type-simple"},"yoast_head":"<!-- This site is optimized with the Yoast SEO plugin v26.8 - https:\/\/yoast.com\/product\/yoast-seo-wordpress\/ -->\n<title>Zna\u010dkov\u00fd BGS Vlo\u017eka do d\u00edlensk\u00e9ho voz\u00edku 2\/3, pr\u00e1zdn\u00e1, pro BGS 4194 -<\/title>\n<meta name=\"robots\" content=\"index, follow, max-snippet:-1, max-image-preview:large, max-video-preview:-1\" \/>\n<link rel=\"canonical\" href=\"https:\/\/www.koupeltech.com\/index.php\/produkt\/znackovy-bgs-vlozka-do-dilenskeho-voziku-2-3-prazdna-pro-bgs-4194-40299\/\" \/>\n<meta property=\"og:locale\" content=\"cs_CZ\" \/>\n<meta property=\"og:type\" content=\"article\" \/>\n<meta property=\"og:title\" content=\"Zna\u010dkov\u00fd BGS Vlo\u017eka do d\u00edlensk\u00e9ho voz\u00edku 2\/3, pr\u00e1zdn\u00e1, pro BGS 4194 -\" \/>\n<meta property=\"og:description\" content=\"z\u00e1sobn\u00edk na n\u00e1\u0159ad\u00ed vyroben\u00fd z vysoce odoln\u00e9 p\u011bny vhodn\u00fd pro v\u0161echny d\u00edlensk\u00e9 voz\u00edky BGS vhodn\u00fd pro BGS 4194 Technick\u00e9 informace V\u00fd\u0161ka: 32 mm Hloubka: 408 mm Hrub\u00e1 hmotnost: 170 g \u0160\u00ed\u0159ka: 378 mm Vyu\u017eit\u00ed organizace n\u00e1\u0159ad\u00ed v z\u00e1suvk\u00e1ch d\u00edlensk\u00e9ho voz\u00edku ochrana n\u00e1stroj\u016f proti po\u0161kozen\u00ed rychl\u00e1 kontrola kompletnosti sady V\u00fdhody p\u0159ehledn\u00e9 a syst\u00e9mov\u00e9 uspo\u0159\u00e1d\u00e1n\u00ed n\u00e1\u0159ad\u00ed zrychlen\u00ed [&hellip;]\" \/>\n<meta property=\"og:url\" content=\"https:\/\/www.koupeltech.com\/index.php\/produkt\/znackovy-bgs-vlozka-do-dilenskeho-voziku-2-3-prazdna-pro-bgs-4194-40299\/\" \/>\n<meta property=\"og:image\" content=\"https:\/\/www.koupeltech.com\/wp-content\/uploads\/2026\/SK0020751-CZ20260425-093449-0-1777080896-bgs-vlozka-do-dilenskeho-voziku-2-3-prazdna-pro-bgs-4194.jp.webp\" \/>\n\t<meta property=\"og:image:width\" content=\"1000\" \/>\n\t<meta property=\"og:image:height\" content=\"525\" \/>\n\t<meta property=\"og:image:type\" content=\"image\/webp\" \/>\n<meta name=\"twitter:card\" content=\"summary_large_image\" \/>\n<meta name=\"twitter:label1\" content=\"Odhadovan\u00e1 doba \u010dten\u00ed\" \/>\n\t<meta name=\"twitter:data1\" content=\"1 minuta\" \/>\n<script type=\"application\/ld+json\" class=\"yoast-schema-graph\">{\"@context\":\"https:\/\/schema.org\",\"@graph\":[{\"@type\":\"WebPage\",\"@id\":\"https:\/\/www.koupeltech.com\/index.php\/produkt\/znackovy-bgs-vlozka-do-dilenskeho-voziku-2-3-prazdna-pro-bgs-4194-40299\/\",\"url\":\"https:\/\/www.koupeltech.com\/index.php\/produkt\/znackovy-bgs-vlozka-do-dilenskeho-voziku-2-3-prazdna-pro-bgs-4194-40299\/\",\"name\":\"Zna\u010dkov\u00fd BGS Vlo\u017eka do d\u00edlensk\u00e9ho voz\u00edku 2\/3, pr\u00e1zdn\u00e1, pro BGS 4194 -\",\"isPartOf\":{\"@id\":\"https:\/\/www.koupeltech.com\/#website\"},\"primaryImageOfPage\":{\"@id\":\"https:\/\/www.koupeltech.com\/index.php\/produkt\/znackovy-bgs-vlozka-do-dilenskeho-voziku-2-3-prazdna-pro-bgs-4194-40299\/#primaryimage\"},\"image\":{\"@id\":\"https:\/\/www.koupeltech.com\/index.php\/produkt\/znackovy-bgs-vlozka-do-dilenskeho-voziku-2-3-prazdna-pro-bgs-4194-40299\/#primaryimage\"},\"thumbnailUrl\":\"https:\/\/www.koupeltech.com\/wp-content\/uploads\/2026\/SK0020751-CZ20260425-093449-0-1777080896-bgs-vlozka-do-dilenskeho-voziku-2-3-prazdna-pro-bgs-4194.jp.webp\",\"datePublished\":\"2026-04-27T14:01:52+00:00\",\"breadcrumb\":{\"@id\":\"https:\/\/www.koupeltech.com\/index.php\/produkt\/znackovy-bgs-vlozka-do-dilenskeho-voziku-2-3-prazdna-pro-bgs-4194-40299\/#breadcrumb\"},\"inLanguage\":\"cs\",\"potentialAction\":[{\"@type\":\"ReadAction\",\"target\":[\"https:\/\/www.koupeltech.com\/index.php\/produkt\/znackovy-bgs-vlozka-do-dilenskeho-voziku-2-3-prazdna-pro-bgs-4194-40299\/\"]}]},{\"@type\":\"ImageObject\",\"inLanguage\":\"cs\",\"@id\":\"https:\/\/www.koupeltech.com\/index.php\/produkt\/znackovy-bgs-vlozka-do-dilenskeho-voziku-2-3-prazdna-pro-bgs-4194-40299\/#primaryimage\",\"url\":\"https:\/\/www.koupeltech.com\/wp-content\/uploads\/2026\/SK0020751-CZ20260425-093449-0-1777080896-bgs-vlozka-do-dilenskeho-voziku-2-3-prazdna-pro-bgs-4194.jp.webp\",\"contentUrl\":\"https:\/\/www.koupeltech.com\/wp-content\/uploads\/2026\/SK0020751-CZ20260425-093449-0-1777080896-bgs-vlozka-do-dilenskeho-voziku-2-3-prazdna-pro-bgs-4194.jp.webp\",\"width\":1000,\"height\":525},{\"@type\":\"BreadcrumbList\",\"@id\":\"https:\/\/www.koupeltech.com\/index.php\/produkt\/znackovy-bgs-vlozka-do-dilenskeho-voziku-2-3-prazdna-pro-bgs-4194-40299\/#breadcrumb\",\"itemListElement\":[{\"@type\":\"ListItem\",\"position\":1,\"name\":\"Home\",\"item\":\"https:\/\/www.koupeltech.com\/\"},{\"@type\":\"ListItem\",\"position\":2,\"name\":\"Products\",\"item\":\"https:\/\/www.koupeltech.com\/index.php\/products\/\"},{\"@type\":\"ListItem\",\"position\":3,\"name\":\"Zna\u010dkov\u00fd BGS Vlo\u017eka do d\u00edlensk\u00e9ho voz\u00edku 2\/3, pr\u00e1zdn\u00e1, pro BGS 4194\"}]},{\"@type\":\"WebSite\",\"@id\":\"https:\/\/www.koupeltech.com\/#website\",\"url\":\"https:\/\/www.koupeltech.com\/\",\"name\":\"\",\"description\":\"\",\"potentialAction\":[{\"@type\":\"SearchAction\",\"target\":{\"@type\":\"EntryPoint\",\"urlTemplate\":\"https:\/\/www.koupeltech.com\/?s={search_term_string}\"},\"query-input\":{\"@type\":\"PropertyValueSpecification\",\"valueRequired\":true,\"valueName\":\"search_term_string\"}}],\"inLanguage\":\"cs\"}]}<\/script>\n<!-- \/ Yoast SEO plugin. -->","yoast_head_json":{"title":"Zna\u010dkov\u00fd BGS Vlo\u017eka do d\u00edlensk\u00e9ho voz\u00edku 2\/3, pr\u00e1zdn\u00e1, pro BGS 4194 -","robots":{"index":"index","follow":"follow","max-snippet":"max-snippet:-1","max-image-preview":"max-image-preview:large","max-video-preview":"max-video-preview:-1"},"canonical":"https:\/\/www.koupeltech.com\/index.php\/produkt\/znackovy-bgs-vlozka-do-dilenskeho-voziku-2-3-prazdna-pro-bgs-4194-40299\/","og_locale":"cs_CZ","og_type":"article","og_title":"Zna\u010dkov\u00fd BGS Vlo\u017eka do d\u00edlensk\u00e9ho voz\u00edku 2\/3, pr\u00e1zdn\u00e1, pro BGS 4194 -","og_description":"z\u00e1sobn\u00edk na n\u00e1\u0159ad\u00ed vyroben\u00fd z vysoce odoln\u00e9 p\u011bny vhodn\u00fd pro v\u0161echny d\u00edlensk\u00e9 voz\u00edky BGS vhodn\u00fd pro BGS 4194 Technick\u00e9 informace V\u00fd\u0161ka: 32 mm Hloubka: 408 mm Hrub\u00e1 hmotnost: 170 g \u0160\u00ed\u0159ka: 378 mm Vyu\u017eit\u00ed organizace n\u00e1\u0159ad\u00ed v z\u00e1suvk\u00e1ch d\u00edlensk\u00e9ho voz\u00edku ochrana n\u00e1stroj\u016f proti po\u0161kozen\u00ed rychl\u00e1 kontrola kompletnosti sady V\u00fdhody p\u0159ehledn\u00e9 a syst\u00e9mov\u00e9 uspo\u0159\u00e1d\u00e1n\u00ed n\u00e1\u0159ad\u00ed zrychlen\u00ed [&hellip;]","og_url":"https:\/\/www.koupeltech.com\/index.php\/produkt\/znackovy-bgs-vlozka-do-dilenskeho-voziku-2-3-prazdna-pro-bgs-4194-40299\/","og_image":[{"width":1000,"height":525,"url":"https:\/\/www.koupeltech.com\/wp-content\/uploads\/2026\/SK0020751-CZ20260425-093449-0-1777080896-bgs-vlozka-do-dilenskeho-voziku-2-3-prazdna-pro-bgs-4194.jp.webp","type":"image\/webp"}],"twitter_card":"summary_large_image","twitter_misc":{"Odhadovan\u00e1 doba \u010dten\u00ed":"1 minuta"},"schema":{"@context":"https:\/\/schema.org","@graph":[{"@type":"WebPage","@id":"https:\/\/www.koupeltech.com\/index.php\/produkt\/znackovy-bgs-vlozka-do-dilenskeho-voziku-2-3-prazdna-pro-bgs-4194-40299\/","url":"https:\/\/www.koupeltech.com\/index.php\/produkt\/znackovy-bgs-vlozka-do-dilenskeho-voziku-2-3-prazdna-pro-bgs-4194-40299\/","name":"Zna\u010dkov\u00fd BGS Vlo\u017eka do d\u00edlensk\u00e9ho voz\u00edku 2\/3, pr\u00e1zdn\u00e1, pro BGS 4194 -","isPartOf":{"@id":"https:\/\/www.koupeltech.com\/#website"},"primaryImageOfPage":{"@id":"https:\/\/www.koupeltech.com\/index.php\/produkt\/znackovy-bgs-vlozka-do-dilenskeho-voziku-2-3-prazdna-pro-bgs-4194-40299\/#primaryimage"},"image":{"@id":"https:\/\/www.koupeltech.com\/index.php\/produkt\/znackovy-bgs-vlozka-do-dilenskeho-voziku-2-3-prazdna-pro-bgs-4194-40299\/#primaryimage"},"thumbnailUrl":"https:\/\/www.koupeltech.com\/wp-content\/uploads\/2026\/SK0020751-CZ20260425-093449-0-1777080896-bgs-vlozka-do-dilenskeho-voziku-2-3-prazdna-pro-bgs-4194.jp.webp","datePublished":"2026-04-27T14:01:52+00:00","breadcrumb":{"@id":"https:\/\/www.koupeltech.com\/index.php\/produkt\/znackovy-bgs-vlozka-do-dilenskeho-voziku-2-3-prazdna-pro-bgs-4194-40299\/#breadcrumb"},"inLanguage":"cs","potentialAction":[{"@type":"ReadAction","target":["https:\/\/www.koupeltech.com\/index.php\/produkt\/znackovy-bgs-vlozka-do-dilenskeho-voziku-2-3-prazdna-pro-bgs-4194-40299\/"]}]},{"@type":"ImageObject","inLanguage":"cs","@id":"https:\/\/www.koupeltech.com\/index.php\/produkt\/znackovy-bgs-vlozka-do-dilenskeho-voziku-2-3-prazdna-pro-bgs-4194-40299\/#primaryimage","url":"https:\/\/www.koupeltech.com\/wp-content\/uploads\/2026\/SK0020751-CZ20260425-093449-0-1777080896-bgs-vlozka-do-dilenskeho-voziku-2-3-prazdna-pro-bgs-4194.jp.webp","contentUrl":"https:\/\/www.koupeltech.com\/wp-content\/uploads\/2026\/SK0020751-CZ20260425-093449-0-1777080896-bgs-vlozka-do-dilenskeho-voziku-2-3-prazdna-pro-bgs-4194.jp.webp","width":1000,"height":525},{"@type":"BreadcrumbList","@id":"https:\/\/www.koupeltech.com\/index.php\/produkt\/znackovy-bgs-vlozka-do-dilenskeho-voziku-2-3-prazdna-pro-bgs-4194-40299\/#breadcrumb","itemListElement":[{"@type":"ListItem","position":1,"name":"Home","item":"https:\/\/www.koupeltech.com\/"},{"@type":"ListItem","position":2,"name":"Products","item":"https:\/\/www.koupeltech.com\/index.php\/products\/"},{"@type":"ListItem","position":3,"name":"Zna\u010dkov\u00fd BGS Vlo\u017eka do d\u00edlensk\u00e9ho voz\u00edku 2\/3, pr\u00e1zdn\u00e1, pro BGS 4194"}]},{"@type":"WebSite","@id":"https:\/\/www.koupeltech.com\/#website","url":"https:\/\/www.koupeltech.com\/","name":"","description":"","potentialAction":[{"@type":"SearchAction","target":{"@type":"EntryPoint","urlTemplate":"https:\/\/www.koupeltech.com\/?s={search_term_string}"},"query-input":{"@type":"PropertyValueSpecification","valueRequired":true,"valueName":"search_term_string"}}],"inLanguage":"cs"}]}},"_links":{"self":[{"href":"https:\/\/www.koupeltech.com\/index.php\/wp-json\/wp\/v2\/product\/40299","targetHints":{"allow":["GET"]}}],"collection":[{"href":"https:\/\/www.koupeltech.com\/index.php\/wp-json\/wp\/v2\/product"}],"about":[{"href":"https:\/\/www.koupeltech.com\/index.php\/wp-json\/wp\/v2\/types\/product"}],"replies":[{"embeddable":true,"href":"https:\/\/www.koupeltech.com\/index.php\/wp-json\/wp\/v2\/comments?post=40299"}],"wp:featuredmedia":[{"embeddable":true,"href":"https:\/\/www.koupeltech.com\/index.php\/wp-json\/wp\/v2\/media\/40399"}],"wp:attachment":[{"href":"https:\/\/www.koupeltech.com\/index.php\/wp-json\/wp\/v2\/media?parent=40299"}],"wp:term":[{"taxonomy":"product_brand","embeddable":true,"href":"https:\/\/www.koupeltech.com\/index.php\/wp-json\/wp\/v2\/product_brand?post=40299"},{"taxonomy":"product_cat","embeddable":true,"href":"https:\/\/www.koupeltech.com\/index.php\/wp-json\/wp\/v2\/product_cat?post=40299"},{"taxonomy":"product_tag","embeddable":true,"href":"https:\/\/www.koupeltech.com\/index.php\/wp-json\/wp\/v2\/product_tag?post=40299"}],"curies":[{"name":"wp","href":"https:\/\/api.w.org\/{rel}","templated":true}]}}