{"id":40578,"date":"2026-04-27T14:01:54","date_gmt":"2026-04-27T14:01:54","guid":{"rendered":""},"modified":"2026-04-27T14:01:54","modified_gmt":"2026-04-27T14:01:54","slug":"akcni-cena-bgs-pneumaticky-razovy-utahovak-zahnuty-12-5-mm-1-2-550-nm-40578","status":"publish","type":"product","link":"https:\/\/www.koupeltech.com\/index.php\/produkt\/akcni-cena-bgs-pneumaticky-razovy-utahovak-zahnuty-12-5-mm-1-2-550-nm-40578\/","title":{"rendered":"Ak\u010dn\u00ed Cena BGS Pneumatick\u00fd r\u00e1zov\u00fd utahov\u00e1k, zahnut\u00fd, 12,5 mm (1\/2\u201c), 550 Nm"},"content":{"rendered":"<div id=\"e4198331\" class=\"pages\">\n<div>\n<div id=\"PDDescription\" class=\"UserContentView userContent v1a v1 bs-view dcon dc164 PDDescription\" ><dc-con><dc-con><bs-empty><\/bs-empty><\/dc-con><dc-con>        <\/p>\n<div class=\"customDescription\">                    <\/div>\n<p><\/dc-con><dc-con><\/p>\n<ul>\n<li>kompaktn\u00ed design s d\u00e9lkou za\u0159\u00edzen\u00ed pouze 69 mm, umo\u017e\u0148uje pou\u017eit\u00ed v m\u00edstech s omezen\u00fdm prostorem<\/li>\n<li>d\u00e9lka (v\u010d. \u010dtvercov\u00e9ho pohonu): 88 mm<\/li>\n<li>krou\u017ekov\u00fd sp\u00edna\u010d umo\u017e\u0148uje p\u0159ep\u00edn\u00e1n\u00ed sm\u011bru ot\u00e1\u010den\u00ed jednou rukou<\/li>\n<li>nastaviteln\u00fd krout\u00edc\u00ed moment ve 3 kroc\u00edch pro ot\u00e1\u010den\u00ed ve sm\u011bru hodinov\u00fdch ru\u010di\u010dek<\/li>\n<li>n\u00edzk\u00e1 hmotnost a n\u00edzk\u00e9 vibrace pro pr\u00e1ci bez \u00fanavy<\/li>\n<li>jumbo kladivo umo\u017e\u0148uje uvoln\u011bn\u00ed t\u011b\u017eko povoliteln\u00fdch \u0161roubov\u00fdch spoj\u016f<\/li>\n<li>protiskluzov\u00e1 rukoje\u0165<\/li>\n<li>sm\u011br v\u00fdstupu vzduchu je nastaviteln\u00fd u rukojeti<\/li>\n<li>\u00faderov\u00fd mechanismus: jumbo kladivo<\/ li>\n<li>max. to\u010div\u00fd moment (ve sm\u011bru hodinov\u00fdch ru\u010di\u010dek): 325 Nm<\/li>\n<li>max. povolovac\u00ed moment (proti sm\u011bru hodinov\u00fdch ru\u010di\u010dek): 550 Nm<\/li>\n<li>doporu\u010den\u00fd O hadice: 10 mm (3\/8&#8243;)<\/li>\n<li>\u00farove\u0148 vibrac\u00ed: ahd = 9,96 m\/s2 \/ K = 2,10 m\/ s2<\/li>\n<\/ul>\n<p><\/dc-con><\/dc-con><\/div>\n<div id=\"PDDescription2\" class=\"UserContentView userContent v1a v1 bs-view dcon dc165 PDDescription2\" >V\u00dd\u0160KA BALEN\u00cd<\/div>\n<\/p><\/div>\n<div id=\"PDTable3\" class=\"ProductDetailTableView v3a v3 bs-view dcon dc185 PDTable3\" >\n<table>\n<thead><\/thead>\n<tbody>\n<tr class=\"attribute attr_bsshop_maker\">\n<td class=\"caption\">V\u00fdrobce<\/td>\n<td class=\"value\">BGS Technic<\/td>\n<\/tr>\n<\/tbody>\n<\/table>\n<\/div>\n<div id=\"PdProductGpsr\" class=\"ProductGpsrView v1a v1 bs-view dcon dc217 PdProductGpsr\" >\n<div class=\"subject\"><dc-root class=\"dcon dc219\"><span class=\"title\">Zodpov\u011bdn&#253; subjekt:<\/span><dc-con><dc-con><span class=\"company\">BGS technik KG<\/span><span class=\"name\">BGS Technic<\/span><\/dc-con><dc-con><span class=\"street\">Bandwirkerstr. 3<\/span><span class=\"city\">Wermelskirchen<\/span><span class=\"zip\">429 29<\/span><span class=\"country\">N\u011bmecko<\/span><\/dc-con><span class=\"email\">mail@bgs-technic.de<\/span><span class=\"phone\">+49 2196-720480<\/span><bs-empty><\/bs-empty><a href=\"https:\/\/www.bgstechnic.com\/\" class=\"link\" target=\"_blank\">https:\/\/www.bgstechnic.com\/<\/a><\/dc-con><bs-empty><\/bs-empty><\/dc-root><\/div>\n<p><bs-empty><\/bs-empty><\/div>\n<\/div>\n<div id=\"e4198332\" class=\"tabs\">\n","protected":false},"excerpt":{"rendered":"<p>kompaktn\u00ed design s d\u00e9lkou za\u0159\u00edzen\u00ed pouze 69 mm, umo\u017e\u0148uje pou\u017eit\u00ed v m\u00edstech s omezen\u00fdm prostorem d\u00e9lka (v\u010d. \u010dtvercov\u00e9ho pohonu): 88 mm krou\u017ekov\u00fd sp\u00edna\u010d umo\u017e\u0148uje p\u0159ep\u00edn\u00e1n\u00ed sm\u011bru ot\u00e1\u010den\u00ed jednou rukou nastaviteln\u00fd krout\u00edc\u00ed moment ve 3 kroc\u00edch pro ot\u00e1\u010den\u00ed ve sm\u011bru hodinov\u00fdch ru\u010di\u010dek n\u00edzk\u00e1 hmotnost a n\u00edzk\u00e9 vibrace pro pr\u00e1ci bez \u00fanavy jumbo kladivo umo\u017e\u0148uje uvoln\u011bn\u00ed t\u011b\u017eko [&hellip;]<\/p>\n","protected":false},"featured_media":40678,"comment_status":"open","ping_status":"open","template":"","meta":[],"product_brand":[],"product_cat":[85],"product_tag":[],"class_list":{"0":"post-40578","1":"product","2":"type-product","3":"status-publish","4":"has-post-thumbnail","6":"product_cat-rucn-237-n-225-rad-237-a-d-237-lna","8":"first","9":"instock","10":"sale","11":"shipping-taxable","12":"purchasable","13":"product-type-simple"},"yoast_head":"<!-- This site is optimized with the Yoast SEO plugin v26.8 - https:\/\/yoast.com\/product\/yoast-seo-wordpress\/ -->\n<title>Ak\u010dn\u00ed Cena BGS Pneumatick\u00fd r\u00e1zov\u00fd utahov\u00e1k, zahnut\u00fd, 12,5 mm (1\/2\u201c), 550 Nm -<\/title>\n<meta name=\"robots\" content=\"index, follow, max-snippet:-1, max-image-preview:large, max-video-preview:-1\" \/>\n<link rel=\"canonical\" href=\"https:\/\/www.koupeltech.com\/index.php\/produkt\/akcni-cena-bgs-pneumaticky-razovy-utahovak-zahnuty-12-5-mm-1-2-550-nm-40578\/\" \/>\n<meta property=\"og:locale\" content=\"cs_CZ\" \/>\n<meta property=\"og:type\" content=\"article\" \/>\n<meta property=\"og:title\" content=\"Ak\u010dn\u00ed Cena BGS Pneumatick\u00fd r\u00e1zov\u00fd utahov\u00e1k, zahnut\u00fd, 12,5 mm (1\/2\u201c), 550 Nm -\" \/>\n<meta property=\"og:description\" content=\"kompaktn\u00ed design s d\u00e9lkou za\u0159\u00edzen\u00ed pouze 69 mm, umo\u017e\u0148uje pou\u017eit\u00ed v m\u00edstech s omezen\u00fdm prostorem d\u00e9lka (v\u010d. \u010dtvercov\u00e9ho pohonu): 88 mm krou\u017ekov\u00fd sp\u00edna\u010d umo\u017e\u0148uje p\u0159ep\u00edn\u00e1n\u00ed sm\u011bru ot\u00e1\u010den\u00ed jednou rukou nastaviteln\u00fd krout\u00edc\u00ed moment ve 3 kroc\u00edch pro ot\u00e1\u010den\u00ed ve sm\u011bru hodinov\u00fdch ru\u010di\u010dek n\u00edzk\u00e1 hmotnost a n\u00edzk\u00e9 vibrace pro pr\u00e1ci bez \u00fanavy jumbo kladivo umo\u017e\u0148uje uvoln\u011bn\u00ed t\u011b\u017eko [&hellip;]\" \/>\n<meta property=\"og:url\" content=\"https:\/\/www.koupeltech.com\/index.php\/produkt\/akcni-cena-bgs-pneumaticky-razovy-utahovak-zahnuty-12-5-mm-1-2-550-nm-40578\/\" \/>\n<meta property=\"og:image\" content=\"https:\/\/www.koupeltech.com\/wp-content\/uploads\/2026\/SK0020931-CZ20260425-093449-0-1777080896-bgs-pneumaticky-razovy-utahovak-zahnuty-12-5-mm-1-2-550-nm..webp\" \/>\n\t<meta property=\"og:image:width\" content=\"1000\" \/>\n\t<meta property=\"og:image:height\" content=\"525\" \/>\n\t<meta property=\"og:image:type\" content=\"image\/webp\" \/>\n<meta name=\"twitter:card\" content=\"summary_large_image\" \/>\n<meta name=\"twitter:label1\" content=\"Odhadovan\u00e1 doba \u010dten\u00ed\" \/>\n\t<meta name=\"twitter:data1\" content=\"1 minuta\" \/>\n<script type=\"application\/ld+json\" class=\"yoast-schema-graph\">{\"@context\":\"https:\/\/schema.org\",\"@graph\":[{\"@type\":\"WebPage\",\"@id\":\"https:\/\/www.koupeltech.com\/index.php\/produkt\/akcni-cena-bgs-pneumaticky-razovy-utahovak-zahnuty-12-5-mm-1-2-550-nm-40578\/\",\"url\":\"https:\/\/www.koupeltech.com\/index.php\/produkt\/akcni-cena-bgs-pneumaticky-razovy-utahovak-zahnuty-12-5-mm-1-2-550-nm-40578\/\",\"name\":\"Ak\u010dn\u00ed Cena BGS Pneumatick\u00fd r\u00e1zov\u00fd utahov\u00e1k, zahnut\u00fd, 12,5 mm (1\/2\u201c), 550 Nm -\",\"isPartOf\":{\"@id\":\"https:\/\/www.koupeltech.com\/#website\"},\"primaryImageOfPage\":{\"@id\":\"https:\/\/www.koupeltech.com\/index.php\/produkt\/akcni-cena-bgs-pneumaticky-razovy-utahovak-zahnuty-12-5-mm-1-2-550-nm-40578\/#primaryimage\"},\"image\":{\"@id\":\"https:\/\/www.koupeltech.com\/index.php\/produkt\/akcni-cena-bgs-pneumaticky-razovy-utahovak-zahnuty-12-5-mm-1-2-550-nm-40578\/#primaryimage\"},\"thumbnailUrl\":\"https:\/\/www.koupeltech.com\/wp-content\/uploads\/2026\/SK0020931-CZ20260425-093449-0-1777080896-bgs-pneumaticky-razovy-utahovak-zahnuty-12-5-mm-1-2-550-nm..webp\",\"datePublished\":\"2026-04-27T14:01:54+00:00\",\"breadcrumb\":{\"@id\":\"https:\/\/www.koupeltech.com\/index.php\/produkt\/akcni-cena-bgs-pneumaticky-razovy-utahovak-zahnuty-12-5-mm-1-2-550-nm-40578\/#breadcrumb\"},\"inLanguage\":\"cs\",\"potentialAction\":[{\"@type\":\"ReadAction\",\"target\":[\"https:\/\/www.koupeltech.com\/index.php\/produkt\/akcni-cena-bgs-pneumaticky-razovy-utahovak-zahnuty-12-5-mm-1-2-550-nm-40578\/\"]}]},{\"@type\":\"ImageObject\",\"inLanguage\":\"cs\",\"@id\":\"https:\/\/www.koupeltech.com\/index.php\/produkt\/akcni-cena-bgs-pneumaticky-razovy-utahovak-zahnuty-12-5-mm-1-2-550-nm-40578\/#primaryimage\",\"url\":\"https:\/\/www.koupeltech.com\/wp-content\/uploads\/2026\/SK0020931-CZ20260425-093449-0-1777080896-bgs-pneumaticky-razovy-utahovak-zahnuty-12-5-mm-1-2-550-nm..webp\",\"contentUrl\":\"https:\/\/www.koupeltech.com\/wp-content\/uploads\/2026\/SK0020931-CZ20260425-093449-0-1777080896-bgs-pneumaticky-razovy-utahovak-zahnuty-12-5-mm-1-2-550-nm..webp\",\"width\":1000,\"height\":525},{\"@type\":\"BreadcrumbList\",\"@id\":\"https:\/\/www.koupeltech.com\/index.php\/produkt\/akcni-cena-bgs-pneumaticky-razovy-utahovak-zahnuty-12-5-mm-1-2-550-nm-40578\/#breadcrumb\",\"itemListElement\":[{\"@type\":\"ListItem\",\"position\":1,\"name\":\"Home\",\"item\":\"https:\/\/www.koupeltech.com\/\"},{\"@type\":\"ListItem\",\"position\":2,\"name\":\"Products\",\"item\":\"https:\/\/www.koupeltech.com\/index.php\/products\/\"},{\"@type\":\"ListItem\",\"position\":3,\"name\":\"Ak\u010dn\u00ed Cena BGS Pneumatick\u00fd r\u00e1zov\u00fd utahov\u00e1k, zahnut\u00fd, 12,5 mm (1\/2\u201c), 550 Nm\"}]},{\"@type\":\"WebSite\",\"@id\":\"https:\/\/www.koupeltech.com\/#website\",\"url\":\"https:\/\/www.koupeltech.com\/\",\"name\":\"\",\"description\":\"\",\"potentialAction\":[{\"@type\":\"SearchAction\",\"target\":{\"@type\":\"EntryPoint\",\"urlTemplate\":\"https:\/\/www.koupeltech.com\/?s={search_term_string}\"},\"query-input\":{\"@type\":\"PropertyValueSpecification\",\"valueRequired\":true,\"valueName\":\"search_term_string\"}}],\"inLanguage\":\"cs\"}]}<\/script>\n<!-- \/ Yoast SEO plugin. -->","yoast_head_json":{"title":"Ak\u010dn\u00ed Cena BGS Pneumatick\u00fd r\u00e1zov\u00fd utahov\u00e1k, zahnut\u00fd, 12,5 mm (1\/2\u201c), 550 Nm -","robots":{"index":"index","follow":"follow","max-snippet":"max-snippet:-1","max-image-preview":"max-image-preview:large","max-video-preview":"max-video-preview:-1"},"canonical":"https:\/\/www.koupeltech.com\/index.php\/produkt\/akcni-cena-bgs-pneumaticky-razovy-utahovak-zahnuty-12-5-mm-1-2-550-nm-40578\/","og_locale":"cs_CZ","og_type":"article","og_title":"Ak\u010dn\u00ed Cena BGS Pneumatick\u00fd r\u00e1zov\u00fd utahov\u00e1k, zahnut\u00fd, 12,5 mm (1\/2\u201c), 550 Nm -","og_description":"kompaktn\u00ed design s d\u00e9lkou za\u0159\u00edzen\u00ed pouze 69 mm, umo\u017e\u0148uje pou\u017eit\u00ed v m\u00edstech s omezen\u00fdm prostorem d\u00e9lka (v\u010d. \u010dtvercov\u00e9ho pohonu): 88 mm krou\u017ekov\u00fd sp\u00edna\u010d umo\u017e\u0148uje p\u0159ep\u00edn\u00e1n\u00ed sm\u011bru ot\u00e1\u010den\u00ed jednou rukou nastaviteln\u00fd krout\u00edc\u00ed moment ve 3 kroc\u00edch pro ot\u00e1\u010den\u00ed ve sm\u011bru hodinov\u00fdch ru\u010di\u010dek n\u00edzk\u00e1 hmotnost a n\u00edzk\u00e9 vibrace pro pr\u00e1ci bez \u00fanavy jumbo kladivo umo\u017e\u0148uje uvoln\u011bn\u00ed t\u011b\u017eko [&hellip;]","og_url":"https:\/\/www.koupeltech.com\/index.php\/produkt\/akcni-cena-bgs-pneumaticky-razovy-utahovak-zahnuty-12-5-mm-1-2-550-nm-40578\/","og_image":[{"width":1000,"height":525,"url":"https:\/\/www.koupeltech.com\/wp-content\/uploads\/2026\/SK0020931-CZ20260425-093449-0-1777080896-bgs-pneumaticky-razovy-utahovak-zahnuty-12-5-mm-1-2-550-nm..webp","type":"image\/webp"}],"twitter_card":"summary_large_image","twitter_misc":{"Odhadovan\u00e1 doba \u010dten\u00ed":"1 minuta"},"schema":{"@context":"https:\/\/schema.org","@graph":[{"@type":"WebPage","@id":"https:\/\/www.koupeltech.com\/index.php\/produkt\/akcni-cena-bgs-pneumaticky-razovy-utahovak-zahnuty-12-5-mm-1-2-550-nm-40578\/","url":"https:\/\/www.koupeltech.com\/index.php\/produkt\/akcni-cena-bgs-pneumaticky-razovy-utahovak-zahnuty-12-5-mm-1-2-550-nm-40578\/","name":"Ak\u010dn\u00ed Cena BGS Pneumatick\u00fd r\u00e1zov\u00fd utahov\u00e1k, zahnut\u00fd, 12,5 mm (1\/2\u201c), 550 Nm -","isPartOf":{"@id":"https:\/\/www.koupeltech.com\/#website"},"primaryImageOfPage":{"@id":"https:\/\/www.koupeltech.com\/index.php\/produkt\/akcni-cena-bgs-pneumaticky-razovy-utahovak-zahnuty-12-5-mm-1-2-550-nm-40578\/#primaryimage"},"image":{"@id":"https:\/\/www.koupeltech.com\/index.php\/produkt\/akcni-cena-bgs-pneumaticky-razovy-utahovak-zahnuty-12-5-mm-1-2-550-nm-40578\/#primaryimage"},"thumbnailUrl":"https:\/\/www.koupeltech.com\/wp-content\/uploads\/2026\/SK0020931-CZ20260425-093449-0-1777080896-bgs-pneumaticky-razovy-utahovak-zahnuty-12-5-mm-1-2-550-nm..webp","datePublished":"2026-04-27T14:01:54+00:00","breadcrumb":{"@id":"https:\/\/www.koupeltech.com\/index.php\/produkt\/akcni-cena-bgs-pneumaticky-razovy-utahovak-zahnuty-12-5-mm-1-2-550-nm-40578\/#breadcrumb"},"inLanguage":"cs","potentialAction":[{"@type":"ReadAction","target":["https:\/\/www.koupeltech.com\/index.php\/produkt\/akcni-cena-bgs-pneumaticky-razovy-utahovak-zahnuty-12-5-mm-1-2-550-nm-40578\/"]}]},{"@type":"ImageObject","inLanguage":"cs","@id":"https:\/\/www.koupeltech.com\/index.php\/produkt\/akcni-cena-bgs-pneumaticky-razovy-utahovak-zahnuty-12-5-mm-1-2-550-nm-40578\/#primaryimage","url":"https:\/\/www.koupeltech.com\/wp-content\/uploads\/2026\/SK0020931-CZ20260425-093449-0-1777080896-bgs-pneumaticky-razovy-utahovak-zahnuty-12-5-mm-1-2-550-nm..webp","contentUrl":"https:\/\/www.koupeltech.com\/wp-content\/uploads\/2026\/SK0020931-CZ20260425-093449-0-1777080896-bgs-pneumaticky-razovy-utahovak-zahnuty-12-5-mm-1-2-550-nm..webp","width":1000,"height":525},{"@type":"BreadcrumbList","@id":"https:\/\/www.koupeltech.com\/index.php\/produkt\/akcni-cena-bgs-pneumaticky-razovy-utahovak-zahnuty-12-5-mm-1-2-550-nm-40578\/#breadcrumb","itemListElement":[{"@type":"ListItem","position":1,"name":"Home","item":"https:\/\/www.koupeltech.com\/"},{"@type":"ListItem","position":2,"name":"Products","item":"https:\/\/www.koupeltech.com\/index.php\/products\/"},{"@type":"ListItem","position":3,"name":"Ak\u010dn\u00ed Cena BGS Pneumatick\u00fd r\u00e1zov\u00fd utahov\u00e1k, zahnut\u00fd, 12,5 mm (1\/2\u201c), 550 Nm"}]},{"@type":"WebSite","@id":"https:\/\/www.koupeltech.com\/#website","url":"https:\/\/www.koupeltech.com\/","name":"","description":"","potentialAction":[{"@type":"SearchAction","target":{"@type":"EntryPoint","urlTemplate":"https:\/\/www.koupeltech.com\/?s={search_term_string}"},"query-input":{"@type":"PropertyValueSpecification","valueRequired":true,"valueName":"search_term_string"}}],"inLanguage":"cs"}]}},"_links":{"self":[{"href":"https:\/\/www.koupeltech.com\/index.php\/wp-json\/wp\/v2\/product\/40578","targetHints":{"allow":["GET"]}}],"collection":[{"href":"https:\/\/www.koupeltech.com\/index.php\/wp-json\/wp\/v2\/product"}],"about":[{"href":"https:\/\/www.koupeltech.com\/index.php\/wp-json\/wp\/v2\/types\/product"}],"replies":[{"embeddable":true,"href":"https:\/\/www.koupeltech.com\/index.php\/wp-json\/wp\/v2\/comments?post=40578"}],"wp:featuredmedia":[{"embeddable":true,"href":"https:\/\/www.koupeltech.com\/index.php\/wp-json\/wp\/v2\/media\/40678"}],"wp:attachment":[{"href":"https:\/\/www.koupeltech.com\/index.php\/wp-json\/wp\/v2\/media?parent=40578"}],"wp:term":[{"taxonomy":"product_brand","embeddable":true,"href":"https:\/\/www.koupeltech.com\/index.php\/wp-json\/wp\/v2\/product_brand?post=40578"},{"taxonomy":"product_cat","embeddable":true,"href":"https:\/\/www.koupeltech.com\/index.php\/wp-json\/wp\/v2\/product_cat?post=40578"},{"taxonomy":"product_tag","embeddable":true,"href":"https:\/\/www.koupeltech.com\/index.php\/wp-json\/wp\/v2\/product_tag?post=40578"}],"curies":[{"name":"wp","href":"https:\/\/api.w.org\/{rel}","templated":true}]}}