{"id":41369,"date":"2026-04-27T14:02:00","date_gmt":"2026-04-27T14:02:00","guid":{"rendered":""},"modified":"2026-04-27T14:02:00","modified_gmt":"2026-04-27T14:02:00","slug":"akcni-cena-deko-light-profil-plano-bsh-pro-montaz-na-stenu-85-x-38mm-cerna-led-nosic-2m-hlinik-cerna-hloubka-cerna-2000-mm-light-impressions-41369","status":"publish","type":"product","link":"https:\/\/www.koupeltech.com\/index.php\/produkt\/akcni-cena-deko-light-profil-plano-bsh-pro-montaz-na-stenu-85-x-38mm-cerna-led-nosic-2m-hlinik-cerna-hloubka-cerna-2000-mm-light-impressions-41369\/","title":{"rendered":"Ak\u010dn\u00ed Cena Deko-Light profil, PLANO BSH pro mont\u00e1\u017e na st\u011bnu, 85 x 38mm, \u010dern\u00e1 LED-nosi\u010d, 2m, hlin\u00edk, \u010dern\u00e1, hloubka \u010dern\u00e1 2000 mm &#8211; LIGHT IMPRESSIONS"},"content":{"rendered":"<h3 class=\"product-h3\">Popis produktu<\/h3>\n<p><h2>Deko-Light profil PLANO BSH \u2013 designov\u00fd LED nosi\u010d pro st\u011bnovou mont\u00e1\u017e, \u010dern\u00fd, 2 m<\/h2>\n<p>Hled\u00e1te elegantn\u00ed a univerz\u00e1ln\u00ed \u0159e\u0161en\u00ed pro modern\u00ed architektonick\u00e9 osv\u011btlen\u00ed? Hlin\u00edkov\u00fd profil Deko-Light PLANO BSH v \u010dern\u00e9 povrchov\u00e9 \u00faprav\u011b je navr\u017een speci\u00e1ln\u011b pro mont\u00e1\u017e na st\u011bnu a umo\u017e\u0148uje realizaci v\u00fdrazn\u00e9ho sv\u011bteln\u00e9ho designu v priv\u00e1tn\u00edch i komer\u010dn\u00edch interi\u00e9rech. S mo\u017enost\u00ed instalace a\u017e 31 mm \u0161irok\u00fdch LED p\u00e1sk\u016f a integrovan\u00fdm LED nosi\u010dem nab\u00edz\u00ed tento profil dokonalou kombinaci estetiky, funk\u010dnosti a vysok\u00e9 flexibility.<\/p>\n<h3>Hlavn\u00ed p\u0159ednosti a pou\u017eit\u00ed<\/h3>\n<ul>\n<li><strong>Univerz\u00e1ln\u00ed sv\u00edtidlov\u00fd profil pro st\u011bnovou mont\u00e1\u017e<\/strong> \u2013 ide\u00e1ln\u00ed pro reziden\u010dn\u00ed i reprezentativn\u00ed prostory<\/li>\n<li><strong>Mo\u017enost instalace LED p\u00e1sk\u016f do \u0161\u00ed\u0159ky 31 mm<\/strong> \u2013 vhodn\u00e9 pro v\u00fdkonn\u00e9 i designov\u00e9 \u0159e\u0161en\u00ed<\/li>\n<li><strong>Uplight i downlight efekt<\/strong> \u2013 podpora obousm\u011brn\u00e9ho sv\u00edcen\u00ed v r\u00e1mci jednoho profilu<\/li>\n<li><strong>Sou\u010d\u00e1st\u00ed balen\u00ed je LED nosi\u010d<\/strong> \u2013 jednoduch\u00e1 integrace sv\u011bteln\u00e9ho zdroje<\/li>\n<li><strong>Elegantn\u00ed matn\u00e1 \u010dern\u00e1 povrchov\u00e1 \u00faprava<\/strong> \u2013 nad\u010dasov\u00fd vzhled, kter\u00fd podtrhne ka\u017ed\u00fd interi\u00e9r<\/li>\n<\/ul>\n<h3>Technick\u00e9 parametry<\/h3>\n<table class=\"table table-col-2\">\n<tr>\n<td>Materi\u00e1l t\u011bla<\/td>\n<td>Hlin\u00edk<\/td>\n<\/tr>\n<tr>\n<td>Povrchov\u00e1 \u00faprava<\/td>\n<td>\u010cern\u00e1 (matn\u00e1)<\/td>\n<\/tr>\n<tr>\n<td>Hmotnost<\/td>\n<td>2 700 g<\/td>\n<\/tr>\n<tr>\n<td>D\u00e9lka<\/td>\n<td>2 000 mm<\/td>\n<\/tr>\n<tr>\n<td>\u0160\u00ed\u0159ka<\/td>\n<td>38 mm<\/td>\n<\/tr>\n<tr>\n<td>V\u00fd\u0161ka<\/td>\n<td>85 mm<\/td>\n<\/tr>\n<tr>\n<td>Mont\u00e1\u017e<\/td>\n<td>Na st\u011bnu<\/td>\n<\/tr>\n<tr>\n<td>Vhodn\u00e9 pro LED p\u00e1sky<\/td>\n<td>Do \u0161\u00ed\u0159ky 31 mm (up &#038; down)<\/td>\n<\/tr>\n<tr>\n<td>Obsah balen\u00ed<\/td>\n<td>V\u010detn\u011b LED nosi\u010de<\/td>\n<\/tr>\n<\/table>\n<h3>Inspirace a doporu\u010den\u00ed architekta<\/h3>\n<p>D\u00edky sv\u00e9 minimalistick\u00e9 geometrii a precizn\u00edmu zpracov\u00e1n\u00ed najde profil PLANO BSH uplatn\u011bn\u00ed v luxusn\u00edch interi\u00e9rech, galeri\u00edch, recepc\u00edch nebo modern\u00edch dom\u00e1cnostech. Umo\u017e\u0148uje vytvo\u0159en\u00ed kontinu\u00e1ln\u00ed sv\u011bteln\u00e9 linie na st\u011bn\u011b, podtrhuje architekturu prostoru a d\u00edky mo\u017enosti oboustrann\u00e9ho sv\u00edcen\u00ed vytv\u00e1\u0159\u00ed unik\u00e1tn\u00ed sv\u011bteln\u00e9 efekty. Doporu\u010dujeme kombinovat s kvalitn\u00edmi LED p\u00e1sky s vysok\u00fdm CRI pro dokonal\u00e9 pod\u00e1n\u00ed barev.<\/p>\n<h3>Z\u00e1ruky a certifikace<\/h3>\n<ul>\n<li>Materi\u00e1l: masivn\u00ed hlin\u00edk pro dlouhou \u017eivotnost a efektivn\u00ed odvod tepla<\/li>\n<li>Z\u00e1ruka: 2 roky<\/li>\n<li>Certifikace: CE<\/li>\n<\/ul>\n<p>Pokud hled\u00e1te \u0159e\u0161en\u00ed na m\u00edru \u010di sv\u011bteln\u00fd koncept pro v\u00e1\u0161 projekt, r\u00e1di v\u00e1m v na\u0161em designov\u00e9m studiu p\u0159iprav\u00edme n\u00e1vrh a zajist\u00edme kompletn\u00ed realizaci.<\/p>\n<\/p><\/div>\n<\/p><\/div>\n<p><\/p>\n<div class=\"top-params\">\n<h3 class=\"product-h3 collapse-header \" data-toggle=\"collapse\" data-target=\"#collapseOne\" aria-expanded=\"true\" aria-controls=\"collapseOne\">Parametry<\/h3>\n<div id=\"collapseOne\" class=\"collapse show\" aria-labelledby=\"headingOne\" data-parent=\"#product-info-accordion1\">\n<table class=\"table-striped\">\n<tr>\n<td>                V\u00fd\u0161ka v mm            <\/td>\n<td>                85            <\/td>\n<\/tr>\n<tr>\n<td>                \u0160\u00ed\u0159ka v mm            <\/td>\n<td>                38            <\/td>\n<\/tr>\n<tr>\n<td>                D\u00e9lka v mm            <\/td>\n<td>                2000            <\/td>\n<\/tr>\n<tr>\n<td>                Materi\u00e1l            <\/td>\n<td>                hlin\u00edk            <\/td>\n<\/tr>\n<tr>\n<td>                Barva            <\/td>\n<td>                \u010dern\u00e1            <\/td>\n<\/tr>\n<tr>\n<td>                V\u00fdrobce            <\/td>\n<td>                LIGHT IMPRESSIONS            <\/td>\n<\/tr>\n<tr>\n<td>                Hmotnost g            <\/td>\n<td>                2700            <\/td>\n<\/tr>\n<tr>\n<td>                U v\u00fdrobce dostupn\u00fdch            <\/td>\n<td>                21                    ks            <\/td>\n<\/tr>\n<\/table>\n<\/div><\/div>\n<\/div>\n<div class=\"accordion\" id=\"product-info-accordion2\">\n","protected":false},"excerpt":{"rendered":"<p>Popis produktu Deko-Light profil PLANO BSH \u2013 designov\u00fd LED nosi\u010d pro st\u011bnovou mont\u00e1\u017e, \u010dern\u00fd, 2 m Hled\u00e1te elegantn\u00ed a univerz\u00e1ln\u00ed \u0159e\u0161en\u00ed pro modern\u00ed architektonick\u00e9 osv\u011btlen\u00ed? Hlin\u00edkov\u00fd profil Deko-Light PLANO BSH v \u010dern\u00e9 povrchov\u00e9 \u00faprav\u011b je navr\u017een speci\u00e1ln\u011b pro mont\u00e1\u017e na st\u011bnu a umo\u017e\u0148uje realizaci v\u00fdrazn\u00e9ho sv\u011bteln\u00e9ho designu v priv\u00e1tn\u00edch i komer\u010dn\u00edch interi\u00e9rech. S mo\u017enost\u00ed instalace [&hellip;]<\/p>\n","protected":false},"featured_media":41469,"comment_status":"open","ping_status":"open","template":"","meta":[],"product_brand":[],"product_cat":[31],"product_tag":[],"class_list":{"0":"post-41369","1":"product","2":"type-product","3":"status-publish","4":"has-post-thumbnail","6":"product_cat-interierova-svitidla","8":"first","9":"instock","10":"sale","11":"shipping-taxable","12":"purchasable","13":"product-type-simple"},"yoast_head":"<!-- This site is optimized with the Yoast SEO plugin v26.8 - https:\/\/yoast.com\/product\/yoast-seo-wordpress\/ -->\n<title>Ak\u010dn\u00ed Cena Deko-Light profil, PLANO BSH pro mont\u00e1\u017e na st\u011bnu, 85 x 38mm, \u010dern\u00e1 LED-nosi\u010d, 2m, hlin\u00edk, \u010dern\u00e1, hloubka \u010dern\u00e1 2000 mm - LIGHT IMPRESSIONS -<\/title>\n<meta name=\"robots\" content=\"index, follow, max-snippet:-1, max-image-preview:large, max-video-preview:-1\" \/>\n<link rel=\"canonical\" href=\"https:\/\/www.koupeltech.com\/index.php\/produkt\/akcni-cena-deko-light-profil-plano-bsh-pro-montaz-na-stenu-85-x-38mm-cerna-led-nosic-2m-hlinik-cerna-hloubka-cerna-2000-mm-light-impressions-41369\/\" \/>\n<meta property=\"og:locale\" content=\"cs_CZ\" \/>\n<meta property=\"og:type\" content=\"article\" \/>\n<meta property=\"og:title\" content=\"Ak\u010dn\u00ed Cena Deko-Light profil, PLANO BSH pro mont\u00e1\u017e na st\u011bnu, 85 x 38mm, \u010dern\u00e1 LED-nosi\u010d, 2m, hlin\u00edk, \u010dern\u00e1, hloubka \u010dern\u00e1 2000 mm - LIGHT IMPRESSIONS -\" \/>\n<meta property=\"og:description\" content=\"Popis produktu Deko-Light profil PLANO BSH \u2013 designov\u00fd LED nosi\u010d pro st\u011bnovou mont\u00e1\u017e, \u010dern\u00fd, 2 m Hled\u00e1te elegantn\u00ed a univerz\u00e1ln\u00ed \u0159e\u0161en\u00ed pro modern\u00ed architektonick\u00e9 osv\u011btlen\u00ed? Hlin\u00edkov\u00fd profil Deko-Light PLANO BSH v \u010dern\u00e9 povrchov\u00e9 \u00faprav\u011b je navr\u017een speci\u00e1ln\u011b pro mont\u00e1\u017e na st\u011bnu a umo\u017e\u0148uje realizaci v\u00fdrazn\u00e9ho sv\u011bteln\u00e9ho designu v priv\u00e1tn\u00edch i komer\u010dn\u00edch interi\u00e9rech. S mo\u017enost\u00ed instalace [&hellip;]\" \/>\n<meta property=\"og:url\" content=\"https:\/\/www.koupeltech.com\/index.php\/produkt\/akcni-cena-deko-light-profil-plano-bsh-pro-montaz-na-stenu-85-x-38mm-cerna-led-nosic-2m-hlinik-cerna-hloubka-cerna-2000-mm-light-impressions-41369\/\" \/>\n<meta property=\"og:image\" content=\"https:\/\/www.koupeltech.com\/wp-content\/uploads\/2026\/SK0020058-CZ20260425-091535-0-1777079743-IMPR-970586.webp\" \/>\n\t<meta property=\"og:image:width\" content=\"1000\" \/>\n\t<meta property=\"og:image:height\" content=\"684\" \/>\n\t<meta property=\"og:image:type\" content=\"image\/webp\" \/>\n<meta name=\"twitter:card\" content=\"summary_large_image\" \/>\n<meta name=\"twitter:label1\" content=\"Odhadovan\u00e1 doba \u010dten\u00ed\" \/>\n\t<meta name=\"twitter:data1\" content=\"2 minuty\" \/>\n<script type=\"application\/ld+json\" class=\"yoast-schema-graph\">{\"@context\":\"https:\/\/schema.org\",\"@graph\":[{\"@type\":\"WebPage\",\"@id\":\"https:\/\/www.koupeltech.com\/index.php\/produkt\/akcni-cena-deko-light-profil-plano-bsh-pro-montaz-na-stenu-85-x-38mm-cerna-led-nosic-2m-hlinik-cerna-hloubka-cerna-2000-mm-light-impressions-41369\/\",\"url\":\"https:\/\/www.koupeltech.com\/index.php\/produkt\/akcni-cena-deko-light-profil-plano-bsh-pro-montaz-na-stenu-85-x-38mm-cerna-led-nosic-2m-hlinik-cerna-hloubka-cerna-2000-mm-light-impressions-41369\/\",\"name\":\"Ak\u010dn\u00ed Cena Deko-Light profil, PLANO BSH pro mont\u00e1\u017e na st\u011bnu, 85 x 38mm, \u010dern\u00e1 LED-nosi\u010d, 2m, hlin\u00edk, \u010dern\u00e1, hloubka \u010dern\u00e1 2000 mm - LIGHT IMPRESSIONS -\",\"isPartOf\":{\"@id\":\"https:\/\/www.koupeltech.com\/#website\"},\"primaryImageOfPage\":{\"@id\":\"https:\/\/www.koupeltech.com\/index.php\/produkt\/akcni-cena-deko-light-profil-plano-bsh-pro-montaz-na-stenu-85-x-38mm-cerna-led-nosic-2m-hlinik-cerna-hloubka-cerna-2000-mm-light-impressions-41369\/#primaryimage\"},\"image\":{\"@id\":\"https:\/\/www.koupeltech.com\/index.php\/produkt\/akcni-cena-deko-light-profil-plano-bsh-pro-montaz-na-stenu-85-x-38mm-cerna-led-nosic-2m-hlinik-cerna-hloubka-cerna-2000-mm-light-impressions-41369\/#primaryimage\"},\"thumbnailUrl\":\"https:\/\/www.koupeltech.com\/wp-content\/uploads\/2026\/SK0020058-CZ20260425-091535-0-1777079743-IMPR-970586.webp\",\"datePublished\":\"2026-04-27T14:02:00+00:00\",\"breadcrumb\":{\"@id\":\"https:\/\/www.koupeltech.com\/index.php\/produkt\/akcni-cena-deko-light-profil-plano-bsh-pro-montaz-na-stenu-85-x-38mm-cerna-led-nosic-2m-hlinik-cerna-hloubka-cerna-2000-mm-light-impressions-41369\/#breadcrumb\"},\"inLanguage\":\"cs\",\"potentialAction\":[{\"@type\":\"ReadAction\",\"target\":[\"https:\/\/www.koupeltech.com\/index.php\/produkt\/akcni-cena-deko-light-profil-plano-bsh-pro-montaz-na-stenu-85-x-38mm-cerna-led-nosic-2m-hlinik-cerna-hloubka-cerna-2000-mm-light-impressions-41369\/\"]}]},{\"@type\":\"ImageObject\",\"inLanguage\":\"cs\",\"@id\":\"https:\/\/www.koupeltech.com\/index.php\/produkt\/akcni-cena-deko-light-profil-plano-bsh-pro-montaz-na-stenu-85-x-38mm-cerna-led-nosic-2m-hlinik-cerna-hloubka-cerna-2000-mm-light-impressions-41369\/#primaryimage\",\"url\":\"https:\/\/www.koupeltech.com\/wp-content\/uploads\/2026\/SK0020058-CZ20260425-091535-0-1777079743-IMPR-970586.webp\",\"contentUrl\":\"https:\/\/www.koupeltech.com\/wp-content\/uploads\/2026\/SK0020058-CZ20260425-091535-0-1777079743-IMPR-970586.webp\",\"width\":1000,\"height\":684},{\"@type\":\"BreadcrumbList\",\"@id\":\"https:\/\/www.koupeltech.com\/index.php\/produkt\/akcni-cena-deko-light-profil-plano-bsh-pro-montaz-na-stenu-85-x-38mm-cerna-led-nosic-2m-hlinik-cerna-hloubka-cerna-2000-mm-light-impressions-41369\/#breadcrumb\",\"itemListElement\":[{\"@type\":\"ListItem\",\"position\":1,\"name\":\"Home\",\"item\":\"https:\/\/www.koupeltech.com\/\"},{\"@type\":\"ListItem\",\"position\":2,\"name\":\"Products\",\"item\":\"https:\/\/www.koupeltech.com\/index.php\/products\/\"},{\"@type\":\"ListItem\",\"position\":3,\"name\":\"Ak\u010dn\u00ed Cena Deko-Light profil, PLANO BSH pro mont\u00e1\u017e na st\u011bnu, 85 x 38mm, \u010dern\u00e1 LED-nosi\u010d, 2m, hlin\u00edk, \u010dern\u00e1, hloubka \u010dern\u00e1 2000 mm &#8211; LIGHT IMPRESSIONS\"}]},{\"@type\":\"WebSite\",\"@id\":\"https:\/\/www.koupeltech.com\/#website\",\"url\":\"https:\/\/www.koupeltech.com\/\",\"name\":\"\",\"description\":\"\",\"potentialAction\":[{\"@type\":\"SearchAction\",\"target\":{\"@type\":\"EntryPoint\",\"urlTemplate\":\"https:\/\/www.koupeltech.com\/?s={search_term_string}\"},\"query-input\":{\"@type\":\"PropertyValueSpecification\",\"valueRequired\":true,\"valueName\":\"search_term_string\"}}],\"inLanguage\":\"cs\"}]}<\/script>\n<!-- \/ Yoast SEO plugin. -->","yoast_head_json":{"title":"Ak\u010dn\u00ed Cena Deko-Light profil, PLANO BSH pro mont\u00e1\u017e na st\u011bnu, 85 x 38mm, \u010dern\u00e1 LED-nosi\u010d, 2m, hlin\u00edk, \u010dern\u00e1, hloubka \u010dern\u00e1 2000 mm - LIGHT IMPRESSIONS -","robots":{"index":"index","follow":"follow","max-snippet":"max-snippet:-1","max-image-preview":"max-image-preview:large","max-video-preview":"max-video-preview:-1"},"canonical":"https:\/\/www.koupeltech.com\/index.php\/produkt\/akcni-cena-deko-light-profil-plano-bsh-pro-montaz-na-stenu-85-x-38mm-cerna-led-nosic-2m-hlinik-cerna-hloubka-cerna-2000-mm-light-impressions-41369\/","og_locale":"cs_CZ","og_type":"article","og_title":"Ak\u010dn\u00ed Cena Deko-Light profil, PLANO BSH pro mont\u00e1\u017e na st\u011bnu, 85 x 38mm, \u010dern\u00e1 LED-nosi\u010d, 2m, hlin\u00edk, \u010dern\u00e1, hloubka \u010dern\u00e1 2000 mm - LIGHT IMPRESSIONS -","og_description":"Popis produktu Deko-Light profil PLANO BSH \u2013 designov\u00fd LED nosi\u010d pro st\u011bnovou mont\u00e1\u017e, \u010dern\u00fd, 2 m Hled\u00e1te elegantn\u00ed a univerz\u00e1ln\u00ed \u0159e\u0161en\u00ed pro modern\u00ed architektonick\u00e9 osv\u011btlen\u00ed? Hlin\u00edkov\u00fd profil Deko-Light PLANO BSH v \u010dern\u00e9 povrchov\u00e9 \u00faprav\u011b je navr\u017een speci\u00e1ln\u011b pro mont\u00e1\u017e na st\u011bnu a umo\u017e\u0148uje realizaci v\u00fdrazn\u00e9ho sv\u011bteln\u00e9ho designu v priv\u00e1tn\u00edch i komer\u010dn\u00edch interi\u00e9rech. S mo\u017enost\u00ed instalace [&hellip;]","og_url":"https:\/\/www.koupeltech.com\/index.php\/produkt\/akcni-cena-deko-light-profil-plano-bsh-pro-montaz-na-stenu-85-x-38mm-cerna-led-nosic-2m-hlinik-cerna-hloubka-cerna-2000-mm-light-impressions-41369\/","og_image":[{"width":1000,"height":684,"url":"https:\/\/www.koupeltech.com\/wp-content\/uploads\/2026\/SK0020058-CZ20260425-091535-0-1777079743-IMPR-970586.webp","type":"image\/webp"}],"twitter_card":"summary_large_image","twitter_misc":{"Odhadovan\u00e1 doba \u010dten\u00ed":"2 minuty"},"schema":{"@context":"https:\/\/schema.org","@graph":[{"@type":"WebPage","@id":"https:\/\/www.koupeltech.com\/index.php\/produkt\/akcni-cena-deko-light-profil-plano-bsh-pro-montaz-na-stenu-85-x-38mm-cerna-led-nosic-2m-hlinik-cerna-hloubka-cerna-2000-mm-light-impressions-41369\/","url":"https:\/\/www.koupeltech.com\/index.php\/produkt\/akcni-cena-deko-light-profil-plano-bsh-pro-montaz-na-stenu-85-x-38mm-cerna-led-nosic-2m-hlinik-cerna-hloubka-cerna-2000-mm-light-impressions-41369\/","name":"Ak\u010dn\u00ed Cena Deko-Light profil, PLANO BSH pro mont\u00e1\u017e na st\u011bnu, 85 x 38mm, \u010dern\u00e1 LED-nosi\u010d, 2m, hlin\u00edk, \u010dern\u00e1, hloubka \u010dern\u00e1 2000 mm - LIGHT IMPRESSIONS -","isPartOf":{"@id":"https:\/\/www.koupeltech.com\/#website"},"primaryImageOfPage":{"@id":"https:\/\/www.koupeltech.com\/index.php\/produkt\/akcni-cena-deko-light-profil-plano-bsh-pro-montaz-na-stenu-85-x-38mm-cerna-led-nosic-2m-hlinik-cerna-hloubka-cerna-2000-mm-light-impressions-41369\/#primaryimage"},"image":{"@id":"https:\/\/www.koupeltech.com\/index.php\/produkt\/akcni-cena-deko-light-profil-plano-bsh-pro-montaz-na-stenu-85-x-38mm-cerna-led-nosic-2m-hlinik-cerna-hloubka-cerna-2000-mm-light-impressions-41369\/#primaryimage"},"thumbnailUrl":"https:\/\/www.koupeltech.com\/wp-content\/uploads\/2026\/SK0020058-CZ20260425-091535-0-1777079743-IMPR-970586.webp","datePublished":"2026-04-27T14:02:00+00:00","breadcrumb":{"@id":"https:\/\/www.koupeltech.com\/index.php\/produkt\/akcni-cena-deko-light-profil-plano-bsh-pro-montaz-na-stenu-85-x-38mm-cerna-led-nosic-2m-hlinik-cerna-hloubka-cerna-2000-mm-light-impressions-41369\/#breadcrumb"},"inLanguage":"cs","potentialAction":[{"@type":"ReadAction","target":["https:\/\/www.koupeltech.com\/index.php\/produkt\/akcni-cena-deko-light-profil-plano-bsh-pro-montaz-na-stenu-85-x-38mm-cerna-led-nosic-2m-hlinik-cerna-hloubka-cerna-2000-mm-light-impressions-41369\/"]}]},{"@type":"ImageObject","inLanguage":"cs","@id":"https:\/\/www.koupeltech.com\/index.php\/produkt\/akcni-cena-deko-light-profil-plano-bsh-pro-montaz-na-stenu-85-x-38mm-cerna-led-nosic-2m-hlinik-cerna-hloubka-cerna-2000-mm-light-impressions-41369\/#primaryimage","url":"https:\/\/www.koupeltech.com\/wp-content\/uploads\/2026\/SK0020058-CZ20260425-091535-0-1777079743-IMPR-970586.webp","contentUrl":"https:\/\/www.koupeltech.com\/wp-content\/uploads\/2026\/SK0020058-CZ20260425-091535-0-1777079743-IMPR-970586.webp","width":1000,"height":684},{"@type":"BreadcrumbList","@id":"https:\/\/www.koupeltech.com\/index.php\/produkt\/akcni-cena-deko-light-profil-plano-bsh-pro-montaz-na-stenu-85-x-38mm-cerna-led-nosic-2m-hlinik-cerna-hloubka-cerna-2000-mm-light-impressions-41369\/#breadcrumb","itemListElement":[{"@type":"ListItem","position":1,"name":"Home","item":"https:\/\/www.koupeltech.com\/"},{"@type":"ListItem","position":2,"name":"Products","item":"https:\/\/www.koupeltech.com\/index.php\/products\/"},{"@type":"ListItem","position":3,"name":"Ak\u010dn\u00ed Cena Deko-Light profil, PLANO BSH pro mont\u00e1\u017e na st\u011bnu, 85 x 38mm, \u010dern\u00e1 LED-nosi\u010d, 2m, hlin\u00edk, \u010dern\u00e1, hloubka \u010dern\u00e1 2000 mm &#8211; LIGHT IMPRESSIONS"}]},{"@type":"WebSite","@id":"https:\/\/www.koupeltech.com\/#website","url":"https:\/\/www.koupeltech.com\/","name":"","description":"","potentialAction":[{"@type":"SearchAction","target":{"@type":"EntryPoint","urlTemplate":"https:\/\/www.koupeltech.com\/?s={search_term_string}"},"query-input":{"@type":"PropertyValueSpecification","valueRequired":true,"valueName":"search_term_string"}}],"inLanguage":"cs"}]}},"_links":{"self":[{"href":"https:\/\/www.koupeltech.com\/index.php\/wp-json\/wp\/v2\/product\/41369","targetHints":{"allow":["GET"]}}],"collection":[{"href":"https:\/\/www.koupeltech.com\/index.php\/wp-json\/wp\/v2\/product"}],"about":[{"href":"https:\/\/www.koupeltech.com\/index.php\/wp-json\/wp\/v2\/types\/product"}],"replies":[{"embeddable":true,"href":"https:\/\/www.koupeltech.com\/index.php\/wp-json\/wp\/v2\/comments?post=41369"}],"wp:featuredmedia":[{"embeddable":true,"href":"https:\/\/www.koupeltech.com\/index.php\/wp-json\/wp\/v2\/media\/41469"}],"wp:attachment":[{"href":"https:\/\/www.koupeltech.com\/index.php\/wp-json\/wp\/v2\/media?parent=41369"}],"wp:term":[{"taxonomy":"product_brand","embeddable":true,"href":"https:\/\/www.koupeltech.com\/index.php\/wp-json\/wp\/v2\/product_brand?post=41369"},{"taxonomy":"product_cat","embeddable":true,"href":"https:\/\/www.koupeltech.com\/index.php\/wp-json\/wp\/v2\/product_cat?post=41369"},{"taxonomy":"product_tag","embeddable":true,"href":"https:\/\/www.koupeltech.com\/index.php\/wp-json\/wp\/v2\/product_tag?post=41369"}],"curies":[{"name":"wp","href":"https:\/\/api.w.org\/{rel}","templated":true}]}}