{"id":41370,"date":"2026-04-27T14:02:00","date_gmt":"2026-04-27T14:02:00","guid":{"rendered":""},"modified":"2026-04-27T14:02:00","modified_gmt":"2026-04-27T14:02:00","slug":"znackovy-deko-light-profil-plano-bsh-pro-montaz-na-stenu-85-x-38mm-cerna-led-nosic-2-5m-hlinik-cerna-tief-cerna-2500-mm-light-impressions-41370","status":"publish","type":"product","link":"https:\/\/www.koupeltech.com\/index.php\/produkt\/znackovy-deko-light-profil-plano-bsh-pro-montaz-na-stenu-85-x-38mm-cerna-led-nosic-2-5m-hlinik-cerna-tief-cerna-2500-mm-light-impressions-41370\/","title":{"rendered":"Zna\u010dkov\u00fd Deko-Light profil, PLANO BSH pro mont\u00e1\u017e na st\u011bnu, 85 x 38mm, \u010dern\u00e1 LED-nosi\u010d, 2,5m, hlin\u00edk, \u010dern\u00e1, Tief \u010dern\u00e1 2500 mm &#8211; LIGHT IMPRESSIONS"},"content":{"rendered":"<h3 class=\"product-h3\">Popis produktu<\/h3>\n<p><h2>Deko-Light LED p\u00e1sek Long Run, 48V, RGB, 50m \u2013 Profesion\u00e1ln\u00ed \u0159e\u0161en\u00ed pro rozs\u00e1hl\u00e9 sv\u011bteln\u00e9 instalace<\/h2>\n<p>LED p\u00e1sek Deko-Light Long Run SMD p\u0159edstavuje \u0161pi\u010dkov\u00e9 \u0159e\u0161en\u00ed pro n\u00e1ro\u010dn\u00e9 sv\u011bteln\u00e9 projekty v interi\u00e9ru i exteri\u00e9ru. Vynik\u00e1 mo\u017enost\u00ed dlouh\u00fdch lini\u00ed a\u017e 50 metr\u016f v kuse bez pot\u0159eby dal\u0161\u00edho nap\u00e1jen\u00ed, co\u017e z n\u011bj \u010din\u00ed ide\u00e1ln\u00ed volbu pro realizace sv\u011bteln\u00fdch vouten, dlouh\u00fdch chodeb nebo dekorativn\u00edch liniov\u00fdch efekt\u016f v modern\u00ed architektu\u0159e.<\/p>\n<h3>Hlavn\u00ed p\u0159ednosti produktu<\/h3>\n<ul>\n<li><strong>Dlouh\u00e9 sv\u011bteln\u00e9 linie bez ztr\u00e1ty v\u00fdkonu:<\/strong> Provoz a\u017e 25 m na jedno nap\u00e1jen\u00ed nebo 50 m p\u0159i oboustrann\u00e9m nap\u00e1jen\u00ed d\u00edky vysok\u00e9mu nap\u011bt\u00ed 48 V DC.<\/li>\n<li><strong>Vysok\u00e1 spolehlivost a \u017eivotnost:<\/strong> V\u00fdroba bez p\u00e1jen\u00fdch spoj\u016f (Reel to Reel), co\u017e eliminuje slab\u00e1 m\u00edsta a zaji\u0161\u0165uje \u017eivotnost a\u017e 75 000 h (L70\/B50).<\/li>\n<li><strong>RGB barevn\u00e9 spektrum:<\/strong> 140 LED\/m s vysokou kvalitou sv\u011btla a mo\u017enost\u00ed p\u0159esn\u00e9ho m\u00edch\u00e1n\u00ed barev pomoc\u00ed 3 kan\u00e1l\u016f (\u010derven\u00e1, zelen\u00e1, modr\u00e1).<\/li>\n<li><strong>Odolnost proti vlhkosti a prachu:<\/strong> Kryt\u00ed IP67 se silikonov\u00fdm pouzdrem umo\u017e\u0148uje instalaci i v n\u00e1ro\u010dn\u00fdch podm\u00ednk\u00e1ch.<\/li>\n<li><strong>Ekologick\u00e9 balen\u00ed:<\/strong> V\u00fdrobek je balen s ohledem na \u017eivotn\u00ed prost\u0159ed\u00ed \u2013 na pap\u00edrov\u00e9 b\u00e1zi.<\/li>\n<li><strong>Profesion\u00e1ln\u00ed mont\u00e1\u017e:<\/strong> Siln\u00e9 samolepic\u00ed p\u00e1sky 3M zaji\u0161\u0165uj\u00ed snadnou a bezpe\u010dnou instalaci na r\u016fzn\u00e9 povrchy.<\/li>\n<\/ul>\n<h3>Technick\u00e9 parametry<\/h3>\n<ul>\n<li>Nap\u00e1jen\u00ed: 48 V DC (konstantn\u00ed nap\u011bt\u00ed)<\/li>\n<li>P\u0159\u00edkon: 10 W\/m<\/li>\n<li>Sv\u011bteln\u00fd tok: 450 lm\/m<\/li>\n<li>Barva sv\u011btla: RGB (pln\u00e9 barevn\u00e9 spektrum)<\/li>\n<li>\u00dahel vyza\u0159ov\u00e1n\u00ed: 120\u00b0<\/li>\n<li>Po\u010det LED: 140\/m<\/li>\n<li>Stupe\u0148 kryt\u00ed: IP67 (silikonov\u00e9 pouzdro, vhodn\u00e9 pro venkovn\u00ed i vnit\u0159n\u00ed pou\u017eit\u00ed)<\/li>\n<li>Min. polom\u011br ohybu: 50 mm<\/li>\n<li>Rozm\u011bry: d\u00e9lka 50 000 mm, \u0161\u00ed\u0159ka 12 mm, v\u00fd\u0161ka 5 mm<\/li>\n<li>D\u011blitelnost: po 100 mm<\/li>\n<li>Mont\u00e1\u017e: Vhodn\u00e9 pro interi\u00e9r i exteri\u00e9r<\/li>\n<li>D\u00e1lkov\u00e9 ovl\u00e1d\u00e1n\u00ed a stm\u00edv\u00e1n\u00ed: Mo\u017enost ovl\u00e1d\u00e1n\u00ed p\u0159es voliteln\u00fd RGB controller<\/li>\n<li>Index pod\u00e1n\u00ed barev (CRI): Ra 65<\/li>\n<li>Pracovn\u00ed teplota: -10 a\u017e +55 \u00b0C<\/li>\n<\/ul>\n<h3>Doporu\u010den\u00ed architekta<\/h3>\n<p>LED p\u00e1sek Deko-Light Long Run je optim\u00e1ln\u00ed volbou pro projekty, kde je kladen d\u016fraz na d\u00e9lku, rovnom\u011brnost osv\u011btlen\u00ed a flexibilitu. Vyu\u017eijete jej v modern\u00edch reziden\u010dn\u00edch i komer\u010dn\u00edch interi\u00e9rech, nap\u0159\u00edklad pro podsv\u00edcen\u00ed stropn\u00edch podhled\u016f, liniov\u00e9 efekty v chodb\u00e1ch, hotelov\u00fdch lobby nebo pro venkovn\u00ed akcentn\u00ed osv\u011btlen\u00ed fas\u00e1d a teras. D\u00edky vysok\u00e9mu kryt\u00ed IP67 a robustn\u00edmu silikonov\u00e9mu pouzdru je vhodn\u00fd i do n\u00e1ro\u010dn\u00fdch podm\u00ednek.<\/p>\n<h3>Z\u00e1ruky a certifikace<\/h3>\n<ul>\n<li><strong>\u017divotnost:<\/strong> a\u017e 75 000 h (L70\/B50), 50 000 h (L80\/B10)<\/li>\n<li><strong>Z\u00e1ruka:<\/strong> 2 roky<\/li>\n<li><strong>Certifikace:<\/strong> CE, RoHS<\/li>\n<\/ul>\n<h3>Pro\u010d zvolit tento LED p\u00e1sek?<\/h3>\n<ul>\n<li>Ide\u00e1ln\u00ed pro dlouh\u00e9 liniov\u00e9 instalace bez poklesu sv\u011bteln\u00e9ho v\u00fdkonu<\/li>\n<li>Snadn\u00e1 a rychl\u00e1 instalace<\/li>\n<li>Ekologick\u00e9 proveden\u00ed a dlouh\u00e1 \u017eivotnost s minim\u00e1ln\u00ed \u00fadr\u017ebou<\/li>\n<li>\u0160irok\u00e9 mo\u017enosti vyu\u017eit\u00ed v modern\u00ed architektu\u0159e<\/li>\n<\/ul>\n<\/p><\/div>\n<\/p><\/div>\n<p><\/p>\n<div class=\"top-params\">\n<h3 class=\"product-h3 collapse-header \" data-toggle=\"collapse\" data-target=\"#collapseOne\" aria-expanded=\"true\" aria-controls=\"collapseOne\">Parametry<\/h3>\n<div id=\"collapseOne\" class=\"collapse show\" aria-labelledby=\"headingOne\" data-parent=\"#product-info-accordion1\">\n<table class=\"table-striped\">\n<tr>\n<td>                U v\u00fdrobce dostupn\u00fdch            <\/td>\n<td>                3                    ks            <\/td>\n<\/tr>\n<tr>\n<td>                V\u00fd\u0161ka v mm            <\/td>\n<td>                85            <\/td>\n<\/tr>\n<tr>\n<td>                \u0160\u00ed\u0159ka v mm            <\/td>\n<td>                38            <\/td>\n<\/tr>\n<tr>\n<td>                D\u00e9lka v mm            <\/td>\n<td>                2500            <\/td>\n<\/tr>\n<tr>\n<td>                Materi\u00e1l            <\/td>\n<td>                hlin\u00edk            <\/td>\n<\/tr>\n<tr>\n<td>                Barva            <\/td>\n<td>                \u010dern\u00e1            <\/td>\n<\/tr>\n<tr>\n<td>                V\u00fdrobce            <\/td>\n<td>                LIGHT IMPRESSIONS            <\/td>\n<\/tr>\n<tr>\n<td>                Hmotnost g            <\/td>\n<td>                3360            <\/td>\n<\/tr>\n<\/table>\n<\/div><\/div>\n<\/div>\n<div class=\"accordion\" id=\"product-info-accordion2\">\n","protected":false},"excerpt":{"rendered":"<p>Popis produktu Deko-Light LED p\u00e1sek Long Run, 48V, RGB, 50m \u2013 Profesion\u00e1ln\u00ed \u0159e\u0161en\u00ed pro rozs\u00e1hl\u00e9 sv\u011bteln\u00e9 instalace LED p\u00e1sek Deko-Light Long Run SMD p\u0159edstavuje \u0161pi\u010dkov\u00e9 \u0159e\u0161en\u00ed pro n\u00e1ro\u010dn\u00e9 sv\u011bteln\u00e9 projekty v interi\u00e9ru i exteri\u00e9ru. Vynik\u00e1 mo\u017enost\u00ed dlouh\u00fdch lini\u00ed a\u017e 50 metr\u016f v kuse bez pot\u0159eby dal\u0161\u00edho nap\u00e1jen\u00ed, co\u017e z n\u011bj \u010din\u00ed ide\u00e1ln\u00ed volbu pro realizace [&hellip;]<\/p>\n","protected":false},"featured_media":41470,"comment_status":"open","ping_status":"open","template":"","meta":[],"product_brand":[],"product_cat":[31],"product_tag":[],"class_list":{"0":"post-41370","1":"product","2":"type-product","3":"status-publish","4":"has-post-thumbnail","6":"product_cat-interierova-svitidla","8":"first","9":"instock","10":"sale","11":"shipping-taxable","12":"purchasable","13":"product-type-simple"},"yoast_head":"<!-- This site is optimized with the Yoast SEO plugin v26.8 - https:\/\/yoast.com\/product\/yoast-seo-wordpress\/ -->\n<title>Zna\u010dkov\u00fd Deko-Light profil, PLANO BSH pro mont\u00e1\u017e na st\u011bnu, 85 x 38mm, \u010dern\u00e1 LED-nosi\u010d, 2,5m, hlin\u00edk, \u010dern\u00e1, Tief \u010dern\u00e1 2500 mm - LIGHT IMPRESSIONS -<\/title>\n<meta name=\"robots\" content=\"index, follow, max-snippet:-1, max-image-preview:large, max-video-preview:-1\" \/>\n<link rel=\"canonical\" href=\"https:\/\/www.koupeltech.com\/index.php\/produkt\/znackovy-deko-light-profil-plano-bsh-pro-montaz-na-stenu-85-x-38mm-cerna-led-nosic-2-5m-hlinik-cerna-tief-cerna-2500-mm-light-impressions-41370\/\" \/>\n<meta property=\"og:locale\" content=\"cs_CZ\" \/>\n<meta property=\"og:type\" content=\"article\" \/>\n<meta property=\"og:title\" content=\"Zna\u010dkov\u00fd Deko-Light profil, PLANO BSH pro mont\u00e1\u017e na st\u011bnu, 85 x 38mm, \u010dern\u00e1 LED-nosi\u010d, 2,5m, hlin\u00edk, \u010dern\u00e1, Tief \u010dern\u00e1 2500 mm - LIGHT IMPRESSIONS -\" \/>\n<meta property=\"og:description\" content=\"Popis produktu Deko-Light LED p\u00e1sek Long Run, 48V, RGB, 50m \u2013 Profesion\u00e1ln\u00ed \u0159e\u0161en\u00ed pro rozs\u00e1hl\u00e9 sv\u011bteln\u00e9 instalace LED p\u00e1sek Deko-Light Long Run SMD p\u0159edstavuje \u0161pi\u010dkov\u00e9 \u0159e\u0161en\u00ed pro n\u00e1ro\u010dn\u00e9 sv\u011bteln\u00e9 projekty v interi\u00e9ru i exteri\u00e9ru. Vynik\u00e1 mo\u017enost\u00ed dlouh\u00fdch lini\u00ed a\u017e 50 metr\u016f v kuse bez pot\u0159eby dal\u0161\u00edho nap\u00e1jen\u00ed, co\u017e z n\u011bj \u010din\u00ed ide\u00e1ln\u00ed volbu pro realizace [&hellip;]\" \/>\n<meta property=\"og:url\" content=\"https:\/\/www.koupeltech.com\/index.php\/produkt\/znackovy-deko-light-profil-plano-bsh-pro-montaz-na-stenu-85-x-38mm-cerna-led-nosic-2-5m-hlinik-cerna-tief-cerna-2500-mm-light-impressions-41370\/\" \/>\n<meta property=\"og:image\" content=\"https:\/\/www.koupeltech.com\/wp-content\/uploads\/2026\/SK0020059-CZ20260425-091535-0-1777079743-IMPR-970587.webp\" \/>\n\t<meta property=\"og:image:width\" content=\"1000\" \/>\n\t<meta property=\"og:image:height\" content=\"684\" \/>\n\t<meta property=\"og:image:type\" content=\"image\/webp\" \/>\n<meta name=\"twitter:card\" content=\"summary_large_image\" \/>\n<meta name=\"twitter:label1\" content=\"Odhadovan\u00e1 doba \u010dten\u00ed\" \/>\n\t<meta name=\"twitter:data1\" content=\"3 minuty\" \/>\n<script type=\"application\/ld+json\" class=\"yoast-schema-graph\">{\"@context\":\"https:\/\/schema.org\",\"@graph\":[{\"@type\":\"WebPage\",\"@id\":\"https:\/\/www.koupeltech.com\/index.php\/produkt\/znackovy-deko-light-profil-plano-bsh-pro-montaz-na-stenu-85-x-38mm-cerna-led-nosic-2-5m-hlinik-cerna-tief-cerna-2500-mm-light-impressions-41370\/\",\"url\":\"https:\/\/www.koupeltech.com\/index.php\/produkt\/znackovy-deko-light-profil-plano-bsh-pro-montaz-na-stenu-85-x-38mm-cerna-led-nosic-2-5m-hlinik-cerna-tief-cerna-2500-mm-light-impressions-41370\/\",\"name\":\"Zna\u010dkov\u00fd Deko-Light profil, PLANO BSH pro mont\u00e1\u017e na st\u011bnu, 85 x 38mm, \u010dern\u00e1 LED-nosi\u010d, 2,5m, hlin\u00edk, \u010dern\u00e1, Tief \u010dern\u00e1 2500 mm - LIGHT IMPRESSIONS -\",\"isPartOf\":{\"@id\":\"https:\/\/www.koupeltech.com\/#website\"},\"primaryImageOfPage\":{\"@id\":\"https:\/\/www.koupeltech.com\/index.php\/produkt\/znackovy-deko-light-profil-plano-bsh-pro-montaz-na-stenu-85-x-38mm-cerna-led-nosic-2-5m-hlinik-cerna-tief-cerna-2500-mm-light-impressions-41370\/#primaryimage\"},\"image\":{\"@id\":\"https:\/\/www.koupeltech.com\/index.php\/produkt\/znackovy-deko-light-profil-plano-bsh-pro-montaz-na-stenu-85-x-38mm-cerna-led-nosic-2-5m-hlinik-cerna-tief-cerna-2500-mm-light-impressions-41370\/#primaryimage\"},\"thumbnailUrl\":\"https:\/\/www.koupeltech.com\/wp-content\/uploads\/2026\/SK0020059-CZ20260425-091535-0-1777079743-IMPR-970587.webp\",\"datePublished\":\"2026-04-27T14:02:00+00:00\",\"breadcrumb\":{\"@id\":\"https:\/\/www.koupeltech.com\/index.php\/produkt\/znackovy-deko-light-profil-plano-bsh-pro-montaz-na-stenu-85-x-38mm-cerna-led-nosic-2-5m-hlinik-cerna-tief-cerna-2500-mm-light-impressions-41370\/#breadcrumb\"},\"inLanguage\":\"cs\",\"potentialAction\":[{\"@type\":\"ReadAction\",\"target\":[\"https:\/\/www.koupeltech.com\/index.php\/produkt\/znackovy-deko-light-profil-plano-bsh-pro-montaz-na-stenu-85-x-38mm-cerna-led-nosic-2-5m-hlinik-cerna-tief-cerna-2500-mm-light-impressions-41370\/\"]}]},{\"@type\":\"ImageObject\",\"inLanguage\":\"cs\",\"@id\":\"https:\/\/www.koupeltech.com\/index.php\/produkt\/znackovy-deko-light-profil-plano-bsh-pro-montaz-na-stenu-85-x-38mm-cerna-led-nosic-2-5m-hlinik-cerna-tief-cerna-2500-mm-light-impressions-41370\/#primaryimage\",\"url\":\"https:\/\/www.koupeltech.com\/wp-content\/uploads\/2026\/SK0020059-CZ20260425-091535-0-1777079743-IMPR-970587.webp\",\"contentUrl\":\"https:\/\/www.koupeltech.com\/wp-content\/uploads\/2026\/SK0020059-CZ20260425-091535-0-1777079743-IMPR-970587.webp\",\"width\":1000,\"height\":684},{\"@type\":\"BreadcrumbList\",\"@id\":\"https:\/\/www.koupeltech.com\/index.php\/produkt\/znackovy-deko-light-profil-plano-bsh-pro-montaz-na-stenu-85-x-38mm-cerna-led-nosic-2-5m-hlinik-cerna-tief-cerna-2500-mm-light-impressions-41370\/#breadcrumb\",\"itemListElement\":[{\"@type\":\"ListItem\",\"position\":1,\"name\":\"Home\",\"item\":\"https:\/\/www.koupeltech.com\/\"},{\"@type\":\"ListItem\",\"position\":2,\"name\":\"Products\",\"item\":\"https:\/\/www.koupeltech.com\/index.php\/products\/\"},{\"@type\":\"ListItem\",\"position\":3,\"name\":\"Zna\u010dkov\u00fd Deko-Light profil, PLANO BSH pro mont\u00e1\u017e na st\u011bnu, 85 x 38mm, \u010dern\u00e1 LED-nosi\u010d, 2,5m, hlin\u00edk, \u010dern\u00e1, Tief \u010dern\u00e1 2500 mm &#8211; LIGHT IMPRESSIONS\"}]},{\"@type\":\"WebSite\",\"@id\":\"https:\/\/www.koupeltech.com\/#website\",\"url\":\"https:\/\/www.koupeltech.com\/\",\"name\":\"\",\"description\":\"\",\"potentialAction\":[{\"@type\":\"SearchAction\",\"target\":{\"@type\":\"EntryPoint\",\"urlTemplate\":\"https:\/\/www.koupeltech.com\/?s={search_term_string}\"},\"query-input\":{\"@type\":\"PropertyValueSpecification\",\"valueRequired\":true,\"valueName\":\"search_term_string\"}}],\"inLanguage\":\"cs\"}]}<\/script>\n<!-- \/ Yoast SEO plugin. -->","yoast_head_json":{"title":"Zna\u010dkov\u00fd Deko-Light profil, PLANO BSH pro mont\u00e1\u017e na st\u011bnu, 85 x 38mm, \u010dern\u00e1 LED-nosi\u010d, 2,5m, hlin\u00edk, \u010dern\u00e1, Tief \u010dern\u00e1 2500 mm - LIGHT IMPRESSIONS -","robots":{"index":"index","follow":"follow","max-snippet":"max-snippet:-1","max-image-preview":"max-image-preview:large","max-video-preview":"max-video-preview:-1"},"canonical":"https:\/\/www.koupeltech.com\/index.php\/produkt\/znackovy-deko-light-profil-plano-bsh-pro-montaz-na-stenu-85-x-38mm-cerna-led-nosic-2-5m-hlinik-cerna-tief-cerna-2500-mm-light-impressions-41370\/","og_locale":"cs_CZ","og_type":"article","og_title":"Zna\u010dkov\u00fd Deko-Light profil, PLANO BSH pro mont\u00e1\u017e na st\u011bnu, 85 x 38mm, \u010dern\u00e1 LED-nosi\u010d, 2,5m, hlin\u00edk, \u010dern\u00e1, Tief \u010dern\u00e1 2500 mm - LIGHT IMPRESSIONS -","og_description":"Popis produktu Deko-Light LED p\u00e1sek Long Run, 48V, RGB, 50m \u2013 Profesion\u00e1ln\u00ed \u0159e\u0161en\u00ed pro rozs\u00e1hl\u00e9 sv\u011bteln\u00e9 instalace LED p\u00e1sek Deko-Light Long Run SMD p\u0159edstavuje \u0161pi\u010dkov\u00e9 \u0159e\u0161en\u00ed pro n\u00e1ro\u010dn\u00e9 sv\u011bteln\u00e9 projekty v interi\u00e9ru i exteri\u00e9ru. Vynik\u00e1 mo\u017enost\u00ed dlouh\u00fdch lini\u00ed a\u017e 50 metr\u016f v kuse bez pot\u0159eby dal\u0161\u00edho nap\u00e1jen\u00ed, co\u017e z n\u011bj \u010din\u00ed ide\u00e1ln\u00ed volbu pro realizace [&hellip;]","og_url":"https:\/\/www.koupeltech.com\/index.php\/produkt\/znackovy-deko-light-profil-plano-bsh-pro-montaz-na-stenu-85-x-38mm-cerna-led-nosic-2-5m-hlinik-cerna-tief-cerna-2500-mm-light-impressions-41370\/","og_image":[{"width":1000,"height":684,"url":"https:\/\/www.koupeltech.com\/wp-content\/uploads\/2026\/SK0020059-CZ20260425-091535-0-1777079743-IMPR-970587.webp","type":"image\/webp"}],"twitter_card":"summary_large_image","twitter_misc":{"Odhadovan\u00e1 doba \u010dten\u00ed":"3 minuty"},"schema":{"@context":"https:\/\/schema.org","@graph":[{"@type":"WebPage","@id":"https:\/\/www.koupeltech.com\/index.php\/produkt\/znackovy-deko-light-profil-plano-bsh-pro-montaz-na-stenu-85-x-38mm-cerna-led-nosic-2-5m-hlinik-cerna-tief-cerna-2500-mm-light-impressions-41370\/","url":"https:\/\/www.koupeltech.com\/index.php\/produkt\/znackovy-deko-light-profil-plano-bsh-pro-montaz-na-stenu-85-x-38mm-cerna-led-nosic-2-5m-hlinik-cerna-tief-cerna-2500-mm-light-impressions-41370\/","name":"Zna\u010dkov\u00fd Deko-Light profil, PLANO BSH pro mont\u00e1\u017e na st\u011bnu, 85 x 38mm, \u010dern\u00e1 LED-nosi\u010d, 2,5m, hlin\u00edk, \u010dern\u00e1, Tief \u010dern\u00e1 2500 mm - LIGHT IMPRESSIONS -","isPartOf":{"@id":"https:\/\/www.koupeltech.com\/#website"},"primaryImageOfPage":{"@id":"https:\/\/www.koupeltech.com\/index.php\/produkt\/znackovy-deko-light-profil-plano-bsh-pro-montaz-na-stenu-85-x-38mm-cerna-led-nosic-2-5m-hlinik-cerna-tief-cerna-2500-mm-light-impressions-41370\/#primaryimage"},"image":{"@id":"https:\/\/www.koupeltech.com\/index.php\/produkt\/znackovy-deko-light-profil-plano-bsh-pro-montaz-na-stenu-85-x-38mm-cerna-led-nosic-2-5m-hlinik-cerna-tief-cerna-2500-mm-light-impressions-41370\/#primaryimage"},"thumbnailUrl":"https:\/\/www.koupeltech.com\/wp-content\/uploads\/2026\/SK0020059-CZ20260425-091535-0-1777079743-IMPR-970587.webp","datePublished":"2026-04-27T14:02:00+00:00","breadcrumb":{"@id":"https:\/\/www.koupeltech.com\/index.php\/produkt\/znackovy-deko-light-profil-plano-bsh-pro-montaz-na-stenu-85-x-38mm-cerna-led-nosic-2-5m-hlinik-cerna-tief-cerna-2500-mm-light-impressions-41370\/#breadcrumb"},"inLanguage":"cs","potentialAction":[{"@type":"ReadAction","target":["https:\/\/www.koupeltech.com\/index.php\/produkt\/znackovy-deko-light-profil-plano-bsh-pro-montaz-na-stenu-85-x-38mm-cerna-led-nosic-2-5m-hlinik-cerna-tief-cerna-2500-mm-light-impressions-41370\/"]}]},{"@type":"ImageObject","inLanguage":"cs","@id":"https:\/\/www.koupeltech.com\/index.php\/produkt\/znackovy-deko-light-profil-plano-bsh-pro-montaz-na-stenu-85-x-38mm-cerna-led-nosic-2-5m-hlinik-cerna-tief-cerna-2500-mm-light-impressions-41370\/#primaryimage","url":"https:\/\/www.koupeltech.com\/wp-content\/uploads\/2026\/SK0020059-CZ20260425-091535-0-1777079743-IMPR-970587.webp","contentUrl":"https:\/\/www.koupeltech.com\/wp-content\/uploads\/2026\/SK0020059-CZ20260425-091535-0-1777079743-IMPR-970587.webp","width":1000,"height":684},{"@type":"BreadcrumbList","@id":"https:\/\/www.koupeltech.com\/index.php\/produkt\/znackovy-deko-light-profil-plano-bsh-pro-montaz-na-stenu-85-x-38mm-cerna-led-nosic-2-5m-hlinik-cerna-tief-cerna-2500-mm-light-impressions-41370\/#breadcrumb","itemListElement":[{"@type":"ListItem","position":1,"name":"Home","item":"https:\/\/www.koupeltech.com\/"},{"@type":"ListItem","position":2,"name":"Products","item":"https:\/\/www.koupeltech.com\/index.php\/products\/"},{"@type":"ListItem","position":3,"name":"Zna\u010dkov\u00fd Deko-Light profil, PLANO BSH pro mont\u00e1\u017e na st\u011bnu, 85 x 38mm, \u010dern\u00e1 LED-nosi\u010d, 2,5m, hlin\u00edk, \u010dern\u00e1, Tief \u010dern\u00e1 2500 mm &#8211; LIGHT IMPRESSIONS"}]},{"@type":"WebSite","@id":"https:\/\/www.koupeltech.com\/#website","url":"https:\/\/www.koupeltech.com\/","name":"","description":"","potentialAction":[{"@type":"SearchAction","target":{"@type":"EntryPoint","urlTemplate":"https:\/\/www.koupeltech.com\/?s={search_term_string}"},"query-input":{"@type":"PropertyValueSpecification","valueRequired":true,"valueName":"search_term_string"}}],"inLanguage":"cs"}]}},"_links":{"self":[{"href":"https:\/\/www.koupeltech.com\/index.php\/wp-json\/wp\/v2\/product\/41370","targetHints":{"allow":["GET"]}}],"collection":[{"href":"https:\/\/www.koupeltech.com\/index.php\/wp-json\/wp\/v2\/product"}],"about":[{"href":"https:\/\/www.koupeltech.com\/index.php\/wp-json\/wp\/v2\/types\/product"}],"replies":[{"embeddable":true,"href":"https:\/\/www.koupeltech.com\/index.php\/wp-json\/wp\/v2\/comments?post=41370"}],"wp:featuredmedia":[{"embeddable":true,"href":"https:\/\/www.koupeltech.com\/index.php\/wp-json\/wp\/v2\/media\/41470"}],"wp:attachment":[{"href":"https:\/\/www.koupeltech.com\/index.php\/wp-json\/wp\/v2\/media?parent=41370"}],"wp:term":[{"taxonomy":"product_brand","embeddable":true,"href":"https:\/\/www.koupeltech.com\/index.php\/wp-json\/wp\/v2\/product_brand?post=41370"},{"taxonomy":"product_cat","embeddable":true,"href":"https:\/\/www.koupeltech.com\/index.php\/wp-json\/wp\/v2\/product_cat?post=41370"},{"taxonomy":"product_tag","embeddable":true,"href":"https:\/\/www.koupeltech.com\/index.php\/wp-json\/wp\/v2\/product_tag?post=41370"}],"curies":[{"name":"wp","href":"https:\/\/api.w.org\/{rel}","templated":true}]}}