{"id":46107,"date":"2026-04-27T14:02:44","date_gmt":"2026-04-27T14:02:44","guid":{"rendered":""},"modified":"2026-04-27T14:02:44","modified_gmt":"2026-04-27T14:02:44","slug":"akce-gude-motorove-nuzky-na-zive-ploty-gmh-603-46107","status":"publish","type":"product","link":"https:\/\/www.koupeltech.com\/index.php\/produkt\/akce-gude-motorove-nuzky-na-zive-ploty-gmh-603-46107\/","title":{"rendered":"Akce G\u00dcDE Motorov\u00e9 n\u016f\u017eky na \u017eiv\u00e9 ploty GMH 603"},"content":{"rendered":"<table>\n<div class=\"tab-pane active product-description\" id=\"popis\" role=\"tabpanel\">\n<div class=\"short-description\" itemprop=\"description\"><\/div>\n<div class=\"description\">\n<p><span class=\"bullet-line\">Benzinov\u00e9 n\u016f\u017eky, ur\u010den\u00e9 ke st\u0159\u00edh\u00e1n\u00ed (zast\u0159ihov\u00e1n\u00ed) \u017eiv\u00fdch plot\u016f a ke\u0159\u016f.<\/span><br \/><span class=\"bullet-line\">Precizn\u011b zpracovan\u00e9 protib\u011b\u017en\u00e9 no\u017ee (vy\u0159ez\u00e1van\u00e9 laserem, s diamantem ost\u0159en\u00fdmi b\u0159ity; st\u0159i\u017en\u00fd v\u00fdkon: 24 mm); 3polohov\u00e9 ot\u00e1\u010den\u00ed zadn\u00ed rukojeti (rozsah: \u00b1 90\u00ba, pohodln\u00e9 sest\u0159i\u017een\u00ed vrchn\u00ed i bo\u010dn\u00edch \u010d\u00e1st\u00ed plot\u016f).<\/span><br \/><span class=\"bullet-line\">Jednov\u00e1lcov\u00fd 2taktn\u00ed OHV motor 0,75 kW, reverzn\u00ed startovac\u00ed syst\u00e9m, PRIMER (manu\u00e1ln\u00ed palivov\u00e9 \u010derpadlo), 0,46 l palivov\u00e1 n\u00e1dr\u017e (spot\u0159eba p\u0159i pln\u00e9m v\u00fdkonu: 0,6 l\/hod).<\/span><br \/><span class=\"bullet-line\">Konstrukce: pojistka plynov\u00e9 p\u00e1\u010dky, antivibra\u010dn\u00ed tlumi\u010de (3), ochrann\u00fd kryt rukou.<\/span><br \/><span class=\"bullet-line\">P\u0159\u00edslu\u0161enstv\u00ed: kryt st\u0159ihac\u00ed li\u0161ty.<\/span><br \/><span class=\"bullet-line\">Celkov\u00e9 rozm\u011bry (d x \u0161 x v): 1.200 x 245 x 230 mm, hladina akustick\u00e9ho v\u00fdkonu LWA: 109 dB (A).<\/span><\/p>\n<\/div>\n<div class=\"parameters\">\n<tr>\n<td>Zdvihov\u00fd objem v\u00e1lce<\/td>\n<td>26 cm3<\/td>\n<\/tr>\n<tr>\n<td>Volnob\u011b\u017en\u00e9 ot\u00e1\u010dky<\/td>\n<td>10.000 min-1<\/td>\n<\/tr>\n<tr>\n<td>Volnob\u011b\u017en\u00e9 zdvihy no\u017e\u016f<\/td>\n<td>3.000 min-1<\/td>\n<\/tr>\n<tr>\n<td>Hmotnost (brutto)<\/td>\n<td>5,40 kg<\/td>\n<\/tr>\n<tr>\n<td>V\u00fdkon motoru<\/td>\n<td>0,75 kW\/1,0 PS<\/td>\n<\/tr>\n<tr>\n<td>D\u00e9lka li\u0161ty<\/td>\n<td>770 mm<\/td>\n<\/tr>\n<tr>\n<td>D\u00e9lka st\u0159ihu<\/td>\n<td>615 mm<\/td>\n<\/tr><\/div>\n<\/table>\n","protected":false},"excerpt":{"rendered":"<p>Benzinov\u00e9 n\u016f\u017eky, ur\u010den\u00e9 ke st\u0159\u00edh\u00e1n\u00ed (zast\u0159ihov\u00e1n\u00ed) \u017eiv\u00fdch plot\u016f a ke\u0159\u016f.Precizn\u011b zpracovan\u00e9 protib\u011b\u017en\u00e9 no\u017ee (vy\u0159ez\u00e1van\u00e9 laserem, s diamantem ost\u0159en\u00fdmi b\u0159ity; st\u0159i\u017en\u00fd v\u00fdkon: 24 mm); 3polohov\u00e9 ot\u00e1\u010den\u00ed zadn\u00ed rukojeti (rozsah: \u00b1 90\u00ba, pohodln\u00e9 sest\u0159i\u017een\u00ed vrchn\u00ed i bo\u010dn\u00edch \u010d\u00e1st\u00ed plot\u016f).Jednov\u00e1lcov\u00fd 2taktn\u00ed OHV motor 0,75 kW, reverzn\u00ed startovac\u00ed syst\u00e9m, PRIMER (manu\u00e1ln\u00ed palivov\u00e9 \u010derpadlo), 0,46 l palivov\u00e1 n\u00e1dr\u017e (spot\u0159eba p\u0159i [&hellip;]<\/p>\n","protected":false},"featured_media":46207,"comment_status":"open","ping_status":"open","template":"","meta":[],"product_brand":[],"product_cat":[44],"product_tag":[],"class_list":{"0":"post-46107","1":"product","2":"type-product","3":"status-publish","4":"has-post-thumbnail","6":"product_cat-zahrada","8":"first","9":"instock","10":"sale","11":"shipping-taxable","12":"purchasable","13":"product-type-simple"},"yoast_head":"<!-- This site is optimized with the Yoast SEO plugin v26.8 - https:\/\/yoast.com\/product\/yoast-seo-wordpress\/ -->\n<title>Akce G\u00dcDE Motorov\u00e9 n\u016f\u017eky na \u017eiv\u00e9 ploty GMH 603 -<\/title>\n<meta name=\"robots\" content=\"index, follow, max-snippet:-1, max-image-preview:large, max-video-preview:-1\" \/>\n<link rel=\"canonical\" href=\"https:\/\/www.koupeltech.com\/index.php\/produkt\/akce-gude-motorove-nuzky-na-zive-ploty-gmh-603-46107\/\" \/>\n<meta property=\"og:locale\" content=\"cs_CZ\" \/>\n<meta property=\"og:type\" content=\"article\" \/>\n<meta property=\"og:title\" content=\"Akce G\u00dcDE Motorov\u00e9 n\u016f\u017eky na \u017eiv\u00e9 ploty GMH 603 -\" \/>\n<meta property=\"og:description\" content=\"Benzinov\u00e9 n\u016f\u017eky, ur\u010den\u00e9 ke st\u0159\u00edh\u00e1n\u00ed (zast\u0159ihov\u00e1n\u00ed) \u017eiv\u00fdch plot\u016f a ke\u0159\u016f.Precizn\u011b zpracovan\u00e9 protib\u011b\u017en\u00e9 no\u017ee (vy\u0159ez\u00e1van\u00e9 laserem, s diamantem ost\u0159en\u00fdmi b\u0159ity; st\u0159i\u017en\u00fd v\u00fdkon: 24 mm); 3polohov\u00e9 ot\u00e1\u010den\u00ed zadn\u00ed rukojeti (rozsah: \u00b1 90\u00ba, pohodln\u00e9 sest\u0159i\u017een\u00ed vrchn\u00ed i bo\u010dn\u00edch \u010d\u00e1st\u00ed plot\u016f).Jednov\u00e1lcov\u00fd 2taktn\u00ed OHV motor 0,75 kW, reverzn\u00ed startovac\u00ed syst\u00e9m, PRIMER (manu\u00e1ln\u00ed palivov\u00e9 \u010derpadlo), 0,46 l palivov\u00e1 n\u00e1dr\u017e (spot\u0159eba p\u0159i [&hellip;]\" \/>\n<meta property=\"og:url\" content=\"https:\/\/www.koupeltech.com\/index.php\/produkt\/akce-gude-motorove-nuzky-na-zive-ploty-gmh-603-46107\/\" \/>\n<meta property=\"og:image\" content=\"https:\/\/www.koupeltech.com\/wp-content\/uploads\/2026\/SK0025133-CZ20260425-092328-0-1777080210-1246582-1_112245.webp\" \/>\n\t<meta property=\"og:image:width\" content=\"1000\" \/>\n\t<meta property=\"og:image:height\" content=\"755\" \/>\n\t<meta property=\"og:image:type\" content=\"image\/webp\" \/>\n<meta name=\"twitter:card\" content=\"summary_large_image\" \/>\n<meta name=\"twitter:label1\" content=\"Odhadovan\u00e1 doba \u010dten\u00ed\" \/>\n\t<meta name=\"twitter:data1\" content=\"1 minuta\" \/>\n<script type=\"application\/ld+json\" class=\"yoast-schema-graph\">{\"@context\":\"https:\/\/schema.org\",\"@graph\":[{\"@type\":\"WebPage\",\"@id\":\"https:\/\/www.koupeltech.com\/index.php\/produkt\/akce-gude-motorove-nuzky-na-zive-ploty-gmh-603-46107\/\",\"url\":\"https:\/\/www.koupeltech.com\/index.php\/produkt\/akce-gude-motorove-nuzky-na-zive-ploty-gmh-603-46107\/\",\"name\":\"Akce G\u00dcDE Motorov\u00e9 n\u016f\u017eky na \u017eiv\u00e9 ploty GMH 603 -\",\"isPartOf\":{\"@id\":\"https:\/\/www.koupeltech.com\/#website\"},\"primaryImageOfPage\":{\"@id\":\"https:\/\/www.koupeltech.com\/index.php\/produkt\/akce-gude-motorove-nuzky-na-zive-ploty-gmh-603-46107\/#primaryimage\"},\"image\":{\"@id\":\"https:\/\/www.koupeltech.com\/index.php\/produkt\/akce-gude-motorove-nuzky-na-zive-ploty-gmh-603-46107\/#primaryimage\"},\"thumbnailUrl\":\"https:\/\/www.koupeltech.com\/wp-content\/uploads\/2026\/SK0025133-CZ20260425-092328-0-1777080210-1246582-1_112245.webp\",\"datePublished\":\"2026-04-27T14:02:44+00:00\",\"breadcrumb\":{\"@id\":\"https:\/\/www.koupeltech.com\/index.php\/produkt\/akce-gude-motorove-nuzky-na-zive-ploty-gmh-603-46107\/#breadcrumb\"},\"inLanguage\":\"cs\",\"potentialAction\":[{\"@type\":\"ReadAction\",\"target\":[\"https:\/\/www.koupeltech.com\/index.php\/produkt\/akce-gude-motorove-nuzky-na-zive-ploty-gmh-603-46107\/\"]}]},{\"@type\":\"ImageObject\",\"inLanguage\":\"cs\",\"@id\":\"https:\/\/www.koupeltech.com\/index.php\/produkt\/akce-gude-motorove-nuzky-na-zive-ploty-gmh-603-46107\/#primaryimage\",\"url\":\"https:\/\/www.koupeltech.com\/wp-content\/uploads\/2026\/SK0025133-CZ20260425-092328-0-1777080210-1246582-1_112245.webp\",\"contentUrl\":\"https:\/\/www.koupeltech.com\/wp-content\/uploads\/2026\/SK0025133-CZ20260425-092328-0-1777080210-1246582-1_112245.webp\",\"width\":1000,\"height\":755},{\"@type\":\"BreadcrumbList\",\"@id\":\"https:\/\/www.koupeltech.com\/index.php\/produkt\/akce-gude-motorove-nuzky-na-zive-ploty-gmh-603-46107\/#breadcrumb\",\"itemListElement\":[{\"@type\":\"ListItem\",\"position\":1,\"name\":\"Home\",\"item\":\"https:\/\/www.koupeltech.com\/\"},{\"@type\":\"ListItem\",\"position\":2,\"name\":\"Products\",\"item\":\"https:\/\/www.koupeltech.com\/index.php\/products\/\"},{\"@type\":\"ListItem\",\"position\":3,\"name\":\"Akce G\u00dcDE Motorov\u00e9 n\u016f\u017eky na \u017eiv\u00e9 ploty GMH 603\"}]},{\"@type\":\"WebSite\",\"@id\":\"https:\/\/www.koupeltech.com\/#website\",\"url\":\"https:\/\/www.koupeltech.com\/\",\"name\":\"\",\"description\":\"\",\"potentialAction\":[{\"@type\":\"SearchAction\",\"target\":{\"@type\":\"EntryPoint\",\"urlTemplate\":\"https:\/\/www.koupeltech.com\/?s={search_term_string}\"},\"query-input\":{\"@type\":\"PropertyValueSpecification\",\"valueRequired\":true,\"valueName\":\"search_term_string\"}}],\"inLanguage\":\"cs\"}]}<\/script>\n<!-- \/ Yoast SEO plugin. -->","yoast_head_json":{"title":"Akce G\u00dcDE Motorov\u00e9 n\u016f\u017eky na \u017eiv\u00e9 ploty GMH 603 -","robots":{"index":"index","follow":"follow","max-snippet":"max-snippet:-1","max-image-preview":"max-image-preview:large","max-video-preview":"max-video-preview:-1"},"canonical":"https:\/\/www.koupeltech.com\/index.php\/produkt\/akce-gude-motorove-nuzky-na-zive-ploty-gmh-603-46107\/","og_locale":"cs_CZ","og_type":"article","og_title":"Akce G\u00dcDE Motorov\u00e9 n\u016f\u017eky na \u017eiv\u00e9 ploty GMH 603 -","og_description":"Benzinov\u00e9 n\u016f\u017eky, ur\u010den\u00e9 ke st\u0159\u00edh\u00e1n\u00ed (zast\u0159ihov\u00e1n\u00ed) \u017eiv\u00fdch plot\u016f a ke\u0159\u016f.Precizn\u011b zpracovan\u00e9 protib\u011b\u017en\u00e9 no\u017ee (vy\u0159ez\u00e1van\u00e9 laserem, s diamantem ost\u0159en\u00fdmi b\u0159ity; st\u0159i\u017en\u00fd v\u00fdkon: 24 mm); 3polohov\u00e9 ot\u00e1\u010den\u00ed zadn\u00ed rukojeti (rozsah: \u00b1 90\u00ba, pohodln\u00e9 sest\u0159i\u017een\u00ed vrchn\u00ed i bo\u010dn\u00edch \u010d\u00e1st\u00ed plot\u016f).Jednov\u00e1lcov\u00fd 2taktn\u00ed OHV motor 0,75 kW, reverzn\u00ed startovac\u00ed syst\u00e9m, PRIMER (manu\u00e1ln\u00ed palivov\u00e9 \u010derpadlo), 0,46 l palivov\u00e1 n\u00e1dr\u017e (spot\u0159eba p\u0159i [&hellip;]","og_url":"https:\/\/www.koupeltech.com\/index.php\/produkt\/akce-gude-motorove-nuzky-na-zive-ploty-gmh-603-46107\/","og_image":[{"width":1000,"height":755,"url":"https:\/\/www.koupeltech.com\/wp-content\/uploads\/2026\/SK0025133-CZ20260425-092328-0-1777080210-1246582-1_112245.webp","type":"image\/webp"}],"twitter_card":"summary_large_image","twitter_misc":{"Odhadovan\u00e1 doba \u010dten\u00ed":"1 minuta"},"schema":{"@context":"https:\/\/schema.org","@graph":[{"@type":"WebPage","@id":"https:\/\/www.koupeltech.com\/index.php\/produkt\/akce-gude-motorove-nuzky-na-zive-ploty-gmh-603-46107\/","url":"https:\/\/www.koupeltech.com\/index.php\/produkt\/akce-gude-motorove-nuzky-na-zive-ploty-gmh-603-46107\/","name":"Akce G\u00dcDE Motorov\u00e9 n\u016f\u017eky na \u017eiv\u00e9 ploty GMH 603 -","isPartOf":{"@id":"https:\/\/www.koupeltech.com\/#website"},"primaryImageOfPage":{"@id":"https:\/\/www.koupeltech.com\/index.php\/produkt\/akce-gude-motorove-nuzky-na-zive-ploty-gmh-603-46107\/#primaryimage"},"image":{"@id":"https:\/\/www.koupeltech.com\/index.php\/produkt\/akce-gude-motorove-nuzky-na-zive-ploty-gmh-603-46107\/#primaryimage"},"thumbnailUrl":"https:\/\/www.koupeltech.com\/wp-content\/uploads\/2026\/SK0025133-CZ20260425-092328-0-1777080210-1246582-1_112245.webp","datePublished":"2026-04-27T14:02:44+00:00","breadcrumb":{"@id":"https:\/\/www.koupeltech.com\/index.php\/produkt\/akce-gude-motorove-nuzky-na-zive-ploty-gmh-603-46107\/#breadcrumb"},"inLanguage":"cs","potentialAction":[{"@type":"ReadAction","target":["https:\/\/www.koupeltech.com\/index.php\/produkt\/akce-gude-motorove-nuzky-na-zive-ploty-gmh-603-46107\/"]}]},{"@type":"ImageObject","inLanguage":"cs","@id":"https:\/\/www.koupeltech.com\/index.php\/produkt\/akce-gude-motorove-nuzky-na-zive-ploty-gmh-603-46107\/#primaryimage","url":"https:\/\/www.koupeltech.com\/wp-content\/uploads\/2026\/SK0025133-CZ20260425-092328-0-1777080210-1246582-1_112245.webp","contentUrl":"https:\/\/www.koupeltech.com\/wp-content\/uploads\/2026\/SK0025133-CZ20260425-092328-0-1777080210-1246582-1_112245.webp","width":1000,"height":755},{"@type":"BreadcrumbList","@id":"https:\/\/www.koupeltech.com\/index.php\/produkt\/akce-gude-motorove-nuzky-na-zive-ploty-gmh-603-46107\/#breadcrumb","itemListElement":[{"@type":"ListItem","position":1,"name":"Home","item":"https:\/\/www.koupeltech.com\/"},{"@type":"ListItem","position":2,"name":"Products","item":"https:\/\/www.koupeltech.com\/index.php\/products\/"},{"@type":"ListItem","position":3,"name":"Akce G\u00dcDE Motorov\u00e9 n\u016f\u017eky na \u017eiv\u00e9 ploty GMH 603"}]},{"@type":"WebSite","@id":"https:\/\/www.koupeltech.com\/#website","url":"https:\/\/www.koupeltech.com\/","name":"","description":"","potentialAction":[{"@type":"SearchAction","target":{"@type":"EntryPoint","urlTemplate":"https:\/\/www.koupeltech.com\/?s={search_term_string}"},"query-input":{"@type":"PropertyValueSpecification","valueRequired":true,"valueName":"search_term_string"}}],"inLanguage":"cs"}]}},"_links":{"self":[{"href":"https:\/\/www.koupeltech.com\/index.php\/wp-json\/wp\/v2\/product\/46107","targetHints":{"allow":["GET"]}}],"collection":[{"href":"https:\/\/www.koupeltech.com\/index.php\/wp-json\/wp\/v2\/product"}],"about":[{"href":"https:\/\/www.koupeltech.com\/index.php\/wp-json\/wp\/v2\/types\/product"}],"replies":[{"embeddable":true,"href":"https:\/\/www.koupeltech.com\/index.php\/wp-json\/wp\/v2\/comments?post=46107"}],"wp:featuredmedia":[{"embeddable":true,"href":"https:\/\/www.koupeltech.com\/index.php\/wp-json\/wp\/v2\/media\/46207"}],"wp:attachment":[{"href":"https:\/\/www.koupeltech.com\/index.php\/wp-json\/wp\/v2\/media?parent=46107"}],"wp:term":[{"taxonomy":"product_brand","embeddable":true,"href":"https:\/\/www.koupeltech.com\/index.php\/wp-json\/wp\/v2\/product_brand?post=46107"},{"taxonomy":"product_cat","embeddable":true,"href":"https:\/\/www.koupeltech.com\/index.php\/wp-json\/wp\/v2\/product_cat?post=46107"},{"taxonomy":"product_tag","embeddable":true,"href":"https:\/\/www.koupeltech.com\/index.php\/wp-json\/wp\/v2\/product_tag?post=46107"}],"curies":[{"name":"wp","href":"https:\/\/api.w.org\/{rel}","templated":true}]}}