{"id":46123,"date":"2026-04-27T14:02:44","date_gmt":"2026-04-27T14:02:44","guid":{"rendered":""},"modified":"2026-04-27T14:02:44","modified_gmt":"2026-04-27T14:02:44","slug":"specialni-cena-gude-sada-nahradnich-kartacu-k-cistici-spar-gfr-401-46123","status":"publish","type":"product","link":"https:\/\/www.koupeltech.com\/produkt\/specialni-cena-gude-sada-nahradnich-kartacu-k-cistici-spar-gfr-401-46123\/","title":{"rendered":"Speci\u00e1ln\u00ed Cena G\u00dcDE Sada n\u00e1hradn\u00edch kart\u00e1\u010d\u016f k \u010disti\u010di sp\u00e1r GFR 401"},"content":{"rendered":"<table>\n<div class=\"tab-pane active product-description\" id=\"popis\" role=\"tabpanel\">\n<div class=\"short-description\" itemprop=\"description\"><\/div>\n<div class=\"description\"><span class='bullet-line'>Dr\u00e1t\u011bn\u00fd kart\u00e1\u010d (\u2192 odstra\u0148ov\u00e1n\u00ed n\u00e1nos\u016f, usazenin), nylonov\u00fd kart\u00e1\u010d (\u2192 likvidace plevele, fin\u00e1ln\u00ed \u00faprava sp\u00e1r), vhodn\u00e9 pro \u010disti\u010d sp\u00e1r GFR 401 (94317).<\/span><\/div>\n<div class=\"parameters\">\n<tr>\n<td>Pr\u016fm\u011br kart\u00e1\u010de<\/td>\n<td>110 mm<\/td>\n<\/tr>\n<tr>\n<td>vhodn\u00e9 pro polo\u017eku \u010d.<\/td>\n<td>94317<\/td>\n<\/tr>\n<tr>\n<td>D\u00e9lka<\/td>\n<td>110 mm<\/td>\n<\/tr>\n<tr>\n<td>\u0160irok\u00fd<\/td>\n<td>110 mm<\/td>\n<\/tr>\n<tr>\n<td>V\u00fd\u0161ka<\/td>\n<td>38 mm<\/td>\n<\/tr><\/div>\n<\/table>\n","protected":false},"excerpt":{"rendered":"<p>Dr\u00e1t\u011bn\u00fd kart\u00e1\u010d (\u2192 odstra\u0148ov\u00e1n\u00ed n\u00e1nos\u016f, usazenin), nylonov\u00fd kart\u00e1\u010d (\u2192 likvidace plevele, fin\u00e1ln\u00ed \u00faprava sp\u00e1r), vhodn\u00e9 pro \u010disti\u010d sp\u00e1r GFR 401 (94317). Pr\u016fm\u011br kart\u00e1\u010de 110 mm vhodn\u00e9 pro polo\u017eku \u010d. 94317 D\u00e9lka 110 mm \u0160irok\u00fd 110 mm V\u00fd\u0161ka 38 mm<\/p>\n","protected":false},"featured_media":46223,"template":"","meta":[],"product_brand":[],"product_cat":[49],"product_tag":[],"class_list":{"0":"post-46123","1":"product","2":"type-product","3":"status-publish","4":"has-post-thumbnail","6":"product_cat-cistici-technika","8":"first","9":"instock","10":"sale","11":"shipping-taxable","12":"purchasable","13":"product-type-simple"},"yoast_head":"<!-- This site is optimized with the Yoast SEO plugin v26.8 - https:\/\/yoast.com\/product\/yoast-seo-wordpress\/ -->\n<title>Speci\u00e1ln\u00ed Cena G\u00dcDE Sada n\u00e1hradn\u00edch kart\u00e1\u010d\u016f k \u010disti\u010di sp\u00e1r GFR 401 - Koupelny &amp; sanit\u00e1rn\u00ed technika &amp; interi\u00e9rov\u00e1 sv\u00edtidla a n\u00e1\u0159ad\u00ed<\/title>\n<meta name=\"robots\" content=\"index, follow, max-snippet:-1, max-image-preview:large, max-video-preview:-1\" \/>\n<link rel=\"canonical\" href=\"https:\/\/www.koupeltech.com\/index.php\/produkt\/specialni-cena-gude-sada-nahradnich-kartacu-k-cistici-spar-gfr-401-46123\/\" \/>\n<meta property=\"og:locale\" content=\"cs_CZ\" \/>\n<meta property=\"og:type\" content=\"article\" \/>\n<meta property=\"og:title\" content=\"Speci\u00e1ln\u00ed Cena G\u00dcDE Sada n\u00e1hradn\u00edch kart\u00e1\u010d\u016f k \u010disti\u010di sp\u00e1r GFR 401 - Koupelny &amp; sanit\u00e1rn\u00ed technika &amp; interi\u00e9rov\u00e1 sv\u00edtidla a n\u00e1\u0159ad\u00ed\" \/>\n<meta property=\"og:description\" content=\"Dr\u00e1t\u011bn\u00fd kart\u00e1\u010d (\u2192 odstra\u0148ov\u00e1n\u00ed n\u00e1nos\u016f, usazenin), nylonov\u00fd kart\u00e1\u010d (\u2192 likvidace plevele, fin\u00e1ln\u00ed \u00faprava sp\u00e1r), vhodn\u00e9 pro \u010disti\u010d sp\u00e1r GFR 401 (94317). Pr\u016fm\u011br kart\u00e1\u010de 110 mm vhodn\u00e9 pro polo\u017eku \u010d. 94317 D\u00e9lka 110 mm \u0160irok\u00fd 110 mm V\u00fd\u0161ka 38 mm\" \/>\n<meta property=\"og:url\" content=\"https:\/\/www.koupeltech.com\/index.php\/produkt\/specialni-cena-gude-sada-nahradnich-kartacu-k-cistici-spar-gfr-401-46123\/\" \/>\n<meta property=\"og:site_name\" content=\"Koupelny &amp; sanit\u00e1rn\u00ed technika &amp; interi\u00e9rov\u00e1 sv\u00edtidla a n\u00e1\u0159ad\u00ed\" \/>\n<meta property=\"og:image\" content=\"https:\/\/www.koupeltech.com\/wp-content\/uploads\/2026\/SK0025149-CZ20260425-092328-0-1777080210-1246605-1_112745.webp\" \/>\n\t<meta property=\"og:image:width\" content=\"893\" \/>\n\t<meta property=\"og:image:height\" content=\"323\" \/>\n\t<meta property=\"og:image:type\" content=\"image\/webp\" \/>\n<meta name=\"twitter:card\" content=\"summary_large_image\" \/>\n<script type=\"application\/ld+json\" class=\"yoast-schema-graph\">{\"@context\":\"https:\/\/schema.org\",\"@graph\":[{\"@type\":\"WebPage\",\"@id\":\"https:\/\/www.koupeltech.com\/index.php\/produkt\/specialni-cena-gude-sada-nahradnich-kartacu-k-cistici-spar-gfr-401-46123\/\",\"url\":\"https:\/\/www.koupeltech.com\/index.php\/produkt\/specialni-cena-gude-sada-nahradnich-kartacu-k-cistici-spar-gfr-401-46123\/\",\"name\":\"Speci\u00e1ln\u00ed Cena G\u00dcDE Sada n\u00e1hradn\u00edch kart\u00e1\u010d\u016f k \u010disti\u010di sp\u00e1r GFR 401 - Koupelny &amp; sanit\u00e1rn\u00ed technika &amp; interi\u00e9rov\u00e1 sv\u00edtidla a n\u00e1\u0159ad\u00ed\",\"isPartOf\":{\"@id\":\"https:\/\/www.koupeltech.com\/#website\"},\"primaryImageOfPage\":{\"@id\":\"https:\/\/www.koupeltech.com\/index.php\/produkt\/specialni-cena-gude-sada-nahradnich-kartacu-k-cistici-spar-gfr-401-46123\/#primaryimage\"},\"image\":{\"@id\":\"https:\/\/www.koupeltech.com\/index.php\/produkt\/specialni-cena-gude-sada-nahradnich-kartacu-k-cistici-spar-gfr-401-46123\/#primaryimage\"},\"thumbnailUrl\":\"https:\/\/www.koupeltech.com\/wp-content\/uploads\/2026\/SK0025149-CZ20260425-092328-0-1777080210-1246605-1_112745.webp\",\"datePublished\":\"2026-04-27T14:02:44+00:00\",\"breadcrumb\":{\"@id\":\"https:\/\/www.koupeltech.com\/index.php\/produkt\/specialni-cena-gude-sada-nahradnich-kartacu-k-cistici-spar-gfr-401-46123\/#breadcrumb\"},\"inLanguage\":\"cs\",\"potentialAction\":[{\"@type\":\"ReadAction\",\"target\":[\"https:\/\/www.koupeltech.com\/index.php\/produkt\/specialni-cena-gude-sada-nahradnich-kartacu-k-cistici-spar-gfr-401-46123\/\"]}]},{\"@type\":\"ImageObject\",\"inLanguage\":\"cs\",\"@id\":\"https:\/\/www.koupeltech.com\/index.php\/produkt\/specialni-cena-gude-sada-nahradnich-kartacu-k-cistici-spar-gfr-401-46123\/#primaryimage\",\"url\":\"https:\/\/www.koupeltech.com\/wp-content\/uploads\/2026\/SK0025149-CZ20260425-092328-0-1777080210-1246605-1_112745.webp\",\"contentUrl\":\"https:\/\/www.koupeltech.com\/wp-content\/uploads\/2026\/SK0025149-CZ20260425-092328-0-1777080210-1246605-1_112745.webp\",\"width\":893,\"height\":323},{\"@type\":\"BreadcrumbList\",\"@id\":\"https:\/\/www.koupeltech.com\/index.php\/produkt\/specialni-cena-gude-sada-nahradnich-kartacu-k-cistici-spar-gfr-401-46123\/#breadcrumb\",\"itemListElement\":[{\"@type\":\"ListItem\",\"position\":1,\"name\":\"Home\",\"item\":\"https:\/\/www.koupeltech.com\/\"},{\"@type\":\"ListItem\",\"position\":2,\"name\":\"Products\",\"item\":\"https:\/\/www.koupeltech.com\/products\/\"},{\"@type\":\"ListItem\",\"position\":3,\"name\":\"Speci\u00e1ln\u00ed Cena G\u00dcDE Sada n\u00e1hradn\u00edch kart\u00e1\u010d\u016f k \u010disti\u010di sp\u00e1r GFR 401\"}]},{\"@type\":\"WebSite\",\"@id\":\"https:\/\/www.koupeltech.com\/#website\",\"url\":\"https:\/\/www.koupeltech.com\/\",\"name\":\"Koupelny &amp; sanit\u00e1rn\u00ed technika &amp; interi\u00e9rov\u00e1 sv\u00edtidla a n\u00e1\u0159ad\u00ed\",\"description\":\"Koupelny &amp; sanit\u00e1rn\u00ed technika &amp; interi\u00e9rov\u00e1 sv\u00edtidla a n\u00e1\u0159ad\u00ed\",\"publisher\":{\"@id\":\"https:\/\/www.koupeltech.com\/#organization\"},\"potentialAction\":[{\"@type\":\"SearchAction\",\"target\":{\"@type\":\"EntryPoint\",\"urlTemplate\":\"https:\/\/www.koupeltech.com\/?s={search_term_string}\"},\"query-input\":{\"@type\":\"PropertyValueSpecification\",\"valueRequired\":true,\"valueName\":\"search_term_string\"}}],\"inLanguage\":\"cs\"},{\"@type\":\"Organization\",\"@id\":\"https:\/\/www.koupeltech.com\/#organization\",\"name\":\"Koupelny &amp; sanit\u00e1rn\u00ed technika &amp; interi\u00e9rov\u00e1 sv\u00edtidla a n\u00e1\u0159ad\u00ed\",\"url\":\"https:\/\/www.koupeltech.com\/\",\"logo\":{\"@type\":\"ImageObject\",\"inLanguage\":\"cs\",\"@id\":\"https:\/\/www.koupeltech.com\/#\/schema\/logo\/image\/\",\"url\":\"https:\/\/www.koupeltech.com\/wp-content\/uploads\/2026\/04\/koupeltech_logo.svg\",\"contentUrl\":\"https:\/\/www.koupeltech.com\/wp-content\/uploads\/2026\/04\/koupeltech_logo.svg\",\"width\":620,\"height\":160,\"caption\":\"Koupelny &amp; sanit\u00e1rn\u00ed technika &amp; interi\u00e9rov\u00e1 sv\u00edtidla a n\u00e1\u0159ad\u00ed\"},\"image\":{\"@id\":\"https:\/\/www.koupeltech.com\/#\/schema\/logo\/image\/\"}}]}<\/script>\n<!-- \/ Yoast SEO plugin. -->","yoast_head_json":{"title":"Speci\u00e1ln\u00ed Cena G\u00dcDE Sada n\u00e1hradn\u00edch kart\u00e1\u010d\u016f k \u010disti\u010di sp\u00e1r GFR 401 - Koupelny &amp; sanit\u00e1rn\u00ed technika &amp; interi\u00e9rov\u00e1 sv\u00edtidla a n\u00e1\u0159ad\u00ed","robots":{"index":"index","follow":"follow","max-snippet":"max-snippet:-1","max-image-preview":"max-image-preview:large","max-video-preview":"max-video-preview:-1"},"canonical":"https:\/\/www.koupeltech.com\/index.php\/produkt\/specialni-cena-gude-sada-nahradnich-kartacu-k-cistici-spar-gfr-401-46123\/","og_locale":"cs_CZ","og_type":"article","og_title":"Speci\u00e1ln\u00ed Cena G\u00dcDE Sada n\u00e1hradn\u00edch kart\u00e1\u010d\u016f k \u010disti\u010di sp\u00e1r GFR 401 - Koupelny &amp; sanit\u00e1rn\u00ed technika &amp; interi\u00e9rov\u00e1 sv\u00edtidla a n\u00e1\u0159ad\u00ed","og_description":"Dr\u00e1t\u011bn\u00fd kart\u00e1\u010d (\u2192 odstra\u0148ov\u00e1n\u00ed n\u00e1nos\u016f, usazenin), nylonov\u00fd kart\u00e1\u010d (\u2192 likvidace plevele, fin\u00e1ln\u00ed \u00faprava sp\u00e1r), vhodn\u00e9 pro \u010disti\u010d sp\u00e1r GFR 401 (94317). Pr\u016fm\u011br kart\u00e1\u010de 110 mm vhodn\u00e9 pro polo\u017eku \u010d. 94317 D\u00e9lka 110 mm \u0160irok\u00fd 110 mm V\u00fd\u0161ka 38 mm","og_url":"https:\/\/www.koupeltech.com\/index.php\/produkt\/specialni-cena-gude-sada-nahradnich-kartacu-k-cistici-spar-gfr-401-46123\/","og_site_name":"Koupelny &amp; sanit\u00e1rn\u00ed technika &amp; interi\u00e9rov\u00e1 sv\u00edtidla a n\u00e1\u0159ad\u00ed","og_image":[{"width":893,"height":323,"url":"https:\/\/www.koupeltech.com\/wp-content\/uploads\/2026\/SK0025149-CZ20260425-092328-0-1777080210-1246605-1_112745.webp","type":"image\/webp"}],"twitter_card":"summary_large_image","schema":{"@context":"https:\/\/schema.org","@graph":[{"@type":"WebPage","@id":"https:\/\/www.koupeltech.com\/index.php\/produkt\/specialni-cena-gude-sada-nahradnich-kartacu-k-cistici-spar-gfr-401-46123\/","url":"https:\/\/www.koupeltech.com\/index.php\/produkt\/specialni-cena-gude-sada-nahradnich-kartacu-k-cistici-spar-gfr-401-46123\/","name":"Speci\u00e1ln\u00ed Cena G\u00dcDE Sada n\u00e1hradn\u00edch kart\u00e1\u010d\u016f k \u010disti\u010di sp\u00e1r GFR 401 - Koupelny &amp; sanit\u00e1rn\u00ed technika &amp; interi\u00e9rov\u00e1 sv\u00edtidla a n\u00e1\u0159ad\u00ed","isPartOf":{"@id":"https:\/\/www.koupeltech.com\/#website"},"primaryImageOfPage":{"@id":"https:\/\/www.koupeltech.com\/index.php\/produkt\/specialni-cena-gude-sada-nahradnich-kartacu-k-cistici-spar-gfr-401-46123\/#primaryimage"},"image":{"@id":"https:\/\/www.koupeltech.com\/index.php\/produkt\/specialni-cena-gude-sada-nahradnich-kartacu-k-cistici-spar-gfr-401-46123\/#primaryimage"},"thumbnailUrl":"https:\/\/www.koupeltech.com\/wp-content\/uploads\/2026\/SK0025149-CZ20260425-092328-0-1777080210-1246605-1_112745.webp","datePublished":"2026-04-27T14:02:44+00:00","breadcrumb":{"@id":"https:\/\/www.koupeltech.com\/index.php\/produkt\/specialni-cena-gude-sada-nahradnich-kartacu-k-cistici-spar-gfr-401-46123\/#breadcrumb"},"inLanguage":"cs","potentialAction":[{"@type":"ReadAction","target":["https:\/\/www.koupeltech.com\/index.php\/produkt\/specialni-cena-gude-sada-nahradnich-kartacu-k-cistici-spar-gfr-401-46123\/"]}]},{"@type":"ImageObject","inLanguage":"cs","@id":"https:\/\/www.koupeltech.com\/index.php\/produkt\/specialni-cena-gude-sada-nahradnich-kartacu-k-cistici-spar-gfr-401-46123\/#primaryimage","url":"https:\/\/www.koupeltech.com\/wp-content\/uploads\/2026\/SK0025149-CZ20260425-092328-0-1777080210-1246605-1_112745.webp","contentUrl":"https:\/\/www.koupeltech.com\/wp-content\/uploads\/2026\/SK0025149-CZ20260425-092328-0-1777080210-1246605-1_112745.webp","width":893,"height":323},{"@type":"BreadcrumbList","@id":"https:\/\/www.koupeltech.com\/index.php\/produkt\/specialni-cena-gude-sada-nahradnich-kartacu-k-cistici-spar-gfr-401-46123\/#breadcrumb","itemListElement":[{"@type":"ListItem","position":1,"name":"Home","item":"https:\/\/www.koupeltech.com\/"},{"@type":"ListItem","position":2,"name":"Products","item":"https:\/\/www.koupeltech.com\/products\/"},{"@type":"ListItem","position":3,"name":"Speci\u00e1ln\u00ed Cena G\u00dcDE Sada n\u00e1hradn\u00edch kart\u00e1\u010d\u016f k \u010disti\u010di sp\u00e1r GFR 401"}]},{"@type":"WebSite","@id":"https:\/\/www.koupeltech.com\/#website","url":"https:\/\/www.koupeltech.com\/","name":"Koupelny &amp; sanit\u00e1rn\u00ed technika &amp; interi\u00e9rov\u00e1 sv\u00edtidla a n\u00e1\u0159ad\u00ed","description":"Koupelny &amp; sanit\u00e1rn\u00ed technika &amp; interi\u00e9rov\u00e1 sv\u00edtidla a n\u00e1\u0159ad\u00ed","publisher":{"@id":"https:\/\/www.koupeltech.com\/#organization"},"potentialAction":[{"@type":"SearchAction","target":{"@type":"EntryPoint","urlTemplate":"https:\/\/www.koupeltech.com\/?s={search_term_string}"},"query-input":{"@type":"PropertyValueSpecification","valueRequired":true,"valueName":"search_term_string"}}],"inLanguage":"cs"},{"@type":"Organization","@id":"https:\/\/www.koupeltech.com\/#organization","name":"Koupelny &amp; sanit\u00e1rn\u00ed technika &amp; interi\u00e9rov\u00e1 sv\u00edtidla a n\u00e1\u0159ad\u00ed","url":"https:\/\/www.koupeltech.com\/","logo":{"@type":"ImageObject","inLanguage":"cs","@id":"https:\/\/www.koupeltech.com\/#\/schema\/logo\/image\/","url":"https:\/\/www.koupeltech.com\/wp-content\/uploads\/2026\/04\/koupeltech_logo.svg","contentUrl":"https:\/\/www.koupeltech.com\/wp-content\/uploads\/2026\/04\/koupeltech_logo.svg","width":620,"height":160,"caption":"Koupelny &amp; sanit\u00e1rn\u00ed technika &amp; interi\u00e9rov\u00e1 sv\u00edtidla a n\u00e1\u0159ad\u00ed"},"image":{"@id":"https:\/\/www.koupeltech.com\/#\/schema\/logo\/image\/"}}]}},"_links":{"self":[{"href":"https:\/\/www.koupeltech.com\/wp-json\/wp\/v2\/product\/46123","targetHints":{"allow":["GET"]}}],"collection":[{"href":"https:\/\/www.koupeltech.com\/wp-json\/wp\/v2\/product"}],"about":[{"href":"https:\/\/www.koupeltech.com\/wp-json\/wp\/v2\/types\/product"}],"wp:featuredmedia":[{"embeddable":true,"href":"https:\/\/www.koupeltech.com\/wp-json\/wp\/v2\/media\/46223"}],"wp:attachment":[{"href":"https:\/\/www.koupeltech.com\/wp-json\/wp\/v2\/media?parent=46123"}],"wp:term":[{"taxonomy":"product_brand","embeddable":true,"href":"https:\/\/www.koupeltech.com\/wp-json\/wp\/v2\/product_brand?post=46123"},{"taxonomy":"product_cat","embeddable":true,"href":"https:\/\/www.koupeltech.com\/wp-json\/wp\/v2\/product_cat?post=46123"},{"taxonomy":"product_tag","embeddable":true,"href":"https:\/\/www.koupeltech.com\/wp-json\/wp\/v2\/product_tag?post=46123"}],"curies":[{"name":"wp","href":"https:\/\/api.w.org\/{rel}","templated":true}]}}