{"id":46153,"date":"2026-04-27T14:02:44","date_gmt":"2026-04-27T14:02:44","guid":{"rendered":""},"modified":"2026-04-27T14:02:44","modified_gmt":"2026-04-27T14:02:44","slug":"zlevneny-gude-stolni-zahon-ghb-80-r-46153","status":"publish","type":"product","link":"https:\/\/www.koupeltech.com\/index.php\/produkt\/zlevneny-gude-stolni-zahon-ghb-80-r-46153\/","title":{"rendered":"Zlevn\u011bn\u00fd G\u00dcDE Stoln\u00ed z\u00e1hon GHB 80 R"},"content":{"rendered":"<table>\n<div class=\"tab-pane active product-description\" id=\"popis\" role=\"tabpanel\">\n<div class=\"short-description\" itemprop=\"description\"><\/div>\n<div class=\"description\">Novinka!<span class='bullet-line'>Stoln\u00ed z\u00e1hon, ur\u010den\u00fd k p\u011bstov\u00e1n\u00ed okrasn\u00fdch i u\u017eitkov\u00fdch rostlin na balkonech, teras\u00e1ch, p\u0159edzahr\u00e1dk\u00e1ch apod.<\/span><span class='bullet-line'>Vyv\u00fd\u0161en\u00fd truhl\u00edk (\u2192 d x \u0161 x v: 965 x 365 x 220 mm, objem: 77 l; p\u011bstov\u00e1n\u00ed kv\u011btin, ko\u0159en\u00ed, l\u00e9\u010div\u00fdch bylin, drobn\u00e9ho ovoce a zeleniny).<\/span><span class='bullet-line'>Pracovn\u00ed v\u00fd\u0161ka: 800 mm (\u2192 zahradni\u010den\u00ed vstoje, bez bolest\u00ed zad nebo kolen; p\u0159irozen\u00e1 ochrana zasazen\u00fdch rostlin p\u0159ed slim\u00e1ky, hlodavci a plevelem).<\/span><span class='bullet-line'>Konstrukce: korpus z ocelov\u00e9ho plechu, vana s otvorem pro odt\u00e9k\u00e1n\u00ed p\u0159ebyte\u010dn\u00e9 vl\u00e1hy, barva oxidovan\u00e1 \u010derven\u00e1 (RAL 3009).<\/span><span class='bullet-line'>Celkov\u00e9 rozm\u011bry (d x \u0161 x v): 1.000 x 400 x 800 mm, max. nosnost: 40 kg, hmotnost: 7,1 kg.<\/span><\/div>\n<div class=\"parameters\">\n<tr>\n<td>max. objem pln\u011bn\u00ed<\/td>\n<td>77 l<\/td>\n<\/tr>\n<tr>\n<td>max. nosnost<\/td>\n<td>40 kg<\/td>\n<\/tr>\n<tr>\n<td>Rozm\u011bry rostlinn\u00e9 m\u00edsy<\/td>\n<td>965x365x220 mm<\/td>\n<\/tr>\n<tr>\n<td>Tvar<\/td>\n<td>obd\u00e9ln\u00edk<\/td>\n<\/tr>\n<tr>\n<td>Materi\u00e1l<\/td>\n<td>galvanizovan\u00e1 ocel<\/td>\n<\/tr>\n<tr>\n<td>Barva<\/td>\n<td>Oxidov\u011b \u010derven\u00e1<\/td>\n<\/tr>\n<tr>\n<td>Pracovn\u00ed v\u00fd\u0161ka<\/td>\n<td>800 mm<\/td>\n<\/tr>\n<tr>\n<td>D\u00e9lka<\/td>\n<td>1 000 mm<\/td>\n<\/tr>\n<tr>\n<td>\u0160irok\u00fd<\/td>\n<td>400 mm<\/td>\n<\/tr>\n<tr>\n<td>V\u00fd\u0161ka<\/td>\n<td>800 mm<\/td>\n<\/tr><\/div>\n<\/table>\n","protected":false},"excerpt":{"rendered":"<p>Novinka!Stoln\u00ed z\u00e1hon, ur\u010den\u00fd k p\u011bstov\u00e1n\u00ed okrasn\u00fdch i u\u017eitkov\u00fdch rostlin na balkonech, teras\u00e1ch, p\u0159edzahr\u00e1dk\u00e1ch apod.Vyv\u00fd\u0161en\u00fd truhl\u00edk (\u2192 d x \u0161 x v: 965 x 365 x 220 mm, objem: 77 l; p\u011bstov\u00e1n\u00ed kv\u011btin, ko\u0159en\u00ed, l\u00e9\u010div\u00fdch bylin, drobn\u00e9ho ovoce a zeleniny).Pracovn\u00ed v\u00fd\u0161ka: 800 mm (\u2192 zahradni\u010den\u00ed vstoje, bez bolest\u00ed zad nebo kolen; p\u0159irozen\u00e1 ochrana zasazen\u00fdch rostlin p\u0159ed [&hellip;]<\/p>\n","protected":false},"featured_media":46253,"comment_status":"open","ping_status":"open","template":"","meta":[],"product_brand":[],"product_cat":[44],"product_tag":[],"class_list":{"0":"post-46153","1":"product","2":"type-product","3":"status-publish","4":"has-post-thumbnail","6":"product_cat-zahrada","8":"first","9":"instock","10":"sale","11":"shipping-taxable","12":"purchasable","13":"product-type-simple"},"yoast_head":"<!-- This site is optimized with the Yoast SEO plugin v26.8 - https:\/\/yoast.com\/product\/yoast-seo-wordpress\/ -->\n<title>Zlevn\u011bn\u00fd G\u00dcDE Stoln\u00ed z\u00e1hon GHB 80 R -<\/title>\n<meta name=\"robots\" content=\"index, follow, max-snippet:-1, max-image-preview:large, max-video-preview:-1\" \/>\n<link rel=\"canonical\" href=\"https:\/\/www.koupeltech.com\/index.php\/produkt\/zlevneny-gude-stolni-zahon-ghb-80-r-46153\/\" \/>\n<meta property=\"og:locale\" content=\"cs_CZ\" \/>\n<meta property=\"og:type\" content=\"article\" \/>\n<meta property=\"og:title\" content=\"Zlevn\u011bn\u00fd G\u00dcDE Stoln\u00ed z\u00e1hon GHB 80 R -\" \/>\n<meta property=\"og:description\" content=\"Novinka!Stoln\u00ed z\u00e1hon, ur\u010den\u00fd k p\u011bstov\u00e1n\u00ed okrasn\u00fdch i u\u017eitkov\u00fdch rostlin na balkonech, teras\u00e1ch, p\u0159edzahr\u00e1dk\u00e1ch apod.Vyv\u00fd\u0161en\u00fd truhl\u00edk (\u2192 d x \u0161 x v: 965 x 365 x 220 mm, objem: 77 l; p\u011bstov\u00e1n\u00ed kv\u011btin, ko\u0159en\u00ed, l\u00e9\u010div\u00fdch bylin, drobn\u00e9ho ovoce a zeleniny).Pracovn\u00ed v\u00fd\u0161ka: 800 mm (\u2192 zahradni\u010den\u00ed vstoje, bez bolest\u00ed zad nebo kolen; p\u0159irozen\u00e1 ochrana zasazen\u00fdch rostlin p\u0159ed [&hellip;]\" \/>\n<meta property=\"og:url\" content=\"https:\/\/www.koupeltech.com\/index.php\/produkt\/zlevneny-gude-stolni-zahon-ghb-80-r-46153\/\" \/>\n<meta property=\"og:image\" content=\"https:\/\/www.koupeltech.com\/wp-content\/uploads\/2026\/SK0025181-CZ20260425-092328-0-1777080210-1246658-1_114045.webp\" \/>\n\t<meta property=\"og:image:width\" content=\"856\" \/>\n\t<meta property=\"og:image:height\" content=\"800\" \/>\n\t<meta property=\"og:image:type\" content=\"image\/webp\" \/>\n<meta name=\"twitter:card\" content=\"summary_large_image\" \/>\n<meta name=\"twitter:label1\" content=\"Odhadovan\u00e1 doba \u010dten\u00ed\" \/>\n\t<meta name=\"twitter:data1\" content=\"1 minuta\" \/>\n<script type=\"application\/ld+json\" class=\"yoast-schema-graph\">{\"@context\":\"https:\/\/schema.org\",\"@graph\":[{\"@type\":\"WebPage\",\"@id\":\"https:\/\/www.koupeltech.com\/index.php\/produkt\/zlevneny-gude-stolni-zahon-ghb-80-r-46153\/\",\"url\":\"https:\/\/www.koupeltech.com\/index.php\/produkt\/zlevneny-gude-stolni-zahon-ghb-80-r-46153\/\",\"name\":\"Zlevn\u011bn\u00fd G\u00dcDE Stoln\u00ed z\u00e1hon GHB 80 R -\",\"isPartOf\":{\"@id\":\"https:\/\/www.koupeltech.com\/#website\"},\"primaryImageOfPage\":{\"@id\":\"https:\/\/www.koupeltech.com\/index.php\/produkt\/zlevneny-gude-stolni-zahon-ghb-80-r-46153\/#primaryimage\"},\"image\":{\"@id\":\"https:\/\/www.koupeltech.com\/index.php\/produkt\/zlevneny-gude-stolni-zahon-ghb-80-r-46153\/#primaryimage\"},\"thumbnailUrl\":\"https:\/\/www.koupeltech.com\/wp-content\/uploads\/2026\/SK0025181-CZ20260425-092328-0-1777080210-1246658-1_114045.webp\",\"datePublished\":\"2026-04-27T14:02:44+00:00\",\"breadcrumb\":{\"@id\":\"https:\/\/www.koupeltech.com\/index.php\/produkt\/zlevneny-gude-stolni-zahon-ghb-80-r-46153\/#breadcrumb\"},\"inLanguage\":\"cs\",\"potentialAction\":[{\"@type\":\"ReadAction\",\"target\":[\"https:\/\/www.koupeltech.com\/index.php\/produkt\/zlevneny-gude-stolni-zahon-ghb-80-r-46153\/\"]}]},{\"@type\":\"ImageObject\",\"inLanguage\":\"cs\",\"@id\":\"https:\/\/www.koupeltech.com\/index.php\/produkt\/zlevneny-gude-stolni-zahon-ghb-80-r-46153\/#primaryimage\",\"url\":\"https:\/\/www.koupeltech.com\/wp-content\/uploads\/2026\/SK0025181-CZ20260425-092328-0-1777080210-1246658-1_114045.webp\",\"contentUrl\":\"https:\/\/www.koupeltech.com\/wp-content\/uploads\/2026\/SK0025181-CZ20260425-092328-0-1777080210-1246658-1_114045.webp\",\"width\":856,\"height\":800},{\"@type\":\"BreadcrumbList\",\"@id\":\"https:\/\/www.koupeltech.com\/index.php\/produkt\/zlevneny-gude-stolni-zahon-ghb-80-r-46153\/#breadcrumb\",\"itemListElement\":[{\"@type\":\"ListItem\",\"position\":1,\"name\":\"Home\",\"item\":\"https:\/\/www.koupeltech.com\/\"},{\"@type\":\"ListItem\",\"position\":2,\"name\":\"Products\",\"item\":\"https:\/\/www.koupeltech.com\/index.php\/products\/\"},{\"@type\":\"ListItem\",\"position\":3,\"name\":\"Zlevn\u011bn\u00fd G\u00dcDE Stoln\u00ed z\u00e1hon GHB 80 R\"}]},{\"@type\":\"WebSite\",\"@id\":\"https:\/\/www.koupeltech.com\/#website\",\"url\":\"https:\/\/www.koupeltech.com\/\",\"name\":\"\",\"description\":\"\",\"potentialAction\":[{\"@type\":\"SearchAction\",\"target\":{\"@type\":\"EntryPoint\",\"urlTemplate\":\"https:\/\/www.koupeltech.com\/?s={search_term_string}\"},\"query-input\":{\"@type\":\"PropertyValueSpecification\",\"valueRequired\":true,\"valueName\":\"search_term_string\"}}],\"inLanguage\":\"cs\"}]}<\/script>\n<!-- \/ Yoast SEO plugin. -->","yoast_head_json":{"title":"Zlevn\u011bn\u00fd G\u00dcDE Stoln\u00ed z\u00e1hon GHB 80 R -","robots":{"index":"index","follow":"follow","max-snippet":"max-snippet:-1","max-image-preview":"max-image-preview:large","max-video-preview":"max-video-preview:-1"},"canonical":"https:\/\/www.koupeltech.com\/index.php\/produkt\/zlevneny-gude-stolni-zahon-ghb-80-r-46153\/","og_locale":"cs_CZ","og_type":"article","og_title":"Zlevn\u011bn\u00fd G\u00dcDE Stoln\u00ed z\u00e1hon GHB 80 R -","og_description":"Novinka!Stoln\u00ed z\u00e1hon, ur\u010den\u00fd k p\u011bstov\u00e1n\u00ed okrasn\u00fdch i u\u017eitkov\u00fdch rostlin na balkonech, teras\u00e1ch, p\u0159edzahr\u00e1dk\u00e1ch apod.Vyv\u00fd\u0161en\u00fd truhl\u00edk (\u2192 d x \u0161 x v: 965 x 365 x 220 mm, objem: 77 l; p\u011bstov\u00e1n\u00ed kv\u011btin, ko\u0159en\u00ed, l\u00e9\u010div\u00fdch bylin, drobn\u00e9ho ovoce a zeleniny).Pracovn\u00ed v\u00fd\u0161ka: 800 mm (\u2192 zahradni\u010den\u00ed vstoje, bez bolest\u00ed zad nebo kolen; p\u0159irozen\u00e1 ochrana zasazen\u00fdch rostlin p\u0159ed [&hellip;]","og_url":"https:\/\/www.koupeltech.com\/index.php\/produkt\/zlevneny-gude-stolni-zahon-ghb-80-r-46153\/","og_image":[{"width":856,"height":800,"url":"https:\/\/www.koupeltech.com\/wp-content\/uploads\/2026\/SK0025181-CZ20260425-092328-0-1777080210-1246658-1_114045.webp","type":"image\/webp"}],"twitter_card":"summary_large_image","twitter_misc":{"Odhadovan\u00e1 doba \u010dten\u00ed":"1 minuta"},"schema":{"@context":"https:\/\/schema.org","@graph":[{"@type":"WebPage","@id":"https:\/\/www.koupeltech.com\/index.php\/produkt\/zlevneny-gude-stolni-zahon-ghb-80-r-46153\/","url":"https:\/\/www.koupeltech.com\/index.php\/produkt\/zlevneny-gude-stolni-zahon-ghb-80-r-46153\/","name":"Zlevn\u011bn\u00fd G\u00dcDE Stoln\u00ed z\u00e1hon GHB 80 R -","isPartOf":{"@id":"https:\/\/www.koupeltech.com\/#website"},"primaryImageOfPage":{"@id":"https:\/\/www.koupeltech.com\/index.php\/produkt\/zlevneny-gude-stolni-zahon-ghb-80-r-46153\/#primaryimage"},"image":{"@id":"https:\/\/www.koupeltech.com\/index.php\/produkt\/zlevneny-gude-stolni-zahon-ghb-80-r-46153\/#primaryimage"},"thumbnailUrl":"https:\/\/www.koupeltech.com\/wp-content\/uploads\/2026\/SK0025181-CZ20260425-092328-0-1777080210-1246658-1_114045.webp","datePublished":"2026-04-27T14:02:44+00:00","breadcrumb":{"@id":"https:\/\/www.koupeltech.com\/index.php\/produkt\/zlevneny-gude-stolni-zahon-ghb-80-r-46153\/#breadcrumb"},"inLanguage":"cs","potentialAction":[{"@type":"ReadAction","target":["https:\/\/www.koupeltech.com\/index.php\/produkt\/zlevneny-gude-stolni-zahon-ghb-80-r-46153\/"]}]},{"@type":"ImageObject","inLanguage":"cs","@id":"https:\/\/www.koupeltech.com\/index.php\/produkt\/zlevneny-gude-stolni-zahon-ghb-80-r-46153\/#primaryimage","url":"https:\/\/www.koupeltech.com\/wp-content\/uploads\/2026\/SK0025181-CZ20260425-092328-0-1777080210-1246658-1_114045.webp","contentUrl":"https:\/\/www.koupeltech.com\/wp-content\/uploads\/2026\/SK0025181-CZ20260425-092328-0-1777080210-1246658-1_114045.webp","width":856,"height":800},{"@type":"BreadcrumbList","@id":"https:\/\/www.koupeltech.com\/index.php\/produkt\/zlevneny-gude-stolni-zahon-ghb-80-r-46153\/#breadcrumb","itemListElement":[{"@type":"ListItem","position":1,"name":"Home","item":"https:\/\/www.koupeltech.com\/"},{"@type":"ListItem","position":2,"name":"Products","item":"https:\/\/www.koupeltech.com\/index.php\/products\/"},{"@type":"ListItem","position":3,"name":"Zlevn\u011bn\u00fd G\u00dcDE Stoln\u00ed z\u00e1hon GHB 80 R"}]},{"@type":"WebSite","@id":"https:\/\/www.koupeltech.com\/#website","url":"https:\/\/www.koupeltech.com\/","name":"","description":"","potentialAction":[{"@type":"SearchAction","target":{"@type":"EntryPoint","urlTemplate":"https:\/\/www.koupeltech.com\/?s={search_term_string}"},"query-input":{"@type":"PropertyValueSpecification","valueRequired":true,"valueName":"search_term_string"}}],"inLanguage":"cs"}]}},"_links":{"self":[{"href":"https:\/\/www.koupeltech.com\/index.php\/wp-json\/wp\/v2\/product\/46153","targetHints":{"allow":["GET"]}}],"collection":[{"href":"https:\/\/www.koupeltech.com\/index.php\/wp-json\/wp\/v2\/product"}],"about":[{"href":"https:\/\/www.koupeltech.com\/index.php\/wp-json\/wp\/v2\/types\/product"}],"replies":[{"embeddable":true,"href":"https:\/\/www.koupeltech.com\/index.php\/wp-json\/wp\/v2\/comments?post=46153"}],"wp:featuredmedia":[{"embeddable":true,"href":"https:\/\/www.koupeltech.com\/index.php\/wp-json\/wp\/v2\/media\/46253"}],"wp:attachment":[{"href":"https:\/\/www.koupeltech.com\/index.php\/wp-json\/wp\/v2\/media?parent=46153"}],"wp:term":[{"taxonomy":"product_brand","embeddable":true,"href":"https:\/\/www.koupeltech.com\/index.php\/wp-json\/wp\/v2\/product_brand?post=46153"},{"taxonomy":"product_cat","embeddable":true,"href":"https:\/\/www.koupeltech.com\/index.php\/wp-json\/wp\/v2\/product_cat?post=46153"},{"taxonomy":"product_tag","embeddable":true,"href":"https:\/\/www.koupeltech.com\/index.php\/wp-json\/wp\/v2\/product_tag?post=46153"}],"curies":[{"name":"wp","href":"https:\/\/api.w.org\/{rel}","templated":true}]}}