{"id":46325,"date":"2026-04-27T14:02:46","date_gmt":"2026-04-27T14:02:46","guid":{"rendered":""},"modified":"2026-04-27T14:02:46","modified_gmt":"2026-04-27T14:02:46","slug":"akce-bondhus-sroubovak-6mm-46325","status":"publish","type":"product","link":"https:\/\/www.koupeltech.com\/index.php\/produkt\/akce-bondhus-sroubovak-6mm-46325\/","title":{"rendered":"Akce Bondhus \u0161roubov\u00e1k 6mm"},"content":{"rendered":"<table>\n<div class=\"tab-pane active product-description\" id=\"popis\" role=\"tabpanel\">\n<div class=\"short-description\" itemprop=\"description\"><\/div>\n<div class=\"description\"><span class='bullet-line'>Komfortn\u00ed rukoje\u0165 umo\u017e\u0148uje p\u0159enos krout\u00edc\u00edho momentu. <\/span><span class='bullet-line'>Proveden\u00ed je velmi odoln\u00e9 proti vyklouznut\u00ed ze \u0161roubu. <\/span><span class='bullet-line'>\u010cepel je vyrobena z oceli Protanium, kter\u00e1 je a\u017e o 20% pevn\u011bj\u0161\u00ed ne\u017e b\u011b\u017en\u00e9 druhy oceli.<\/span><\/div>\n<div class=\"parameters\">\n<tr>\n<td>\u0160roubov\u00e1k s kuli\u010dkou<\/td>\n<td>standartn\u00ed<\/td>\n<\/tr>\n<tr>\n<td>Rozm\u011br<\/td>\n<td>6mm<\/td>\n<\/tr><\/div>\n<\/table>\n","protected":false},"excerpt":{"rendered":"<p>Komfortn\u00ed rukoje\u0165 umo\u017e\u0148uje p\u0159enos krout\u00edc\u00edho momentu. Proveden\u00ed je velmi odoln\u00e9 proti vyklouznut\u00ed ze \u0161roubu. \u010cepel je vyrobena z oceli Protanium, kter\u00e1 je a\u017e o 20% pevn\u011bj\u0161\u00ed ne\u017e b\u011b\u017en\u00e9 druhy oceli. \u0160roubov\u00e1k s kuli\u010dkou standartn\u00ed Rozm\u011br 6mm<\/p>\n","protected":false},"featured_media":46425,"comment_status":"open","ping_status":"open","template":"","meta":[],"product_brand":[],"product_cat":[43],"product_tag":[],"class_list":{"0":"post-46325","1":"product","2":"type-product","3":"status-publish","4":"has-post-thumbnail","6":"product_cat-naradi","8":"first","9":"instock","10":"sale","11":"shipping-taxable","12":"purchasable","13":"product-type-simple"},"yoast_head":"<!-- This site is optimized with the Yoast SEO plugin v26.8 - https:\/\/yoast.com\/product\/yoast-seo-wordpress\/ -->\n<title>Akce Bondhus \u0161roubov\u00e1k 6mm -<\/title>\n<meta name=\"robots\" content=\"index, follow, max-snippet:-1, max-image-preview:large, max-video-preview:-1\" \/>\n<link rel=\"canonical\" href=\"https:\/\/www.koupeltech.com\/index.php\/produkt\/akce-bondhus-sroubovak-6mm-46325\/\" \/>\n<meta property=\"og:locale\" content=\"cs_CZ\" \/>\n<meta property=\"og:type\" content=\"article\" \/>\n<meta property=\"og:title\" content=\"Akce Bondhus \u0161roubov\u00e1k 6mm -\" \/>\n<meta property=\"og:description\" content=\"Komfortn\u00ed rukoje\u0165 umo\u017e\u0148uje p\u0159enos krout\u00edc\u00edho momentu. Proveden\u00ed je velmi odoln\u00e9 proti vyklouznut\u00ed ze \u0161roubu. \u010cepel je vyrobena z oceli Protanium, kter\u00e1 je a\u017e o 20% pevn\u011bj\u0161\u00ed ne\u017e b\u011b\u017en\u00e9 druhy oceli. \u0160roubov\u00e1k s kuli\u010dkou standartn\u00ed Rozm\u011br 6mm\" \/>\n<meta property=\"og:url\" content=\"https:\/\/www.koupeltech.com\/index.php\/produkt\/akce-bondhus-sroubovak-6mm-46325\/\" \/>\n<meta property=\"og:image\" content=\"https:\/\/www.koupeltech.com\/wp-content\/uploads\/2026\/SK0025253-CZ20260425-092328-0-1777080210-1246776-1_112033.webp\" \/>\n\t<meta property=\"og:image:width\" content=\"555\" \/>\n\t<meta property=\"og:image:height\" content=\"800\" \/>\n\t<meta property=\"og:image:type\" content=\"image\/webp\" \/>\n<meta name=\"twitter:card\" content=\"summary_large_image\" \/>\n<script type=\"application\/ld+json\" class=\"yoast-schema-graph\">{\"@context\":\"https:\/\/schema.org\",\"@graph\":[{\"@type\":\"WebPage\",\"@id\":\"https:\/\/www.koupeltech.com\/index.php\/produkt\/akce-bondhus-sroubovak-6mm-46325\/\",\"url\":\"https:\/\/www.koupeltech.com\/index.php\/produkt\/akce-bondhus-sroubovak-6mm-46325\/\",\"name\":\"Akce Bondhus \u0161roubov\u00e1k 6mm -\",\"isPartOf\":{\"@id\":\"https:\/\/www.koupeltech.com\/#website\"},\"primaryImageOfPage\":{\"@id\":\"https:\/\/www.koupeltech.com\/index.php\/produkt\/akce-bondhus-sroubovak-6mm-46325\/#primaryimage\"},\"image\":{\"@id\":\"https:\/\/www.koupeltech.com\/index.php\/produkt\/akce-bondhus-sroubovak-6mm-46325\/#primaryimage\"},\"thumbnailUrl\":\"https:\/\/www.koupeltech.com\/wp-content\/uploads\/2026\/SK0025253-CZ20260425-092328-0-1777080210-1246776-1_112033.webp\",\"datePublished\":\"2026-04-27T14:02:46+00:00\",\"breadcrumb\":{\"@id\":\"https:\/\/www.koupeltech.com\/index.php\/produkt\/akce-bondhus-sroubovak-6mm-46325\/#breadcrumb\"},\"inLanguage\":\"cs\",\"potentialAction\":[{\"@type\":\"ReadAction\",\"target\":[\"https:\/\/www.koupeltech.com\/index.php\/produkt\/akce-bondhus-sroubovak-6mm-46325\/\"]}]},{\"@type\":\"ImageObject\",\"inLanguage\":\"cs\",\"@id\":\"https:\/\/www.koupeltech.com\/index.php\/produkt\/akce-bondhus-sroubovak-6mm-46325\/#primaryimage\",\"url\":\"https:\/\/www.koupeltech.com\/wp-content\/uploads\/2026\/SK0025253-CZ20260425-092328-0-1777080210-1246776-1_112033.webp\",\"contentUrl\":\"https:\/\/www.koupeltech.com\/wp-content\/uploads\/2026\/SK0025253-CZ20260425-092328-0-1777080210-1246776-1_112033.webp\",\"width\":555,\"height\":800},{\"@type\":\"BreadcrumbList\",\"@id\":\"https:\/\/www.koupeltech.com\/index.php\/produkt\/akce-bondhus-sroubovak-6mm-46325\/#breadcrumb\",\"itemListElement\":[{\"@type\":\"ListItem\",\"position\":1,\"name\":\"Home\",\"item\":\"https:\/\/www.koupeltech.com\/\"},{\"@type\":\"ListItem\",\"position\":2,\"name\":\"Products\",\"item\":\"https:\/\/www.koupeltech.com\/index.php\/products\/\"},{\"@type\":\"ListItem\",\"position\":3,\"name\":\"Akce Bondhus \u0161roubov\u00e1k 6mm\"}]},{\"@type\":\"WebSite\",\"@id\":\"https:\/\/www.koupeltech.com\/#website\",\"url\":\"https:\/\/www.koupeltech.com\/\",\"name\":\"\",\"description\":\"\",\"potentialAction\":[{\"@type\":\"SearchAction\",\"target\":{\"@type\":\"EntryPoint\",\"urlTemplate\":\"https:\/\/www.koupeltech.com\/?s={search_term_string}\"},\"query-input\":{\"@type\":\"PropertyValueSpecification\",\"valueRequired\":true,\"valueName\":\"search_term_string\"}}],\"inLanguage\":\"cs\"}]}<\/script>\n<!-- \/ Yoast SEO plugin. -->","yoast_head_json":{"title":"Akce Bondhus \u0161roubov\u00e1k 6mm -","robots":{"index":"index","follow":"follow","max-snippet":"max-snippet:-1","max-image-preview":"max-image-preview:large","max-video-preview":"max-video-preview:-1"},"canonical":"https:\/\/www.koupeltech.com\/index.php\/produkt\/akce-bondhus-sroubovak-6mm-46325\/","og_locale":"cs_CZ","og_type":"article","og_title":"Akce Bondhus \u0161roubov\u00e1k 6mm -","og_description":"Komfortn\u00ed rukoje\u0165 umo\u017e\u0148uje p\u0159enos krout\u00edc\u00edho momentu. Proveden\u00ed je velmi odoln\u00e9 proti vyklouznut\u00ed ze \u0161roubu. \u010cepel je vyrobena z oceli Protanium, kter\u00e1 je a\u017e o 20% pevn\u011bj\u0161\u00ed ne\u017e b\u011b\u017en\u00e9 druhy oceli. \u0160roubov\u00e1k s kuli\u010dkou standartn\u00ed Rozm\u011br 6mm","og_url":"https:\/\/www.koupeltech.com\/index.php\/produkt\/akce-bondhus-sroubovak-6mm-46325\/","og_image":[{"width":555,"height":800,"url":"https:\/\/www.koupeltech.com\/wp-content\/uploads\/2026\/SK0025253-CZ20260425-092328-0-1777080210-1246776-1_112033.webp","type":"image\/webp"}],"twitter_card":"summary_large_image","schema":{"@context":"https:\/\/schema.org","@graph":[{"@type":"WebPage","@id":"https:\/\/www.koupeltech.com\/index.php\/produkt\/akce-bondhus-sroubovak-6mm-46325\/","url":"https:\/\/www.koupeltech.com\/index.php\/produkt\/akce-bondhus-sroubovak-6mm-46325\/","name":"Akce Bondhus \u0161roubov\u00e1k 6mm -","isPartOf":{"@id":"https:\/\/www.koupeltech.com\/#website"},"primaryImageOfPage":{"@id":"https:\/\/www.koupeltech.com\/index.php\/produkt\/akce-bondhus-sroubovak-6mm-46325\/#primaryimage"},"image":{"@id":"https:\/\/www.koupeltech.com\/index.php\/produkt\/akce-bondhus-sroubovak-6mm-46325\/#primaryimage"},"thumbnailUrl":"https:\/\/www.koupeltech.com\/wp-content\/uploads\/2026\/SK0025253-CZ20260425-092328-0-1777080210-1246776-1_112033.webp","datePublished":"2026-04-27T14:02:46+00:00","breadcrumb":{"@id":"https:\/\/www.koupeltech.com\/index.php\/produkt\/akce-bondhus-sroubovak-6mm-46325\/#breadcrumb"},"inLanguage":"cs","potentialAction":[{"@type":"ReadAction","target":["https:\/\/www.koupeltech.com\/index.php\/produkt\/akce-bondhus-sroubovak-6mm-46325\/"]}]},{"@type":"ImageObject","inLanguage":"cs","@id":"https:\/\/www.koupeltech.com\/index.php\/produkt\/akce-bondhus-sroubovak-6mm-46325\/#primaryimage","url":"https:\/\/www.koupeltech.com\/wp-content\/uploads\/2026\/SK0025253-CZ20260425-092328-0-1777080210-1246776-1_112033.webp","contentUrl":"https:\/\/www.koupeltech.com\/wp-content\/uploads\/2026\/SK0025253-CZ20260425-092328-0-1777080210-1246776-1_112033.webp","width":555,"height":800},{"@type":"BreadcrumbList","@id":"https:\/\/www.koupeltech.com\/index.php\/produkt\/akce-bondhus-sroubovak-6mm-46325\/#breadcrumb","itemListElement":[{"@type":"ListItem","position":1,"name":"Home","item":"https:\/\/www.koupeltech.com\/"},{"@type":"ListItem","position":2,"name":"Products","item":"https:\/\/www.koupeltech.com\/index.php\/products\/"},{"@type":"ListItem","position":3,"name":"Akce Bondhus \u0161roubov\u00e1k 6mm"}]},{"@type":"WebSite","@id":"https:\/\/www.koupeltech.com\/#website","url":"https:\/\/www.koupeltech.com\/","name":"","description":"","potentialAction":[{"@type":"SearchAction","target":{"@type":"EntryPoint","urlTemplate":"https:\/\/www.koupeltech.com\/?s={search_term_string}"},"query-input":{"@type":"PropertyValueSpecification","valueRequired":true,"valueName":"search_term_string"}}],"inLanguage":"cs"}]}},"_links":{"self":[{"href":"https:\/\/www.koupeltech.com\/index.php\/wp-json\/wp\/v2\/product\/46325","targetHints":{"allow":["GET"]}}],"collection":[{"href":"https:\/\/www.koupeltech.com\/index.php\/wp-json\/wp\/v2\/product"}],"about":[{"href":"https:\/\/www.koupeltech.com\/index.php\/wp-json\/wp\/v2\/types\/product"}],"replies":[{"embeddable":true,"href":"https:\/\/www.koupeltech.com\/index.php\/wp-json\/wp\/v2\/comments?post=46325"}],"wp:featuredmedia":[{"embeddable":true,"href":"https:\/\/www.koupeltech.com\/index.php\/wp-json\/wp\/v2\/media\/46425"}],"wp:attachment":[{"href":"https:\/\/www.koupeltech.com\/index.php\/wp-json\/wp\/v2\/media?parent=46325"}],"wp:term":[{"taxonomy":"product_brand","embeddable":true,"href":"https:\/\/www.koupeltech.com\/index.php\/wp-json\/wp\/v2\/product_brand?post=46325"},{"taxonomy":"product_cat","embeddable":true,"href":"https:\/\/www.koupeltech.com\/index.php\/wp-json\/wp\/v2\/product_cat?post=46325"},{"taxonomy":"product_tag","embeddable":true,"href":"https:\/\/www.koupeltech.com\/index.php\/wp-json\/wp\/v2\/product_tag?post=46325"}],"curies":[{"name":"wp","href":"https:\/\/api.w.org\/{rel}","templated":true}]}}