{"id":46985,"date":"2026-04-27T14:02:53","date_gmt":"2026-04-27T14:02:53","guid":{"rendered":""},"modified":"2026-04-27T14:02:53","modified_gmt":"2026-04-27T14:02:53","slug":"znackovy-allit-456283-profiplus-box-4h-zelena-46985","status":"publish","type":"product","link":"https:\/\/www.koupeltech.com\/index.php\/produkt\/znackovy-allit-456283-profiplus-box-4h-zelena-46985\/","title":{"rendered":"Zna\u010dkov\u00fd Allit 456283 ProfiPlus Box 4H, Zelen\u00e1"},"content":{"rendered":"<table>\n<div class=\"tab-pane active product-description\" id=\"popis\" role=\"tabpanel\">\n<div class=\"short-description\" itemprop=\"description\"><\/div>\n<div class=\"description\"><span class='bullet-line'>Tento syst\u00e9m vitr\u00edny se vyzna\u010duje p\u0159edev\u0161\u00edm vysokou odolnost\u00ed a \u017eivotnost\u00ed.U\u017eite\u010dn\u00e9 dopl\u0148ky jako d\u011bli\u010de, nosn\u00e9 li\u0161ty a \u0161t\u00edtky umo\u017e\u0148uj\u00ed pou\u017eit\u00ed tohoto syst\u00e9mu r\u016fzn\u00fdmi zp\u016fsoby.<\/span><span class='bullet-line'>Dut\u00e9 komorov\u00e9 profily v z\u00e1b\u011bru zaji\u0161\u0165uj\u00ed rozm\u011brovou st\u00e1lost teplotn\u011b odoln\u00e9ho boxu (-10 \/ + 60 \u00b0 C)<\/span><span class='bullet-line'>Bezpe\u010dn\u00e9 stohov\u00e1n\u00ed d\u00edky okoln\u00ed stohovac\u00ed hran\u011b a pr\u016fb\u011b\u017en\u00e9 vodic\u00ed li\u0161t\u011b<\/span><span class='bullet-line'>\u0160t\u00edtky s ochrannou f\u00f3li\u00ed a nosnou li\u0161tou k dispozici jako p\u0159\u00edslu\u0161enstv\u00ed<\/span><span class='bullet-line'>Velk\u00e1 zapu\u0161t\u011bn\u00e1 rukoje\u0165 na p\u0159edn\u00ed stran\u011b<\/span><span class='bullet-line'>Kompatibiln\u00ed s mnoha b\u011b\u017en\u00fdmi boxy a stojanov\u00fdmi syst\u00e9my<\/span><span class='bullet-line'>Odoln\u00e9 v\u016f\u010di prysky\u0159ic\u00edm, alk\u00e1li\u00edm, tuk\u016fm, olej\u016fm atd.<\/span><span class='bullet-line'>Vhodn\u00e9 pro dopravn\u00ed p\u00e1sy d\u00edky hladk\u00e9mu podkladu<\/span><span class='bullet-line'>Text je strojov\u011b p\u0159elo\u017een<\/span><\/div>\n<div class=\"parameters\">\n<tr>\n<td>Vn\u011bj\u0161\u00ed rozm\u011bry<\/td>\n<td>205x355x200<\/td>\n<\/tr>\n<tr>\n<td>Pou\u017eiteln\u00e9 rozm\u011bry<\/td>\n<td>175x265x165<\/td>\n<\/tr>\n<tr>\n<td>barva<\/td>\n<td>zelen\u00e1<\/td>\n<\/tr>\n<tr>\n<td>materi\u00e1l<\/td>\n<td>Polypropylen<\/td>\n<\/tr>\n<tr>\n<td>Jm\u00e9no v\u00fdrobku<\/td>\n<td>\u00dalo\u017en\u00fd box velikost 4H, \u00falo\u017en\u00fd box<\/td>\n<\/tr>\n<tr>\n<td>P\u0159edm\u011bt \u010d\u00edslo.<\/td>\n<td>456283<\/td>\n<\/tr>\n<tr>\n<td>EAN<\/td>\n<td>4005187562835<\/td>\n<\/tr><\/div>\n<\/table>\n","protected":false},"excerpt":{"rendered":"<p>Tento syst\u00e9m vitr\u00edny se vyzna\u010duje p\u0159edev\u0161\u00edm vysokou odolnost\u00ed a \u017eivotnost\u00ed.U\u017eite\u010dn\u00e9 dopl\u0148ky jako d\u011bli\u010de, nosn\u00e9 li\u0161ty a \u0161t\u00edtky umo\u017e\u0148uj\u00ed pou\u017eit\u00ed tohoto syst\u00e9mu r\u016fzn\u00fdmi zp\u016fsoby.Dut\u00e9 komorov\u00e9 profily v z\u00e1b\u011bru zaji\u0161\u0165uj\u00ed rozm\u011brovou st\u00e1lost teplotn\u011b odoln\u00e9ho boxu (-10 \/ + 60 \u00b0 C)Bezpe\u010dn\u00e9 stohov\u00e1n\u00ed d\u00edky okoln\u00ed stohovac\u00ed hran\u011b a pr\u016fb\u011b\u017en\u00e9 vodic\u00ed li\u0161t\u011b\u0160t\u00edtky s ochrannou f\u00f3li\u00ed a nosnou li\u0161tou k [&hellip;]<\/p>\n","protected":false},"featured_media":47085,"comment_status":"open","ping_status":"open","template":"","meta":[],"product_brand":[],"product_cat":[45],"product_tag":[],"class_list":{"0":"post-46985","1":"product","2":"type-product","3":"status-publish","4":"has-post-thumbnail","6":"product_cat-dilna","8":"first","9":"instock","10":"sale","11":"shipping-taxable","12":"purchasable","13":"product-type-simple"},"yoast_head":"<!-- This site is optimized with the Yoast SEO plugin v26.8 - https:\/\/yoast.com\/product\/yoast-seo-wordpress\/ -->\n<title>Zna\u010dkov\u00fd Allit 456283 ProfiPlus Box 4H, Zelen\u00e1 -<\/title>\n<meta name=\"robots\" content=\"index, follow, max-snippet:-1, max-image-preview:large, max-video-preview:-1\" \/>\n<link rel=\"canonical\" href=\"https:\/\/www.koupeltech.com\/index.php\/produkt\/znackovy-allit-456283-profiplus-box-4h-zelena-46985\/\" \/>\n<meta property=\"og:locale\" content=\"cs_CZ\" \/>\n<meta property=\"og:type\" content=\"article\" \/>\n<meta property=\"og:title\" content=\"Zna\u010dkov\u00fd Allit 456283 ProfiPlus Box 4H, Zelen\u00e1 -\" \/>\n<meta property=\"og:description\" content=\"Tento syst\u00e9m vitr\u00edny se vyzna\u010duje p\u0159edev\u0161\u00edm vysokou odolnost\u00ed a \u017eivotnost\u00ed.U\u017eite\u010dn\u00e9 dopl\u0148ky jako d\u011bli\u010de, nosn\u00e9 li\u0161ty a \u0161t\u00edtky umo\u017e\u0148uj\u00ed pou\u017eit\u00ed tohoto syst\u00e9mu r\u016fzn\u00fdmi zp\u016fsoby.Dut\u00e9 komorov\u00e9 profily v z\u00e1b\u011bru zaji\u0161\u0165uj\u00ed rozm\u011brovou st\u00e1lost teplotn\u011b odoln\u00e9ho boxu (-10 \/ + 60 \u00b0 C)Bezpe\u010dn\u00e9 stohov\u00e1n\u00ed d\u00edky okoln\u00ed stohovac\u00ed hran\u011b a pr\u016fb\u011b\u017en\u00e9 vodic\u00ed li\u0161t\u011b\u0160t\u00edtky s ochrannou f\u00f3li\u00ed a nosnou li\u0161tou k [&hellip;]\" \/>\n<meta property=\"og:url\" content=\"https:\/\/www.koupeltech.com\/index.php\/produkt\/znackovy-allit-456283-profiplus-box-4h-zelena-46985\/\" \/>\n<meta property=\"og:image\" content=\"https:\/\/www.koupeltech.com\/wp-content\/uploads\/2026\/SK0025615-CZ20260425-092328-0-1777080210-1247303-1_135843.webp\" \/>\n\t<meta property=\"og:image:width\" content=\"800\" \/>\n\t<meta property=\"og:image:height\" content=\"800\" \/>\n\t<meta property=\"og:image:type\" content=\"image\/webp\" \/>\n<meta name=\"twitter:card\" content=\"summary_large_image\" \/>\n<meta name=\"twitter:label1\" content=\"Odhadovan\u00e1 doba \u010dten\u00ed\" \/>\n\t<meta name=\"twitter:data1\" content=\"1 minuta\" \/>\n<script type=\"application\/ld+json\" class=\"yoast-schema-graph\">{\"@context\":\"https:\/\/schema.org\",\"@graph\":[{\"@type\":\"WebPage\",\"@id\":\"https:\/\/www.koupeltech.com\/index.php\/produkt\/znackovy-allit-456283-profiplus-box-4h-zelena-46985\/\",\"url\":\"https:\/\/www.koupeltech.com\/index.php\/produkt\/znackovy-allit-456283-profiplus-box-4h-zelena-46985\/\",\"name\":\"Zna\u010dkov\u00fd Allit 456283 ProfiPlus Box 4H, Zelen\u00e1 -\",\"isPartOf\":{\"@id\":\"https:\/\/www.koupeltech.com\/#website\"},\"primaryImageOfPage\":{\"@id\":\"https:\/\/www.koupeltech.com\/index.php\/produkt\/znackovy-allit-456283-profiplus-box-4h-zelena-46985\/#primaryimage\"},\"image\":{\"@id\":\"https:\/\/www.koupeltech.com\/index.php\/produkt\/znackovy-allit-456283-profiplus-box-4h-zelena-46985\/#primaryimage\"},\"thumbnailUrl\":\"https:\/\/www.koupeltech.com\/wp-content\/uploads\/2026\/SK0025615-CZ20260425-092328-0-1777080210-1247303-1_135843.webp\",\"datePublished\":\"2026-04-27T14:02:53+00:00\",\"breadcrumb\":{\"@id\":\"https:\/\/www.koupeltech.com\/index.php\/produkt\/znackovy-allit-456283-profiplus-box-4h-zelena-46985\/#breadcrumb\"},\"inLanguage\":\"cs\",\"potentialAction\":[{\"@type\":\"ReadAction\",\"target\":[\"https:\/\/www.koupeltech.com\/index.php\/produkt\/znackovy-allit-456283-profiplus-box-4h-zelena-46985\/\"]}]},{\"@type\":\"ImageObject\",\"inLanguage\":\"cs\",\"@id\":\"https:\/\/www.koupeltech.com\/index.php\/produkt\/znackovy-allit-456283-profiplus-box-4h-zelena-46985\/#primaryimage\",\"url\":\"https:\/\/www.koupeltech.com\/wp-content\/uploads\/2026\/SK0025615-CZ20260425-092328-0-1777080210-1247303-1_135843.webp\",\"contentUrl\":\"https:\/\/www.koupeltech.com\/wp-content\/uploads\/2026\/SK0025615-CZ20260425-092328-0-1777080210-1247303-1_135843.webp\",\"width\":800,\"height\":800},{\"@type\":\"BreadcrumbList\",\"@id\":\"https:\/\/www.koupeltech.com\/index.php\/produkt\/znackovy-allit-456283-profiplus-box-4h-zelena-46985\/#breadcrumb\",\"itemListElement\":[{\"@type\":\"ListItem\",\"position\":1,\"name\":\"Home\",\"item\":\"https:\/\/www.koupeltech.com\/\"},{\"@type\":\"ListItem\",\"position\":2,\"name\":\"Products\",\"item\":\"https:\/\/www.koupeltech.com\/index.php\/products\/\"},{\"@type\":\"ListItem\",\"position\":3,\"name\":\"Zna\u010dkov\u00fd Allit 456283 ProfiPlus Box 4H, Zelen\u00e1\"}]},{\"@type\":\"WebSite\",\"@id\":\"https:\/\/www.koupeltech.com\/#website\",\"url\":\"https:\/\/www.koupeltech.com\/\",\"name\":\"\",\"description\":\"\",\"potentialAction\":[{\"@type\":\"SearchAction\",\"target\":{\"@type\":\"EntryPoint\",\"urlTemplate\":\"https:\/\/www.koupeltech.com\/?s={search_term_string}\"},\"query-input\":{\"@type\":\"PropertyValueSpecification\",\"valueRequired\":true,\"valueName\":\"search_term_string\"}}],\"inLanguage\":\"cs\"}]}<\/script>\n<!-- \/ Yoast SEO plugin. -->","yoast_head_json":{"title":"Zna\u010dkov\u00fd Allit 456283 ProfiPlus Box 4H, Zelen\u00e1 -","robots":{"index":"index","follow":"follow","max-snippet":"max-snippet:-1","max-image-preview":"max-image-preview:large","max-video-preview":"max-video-preview:-1"},"canonical":"https:\/\/www.koupeltech.com\/index.php\/produkt\/znackovy-allit-456283-profiplus-box-4h-zelena-46985\/","og_locale":"cs_CZ","og_type":"article","og_title":"Zna\u010dkov\u00fd Allit 456283 ProfiPlus Box 4H, Zelen\u00e1 -","og_description":"Tento syst\u00e9m vitr\u00edny se vyzna\u010duje p\u0159edev\u0161\u00edm vysokou odolnost\u00ed a \u017eivotnost\u00ed.U\u017eite\u010dn\u00e9 dopl\u0148ky jako d\u011bli\u010de, nosn\u00e9 li\u0161ty a \u0161t\u00edtky umo\u017e\u0148uj\u00ed pou\u017eit\u00ed tohoto syst\u00e9mu r\u016fzn\u00fdmi zp\u016fsoby.Dut\u00e9 komorov\u00e9 profily v z\u00e1b\u011bru zaji\u0161\u0165uj\u00ed rozm\u011brovou st\u00e1lost teplotn\u011b odoln\u00e9ho boxu (-10 \/ + 60 \u00b0 C)Bezpe\u010dn\u00e9 stohov\u00e1n\u00ed d\u00edky okoln\u00ed stohovac\u00ed hran\u011b a pr\u016fb\u011b\u017en\u00e9 vodic\u00ed li\u0161t\u011b\u0160t\u00edtky s ochrannou f\u00f3li\u00ed a nosnou li\u0161tou k [&hellip;]","og_url":"https:\/\/www.koupeltech.com\/index.php\/produkt\/znackovy-allit-456283-profiplus-box-4h-zelena-46985\/","og_image":[{"width":800,"height":800,"url":"https:\/\/www.koupeltech.com\/wp-content\/uploads\/2026\/SK0025615-CZ20260425-092328-0-1777080210-1247303-1_135843.webp","type":"image\/webp"}],"twitter_card":"summary_large_image","twitter_misc":{"Odhadovan\u00e1 doba \u010dten\u00ed":"1 minuta"},"schema":{"@context":"https:\/\/schema.org","@graph":[{"@type":"WebPage","@id":"https:\/\/www.koupeltech.com\/index.php\/produkt\/znackovy-allit-456283-profiplus-box-4h-zelena-46985\/","url":"https:\/\/www.koupeltech.com\/index.php\/produkt\/znackovy-allit-456283-profiplus-box-4h-zelena-46985\/","name":"Zna\u010dkov\u00fd Allit 456283 ProfiPlus Box 4H, Zelen\u00e1 -","isPartOf":{"@id":"https:\/\/www.koupeltech.com\/#website"},"primaryImageOfPage":{"@id":"https:\/\/www.koupeltech.com\/index.php\/produkt\/znackovy-allit-456283-profiplus-box-4h-zelena-46985\/#primaryimage"},"image":{"@id":"https:\/\/www.koupeltech.com\/index.php\/produkt\/znackovy-allit-456283-profiplus-box-4h-zelena-46985\/#primaryimage"},"thumbnailUrl":"https:\/\/www.koupeltech.com\/wp-content\/uploads\/2026\/SK0025615-CZ20260425-092328-0-1777080210-1247303-1_135843.webp","datePublished":"2026-04-27T14:02:53+00:00","breadcrumb":{"@id":"https:\/\/www.koupeltech.com\/index.php\/produkt\/znackovy-allit-456283-profiplus-box-4h-zelena-46985\/#breadcrumb"},"inLanguage":"cs","potentialAction":[{"@type":"ReadAction","target":["https:\/\/www.koupeltech.com\/index.php\/produkt\/znackovy-allit-456283-profiplus-box-4h-zelena-46985\/"]}]},{"@type":"ImageObject","inLanguage":"cs","@id":"https:\/\/www.koupeltech.com\/index.php\/produkt\/znackovy-allit-456283-profiplus-box-4h-zelena-46985\/#primaryimage","url":"https:\/\/www.koupeltech.com\/wp-content\/uploads\/2026\/SK0025615-CZ20260425-092328-0-1777080210-1247303-1_135843.webp","contentUrl":"https:\/\/www.koupeltech.com\/wp-content\/uploads\/2026\/SK0025615-CZ20260425-092328-0-1777080210-1247303-1_135843.webp","width":800,"height":800},{"@type":"BreadcrumbList","@id":"https:\/\/www.koupeltech.com\/index.php\/produkt\/znackovy-allit-456283-profiplus-box-4h-zelena-46985\/#breadcrumb","itemListElement":[{"@type":"ListItem","position":1,"name":"Home","item":"https:\/\/www.koupeltech.com\/"},{"@type":"ListItem","position":2,"name":"Products","item":"https:\/\/www.koupeltech.com\/index.php\/products\/"},{"@type":"ListItem","position":3,"name":"Zna\u010dkov\u00fd Allit 456283 ProfiPlus Box 4H, Zelen\u00e1"}]},{"@type":"WebSite","@id":"https:\/\/www.koupeltech.com\/#website","url":"https:\/\/www.koupeltech.com\/","name":"","description":"","potentialAction":[{"@type":"SearchAction","target":{"@type":"EntryPoint","urlTemplate":"https:\/\/www.koupeltech.com\/?s={search_term_string}"},"query-input":{"@type":"PropertyValueSpecification","valueRequired":true,"valueName":"search_term_string"}}],"inLanguage":"cs"}]}},"_links":{"self":[{"href":"https:\/\/www.koupeltech.com\/index.php\/wp-json\/wp\/v2\/product\/46985","targetHints":{"allow":["GET"]}}],"collection":[{"href":"https:\/\/www.koupeltech.com\/index.php\/wp-json\/wp\/v2\/product"}],"about":[{"href":"https:\/\/www.koupeltech.com\/index.php\/wp-json\/wp\/v2\/types\/product"}],"replies":[{"embeddable":true,"href":"https:\/\/www.koupeltech.com\/index.php\/wp-json\/wp\/v2\/comments?post=46985"}],"wp:featuredmedia":[{"embeddable":true,"href":"https:\/\/www.koupeltech.com\/index.php\/wp-json\/wp\/v2\/media\/47085"}],"wp:attachment":[{"href":"https:\/\/www.koupeltech.com\/index.php\/wp-json\/wp\/v2\/media?parent=46985"}],"wp:term":[{"taxonomy":"product_brand","embeddable":true,"href":"https:\/\/www.koupeltech.com\/index.php\/wp-json\/wp\/v2\/product_brand?post=46985"},{"taxonomy":"product_cat","embeddable":true,"href":"https:\/\/www.koupeltech.com\/index.php\/wp-json\/wp\/v2\/product_cat?post=46985"},{"taxonomy":"product_tag","embeddable":true,"href":"https:\/\/www.koupeltech.com\/index.php\/wp-json\/wp\/v2\/product_tag?post=46985"}],"curies":[{"name":"wp","href":"https:\/\/api.w.org\/{rel}","templated":true}]}}