{"id":47109,"date":"2026-04-27T14:02:54","date_gmt":"2026-04-27T14:02:54","guid":{"rendered":""},"modified":"2026-04-27T14:02:54","modified_gmt":"2026-04-27T14:02:54","slug":"zlevneny-qbrick-organizer-plastovy-m-264x364x77mm-qbrick-one-47109","status":"publish","type":"product","link":"https:\/\/www.koupeltech.com\/index.php\/produkt\/zlevneny-qbrick-organizer-plastovy-m-264x364x77mm-qbrick-one-47109\/","title":{"rendered":"Zlevn\u011bn\u00fd QBRICK Organiz\u00e9r plastov\u00fd M 264x364x77mm Qbrick One"},"content":{"rendered":"<table>\n<div class=\"tab-pane active product-description\" id=\"popis\" role=\"tabpanel\">\n<div class=\"short-description\" itemprop=\"description\"><\/div>\n<div class=\"description\"><span class='bullet-line'>nejmen\u0161\u00ed organiz\u00e9r z \u0159ady ONE<br \/><\/span><span class='bullet-line'>patentovan\u00fd syst\u00e9m Easy Access, kter\u00fd d\u00edky speci\u00e1ln\u00edm konektorem umo\u017enuje lehk\u00fd p\u0159\u00edstup k jednotliv\u00fdm modul\u016fm bez nutnosti jejich odmontov\u00e1n\u00ed a zvy\u0161uje ergonomii pr\u00e1ce.<br \/><\/span><span class='bullet-line'>Flexibiln\u00ed t\u011bsn\u011bn\u00ed chr\u00e1n\u00ed obsah v p\u0159ihr\u00e1dk\u00e1ch p\u0159ed vniknut\u00edm vody a prachu<br \/><\/span><span class='bullet-line'>Po kliknut\u00ed na odkaz si m\u016f\u017eete sami nakonfigurovat r\u016fzn\u00e9 modely QBRICK, tento n\u00e1stroj V\u00e1m zp\u0159ehledn\u00ed objedn\u00e1v\u00e1n\u00ed mezi r\u016fzn\u00fdmi boxy, kter\u00fd fin\u00e1ln\u011b uvid\u00edte na detailn\u011bj\u0161\u00edm obr\u00e1zku s popisem kompletn\u00ed v\u00e1hy.<\/span><\/div>\n<div class=\"parameters\">\n<tr>\n<td>Rozm\u011bry<\/td>\n<td>365 x 265 x 77 mm<\/td>\n<\/tr>\n<tr>\n<td>Objem<\/td>\n<td>2,5 l<\/td>\n<\/tr>\n<tr>\n<td>6<\/td>\n<td>p\u0159ihr\u00e1dek<\/td>\n<\/tr><\/div>\n<\/table>\n","protected":false},"excerpt":{"rendered":"<p>nejmen\u0161\u00ed organiz\u00e9r z \u0159ady ONEpatentovan\u00fd syst\u00e9m Easy Access, kter\u00fd d\u00edky speci\u00e1ln\u00edm konektorem umo\u017enuje lehk\u00fd p\u0159\u00edstup k jednotliv\u00fdm modul\u016fm bez nutnosti jejich odmontov\u00e1n\u00ed a zvy\u0161uje ergonomii pr\u00e1ce.Flexibiln\u00ed t\u011bsn\u011bn\u00ed chr\u00e1n\u00ed obsah v p\u0159ihr\u00e1dk\u00e1ch p\u0159ed vniknut\u00edm vody a prachuPo kliknut\u00ed na odkaz si m\u016f\u017eete sami nakonfigurovat r\u016fzn\u00e9 modely QBRICK, tento n\u00e1stroj V\u00e1m zp\u0159ehledn\u00ed objedn\u00e1v\u00e1n\u00ed mezi r\u016fzn\u00fdmi boxy, kter\u00fd [&hellip;]<\/p>\n","protected":false},"featured_media":47209,"comment_status":"open","ping_status":"open","template":"","meta":[],"product_brand":[],"product_cat":[45],"product_tag":[],"class_list":{"0":"post-47109","1":"product","2":"type-product","3":"status-publish","4":"has-post-thumbnail","6":"product_cat-dilna","8":"first","9":"instock","10":"sale","11":"shipping-taxable","12":"purchasable","13":"product-type-simple"},"yoast_head":"<!-- This site is optimized with the Yoast SEO plugin v26.8 - https:\/\/yoast.com\/product\/yoast-seo-wordpress\/ -->\n<title>Zlevn\u011bn\u00fd QBRICK Organiz\u00e9r plastov\u00fd M 264x364x77mm Qbrick One -<\/title>\n<meta name=\"robots\" content=\"index, follow, max-snippet:-1, max-image-preview:large, max-video-preview:-1\" \/>\n<link rel=\"canonical\" href=\"https:\/\/www.koupeltech.com\/index.php\/produkt\/zlevneny-qbrick-organizer-plastovy-m-264x364x77mm-qbrick-one-47109\/\" \/>\n<meta property=\"og:locale\" content=\"cs_CZ\" \/>\n<meta property=\"og:type\" content=\"article\" \/>\n<meta property=\"og:title\" content=\"Zlevn\u011bn\u00fd QBRICK Organiz\u00e9r plastov\u00fd M 264x364x77mm Qbrick One -\" \/>\n<meta property=\"og:description\" content=\"nejmen\u0161\u00ed organiz\u00e9r z \u0159ady ONEpatentovan\u00fd syst\u00e9m Easy Access, kter\u00fd d\u00edky speci\u00e1ln\u00edm konektorem umo\u017enuje lehk\u00fd p\u0159\u00edstup k jednotliv\u00fdm modul\u016fm bez nutnosti jejich odmontov\u00e1n\u00ed a zvy\u0161uje ergonomii pr\u00e1ce.Flexibiln\u00ed t\u011bsn\u011bn\u00ed chr\u00e1n\u00ed obsah v p\u0159ihr\u00e1dk\u00e1ch p\u0159ed vniknut\u00edm vody a prachuPo kliknut\u00ed na odkaz si m\u016f\u017eete sami nakonfigurovat r\u016fzn\u00e9 modely QBRICK, tento n\u00e1stroj V\u00e1m zp\u0159ehledn\u00ed objedn\u00e1v\u00e1n\u00ed mezi r\u016fzn\u00fdmi boxy, kter\u00fd [&hellip;]\" \/>\n<meta property=\"og:url\" content=\"https:\/\/www.koupeltech.com\/index.php\/produkt\/zlevneny-qbrick-organizer-plastovy-m-264x364x77mm-qbrick-one-47109\/\" \/>\n<meta property=\"og:image\" content=\"https:\/\/www.koupeltech.com\/wp-content\/uploads\/2026\/SK0025639-CZ20260425-092328-0-1777080210-a5a2b23d9871d75f62fcedbcb7d14a5a-mmf400x400.webp\" \/>\n\t<meta property=\"og:image:width\" content=\"400\" \/>\n\t<meta property=\"og:image:height\" content=\"400\" \/>\n\t<meta property=\"og:image:type\" content=\"image\/webp\" \/>\n<meta name=\"twitter:card\" content=\"summary_large_image\" \/>\n<meta name=\"twitter:label1\" content=\"Odhadovan\u00e1 doba \u010dten\u00ed\" \/>\n\t<meta name=\"twitter:data1\" content=\"1 minuta\" \/>\n<script type=\"application\/ld+json\" class=\"yoast-schema-graph\">{\"@context\":\"https:\/\/schema.org\",\"@graph\":[{\"@type\":\"WebPage\",\"@id\":\"https:\/\/www.koupeltech.com\/index.php\/produkt\/zlevneny-qbrick-organizer-plastovy-m-264x364x77mm-qbrick-one-47109\/\",\"url\":\"https:\/\/www.koupeltech.com\/index.php\/produkt\/zlevneny-qbrick-organizer-plastovy-m-264x364x77mm-qbrick-one-47109\/\",\"name\":\"Zlevn\u011bn\u00fd QBRICK Organiz\u00e9r plastov\u00fd M 264x364x77mm Qbrick One -\",\"isPartOf\":{\"@id\":\"https:\/\/www.koupeltech.com\/#website\"},\"primaryImageOfPage\":{\"@id\":\"https:\/\/www.koupeltech.com\/index.php\/produkt\/zlevneny-qbrick-organizer-plastovy-m-264x364x77mm-qbrick-one-47109\/#primaryimage\"},\"image\":{\"@id\":\"https:\/\/www.koupeltech.com\/index.php\/produkt\/zlevneny-qbrick-organizer-plastovy-m-264x364x77mm-qbrick-one-47109\/#primaryimage\"},\"thumbnailUrl\":\"https:\/\/www.koupeltech.com\/wp-content\/uploads\/2026\/SK0025639-CZ20260425-092328-0-1777080210-a5a2b23d9871d75f62fcedbcb7d14a5a-mmf400x400.webp\",\"datePublished\":\"2026-04-27T14:02:54+00:00\",\"breadcrumb\":{\"@id\":\"https:\/\/www.koupeltech.com\/index.php\/produkt\/zlevneny-qbrick-organizer-plastovy-m-264x364x77mm-qbrick-one-47109\/#breadcrumb\"},\"inLanguage\":\"cs\",\"potentialAction\":[{\"@type\":\"ReadAction\",\"target\":[\"https:\/\/www.koupeltech.com\/index.php\/produkt\/zlevneny-qbrick-organizer-plastovy-m-264x364x77mm-qbrick-one-47109\/\"]}]},{\"@type\":\"ImageObject\",\"inLanguage\":\"cs\",\"@id\":\"https:\/\/www.koupeltech.com\/index.php\/produkt\/zlevneny-qbrick-organizer-plastovy-m-264x364x77mm-qbrick-one-47109\/#primaryimage\",\"url\":\"https:\/\/www.koupeltech.com\/wp-content\/uploads\/2026\/SK0025639-CZ20260425-092328-0-1777080210-a5a2b23d9871d75f62fcedbcb7d14a5a-mmf400x400.webp\",\"contentUrl\":\"https:\/\/www.koupeltech.com\/wp-content\/uploads\/2026\/SK0025639-CZ20260425-092328-0-1777080210-a5a2b23d9871d75f62fcedbcb7d14a5a-mmf400x400.webp\",\"width\":400,\"height\":400},{\"@type\":\"BreadcrumbList\",\"@id\":\"https:\/\/www.koupeltech.com\/index.php\/produkt\/zlevneny-qbrick-organizer-plastovy-m-264x364x77mm-qbrick-one-47109\/#breadcrumb\",\"itemListElement\":[{\"@type\":\"ListItem\",\"position\":1,\"name\":\"Home\",\"item\":\"https:\/\/www.koupeltech.com\/\"},{\"@type\":\"ListItem\",\"position\":2,\"name\":\"Products\",\"item\":\"https:\/\/www.koupeltech.com\/index.php\/products\/\"},{\"@type\":\"ListItem\",\"position\":3,\"name\":\"Zlevn\u011bn\u00fd QBRICK Organiz\u00e9r plastov\u00fd M 264x364x77mm Qbrick One\"}]},{\"@type\":\"WebSite\",\"@id\":\"https:\/\/www.koupeltech.com\/#website\",\"url\":\"https:\/\/www.koupeltech.com\/\",\"name\":\"\",\"description\":\"\",\"potentialAction\":[{\"@type\":\"SearchAction\",\"target\":{\"@type\":\"EntryPoint\",\"urlTemplate\":\"https:\/\/www.koupeltech.com\/?s={search_term_string}\"},\"query-input\":{\"@type\":\"PropertyValueSpecification\",\"valueRequired\":true,\"valueName\":\"search_term_string\"}}],\"inLanguage\":\"cs\"}]}<\/script>\n<!-- \/ Yoast SEO plugin. -->","yoast_head_json":{"title":"Zlevn\u011bn\u00fd QBRICK Organiz\u00e9r plastov\u00fd M 264x364x77mm Qbrick One -","robots":{"index":"index","follow":"follow","max-snippet":"max-snippet:-1","max-image-preview":"max-image-preview:large","max-video-preview":"max-video-preview:-1"},"canonical":"https:\/\/www.koupeltech.com\/index.php\/produkt\/zlevneny-qbrick-organizer-plastovy-m-264x364x77mm-qbrick-one-47109\/","og_locale":"cs_CZ","og_type":"article","og_title":"Zlevn\u011bn\u00fd QBRICK Organiz\u00e9r plastov\u00fd M 264x364x77mm Qbrick One -","og_description":"nejmen\u0161\u00ed organiz\u00e9r z \u0159ady ONEpatentovan\u00fd syst\u00e9m Easy Access, kter\u00fd d\u00edky speci\u00e1ln\u00edm konektorem umo\u017enuje lehk\u00fd p\u0159\u00edstup k jednotliv\u00fdm modul\u016fm bez nutnosti jejich odmontov\u00e1n\u00ed a zvy\u0161uje ergonomii pr\u00e1ce.Flexibiln\u00ed t\u011bsn\u011bn\u00ed chr\u00e1n\u00ed obsah v p\u0159ihr\u00e1dk\u00e1ch p\u0159ed vniknut\u00edm vody a prachuPo kliknut\u00ed na odkaz si m\u016f\u017eete sami nakonfigurovat r\u016fzn\u00e9 modely QBRICK, tento n\u00e1stroj V\u00e1m zp\u0159ehledn\u00ed objedn\u00e1v\u00e1n\u00ed mezi r\u016fzn\u00fdmi boxy, kter\u00fd [&hellip;]","og_url":"https:\/\/www.koupeltech.com\/index.php\/produkt\/zlevneny-qbrick-organizer-plastovy-m-264x364x77mm-qbrick-one-47109\/","og_image":[{"width":400,"height":400,"url":"https:\/\/www.koupeltech.com\/wp-content\/uploads\/2026\/SK0025639-CZ20260425-092328-0-1777080210-a5a2b23d9871d75f62fcedbcb7d14a5a-mmf400x400.webp","type":"image\/webp"}],"twitter_card":"summary_large_image","twitter_misc":{"Odhadovan\u00e1 doba \u010dten\u00ed":"1 minuta"},"schema":{"@context":"https:\/\/schema.org","@graph":[{"@type":"WebPage","@id":"https:\/\/www.koupeltech.com\/index.php\/produkt\/zlevneny-qbrick-organizer-plastovy-m-264x364x77mm-qbrick-one-47109\/","url":"https:\/\/www.koupeltech.com\/index.php\/produkt\/zlevneny-qbrick-organizer-plastovy-m-264x364x77mm-qbrick-one-47109\/","name":"Zlevn\u011bn\u00fd QBRICK Organiz\u00e9r plastov\u00fd M 264x364x77mm Qbrick One -","isPartOf":{"@id":"https:\/\/www.koupeltech.com\/#website"},"primaryImageOfPage":{"@id":"https:\/\/www.koupeltech.com\/index.php\/produkt\/zlevneny-qbrick-organizer-plastovy-m-264x364x77mm-qbrick-one-47109\/#primaryimage"},"image":{"@id":"https:\/\/www.koupeltech.com\/index.php\/produkt\/zlevneny-qbrick-organizer-plastovy-m-264x364x77mm-qbrick-one-47109\/#primaryimage"},"thumbnailUrl":"https:\/\/www.koupeltech.com\/wp-content\/uploads\/2026\/SK0025639-CZ20260425-092328-0-1777080210-a5a2b23d9871d75f62fcedbcb7d14a5a-mmf400x400.webp","datePublished":"2026-04-27T14:02:54+00:00","breadcrumb":{"@id":"https:\/\/www.koupeltech.com\/index.php\/produkt\/zlevneny-qbrick-organizer-plastovy-m-264x364x77mm-qbrick-one-47109\/#breadcrumb"},"inLanguage":"cs","potentialAction":[{"@type":"ReadAction","target":["https:\/\/www.koupeltech.com\/index.php\/produkt\/zlevneny-qbrick-organizer-plastovy-m-264x364x77mm-qbrick-one-47109\/"]}]},{"@type":"ImageObject","inLanguage":"cs","@id":"https:\/\/www.koupeltech.com\/index.php\/produkt\/zlevneny-qbrick-organizer-plastovy-m-264x364x77mm-qbrick-one-47109\/#primaryimage","url":"https:\/\/www.koupeltech.com\/wp-content\/uploads\/2026\/SK0025639-CZ20260425-092328-0-1777080210-a5a2b23d9871d75f62fcedbcb7d14a5a-mmf400x400.webp","contentUrl":"https:\/\/www.koupeltech.com\/wp-content\/uploads\/2026\/SK0025639-CZ20260425-092328-0-1777080210-a5a2b23d9871d75f62fcedbcb7d14a5a-mmf400x400.webp","width":400,"height":400},{"@type":"BreadcrumbList","@id":"https:\/\/www.koupeltech.com\/index.php\/produkt\/zlevneny-qbrick-organizer-plastovy-m-264x364x77mm-qbrick-one-47109\/#breadcrumb","itemListElement":[{"@type":"ListItem","position":1,"name":"Home","item":"https:\/\/www.koupeltech.com\/"},{"@type":"ListItem","position":2,"name":"Products","item":"https:\/\/www.koupeltech.com\/index.php\/products\/"},{"@type":"ListItem","position":3,"name":"Zlevn\u011bn\u00fd QBRICK Organiz\u00e9r plastov\u00fd M 264x364x77mm Qbrick One"}]},{"@type":"WebSite","@id":"https:\/\/www.koupeltech.com\/#website","url":"https:\/\/www.koupeltech.com\/","name":"","description":"","potentialAction":[{"@type":"SearchAction","target":{"@type":"EntryPoint","urlTemplate":"https:\/\/www.koupeltech.com\/?s={search_term_string}"},"query-input":{"@type":"PropertyValueSpecification","valueRequired":true,"valueName":"search_term_string"}}],"inLanguage":"cs"}]}},"_links":{"self":[{"href":"https:\/\/www.koupeltech.com\/index.php\/wp-json\/wp\/v2\/product\/47109","targetHints":{"allow":["GET"]}}],"collection":[{"href":"https:\/\/www.koupeltech.com\/index.php\/wp-json\/wp\/v2\/product"}],"about":[{"href":"https:\/\/www.koupeltech.com\/index.php\/wp-json\/wp\/v2\/types\/product"}],"replies":[{"embeddable":true,"href":"https:\/\/www.koupeltech.com\/index.php\/wp-json\/wp\/v2\/comments?post=47109"}],"wp:featuredmedia":[{"embeddable":true,"href":"https:\/\/www.koupeltech.com\/index.php\/wp-json\/wp\/v2\/media\/47209"}],"wp:attachment":[{"href":"https:\/\/www.koupeltech.com\/index.php\/wp-json\/wp\/v2\/media?parent=47109"}],"wp:term":[{"taxonomy":"product_brand","embeddable":true,"href":"https:\/\/www.koupeltech.com\/index.php\/wp-json\/wp\/v2\/product_brand?post=47109"},{"taxonomy":"product_cat","embeddable":true,"href":"https:\/\/www.koupeltech.com\/index.php\/wp-json\/wp\/v2\/product_cat?post=47109"},{"taxonomy":"product_tag","embeddable":true,"href":"https:\/\/www.koupeltech.com\/index.php\/wp-json\/wp\/v2\/product_tag?post=47109"}],"curies":[{"name":"wp","href":"https:\/\/api.w.org\/{rel}","templated":true}]}}