{"id":47307,"date":"2026-04-27T14:02:56","date_gmt":"2026-04-27T14:02:56","guid":{"rendered":""},"modified":"2026-04-27T14:02:56","modified_gmt":"2026-04-27T14:02:56","slug":"znackovy-xtline-xt107150-bruska-stolni-dvoukotoucova-150mm-300w-lampa-40w-47307","status":"publish","type":"product","link":"https:\/\/www.koupeltech.com\/index.php\/produkt\/znackovy-xtline-xt107150-bruska-stolni-dvoukotoucova-150mm-300w-lampa-40w-47307\/","title":{"rendered":"Zna\u010dkov\u00fd Xtline XT107150 Bruska stoln\u00ed dvoukotou\u010dov\u00e1 150mm, 300W + lampa 40W"},"content":{"rendered":"<table>\n<div class=\"tab-pane active product-description\" id=\"popis\" role=\"tabpanel\">\n<div class=\"short-description\" itemprop=\"description\"><\/div>\n<div class=\"description\"><span class='bullet-line'>Bruska elektrick\u00e1 dvoukotou\u010dov\u00e1 se sv\u00edtidlem pro brou\u0161en\u00ed a ost\u0159en\u00ed. <br \/><\/span><span class='bullet-line'>Siln\u00fd motor zaru\u010duje plynul\u00e9 brou\u0161en\u00ed a vysok\u00e9 ot\u00e1\u010dky kotou\u010de. <br \/><\/span><span class='bullet-line'>Dva brusn\u00e9 kotou\u010de pro \u0161irok\u00e9 pou\u017eit\u00ed. <br \/><\/span><span class='bullet-line'>Nastaviteln\u00e9 sv\u011btlo, jemn\u00fd a hrub\u00fd kotou\u010d, pry\u017eov\u00e9 podlo\u017eky tlum\u00edc\u00ed vibrace, vyp\u00edna\u010d chr\u00e1n\u011bn\u00fd p\u0159ed prachem.<\/span><\/div>\n<div class=\"parameters\">\n<tr>\n<td>Nap\u011bt\u00ed<\/td>\n<td>230V\/50Hz<\/td>\n<\/tr>\n<tr>\n<td>P\u0159\u00edkon<\/td>\n<td>300 W<\/td>\n<\/tr>\n<tr>\n<td>Ot\u00e1\u010dky<\/td>\n<td>2850 ot.\/min<\/td>\n<\/tr>\n<tr>\n<td>Rozm\u011br kotou\u010de<\/td>\n<td>150x20x12,7 mm<\/td>\n<\/tr>\n<tr>\n<td>Akustick\u00fd tlak<\/td>\n<td>83,5 dB<\/td>\n<\/tr>\n<tr>\n<td>Akustick\u00fd v\u00fdkon<\/td>\n<td>96,5 dB<\/td>\n<\/tr>\n<tr>\n<td>Hmotnost<\/td>\n<td>8 kg<\/td>\n<\/tr><\/div>\n<\/table>\n","protected":false},"excerpt":{"rendered":"<p>Bruska elektrick\u00e1 dvoukotou\u010dov\u00e1 se sv\u00edtidlem pro brou\u0161en\u00ed a ost\u0159en\u00ed. Siln\u00fd motor zaru\u010duje plynul\u00e9 brou\u0161en\u00ed a vysok\u00e9 ot\u00e1\u010dky kotou\u010de. Dva brusn\u00e9 kotou\u010de pro \u0161irok\u00e9 pou\u017eit\u00ed. Nastaviteln\u00e9 sv\u011btlo, jemn\u00fd a hrub\u00fd kotou\u010d, pry\u017eov\u00e9 podlo\u017eky tlum\u00edc\u00ed vibrace, vyp\u00edna\u010d chr\u00e1n\u011bn\u00fd p\u0159ed prachem. Nap\u011bt\u00ed 230V\/50Hz P\u0159\u00edkon 300 W Ot\u00e1\u010dky 2850 ot.\/min Rozm\u011br kotou\u010de 150x20x12,7 mm Akustick\u00fd tlak 83,5 dB Akustick\u00fd [&hellip;]<\/p>\n","protected":false},"featured_media":47407,"comment_status":"open","ping_status":"open","template":"","meta":[],"product_brand":[],"product_cat":[43],"product_tag":[],"class_list":{"0":"post-47307","1":"product","2":"type-product","3":"status-publish","4":"has-post-thumbnail","6":"product_cat-naradi","8":"first","9":"instock","10":"sale","11":"shipping-taxable","12":"purchasable","13":"product-type-simple"},"yoast_head":"<!-- This site is optimized with the Yoast SEO plugin v26.8 - https:\/\/yoast.com\/product\/yoast-seo-wordpress\/ -->\n<title>Zna\u010dkov\u00fd Xtline XT107150 Bruska stoln\u00ed dvoukotou\u010dov\u00e1 150mm, 300W + lampa 40W -<\/title>\n<meta name=\"robots\" content=\"index, follow, max-snippet:-1, max-image-preview:large, max-video-preview:-1\" \/>\n<link rel=\"canonical\" href=\"https:\/\/www.koupeltech.com\/index.php\/produkt\/znackovy-xtline-xt107150-bruska-stolni-dvoukotoucova-150mm-300w-lampa-40w-47307\/\" \/>\n<meta property=\"og:locale\" content=\"cs_CZ\" \/>\n<meta property=\"og:type\" content=\"article\" \/>\n<meta property=\"og:title\" content=\"Zna\u010dkov\u00fd Xtline XT107150 Bruska stoln\u00ed dvoukotou\u010dov\u00e1 150mm, 300W + lampa 40W -\" \/>\n<meta property=\"og:description\" content=\"Bruska elektrick\u00e1 dvoukotou\u010dov\u00e1 se sv\u00edtidlem pro brou\u0161en\u00ed a ost\u0159en\u00ed. Siln\u00fd motor zaru\u010duje plynul\u00e9 brou\u0161en\u00ed a vysok\u00e9 ot\u00e1\u010dky kotou\u010de. Dva brusn\u00e9 kotou\u010de pro \u0161irok\u00e9 pou\u017eit\u00ed. Nastaviteln\u00e9 sv\u011btlo, jemn\u00fd a hrub\u00fd kotou\u010d, pry\u017eov\u00e9 podlo\u017eky tlum\u00edc\u00ed vibrace, vyp\u00edna\u010d chr\u00e1n\u011bn\u00fd p\u0159ed prachem. Nap\u011bt\u00ed 230V\/50Hz P\u0159\u00edkon 300 W Ot\u00e1\u010dky 2850 ot.\/min Rozm\u011br kotou\u010de 150x20x12,7 mm Akustick\u00fd tlak 83,5 dB Akustick\u00fd [&hellip;]\" \/>\n<meta property=\"og:url\" content=\"https:\/\/www.koupeltech.com\/index.php\/produkt\/znackovy-xtline-xt107150-bruska-stolni-dvoukotoucova-150mm-300w-lampa-40w-47307\/\" \/>\n<meta property=\"og:image\" content=\"https:\/\/www.koupeltech.com\/wp-content\/uploads\/2026\/SK0025737-CZ20260425-092328-0-1777080210-xtline-xtline-bruska-stolni-dvoukotoucova-150mm-300w-lampa-.webp\" \/>\n\t<meta property=\"og:image:width\" content=\"800\" \/>\n\t<meta property=\"og:image:height\" content=\"800\" \/>\n\t<meta property=\"og:image:type\" content=\"image\/webp\" \/>\n<meta name=\"twitter:card\" content=\"summary_large_image\" \/>\n<script type=\"application\/ld+json\" class=\"yoast-schema-graph\">{\"@context\":\"https:\/\/schema.org\",\"@graph\":[{\"@type\":\"WebPage\",\"@id\":\"https:\/\/www.koupeltech.com\/index.php\/produkt\/znackovy-xtline-xt107150-bruska-stolni-dvoukotoucova-150mm-300w-lampa-40w-47307\/\",\"url\":\"https:\/\/www.koupeltech.com\/index.php\/produkt\/znackovy-xtline-xt107150-bruska-stolni-dvoukotoucova-150mm-300w-lampa-40w-47307\/\",\"name\":\"Zna\u010dkov\u00fd Xtline XT107150 Bruska stoln\u00ed dvoukotou\u010dov\u00e1 150mm, 300W + lampa 40W -\",\"isPartOf\":{\"@id\":\"https:\/\/www.koupeltech.com\/#website\"},\"primaryImageOfPage\":{\"@id\":\"https:\/\/www.koupeltech.com\/index.php\/produkt\/znackovy-xtline-xt107150-bruska-stolni-dvoukotoucova-150mm-300w-lampa-40w-47307\/#primaryimage\"},\"image\":{\"@id\":\"https:\/\/www.koupeltech.com\/index.php\/produkt\/znackovy-xtline-xt107150-bruska-stolni-dvoukotoucova-150mm-300w-lampa-40w-47307\/#primaryimage\"},\"thumbnailUrl\":\"https:\/\/www.koupeltech.com\/wp-content\/uploads\/2026\/SK0025737-CZ20260425-092328-0-1777080210-xtline-xtline-bruska-stolni-dvoukotoucova-150mm-300w-lampa-.webp\",\"datePublished\":\"2026-04-27T14:02:56+00:00\",\"breadcrumb\":{\"@id\":\"https:\/\/www.koupeltech.com\/index.php\/produkt\/znackovy-xtline-xt107150-bruska-stolni-dvoukotoucova-150mm-300w-lampa-40w-47307\/#breadcrumb\"},\"inLanguage\":\"cs\",\"potentialAction\":[{\"@type\":\"ReadAction\",\"target\":[\"https:\/\/www.koupeltech.com\/index.php\/produkt\/znackovy-xtline-xt107150-bruska-stolni-dvoukotoucova-150mm-300w-lampa-40w-47307\/\"]}]},{\"@type\":\"ImageObject\",\"inLanguage\":\"cs\",\"@id\":\"https:\/\/www.koupeltech.com\/index.php\/produkt\/znackovy-xtline-xt107150-bruska-stolni-dvoukotoucova-150mm-300w-lampa-40w-47307\/#primaryimage\",\"url\":\"https:\/\/www.koupeltech.com\/wp-content\/uploads\/2026\/SK0025737-CZ20260425-092328-0-1777080210-xtline-xtline-bruska-stolni-dvoukotoucova-150mm-300w-lampa-.webp\",\"contentUrl\":\"https:\/\/www.koupeltech.com\/wp-content\/uploads\/2026\/SK0025737-CZ20260425-092328-0-1777080210-xtline-xtline-bruska-stolni-dvoukotoucova-150mm-300w-lampa-.webp\",\"width\":800,\"height\":800},{\"@type\":\"BreadcrumbList\",\"@id\":\"https:\/\/www.koupeltech.com\/index.php\/produkt\/znackovy-xtline-xt107150-bruska-stolni-dvoukotoucova-150mm-300w-lampa-40w-47307\/#breadcrumb\",\"itemListElement\":[{\"@type\":\"ListItem\",\"position\":1,\"name\":\"Home\",\"item\":\"https:\/\/www.koupeltech.com\/\"},{\"@type\":\"ListItem\",\"position\":2,\"name\":\"Products\",\"item\":\"https:\/\/www.koupeltech.com\/index.php\/products\/\"},{\"@type\":\"ListItem\",\"position\":3,\"name\":\"Zna\u010dkov\u00fd Xtline XT107150 Bruska stoln\u00ed dvoukotou\u010dov\u00e1 150mm, 300W + lampa 40W\"}]},{\"@type\":\"WebSite\",\"@id\":\"https:\/\/www.koupeltech.com\/#website\",\"url\":\"https:\/\/www.koupeltech.com\/\",\"name\":\"\",\"description\":\"\",\"potentialAction\":[{\"@type\":\"SearchAction\",\"target\":{\"@type\":\"EntryPoint\",\"urlTemplate\":\"https:\/\/www.koupeltech.com\/?s={search_term_string}\"},\"query-input\":{\"@type\":\"PropertyValueSpecification\",\"valueRequired\":true,\"valueName\":\"search_term_string\"}}],\"inLanguage\":\"cs\"}]}<\/script>\n<!-- \/ Yoast SEO plugin. -->","yoast_head_json":{"title":"Zna\u010dkov\u00fd Xtline XT107150 Bruska stoln\u00ed dvoukotou\u010dov\u00e1 150mm, 300W + lampa 40W -","robots":{"index":"index","follow":"follow","max-snippet":"max-snippet:-1","max-image-preview":"max-image-preview:large","max-video-preview":"max-video-preview:-1"},"canonical":"https:\/\/www.koupeltech.com\/index.php\/produkt\/znackovy-xtline-xt107150-bruska-stolni-dvoukotoucova-150mm-300w-lampa-40w-47307\/","og_locale":"cs_CZ","og_type":"article","og_title":"Zna\u010dkov\u00fd Xtline XT107150 Bruska stoln\u00ed dvoukotou\u010dov\u00e1 150mm, 300W + lampa 40W -","og_description":"Bruska elektrick\u00e1 dvoukotou\u010dov\u00e1 se sv\u00edtidlem pro brou\u0161en\u00ed a ost\u0159en\u00ed. Siln\u00fd motor zaru\u010duje plynul\u00e9 brou\u0161en\u00ed a vysok\u00e9 ot\u00e1\u010dky kotou\u010de. Dva brusn\u00e9 kotou\u010de pro \u0161irok\u00e9 pou\u017eit\u00ed. Nastaviteln\u00e9 sv\u011btlo, jemn\u00fd a hrub\u00fd kotou\u010d, pry\u017eov\u00e9 podlo\u017eky tlum\u00edc\u00ed vibrace, vyp\u00edna\u010d chr\u00e1n\u011bn\u00fd p\u0159ed prachem. Nap\u011bt\u00ed 230V\/50Hz P\u0159\u00edkon 300 W Ot\u00e1\u010dky 2850 ot.\/min Rozm\u011br kotou\u010de 150x20x12,7 mm Akustick\u00fd tlak 83,5 dB Akustick\u00fd [&hellip;]","og_url":"https:\/\/www.koupeltech.com\/index.php\/produkt\/znackovy-xtline-xt107150-bruska-stolni-dvoukotoucova-150mm-300w-lampa-40w-47307\/","og_image":[{"width":800,"height":800,"url":"https:\/\/www.koupeltech.com\/wp-content\/uploads\/2026\/SK0025737-CZ20260425-092328-0-1777080210-xtline-xtline-bruska-stolni-dvoukotoucova-150mm-300w-lampa-.webp","type":"image\/webp"}],"twitter_card":"summary_large_image","schema":{"@context":"https:\/\/schema.org","@graph":[{"@type":"WebPage","@id":"https:\/\/www.koupeltech.com\/index.php\/produkt\/znackovy-xtline-xt107150-bruska-stolni-dvoukotoucova-150mm-300w-lampa-40w-47307\/","url":"https:\/\/www.koupeltech.com\/index.php\/produkt\/znackovy-xtline-xt107150-bruska-stolni-dvoukotoucova-150mm-300w-lampa-40w-47307\/","name":"Zna\u010dkov\u00fd Xtline XT107150 Bruska stoln\u00ed dvoukotou\u010dov\u00e1 150mm, 300W + lampa 40W -","isPartOf":{"@id":"https:\/\/www.koupeltech.com\/#website"},"primaryImageOfPage":{"@id":"https:\/\/www.koupeltech.com\/index.php\/produkt\/znackovy-xtline-xt107150-bruska-stolni-dvoukotoucova-150mm-300w-lampa-40w-47307\/#primaryimage"},"image":{"@id":"https:\/\/www.koupeltech.com\/index.php\/produkt\/znackovy-xtline-xt107150-bruska-stolni-dvoukotoucova-150mm-300w-lampa-40w-47307\/#primaryimage"},"thumbnailUrl":"https:\/\/www.koupeltech.com\/wp-content\/uploads\/2026\/SK0025737-CZ20260425-092328-0-1777080210-xtline-xtline-bruska-stolni-dvoukotoucova-150mm-300w-lampa-.webp","datePublished":"2026-04-27T14:02:56+00:00","breadcrumb":{"@id":"https:\/\/www.koupeltech.com\/index.php\/produkt\/znackovy-xtline-xt107150-bruska-stolni-dvoukotoucova-150mm-300w-lampa-40w-47307\/#breadcrumb"},"inLanguage":"cs","potentialAction":[{"@type":"ReadAction","target":["https:\/\/www.koupeltech.com\/index.php\/produkt\/znackovy-xtline-xt107150-bruska-stolni-dvoukotoucova-150mm-300w-lampa-40w-47307\/"]}]},{"@type":"ImageObject","inLanguage":"cs","@id":"https:\/\/www.koupeltech.com\/index.php\/produkt\/znackovy-xtline-xt107150-bruska-stolni-dvoukotoucova-150mm-300w-lampa-40w-47307\/#primaryimage","url":"https:\/\/www.koupeltech.com\/wp-content\/uploads\/2026\/SK0025737-CZ20260425-092328-0-1777080210-xtline-xtline-bruska-stolni-dvoukotoucova-150mm-300w-lampa-.webp","contentUrl":"https:\/\/www.koupeltech.com\/wp-content\/uploads\/2026\/SK0025737-CZ20260425-092328-0-1777080210-xtline-xtline-bruska-stolni-dvoukotoucova-150mm-300w-lampa-.webp","width":800,"height":800},{"@type":"BreadcrumbList","@id":"https:\/\/www.koupeltech.com\/index.php\/produkt\/znackovy-xtline-xt107150-bruska-stolni-dvoukotoucova-150mm-300w-lampa-40w-47307\/#breadcrumb","itemListElement":[{"@type":"ListItem","position":1,"name":"Home","item":"https:\/\/www.koupeltech.com\/"},{"@type":"ListItem","position":2,"name":"Products","item":"https:\/\/www.koupeltech.com\/index.php\/products\/"},{"@type":"ListItem","position":3,"name":"Zna\u010dkov\u00fd Xtline XT107150 Bruska stoln\u00ed dvoukotou\u010dov\u00e1 150mm, 300W + lampa 40W"}]},{"@type":"WebSite","@id":"https:\/\/www.koupeltech.com\/#website","url":"https:\/\/www.koupeltech.com\/","name":"","description":"","potentialAction":[{"@type":"SearchAction","target":{"@type":"EntryPoint","urlTemplate":"https:\/\/www.koupeltech.com\/?s={search_term_string}"},"query-input":{"@type":"PropertyValueSpecification","valueRequired":true,"valueName":"search_term_string"}}],"inLanguage":"cs"}]}},"_links":{"self":[{"href":"https:\/\/www.koupeltech.com\/index.php\/wp-json\/wp\/v2\/product\/47307","targetHints":{"allow":["GET"]}}],"collection":[{"href":"https:\/\/www.koupeltech.com\/index.php\/wp-json\/wp\/v2\/product"}],"about":[{"href":"https:\/\/www.koupeltech.com\/index.php\/wp-json\/wp\/v2\/types\/product"}],"replies":[{"embeddable":true,"href":"https:\/\/www.koupeltech.com\/index.php\/wp-json\/wp\/v2\/comments?post=47307"}],"wp:featuredmedia":[{"embeddable":true,"href":"https:\/\/www.koupeltech.com\/index.php\/wp-json\/wp\/v2\/media\/47407"}],"wp:attachment":[{"href":"https:\/\/www.koupeltech.com\/index.php\/wp-json\/wp\/v2\/media?parent=47307"}],"wp:term":[{"taxonomy":"product_brand","embeddable":true,"href":"https:\/\/www.koupeltech.com\/index.php\/wp-json\/wp\/v2\/product_brand?post=47307"},{"taxonomy":"product_cat","embeddable":true,"href":"https:\/\/www.koupeltech.com\/index.php\/wp-json\/wp\/v2\/product_cat?post=47307"},{"taxonomy":"product_tag","embeddable":true,"href":"https:\/\/www.koupeltech.com\/index.php\/wp-json\/wp\/v2\/product_tag?post=47307"}],"curies":[{"name":"wp","href":"https:\/\/api.w.org\/{rel}","templated":true}]}}