{"id":47382,"date":"2026-04-27T14:02:56","date_gmt":"2026-04-27T14:02:56","guid":{"rendered":""},"modified":"2026-04-27T14:02:56","modified_gmt":"2026-04-27T14:02:56","slug":"overeny-intex-auto-pool-cleaner-deluxe-zx300-robot-na-cisteni-bazenu-47382","status":"publish","type":"product","link":"https:\/\/www.koupeltech.com\/index.php\/produkt\/overeny-intex-auto-pool-cleaner-deluxe-zx300-robot-na-cisteni-bazenu-47382\/","title":{"rendered":"Ov\u011b\u0159en\u00fd Intex Auto Pool Cleaner Deluxe ZX300 robot na \u010di\u0161t\u011bn\u00ed baz\u00e9n\u016f"},"content":{"rendered":"<table>\n<div class=\"tab-pane active product-description\" id=\"popis\" role=\"tabpanel\">\n<div class=\"short-description\" itemprop=\"description\"><\/div>\n<div class=\"description\"><span class='bullet-line'>Automatick\u00fd robotick\u00fd vysava\u010d rychle a bez n\u00e1mahy vy\u010dist\u00ed v\u00e1\u0161 baz\u00e9n, zat\u00edmco vy odpo\u010d\u00edv\u00e1te na zahrad\u011b. <br \/><\/span><span class='bullet-line'>Robotick\u00fd vysava\u010d Intex 28005 v\u00e1m umo\u017en\u00ed efektivn\u011b vy\u010distit dno i st\u011bny va\u0161eho baz\u00e9nu.<br \/><\/span><span class='bullet-line'>Tento robotick\u00fd vysava\u010d nevy\u017eaduje zapojen\u00ed do elekt\u0159iny. <br \/><\/span><span class='bullet-line'>Pohybuje se pomoc\u00ed s\u00edly filtra\u010dn\u00edho \u010derpadla, kter\u00e9 vrac\u00ed vy\u010di\u0161t\u011bnou vodu do baz\u00e9nu. <br \/><\/span><span class='bullet-line'>D\u00edky rychl\u00e9mu pohybu rotuj\u00edc\u00edch kart\u00e1\u010d\u016f vysava\u010d sb\u00edr\u00e1 ne\u010distoty, listy a hmyz, kter\u00e9 se usazuj\u00ed na dn\u011b baz\u00e9nu. <br \/><\/span><span class='bullet-line'>Robotick\u00fd vysava\u010d s vynikaj\u00edc\u00edm v\u00fdkonem, ide\u00e1ln\u00ed pro velk\u00e9 baz\u00e9ny. Odstran\u00ed ne\u010distoty i na st\u011bn\u00e1ch baz\u00e9nu.<br \/><\/span><span class='bullet-line'>Jedn\u00e1 se o univerz\u00e1ln\u00ed p\u0159\u00edslu\u0161enstv\u00ed, kter\u00e9 je vhodn\u00e9 pro v\u0161echny modely nadzemn\u00edch a pozemn\u00edch baz\u00e9n\u016f do pr\u016fm\u011bru 6 metr\u016f.<br \/><\/span><span class='bullet-line'>Technick\u00fd popis:<br \/><\/span>\u2013 V\u00fdrobce: Intex<br \/>\u2013 Robotick\u00fd<br \/>\u2013 Dva rotuj\u00edc\u00ed kart\u00e1\u010de<br \/>\u2013 D\u00e9lka hadice: 6,5 m<br \/>\u2013 Velikost n\u00e1doby na ne\u010distoty: 1,8l<br \/>\u2013 Filtr pro zachycen\u00ed nejjemn\u011bj\u0161\u00edch ne\u010distot<br \/>\u2013 Kompatibiln\u00ed k filtrac\u00edm s pr\u016ftokem od 6,056l\/h do 13,248l\/h<\/div>\n<\/table>\n","protected":false},"excerpt":{"rendered":"<p>Automatick\u00fd robotick\u00fd vysava\u010d rychle a bez n\u00e1mahy vy\u010dist\u00ed v\u00e1\u0161 baz\u00e9n, zat\u00edmco vy odpo\u010d\u00edv\u00e1te na zahrad\u011b. Robotick\u00fd vysava\u010d Intex 28005 v\u00e1m umo\u017en\u00ed efektivn\u011b vy\u010distit dno i st\u011bny va\u0161eho baz\u00e9nu.Tento robotick\u00fd vysava\u010d nevy\u017eaduje zapojen\u00ed do elekt\u0159iny. Pohybuje se pomoc\u00ed s\u00edly filtra\u010dn\u00edho \u010derpadla, kter\u00e9 vrac\u00ed vy\u010di\u0161t\u011bnou vodu do baz\u00e9nu. D\u00edky rychl\u00e9mu pohybu rotuj\u00edc\u00edch kart\u00e1\u010d\u016f vysava\u010d sb\u00edr\u00e1 ne\u010distoty, listy [&hellip;]<\/p>\n","protected":false},"featured_media":47482,"comment_status":"open","ping_status":"open","template":"","meta":[],"product_brand":[],"product_cat":[51,52,53],"product_tag":[],"class_list":{"0":"post-47382","1":"product","2":"type-product","3":"status-publish","4":"has-post-thumbnail","6":"product_cat-bazen","7":"product_cat-sport","8":"product_cat-volny-cas","10":"first","11":"instock","12":"sale","13":"shipping-taxable","14":"purchasable","15":"product-type-simple"},"yoast_head":"<!-- This site is optimized with the Yoast SEO plugin v26.8 - https:\/\/yoast.com\/product\/yoast-seo-wordpress\/ -->\n<title>Ov\u011b\u0159en\u00fd Intex Auto Pool Cleaner Deluxe ZX300 robot na \u010di\u0161t\u011bn\u00ed baz\u00e9n\u016f -<\/title>\n<meta name=\"robots\" content=\"index, follow, max-snippet:-1, max-image-preview:large, max-video-preview:-1\" \/>\n<link rel=\"canonical\" href=\"https:\/\/www.koupeltech.com\/index.php\/produkt\/overeny-intex-auto-pool-cleaner-deluxe-zx300-robot-na-cisteni-bazenu-47382\/\" \/>\n<meta property=\"og:locale\" content=\"cs_CZ\" \/>\n<meta property=\"og:type\" content=\"article\" \/>\n<meta property=\"og:title\" content=\"Ov\u011b\u0159en\u00fd Intex Auto Pool Cleaner Deluxe ZX300 robot na \u010di\u0161t\u011bn\u00ed baz\u00e9n\u016f -\" \/>\n<meta property=\"og:description\" content=\"Automatick\u00fd robotick\u00fd vysava\u010d rychle a bez n\u00e1mahy vy\u010dist\u00ed v\u00e1\u0161 baz\u00e9n, zat\u00edmco vy odpo\u010d\u00edv\u00e1te na zahrad\u011b. Robotick\u00fd vysava\u010d Intex 28005 v\u00e1m umo\u017en\u00ed efektivn\u011b vy\u010distit dno i st\u011bny va\u0161eho baz\u00e9nu.Tento robotick\u00fd vysava\u010d nevy\u017eaduje zapojen\u00ed do elekt\u0159iny. Pohybuje se pomoc\u00ed s\u00edly filtra\u010dn\u00edho \u010derpadla, kter\u00e9 vrac\u00ed vy\u010di\u0161t\u011bnou vodu do baz\u00e9nu. D\u00edky rychl\u00e9mu pohybu rotuj\u00edc\u00edch kart\u00e1\u010d\u016f vysava\u010d sb\u00edr\u00e1 ne\u010distoty, listy [&hellip;]\" \/>\n<meta property=\"og:url\" content=\"https:\/\/www.koupeltech.com\/index.php\/produkt\/overeny-intex-auto-pool-cleaner-deluxe-zx300-robot-na-cisteni-bazenu-47382\/\" \/>\n<meta property=\"og:image\" content=\"https:\/\/www.koupeltech.com\/wp-content\/uploads\/2026\/SK0025812-CZ20260425-092328-0-1777080210-001_1271627.webp\" \/>\n\t<meta property=\"og:image:width\" content=\"800\" \/>\n\t<meta property=\"og:image:height\" content=\"800\" \/>\n\t<meta property=\"og:image:type\" content=\"image\/webp\" \/>\n<meta name=\"twitter:card\" content=\"summary_large_image\" \/>\n<meta name=\"twitter:label1\" content=\"Odhadovan\u00e1 doba \u010dten\u00ed\" \/>\n\t<meta name=\"twitter:data1\" content=\"1 minuta\" \/>\n<script type=\"application\/ld+json\" class=\"yoast-schema-graph\">{\"@context\":\"https:\/\/schema.org\",\"@graph\":[{\"@type\":\"WebPage\",\"@id\":\"https:\/\/www.koupeltech.com\/index.php\/produkt\/overeny-intex-auto-pool-cleaner-deluxe-zx300-robot-na-cisteni-bazenu-47382\/\",\"url\":\"https:\/\/www.koupeltech.com\/index.php\/produkt\/overeny-intex-auto-pool-cleaner-deluxe-zx300-robot-na-cisteni-bazenu-47382\/\",\"name\":\"Ov\u011b\u0159en\u00fd Intex Auto Pool Cleaner Deluxe ZX300 robot na \u010di\u0161t\u011bn\u00ed baz\u00e9n\u016f -\",\"isPartOf\":{\"@id\":\"https:\/\/www.koupeltech.com\/#website\"},\"primaryImageOfPage\":{\"@id\":\"https:\/\/www.koupeltech.com\/index.php\/produkt\/overeny-intex-auto-pool-cleaner-deluxe-zx300-robot-na-cisteni-bazenu-47382\/#primaryimage\"},\"image\":{\"@id\":\"https:\/\/www.koupeltech.com\/index.php\/produkt\/overeny-intex-auto-pool-cleaner-deluxe-zx300-robot-na-cisteni-bazenu-47382\/#primaryimage\"},\"thumbnailUrl\":\"https:\/\/www.koupeltech.com\/wp-content\/uploads\/2026\/SK0025812-CZ20260425-092328-0-1777080210-001_1271627.webp\",\"datePublished\":\"2026-04-27T14:02:56+00:00\",\"breadcrumb\":{\"@id\":\"https:\/\/www.koupeltech.com\/index.php\/produkt\/overeny-intex-auto-pool-cleaner-deluxe-zx300-robot-na-cisteni-bazenu-47382\/#breadcrumb\"},\"inLanguage\":\"cs\",\"potentialAction\":[{\"@type\":\"ReadAction\",\"target\":[\"https:\/\/www.koupeltech.com\/index.php\/produkt\/overeny-intex-auto-pool-cleaner-deluxe-zx300-robot-na-cisteni-bazenu-47382\/\"]}]},{\"@type\":\"ImageObject\",\"inLanguage\":\"cs\",\"@id\":\"https:\/\/www.koupeltech.com\/index.php\/produkt\/overeny-intex-auto-pool-cleaner-deluxe-zx300-robot-na-cisteni-bazenu-47382\/#primaryimage\",\"url\":\"https:\/\/www.koupeltech.com\/wp-content\/uploads\/2026\/SK0025812-CZ20260425-092328-0-1777080210-001_1271627.webp\",\"contentUrl\":\"https:\/\/www.koupeltech.com\/wp-content\/uploads\/2026\/SK0025812-CZ20260425-092328-0-1777080210-001_1271627.webp\",\"width\":800,\"height\":800},{\"@type\":\"BreadcrumbList\",\"@id\":\"https:\/\/www.koupeltech.com\/index.php\/produkt\/overeny-intex-auto-pool-cleaner-deluxe-zx300-robot-na-cisteni-bazenu-47382\/#breadcrumb\",\"itemListElement\":[{\"@type\":\"ListItem\",\"position\":1,\"name\":\"Home\",\"item\":\"https:\/\/www.koupeltech.com\/\"},{\"@type\":\"ListItem\",\"position\":2,\"name\":\"Products\",\"item\":\"https:\/\/www.koupeltech.com\/index.php\/products\/\"},{\"@type\":\"ListItem\",\"position\":3,\"name\":\"Ov\u011b\u0159en\u00fd Intex Auto Pool Cleaner Deluxe ZX300 robot na \u010di\u0161t\u011bn\u00ed baz\u00e9n\u016f\"}]},{\"@type\":\"WebSite\",\"@id\":\"https:\/\/www.koupeltech.com\/#website\",\"url\":\"https:\/\/www.koupeltech.com\/\",\"name\":\"\",\"description\":\"\",\"potentialAction\":[{\"@type\":\"SearchAction\",\"target\":{\"@type\":\"EntryPoint\",\"urlTemplate\":\"https:\/\/www.koupeltech.com\/?s={search_term_string}\"},\"query-input\":{\"@type\":\"PropertyValueSpecification\",\"valueRequired\":true,\"valueName\":\"search_term_string\"}}],\"inLanguage\":\"cs\"}]}<\/script>\n<!-- \/ Yoast SEO plugin. -->","yoast_head_json":{"title":"Ov\u011b\u0159en\u00fd Intex Auto Pool Cleaner Deluxe ZX300 robot na \u010di\u0161t\u011bn\u00ed baz\u00e9n\u016f -","robots":{"index":"index","follow":"follow","max-snippet":"max-snippet:-1","max-image-preview":"max-image-preview:large","max-video-preview":"max-video-preview:-1"},"canonical":"https:\/\/www.koupeltech.com\/index.php\/produkt\/overeny-intex-auto-pool-cleaner-deluxe-zx300-robot-na-cisteni-bazenu-47382\/","og_locale":"cs_CZ","og_type":"article","og_title":"Ov\u011b\u0159en\u00fd Intex Auto Pool Cleaner Deluxe ZX300 robot na \u010di\u0161t\u011bn\u00ed baz\u00e9n\u016f -","og_description":"Automatick\u00fd robotick\u00fd vysava\u010d rychle a bez n\u00e1mahy vy\u010dist\u00ed v\u00e1\u0161 baz\u00e9n, zat\u00edmco vy odpo\u010d\u00edv\u00e1te na zahrad\u011b. Robotick\u00fd vysava\u010d Intex 28005 v\u00e1m umo\u017en\u00ed efektivn\u011b vy\u010distit dno i st\u011bny va\u0161eho baz\u00e9nu.Tento robotick\u00fd vysava\u010d nevy\u017eaduje zapojen\u00ed do elekt\u0159iny. Pohybuje se pomoc\u00ed s\u00edly filtra\u010dn\u00edho \u010derpadla, kter\u00e9 vrac\u00ed vy\u010di\u0161t\u011bnou vodu do baz\u00e9nu. D\u00edky rychl\u00e9mu pohybu rotuj\u00edc\u00edch kart\u00e1\u010d\u016f vysava\u010d sb\u00edr\u00e1 ne\u010distoty, listy [&hellip;]","og_url":"https:\/\/www.koupeltech.com\/index.php\/produkt\/overeny-intex-auto-pool-cleaner-deluxe-zx300-robot-na-cisteni-bazenu-47382\/","og_image":[{"width":800,"height":800,"url":"https:\/\/www.koupeltech.com\/wp-content\/uploads\/2026\/SK0025812-CZ20260425-092328-0-1777080210-001_1271627.webp","type":"image\/webp"}],"twitter_card":"summary_large_image","twitter_misc":{"Odhadovan\u00e1 doba \u010dten\u00ed":"1 minuta"},"schema":{"@context":"https:\/\/schema.org","@graph":[{"@type":"WebPage","@id":"https:\/\/www.koupeltech.com\/index.php\/produkt\/overeny-intex-auto-pool-cleaner-deluxe-zx300-robot-na-cisteni-bazenu-47382\/","url":"https:\/\/www.koupeltech.com\/index.php\/produkt\/overeny-intex-auto-pool-cleaner-deluxe-zx300-robot-na-cisteni-bazenu-47382\/","name":"Ov\u011b\u0159en\u00fd Intex Auto Pool Cleaner Deluxe ZX300 robot na \u010di\u0161t\u011bn\u00ed baz\u00e9n\u016f -","isPartOf":{"@id":"https:\/\/www.koupeltech.com\/#website"},"primaryImageOfPage":{"@id":"https:\/\/www.koupeltech.com\/index.php\/produkt\/overeny-intex-auto-pool-cleaner-deluxe-zx300-robot-na-cisteni-bazenu-47382\/#primaryimage"},"image":{"@id":"https:\/\/www.koupeltech.com\/index.php\/produkt\/overeny-intex-auto-pool-cleaner-deluxe-zx300-robot-na-cisteni-bazenu-47382\/#primaryimage"},"thumbnailUrl":"https:\/\/www.koupeltech.com\/wp-content\/uploads\/2026\/SK0025812-CZ20260425-092328-0-1777080210-001_1271627.webp","datePublished":"2026-04-27T14:02:56+00:00","breadcrumb":{"@id":"https:\/\/www.koupeltech.com\/index.php\/produkt\/overeny-intex-auto-pool-cleaner-deluxe-zx300-robot-na-cisteni-bazenu-47382\/#breadcrumb"},"inLanguage":"cs","potentialAction":[{"@type":"ReadAction","target":["https:\/\/www.koupeltech.com\/index.php\/produkt\/overeny-intex-auto-pool-cleaner-deluxe-zx300-robot-na-cisteni-bazenu-47382\/"]}]},{"@type":"ImageObject","inLanguage":"cs","@id":"https:\/\/www.koupeltech.com\/index.php\/produkt\/overeny-intex-auto-pool-cleaner-deluxe-zx300-robot-na-cisteni-bazenu-47382\/#primaryimage","url":"https:\/\/www.koupeltech.com\/wp-content\/uploads\/2026\/SK0025812-CZ20260425-092328-0-1777080210-001_1271627.webp","contentUrl":"https:\/\/www.koupeltech.com\/wp-content\/uploads\/2026\/SK0025812-CZ20260425-092328-0-1777080210-001_1271627.webp","width":800,"height":800},{"@type":"BreadcrumbList","@id":"https:\/\/www.koupeltech.com\/index.php\/produkt\/overeny-intex-auto-pool-cleaner-deluxe-zx300-robot-na-cisteni-bazenu-47382\/#breadcrumb","itemListElement":[{"@type":"ListItem","position":1,"name":"Home","item":"https:\/\/www.koupeltech.com\/"},{"@type":"ListItem","position":2,"name":"Products","item":"https:\/\/www.koupeltech.com\/index.php\/products\/"},{"@type":"ListItem","position":3,"name":"Ov\u011b\u0159en\u00fd Intex Auto Pool Cleaner Deluxe ZX300 robot na \u010di\u0161t\u011bn\u00ed baz\u00e9n\u016f"}]},{"@type":"WebSite","@id":"https:\/\/www.koupeltech.com\/#website","url":"https:\/\/www.koupeltech.com\/","name":"","description":"","potentialAction":[{"@type":"SearchAction","target":{"@type":"EntryPoint","urlTemplate":"https:\/\/www.koupeltech.com\/?s={search_term_string}"},"query-input":{"@type":"PropertyValueSpecification","valueRequired":true,"valueName":"search_term_string"}}],"inLanguage":"cs"}]}},"_links":{"self":[{"href":"https:\/\/www.koupeltech.com\/index.php\/wp-json\/wp\/v2\/product\/47382","targetHints":{"allow":["GET"]}}],"collection":[{"href":"https:\/\/www.koupeltech.com\/index.php\/wp-json\/wp\/v2\/product"}],"about":[{"href":"https:\/\/www.koupeltech.com\/index.php\/wp-json\/wp\/v2\/types\/product"}],"replies":[{"embeddable":true,"href":"https:\/\/www.koupeltech.com\/index.php\/wp-json\/wp\/v2\/comments?post=47382"}],"wp:featuredmedia":[{"embeddable":true,"href":"https:\/\/www.koupeltech.com\/index.php\/wp-json\/wp\/v2\/media\/47482"}],"wp:attachment":[{"href":"https:\/\/www.koupeltech.com\/index.php\/wp-json\/wp\/v2\/media?parent=47382"}],"wp:term":[{"taxonomy":"product_brand","embeddable":true,"href":"https:\/\/www.koupeltech.com\/index.php\/wp-json\/wp\/v2\/product_brand?post=47382"},{"taxonomy":"product_cat","embeddable":true,"href":"https:\/\/www.koupeltech.com\/index.php\/wp-json\/wp\/v2\/product_cat?post=47382"},{"taxonomy":"product_tag","embeddable":true,"href":"https:\/\/www.koupeltech.com\/index.php\/wp-json\/wp\/v2\/product_tag?post=47382"}],"curies":[{"name":"wp","href":"https:\/\/api.w.org\/{rel}","templated":true}]}}