{"id":47503,"date":"2026-04-27T14:02:57","date_gmt":"2026-04-27T14:02:57","guid":{"rendered":""},"modified":"2026-04-27T14:02:57","modified_gmt":"2026-04-27T14:02:57","slug":"akce-utahovak-razovy-1-2-kompozit-pneu-340nm-extol-premium-8865011-47503","status":"publish","type":"product","link":"https:\/\/www.koupeltech.com\/index.php\/produkt\/akce-utahovak-razovy-1-2-kompozit-pneu-340nm-extol-premium-8865011-47503\/","title":{"rendered":"Akce Utahov\u00e1k r\u00e1zov\u00fd, 1\/2&#8243;, kompozit, pneu, 340Nm, EXTOL PREMIUM, 8865011"},"content":{"rendered":"<table>\n<div class=\"tab-pane active product-description\" id=\"popis\" role=\"tabpanel\">\n<div class=\"short-description\" itemprop=\"description\"><\/div>\n<div class=\"description\"><span class='bullet-line'>Pneumatick\u00fd utahov\u00e1k je ur\u010den k rychl\u00e9mu a spolehliv\u00e9mu utahov\u00e1n\u00ed a povolov\u00e1n\u00ed \u0161roub\u016f \u010di matic nap\u0159. u automobil\u016f, p\u0159i\u010dem\u017e p\u016fsob\u00ed velikou kroutic\u00ed silou, kter\u00e1 je umo\u017en\u011bna p\u0159\u00edklepov\u00fdm syst\u00e9mem \u201eROCKING DOG\u201c. <\/span><span class='bullet-line'>Syst\u00e9m p\u0159\u00edklepov\u00e9ho mechanismu \u201eROCKING DOG\u201c se pou\u017e\u00edv\u00e1 pro utahov\u00e1ky s ni\u017e\u0161\u00edm kroutic\u00edm momentem, kter\u00e9 jsou ur\u010deny zejm\u00e9na pro kutily.<\/span><span class='bullet-line'>d\u00edky kompozitov\u00e9 \u010d\u00e1sti t\u011bla m\u00e1 utahov\u00e1k ni\u017e\u0161\u00ed hmotnost pro pohodln\u011bj\u0161\u00ed dr\u017een\u00ed a m\u00e9n\u011b \u00fanavnou pr\u00e1ci<\/span><span class='bullet-line'>pogumovan\u00e1 rukoje\u0165 pro p\u0159\u00edjemn\u011bj\u0161\u00ed dr\u017een\u00ed a tlumen\u00ed vibrac\u00ed<\/span><span class='bullet-line'>p\u0159ep\u00edna\u010d sm\u011bru a rychlosti ot\u00e1\u010den\u00ed<\/span><\/div>\n<div class=\"parameters\">\n<tr>\n<td>una\u0161e\u010d<\/td>\n<td>1\/2&#8243;<\/td>\n<\/tr>\n<tr>\n<td>max. krout\u00edc\u00ed moment<\/td>\n<td>340Nm<\/td>\n<\/tr>\n<tr>\n<td>d\u00e9lka<\/td>\n<td>180mm<\/td>\n<\/tr>\n<tr>\n<td>ot\u00e1\u010dky bez zat\u00ed\u017een\u00ed<\/td>\n<td>7400\/min<\/td>\n<\/tr>\n<tr>\n<td>spot\u0159eba vzduchu<\/td>\n<td>113l\/min<\/td>\n<\/tr>\n<tr>\n<td>max. pracovn\u00ed tlak<\/td>\n<td>6,3bar (0,63MPa)<\/td>\n<\/tr>\n<tr>\n<td>pr\u016fm\u011br vsuvky<\/td>\n<td>1\/4&#8243;<\/td>\n<\/tr>\n<tr>\n<td>hmotnost<\/td>\n<td>1,9kg<\/td>\n<\/tr><\/div>\n<\/table>\n","protected":false},"excerpt":{"rendered":"<p>Pneumatick\u00fd utahov\u00e1k je ur\u010den k rychl\u00e9mu a spolehliv\u00e9mu utahov\u00e1n\u00ed a povolov\u00e1n\u00ed \u0161roub\u016f \u010di matic nap\u0159. u automobil\u016f, p\u0159i\u010dem\u017e p\u016fsob\u00ed velikou kroutic\u00ed silou, kter\u00e1 je umo\u017en\u011bna p\u0159\u00edklepov\u00fdm syst\u00e9mem \u201eROCKING DOG\u201c. Syst\u00e9m p\u0159\u00edklepov\u00e9ho mechanismu \u201eROCKING DOG\u201c se pou\u017e\u00edv\u00e1 pro utahov\u00e1ky s ni\u017e\u0161\u00edm kroutic\u00edm momentem, kter\u00e9 jsou ur\u010deny zejm\u00e9na pro kutily.d\u00edky kompozitov\u00e9 \u010d\u00e1sti t\u011bla m\u00e1 utahov\u00e1k ni\u017e\u0161\u00ed hmotnost [&hellip;]<\/p>\n","protected":false},"featured_media":47603,"comment_status":"open","ping_status":"open","template":"","meta":[],"product_brand":[],"product_cat":[43],"product_tag":[],"class_list":{"0":"post-47503","1":"product","2":"type-product","3":"status-publish","4":"has-post-thumbnail","6":"product_cat-naradi","8":"first","9":"instock","10":"sale","11":"shipping-taxable","12":"purchasable","13":"product-type-simple"},"yoast_head":"<!-- This site is optimized with the Yoast SEO plugin v26.8 - https:\/\/yoast.com\/product\/yoast-seo-wordpress\/ -->\n<title>Akce Utahov\u00e1k r\u00e1zov\u00fd, 1\/2&quot;, kompozit, pneu, 340Nm, EXTOL PREMIUM, 8865011 -<\/title>\n<meta name=\"robots\" content=\"index, follow, max-snippet:-1, max-image-preview:large, max-video-preview:-1\" \/>\n<link rel=\"canonical\" href=\"https:\/\/www.koupeltech.com\/index.php\/produkt\/akce-utahovak-razovy-1-2-kompozit-pneu-340nm-extol-premium-8865011-47503\/\" \/>\n<meta property=\"og:locale\" content=\"cs_CZ\" \/>\n<meta property=\"og:type\" content=\"article\" \/>\n<meta property=\"og:title\" content=\"Akce Utahov\u00e1k r\u00e1zov\u00fd, 1\/2&quot;, kompozit, pneu, 340Nm, EXTOL PREMIUM, 8865011 -\" \/>\n<meta property=\"og:description\" content=\"Pneumatick\u00fd utahov\u00e1k je ur\u010den k rychl\u00e9mu a spolehliv\u00e9mu utahov\u00e1n\u00ed a povolov\u00e1n\u00ed \u0161roub\u016f \u010di matic nap\u0159. u automobil\u016f, p\u0159i\u010dem\u017e p\u016fsob\u00ed velikou kroutic\u00ed silou, kter\u00e1 je umo\u017en\u011bna p\u0159\u00edklepov\u00fdm syst\u00e9mem \u201eROCKING DOG\u201c. Syst\u00e9m p\u0159\u00edklepov\u00e9ho mechanismu \u201eROCKING DOG\u201c se pou\u017e\u00edv\u00e1 pro utahov\u00e1ky s ni\u017e\u0161\u00edm kroutic\u00edm momentem, kter\u00e9 jsou ur\u010deny zejm\u00e9na pro kutily.d\u00edky kompozitov\u00e9 \u010d\u00e1sti t\u011bla m\u00e1 utahov\u00e1k ni\u017e\u0161\u00ed hmotnost [&hellip;]\" \/>\n<meta property=\"og:url\" content=\"https:\/\/www.koupeltech.com\/index.php\/produkt\/akce-utahovak-razovy-1-2-kompozit-pneu-340nm-extol-premium-8865011-47503\/\" \/>\n<meta property=\"og:image\" content=\"https:\/\/www.koupeltech.com\/wp-content\/uploads\/2026\/SK0025833-CZ20260425-092328-0-1777080210-1247750-1_142811.webp\" \/>\n\t<meta property=\"og:image:width\" content=\"1000\" \/>\n\t<meta property=\"og:image:height\" content=\"750\" \/>\n\t<meta property=\"og:image:type\" content=\"image\/webp\" \/>\n<meta name=\"twitter:card\" content=\"summary_large_image\" \/>\n<meta name=\"twitter:label1\" content=\"Odhadovan\u00e1 doba \u010dten\u00ed\" \/>\n\t<meta name=\"twitter:data1\" content=\"1 minuta\" \/>\n<script type=\"application\/ld+json\" class=\"yoast-schema-graph\">{\"@context\":\"https:\/\/schema.org\",\"@graph\":[{\"@type\":\"WebPage\",\"@id\":\"https:\/\/www.koupeltech.com\/index.php\/produkt\/akce-utahovak-razovy-1-2-kompozit-pneu-340nm-extol-premium-8865011-47503\/\",\"url\":\"https:\/\/www.koupeltech.com\/index.php\/produkt\/akce-utahovak-razovy-1-2-kompozit-pneu-340nm-extol-premium-8865011-47503\/\",\"name\":\"Akce Utahov\u00e1k r\u00e1zov\u00fd, 1\/2\\\", kompozit, pneu, 340Nm, EXTOL PREMIUM, 8865011 -\",\"isPartOf\":{\"@id\":\"https:\/\/www.koupeltech.com\/#website\"},\"primaryImageOfPage\":{\"@id\":\"https:\/\/www.koupeltech.com\/index.php\/produkt\/akce-utahovak-razovy-1-2-kompozit-pneu-340nm-extol-premium-8865011-47503\/#primaryimage\"},\"image\":{\"@id\":\"https:\/\/www.koupeltech.com\/index.php\/produkt\/akce-utahovak-razovy-1-2-kompozit-pneu-340nm-extol-premium-8865011-47503\/#primaryimage\"},\"thumbnailUrl\":\"https:\/\/www.koupeltech.com\/wp-content\/uploads\/2026\/SK0025833-CZ20260425-092328-0-1777080210-1247750-1_142811.webp\",\"datePublished\":\"2026-04-27T14:02:57+00:00\",\"breadcrumb\":{\"@id\":\"https:\/\/www.koupeltech.com\/index.php\/produkt\/akce-utahovak-razovy-1-2-kompozit-pneu-340nm-extol-premium-8865011-47503\/#breadcrumb\"},\"inLanguage\":\"cs\",\"potentialAction\":[{\"@type\":\"ReadAction\",\"target\":[\"https:\/\/www.koupeltech.com\/index.php\/produkt\/akce-utahovak-razovy-1-2-kompozit-pneu-340nm-extol-premium-8865011-47503\/\"]}]},{\"@type\":\"ImageObject\",\"inLanguage\":\"cs\",\"@id\":\"https:\/\/www.koupeltech.com\/index.php\/produkt\/akce-utahovak-razovy-1-2-kompozit-pneu-340nm-extol-premium-8865011-47503\/#primaryimage\",\"url\":\"https:\/\/www.koupeltech.com\/wp-content\/uploads\/2026\/SK0025833-CZ20260425-092328-0-1777080210-1247750-1_142811.webp\",\"contentUrl\":\"https:\/\/www.koupeltech.com\/wp-content\/uploads\/2026\/SK0025833-CZ20260425-092328-0-1777080210-1247750-1_142811.webp\",\"width\":1000,\"height\":750},{\"@type\":\"BreadcrumbList\",\"@id\":\"https:\/\/www.koupeltech.com\/index.php\/produkt\/akce-utahovak-razovy-1-2-kompozit-pneu-340nm-extol-premium-8865011-47503\/#breadcrumb\",\"itemListElement\":[{\"@type\":\"ListItem\",\"position\":1,\"name\":\"Home\",\"item\":\"https:\/\/www.koupeltech.com\/\"},{\"@type\":\"ListItem\",\"position\":2,\"name\":\"Products\",\"item\":\"https:\/\/www.koupeltech.com\/index.php\/products\/\"},{\"@type\":\"ListItem\",\"position\":3,\"name\":\"Akce Utahov\u00e1k r\u00e1zov\u00fd, 1\/2&#8243;, kompozit, pneu, 340Nm, EXTOL PREMIUM, 8865011\"}]},{\"@type\":\"WebSite\",\"@id\":\"https:\/\/www.koupeltech.com\/#website\",\"url\":\"https:\/\/www.koupeltech.com\/\",\"name\":\"\",\"description\":\"\",\"potentialAction\":[{\"@type\":\"SearchAction\",\"target\":{\"@type\":\"EntryPoint\",\"urlTemplate\":\"https:\/\/www.koupeltech.com\/?s={search_term_string}\"},\"query-input\":{\"@type\":\"PropertyValueSpecification\",\"valueRequired\":true,\"valueName\":\"search_term_string\"}}],\"inLanguage\":\"cs\"}]}<\/script>\n<!-- \/ Yoast SEO plugin. -->","yoast_head_json":{"title":"Akce Utahov\u00e1k r\u00e1zov\u00fd, 1\/2\", kompozit, pneu, 340Nm, EXTOL PREMIUM, 8865011 -","robots":{"index":"index","follow":"follow","max-snippet":"max-snippet:-1","max-image-preview":"max-image-preview:large","max-video-preview":"max-video-preview:-1"},"canonical":"https:\/\/www.koupeltech.com\/index.php\/produkt\/akce-utahovak-razovy-1-2-kompozit-pneu-340nm-extol-premium-8865011-47503\/","og_locale":"cs_CZ","og_type":"article","og_title":"Akce Utahov\u00e1k r\u00e1zov\u00fd, 1\/2\", kompozit, pneu, 340Nm, EXTOL PREMIUM, 8865011 -","og_description":"Pneumatick\u00fd utahov\u00e1k je ur\u010den k rychl\u00e9mu a spolehliv\u00e9mu utahov\u00e1n\u00ed a povolov\u00e1n\u00ed \u0161roub\u016f \u010di matic nap\u0159. u automobil\u016f, p\u0159i\u010dem\u017e p\u016fsob\u00ed velikou kroutic\u00ed silou, kter\u00e1 je umo\u017en\u011bna p\u0159\u00edklepov\u00fdm syst\u00e9mem \u201eROCKING DOG\u201c. Syst\u00e9m p\u0159\u00edklepov\u00e9ho mechanismu \u201eROCKING DOG\u201c se pou\u017e\u00edv\u00e1 pro utahov\u00e1ky s ni\u017e\u0161\u00edm kroutic\u00edm momentem, kter\u00e9 jsou ur\u010deny zejm\u00e9na pro kutily.d\u00edky kompozitov\u00e9 \u010d\u00e1sti t\u011bla m\u00e1 utahov\u00e1k ni\u017e\u0161\u00ed hmotnost [&hellip;]","og_url":"https:\/\/www.koupeltech.com\/index.php\/produkt\/akce-utahovak-razovy-1-2-kompozit-pneu-340nm-extol-premium-8865011-47503\/","og_image":[{"width":1000,"height":750,"url":"https:\/\/www.koupeltech.com\/wp-content\/uploads\/2026\/SK0025833-CZ20260425-092328-0-1777080210-1247750-1_142811.webp","type":"image\/webp"}],"twitter_card":"summary_large_image","twitter_misc":{"Odhadovan\u00e1 doba \u010dten\u00ed":"1 minuta"},"schema":{"@context":"https:\/\/schema.org","@graph":[{"@type":"WebPage","@id":"https:\/\/www.koupeltech.com\/index.php\/produkt\/akce-utahovak-razovy-1-2-kompozit-pneu-340nm-extol-premium-8865011-47503\/","url":"https:\/\/www.koupeltech.com\/index.php\/produkt\/akce-utahovak-razovy-1-2-kompozit-pneu-340nm-extol-premium-8865011-47503\/","name":"Akce Utahov\u00e1k r\u00e1zov\u00fd, 1\/2\", kompozit, pneu, 340Nm, EXTOL PREMIUM, 8865011 -","isPartOf":{"@id":"https:\/\/www.koupeltech.com\/#website"},"primaryImageOfPage":{"@id":"https:\/\/www.koupeltech.com\/index.php\/produkt\/akce-utahovak-razovy-1-2-kompozit-pneu-340nm-extol-premium-8865011-47503\/#primaryimage"},"image":{"@id":"https:\/\/www.koupeltech.com\/index.php\/produkt\/akce-utahovak-razovy-1-2-kompozit-pneu-340nm-extol-premium-8865011-47503\/#primaryimage"},"thumbnailUrl":"https:\/\/www.koupeltech.com\/wp-content\/uploads\/2026\/SK0025833-CZ20260425-092328-0-1777080210-1247750-1_142811.webp","datePublished":"2026-04-27T14:02:57+00:00","breadcrumb":{"@id":"https:\/\/www.koupeltech.com\/index.php\/produkt\/akce-utahovak-razovy-1-2-kompozit-pneu-340nm-extol-premium-8865011-47503\/#breadcrumb"},"inLanguage":"cs","potentialAction":[{"@type":"ReadAction","target":["https:\/\/www.koupeltech.com\/index.php\/produkt\/akce-utahovak-razovy-1-2-kompozit-pneu-340nm-extol-premium-8865011-47503\/"]}]},{"@type":"ImageObject","inLanguage":"cs","@id":"https:\/\/www.koupeltech.com\/index.php\/produkt\/akce-utahovak-razovy-1-2-kompozit-pneu-340nm-extol-premium-8865011-47503\/#primaryimage","url":"https:\/\/www.koupeltech.com\/wp-content\/uploads\/2026\/SK0025833-CZ20260425-092328-0-1777080210-1247750-1_142811.webp","contentUrl":"https:\/\/www.koupeltech.com\/wp-content\/uploads\/2026\/SK0025833-CZ20260425-092328-0-1777080210-1247750-1_142811.webp","width":1000,"height":750},{"@type":"BreadcrumbList","@id":"https:\/\/www.koupeltech.com\/index.php\/produkt\/akce-utahovak-razovy-1-2-kompozit-pneu-340nm-extol-premium-8865011-47503\/#breadcrumb","itemListElement":[{"@type":"ListItem","position":1,"name":"Home","item":"https:\/\/www.koupeltech.com\/"},{"@type":"ListItem","position":2,"name":"Products","item":"https:\/\/www.koupeltech.com\/index.php\/products\/"},{"@type":"ListItem","position":3,"name":"Akce Utahov\u00e1k r\u00e1zov\u00fd, 1\/2&#8243;, kompozit, pneu, 340Nm, EXTOL PREMIUM, 8865011"}]},{"@type":"WebSite","@id":"https:\/\/www.koupeltech.com\/#website","url":"https:\/\/www.koupeltech.com\/","name":"","description":"","potentialAction":[{"@type":"SearchAction","target":{"@type":"EntryPoint","urlTemplate":"https:\/\/www.koupeltech.com\/?s={search_term_string}"},"query-input":{"@type":"PropertyValueSpecification","valueRequired":true,"valueName":"search_term_string"}}],"inLanguage":"cs"}]}},"_links":{"self":[{"href":"https:\/\/www.koupeltech.com\/index.php\/wp-json\/wp\/v2\/product\/47503","targetHints":{"allow":["GET"]}}],"collection":[{"href":"https:\/\/www.koupeltech.com\/index.php\/wp-json\/wp\/v2\/product"}],"about":[{"href":"https:\/\/www.koupeltech.com\/index.php\/wp-json\/wp\/v2\/types\/product"}],"replies":[{"embeddable":true,"href":"https:\/\/www.koupeltech.com\/index.php\/wp-json\/wp\/v2\/comments?post=47503"}],"wp:featuredmedia":[{"embeddable":true,"href":"https:\/\/www.koupeltech.com\/index.php\/wp-json\/wp\/v2\/media\/47603"}],"wp:attachment":[{"href":"https:\/\/www.koupeltech.com\/index.php\/wp-json\/wp\/v2\/media?parent=47503"}],"wp:term":[{"taxonomy":"product_brand","embeddable":true,"href":"https:\/\/www.koupeltech.com\/index.php\/wp-json\/wp\/v2\/product_brand?post=47503"},{"taxonomy":"product_cat","embeddable":true,"href":"https:\/\/www.koupeltech.com\/index.php\/wp-json\/wp\/v2\/product_cat?post=47503"},{"taxonomy":"product_tag","embeddable":true,"href":"https:\/\/www.koupeltech.com\/index.php\/wp-json\/wp\/v2\/product_tag?post=47503"}],"curies":[{"name":"wp","href":"https:\/\/api.w.org\/{rel}","templated":true}]}}