{"id":47507,"date":"2026-04-27T14:02:57","date_gmt":"2026-04-27T14:02:57","guid":{"rendered":""},"modified":"2026-04-27T14:02:57","modified_gmt":"2026-04-27T14:02:57","slug":"zlevneny-bruska-uhlova-115mm-750w-extol-craft-403114-47507","status":"publish","type":"product","link":"https:\/\/www.koupeltech.com\/index.php\/produkt\/zlevneny-bruska-uhlova-115mm-750w-extol-craft-403114-47507\/","title":{"rendered":"Zlevn\u011bn\u00fd Bruska \u00fahlov\u00e1, 115mm, 750W, EXTOL CRAFT, 403114"},"content":{"rendered":"<table>\n<div class=\"tab-pane active product-description\" id=\"popis\" role=\"tabpanel\">\n<div class=\"short-description\" itemprop=\"description\"><\/div>\n<div class=\"description\"><span class='bullet-line'>Mal\u00e1, praktick\u00e1 bruska ur\u010den\u00e1 pro lehk\u00e9 \u0159ezac\u00ed a brusn\u00e9 pr\u00e1ce, odbru\u0161ov\u00e1n\u00ed sva\u0159ovac\u00edch \u0161v\u016f apod.<\/span><span class='bullet-line'>\u00fazk\u00e9 t\u011blo pro pohodln\u00e9 dr\u017een\u00ed<\/span><span class='bullet-line'>mo\u017enost nastaven\u00ed rukojeti do t\u0159\u00ed poloh uv\u00edtaj\u00ed prav\u00e1ci i lev\u00e1ci<\/span><\/div>\n<div class=\"parameters\">\n<tr>\n<td>nap\u011bt\u00ed\/frekvence<\/td>\n<td>230V\/50Hz<\/td>\n<\/tr>\n<tr>\n<td>p\u0159\u00edkon<\/td>\n<td>750W<\/td>\n<\/tr>\n<tr>\n<td>pr\u016fm\u011br kotou\u010de<\/td>\n<td>115mm<\/td>\n<\/tr>\n<tr>\n<td>z\u00e1vit v\u0159etene<\/td>\n<td>M14<\/td>\n<\/tr>\n<tr>\n<td>ot\u00e1\u010dky<\/td>\n<td>11000\/min<\/td>\n<\/tr>\n<tr>\n<td>z\u00e1vit rukojeti<\/td>\n<td>M8<\/td>\n<\/tr>\n<tr>\n<td>hmotnost<\/td>\n<td>1,5kg<\/td>\n<\/tr><\/div>\n<\/table>\n","protected":false},"excerpt":{"rendered":"<p>Mal\u00e1, praktick\u00e1 bruska ur\u010den\u00e1 pro lehk\u00e9 \u0159ezac\u00ed a brusn\u00e9 pr\u00e1ce, odbru\u0161ov\u00e1n\u00ed sva\u0159ovac\u00edch \u0161v\u016f apod.\u00fazk\u00e9 t\u011blo pro pohodln\u00e9 dr\u017een\u00edmo\u017enost nastaven\u00ed rukojeti do t\u0159\u00ed poloh uv\u00edtaj\u00ed prav\u00e1ci i lev\u00e1ci nap\u011bt\u00ed\/frekvence 230V\/50Hz p\u0159\u00edkon 750W pr\u016fm\u011br kotou\u010de 115mm z\u00e1vit v\u0159etene M14 ot\u00e1\u010dky 11000\/min z\u00e1vit rukojeti M8 hmotnost 1,5kg<\/p>\n","protected":false},"featured_media":47607,"comment_status":"open","ping_status":"open","template":"","meta":[],"product_brand":[],"product_cat":[43],"product_tag":[],"class_list":{"0":"post-47507","1":"product","2":"type-product","3":"status-publish","4":"has-post-thumbnail","6":"product_cat-naradi","8":"first","9":"instock","10":"sale","11":"shipping-taxable","12":"purchasable","13":"product-type-simple"},"yoast_head":"<!-- This site is optimized with the Yoast SEO plugin v26.8 - https:\/\/yoast.com\/product\/yoast-seo-wordpress\/ -->\n<title>Zlevn\u011bn\u00fd Bruska \u00fahlov\u00e1, 115mm, 750W, EXTOL CRAFT, 403114 -<\/title>\n<meta name=\"robots\" content=\"index, follow, max-snippet:-1, max-image-preview:large, max-video-preview:-1\" \/>\n<link rel=\"canonical\" href=\"https:\/\/www.koupeltech.com\/index.php\/produkt\/zlevneny-bruska-uhlova-115mm-750w-extol-craft-403114-47507\/\" \/>\n<meta property=\"og:locale\" content=\"cs_CZ\" \/>\n<meta property=\"og:type\" content=\"article\" \/>\n<meta property=\"og:title\" content=\"Zlevn\u011bn\u00fd Bruska \u00fahlov\u00e1, 115mm, 750W, EXTOL CRAFT, 403114 -\" \/>\n<meta property=\"og:description\" content=\"Mal\u00e1, praktick\u00e1 bruska ur\u010den\u00e1 pro lehk\u00e9 \u0159ezac\u00ed a brusn\u00e9 pr\u00e1ce, odbru\u0161ov\u00e1n\u00ed sva\u0159ovac\u00edch \u0161v\u016f apod.\u00fazk\u00e9 t\u011blo pro pohodln\u00e9 dr\u017een\u00edmo\u017enost nastaven\u00ed rukojeti do t\u0159\u00ed poloh uv\u00edtaj\u00ed prav\u00e1ci i lev\u00e1ci nap\u011bt\u00ed\/frekvence 230V\/50Hz p\u0159\u00edkon 750W pr\u016fm\u011br kotou\u010de 115mm z\u00e1vit v\u0159etene M14 ot\u00e1\u010dky 11000\/min z\u00e1vit rukojeti M8 hmotnost 1,5kg\" \/>\n<meta property=\"og:url\" content=\"https:\/\/www.koupeltech.com\/index.php\/produkt\/zlevneny-bruska-uhlova-115mm-750w-extol-craft-403114-47507\/\" \/>\n<meta property=\"og:image\" content=\"https:\/\/www.koupeltech.com\/wp-content\/uploads\/2026\/SK0025837-CZ20260425-092328-0-1777080210-1247755-1_142911.webp\" \/>\n\t<meta property=\"og:image:width\" content=\"1000\" \/>\n\t<meta property=\"og:image:height\" content=\"750\" \/>\n\t<meta property=\"og:image:type\" content=\"image\/webp\" \/>\n<meta name=\"twitter:card\" content=\"summary_large_image\" \/>\n<script type=\"application\/ld+json\" class=\"yoast-schema-graph\">{\"@context\":\"https:\/\/schema.org\",\"@graph\":[{\"@type\":\"WebPage\",\"@id\":\"https:\/\/www.koupeltech.com\/index.php\/produkt\/zlevneny-bruska-uhlova-115mm-750w-extol-craft-403114-47507\/\",\"url\":\"https:\/\/www.koupeltech.com\/index.php\/produkt\/zlevneny-bruska-uhlova-115mm-750w-extol-craft-403114-47507\/\",\"name\":\"Zlevn\u011bn\u00fd Bruska \u00fahlov\u00e1, 115mm, 750W, EXTOL CRAFT, 403114 -\",\"isPartOf\":{\"@id\":\"https:\/\/www.koupeltech.com\/#website\"},\"primaryImageOfPage\":{\"@id\":\"https:\/\/www.koupeltech.com\/index.php\/produkt\/zlevneny-bruska-uhlova-115mm-750w-extol-craft-403114-47507\/#primaryimage\"},\"image\":{\"@id\":\"https:\/\/www.koupeltech.com\/index.php\/produkt\/zlevneny-bruska-uhlova-115mm-750w-extol-craft-403114-47507\/#primaryimage\"},\"thumbnailUrl\":\"https:\/\/www.koupeltech.com\/wp-content\/uploads\/2026\/SK0025837-CZ20260425-092328-0-1777080210-1247755-1_142911.webp\",\"datePublished\":\"2026-04-27T14:02:57+00:00\",\"breadcrumb\":{\"@id\":\"https:\/\/www.koupeltech.com\/index.php\/produkt\/zlevneny-bruska-uhlova-115mm-750w-extol-craft-403114-47507\/#breadcrumb\"},\"inLanguage\":\"cs\",\"potentialAction\":[{\"@type\":\"ReadAction\",\"target\":[\"https:\/\/www.koupeltech.com\/index.php\/produkt\/zlevneny-bruska-uhlova-115mm-750w-extol-craft-403114-47507\/\"]}]},{\"@type\":\"ImageObject\",\"inLanguage\":\"cs\",\"@id\":\"https:\/\/www.koupeltech.com\/index.php\/produkt\/zlevneny-bruska-uhlova-115mm-750w-extol-craft-403114-47507\/#primaryimage\",\"url\":\"https:\/\/www.koupeltech.com\/wp-content\/uploads\/2026\/SK0025837-CZ20260425-092328-0-1777080210-1247755-1_142911.webp\",\"contentUrl\":\"https:\/\/www.koupeltech.com\/wp-content\/uploads\/2026\/SK0025837-CZ20260425-092328-0-1777080210-1247755-1_142911.webp\",\"width\":1000,\"height\":750},{\"@type\":\"BreadcrumbList\",\"@id\":\"https:\/\/www.koupeltech.com\/index.php\/produkt\/zlevneny-bruska-uhlova-115mm-750w-extol-craft-403114-47507\/#breadcrumb\",\"itemListElement\":[{\"@type\":\"ListItem\",\"position\":1,\"name\":\"Home\",\"item\":\"https:\/\/www.koupeltech.com\/\"},{\"@type\":\"ListItem\",\"position\":2,\"name\":\"Products\",\"item\":\"https:\/\/www.koupeltech.com\/index.php\/products\/\"},{\"@type\":\"ListItem\",\"position\":3,\"name\":\"Zlevn\u011bn\u00fd Bruska \u00fahlov\u00e1, 115mm, 750W, EXTOL CRAFT, 403114\"}]},{\"@type\":\"WebSite\",\"@id\":\"https:\/\/www.koupeltech.com\/#website\",\"url\":\"https:\/\/www.koupeltech.com\/\",\"name\":\"\",\"description\":\"\",\"potentialAction\":[{\"@type\":\"SearchAction\",\"target\":{\"@type\":\"EntryPoint\",\"urlTemplate\":\"https:\/\/www.koupeltech.com\/?s={search_term_string}\"},\"query-input\":{\"@type\":\"PropertyValueSpecification\",\"valueRequired\":true,\"valueName\":\"search_term_string\"}}],\"inLanguage\":\"cs\"}]}<\/script>\n<!-- \/ Yoast SEO plugin. -->","yoast_head_json":{"title":"Zlevn\u011bn\u00fd Bruska \u00fahlov\u00e1, 115mm, 750W, EXTOL CRAFT, 403114 -","robots":{"index":"index","follow":"follow","max-snippet":"max-snippet:-1","max-image-preview":"max-image-preview:large","max-video-preview":"max-video-preview:-1"},"canonical":"https:\/\/www.koupeltech.com\/index.php\/produkt\/zlevneny-bruska-uhlova-115mm-750w-extol-craft-403114-47507\/","og_locale":"cs_CZ","og_type":"article","og_title":"Zlevn\u011bn\u00fd Bruska \u00fahlov\u00e1, 115mm, 750W, EXTOL CRAFT, 403114 -","og_description":"Mal\u00e1, praktick\u00e1 bruska ur\u010den\u00e1 pro lehk\u00e9 \u0159ezac\u00ed a brusn\u00e9 pr\u00e1ce, odbru\u0161ov\u00e1n\u00ed sva\u0159ovac\u00edch \u0161v\u016f apod.\u00fazk\u00e9 t\u011blo pro pohodln\u00e9 dr\u017een\u00edmo\u017enost nastaven\u00ed rukojeti do t\u0159\u00ed poloh uv\u00edtaj\u00ed prav\u00e1ci i lev\u00e1ci nap\u011bt\u00ed\/frekvence 230V\/50Hz p\u0159\u00edkon 750W pr\u016fm\u011br kotou\u010de 115mm z\u00e1vit v\u0159etene M14 ot\u00e1\u010dky 11000\/min z\u00e1vit rukojeti M8 hmotnost 1,5kg","og_url":"https:\/\/www.koupeltech.com\/index.php\/produkt\/zlevneny-bruska-uhlova-115mm-750w-extol-craft-403114-47507\/","og_image":[{"width":1000,"height":750,"url":"https:\/\/www.koupeltech.com\/wp-content\/uploads\/2026\/SK0025837-CZ20260425-092328-0-1777080210-1247755-1_142911.webp","type":"image\/webp"}],"twitter_card":"summary_large_image","schema":{"@context":"https:\/\/schema.org","@graph":[{"@type":"WebPage","@id":"https:\/\/www.koupeltech.com\/index.php\/produkt\/zlevneny-bruska-uhlova-115mm-750w-extol-craft-403114-47507\/","url":"https:\/\/www.koupeltech.com\/index.php\/produkt\/zlevneny-bruska-uhlova-115mm-750w-extol-craft-403114-47507\/","name":"Zlevn\u011bn\u00fd Bruska \u00fahlov\u00e1, 115mm, 750W, EXTOL CRAFT, 403114 -","isPartOf":{"@id":"https:\/\/www.koupeltech.com\/#website"},"primaryImageOfPage":{"@id":"https:\/\/www.koupeltech.com\/index.php\/produkt\/zlevneny-bruska-uhlova-115mm-750w-extol-craft-403114-47507\/#primaryimage"},"image":{"@id":"https:\/\/www.koupeltech.com\/index.php\/produkt\/zlevneny-bruska-uhlova-115mm-750w-extol-craft-403114-47507\/#primaryimage"},"thumbnailUrl":"https:\/\/www.koupeltech.com\/wp-content\/uploads\/2026\/SK0025837-CZ20260425-092328-0-1777080210-1247755-1_142911.webp","datePublished":"2026-04-27T14:02:57+00:00","breadcrumb":{"@id":"https:\/\/www.koupeltech.com\/index.php\/produkt\/zlevneny-bruska-uhlova-115mm-750w-extol-craft-403114-47507\/#breadcrumb"},"inLanguage":"cs","potentialAction":[{"@type":"ReadAction","target":["https:\/\/www.koupeltech.com\/index.php\/produkt\/zlevneny-bruska-uhlova-115mm-750w-extol-craft-403114-47507\/"]}]},{"@type":"ImageObject","inLanguage":"cs","@id":"https:\/\/www.koupeltech.com\/index.php\/produkt\/zlevneny-bruska-uhlova-115mm-750w-extol-craft-403114-47507\/#primaryimage","url":"https:\/\/www.koupeltech.com\/wp-content\/uploads\/2026\/SK0025837-CZ20260425-092328-0-1777080210-1247755-1_142911.webp","contentUrl":"https:\/\/www.koupeltech.com\/wp-content\/uploads\/2026\/SK0025837-CZ20260425-092328-0-1777080210-1247755-1_142911.webp","width":1000,"height":750},{"@type":"BreadcrumbList","@id":"https:\/\/www.koupeltech.com\/index.php\/produkt\/zlevneny-bruska-uhlova-115mm-750w-extol-craft-403114-47507\/#breadcrumb","itemListElement":[{"@type":"ListItem","position":1,"name":"Home","item":"https:\/\/www.koupeltech.com\/"},{"@type":"ListItem","position":2,"name":"Products","item":"https:\/\/www.koupeltech.com\/index.php\/products\/"},{"@type":"ListItem","position":3,"name":"Zlevn\u011bn\u00fd Bruska \u00fahlov\u00e1, 115mm, 750W, EXTOL CRAFT, 403114"}]},{"@type":"WebSite","@id":"https:\/\/www.koupeltech.com\/#website","url":"https:\/\/www.koupeltech.com\/","name":"","description":"","potentialAction":[{"@type":"SearchAction","target":{"@type":"EntryPoint","urlTemplate":"https:\/\/www.koupeltech.com\/?s={search_term_string}"},"query-input":{"@type":"PropertyValueSpecification","valueRequired":true,"valueName":"search_term_string"}}],"inLanguage":"cs"}]}},"_links":{"self":[{"href":"https:\/\/www.koupeltech.com\/index.php\/wp-json\/wp\/v2\/product\/47507","targetHints":{"allow":["GET"]}}],"collection":[{"href":"https:\/\/www.koupeltech.com\/index.php\/wp-json\/wp\/v2\/product"}],"about":[{"href":"https:\/\/www.koupeltech.com\/index.php\/wp-json\/wp\/v2\/types\/product"}],"replies":[{"embeddable":true,"href":"https:\/\/www.koupeltech.com\/index.php\/wp-json\/wp\/v2\/comments?post=47507"}],"wp:featuredmedia":[{"embeddable":true,"href":"https:\/\/www.koupeltech.com\/index.php\/wp-json\/wp\/v2\/media\/47607"}],"wp:attachment":[{"href":"https:\/\/www.koupeltech.com\/index.php\/wp-json\/wp\/v2\/media?parent=47507"}],"wp:term":[{"taxonomy":"product_brand","embeddable":true,"href":"https:\/\/www.koupeltech.com\/index.php\/wp-json\/wp\/v2\/product_brand?post=47507"},{"taxonomy":"product_cat","embeddable":true,"href":"https:\/\/www.koupeltech.com\/index.php\/wp-json\/wp\/v2\/product_cat?post=47507"},{"taxonomy":"product_tag","embeddable":true,"href":"https:\/\/www.koupeltech.com\/index.php\/wp-json\/wp\/v2\/product_tag?post=47507"}],"curies":[{"name":"wp","href":"https:\/\/api.w.org\/{rel}","templated":true}]}}