{"id":47582,"date":"2026-04-27T14:02:57","date_gmt":"2026-04-27T14:02:57","guid":{"rendered":""},"modified":"2026-04-27T14:02:57","modified_gmt":"2026-04-27T14:02:57","slug":"zlevneny-bruska-stolni-dvoukotoucova-520w-extol-premium-8892120-47582","status":"publish","type":"product","link":"https:\/\/www.koupeltech.com\/index.php\/produkt\/zlevneny-bruska-stolni-dvoukotoucova-520w-extol-premium-8892120-47582\/","title":{"rendered":"Zlevn\u011bn\u00fd Bruska stoln\u00ed dvoukotou\u010dov\u00e1, 520W, EXTOL PREMIUM, 8892120"},"content":{"rendered":"<table>\n<div class=\"tab-pane active product-description\" id=\"popis\" role=\"tabpanel\">\n<div class=\"short-description\" itemprop=\"description\"><\/div>\n<div class=\"description\"><span class='bullet-line'>Velmi siln\u00e1 stoln\u00ed bruska ur\u010den\u00e1 pro n\u00e1ro\u010dn\u011bj\u0161\u00ed obr\u00e1b\u011bn\u00ed kovu.<br \/><\/span><span class='bullet-line'>nastaviteln\u00e9 sv\u011btlo pro lep\u0161\u00ed osv\u011btlen\u00ed brous\u00edc\u00ed plochy<br \/><\/span><span class='bullet-line'>p\u0159\u00edpravek pro zarovn\u00e1n\u00ed kotou\u010d\u016f<\/span><\/div>\n<div class=\"parameters\">\n<tr>\n<td>nap\u011bt\u00ed\/frekvence<\/td>\n<td>230V\/50Hz<\/td>\n<\/tr>\n<tr>\n<td>p\u0159\u00edkon<\/td>\n<td>520W<\/td>\n<\/tr>\n<tr>\n<td>ot\u00e1\u010dky<\/td>\n<td>2950\/min<\/td>\n<\/tr>\n<tr>\n<td>pr\u016fm\u011br kotou\u010d\u016f<\/td>\n<td>200x16x \u0161.25mm<\/td>\n<\/tr>\n<tr>\n<td>hrubost kotou\u010d\u016f<\/td>\n<td>P36 &amp; P80<\/td>\n<\/tr>\n<tr>\n<td>extra<\/td>\n<td>nastaviteln\u00e9 pracovn\u00ed sv\u011btlo<\/td>\n<\/tr>\n<tr>\n<td>hmotnost<\/td>\n<td>17kg<\/td>\n<\/tr><\/div>\n<\/table>\n","protected":false},"excerpt":{"rendered":"<p>Velmi siln\u00e1 stoln\u00ed bruska ur\u010den\u00e1 pro n\u00e1ro\u010dn\u011bj\u0161\u00ed obr\u00e1b\u011bn\u00ed kovu.nastaviteln\u00e9 sv\u011btlo pro lep\u0161\u00ed osv\u011btlen\u00ed brous\u00edc\u00ed plochyp\u0159\u00edpravek pro zarovn\u00e1n\u00ed kotou\u010d\u016f nap\u011bt\u00ed\/frekvence 230V\/50Hz p\u0159\u00edkon 520W ot\u00e1\u010dky 2950\/min pr\u016fm\u011br kotou\u010d\u016f 200x16x \u0161.25mm hrubost kotou\u010d\u016f P36 &amp; P80 extra nastaviteln\u00e9 pracovn\u00ed sv\u011btlo hmotnost 17kg<\/p>\n","protected":false},"featured_media":47682,"comment_status":"open","ping_status":"open","template":"","meta":[],"product_brand":[],"product_cat":[43],"product_tag":[],"class_list":{"0":"post-47582","1":"product","2":"type-product","3":"status-publish","4":"has-post-thumbnail","6":"product_cat-naradi","8":"first","9":"instock","10":"sale","11":"shipping-taxable","12":"purchasable","13":"product-type-simple"},"yoast_head":"<!-- This site is optimized with the Yoast SEO plugin v26.8 - https:\/\/yoast.com\/product\/yoast-seo-wordpress\/ -->\n<title>Zlevn\u011bn\u00fd Bruska stoln\u00ed dvoukotou\u010dov\u00e1, 520W, EXTOL PREMIUM, 8892120 -<\/title>\n<meta name=\"robots\" content=\"index, follow, max-snippet:-1, max-image-preview:large, max-video-preview:-1\" \/>\n<link rel=\"canonical\" href=\"https:\/\/www.koupeltech.com\/index.php\/produkt\/zlevneny-bruska-stolni-dvoukotoucova-520w-extol-premium-8892120-47582\/\" \/>\n<meta property=\"og:locale\" content=\"cs_CZ\" \/>\n<meta property=\"og:type\" content=\"article\" \/>\n<meta property=\"og:title\" content=\"Zlevn\u011bn\u00fd Bruska stoln\u00ed dvoukotou\u010dov\u00e1, 520W, EXTOL PREMIUM, 8892120 -\" \/>\n<meta property=\"og:description\" content=\"Velmi siln\u00e1 stoln\u00ed bruska ur\u010den\u00e1 pro n\u00e1ro\u010dn\u011bj\u0161\u00ed obr\u00e1b\u011bn\u00ed kovu.nastaviteln\u00e9 sv\u011btlo pro lep\u0161\u00ed osv\u011btlen\u00ed brous\u00edc\u00ed plochyp\u0159\u00edpravek pro zarovn\u00e1n\u00ed kotou\u010d\u016f nap\u011bt\u00ed\/frekvence 230V\/50Hz p\u0159\u00edkon 520W ot\u00e1\u010dky 2950\/min pr\u016fm\u011br kotou\u010d\u016f 200x16x \u0161.25mm hrubost kotou\u010d\u016f P36 &amp; P80 extra nastaviteln\u00e9 pracovn\u00ed sv\u011btlo hmotnost 17kg\" \/>\n<meta property=\"og:url\" content=\"https:\/\/www.koupeltech.com\/index.php\/produkt\/zlevneny-bruska-stolni-dvoukotoucova-520w-extol-premium-8892120-47582\/\" \/>\n<meta property=\"og:image\" content=\"https:\/\/www.koupeltech.com\/wp-content\/uploads\/2026\/SK0025912-CZ20260425-092328-0-1777080210-1247856-1_145611.webp\" \/>\n\t<meta property=\"og:image:width\" content=\"1000\" \/>\n\t<meta property=\"og:image:height\" content=\"750\" \/>\n\t<meta property=\"og:image:type\" content=\"image\/webp\" \/>\n<meta name=\"twitter:card\" content=\"summary_large_image\" \/>\n<script type=\"application\/ld+json\" class=\"yoast-schema-graph\">{\"@context\":\"https:\/\/schema.org\",\"@graph\":[{\"@type\":\"WebPage\",\"@id\":\"https:\/\/www.koupeltech.com\/index.php\/produkt\/zlevneny-bruska-stolni-dvoukotoucova-520w-extol-premium-8892120-47582\/\",\"url\":\"https:\/\/www.koupeltech.com\/index.php\/produkt\/zlevneny-bruska-stolni-dvoukotoucova-520w-extol-premium-8892120-47582\/\",\"name\":\"Zlevn\u011bn\u00fd Bruska stoln\u00ed dvoukotou\u010dov\u00e1, 520W, EXTOL PREMIUM, 8892120 -\",\"isPartOf\":{\"@id\":\"https:\/\/www.koupeltech.com\/#website\"},\"primaryImageOfPage\":{\"@id\":\"https:\/\/www.koupeltech.com\/index.php\/produkt\/zlevneny-bruska-stolni-dvoukotoucova-520w-extol-premium-8892120-47582\/#primaryimage\"},\"image\":{\"@id\":\"https:\/\/www.koupeltech.com\/index.php\/produkt\/zlevneny-bruska-stolni-dvoukotoucova-520w-extol-premium-8892120-47582\/#primaryimage\"},\"thumbnailUrl\":\"https:\/\/www.koupeltech.com\/wp-content\/uploads\/2026\/SK0025912-CZ20260425-092328-0-1777080210-1247856-1_145611.webp\",\"datePublished\":\"2026-04-27T14:02:57+00:00\",\"breadcrumb\":{\"@id\":\"https:\/\/www.koupeltech.com\/index.php\/produkt\/zlevneny-bruska-stolni-dvoukotoucova-520w-extol-premium-8892120-47582\/#breadcrumb\"},\"inLanguage\":\"cs\",\"potentialAction\":[{\"@type\":\"ReadAction\",\"target\":[\"https:\/\/www.koupeltech.com\/index.php\/produkt\/zlevneny-bruska-stolni-dvoukotoucova-520w-extol-premium-8892120-47582\/\"]}]},{\"@type\":\"ImageObject\",\"inLanguage\":\"cs\",\"@id\":\"https:\/\/www.koupeltech.com\/index.php\/produkt\/zlevneny-bruska-stolni-dvoukotoucova-520w-extol-premium-8892120-47582\/#primaryimage\",\"url\":\"https:\/\/www.koupeltech.com\/wp-content\/uploads\/2026\/SK0025912-CZ20260425-092328-0-1777080210-1247856-1_145611.webp\",\"contentUrl\":\"https:\/\/www.koupeltech.com\/wp-content\/uploads\/2026\/SK0025912-CZ20260425-092328-0-1777080210-1247856-1_145611.webp\",\"width\":1000,\"height\":750},{\"@type\":\"BreadcrumbList\",\"@id\":\"https:\/\/www.koupeltech.com\/index.php\/produkt\/zlevneny-bruska-stolni-dvoukotoucova-520w-extol-premium-8892120-47582\/#breadcrumb\",\"itemListElement\":[{\"@type\":\"ListItem\",\"position\":1,\"name\":\"Home\",\"item\":\"https:\/\/www.koupeltech.com\/\"},{\"@type\":\"ListItem\",\"position\":2,\"name\":\"Products\",\"item\":\"https:\/\/www.koupeltech.com\/index.php\/products\/\"},{\"@type\":\"ListItem\",\"position\":3,\"name\":\"Zlevn\u011bn\u00fd Bruska stoln\u00ed dvoukotou\u010dov\u00e1, 520W, EXTOL PREMIUM, 8892120\"}]},{\"@type\":\"WebSite\",\"@id\":\"https:\/\/www.koupeltech.com\/#website\",\"url\":\"https:\/\/www.koupeltech.com\/\",\"name\":\"\",\"description\":\"\",\"potentialAction\":[{\"@type\":\"SearchAction\",\"target\":{\"@type\":\"EntryPoint\",\"urlTemplate\":\"https:\/\/www.koupeltech.com\/?s={search_term_string}\"},\"query-input\":{\"@type\":\"PropertyValueSpecification\",\"valueRequired\":true,\"valueName\":\"search_term_string\"}}],\"inLanguage\":\"cs\"}]}<\/script>\n<!-- \/ Yoast SEO plugin. -->","yoast_head_json":{"title":"Zlevn\u011bn\u00fd Bruska stoln\u00ed dvoukotou\u010dov\u00e1, 520W, EXTOL PREMIUM, 8892120 -","robots":{"index":"index","follow":"follow","max-snippet":"max-snippet:-1","max-image-preview":"max-image-preview:large","max-video-preview":"max-video-preview:-1"},"canonical":"https:\/\/www.koupeltech.com\/index.php\/produkt\/zlevneny-bruska-stolni-dvoukotoucova-520w-extol-premium-8892120-47582\/","og_locale":"cs_CZ","og_type":"article","og_title":"Zlevn\u011bn\u00fd Bruska stoln\u00ed dvoukotou\u010dov\u00e1, 520W, EXTOL PREMIUM, 8892120 -","og_description":"Velmi siln\u00e1 stoln\u00ed bruska ur\u010den\u00e1 pro n\u00e1ro\u010dn\u011bj\u0161\u00ed obr\u00e1b\u011bn\u00ed kovu.nastaviteln\u00e9 sv\u011btlo pro lep\u0161\u00ed osv\u011btlen\u00ed brous\u00edc\u00ed plochyp\u0159\u00edpravek pro zarovn\u00e1n\u00ed kotou\u010d\u016f nap\u011bt\u00ed\/frekvence 230V\/50Hz p\u0159\u00edkon 520W ot\u00e1\u010dky 2950\/min pr\u016fm\u011br kotou\u010d\u016f 200x16x \u0161.25mm hrubost kotou\u010d\u016f P36 &amp; P80 extra nastaviteln\u00e9 pracovn\u00ed sv\u011btlo hmotnost 17kg","og_url":"https:\/\/www.koupeltech.com\/index.php\/produkt\/zlevneny-bruska-stolni-dvoukotoucova-520w-extol-premium-8892120-47582\/","og_image":[{"width":1000,"height":750,"url":"https:\/\/www.koupeltech.com\/wp-content\/uploads\/2026\/SK0025912-CZ20260425-092328-0-1777080210-1247856-1_145611.webp","type":"image\/webp"}],"twitter_card":"summary_large_image","schema":{"@context":"https:\/\/schema.org","@graph":[{"@type":"WebPage","@id":"https:\/\/www.koupeltech.com\/index.php\/produkt\/zlevneny-bruska-stolni-dvoukotoucova-520w-extol-premium-8892120-47582\/","url":"https:\/\/www.koupeltech.com\/index.php\/produkt\/zlevneny-bruska-stolni-dvoukotoucova-520w-extol-premium-8892120-47582\/","name":"Zlevn\u011bn\u00fd Bruska stoln\u00ed dvoukotou\u010dov\u00e1, 520W, EXTOL PREMIUM, 8892120 -","isPartOf":{"@id":"https:\/\/www.koupeltech.com\/#website"},"primaryImageOfPage":{"@id":"https:\/\/www.koupeltech.com\/index.php\/produkt\/zlevneny-bruska-stolni-dvoukotoucova-520w-extol-premium-8892120-47582\/#primaryimage"},"image":{"@id":"https:\/\/www.koupeltech.com\/index.php\/produkt\/zlevneny-bruska-stolni-dvoukotoucova-520w-extol-premium-8892120-47582\/#primaryimage"},"thumbnailUrl":"https:\/\/www.koupeltech.com\/wp-content\/uploads\/2026\/SK0025912-CZ20260425-092328-0-1777080210-1247856-1_145611.webp","datePublished":"2026-04-27T14:02:57+00:00","breadcrumb":{"@id":"https:\/\/www.koupeltech.com\/index.php\/produkt\/zlevneny-bruska-stolni-dvoukotoucova-520w-extol-premium-8892120-47582\/#breadcrumb"},"inLanguage":"cs","potentialAction":[{"@type":"ReadAction","target":["https:\/\/www.koupeltech.com\/index.php\/produkt\/zlevneny-bruska-stolni-dvoukotoucova-520w-extol-premium-8892120-47582\/"]}]},{"@type":"ImageObject","inLanguage":"cs","@id":"https:\/\/www.koupeltech.com\/index.php\/produkt\/zlevneny-bruska-stolni-dvoukotoucova-520w-extol-premium-8892120-47582\/#primaryimage","url":"https:\/\/www.koupeltech.com\/wp-content\/uploads\/2026\/SK0025912-CZ20260425-092328-0-1777080210-1247856-1_145611.webp","contentUrl":"https:\/\/www.koupeltech.com\/wp-content\/uploads\/2026\/SK0025912-CZ20260425-092328-0-1777080210-1247856-1_145611.webp","width":1000,"height":750},{"@type":"BreadcrumbList","@id":"https:\/\/www.koupeltech.com\/index.php\/produkt\/zlevneny-bruska-stolni-dvoukotoucova-520w-extol-premium-8892120-47582\/#breadcrumb","itemListElement":[{"@type":"ListItem","position":1,"name":"Home","item":"https:\/\/www.koupeltech.com\/"},{"@type":"ListItem","position":2,"name":"Products","item":"https:\/\/www.koupeltech.com\/index.php\/products\/"},{"@type":"ListItem","position":3,"name":"Zlevn\u011bn\u00fd Bruska stoln\u00ed dvoukotou\u010dov\u00e1, 520W, EXTOL PREMIUM, 8892120"}]},{"@type":"WebSite","@id":"https:\/\/www.koupeltech.com\/#website","url":"https:\/\/www.koupeltech.com\/","name":"","description":"","potentialAction":[{"@type":"SearchAction","target":{"@type":"EntryPoint","urlTemplate":"https:\/\/www.koupeltech.com\/?s={search_term_string}"},"query-input":{"@type":"PropertyValueSpecification","valueRequired":true,"valueName":"search_term_string"}}],"inLanguage":"cs"}]}},"_links":{"self":[{"href":"https:\/\/www.koupeltech.com\/index.php\/wp-json\/wp\/v2\/product\/47582","targetHints":{"allow":["GET"]}}],"collection":[{"href":"https:\/\/www.koupeltech.com\/index.php\/wp-json\/wp\/v2\/product"}],"about":[{"href":"https:\/\/www.koupeltech.com\/index.php\/wp-json\/wp\/v2\/types\/product"}],"replies":[{"embeddable":true,"href":"https:\/\/www.koupeltech.com\/index.php\/wp-json\/wp\/v2\/comments?post=47582"}],"wp:featuredmedia":[{"embeddable":true,"href":"https:\/\/www.koupeltech.com\/index.php\/wp-json\/wp\/v2\/media\/47682"}],"wp:attachment":[{"href":"https:\/\/www.koupeltech.com\/index.php\/wp-json\/wp\/v2\/media?parent=47582"}],"wp:term":[{"taxonomy":"product_brand","embeddable":true,"href":"https:\/\/www.koupeltech.com\/index.php\/wp-json\/wp\/v2\/product_brand?post=47582"},{"taxonomy":"product_cat","embeddable":true,"href":"https:\/\/www.koupeltech.com\/index.php\/wp-json\/wp\/v2\/product_cat?post=47582"},{"taxonomy":"product_tag","embeddable":true,"href":"https:\/\/www.koupeltech.com\/index.php\/wp-json\/wp\/v2\/product_tag?post=47582"}],"curies":[{"name":"wp","href":"https:\/\/api.w.org\/{rel}","templated":true}]}}