{"id":48185,"date":"2026-04-27T14:03:03","date_gmt":"2026-04-27T14:03:03","guid":{"rendered":""},"modified":"2026-04-27T14:03:03","modified_gmt":"2026-04-27T14:03:03","slug":"zlevneny-makita-p-48658-bit-sestihran-1-4-t20-50-mm-5-ks-48185","status":"publish","type":"product","link":"https:\/\/www.koupeltech.com\/index.php\/produkt\/zlevneny-makita-p-48658-bit-sestihran-1-4-t20-50-mm-5-ks-48185\/","title":{"rendered":"Zlevn\u011bn\u00fd Makita P-48658 Bit \u0161estihran 1\/4&#8243; T20  50 mm, 5 ks"},"content":{"rendered":"<table>\n<div class=\"tab-pane active product-description\" id=\"popis\" role=\"tabpanel\">\n<div class=\"short-description\" itemprop=\"description\"><\/div>\n<div class=\"description\"><span class='bullet-line'>Velmi kvalitn\u00ed bity \u0159ady TITAN.<\/span><\/div>\n<\/table>\n","protected":false},"excerpt":{"rendered":"<p>Velmi kvalitn\u00ed bity \u0159ady TITAN.<\/p>\n","protected":false},"featured_media":48285,"comment_status":"open","ping_status":"open","template":"","meta":[],"product_brand":[],"product_cat":[43],"product_tag":[],"class_list":{"0":"post-48185","1":"product","2":"type-product","3":"status-publish","4":"has-post-thumbnail","6":"product_cat-naradi","8":"first","9":"instock","10":"sale","11":"shipping-taxable","12":"purchasable","13":"product-type-simple"},"yoast_head":"<!-- This site is optimized with the Yoast SEO plugin v26.8 - https:\/\/yoast.com\/product\/yoast-seo-wordpress\/ -->\n<title>Zlevn\u011bn\u00fd Makita P-48658 Bit \u0161estihran 1\/4&quot; T20 50 mm, 5 ks -<\/title>\n<meta name=\"robots\" content=\"index, follow, max-snippet:-1, max-image-preview:large, max-video-preview:-1\" \/>\n<link rel=\"canonical\" href=\"https:\/\/www.koupeltech.com\/index.php\/produkt\/zlevneny-makita-p-48658-bit-sestihran-1-4-t20-50-mm-5-ks-48185\/\" \/>\n<meta property=\"og:locale\" content=\"cs_CZ\" \/>\n<meta property=\"og:type\" content=\"article\" \/>\n<meta property=\"og:title\" content=\"Zlevn\u011bn\u00fd Makita P-48658 Bit \u0161estihran 1\/4&quot; T20 50 mm, 5 ks -\" \/>\n<meta property=\"og:description\" content=\"Velmi kvalitn\u00ed bity \u0159ady TITAN.\" \/>\n<meta property=\"og:url\" content=\"https:\/\/www.koupeltech.com\/index.php\/produkt\/zlevneny-makita-p-48658-bit-sestihran-1-4-t20-50-mm-5-ks-48185\/\" \/>\n<meta property=\"og:image\" content=\"https:\/\/www.koupeltech.com\/wp-content\/uploads\/2026\/SK0026217-CZ20260425-092328-0-1777080210-1248236-1_133542.webp\" \/>\n\t<meta property=\"og:image:width\" content=\"300\" \/>\n\t<meta property=\"og:image:height\" content=\"300\" \/>\n\t<meta property=\"og:image:type\" content=\"image\/webp\" \/>\n<meta name=\"twitter:card\" content=\"summary_large_image\" \/>\n<script type=\"application\/ld+json\" class=\"yoast-schema-graph\">{\"@context\":\"https:\/\/schema.org\",\"@graph\":[{\"@type\":\"WebPage\",\"@id\":\"https:\/\/www.koupeltech.com\/index.php\/produkt\/zlevneny-makita-p-48658-bit-sestihran-1-4-t20-50-mm-5-ks-48185\/\",\"url\":\"https:\/\/www.koupeltech.com\/index.php\/produkt\/zlevneny-makita-p-48658-bit-sestihran-1-4-t20-50-mm-5-ks-48185\/\",\"name\":\"Zlevn\u011bn\u00fd Makita P-48658 Bit \u0161estihran 1\/4\\\" T20 50 mm, 5 ks -\",\"isPartOf\":{\"@id\":\"https:\/\/www.koupeltech.com\/#website\"},\"primaryImageOfPage\":{\"@id\":\"https:\/\/www.koupeltech.com\/index.php\/produkt\/zlevneny-makita-p-48658-bit-sestihran-1-4-t20-50-mm-5-ks-48185\/#primaryimage\"},\"image\":{\"@id\":\"https:\/\/www.koupeltech.com\/index.php\/produkt\/zlevneny-makita-p-48658-bit-sestihran-1-4-t20-50-mm-5-ks-48185\/#primaryimage\"},\"thumbnailUrl\":\"https:\/\/www.koupeltech.com\/wp-content\/uploads\/2026\/SK0026217-CZ20260425-092328-0-1777080210-1248236-1_133542.webp\",\"datePublished\":\"2026-04-27T14:03:03+00:00\",\"breadcrumb\":{\"@id\":\"https:\/\/www.koupeltech.com\/index.php\/produkt\/zlevneny-makita-p-48658-bit-sestihran-1-4-t20-50-mm-5-ks-48185\/#breadcrumb\"},\"inLanguage\":\"cs\",\"potentialAction\":[{\"@type\":\"ReadAction\",\"target\":[\"https:\/\/www.koupeltech.com\/index.php\/produkt\/zlevneny-makita-p-48658-bit-sestihran-1-4-t20-50-mm-5-ks-48185\/\"]}]},{\"@type\":\"ImageObject\",\"inLanguage\":\"cs\",\"@id\":\"https:\/\/www.koupeltech.com\/index.php\/produkt\/zlevneny-makita-p-48658-bit-sestihran-1-4-t20-50-mm-5-ks-48185\/#primaryimage\",\"url\":\"https:\/\/www.koupeltech.com\/wp-content\/uploads\/2026\/SK0026217-CZ20260425-092328-0-1777080210-1248236-1_133542.webp\",\"contentUrl\":\"https:\/\/www.koupeltech.com\/wp-content\/uploads\/2026\/SK0026217-CZ20260425-092328-0-1777080210-1248236-1_133542.webp\",\"width\":300,\"height\":300},{\"@type\":\"BreadcrumbList\",\"@id\":\"https:\/\/www.koupeltech.com\/index.php\/produkt\/zlevneny-makita-p-48658-bit-sestihran-1-4-t20-50-mm-5-ks-48185\/#breadcrumb\",\"itemListElement\":[{\"@type\":\"ListItem\",\"position\":1,\"name\":\"Home\",\"item\":\"https:\/\/www.koupeltech.com\/\"},{\"@type\":\"ListItem\",\"position\":2,\"name\":\"Products\",\"item\":\"https:\/\/www.koupeltech.com\/index.php\/products\/\"},{\"@type\":\"ListItem\",\"position\":3,\"name\":\"Zlevn\u011bn\u00fd Makita P-48658 Bit \u0161estihran 1\/4&#8243; T20 50 mm, 5 ks\"}]},{\"@type\":\"WebSite\",\"@id\":\"https:\/\/www.koupeltech.com\/#website\",\"url\":\"https:\/\/www.koupeltech.com\/\",\"name\":\"\",\"description\":\"\",\"potentialAction\":[{\"@type\":\"SearchAction\",\"target\":{\"@type\":\"EntryPoint\",\"urlTemplate\":\"https:\/\/www.koupeltech.com\/?s={search_term_string}\"},\"query-input\":{\"@type\":\"PropertyValueSpecification\",\"valueRequired\":true,\"valueName\":\"search_term_string\"}}],\"inLanguage\":\"cs\"}]}<\/script>\n<!-- \/ Yoast SEO plugin. -->","yoast_head_json":{"title":"Zlevn\u011bn\u00fd Makita P-48658 Bit \u0161estihran 1\/4\" T20 50 mm, 5 ks -","robots":{"index":"index","follow":"follow","max-snippet":"max-snippet:-1","max-image-preview":"max-image-preview:large","max-video-preview":"max-video-preview:-1"},"canonical":"https:\/\/www.koupeltech.com\/index.php\/produkt\/zlevneny-makita-p-48658-bit-sestihran-1-4-t20-50-mm-5-ks-48185\/","og_locale":"cs_CZ","og_type":"article","og_title":"Zlevn\u011bn\u00fd Makita P-48658 Bit \u0161estihran 1\/4\" T20 50 mm, 5 ks -","og_description":"Velmi kvalitn\u00ed bity \u0159ady TITAN.","og_url":"https:\/\/www.koupeltech.com\/index.php\/produkt\/zlevneny-makita-p-48658-bit-sestihran-1-4-t20-50-mm-5-ks-48185\/","og_image":[{"width":300,"height":300,"url":"https:\/\/www.koupeltech.com\/wp-content\/uploads\/2026\/SK0026217-CZ20260425-092328-0-1777080210-1248236-1_133542.webp","type":"image\/webp"}],"twitter_card":"summary_large_image","schema":{"@context":"https:\/\/schema.org","@graph":[{"@type":"WebPage","@id":"https:\/\/www.koupeltech.com\/index.php\/produkt\/zlevneny-makita-p-48658-bit-sestihran-1-4-t20-50-mm-5-ks-48185\/","url":"https:\/\/www.koupeltech.com\/index.php\/produkt\/zlevneny-makita-p-48658-bit-sestihran-1-4-t20-50-mm-5-ks-48185\/","name":"Zlevn\u011bn\u00fd Makita P-48658 Bit \u0161estihran 1\/4\" T20 50 mm, 5 ks -","isPartOf":{"@id":"https:\/\/www.koupeltech.com\/#website"},"primaryImageOfPage":{"@id":"https:\/\/www.koupeltech.com\/index.php\/produkt\/zlevneny-makita-p-48658-bit-sestihran-1-4-t20-50-mm-5-ks-48185\/#primaryimage"},"image":{"@id":"https:\/\/www.koupeltech.com\/index.php\/produkt\/zlevneny-makita-p-48658-bit-sestihran-1-4-t20-50-mm-5-ks-48185\/#primaryimage"},"thumbnailUrl":"https:\/\/www.koupeltech.com\/wp-content\/uploads\/2026\/SK0026217-CZ20260425-092328-0-1777080210-1248236-1_133542.webp","datePublished":"2026-04-27T14:03:03+00:00","breadcrumb":{"@id":"https:\/\/www.koupeltech.com\/index.php\/produkt\/zlevneny-makita-p-48658-bit-sestihran-1-4-t20-50-mm-5-ks-48185\/#breadcrumb"},"inLanguage":"cs","potentialAction":[{"@type":"ReadAction","target":["https:\/\/www.koupeltech.com\/index.php\/produkt\/zlevneny-makita-p-48658-bit-sestihran-1-4-t20-50-mm-5-ks-48185\/"]}]},{"@type":"ImageObject","inLanguage":"cs","@id":"https:\/\/www.koupeltech.com\/index.php\/produkt\/zlevneny-makita-p-48658-bit-sestihran-1-4-t20-50-mm-5-ks-48185\/#primaryimage","url":"https:\/\/www.koupeltech.com\/wp-content\/uploads\/2026\/SK0026217-CZ20260425-092328-0-1777080210-1248236-1_133542.webp","contentUrl":"https:\/\/www.koupeltech.com\/wp-content\/uploads\/2026\/SK0026217-CZ20260425-092328-0-1777080210-1248236-1_133542.webp","width":300,"height":300},{"@type":"BreadcrumbList","@id":"https:\/\/www.koupeltech.com\/index.php\/produkt\/zlevneny-makita-p-48658-bit-sestihran-1-4-t20-50-mm-5-ks-48185\/#breadcrumb","itemListElement":[{"@type":"ListItem","position":1,"name":"Home","item":"https:\/\/www.koupeltech.com\/"},{"@type":"ListItem","position":2,"name":"Products","item":"https:\/\/www.koupeltech.com\/index.php\/products\/"},{"@type":"ListItem","position":3,"name":"Zlevn\u011bn\u00fd Makita P-48658 Bit \u0161estihran 1\/4&#8243; T20 50 mm, 5 ks"}]},{"@type":"WebSite","@id":"https:\/\/www.koupeltech.com\/#website","url":"https:\/\/www.koupeltech.com\/","name":"","description":"","potentialAction":[{"@type":"SearchAction","target":{"@type":"EntryPoint","urlTemplate":"https:\/\/www.koupeltech.com\/?s={search_term_string}"},"query-input":{"@type":"PropertyValueSpecification","valueRequired":true,"valueName":"search_term_string"}}],"inLanguage":"cs"}]}},"_links":{"self":[{"href":"https:\/\/www.koupeltech.com\/index.php\/wp-json\/wp\/v2\/product\/48185","targetHints":{"allow":["GET"]}}],"collection":[{"href":"https:\/\/www.koupeltech.com\/index.php\/wp-json\/wp\/v2\/product"}],"about":[{"href":"https:\/\/www.koupeltech.com\/index.php\/wp-json\/wp\/v2\/types\/product"}],"replies":[{"embeddable":true,"href":"https:\/\/www.koupeltech.com\/index.php\/wp-json\/wp\/v2\/comments?post=48185"}],"wp:featuredmedia":[{"embeddable":true,"href":"https:\/\/www.koupeltech.com\/index.php\/wp-json\/wp\/v2\/media\/48285"}],"wp:attachment":[{"href":"https:\/\/www.koupeltech.com\/index.php\/wp-json\/wp\/v2\/media?parent=48185"}],"wp:term":[{"taxonomy":"product_brand","embeddable":true,"href":"https:\/\/www.koupeltech.com\/index.php\/wp-json\/wp\/v2\/product_brand?post=48185"},{"taxonomy":"product_cat","embeddable":true,"href":"https:\/\/www.koupeltech.com\/index.php\/wp-json\/wp\/v2\/product_cat?post=48185"},{"taxonomy":"product_tag","embeddable":true,"href":"https:\/\/www.koupeltech.com\/index.php\/wp-json\/wp\/v2\/product_tag?post=48185"}],"curies":[{"name":"wp","href":"https:\/\/api.w.org\/{rel}","templated":true}]}}