{"id":48316,"date":"2026-04-27T14:03:05","date_gmt":"2026-04-27T14:03:05","guid":{"rendered":""},"modified":"2026-04-27T14:03:05","modified_gmt":"2026-04-27T14:03:05","slug":"zlevneny-makita-d-73704-stetcovy-kartac-potazeny-mosazi-o-12-mm-48316","status":"publish","type":"product","link":"https:\/\/www.koupeltech.com\/index.php\/produkt\/zlevneny-makita-d-73704-stetcovy-kartac-potazeny-mosazi-o-12-mm-48316\/","title":{"rendered":"Zlevn\u011bn\u00fd Makita D-73704 \u0160t\u011btcov\u00fd kart\u00e1\u010d pota\u017een\u00fd mosaz\u00ed \u00d8 12 mm"},"content":{"rendered":"<table>\n<div class=\"tab-pane active product-description\" id=\"popis\" role=\"tabpanel\">\n<div class=\"short-description\" itemprop=\"description\"><\/div>\n<div class=\"description\"><span class='bullet-line'>Nov\u00e9 dr\u00e1t\u011bn\u00e9 kart\u00e1\u010de s up\u00edn\u00e1n\u00edm \u0161estihran 1\/4\u201c. <br \/><\/span><span class='bullet-line'>Kart\u00e1\u010de jsou vhodn\u00e9 pro brou\u0161en\u00ed \u017eelezn\u00fdch a d\u0159ev\u011bn\u00fdm materi\u00e1l\u016f. <br \/><\/span><span class='bullet-line'>Ide\u00e1ln\u00ed pou\u017eit\u00ed u vrtac\u00edch nebo r\u00e1zov\u00fdch \u0161roubov\u00e1k\u016f. <br \/><\/span><span class='bullet-line'>Mosazn\u00e1 povrchov\u00e1 \u00faprava zabra\u0148uje korozi.<\/span><\/div>\n<\/table>\n","protected":false},"excerpt":{"rendered":"<p>Nov\u00e9 dr\u00e1t\u011bn\u00e9 kart\u00e1\u010de s up\u00edn\u00e1n\u00edm \u0161estihran 1\/4\u201c. Kart\u00e1\u010de jsou vhodn\u00e9 pro brou\u0161en\u00ed \u017eelezn\u00fdch a d\u0159ev\u011bn\u00fdm materi\u00e1l\u016f. Ide\u00e1ln\u00ed pou\u017eit\u00ed u vrtac\u00edch nebo r\u00e1zov\u00fdch \u0161roubov\u00e1k\u016f. Mosazn\u00e1 povrchov\u00e1 \u00faprava zabra\u0148uje korozi.<\/p>\n","protected":false},"featured_media":48416,"comment_status":"open","ping_status":"open","template":"","meta":[],"product_brand":[],"product_cat":[43],"product_tag":[],"class_list":{"0":"post-48316","1":"product","2":"type-product","3":"status-publish","4":"has-post-thumbnail","6":"product_cat-naradi","8":"first","9":"instock","10":"sale","11":"shipping-taxable","12":"purchasable","13":"product-type-simple"},"yoast_head":"<!-- This site is optimized with the Yoast SEO plugin v26.8 - https:\/\/yoast.com\/product\/yoast-seo-wordpress\/ -->\n<title>Zlevn\u011bn\u00fd Makita D-73704 \u0160t\u011btcov\u00fd kart\u00e1\u010d pota\u017een\u00fd mosaz\u00ed \u00d8 12 mm -<\/title>\n<meta name=\"robots\" content=\"index, follow, max-snippet:-1, max-image-preview:large, max-video-preview:-1\" \/>\n<link rel=\"canonical\" href=\"https:\/\/www.koupeltech.com\/index.php\/produkt\/zlevneny-makita-d-73704-stetcovy-kartac-potazeny-mosazi-o-12-mm-48316\/\" \/>\n<meta property=\"og:locale\" content=\"cs_CZ\" \/>\n<meta property=\"og:type\" content=\"article\" \/>\n<meta property=\"og:title\" content=\"Zlevn\u011bn\u00fd Makita D-73704 \u0160t\u011btcov\u00fd kart\u00e1\u010d pota\u017een\u00fd mosaz\u00ed \u00d8 12 mm -\" \/>\n<meta property=\"og:description\" content=\"Nov\u00e9 dr\u00e1t\u011bn\u00e9 kart\u00e1\u010de s up\u00edn\u00e1n\u00edm \u0161estihran 1\/4\u201c. Kart\u00e1\u010de jsou vhodn\u00e9 pro brou\u0161en\u00ed \u017eelezn\u00fdch a d\u0159ev\u011bn\u00fdm materi\u00e1l\u016f. Ide\u00e1ln\u00ed pou\u017eit\u00ed u vrtac\u00edch nebo r\u00e1zov\u00fdch \u0161roubov\u00e1k\u016f. Mosazn\u00e1 povrchov\u00e1 \u00faprava zabra\u0148uje korozi.\" \/>\n<meta property=\"og:url\" content=\"https:\/\/www.koupeltech.com\/index.php\/produkt\/zlevneny-makita-d-73704-stetcovy-kartac-potazeny-mosazi-o-12-mm-48316\/\" \/>\n<meta property=\"og:image\" content=\"https:\/\/www.koupeltech.com\/wp-content\/uploads\/2026\/SK0026248-CZ20260425-092328-0-1777080210-priloha_-skk-46506.webp\" \/>\n\t<meta property=\"og:image:width\" content=\"827\" \/>\n\t<meta property=\"og:image:height\" content=\"596\" \/>\n\t<meta property=\"og:image:type\" content=\"image\/webp\" \/>\n<meta name=\"twitter:card\" content=\"summary_large_image\" \/>\n<script type=\"application\/ld+json\" class=\"yoast-schema-graph\">{\"@context\":\"https:\/\/schema.org\",\"@graph\":[{\"@type\":\"WebPage\",\"@id\":\"https:\/\/www.koupeltech.com\/index.php\/produkt\/zlevneny-makita-d-73704-stetcovy-kartac-potazeny-mosazi-o-12-mm-48316\/\",\"url\":\"https:\/\/www.koupeltech.com\/index.php\/produkt\/zlevneny-makita-d-73704-stetcovy-kartac-potazeny-mosazi-o-12-mm-48316\/\",\"name\":\"Zlevn\u011bn\u00fd Makita D-73704 \u0160t\u011btcov\u00fd kart\u00e1\u010d pota\u017een\u00fd mosaz\u00ed \u00d8 12 mm -\",\"isPartOf\":{\"@id\":\"https:\/\/www.koupeltech.com\/#website\"},\"primaryImageOfPage\":{\"@id\":\"https:\/\/www.koupeltech.com\/index.php\/produkt\/zlevneny-makita-d-73704-stetcovy-kartac-potazeny-mosazi-o-12-mm-48316\/#primaryimage\"},\"image\":{\"@id\":\"https:\/\/www.koupeltech.com\/index.php\/produkt\/zlevneny-makita-d-73704-stetcovy-kartac-potazeny-mosazi-o-12-mm-48316\/#primaryimage\"},\"thumbnailUrl\":\"https:\/\/www.koupeltech.com\/wp-content\/uploads\/2026\/SK0026248-CZ20260425-092328-0-1777080210-priloha_-skk-46506.webp\",\"datePublished\":\"2026-04-27T14:03:05+00:00\",\"breadcrumb\":{\"@id\":\"https:\/\/www.koupeltech.com\/index.php\/produkt\/zlevneny-makita-d-73704-stetcovy-kartac-potazeny-mosazi-o-12-mm-48316\/#breadcrumb\"},\"inLanguage\":\"cs\",\"potentialAction\":[{\"@type\":\"ReadAction\",\"target\":[\"https:\/\/www.koupeltech.com\/index.php\/produkt\/zlevneny-makita-d-73704-stetcovy-kartac-potazeny-mosazi-o-12-mm-48316\/\"]}]},{\"@type\":\"ImageObject\",\"inLanguage\":\"cs\",\"@id\":\"https:\/\/www.koupeltech.com\/index.php\/produkt\/zlevneny-makita-d-73704-stetcovy-kartac-potazeny-mosazi-o-12-mm-48316\/#primaryimage\",\"url\":\"https:\/\/www.koupeltech.com\/wp-content\/uploads\/2026\/SK0026248-CZ20260425-092328-0-1777080210-priloha_-skk-46506.webp\",\"contentUrl\":\"https:\/\/www.koupeltech.com\/wp-content\/uploads\/2026\/SK0026248-CZ20260425-092328-0-1777080210-priloha_-skk-46506.webp\",\"width\":827,\"height\":596},{\"@type\":\"BreadcrumbList\",\"@id\":\"https:\/\/www.koupeltech.com\/index.php\/produkt\/zlevneny-makita-d-73704-stetcovy-kartac-potazeny-mosazi-o-12-mm-48316\/#breadcrumb\",\"itemListElement\":[{\"@type\":\"ListItem\",\"position\":1,\"name\":\"Home\",\"item\":\"https:\/\/www.koupeltech.com\/\"},{\"@type\":\"ListItem\",\"position\":2,\"name\":\"Products\",\"item\":\"https:\/\/www.koupeltech.com\/index.php\/products\/\"},{\"@type\":\"ListItem\",\"position\":3,\"name\":\"Zlevn\u011bn\u00fd Makita D-73704 \u0160t\u011btcov\u00fd kart\u00e1\u010d pota\u017een\u00fd mosaz\u00ed \u00d8 12 mm\"}]},{\"@type\":\"WebSite\",\"@id\":\"https:\/\/www.koupeltech.com\/#website\",\"url\":\"https:\/\/www.koupeltech.com\/\",\"name\":\"\",\"description\":\"\",\"potentialAction\":[{\"@type\":\"SearchAction\",\"target\":{\"@type\":\"EntryPoint\",\"urlTemplate\":\"https:\/\/www.koupeltech.com\/?s={search_term_string}\"},\"query-input\":{\"@type\":\"PropertyValueSpecification\",\"valueRequired\":true,\"valueName\":\"search_term_string\"}}],\"inLanguage\":\"cs\"}]}<\/script>\n<!-- \/ Yoast SEO plugin. -->","yoast_head_json":{"title":"Zlevn\u011bn\u00fd Makita D-73704 \u0160t\u011btcov\u00fd kart\u00e1\u010d pota\u017een\u00fd mosaz\u00ed \u00d8 12 mm -","robots":{"index":"index","follow":"follow","max-snippet":"max-snippet:-1","max-image-preview":"max-image-preview:large","max-video-preview":"max-video-preview:-1"},"canonical":"https:\/\/www.koupeltech.com\/index.php\/produkt\/zlevneny-makita-d-73704-stetcovy-kartac-potazeny-mosazi-o-12-mm-48316\/","og_locale":"cs_CZ","og_type":"article","og_title":"Zlevn\u011bn\u00fd Makita D-73704 \u0160t\u011btcov\u00fd kart\u00e1\u010d pota\u017een\u00fd mosaz\u00ed \u00d8 12 mm -","og_description":"Nov\u00e9 dr\u00e1t\u011bn\u00e9 kart\u00e1\u010de s up\u00edn\u00e1n\u00edm \u0161estihran 1\/4\u201c. Kart\u00e1\u010de jsou vhodn\u00e9 pro brou\u0161en\u00ed \u017eelezn\u00fdch a d\u0159ev\u011bn\u00fdm materi\u00e1l\u016f. Ide\u00e1ln\u00ed pou\u017eit\u00ed u vrtac\u00edch nebo r\u00e1zov\u00fdch \u0161roubov\u00e1k\u016f. Mosazn\u00e1 povrchov\u00e1 \u00faprava zabra\u0148uje korozi.","og_url":"https:\/\/www.koupeltech.com\/index.php\/produkt\/zlevneny-makita-d-73704-stetcovy-kartac-potazeny-mosazi-o-12-mm-48316\/","og_image":[{"width":827,"height":596,"url":"https:\/\/www.koupeltech.com\/wp-content\/uploads\/2026\/SK0026248-CZ20260425-092328-0-1777080210-priloha_-skk-46506.webp","type":"image\/webp"}],"twitter_card":"summary_large_image","schema":{"@context":"https:\/\/schema.org","@graph":[{"@type":"WebPage","@id":"https:\/\/www.koupeltech.com\/index.php\/produkt\/zlevneny-makita-d-73704-stetcovy-kartac-potazeny-mosazi-o-12-mm-48316\/","url":"https:\/\/www.koupeltech.com\/index.php\/produkt\/zlevneny-makita-d-73704-stetcovy-kartac-potazeny-mosazi-o-12-mm-48316\/","name":"Zlevn\u011bn\u00fd Makita D-73704 \u0160t\u011btcov\u00fd kart\u00e1\u010d pota\u017een\u00fd mosaz\u00ed \u00d8 12 mm -","isPartOf":{"@id":"https:\/\/www.koupeltech.com\/#website"},"primaryImageOfPage":{"@id":"https:\/\/www.koupeltech.com\/index.php\/produkt\/zlevneny-makita-d-73704-stetcovy-kartac-potazeny-mosazi-o-12-mm-48316\/#primaryimage"},"image":{"@id":"https:\/\/www.koupeltech.com\/index.php\/produkt\/zlevneny-makita-d-73704-stetcovy-kartac-potazeny-mosazi-o-12-mm-48316\/#primaryimage"},"thumbnailUrl":"https:\/\/www.koupeltech.com\/wp-content\/uploads\/2026\/SK0026248-CZ20260425-092328-0-1777080210-priloha_-skk-46506.webp","datePublished":"2026-04-27T14:03:05+00:00","breadcrumb":{"@id":"https:\/\/www.koupeltech.com\/index.php\/produkt\/zlevneny-makita-d-73704-stetcovy-kartac-potazeny-mosazi-o-12-mm-48316\/#breadcrumb"},"inLanguage":"cs","potentialAction":[{"@type":"ReadAction","target":["https:\/\/www.koupeltech.com\/index.php\/produkt\/zlevneny-makita-d-73704-stetcovy-kartac-potazeny-mosazi-o-12-mm-48316\/"]}]},{"@type":"ImageObject","inLanguage":"cs","@id":"https:\/\/www.koupeltech.com\/index.php\/produkt\/zlevneny-makita-d-73704-stetcovy-kartac-potazeny-mosazi-o-12-mm-48316\/#primaryimage","url":"https:\/\/www.koupeltech.com\/wp-content\/uploads\/2026\/SK0026248-CZ20260425-092328-0-1777080210-priloha_-skk-46506.webp","contentUrl":"https:\/\/www.koupeltech.com\/wp-content\/uploads\/2026\/SK0026248-CZ20260425-092328-0-1777080210-priloha_-skk-46506.webp","width":827,"height":596},{"@type":"BreadcrumbList","@id":"https:\/\/www.koupeltech.com\/index.php\/produkt\/zlevneny-makita-d-73704-stetcovy-kartac-potazeny-mosazi-o-12-mm-48316\/#breadcrumb","itemListElement":[{"@type":"ListItem","position":1,"name":"Home","item":"https:\/\/www.koupeltech.com\/"},{"@type":"ListItem","position":2,"name":"Products","item":"https:\/\/www.koupeltech.com\/index.php\/products\/"},{"@type":"ListItem","position":3,"name":"Zlevn\u011bn\u00fd Makita D-73704 \u0160t\u011btcov\u00fd kart\u00e1\u010d pota\u017een\u00fd mosaz\u00ed \u00d8 12 mm"}]},{"@type":"WebSite","@id":"https:\/\/www.koupeltech.com\/#website","url":"https:\/\/www.koupeltech.com\/","name":"","description":"","potentialAction":[{"@type":"SearchAction","target":{"@type":"EntryPoint","urlTemplate":"https:\/\/www.koupeltech.com\/?s={search_term_string}"},"query-input":{"@type":"PropertyValueSpecification","valueRequired":true,"valueName":"search_term_string"}}],"inLanguage":"cs"}]}},"_links":{"self":[{"href":"https:\/\/www.koupeltech.com\/index.php\/wp-json\/wp\/v2\/product\/48316","targetHints":{"allow":["GET"]}}],"collection":[{"href":"https:\/\/www.koupeltech.com\/index.php\/wp-json\/wp\/v2\/product"}],"about":[{"href":"https:\/\/www.koupeltech.com\/index.php\/wp-json\/wp\/v2\/types\/product"}],"replies":[{"embeddable":true,"href":"https:\/\/www.koupeltech.com\/index.php\/wp-json\/wp\/v2\/comments?post=48316"}],"wp:featuredmedia":[{"embeddable":true,"href":"https:\/\/www.koupeltech.com\/index.php\/wp-json\/wp\/v2\/media\/48416"}],"wp:attachment":[{"href":"https:\/\/www.koupeltech.com\/index.php\/wp-json\/wp\/v2\/media?parent=48316"}],"wp:term":[{"taxonomy":"product_brand","embeddable":true,"href":"https:\/\/www.koupeltech.com\/index.php\/wp-json\/wp\/v2\/product_brand?post=48316"},{"taxonomy":"product_cat","embeddable":true,"href":"https:\/\/www.koupeltech.com\/index.php\/wp-json\/wp\/v2\/product_cat?post=48316"},{"taxonomy":"product_tag","embeddable":true,"href":"https:\/\/www.koupeltech.com\/index.php\/wp-json\/wp\/v2\/product_tag?post=48316"}],"curies":[{"name":"wp","href":"https:\/\/api.w.org\/{rel}","templated":true}]}}