{"id":48507,"date":"2026-04-27T14:03:06","date_gmt":"2026-04-27T14:03:06","guid":{"rendered":""},"modified":"2026-04-27T14:03:06","modified_gmt":"2026-04-27T14:03:06","slug":"akce-senator-sen5825202c-sady-ockoplochych-klicu-6-19mm-14-ks-48507","status":"publish","type":"product","link":"https:\/\/www.koupeltech.com\/index.php\/produkt\/akce-senator-sen5825202c-sady-ockoplochych-klicu-6-19mm-14-ks-48507\/","title":{"rendered":"Akce Senator SEN5825202C Sady o\u010dkoploch\u00fdch kl\u00ed\u010d\u016f 6-19mm-14 ks"},"content":{"rendered":"<table>\n<div class=\"tab-pane active product-description\" id=\"popis\" role=\"tabpanel\">\n<div class=\"short-description\" itemprop=\"description\"><\/div>\n<div class=\"description\"><span class='bullet-line'>Tyto sady kl\u00ed\u010d\u016f se sat\u00e9nov\u00fdm povrchem, vyroben\u00e9 z chrom-vanadiov\u00e9 oceli, p\u0159edstavuj\u00ed snadn\u00fd zp\u016fsob, jak zajistit, abyste m\u011bli n\u00e1stroj spr\u00e1vn\u00e9 velikosti v\u017edy po ruce. <br \/><\/span><span class='bullet-line'>Lze zakoupit jako sadu 14 nebo 25 kus\u016f, ka\u017ed\u00e1 sada je dod\u00e1v\u00e1na v flexibiln\u00ed plastov\u00e9 pen\u011b\u017eence se slotem navr\u017een\u00fdm tak, aby vyhovoval ka\u017ed\u00e9 konkr\u00e9tn\u00ed velikosti.<br \/><\/span><span class='bullet-line'>S 15\u00b0 zalomen\u00fdmi hlavami.<br \/><\/span><br \/>\u27a4 Vlastnosti a v\u00fdhody<span class='bullet-line'>Vyrobeno z chrom-vanadiov\u00e9 oceli, co\u017e z n\u011bj \u010din\u00ed vysoce odoln\u00fd produkt<br \/><\/span><span class='bullet-line'>Dod\u00e1v\u00e1no ve flexibiln\u00ed plastov\u00e9 pen\u011b\u017eence se samostatn\u00fdmi sloty pro ka\u017ed\u00fd kus, abyste m\u011bli sv\u00e9 n\u00e1stroje uspo\u0159\u00e1dan\u00e9<br \/><\/span><span class='bullet-line'>Snadn\u00e1 p\u0159eprava, proto\u017ee plastov\u00e1 pen\u011b\u017eenka se d\u00e1 slo\u017eit<br \/><\/span><br \/>\u27a4 Obsah<span class='bullet-line'>Kl\u00ed\u010de 6, 7, 8, 9, 10, 11, 12, 13, 14, 15, 16, 17, 18 a 19 mm<br \/><\/span><br \/>\u27a4 typick\u00e9 aplikace<span class='bullet-line'>Ide\u00e1ln\u00ed pro pou\u017eit\u00ed p\u0159i povolov\u00e1n\u00ed nebo utahov\u00e1n\u00ed matic v r\u016fzn\u00fdch prost\u0159ed\u00edch<\/span><\/div>\n<div class=\"parameters\">\n<tr>\n<td>Povrchov\u00e1 \u00faprava\/n\u00e1t\u011br<\/td>\n<td>Matn\u00fd<\/td>\n<\/tr>\n<tr>\n<td>Materi\u00e1l<\/td>\n<td>Chromvanadiov\u00e1 ocel<\/td>\n<\/tr>\n<tr>\n<td>Metrick\u00e9 nebo imperi\u00e1ln\u00ed<\/td>\n<td>Metrick\u00fd<\/td>\n<\/tr>\n<tr>\n<td>Po\u010det kus\u016f<\/td>\n<td>14<\/td>\n<\/tr>\n<tr>\n<td>Rozsah velikost\u00ed<\/td>\n<td>6-19 mm<\/td>\n<\/tr>\n<tr>\n<td>Velikost kl\u00ed\u010de<\/td>\n<td>10 mm; 11 mm; 12 mm; 13 mm; 14 mm; 15 mm; 16 mm; 17 mm; 18 mm; 19 mm; 6 mm; 7 mm; 8 mm; 9 mm<\/td>\n<\/tr><\/div>\n<\/table>\n","protected":false},"excerpt":{"rendered":"<p>Tyto sady kl\u00ed\u010d\u016f se sat\u00e9nov\u00fdm povrchem, vyroben\u00e9 z chrom-vanadiov\u00e9 oceli, p\u0159edstavuj\u00ed snadn\u00fd zp\u016fsob, jak zajistit, abyste m\u011bli n\u00e1stroj spr\u00e1vn\u00e9 velikosti v\u017edy po ruce. Lze zakoupit jako sadu 14 nebo 25 kus\u016f, ka\u017ed\u00e1 sada je dod\u00e1v\u00e1na v flexibiln\u00ed plastov\u00e9 pen\u011b\u017eence se slotem navr\u017een\u00fdm tak, aby vyhovoval ka\u017ed\u00e9 konkr\u00e9tn\u00ed velikosti.S 15\u00b0 zalomen\u00fdmi hlavami.\u27a4 Vlastnosti a v\u00fdhodyVyrobeno z [&hellip;]<\/p>\n","protected":false},"featured_media":48607,"comment_status":"open","ping_status":"open","template":"","meta":[],"product_brand":[],"product_cat":[43],"product_tag":[],"class_list":{"0":"post-48507","1":"product","2":"type-product","3":"status-publish","4":"has-post-thumbnail","6":"product_cat-naradi","8":"first","9":"instock","10":"sale","11":"shipping-taxable","12":"purchasable","13":"product-type-simple"},"yoast_head":"<!-- This site is optimized with the Yoast SEO plugin v26.8 - https:\/\/yoast.com\/product\/yoast-seo-wordpress\/ -->\n<title>Akce Senator SEN5825202C Sady o\u010dkoploch\u00fdch kl\u00ed\u010d\u016f 6-19mm-14 ks -<\/title>\n<meta name=\"robots\" content=\"index, follow, max-snippet:-1, max-image-preview:large, max-video-preview:-1\" \/>\n<link rel=\"canonical\" href=\"https:\/\/www.koupeltech.com\/index.php\/produkt\/akce-senator-sen5825202c-sady-ockoplochych-klicu-6-19mm-14-ks-48507\/\" \/>\n<meta property=\"og:locale\" content=\"cs_CZ\" \/>\n<meta property=\"og:type\" content=\"article\" \/>\n<meta property=\"og:title\" content=\"Akce Senator SEN5825202C Sady o\u010dkoploch\u00fdch kl\u00ed\u010d\u016f 6-19mm-14 ks -\" \/>\n<meta property=\"og:description\" content=\"Tyto sady kl\u00ed\u010d\u016f se sat\u00e9nov\u00fdm povrchem, vyroben\u00e9 z chrom-vanadiov\u00e9 oceli, p\u0159edstavuj\u00ed snadn\u00fd zp\u016fsob, jak zajistit, abyste m\u011bli n\u00e1stroj spr\u00e1vn\u00e9 velikosti v\u017edy po ruce. Lze zakoupit jako sadu 14 nebo 25 kus\u016f, ka\u017ed\u00e1 sada je dod\u00e1v\u00e1na v flexibiln\u00ed plastov\u00e9 pen\u011b\u017eence se slotem navr\u017een\u00fdm tak, aby vyhovoval ka\u017ed\u00e9 konkr\u00e9tn\u00ed velikosti.S 15\u00b0 zalomen\u00fdmi hlavami.\u27a4 Vlastnosti a v\u00fdhodyVyrobeno z [&hellip;]\" \/>\n<meta property=\"og:url\" content=\"https:\/\/www.koupeltech.com\/index.php\/produkt\/akce-senator-sen5825202c-sady-ockoplochych-klicu-6-19mm-14-ks-48507\/\" \/>\n<meta property=\"og:image\" content=\"https:\/\/www.koupeltech.com\/wp-content\/uploads\/2026\/SK0026339-CZ20260425-092328-0-1777080210-79480_p_1629011629657-1.webp\" \/>\n\t<meta property=\"og:image:width\" content=\"700\" \/>\n\t<meta property=\"og:image:height\" content=\"700\" \/>\n\t<meta property=\"og:image:type\" content=\"image\/webp\" \/>\n<meta name=\"twitter:card\" content=\"summary_large_image\" \/>\n<meta name=\"twitter:label1\" content=\"Odhadovan\u00e1 doba \u010dten\u00ed\" \/>\n\t<meta name=\"twitter:data1\" content=\"1 minuta\" \/>\n<script type=\"application\/ld+json\" class=\"yoast-schema-graph\">{\"@context\":\"https:\/\/schema.org\",\"@graph\":[{\"@type\":\"WebPage\",\"@id\":\"https:\/\/www.koupeltech.com\/index.php\/produkt\/akce-senator-sen5825202c-sady-ockoplochych-klicu-6-19mm-14-ks-48507\/\",\"url\":\"https:\/\/www.koupeltech.com\/index.php\/produkt\/akce-senator-sen5825202c-sady-ockoplochych-klicu-6-19mm-14-ks-48507\/\",\"name\":\"Akce Senator SEN5825202C Sady o\u010dkoploch\u00fdch kl\u00ed\u010d\u016f 6-19mm-14 ks -\",\"isPartOf\":{\"@id\":\"https:\/\/www.koupeltech.com\/#website\"},\"primaryImageOfPage\":{\"@id\":\"https:\/\/www.koupeltech.com\/index.php\/produkt\/akce-senator-sen5825202c-sady-ockoplochych-klicu-6-19mm-14-ks-48507\/#primaryimage\"},\"image\":{\"@id\":\"https:\/\/www.koupeltech.com\/index.php\/produkt\/akce-senator-sen5825202c-sady-ockoplochych-klicu-6-19mm-14-ks-48507\/#primaryimage\"},\"thumbnailUrl\":\"https:\/\/www.koupeltech.com\/wp-content\/uploads\/2026\/SK0026339-CZ20260425-092328-0-1777080210-79480_p_1629011629657-1.webp\",\"datePublished\":\"2026-04-27T14:03:06+00:00\",\"breadcrumb\":{\"@id\":\"https:\/\/www.koupeltech.com\/index.php\/produkt\/akce-senator-sen5825202c-sady-ockoplochych-klicu-6-19mm-14-ks-48507\/#breadcrumb\"},\"inLanguage\":\"cs\",\"potentialAction\":[{\"@type\":\"ReadAction\",\"target\":[\"https:\/\/www.koupeltech.com\/index.php\/produkt\/akce-senator-sen5825202c-sady-ockoplochych-klicu-6-19mm-14-ks-48507\/\"]}]},{\"@type\":\"ImageObject\",\"inLanguage\":\"cs\",\"@id\":\"https:\/\/www.koupeltech.com\/index.php\/produkt\/akce-senator-sen5825202c-sady-ockoplochych-klicu-6-19mm-14-ks-48507\/#primaryimage\",\"url\":\"https:\/\/www.koupeltech.com\/wp-content\/uploads\/2026\/SK0026339-CZ20260425-092328-0-1777080210-79480_p_1629011629657-1.webp\",\"contentUrl\":\"https:\/\/www.koupeltech.com\/wp-content\/uploads\/2026\/SK0026339-CZ20260425-092328-0-1777080210-79480_p_1629011629657-1.webp\",\"width\":700,\"height\":700},{\"@type\":\"BreadcrumbList\",\"@id\":\"https:\/\/www.koupeltech.com\/index.php\/produkt\/akce-senator-sen5825202c-sady-ockoplochych-klicu-6-19mm-14-ks-48507\/#breadcrumb\",\"itemListElement\":[{\"@type\":\"ListItem\",\"position\":1,\"name\":\"Home\",\"item\":\"https:\/\/www.koupeltech.com\/\"},{\"@type\":\"ListItem\",\"position\":2,\"name\":\"Products\",\"item\":\"https:\/\/www.koupeltech.com\/index.php\/products\/\"},{\"@type\":\"ListItem\",\"position\":3,\"name\":\"Akce Senator SEN5825202C Sady o\u010dkoploch\u00fdch kl\u00ed\u010d\u016f 6-19mm-14 ks\"}]},{\"@type\":\"WebSite\",\"@id\":\"https:\/\/www.koupeltech.com\/#website\",\"url\":\"https:\/\/www.koupeltech.com\/\",\"name\":\"\",\"description\":\"\",\"potentialAction\":[{\"@type\":\"SearchAction\",\"target\":{\"@type\":\"EntryPoint\",\"urlTemplate\":\"https:\/\/www.koupeltech.com\/?s={search_term_string}\"},\"query-input\":{\"@type\":\"PropertyValueSpecification\",\"valueRequired\":true,\"valueName\":\"search_term_string\"}}],\"inLanguage\":\"cs\"}]}<\/script>\n<!-- \/ Yoast SEO plugin. -->","yoast_head_json":{"title":"Akce Senator SEN5825202C Sady o\u010dkoploch\u00fdch kl\u00ed\u010d\u016f 6-19mm-14 ks -","robots":{"index":"index","follow":"follow","max-snippet":"max-snippet:-1","max-image-preview":"max-image-preview:large","max-video-preview":"max-video-preview:-1"},"canonical":"https:\/\/www.koupeltech.com\/index.php\/produkt\/akce-senator-sen5825202c-sady-ockoplochych-klicu-6-19mm-14-ks-48507\/","og_locale":"cs_CZ","og_type":"article","og_title":"Akce Senator SEN5825202C Sady o\u010dkoploch\u00fdch kl\u00ed\u010d\u016f 6-19mm-14 ks -","og_description":"Tyto sady kl\u00ed\u010d\u016f se sat\u00e9nov\u00fdm povrchem, vyroben\u00e9 z chrom-vanadiov\u00e9 oceli, p\u0159edstavuj\u00ed snadn\u00fd zp\u016fsob, jak zajistit, abyste m\u011bli n\u00e1stroj spr\u00e1vn\u00e9 velikosti v\u017edy po ruce. Lze zakoupit jako sadu 14 nebo 25 kus\u016f, ka\u017ed\u00e1 sada je dod\u00e1v\u00e1na v flexibiln\u00ed plastov\u00e9 pen\u011b\u017eence se slotem navr\u017een\u00fdm tak, aby vyhovoval ka\u017ed\u00e9 konkr\u00e9tn\u00ed velikosti.S 15\u00b0 zalomen\u00fdmi hlavami.\u27a4 Vlastnosti a v\u00fdhodyVyrobeno z [&hellip;]","og_url":"https:\/\/www.koupeltech.com\/index.php\/produkt\/akce-senator-sen5825202c-sady-ockoplochych-klicu-6-19mm-14-ks-48507\/","og_image":[{"width":700,"height":700,"url":"https:\/\/www.koupeltech.com\/wp-content\/uploads\/2026\/SK0026339-CZ20260425-092328-0-1777080210-79480_p_1629011629657-1.webp","type":"image\/webp"}],"twitter_card":"summary_large_image","twitter_misc":{"Odhadovan\u00e1 doba \u010dten\u00ed":"1 minuta"},"schema":{"@context":"https:\/\/schema.org","@graph":[{"@type":"WebPage","@id":"https:\/\/www.koupeltech.com\/index.php\/produkt\/akce-senator-sen5825202c-sady-ockoplochych-klicu-6-19mm-14-ks-48507\/","url":"https:\/\/www.koupeltech.com\/index.php\/produkt\/akce-senator-sen5825202c-sady-ockoplochych-klicu-6-19mm-14-ks-48507\/","name":"Akce Senator SEN5825202C Sady o\u010dkoploch\u00fdch kl\u00ed\u010d\u016f 6-19mm-14 ks -","isPartOf":{"@id":"https:\/\/www.koupeltech.com\/#website"},"primaryImageOfPage":{"@id":"https:\/\/www.koupeltech.com\/index.php\/produkt\/akce-senator-sen5825202c-sady-ockoplochych-klicu-6-19mm-14-ks-48507\/#primaryimage"},"image":{"@id":"https:\/\/www.koupeltech.com\/index.php\/produkt\/akce-senator-sen5825202c-sady-ockoplochych-klicu-6-19mm-14-ks-48507\/#primaryimage"},"thumbnailUrl":"https:\/\/www.koupeltech.com\/wp-content\/uploads\/2026\/SK0026339-CZ20260425-092328-0-1777080210-79480_p_1629011629657-1.webp","datePublished":"2026-04-27T14:03:06+00:00","breadcrumb":{"@id":"https:\/\/www.koupeltech.com\/index.php\/produkt\/akce-senator-sen5825202c-sady-ockoplochych-klicu-6-19mm-14-ks-48507\/#breadcrumb"},"inLanguage":"cs","potentialAction":[{"@type":"ReadAction","target":["https:\/\/www.koupeltech.com\/index.php\/produkt\/akce-senator-sen5825202c-sady-ockoplochych-klicu-6-19mm-14-ks-48507\/"]}]},{"@type":"ImageObject","inLanguage":"cs","@id":"https:\/\/www.koupeltech.com\/index.php\/produkt\/akce-senator-sen5825202c-sady-ockoplochych-klicu-6-19mm-14-ks-48507\/#primaryimage","url":"https:\/\/www.koupeltech.com\/wp-content\/uploads\/2026\/SK0026339-CZ20260425-092328-0-1777080210-79480_p_1629011629657-1.webp","contentUrl":"https:\/\/www.koupeltech.com\/wp-content\/uploads\/2026\/SK0026339-CZ20260425-092328-0-1777080210-79480_p_1629011629657-1.webp","width":700,"height":700},{"@type":"BreadcrumbList","@id":"https:\/\/www.koupeltech.com\/index.php\/produkt\/akce-senator-sen5825202c-sady-ockoplochych-klicu-6-19mm-14-ks-48507\/#breadcrumb","itemListElement":[{"@type":"ListItem","position":1,"name":"Home","item":"https:\/\/www.koupeltech.com\/"},{"@type":"ListItem","position":2,"name":"Products","item":"https:\/\/www.koupeltech.com\/index.php\/products\/"},{"@type":"ListItem","position":3,"name":"Akce Senator SEN5825202C Sady o\u010dkoploch\u00fdch kl\u00ed\u010d\u016f 6-19mm-14 ks"}]},{"@type":"WebSite","@id":"https:\/\/www.koupeltech.com\/#website","url":"https:\/\/www.koupeltech.com\/","name":"","description":"","potentialAction":[{"@type":"SearchAction","target":{"@type":"EntryPoint","urlTemplate":"https:\/\/www.koupeltech.com\/?s={search_term_string}"},"query-input":{"@type":"PropertyValueSpecification","valueRequired":true,"valueName":"search_term_string"}}],"inLanguage":"cs"}]}},"_links":{"self":[{"href":"https:\/\/www.koupeltech.com\/index.php\/wp-json\/wp\/v2\/product\/48507","targetHints":{"allow":["GET"]}}],"collection":[{"href":"https:\/\/www.koupeltech.com\/index.php\/wp-json\/wp\/v2\/product"}],"about":[{"href":"https:\/\/www.koupeltech.com\/index.php\/wp-json\/wp\/v2\/types\/product"}],"replies":[{"embeddable":true,"href":"https:\/\/www.koupeltech.com\/index.php\/wp-json\/wp\/v2\/comments?post=48507"}],"wp:featuredmedia":[{"embeddable":true,"href":"https:\/\/www.koupeltech.com\/index.php\/wp-json\/wp\/v2\/media\/48607"}],"wp:attachment":[{"href":"https:\/\/www.koupeltech.com\/index.php\/wp-json\/wp\/v2\/media?parent=48507"}],"wp:term":[{"taxonomy":"product_brand","embeddable":true,"href":"https:\/\/www.koupeltech.com\/index.php\/wp-json\/wp\/v2\/product_brand?post=48507"},{"taxonomy":"product_cat","embeddable":true,"href":"https:\/\/www.koupeltech.com\/index.php\/wp-json\/wp\/v2\/product_cat?post=48507"},{"taxonomy":"product_tag","embeddable":true,"href":"https:\/\/www.koupeltech.com\/index.php\/wp-json\/wp\/v2\/product_tag?post=48507"}],"curies":[{"name":"wp","href":"https:\/\/api.w.org\/{rel}","templated":true}]}}