{"id":4929,"date":"2026-04-27T13:56:38","date_gmt":"2026-04-27T13:56:38","guid":{"rendered":""},"modified":"2026-04-27T13:56:38","modified_gmt":"2026-04-27T13:56:38","slug":"akce-deko-light-nastenne-prisazene-svitidlo-shaula-220-240v-ac-50-60hz-e27-1x-max-60-00-w-286-cerna-light-impressions-4929","status":"publish","type":"product","link":"https:\/\/www.koupeltech.com\/index.php\/produkt\/akce-deko-light-nastenne-prisazene-svitidlo-shaula-220-240v-ac-50-60hz-e27-1x-max-60-00-w-286-cerna-light-impressions-4929\/","title":{"rendered":"Akce Deko-Light n\u00e1st\u011bnn\u00e9 p\u0159isazen\u00e9 sv\u00edtidlo Shaula 220-240V AC\/50-60Hz E27 1x max. 60,00 W 286 \u010dern\u00e1 &#8211; LIGHT IMPRESSIONS"},"content":{"rendered":"<h3 class=\"product-h3\">Popis produktu<\/h3>\n<p>\n<ul>\n<li>Rustik\u00e1ln\u00ed design<\/li>\n<li>vym\u011bniteln\u00fd sv\u011bteln\u00fd zdroj E27 (Retrofit)<\/li>\n<\/ul>\n<ul>\n<li>vhodn\u00e9 pro nasv\u00edcen\u00ed fas\u00e1d nebo objekt\u016f<\/li>\n<li>gar\u00e1\u017e \/ gar\u00e1\u017e.st\u00e1n\u00ed \/ parkovac\u00ed m\u00edsto<\/li>\n<li>osv\u011btlen\u00ed vchodu \/ dvora \/ cesty<\/li>\n<\/ul>\n<\/p><\/div>\n<\/p><\/div>\n<p><\/p>\n<div class=\"top-params\">\n<h3 class=\"product-h3 collapse-header \" data-toggle=\"collapse\" data-target=\"#collapseOne\" aria-expanded=\"true\" aria-controls=\"collapseOne\">Parametry<\/h3>\n<div id=\"collapseOne\" class=\"collapse show\" aria-labelledby=\"headingOne\" data-parent=\"#product-info-accordion1\">\n<table class=\"table-striped\">\n<tr>\n<td>                V\u00fd\u0161ka v mm            <\/td>\n<td>                330            <\/td>\n<\/tr>\n<tr>\n<td>                Stm\u00edvateln\u00e9            <\/td>\n<td>                ano, z\u00e1le\u017e\u00ed na pou\u017eit\u00e9 \u017e\u00e1rovce            <\/td>\n<\/tr>\n<tr>\n<td>                Hmotnost g            <\/td>\n<td>                1166            <\/td>\n<\/tr>\n<tr>\n<td>                \u0160\u00ed\u0159ka v mm            <\/td>\n<td>                270            <\/td>\n<\/tr>\n<tr>\n<td>                D\u00e9lka v mm            <\/td>\n<td>                286            <\/td>\n<\/tr>\n<tr>\n<td>                V\u00fdrobce            <\/td>\n<td>                LIGHT IMPRESSIONS            <\/td>\n<\/tr>\n<tr>\n<td>                Ochrana IP            <\/td>\n<td>                IP44            <\/td>\n<\/tr>\n<tr>\n<td>                Nap\u00e1jec\u00ed nap\u011bt\u00ed            <\/td>\n<td>                220-240V AC\/50-60Hz            <\/td>\n<\/tr>\n<tr>\n<td>                Patice            <\/td>\n<td>                E27            <\/td>\n<\/tr>\n<tr>\n<td>                Materi\u00e1l            <\/td>\n<td>                hlin\u00edk            <\/td>\n<\/tr>\n<tr>\n<td>                Barva            <\/td>\n<td>                \u010dern\u00e1            <\/td>\n<\/tr>\n<tr>\n<td>                Okoln\u00ed teplota            <\/td>\n<td>                -15\u00b0C &#8211; +50\u00b0C            <\/td>\n<\/tr>\n<tr>\n<td>                U v\u00fdrobce dostupn\u00fdch            <\/td>\n<td>                0                    ks            <\/td>\n<\/tr>\n<\/table>\n<\/div><\/div>\n<\/div>\n<div class=\"accordion\" id=\"product-info-accordion2\">\n","protected":false},"excerpt":{"rendered":"<p>Popis produktu Rustik\u00e1ln\u00ed design vym\u011bniteln\u00fd sv\u011bteln\u00fd zdroj E27 (Retrofit) vhodn\u00e9 pro nasv\u00edcen\u00ed fas\u00e1d nebo objekt\u016f gar\u00e1\u017e \/ gar\u00e1\u017e.st\u00e1n\u00ed \/ parkovac\u00ed m\u00edsto osv\u011btlen\u00ed vchodu \/ dvora \/ cesty Parametry V\u00fd\u0161ka v mm 330 Stm\u00edvateln\u00e9 ano, z\u00e1le\u017e\u00ed na pou\u017eit\u00e9 \u017e\u00e1rovce Hmotnost g 1166 \u0160\u00ed\u0159ka v mm 270 D\u00e9lka v mm 286 V\u00fdrobce LIGHT IMPRESSIONS Ochrana IP IP44 [&hellip;]<\/p>\n","protected":false},"featured_media":5029,"comment_status":"open","ping_status":"open","template":"","meta":[],"product_brand":[],"product_cat":[34],"product_tag":[],"class_list":{"0":"post-4929","1":"product","2":"type-product","3":"status-publish","4":"has-post-thumbnail","6":"product_cat-venkovni-svitidla","8":"first","9":"instock","10":"sale","11":"shipping-taxable","12":"purchasable","13":"product-type-simple"},"yoast_head":"<!-- This site is optimized with the Yoast SEO plugin v26.8 - https:\/\/yoast.com\/product\/yoast-seo-wordpress\/ -->\n<title>Akce Deko-Light n\u00e1st\u011bnn\u00e9 p\u0159isazen\u00e9 sv\u00edtidlo Shaula 220-240V AC\/50-60Hz E27 1x max. 60,00 W 286 \u010dern\u00e1 - LIGHT IMPRESSIONS -<\/title>\n<meta name=\"robots\" content=\"index, follow, max-snippet:-1, max-image-preview:large, max-video-preview:-1\" \/>\n<link rel=\"canonical\" href=\"https:\/\/www.koupeltech.com\/index.php\/produkt\/akce-deko-light-nastenne-prisazene-svitidlo-shaula-220-240v-ac-50-60hz-e27-1x-max-60-00-w-286-cerna-light-impressions-4929\/\" \/>\n<meta property=\"og:locale\" content=\"cs_CZ\" \/>\n<meta property=\"og:type\" content=\"article\" \/>\n<meta property=\"og:title\" content=\"Akce Deko-Light n\u00e1st\u011bnn\u00e9 p\u0159isazen\u00e9 sv\u00edtidlo Shaula 220-240V AC\/50-60Hz E27 1x max. 60,00 W 286 \u010dern\u00e1 - LIGHT IMPRESSIONS -\" \/>\n<meta property=\"og:description\" content=\"Popis produktu Rustik\u00e1ln\u00ed design vym\u011bniteln\u00fd sv\u011bteln\u00fd zdroj E27 (Retrofit) vhodn\u00e9 pro nasv\u00edcen\u00ed fas\u00e1d nebo objekt\u016f gar\u00e1\u017e \/ gar\u00e1\u017e.st\u00e1n\u00ed \/ parkovac\u00ed m\u00edsto osv\u011btlen\u00ed vchodu \/ dvora \/ cesty Parametry V\u00fd\u0161ka v mm 330 Stm\u00edvateln\u00e9 ano, z\u00e1le\u017e\u00ed na pou\u017eit\u00e9 \u017e\u00e1rovce Hmotnost g 1166 \u0160\u00ed\u0159ka v mm 270 D\u00e9lka v mm 286 V\u00fdrobce LIGHT IMPRESSIONS Ochrana IP IP44 [&hellip;]\" \/>\n<meta property=\"og:url\" content=\"https:\/\/www.koupeltech.com\/index.php\/produkt\/akce-deko-light-nastenne-prisazene-svitidlo-shaula-220-240v-ac-50-60hz-e27-1x-max-60-00-w-286-cerna-light-impressions-4929\/\" \/>\n<meta property=\"og:image\" content=\"https:\/\/www.koupeltech.com\/wp-content\/uploads\/2026\/SK0017817-CZ20260425-091535-0-1777079743-IMPR-341246.webp\" \/>\n\t<meta property=\"og:image:width\" content=\"703\" \/>\n\t<meta property=\"og:image:height\" content=\"800\" \/>\n\t<meta property=\"og:image:type\" content=\"image\/webp\" \/>\n<meta name=\"twitter:card\" content=\"summary_large_image\" \/>\n<script type=\"application\/ld+json\" class=\"yoast-schema-graph\">{\"@context\":\"https:\/\/schema.org\",\"@graph\":[{\"@type\":\"WebPage\",\"@id\":\"https:\/\/www.koupeltech.com\/index.php\/produkt\/akce-deko-light-nastenne-prisazene-svitidlo-shaula-220-240v-ac-50-60hz-e27-1x-max-60-00-w-286-cerna-light-impressions-4929\/\",\"url\":\"https:\/\/www.koupeltech.com\/index.php\/produkt\/akce-deko-light-nastenne-prisazene-svitidlo-shaula-220-240v-ac-50-60hz-e27-1x-max-60-00-w-286-cerna-light-impressions-4929\/\",\"name\":\"Akce Deko-Light n\u00e1st\u011bnn\u00e9 p\u0159isazen\u00e9 sv\u00edtidlo Shaula 220-240V AC\/50-60Hz E27 1x max. 60,00 W 286 \u010dern\u00e1 - LIGHT IMPRESSIONS -\",\"isPartOf\":{\"@id\":\"https:\/\/www.koupeltech.com\/#website\"},\"primaryImageOfPage\":{\"@id\":\"https:\/\/www.koupeltech.com\/index.php\/produkt\/akce-deko-light-nastenne-prisazene-svitidlo-shaula-220-240v-ac-50-60hz-e27-1x-max-60-00-w-286-cerna-light-impressions-4929\/#primaryimage\"},\"image\":{\"@id\":\"https:\/\/www.koupeltech.com\/index.php\/produkt\/akce-deko-light-nastenne-prisazene-svitidlo-shaula-220-240v-ac-50-60hz-e27-1x-max-60-00-w-286-cerna-light-impressions-4929\/#primaryimage\"},\"thumbnailUrl\":\"https:\/\/www.koupeltech.com\/wp-content\/uploads\/2026\/SK0017817-CZ20260425-091535-0-1777079743-IMPR-341246.webp\",\"datePublished\":\"2026-04-27T13:56:38+00:00\",\"breadcrumb\":{\"@id\":\"https:\/\/www.koupeltech.com\/index.php\/produkt\/akce-deko-light-nastenne-prisazene-svitidlo-shaula-220-240v-ac-50-60hz-e27-1x-max-60-00-w-286-cerna-light-impressions-4929\/#breadcrumb\"},\"inLanguage\":\"cs\",\"potentialAction\":[{\"@type\":\"ReadAction\",\"target\":[\"https:\/\/www.koupeltech.com\/index.php\/produkt\/akce-deko-light-nastenne-prisazene-svitidlo-shaula-220-240v-ac-50-60hz-e27-1x-max-60-00-w-286-cerna-light-impressions-4929\/\"]}]},{\"@type\":\"ImageObject\",\"inLanguage\":\"cs\",\"@id\":\"https:\/\/www.koupeltech.com\/index.php\/produkt\/akce-deko-light-nastenne-prisazene-svitidlo-shaula-220-240v-ac-50-60hz-e27-1x-max-60-00-w-286-cerna-light-impressions-4929\/#primaryimage\",\"url\":\"https:\/\/www.koupeltech.com\/wp-content\/uploads\/2026\/SK0017817-CZ20260425-091535-0-1777079743-IMPR-341246.webp\",\"contentUrl\":\"https:\/\/www.koupeltech.com\/wp-content\/uploads\/2026\/SK0017817-CZ20260425-091535-0-1777079743-IMPR-341246.webp\",\"width\":703,\"height\":800},{\"@type\":\"BreadcrumbList\",\"@id\":\"https:\/\/www.koupeltech.com\/index.php\/produkt\/akce-deko-light-nastenne-prisazene-svitidlo-shaula-220-240v-ac-50-60hz-e27-1x-max-60-00-w-286-cerna-light-impressions-4929\/#breadcrumb\",\"itemListElement\":[{\"@type\":\"ListItem\",\"position\":1,\"name\":\"Home\",\"item\":\"https:\/\/www.koupeltech.com\/\"},{\"@type\":\"ListItem\",\"position\":2,\"name\":\"Products\",\"item\":\"https:\/\/www.koupeltech.com\/index.php\/products\/\"},{\"@type\":\"ListItem\",\"position\":3,\"name\":\"Akce Deko-Light n\u00e1st\u011bnn\u00e9 p\u0159isazen\u00e9 sv\u00edtidlo Shaula 220-240V AC\/50-60Hz E27 1x max. 60,00 W 286 \u010dern\u00e1 &#8211; LIGHT IMPRESSIONS\"}]},{\"@type\":\"WebSite\",\"@id\":\"https:\/\/www.koupeltech.com\/#website\",\"url\":\"https:\/\/www.koupeltech.com\/\",\"name\":\"\",\"description\":\"\",\"potentialAction\":[{\"@type\":\"SearchAction\",\"target\":{\"@type\":\"EntryPoint\",\"urlTemplate\":\"https:\/\/www.koupeltech.com\/?s={search_term_string}\"},\"query-input\":{\"@type\":\"PropertyValueSpecification\",\"valueRequired\":true,\"valueName\":\"search_term_string\"}}],\"inLanguage\":\"cs\"}]}<\/script>\n<!-- \/ Yoast SEO plugin. -->","yoast_head_json":{"title":"Akce Deko-Light n\u00e1st\u011bnn\u00e9 p\u0159isazen\u00e9 sv\u00edtidlo Shaula 220-240V AC\/50-60Hz E27 1x max. 60,00 W 286 \u010dern\u00e1 - LIGHT IMPRESSIONS -","robots":{"index":"index","follow":"follow","max-snippet":"max-snippet:-1","max-image-preview":"max-image-preview:large","max-video-preview":"max-video-preview:-1"},"canonical":"https:\/\/www.koupeltech.com\/index.php\/produkt\/akce-deko-light-nastenne-prisazene-svitidlo-shaula-220-240v-ac-50-60hz-e27-1x-max-60-00-w-286-cerna-light-impressions-4929\/","og_locale":"cs_CZ","og_type":"article","og_title":"Akce Deko-Light n\u00e1st\u011bnn\u00e9 p\u0159isazen\u00e9 sv\u00edtidlo Shaula 220-240V AC\/50-60Hz E27 1x max. 60,00 W 286 \u010dern\u00e1 - LIGHT IMPRESSIONS -","og_description":"Popis produktu Rustik\u00e1ln\u00ed design vym\u011bniteln\u00fd sv\u011bteln\u00fd zdroj E27 (Retrofit) vhodn\u00e9 pro nasv\u00edcen\u00ed fas\u00e1d nebo objekt\u016f gar\u00e1\u017e \/ gar\u00e1\u017e.st\u00e1n\u00ed \/ parkovac\u00ed m\u00edsto osv\u011btlen\u00ed vchodu \/ dvora \/ cesty Parametry V\u00fd\u0161ka v mm 330 Stm\u00edvateln\u00e9 ano, z\u00e1le\u017e\u00ed na pou\u017eit\u00e9 \u017e\u00e1rovce Hmotnost g 1166 \u0160\u00ed\u0159ka v mm 270 D\u00e9lka v mm 286 V\u00fdrobce LIGHT IMPRESSIONS Ochrana IP IP44 [&hellip;]","og_url":"https:\/\/www.koupeltech.com\/index.php\/produkt\/akce-deko-light-nastenne-prisazene-svitidlo-shaula-220-240v-ac-50-60hz-e27-1x-max-60-00-w-286-cerna-light-impressions-4929\/","og_image":[{"width":703,"height":800,"url":"https:\/\/www.koupeltech.com\/wp-content\/uploads\/2026\/SK0017817-CZ20260425-091535-0-1777079743-IMPR-341246.webp","type":"image\/webp"}],"twitter_card":"summary_large_image","schema":{"@context":"https:\/\/schema.org","@graph":[{"@type":"WebPage","@id":"https:\/\/www.koupeltech.com\/index.php\/produkt\/akce-deko-light-nastenne-prisazene-svitidlo-shaula-220-240v-ac-50-60hz-e27-1x-max-60-00-w-286-cerna-light-impressions-4929\/","url":"https:\/\/www.koupeltech.com\/index.php\/produkt\/akce-deko-light-nastenne-prisazene-svitidlo-shaula-220-240v-ac-50-60hz-e27-1x-max-60-00-w-286-cerna-light-impressions-4929\/","name":"Akce Deko-Light n\u00e1st\u011bnn\u00e9 p\u0159isazen\u00e9 sv\u00edtidlo Shaula 220-240V AC\/50-60Hz E27 1x max. 60,00 W 286 \u010dern\u00e1 - LIGHT IMPRESSIONS -","isPartOf":{"@id":"https:\/\/www.koupeltech.com\/#website"},"primaryImageOfPage":{"@id":"https:\/\/www.koupeltech.com\/index.php\/produkt\/akce-deko-light-nastenne-prisazene-svitidlo-shaula-220-240v-ac-50-60hz-e27-1x-max-60-00-w-286-cerna-light-impressions-4929\/#primaryimage"},"image":{"@id":"https:\/\/www.koupeltech.com\/index.php\/produkt\/akce-deko-light-nastenne-prisazene-svitidlo-shaula-220-240v-ac-50-60hz-e27-1x-max-60-00-w-286-cerna-light-impressions-4929\/#primaryimage"},"thumbnailUrl":"https:\/\/www.koupeltech.com\/wp-content\/uploads\/2026\/SK0017817-CZ20260425-091535-0-1777079743-IMPR-341246.webp","datePublished":"2026-04-27T13:56:38+00:00","breadcrumb":{"@id":"https:\/\/www.koupeltech.com\/index.php\/produkt\/akce-deko-light-nastenne-prisazene-svitidlo-shaula-220-240v-ac-50-60hz-e27-1x-max-60-00-w-286-cerna-light-impressions-4929\/#breadcrumb"},"inLanguage":"cs","potentialAction":[{"@type":"ReadAction","target":["https:\/\/www.koupeltech.com\/index.php\/produkt\/akce-deko-light-nastenne-prisazene-svitidlo-shaula-220-240v-ac-50-60hz-e27-1x-max-60-00-w-286-cerna-light-impressions-4929\/"]}]},{"@type":"ImageObject","inLanguage":"cs","@id":"https:\/\/www.koupeltech.com\/index.php\/produkt\/akce-deko-light-nastenne-prisazene-svitidlo-shaula-220-240v-ac-50-60hz-e27-1x-max-60-00-w-286-cerna-light-impressions-4929\/#primaryimage","url":"https:\/\/www.koupeltech.com\/wp-content\/uploads\/2026\/SK0017817-CZ20260425-091535-0-1777079743-IMPR-341246.webp","contentUrl":"https:\/\/www.koupeltech.com\/wp-content\/uploads\/2026\/SK0017817-CZ20260425-091535-0-1777079743-IMPR-341246.webp","width":703,"height":800},{"@type":"BreadcrumbList","@id":"https:\/\/www.koupeltech.com\/index.php\/produkt\/akce-deko-light-nastenne-prisazene-svitidlo-shaula-220-240v-ac-50-60hz-e27-1x-max-60-00-w-286-cerna-light-impressions-4929\/#breadcrumb","itemListElement":[{"@type":"ListItem","position":1,"name":"Home","item":"https:\/\/www.koupeltech.com\/"},{"@type":"ListItem","position":2,"name":"Products","item":"https:\/\/www.koupeltech.com\/index.php\/products\/"},{"@type":"ListItem","position":3,"name":"Akce Deko-Light n\u00e1st\u011bnn\u00e9 p\u0159isazen\u00e9 sv\u00edtidlo Shaula 220-240V AC\/50-60Hz E27 1x max. 60,00 W 286 \u010dern\u00e1 &#8211; LIGHT IMPRESSIONS"}]},{"@type":"WebSite","@id":"https:\/\/www.koupeltech.com\/#website","url":"https:\/\/www.koupeltech.com\/","name":"","description":"","potentialAction":[{"@type":"SearchAction","target":{"@type":"EntryPoint","urlTemplate":"https:\/\/www.koupeltech.com\/?s={search_term_string}"},"query-input":{"@type":"PropertyValueSpecification","valueRequired":true,"valueName":"search_term_string"}}],"inLanguage":"cs"}]}},"_links":{"self":[{"href":"https:\/\/www.koupeltech.com\/index.php\/wp-json\/wp\/v2\/product\/4929","targetHints":{"allow":["GET"]}}],"collection":[{"href":"https:\/\/www.koupeltech.com\/index.php\/wp-json\/wp\/v2\/product"}],"about":[{"href":"https:\/\/www.koupeltech.com\/index.php\/wp-json\/wp\/v2\/types\/product"}],"replies":[{"embeddable":true,"href":"https:\/\/www.koupeltech.com\/index.php\/wp-json\/wp\/v2\/comments?post=4929"}],"wp:featuredmedia":[{"embeddable":true,"href":"https:\/\/www.koupeltech.com\/index.php\/wp-json\/wp\/v2\/media\/5029"}],"wp:attachment":[{"href":"https:\/\/www.koupeltech.com\/index.php\/wp-json\/wp\/v2\/media?parent=4929"}],"wp:term":[{"taxonomy":"product_brand","embeddable":true,"href":"https:\/\/www.koupeltech.com\/index.php\/wp-json\/wp\/v2\/product_brand?post=4929"},{"taxonomy":"product_cat","embeddable":true,"href":"https:\/\/www.koupeltech.com\/index.php\/wp-json\/wp\/v2\/product_cat?post=4929"},{"taxonomy":"product_tag","embeddable":true,"href":"https:\/\/www.koupeltech.com\/index.php\/wp-json\/wp\/v2\/product_tag?post=4929"}],"curies":[{"name":"wp","href":"https:\/\/api.w.org\/{rel}","templated":true}]}}