{"id":50769,"date":"2026-04-27T14:03:28","date_gmt":"2026-04-27T14:03:28","guid":{"rendered":""},"modified":"2026-04-27T14:03:28","modified_gmt":"2026-04-27T14:03:28","slug":"zlevneny-koupelnovy-radiator-cover-h-new-barva-dle-vzorniku-bez-priplatku-160-45-bocni-372-mm-koupelny-sanita-cz-50769","status":"publish","type":"product","link":"https:\/\/www.koupeltech.com\/index.php\/produkt\/zlevneny-koupelnovy-radiator-cover-h-new-barva-dle-vzorniku-bez-priplatku-160-45-bocni-372-mm-koupelny-sanita-cz-50769\/","title":{"rendered":"Zlevn\u011bn\u00fd Koupelnov\u00fd radi\u00e1tor COVER H NEW, Barva dle vzorn\u00edku &#8211; BEZ P\u0158\u00cdPLATKU, 160, 45, Bo\u010dn\u00ed 372 mm &#8211; koupelny-sanita.cz"},"content":{"rendered":"<div class=\"basic-description\">\n<h3>Detailn\u00ed popis produktu<\/h3>\n<p><strong>Koupelnov\u00fd i interi\u00e9rov\u00fd radi\u00e1tor COVER H NEW<\/strong>\u00a0kompletn\u011b zm\u011bn\u00ed va\u0161e p\u0159edstavy o radi\u00e1torech jak je zn\u00e1te. D\u00edky modern\u00edch technologi\u00edm a materi\u00e1l\u016fm jsou<strong>\u00a0radi\u00e1tory<\/strong>\u00a0opat\u0159eny dokonalou antikorozn\u00ed vrstvou. Na tuto vrstvu je teprve nan\u00e1\u0161ena pr\u00e1\u0161kov\u00e1 barva. Radi\u00e1tor\u00a0<strong>nelze<\/strong>\u00a0osadit elektrickou<strong> topnou ty\u010d\u00ed.<\/strong><\/p>\n<p><strong>Modul\u00e1rn\u00ed radi\u00e1tor<\/strong>\u00a0je vhodn\u00fd k jedno i dvoutrubkov\u00fdm vyt\u00e1p\u011bc\u00edm syst\u00e9m\u016fm s \u010derpadlem.\u00a0<strong>Radi\u00e1tory<\/strong> se velmi rychle se zah\u0159\u00edvaj\u00ed a jsou v\u00fdborn\u011b regulovateln\u00e9, tak\u017ee si snadno nastav\u00edte tu spr\u00e1vnou teplotu pro v\u00e1\u0161 dokonal\u00fd komfort.\u00a0<b>Standardn\u00ed <\/b><b>barva C35 white silk (b\u00edl\u00e1 leskl\u00e1).<\/b><\/p>\n<h3><strong>P\u0159\u00edplatek za spodn\u00ed prav\u00e9 \/ lev\u00e9 p\u0159ipojen\u00ed 20% k cen\u011b za bo\u010dn\u00ed p\u0159ipojen\u00ed.<\/strong><\/h3>\n<h3>Dostupn\u00e9 rozm\u011bry radi\u00e1toru <strong>COVER H NEW<\/strong>:\u00a0<\/h3>\n<p><strong>Hloubka &#8211; 75 mm<\/strong><\/p>\n<ul>\n<li>600 \u00d7 315 mm, v\u00fdkon 242 W<\/li>\n<li>800 \u00d7 315 mm, v\u00fdkon 307 W<\/li>\n<li>1000 \u00d7 315 mm, v\u00fdkon 368 W<\/li>\n<li>1200 \u00d7 315 mm, v\u00fdkon 428 W<\/li>\n<li>1400 \u00d7 315 mm, v\u00fdkon 490 W<\/li>\n<li>1600 \u00d7 315 mm, v\u00fdkon 552 W<\/li>\n<li>1800 \u00d7 315 mm, v\u00fdkon 614 W<\/li>\n<li>2000 \u00d7 315 mm, v\u00fdkon 676 W<\/li>\n<li>600 \u00d7 421 mm, v\u00fdkon 299 W<\/li>\n<li>800 \u00d7 421 mm, v\u00fdkon 379 W<\/li>\n<li>1000 \u00d7421 mm, v\u00fdkon 455 W<\/li>\n<li>1200 \u00d7 421 mm, v\u00fdkon 533 W<\/li>\n<li>1400 \u00d7 421 mm, v\u00fdkon 611 W<\/li>\n<li>1600 \u00d7 421 mm, v\u00fdkon 689 W<\/li>\n<li>1800 \u00d7 421 mm, v\u00fdkon 767 W<\/li>\n<li>2000 \u00d7 421 mm, v\u00fdkon 845 W<\/li>\n<li>600 \u00d7 580 mm, v\u00fdkon 389 W<\/li>\n<li>800 \u00d7 580 mm, v\u00fdkon 493 W<\/li>\n<li>1000 \u00d7 580 mm, v\u00fdkon 592 W<\/li>\n<li>1200 \u00d7 580 mm, v\u00fdkon 694 W<\/li>\n<li>1400 \u00d7 580 mm, v\u00fdkon 795 W<\/li>\n<li>1600 \u00d7 580 mm, v\u00fdkon 897 W<\/li>\n<li>1800 \u00d7 580 mm, v\u00fdkon 998 W<\/li>\n<li>2000 \u00d7 580 mm, v\u00fdkon 1100 W<\/li>\n<\/ul>\n<h3>P\u0159ipojen\u00ed &#8211; spodn\u00ed D50, pokud si p\u0159ejete um\u00edst\u011bn\u00ed na levou (VL), \u010di pravou stranu (VP) vlo\u017ete tuto informaci do pozn\u00e1mky k objedn\u00e1vce.<\/h3>\n<\/p>\n<h3 class=\"MsoNoSpacing\"><strong>Barvy dle vzorn\u00edku v\u00fdrobce:<\/strong><\/h3>\n<h3 class=\"MsoNoSpacing\"><strong>Barva dle vzorn\u00edku BEZ P\u0158\u00cdPLATKU<\/strong><\/h3>\n<ul style=\"font-family:Verdana, Arial, Helvetica, sans-serif;font-size:11px;\">\n<li><span style=\"font-size:10pt;\">C12 graphite \u2013 BEZ P\u0158\u00cdPLATKU<\/span><\/li>\n<li class=\"MsoNoSpacing\"><span style=\"font-size:10pt;\">C31 black mat &#8211; BEZ P\u0158\u00cdPLATKU<\/span><\/li>\n<li class=\"MsoNoSpacing\"><span style=\"font-size:10pt;\">C34 white mat &#8211; BEZ P\u0158\u00cdPLATKU<\/span><\/li>\n<li class=\"MsoNoSpacing\"><span style=\"font-size:10pt;\">C35 white silk &#8211; BEZ P\u0158\u00cdPLATKU<\/span><\/li>\n<li class=\"MsoNoSpacing\"><span style=\"font-size:10pt;\">C57 creamy structure &#8211; BEZ P\u0158\u00cdPLATKU<\/span><\/li>\n<li class=\"MsoNoSpacing\"><span style=\"font-size:10pt;\">C75 black structure &#8211; BEZ P\u0158\u00cdPLATKU<\/span><\/li>\n<li class=\"MsoNoSpacing\"><span style=\"font-size:10pt;\">C83 buttermilk &#8211; BEZ P\u0158\u00cdPLATKU<\/span><\/li>\n<li class=\"MsoNoSpacing\"><span style=\"font-size:10pt;\">C85 light grey &#8211; BEZ P\u0158\u00cdPLATKU<\/span><\/li>\n<li class=\"MsoNoSpacing\"><span style=\"font-size:10pt;\">C87 grey ash &#8211; BEZ P\u0158\u00cdPLATKU<\/span><\/li>\n<li class=\"MsoNoSpacing\"><span style=\"font-size:10pt;\">C92 moss &#8211; BEZ P\u0158\u00cdPLATKU<\/span><\/li>\n<li class=\"MsoNoSpacing\"><span style=\"font-size:10pt;\">C93 butter yellow &#8211; BEZ P\u0158\u00cdPLATKU<\/span><\/li>\n<li class=\"MsoNoSpacing\"><span style=\"font-size:10pt;\">C97 rosewood &#8211; BEZ P\u0158\u00cdPLATKU<\/span><\/li>\n<li class=\"MsoNoSpacing\"><span style=\"font-size:10pt;\">C100 anthracite &#8211; BEZ P\u0158\u00cdPLATKU<\/span><\/li>\n<\/ul>\n<h3 class=\"MsoNoSpacing\"><strong>Barva dle vzorn\u00edku S\u00a0P\u0158\u00cdPLATKEM 15%<\/strong><\/h3>\n<ul style=\"font-family:Verdana, Arial, Helvetica, sans-serif;font-size:11px;\">\n<li><span style=\"font-size:10pt;\">C16 anthracite old &#8211; S P\u0158\u00cdPLATKEM 15%<\/span><\/li>\n<li class=\"MsoNoSpacing\"><span style=\"font-size:10pt;\">C42 cappuccino &#8211; S P\u0158\u00cdPLATKEM 15%<\/span><\/li>\n<li class=\"MsoNoSpacing\"><span style=\"font-size:10pt;\">C84 gold old &#8211; S P\u0158\u00cdPLATKEM 15%<\/span><\/li>\n<li class=\"MsoNoSpacing\"><span style=\"font-size:10pt;\">C86 dove silver &#8211; S P\u0158\u00cdPLATKEM 15%<\/span><\/li>\n<li class=\"MsoNoSpacing\"><span style=\"font-size:10pt;\">C88 sage grey &#8211; S P\u0158\u00cdPLATKEM 15%<\/span><\/li>\n<li class=\"MsoNoSpacing\"><span style=\"font-size:10pt;\">C89 stone &#8211; S P\u0158\u00cdPLATKEM 15%<\/span><\/li>\n<li class=\"MsoNoSpacing\"><span style=\"font-size:10pt;\">C90 steel &#8211; S P\u0158\u00cdPLATKEM 15%<\/span><\/li>\n<li class=\"MsoNoSpacing\"><span style=\"font-size:10pt;\">C91 rustic taupe &#8211; S P\u0158\u00cdPLATKEM 15%<\/span><\/li>\n<li class=\"MsoNoSpacing\"><span style=\"font-size:10pt;\">C94 peanut butter &#8211; S P\u0158\u00cdPLATKEM 15%<\/span><\/li>\n<li class=\"MsoNoSpacing\"><span style=\"font-size:10pt;\">C95 gold &#8211; S P\u0158\u00cdPLATKEM 15%<\/span><\/li>\n<li class=\"MsoNoSpacing\"><span style=\"font-size:10pt;\">C96 chestnut &#8211; S P\u0158\u00cdPLATKEM 15%<\/span><\/li>\n<li class=\"MsoNoSpacing\"><span style=\"font-size:10pt;\">C98 earth brown &#8211; S P\u0158\u00cdPLATKEM 15%<\/span><\/li>\n<li class=\"MsoNoSpacing\"><span style=\"font-size:10pt;\">C99 copper glow &#8211; S P\u0158\u00cdPLATKEM 15%<\/span><\/li>\n<li class=\"MsoNoSpacing\"><span style=\"font-size:10pt;\">C101 ultramarine &#8211; S P\u0158\u00cdPLATKEM 15%<\/span><\/li>\n<\/ul>\n<p class=\"MsoNoSpacing\" style=\"font-family:Verdana, Arial, Helvetica, sans-serif;font-size:11px;\"><b><span style=\"font-size:10pt;\">Pokud se tedy rozhodnete pro barevn\u00e9 proveden\u00ed radi\u00e1toru, tak si pros\u00edm ve vzorn\u00edku (na str\u00e1nk\u00e1ch ke sta\u017een\u00ed) vyberte barvu a n\u00e1zev s \u010d\u00edseln\u00fdm ozna\u010den\u00edm barvy vlo\u017e\u00edte do pozn\u00e1mky p\u0159i objedn\u00e1vce. Radi\u00e1tory v takto zvolen\u00e9 variant\u011b jsou pouze na objedn\u00e1vku, dodac\u00ed doba \u010din\u00ed 4 a\u017e 6 t\u00fddn\u016f.\u00a0<\/span><\/b><\/p>\n<h2><strong>Z\u00c1RUKA 15 LET<\/strong><\/h2>\n<\/p><\/div>\n<div class=\"extended-description\">\n<h3>Dopl\u0148kov\u00e9 parametry<\/h3>\n<table class=\"detail-parameters\">\n<tbody>\n<tr>\n<th>        <span class=\"row-header-label\">            Kategorie<span class=\"row-header-label-colon\">:<\/span>        <\/span>    <\/th>\n<td>            <\/td>\n<\/tr>\n<tr>\n<th>            <span class=\"row-header-label\">                Z\u00e1ruka<span class=\"row-header-label-colon\">:<\/span>            <\/span>        <\/th>\n<td>            15 let        <\/td>\n<\/tr>\n<tr>\n<th>            <span class=\"row-header-label\">                Hmotnost<span class=\"row-header-label-colon\">:<\/span>            <\/span>        <\/th>\n<td>            15 kg        <\/td>\n<\/tr>\n<tr>\n<th>                <span class=\"row-header-label\">                                            Barva<span class=\"row-header-label-colon\">:<\/span>                                    <\/span>            <\/th>\n<td>                                                            Barva dle vzorn\u00edku &#8211; BEZ P\u0158\u00cdPLATKU                                                <\/td>\n<\/tr>\n<tr>\n<th>                <span class=\"row-header-label\">                                            Katalog<span class=\"row-header-label-colon\">:<\/span>                                    <\/span>            <\/th>\n<td>                                                            HOPA Koupelny                                                <\/td>\n<\/tr>\n<tr>\n<th>                <span class=\"row-header-label\">                                            Materi\u00e1l<span class=\"row-header-label-colon\">:<\/span>                                    <\/span>            <\/th>\n<td>                                                            Ocel                                                <\/td>\n<\/tr>\n<tr>\n<th>                <span class=\"row-header-label\">                                            P\u0159ipojen\u00ed radi\u00e1toru<span class=\"row-header-label-colon\">:<\/span>                                    <\/span>            <\/th>\n<td>                                                            Bo\u010dn\u00ed 372 mm                                                <\/td>\n<\/tr>\n<tr>\n<th>                <span class=\"row-header-label\">                                            Rozm\u011br A<span class=\"row-header-label-colon\">:<\/span>                                    <\/span>            <\/th>\n<td>                                                            1200 mm,1400 mm,1600 mm,1800 mm,2000 mm,600 mm,800 mm,1000 mm                                                <\/td>\n<\/tr>\n<tr>\n<th>                <span class=\"row-header-label\">                                            Rozm\u011br C<span class=\"row-header-label-colon\">:<\/span>                                    <\/span>            <\/th>\n<td>                                                            315 mm,421 mm,580 mm                                                <\/td>\n<\/tr>\n<tr>\n<th>                <span class=\"row-header-label\">                                            S\u00e9rie<span class=\"row-header-label-colon\">:<\/span>                                    <\/span>            <\/th>\n<td>                                                            COVER                                                <\/td>\n<\/tr>\n<tr>\n<th>                <span class=\"row-header-label\">                                            Skupina artiklu<span class=\"row-header-label-colon\">:<\/span>                                    <\/span>            <\/th>\n<td>                                                            S19                                                <\/td>\n<\/tr>\n<tr>\n<th>                <span class=\"row-header-label\">                                            \u0160\u00ed\u0159ka<span class=\"row-header-label-colon\">:<\/span>                                    <\/span>            <\/th>\n<td>                                                            160                                                <\/td>\n<\/tr>\n<tr>\n<th>                <span class=\"row-header-label\">                                            Typ p\u0159ipojen\u00ed<span class=\"row-header-label-colon\">:<\/span>                                    <\/span>            <\/th>\n<td>                                                            Bo\u010dn\u00ed,St\u0159edov\u00e9 50 mm                                                <\/td>\n<\/tr>\n<tr>\n<th>                <span class=\"row-header-label\">                                            V\u00fdkon<span class=\"row-header-label-colon\">:<\/span>                                    <\/span>            <\/th>\n<td>                                                            552 W,614 W,676 W,379 W,533 W,611 W,767 W,845 W,389 W,493 W,592 W,694 W,897 W,998 W,689 W,1100 W,428 W,490 W                                                <\/td>\n<\/tr>\n<tr>\n<th>                <span class=\"row-header-label\">                                            V\u00fd\u0161ka<span class=\"row-header-label-colon\">:<\/span>                                    <\/span>            <\/th>\n<td>                                                            45                                                <\/td>\n<\/tr>\n<tr>\n<th>                <span class=\"row-header-label\">                                            Z\u00e1ruka<span class=\"row-header-label-colon\">:<\/span>                                    <\/span>            <\/th>\n<td>                                                            15 let                                                <\/td>\n<\/tr>\n<\/tbody>\n<\/table><\/div>\n<\/p><\/div>\n<\/p><\/div>\n","protected":false},"excerpt":{"rendered":"<p>Detailn\u00ed popis produktu Koupelnov\u00fd i interi\u00e9rov\u00fd radi\u00e1tor COVER H NEW\u00a0kompletn\u011b zm\u011bn\u00ed va\u0161e p\u0159edstavy o radi\u00e1torech jak je zn\u00e1te. D\u00edky modern\u00edch technologi\u00edm a materi\u00e1l\u016fm jsou\u00a0radi\u00e1tory\u00a0opat\u0159eny dokonalou antikorozn\u00ed vrstvou. Na tuto vrstvu je teprve nan\u00e1\u0161ena pr\u00e1\u0161kov\u00e1 barva. Radi\u00e1tor\u00a0nelze\u00a0osadit elektrickou topnou ty\u010d\u00ed. Modul\u00e1rn\u00ed radi\u00e1tor\u00a0je vhodn\u00fd k jedno i dvoutrubkov\u00fdm vyt\u00e1p\u011bc\u00edm syst\u00e9m\u016fm s \u010derpadlem.\u00a0Radi\u00e1tory se velmi rychle se zah\u0159\u00edvaj\u00ed [&hellip;]<\/p>\n","protected":false},"featured_media":50869,"comment_status":"open","ping_status":"open","template":"","meta":[],"product_brand":[],"product_cat":[65],"product_tag":[],"class_list":{"0":"post-50769","1":"product","2":"type-product","3":"status-publish","4":"has-post-thumbnail","6":"product_cat-koupelnove-radiatory","8":"first","9":"instock","10":"sale","11":"shipping-taxable","12":"purchasable","13":"product-type-simple"},"yoast_head":"<!-- This site is optimized with the Yoast SEO plugin v26.8 - https:\/\/yoast.com\/product\/yoast-seo-wordpress\/ -->\n<title>Zlevn\u011bn\u00fd Koupelnov\u00fd radi\u00e1tor COVER H NEW, Barva dle vzorn\u00edku - BEZ P\u0158\u00cdPLATKU, 160, 45, Bo\u010dn\u00ed 372 mm - koupelny-sanita.cz -<\/title>\n<meta name=\"robots\" content=\"index, follow, max-snippet:-1, max-image-preview:large, max-video-preview:-1\" \/>\n<link rel=\"canonical\" href=\"https:\/\/www.koupeltech.com\/index.php\/produkt\/zlevneny-koupelnovy-radiator-cover-h-new-barva-dle-vzorniku-bez-priplatku-160-45-bocni-372-mm-koupelny-sanita-cz-50769\/\" \/>\n<meta property=\"og:locale\" content=\"cs_CZ\" \/>\n<meta property=\"og:type\" content=\"article\" \/>\n<meta property=\"og:title\" content=\"Zlevn\u011bn\u00fd Koupelnov\u00fd radi\u00e1tor COVER H NEW, Barva dle vzorn\u00edku - BEZ P\u0158\u00cdPLATKU, 160, 45, Bo\u010dn\u00ed 372 mm - koupelny-sanita.cz -\" \/>\n<meta property=\"og:description\" content=\"Detailn\u00ed popis produktu Koupelnov\u00fd i interi\u00e9rov\u00fd radi\u00e1tor COVER H NEW\u00a0kompletn\u011b zm\u011bn\u00ed va\u0161e p\u0159edstavy o radi\u00e1torech jak je zn\u00e1te. D\u00edky modern\u00edch technologi\u00edm a materi\u00e1l\u016fm jsou\u00a0radi\u00e1tory\u00a0opat\u0159eny dokonalou antikorozn\u00ed vrstvou. Na tuto vrstvu je teprve nan\u00e1\u0161ena pr\u00e1\u0161kov\u00e1 barva. Radi\u00e1tor\u00a0nelze\u00a0osadit elektrickou topnou ty\u010d\u00ed. Modul\u00e1rn\u00ed radi\u00e1tor\u00a0je vhodn\u00fd k jedno i dvoutrubkov\u00fdm vyt\u00e1p\u011bc\u00edm syst\u00e9m\u016fm s \u010derpadlem.\u00a0Radi\u00e1tory se velmi rychle se zah\u0159\u00edvaj\u00ed [&hellip;]\" \/>\n<meta property=\"og:url\" content=\"https:\/\/www.koupeltech.com\/index.php\/produkt\/zlevneny-koupelnovy-radiator-cover-h-new-barva-dle-vzorniku-bez-priplatku-160-45-bocni-372-mm-koupelny-sanita-cz-50769\/\" \/>\n<meta property=\"og:image\" content=\"https:\/\/www.koupeltech.com\/wp-content\/uploads\/2026\/SK0027385-CZ20260425-092556-0-1777080363-1928779_koupelnovy-radiator-cover-h-new.webp\" \/>\n\t<meta property=\"og:image:width\" content=\"1000\" \/>\n\t<meta property=\"og:image:height\" content=\"750\" \/>\n\t<meta property=\"og:image:type\" content=\"image\/webp\" \/>\n<meta name=\"twitter:card\" content=\"summary_large_image\" \/>\n<meta name=\"twitter:label1\" content=\"Odhadovan\u00e1 doba \u010dten\u00ed\" \/>\n\t<meta name=\"twitter:data1\" content=\"3 minuty\" \/>\n<script type=\"application\/ld+json\" class=\"yoast-schema-graph\">{\"@context\":\"https:\/\/schema.org\",\"@graph\":[{\"@type\":\"WebPage\",\"@id\":\"https:\/\/www.koupeltech.com\/index.php\/produkt\/zlevneny-koupelnovy-radiator-cover-h-new-barva-dle-vzorniku-bez-priplatku-160-45-bocni-372-mm-koupelny-sanita-cz-50769\/\",\"url\":\"https:\/\/www.koupeltech.com\/index.php\/produkt\/zlevneny-koupelnovy-radiator-cover-h-new-barva-dle-vzorniku-bez-priplatku-160-45-bocni-372-mm-koupelny-sanita-cz-50769\/\",\"name\":\"Zlevn\u011bn\u00fd Koupelnov\u00fd radi\u00e1tor COVER H NEW, Barva dle vzorn\u00edku - BEZ P\u0158\u00cdPLATKU, 160, 45, Bo\u010dn\u00ed 372 mm - koupelny-sanita.cz -\",\"isPartOf\":{\"@id\":\"https:\/\/www.koupeltech.com\/#website\"},\"primaryImageOfPage\":{\"@id\":\"https:\/\/www.koupeltech.com\/index.php\/produkt\/zlevneny-koupelnovy-radiator-cover-h-new-barva-dle-vzorniku-bez-priplatku-160-45-bocni-372-mm-koupelny-sanita-cz-50769\/#primaryimage\"},\"image\":{\"@id\":\"https:\/\/www.koupeltech.com\/index.php\/produkt\/zlevneny-koupelnovy-radiator-cover-h-new-barva-dle-vzorniku-bez-priplatku-160-45-bocni-372-mm-koupelny-sanita-cz-50769\/#primaryimage\"},\"thumbnailUrl\":\"https:\/\/www.koupeltech.com\/wp-content\/uploads\/2026\/SK0027385-CZ20260425-092556-0-1777080363-1928779_koupelnovy-radiator-cover-h-new.webp\",\"datePublished\":\"2026-04-27T14:03:28+00:00\",\"breadcrumb\":{\"@id\":\"https:\/\/www.koupeltech.com\/index.php\/produkt\/zlevneny-koupelnovy-radiator-cover-h-new-barva-dle-vzorniku-bez-priplatku-160-45-bocni-372-mm-koupelny-sanita-cz-50769\/#breadcrumb\"},\"inLanguage\":\"cs\",\"potentialAction\":[{\"@type\":\"ReadAction\",\"target\":[\"https:\/\/www.koupeltech.com\/index.php\/produkt\/zlevneny-koupelnovy-radiator-cover-h-new-barva-dle-vzorniku-bez-priplatku-160-45-bocni-372-mm-koupelny-sanita-cz-50769\/\"]}]},{\"@type\":\"ImageObject\",\"inLanguage\":\"cs\",\"@id\":\"https:\/\/www.koupeltech.com\/index.php\/produkt\/zlevneny-koupelnovy-radiator-cover-h-new-barva-dle-vzorniku-bez-priplatku-160-45-bocni-372-mm-koupelny-sanita-cz-50769\/#primaryimage\",\"url\":\"https:\/\/www.koupeltech.com\/wp-content\/uploads\/2026\/SK0027385-CZ20260425-092556-0-1777080363-1928779_koupelnovy-radiator-cover-h-new.webp\",\"contentUrl\":\"https:\/\/www.koupeltech.com\/wp-content\/uploads\/2026\/SK0027385-CZ20260425-092556-0-1777080363-1928779_koupelnovy-radiator-cover-h-new.webp\",\"width\":1000,\"height\":750},{\"@type\":\"BreadcrumbList\",\"@id\":\"https:\/\/www.koupeltech.com\/index.php\/produkt\/zlevneny-koupelnovy-radiator-cover-h-new-barva-dle-vzorniku-bez-priplatku-160-45-bocni-372-mm-koupelny-sanita-cz-50769\/#breadcrumb\",\"itemListElement\":[{\"@type\":\"ListItem\",\"position\":1,\"name\":\"Home\",\"item\":\"https:\/\/www.koupeltech.com\/\"},{\"@type\":\"ListItem\",\"position\":2,\"name\":\"Products\",\"item\":\"https:\/\/www.koupeltech.com\/index.php\/products\/\"},{\"@type\":\"ListItem\",\"position\":3,\"name\":\"Zlevn\u011bn\u00fd Koupelnov\u00fd radi\u00e1tor COVER H NEW, Barva dle vzorn\u00edku &#8211; BEZ P\u0158\u00cdPLATKU, 160, 45, Bo\u010dn\u00ed 372 mm &#8211; koupelny-sanita.cz\"}]},{\"@type\":\"WebSite\",\"@id\":\"https:\/\/www.koupeltech.com\/#website\",\"url\":\"https:\/\/www.koupeltech.com\/\",\"name\":\"\",\"description\":\"\",\"potentialAction\":[{\"@type\":\"SearchAction\",\"target\":{\"@type\":\"EntryPoint\",\"urlTemplate\":\"https:\/\/www.koupeltech.com\/?s={search_term_string}\"},\"query-input\":{\"@type\":\"PropertyValueSpecification\",\"valueRequired\":true,\"valueName\":\"search_term_string\"}}],\"inLanguage\":\"cs\"}]}<\/script>\n<!-- \/ Yoast SEO plugin. -->","yoast_head_json":{"title":"Zlevn\u011bn\u00fd Koupelnov\u00fd radi\u00e1tor COVER H NEW, Barva dle vzorn\u00edku - BEZ P\u0158\u00cdPLATKU, 160, 45, Bo\u010dn\u00ed 372 mm - koupelny-sanita.cz -","robots":{"index":"index","follow":"follow","max-snippet":"max-snippet:-1","max-image-preview":"max-image-preview:large","max-video-preview":"max-video-preview:-1"},"canonical":"https:\/\/www.koupeltech.com\/index.php\/produkt\/zlevneny-koupelnovy-radiator-cover-h-new-barva-dle-vzorniku-bez-priplatku-160-45-bocni-372-mm-koupelny-sanita-cz-50769\/","og_locale":"cs_CZ","og_type":"article","og_title":"Zlevn\u011bn\u00fd Koupelnov\u00fd radi\u00e1tor COVER H NEW, Barva dle vzorn\u00edku - BEZ P\u0158\u00cdPLATKU, 160, 45, Bo\u010dn\u00ed 372 mm - koupelny-sanita.cz -","og_description":"Detailn\u00ed popis produktu Koupelnov\u00fd i interi\u00e9rov\u00fd radi\u00e1tor COVER H NEW\u00a0kompletn\u011b zm\u011bn\u00ed va\u0161e p\u0159edstavy o radi\u00e1torech jak je zn\u00e1te. D\u00edky modern\u00edch technologi\u00edm a materi\u00e1l\u016fm jsou\u00a0radi\u00e1tory\u00a0opat\u0159eny dokonalou antikorozn\u00ed vrstvou. Na tuto vrstvu je teprve nan\u00e1\u0161ena pr\u00e1\u0161kov\u00e1 barva. Radi\u00e1tor\u00a0nelze\u00a0osadit elektrickou topnou ty\u010d\u00ed. Modul\u00e1rn\u00ed radi\u00e1tor\u00a0je vhodn\u00fd k jedno i dvoutrubkov\u00fdm vyt\u00e1p\u011bc\u00edm syst\u00e9m\u016fm s \u010derpadlem.\u00a0Radi\u00e1tory se velmi rychle se zah\u0159\u00edvaj\u00ed [&hellip;]","og_url":"https:\/\/www.koupeltech.com\/index.php\/produkt\/zlevneny-koupelnovy-radiator-cover-h-new-barva-dle-vzorniku-bez-priplatku-160-45-bocni-372-mm-koupelny-sanita-cz-50769\/","og_image":[{"width":1000,"height":750,"url":"https:\/\/www.koupeltech.com\/wp-content\/uploads\/2026\/SK0027385-CZ20260425-092556-0-1777080363-1928779_koupelnovy-radiator-cover-h-new.webp","type":"image\/webp"}],"twitter_card":"summary_large_image","twitter_misc":{"Odhadovan\u00e1 doba \u010dten\u00ed":"3 minuty"},"schema":{"@context":"https:\/\/schema.org","@graph":[{"@type":"WebPage","@id":"https:\/\/www.koupeltech.com\/index.php\/produkt\/zlevneny-koupelnovy-radiator-cover-h-new-barva-dle-vzorniku-bez-priplatku-160-45-bocni-372-mm-koupelny-sanita-cz-50769\/","url":"https:\/\/www.koupeltech.com\/index.php\/produkt\/zlevneny-koupelnovy-radiator-cover-h-new-barva-dle-vzorniku-bez-priplatku-160-45-bocni-372-mm-koupelny-sanita-cz-50769\/","name":"Zlevn\u011bn\u00fd Koupelnov\u00fd radi\u00e1tor COVER H NEW, Barva dle vzorn\u00edku - BEZ P\u0158\u00cdPLATKU, 160, 45, Bo\u010dn\u00ed 372 mm - koupelny-sanita.cz -","isPartOf":{"@id":"https:\/\/www.koupeltech.com\/#website"},"primaryImageOfPage":{"@id":"https:\/\/www.koupeltech.com\/index.php\/produkt\/zlevneny-koupelnovy-radiator-cover-h-new-barva-dle-vzorniku-bez-priplatku-160-45-bocni-372-mm-koupelny-sanita-cz-50769\/#primaryimage"},"image":{"@id":"https:\/\/www.koupeltech.com\/index.php\/produkt\/zlevneny-koupelnovy-radiator-cover-h-new-barva-dle-vzorniku-bez-priplatku-160-45-bocni-372-mm-koupelny-sanita-cz-50769\/#primaryimage"},"thumbnailUrl":"https:\/\/www.koupeltech.com\/wp-content\/uploads\/2026\/SK0027385-CZ20260425-092556-0-1777080363-1928779_koupelnovy-radiator-cover-h-new.webp","datePublished":"2026-04-27T14:03:28+00:00","breadcrumb":{"@id":"https:\/\/www.koupeltech.com\/index.php\/produkt\/zlevneny-koupelnovy-radiator-cover-h-new-barva-dle-vzorniku-bez-priplatku-160-45-bocni-372-mm-koupelny-sanita-cz-50769\/#breadcrumb"},"inLanguage":"cs","potentialAction":[{"@type":"ReadAction","target":["https:\/\/www.koupeltech.com\/index.php\/produkt\/zlevneny-koupelnovy-radiator-cover-h-new-barva-dle-vzorniku-bez-priplatku-160-45-bocni-372-mm-koupelny-sanita-cz-50769\/"]}]},{"@type":"ImageObject","inLanguage":"cs","@id":"https:\/\/www.koupeltech.com\/index.php\/produkt\/zlevneny-koupelnovy-radiator-cover-h-new-barva-dle-vzorniku-bez-priplatku-160-45-bocni-372-mm-koupelny-sanita-cz-50769\/#primaryimage","url":"https:\/\/www.koupeltech.com\/wp-content\/uploads\/2026\/SK0027385-CZ20260425-092556-0-1777080363-1928779_koupelnovy-radiator-cover-h-new.webp","contentUrl":"https:\/\/www.koupeltech.com\/wp-content\/uploads\/2026\/SK0027385-CZ20260425-092556-0-1777080363-1928779_koupelnovy-radiator-cover-h-new.webp","width":1000,"height":750},{"@type":"BreadcrumbList","@id":"https:\/\/www.koupeltech.com\/index.php\/produkt\/zlevneny-koupelnovy-radiator-cover-h-new-barva-dle-vzorniku-bez-priplatku-160-45-bocni-372-mm-koupelny-sanita-cz-50769\/#breadcrumb","itemListElement":[{"@type":"ListItem","position":1,"name":"Home","item":"https:\/\/www.koupeltech.com\/"},{"@type":"ListItem","position":2,"name":"Products","item":"https:\/\/www.koupeltech.com\/index.php\/products\/"},{"@type":"ListItem","position":3,"name":"Zlevn\u011bn\u00fd Koupelnov\u00fd radi\u00e1tor COVER H NEW, Barva dle vzorn\u00edku &#8211; BEZ P\u0158\u00cdPLATKU, 160, 45, Bo\u010dn\u00ed 372 mm &#8211; koupelny-sanita.cz"}]},{"@type":"WebSite","@id":"https:\/\/www.koupeltech.com\/#website","url":"https:\/\/www.koupeltech.com\/","name":"","description":"","potentialAction":[{"@type":"SearchAction","target":{"@type":"EntryPoint","urlTemplate":"https:\/\/www.koupeltech.com\/?s={search_term_string}"},"query-input":{"@type":"PropertyValueSpecification","valueRequired":true,"valueName":"search_term_string"}}],"inLanguage":"cs"}]}},"_links":{"self":[{"href":"https:\/\/www.koupeltech.com\/index.php\/wp-json\/wp\/v2\/product\/50769","targetHints":{"allow":["GET"]}}],"collection":[{"href":"https:\/\/www.koupeltech.com\/index.php\/wp-json\/wp\/v2\/product"}],"about":[{"href":"https:\/\/www.koupeltech.com\/index.php\/wp-json\/wp\/v2\/types\/product"}],"replies":[{"embeddable":true,"href":"https:\/\/www.koupeltech.com\/index.php\/wp-json\/wp\/v2\/comments?post=50769"}],"wp:featuredmedia":[{"embeddable":true,"href":"https:\/\/www.koupeltech.com\/index.php\/wp-json\/wp\/v2\/media\/50869"}],"wp:attachment":[{"href":"https:\/\/www.koupeltech.com\/index.php\/wp-json\/wp\/v2\/media?parent=50769"}],"wp:term":[{"taxonomy":"product_brand","embeddable":true,"href":"https:\/\/www.koupeltech.com\/index.php\/wp-json\/wp\/v2\/product_brand?post=50769"},{"taxonomy":"product_cat","embeddable":true,"href":"https:\/\/www.koupeltech.com\/index.php\/wp-json\/wp\/v2\/product_cat?post=50769"},{"taxonomy":"product_tag","embeddable":true,"href":"https:\/\/www.koupeltech.com\/index.php\/wp-json\/wp\/v2\/product_tag?post=50769"}],"curies":[{"name":"wp","href":"https:\/\/api.w.org\/{rel}","templated":true}]}}