{"id":53898,"date":"2026-04-27T14:03:58","date_gmt":"2026-04-27T14:03:58","guid":{"rendered":""},"modified":"2026-04-27T14:03:58","modified_gmt":"2026-04-27T14:03:58","slug":"akce-koupelnova-skrinka-variante-szz2-60-pro-umyvadlo-duravit-vero-l03-antracit-vysoky-lesk-l03-antracit-vysoky-lesk-53898","status":"publish","type":"product","link":"https:\/\/www.koupeltech.com\/index.php\/produkt\/akce-koupelnova-skrinka-variante-szz2-60-pro-umyvadlo-duravit-vero-l03-antracit-vysoky-lesk-l03-antracit-vysoky-lesk-53898\/","title":{"rendered":"Akce Koupelnov\u00e1 sk\u0159\u00ed\u0148ka VARIANTE SZZ2 60 pro umyvadlo Duravit Vero &#8211; L03 Antracit vysok\u00fd lesk \/ L03 Antracit vysok\u00fd lesk"},"content":{"rendered":"<div class=\"basic-description\">\n<h3>Detailn\u00ed popis produktu<\/h3>\n<p>Sou\u010d\u00e1st\u00ed flexibniln\u00ed kolekce<span> <\/span>VARIANTE je i praktick\u00e1 koupelnov\u00e1 sk\u0159\u00ed\u0148 <strong>VARIANTE SZZ2 60<\/strong>, vytvo\u0159en\u00e1 s modern\u00edm designem a v duchu minimalismu pro mal\u00e9 koupelny. Samotn\u00e1 sk\u0159\u00ed\u0148 zabere velmi m\u00e1lo m\u00edsta, ale d\u00edky dv\u011bma objemn\u00fdm z\u00e1suvk\u00e1m<span> <\/span><strong>poskytne dostatek \u00falo\u017en\u00e9ho prostoru<\/strong><span> <\/span>pro \u00falo\u017een\u00ed v\u0161ech pot\u0159ebn\u00fdch p\u0159edm\u011bt\u016f.<\/p>\n<h2><strong>Parametry sk\u0159\u00edn\u011b<\/strong><\/h2>\n<p>Koupelnov\u00e1 sk\u0159\u00ed\u0148<span> <\/span><strong>VARIANTE SZZ2 60<\/strong><span> <\/span>je konstruov\u00e1na jako dvouz\u00e1suvkov\u00e1 se syst\u00e9mem otev\u00edr\u00e1n\u00ed <strong>Push-to-open<\/strong>. Z\u00e1suvky jsou ulo\u017eeny na kov\u00e1n\u00ed zna\u010dky Hettich s tlumen\u00fdm dov\u00edr\u00e1n\u00edm a<span> <\/span><strong>do\u017eivotn\u00ed z\u00e1rukou kvality<\/strong>. <\/p>\n<h3><strong>Cena bez umyvadla<\/strong><\/h3>\n<p>Sk\u0159\u00ed\u0148 je ur\u010dena pro elegantn\u00ed keramick\u00e9 umyvadlo<span> <\/span><strong>Duravit Vero<\/strong>, kter\u00e9 ale<span> <\/span><strong>nen\u00ed sou\u010d\u00e1st\u00ed ceny sk\u0159\u00edn\u011b<\/strong>. <\/p>\n<h3><strong>Povrchov\u00e9 \u00fapravy<\/strong><\/h3>\n<p>Koupelnovou sk\u0159\u00ed\u0148 lze vyrobit v mnoha barevn\u00fdch proveden\u00edch,<span> <\/span><strong>dekorech<\/strong>,<span> <\/span><strong>d\u0159evodekorech<\/strong><span> <\/span>nebo v<span> <\/span><strong>lakovan\u00e9<\/strong><span> <\/span>\u00faprav\u011b lesk\/mat. K dispozici je tak\u00e9 proveden\u00ed<span> <\/span><strong>Individual<\/strong><span> <\/span>dle vzorn\u00edku RAL\/NCS.<\/p>\n<h2><strong>P\u0159ednosti sk\u0159\u00edn\u011b:<\/strong><\/h2>\n<ul>\n<li>sk\u0159\u00ed\u0148 je vyrobena pro men\u0161\u00ed koupelny, av\u0161ak d\u00edky objemn\u00fdm z\u00e1suvk\u00e1m poskytne dostatek prostoru.<\/li>\n<li>z\u00e1suvka je ulo\u017eena na kov\u00e1n\u00ed Hettich s<span> <\/span><strong>do\u017eivotn\u00ed z\u00e1rukou kvality<\/strong>.<\/li>\n<li>sk\u0159\u00ed\u0148 je konstruov\u00e1na pro umyvadlo Duravit Vero.<\/li>\n<\/ul><\/div>\n","protected":false},"excerpt":{"rendered":"<p>Detailn\u00ed popis produktu Sou\u010d\u00e1st\u00ed flexibniln\u00ed kolekce VARIANTE je i praktick\u00e1 koupelnov\u00e1 sk\u0159\u00ed\u0148 VARIANTE SZZ2 60, vytvo\u0159en\u00e1 s modern\u00edm designem a v duchu minimalismu pro mal\u00e9 koupelny. Samotn\u00e1 sk\u0159\u00ed\u0148 zabere velmi m\u00e1lo m\u00edsta, ale d\u00edky dv\u011bma objemn\u00fdm z\u00e1suvk\u00e1m poskytne dostatek \u00falo\u017en\u00e9ho prostoru pro \u00falo\u017een\u00ed v\u0161ech pot\u0159ebn\u00fdch p\u0159edm\u011bt\u016f. Parametry sk\u0159\u00edn\u011b Koupelnov\u00e1 sk\u0159\u00ed\u0148 VARIANTE SZZ2 60 je konstruov\u00e1na [&hellip;]<\/p>\n","protected":false},"featured_media":53998,"comment_status":"open","ping_status":"open","template":"","meta":[],"product_brand":[],"product_cat":[84],"product_tag":[],"class_list":{"0":"post-53898","1":"product","2":"type-product","3":"status-publish","4":"has-post-thumbnail","6":"product_cat-koupelny-a-sanitarni-technika","8":"first","9":"instock","10":"sale","11":"shipping-taxable","12":"purchasable","13":"product-type-simple"},"yoast_head":"<!-- This site is optimized with the Yoast SEO plugin v26.8 - https:\/\/yoast.com\/product\/yoast-seo-wordpress\/ -->\n<title>Akce Koupelnov\u00e1 sk\u0159\u00ed\u0148ka VARIANTE SZZ2 60 pro umyvadlo Duravit Vero - L03 Antracit vysok\u00fd lesk \/ L03 Antracit vysok\u00fd lesk -<\/title>\n<meta name=\"robots\" content=\"index, follow, max-snippet:-1, max-image-preview:large, max-video-preview:-1\" \/>\n<link rel=\"canonical\" href=\"https:\/\/www.koupeltech.com\/index.php\/produkt\/akce-koupelnova-skrinka-variante-szz2-60-pro-umyvadlo-duravit-vero-l03-antracit-vysoky-lesk-l03-antracit-vysoky-lesk-53898\/\" \/>\n<meta property=\"og:locale\" content=\"cs_CZ\" \/>\n<meta property=\"og:type\" content=\"article\" \/>\n<meta property=\"og:title\" content=\"Akce Koupelnov\u00e1 sk\u0159\u00ed\u0148ka VARIANTE SZZ2 60 pro umyvadlo Duravit Vero - L03 Antracit vysok\u00fd lesk \/ L03 Antracit vysok\u00fd lesk -\" \/>\n<meta property=\"og:description\" content=\"Detailn\u00ed popis produktu Sou\u010d\u00e1st\u00ed flexibniln\u00ed kolekce VARIANTE je i praktick\u00e1 koupelnov\u00e1 sk\u0159\u00ed\u0148 VARIANTE SZZ2 60, vytvo\u0159en\u00e1 s modern\u00edm designem a v duchu minimalismu pro mal\u00e9 koupelny. Samotn\u00e1 sk\u0159\u00ed\u0148 zabere velmi m\u00e1lo m\u00edsta, ale d\u00edky dv\u011bma objemn\u00fdm z\u00e1suvk\u00e1m poskytne dostatek \u00falo\u017en\u00e9ho prostoru pro \u00falo\u017een\u00ed v\u0161ech pot\u0159ebn\u00fdch p\u0159edm\u011bt\u016f. Parametry sk\u0159\u00edn\u011b Koupelnov\u00e1 sk\u0159\u00ed\u0148 VARIANTE SZZ2 60 je konstruov\u00e1na [&hellip;]\" \/>\n<meta property=\"og:url\" content=\"https:\/\/www.koupeltech.com\/index.php\/produkt\/akce-koupelnova-skrinka-variante-szz2-60-pro-umyvadlo-duravit-vero-l03-antracit-vysoky-lesk-l03-antracit-vysoky-lesk-53898\/\" \/>\n<meta property=\"og:image\" content=\"https:\/\/www.koupeltech.com\/wp-content\/uploads\/2026\/SK0027439-CZ20260425-093351-0-1777080838-897291_koupelnova-skrinka-variante-szz2-60-pro-umyvadlo-dur.webp\" \/>\n\t<meta property=\"og:image:width\" content=\"1000\" \/>\n\t<meta property=\"og:image:height\" content=\"750\" \/>\n\t<meta property=\"og:image:type\" content=\"image\/webp\" \/>\n<meta name=\"twitter:card\" content=\"summary_large_image\" \/>\n<meta name=\"twitter:label1\" content=\"Odhadovan\u00e1 doba \u010dten\u00ed\" \/>\n\t<meta name=\"twitter:data1\" content=\"1 minuta\" \/>\n<script type=\"application\/ld+json\" class=\"yoast-schema-graph\">{\"@context\":\"https:\/\/schema.org\",\"@graph\":[{\"@type\":\"WebPage\",\"@id\":\"https:\/\/www.koupeltech.com\/index.php\/produkt\/akce-koupelnova-skrinka-variante-szz2-60-pro-umyvadlo-duravit-vero-l03-antracit-vysoky-lesk-l03-antracit-vysoky-lesk-53898\/\",\"url\":\"https:\/\/www.koupeltech.com\/index.php\/produkt\/akce-koupelnova-skrinka-variante-szz2-60-pro-umyvadlo-duravit-vero-l03-antracit-vysoky-lesk-l03-antracit-vysoky-lesk-53898\/\",\"name\":\"Akce Koupelnov\u00e1 sk\u0159\u00ed\u0148ka VARIANTE SZZ2 60 pro umyvadlo Duravit Vero - L03 Antracit vysok\u00fd lesk \/ L03 Antracit vysok\u00fd lesk -\",\"isPartOf\":{\"@id\":\"https:\/\/www.koupeltech.com\/#website\"},\"primaryImageOfPage\":{\"@id\":\"https:\/\/www.koupeltech.com\/index.php\/produkt\/akce-koupelnova-skrinka-variante-szz2-60-pro-umyvadlo-duravit-vero-l03-antracit-vysoky-lesk-l03-antracit-vysoky-lesk-53898\/#primaryimage\"},\"image\":{\"@id\":\"https:\/\/www.koupeltech.com\/index.php\/produkt\/akce-koupelnova-skrinka-variante-szz2-60-pro-umyvadlo-duravit-vero-l03-antracit-vysoky-lesk-l03-antracit-vysoky-lesk-53898\/#primaryimage\"},\"thumbnailUrl\":\"https:\/\/www.koupeltech.com\/wp-content\/uploads\/2026\/SK0027439-CZ20260425-093351-0-1777080838-897291_koupelnova-skrinka-variante-szz2-60-pro-umyvadlo-dur.webp\",\"datePublished\":\"2026-04-27T14:03:58+00:00\",\"breadcrumb\":{\"@id\":\"https:\/\/www.koupeltech.com\/index.php\/produkt\/akce-koupelnova-skrinka-variante-szz2-60-pro-umyvadlo-duravit-vero-l03-antracit-vysoky-lesk-l03-antracit-vysoky-lesk-53898\/#breadcrumb\"},\"inLanguage\":\"cs\",\"potentialAction\":[{\"@type\":\"ReadAction\",\"target\":[\"https:\/\/www.koupeltech.com\/index.php\/produkt\/akce-koupelnova-skrinka-variante-szz2-60-pro-umyvadlo-duravit-vero-l03-antracit-vysoky-lesk-l03-antracit-vysoky-lesk-53898\/\"]}]},{\"@type\":\"ImageObject\",\"inLanguage\":\"cs\",\"@id\":\"https:\/\/www.koupeltech.com\/index.php\/produkt\/akce-koupelnova-skrinka-variante-szz2-60-pro-umyvadlo-duravit-vero-l03-antracit-vysoky-lesk-l03-antracit-vysoky-lesk-53898\/#primaryimage\",\"url\":\"https:\/\/www.koupeltech.com\/wp-content\/uploads\/2026\/SK0027439-CZ20260425-093351-0-1777080838-897291_koupelnova-skrinka-variante-szz2-60-pro-umyvadlo-dur.webp\",\"contentUrl\":\"https:\/\/www.koupeltech.com\/wp-content\/uploads\/2026\/SK0027439-CZ20260425-093351-0-1777080838-897291_koupelnova-skrinka-variante-szz2-60-pro-umyvadlo-dur.webp\",\"width\":1000,\"height\":750},{\"@type\":\"BreadcrumbList\",\"@id\":\"https:\/\/www.koupeltech.com\/index.php\/produkt\/akce-koupelnova-skrinka-variante-szz2-60-pro-umyvadlo-duravit-vero-l03-antracit-vysoky-lesk-l03-antracit-vysoky-lesk-53898\/#breadcrumb\",\"itemListElement\":[{\"@type\":\"ListItem\",\"position\":1,\"name\":\"Home\",\"item\":\"https:\/\/www.koupeltech.com\/\"},{\"@type\":\"ListItem\",\"position\":2,\"name\":\"Products\",\"item\":\"https:\/\/www.koupeltech.com\/index.php\/products\/\"},{\"@type\":\"ListItem\",\"position\":3,\"name\":\"Akce Koupelnov\u00e1 sk\u0159\u00ed\u0148ka VARIANTE SZZ2 60 pro umyvadlo Duravit Vero &#8211; L03 Antracit vysok\u00fd lesk \/ L03 Antracit vysok\u00fd lesk\"}]},{\"@type\":\"WebSite\",\"@id\":\"https:\/\/www.koupeltech.com\/#website\",\"url\":\"https:\/\/www.koupeltech.com\/\",\"name\":\"\",\"description\":\"\",\"potentialAction\":[{\"@type\":\"SearchAction\",\"target\":{\"@type\":\"EntryPoint\",\"urlTemplate\":\"https:\/\/www.koupeltech.com\/?s={search_term_string}\"},\"query-input\":{\"@type\":\"PropertyValueSpecification\",\"valueRequired\":true,\"valueName\":\"search_term_string\"}}],\"inLanguage\":\"cs\"}]}<\/script>\n<!-- \/ Yoast SEO plugin. -->","yoast_head_json":{"title":"Akce Koupelnov\u00e1 sk\u0159\u00ed\u0148ka VARIANTE SZZ2 60 pro umyvadlo Duravit Vero - L03 Antracit vysok\u00fd lesk \/ L03 Antracit vysok\u00fd lesk -","robots":{"index":"index","follow":"follow","max-snippet":"max-snippet:-1","max-image-preview":"max-image-preview:large","max-video-preview":"max-video-preview:-1"},"canonical":"https:\/\/www.koupeltech.com\/index.php\/produkt\/akce-koupelnova-skrinka-variante-szz2-60-pro-umyvadlo-duravit-vero-l03-antracit-vysoky-lesk-l03-antracit-vysoky-lesk-53898\/","og_locale":"cs_CZ","og_type":"article","og_title":"Akce Koupelnov\u00e1 sk\u0159\u00ed\u0148ka VARIANTE SZZ2 60 pro umyvadlo Duravit Vero - L03 Antracit vysok\u00fd lesk \/ L03 Antracit vysok\u00fd lesk -","og_description":"Detailn\u00ed popis produktu Sou\u010d\u00e1st\u00ed flexibniln\u00ed kolekce VARIANTE je i praktick\u00e1 koupelnov\u00e1 sk\u0159\u00ed\u0148 VARIANTE SZZ2 60, vytvo\u0159en\u00e1 s modern\u00edm designem a v duchu minimalismu pro mal\u00e9 koupelny. Samotn\u00e1 sk\u0159\u00ed\u0148 zabere velmi m\u00e1lo m\u00edsta, ale d\u00edky dv\u011bma objemn\u00fdm z\u00e1suvk\u00e1m poskytne dostatek \u00falo\u017en\u00e9ho prostoru pro \u00falo\u017een\u00ed v\u0161ech pot\u0159ebn\u00fdch p\u0159edm\u011bt\u016f. Parametry sk\u0159\u00edn\u011b Koupelnov\u00e1 sk\u0159\u00ed\u0148 VARIANTE SZZ2 60 je konstruov\u00e1na [&hellip;]","og_url":"https:\/\/www.koupeltech.com\/index.php\/produkt\/akce-koupelnova-skrinka-variante-szz2-60-pro-umyvadlo-duravit-vero-l03-antracit-vysoky-lesk-l03-antracit-vysoky-lesk-53898\/","og_image":[{"width":1000,"height":750,"url":"https:\/\/www.koupeltech.com\/wp-content\/uploads\/2026\/SK0027439-CZ20260425-093351-0-1777080838-897291_koupelnova-skrinka-variante-szz2-60-pro-umyvadlo-dur.webp","type":"image\/webp"}],"twitter_card":"summary_large_image","twitter_misc":{"Odhadovan\u00e1 doba \u010dten\u00ed":"1 minuta"},"schema":{"@context":"https:\/\/schema.org","@graph":[{"@type":"WebPage","@id":"https:\/\/www.koupeltech.com\/index.php\/produkt\/akce-koupelnova-skrinka-variante-szz2-60-pro-umyvadlo-duravit-vero-l03-antracit-vysoky-lesk-l03-antracit-vysoky-lesk-53898\/","url":"https:\/\/www.koupeltech.com\/index.php\/produkt\/akce-koupelnova-skrinka-variante-szz2-60-pro-umyvadlo-duravit-vero-l03-antracit-vysoky-lesk-l03-antracit-vysoky-lesk-53898\/","name":"Akce Koupelnov\u00e1 sk\u0159\u00ed\u0148ka VARIANTE SZZ2 60 pro umyvadlo Duravit Vero - L03 Antracit vysok\u00fd lesk \/ L03 Antracit vysok\u00fd lesk -","isPartOf":{"@id":"https:\/\/www.koupeltech.com\/#website"},"primaryImageOfPage":{"@id":"https:\/\/www.koupeltech.com\/index.php\/produkt\/akce-koupelnova-skrinka-variante-szz2-60-pro-umyvadlo-duravit-vero-l03-antracit-vysoky-lesk-l03-antracit-vysoky-lesk-53898\/#primaryimage"},"image":{"@id":"https:\/\/www.koupeltech.com\/index.php\/produkt\/akce-koupelnova-skrinka-variante-szz2-60-pro-umyvadlo-duravit-vero-l03-antracit-vysoky-lesk-l03-antracit-vysoky-lesk-53898\/#primaryimage"},"thumbnailUrl":"https:\/\/www.koupeltech.com\/wp-content\/uploads\/2026\/SK0027439-CZ20260425-093351-0-1777080838-897291_koupelnova-skrinka-variante-szz2-60-pro-umyvadlo-dur.webp","datePublished":"2026-04-27T14:03:58+00:00","breadcrumb":{"@id":"https:\/\/www.koupeltech.com\/index.php\/produkt\/akce-koupelnova-skrinka-variante-szz2-60-pro-umyvadlo-duravit-vero-l03-antracit-vysoky-lesk-l03-antracit-vysoky-lesk-53898\/#breadcrumb"},"inLanguage":"cs","potentialAction":[{"@type":"ReadAction","target":["https:\/\/www.koupeltech.com\/index.php\/produkt\/akce-koupelnova-skrinka-variante-szz2-60-pro-umyvadlo-duravit-vero-l03-antracit-vysoky-lesk-l03-antracit-vysoky-lesk-53898\/"]}]},{"@type":"ImageObject","inLanguage":"cs","@id":"https:\/\/www.koupeltech.com\/index.php\/produkt\/akce-koupelnova-skrinka-variante-szz2-60-pro-umyvadlo-duravit-vero-l03-antracit-vysoky-lesk-l03-antracit-vysoky-lesk-53898\/#primaryimage","url":"https:\/\/www.koupeltech.com\/wp-content\/uploads\/2026\/SK0027439-CZ20260425-093351-0-1777080838-897291_koupelnova-skrinka-variante-szz2-60-pro-umyvadlo-dur.webp","contentUrl":"https:\/\/www.koupeltech.com\/wp-content\/uploads\/2026\/SK0027439-CZ20260425-093351-0-1777080838-897291_koupelnova-skrinka-variante-szz2-60-pro-umyvadlo-dur.webp","width":1000,"height":750},{"@type":"BreadcrumbList","@id":"https:\/\/www.koupeltech.com\/index.php\/produkt\/akce-koupelnova-skrinka-variante-szz2-60-pro-umyvadlo-duravit-vero-l03-antracit-vysoky-lesk-l03-antracit-vysoky-lesk-53898\/#breadcrumb","itemListElement":[{"@type":"ListItem","position":1,"name":"Home","item":"https:\/\/www.koupeltech.com\/"},{"@type":"ListItem","position":2,"name":"Products","item":"https:\/\/www.koupeltech.com\/index.php\/products\/"},{"@type":"ListItem","position":3,"name":"Akce Koupelnov\u00e1 sk\u0159\u00ed\u0148ka VARIANTE SZZ2 60 pro umyvadlo Duravit Vero &#8211; L03 Antracit vysok\u00fd lesk \/ L03 Antracit vysok\u00fd lesk"}]},{"@type":"WebSite","@id":"https:\/\/www.koupeltech.com\/#website","url":"https:\/\/www.koupeltech.com\/","name":"","description":"","potentialAction":[{"@type":"SearchAction","target":{"@type":"EntryPoint","urlTemplate":"https:\/\/www.koupeltech.com\/?s={search_term_string}"},"query-input":{"@type":"PropertyValueSpecification","valueRequired":true,"valueName":"search_term_string"}}],"inLanguage":"cs"}]}},"_links":{"self":[{"href":"https:\/\/www.koupeltech.com\/index.php\/wp-json\/wp\/v2\/product\/53898","targetHints":{"allow":["GET"]}}],"collection":[{"href":"https:\/\/www.koupeltech.com\/index.php\/wp-json\/wp\/v2\/product"}],"about":[{"href":"https:\/\/www.koupeltech.com\/index.php\/wp-json\/wp\/v2\/types\/product"}],"replies":[{"embeddable":true,"href":"https:\/\/www.koupeltech.com\/index.php\/wp-json\/wp\/v2\/comments?post=53898"}],"wp:featuredmedia":[{"embeddable":true,"href":"https:\/\/www.koupeltech.com\/index.php\/wp-json\/wp\/v2\/media\/53998"}],"wp:attachment":[{"href":"https:\/\/www.koupeltech.com\/index.php\/wp-json\/wp\/v2\/media?parent=53898"}],"wp:term":[{"taxonomy":"product_brand","embeddable":true,"href":"https:\/\/www.koupeltech.com\/index.php\/wp-json\/wp\/v2\/product_brand?post=53898"},{"taxonomy":"product_cat","embeddable":true,"href":"https:\/\/www.koupeltech.com\/index.php\/wp-json\/wp\/v2\/product_cat?post=53898"},{"taxonomy":"product_tag","embeddable":true,"href":"https:\/\/www.koupeltech.com\/index.php\/wp-json\/wp\/v2\/product_tag?post=53898"}],"curies":[{"name":"wp","href":"https:\/\/api.w.org\/{rel}","templated":true}]}}