{"id":53969,"date":"2026-04-27T14:03:58","date_gmt":"2026-04-27T14:03:58","guid":{"rendered":""},"modified":"2026-04-27T14:03:58","modified_gmt":"2026-04-27T14:03:58","slug":"ravak-umyvadlo-ceramic-550-slim-r-keramicke-novinka-53969","status":"publish","type":"product","link":"https:\/\/www.koupeltech.com\/index.php\/produkt\/ravak-umyvadlo-ceramic-550-slim-r-keramicke-novinka-53969\/","title":{"rendered":"Ravak Umyvadlo Ceramic 550 SLIM R keramick\u00e9 Novinka"},"content":{"rendered":"<div id=\"e4590724\" class=\"pages\">\n<div>\n<div id=\"PDDescription\" class=\"UserContentView userContent v1a v1 bs-view dcon dc164 PDDescription\" ><dc-con><dc-con><bs-empty><\/bs-empty><\/dc-con><dc-con>        <\/p>\n<div class=\"customDescription\">                    <\/div>\n<p><\/dc-con><dc-con>Tenkost\u011bnn\u00e9 keramick\u00e9 umyvadlo Ceramic Slim R k\u00a0instalaci na desku nebo sk\u0159\u00ed\u0148ku, bez p\u0159epadu. B\u00edl\u00e9 proveden\u00ed.<\/dc-con><\/dc-con><\/div>\n<div id=\"PDDescription2\" class=\"UserContentView userContent v1a v1 bs-view dcon dc165 PDDescription2\" >\n<ul>\n<li>rozm\u011bry (\u0161xhxv): 55 x 37 x 12 cm<\/li>\n<li>materi\u00e1l: keramika<\/li>\n<li>barevn\u00e9 proveden\u00ed: b\u00edl\u00e1<\/li>\n<li>p\u0159epad: ne<\/li>\n<li>dopl\u0148ky k dokoupen\u00ed: deska pod umyvadlo \/ sk\u0159\u00ed\u0148ka pod umyvadlo na desku, umyvadlov\u00e1 pileta pevn\u00e1, keramick\u00e1 pileta Flat, umyvadlov\u00fd sifon nebo n\u00e1bytkov\u00fd sifon, umyvadlov\u00e1 baterie<\/li>\n<\/ul>\n<p>Umyvadlo Ceramic Slim R je vyrobeno z kvalitn\u00ed keramiky a je ur\u010deno pouze k instalaci na desku pod umyvadlo nebo k instalaci na sk\u0159\u00ed\u0148ku. Umyvadlo je nutno kombinovat s pevnou umyvadlovou piletou, kter\u00e1 zabra\u0148uje p\u0159ete\u010den\u00ed vody. K umyvadlu Ceramic Slim R doporu\u010dujeme na desku nebo sk\u0159\u00ed\u0148ku instalovat prodlou\u017eenou umyvadlovou stoj\u00e1nkovou baterii nebo umyvadlovou podom\u00edtkovou baterii.<\/p>\n<\/div><\/div>\n<div id=\"PDTable3\" class=\"ProductDetailTableView v3a v3 bs-view dcon dc185 PDTable3\" >\n<table>\n<thead><\/thead>\n<tbody>\n<tr class=\"attribute attr_barva\">\n<td class=\"caption\">Barva<\/td>\n<td class=\"value\">B\u00edl\u00e1<\/td>\n<\/tr>\n<tr class=\"attribute attr_bsshop_maker\">\n<td class=\"caption\">V\u00fdrobce<\/td>\n<td class=\"value\">Ravak<\/td>\n<\/tr>\n<tr class=\"attribute attr_material\">\n<td class=\"caption\">Materi\u00e1l<\/td>\n<td class=\"value\">Keramika<\/td>\n<\/tr>\n<tr class=\"attribute attr_delka\">\n<td class=\"caption\">D\u00e9lka v mm<\/td>\n<td class=\"value\">55<\/td>\n<\/tr>\n<tr class=\"attribute attr_Pouziti\">\n<td class=\"caption\">Pou\u017eit\u00ed<\/td>\n<td class=\"value\">Klasick\u00e9<\/td>\n<\/tr>\n<tr class=\"attribute attr_sirka\">\n<td class=\"caption\">\u0160\u00ed\u0159ka v mm<\/td>\n<td class=\"value\">37<\/td>\n<\/tr>\n<tr class=\"attribute attr_Vyska\">\n<td class=\"caption\">V\u00fd\u0161ka v mm<\/td>\n<td class=\"value\">12<\/td>\n<\/tr>\n<tr class=\"weight\">\n<td class=\"caption\"><span>Hmotnost<\/span><\/td>\n<td class=\"value\"><span>10,40 kg<\/span><\/td>\n<\/tr>\n<\/tbody>\n<\/table>\n<\/div>\n<div id=\"ProductMedia\" class=\"ProductMediaView MediaViewBase v1a v1 bs-view dcon dc409 ProductMedia\" ><bs-empty><\/bs-empty><\/p>\n<div class=\"files\">\n<div class=\"title sub\">Soubory<\/div>\n<p><a href=\"\/media\/5100\/mn-um-ceramic-slim.pdf?&amp;key=ZGpmIyQwNUZfNTEwMA==\" class=\"pdf\">mn_um-ceramic-slim.pdf<\/a><a href=\"\/media\/5101\/pov-washbasins-ceramic-slim.zip?&amp;key=ZGpmIyQwNUZfNTEwMQ==\" class=\"zip\">pov_washbasins-ceramic-slim.zip<\/a><a href=\"\/media\/26895\/20231003114543-mn-um-ceramic-slim.pdf?&amp;key=ZGpmIyQwNUZfMjY4OTU=\" class=\"pdf\">20231003114543.mn_um-ceramic-slim.pdf<\/a><a href=\"\/media\/26896\/20231003114543-pov-washbasins-ceramic-slim.zip?&amp;key=ZGpmIyQwNUZfMjY4OTY=\" class=\"zip\">20231003114543.pov_washbasins-ceramic-slim.zip<\/a><\/div>\n<p><bs-empty><\/bs-empty><\/div>\n<\/div>\n<div id=\"e4590725\" class=\"tabs\">\n","protected":false},"excerpt":{"rendered":"<p>Tenkost\u011bnn\u00e9 keramick\u00e9 umyvadlo Ceramic Slim R k\u00a0instalaci na desku nebo sk\u0159\u00ed\u0148ku, bez p\u0159epadu. B\u00edl\u00e9 proveden\u00ed. rozm\u011bry (\u0161xhxv): 55 x 37 x 12 cm materi\u00e1l: keramika barevn\u00e9 proveden\u00ed: b\u00edl\u00e1 p\u0159epad: ne dopl\u0148ky k dokoupen\u00ed: deska pod umyvadlo \/ sk\u0159\u00ed\u0148ka pod umyvadlo na desku, umyvadlov\u00e1 pileta pevn\u00e1, keramick\u00e1 pileta Flat, umyvadlov\u00fd sifon nebo n\u00e1bytkov\u00fd sifon, umyvadlov\u00e1 baterie [&hellip;]<\/p>\n","protected":false},"featured_media":54069,"comment_status":"open","ping_status":"open","template":"","meta":[],"product_brand":[],"product_cat":[94],"product_tag":[],"class_list":{"0":"post-53969","1":"product","2":"type-product","3":"status-publish","4":"has-post-thumbnail","6":"product_cat-vybaven-237-koupelny","8":"first","9":"instock","10":"sale","11":"shipping-taxable","12":"purchasable","13":"product-type-simple"},"yoast_head":"<!-- This site is optimized with the Yoast SEO plugin v26.8 - https:\/\/yoast.com\/product\/yoast-seo-wordpress\/ -->\n<title>Ravak Umyvadlo Ceramic 550 SLIM R keramick\u00e9 Novinka -<\/title>\n<meta name=\"robots\" content=\"index, follow, max-snippet:-1, max-image-preview:large, max-video-preview:-1\" \/>\n<link rel=\"canonical\" href=\"https:\/\/www.koupeltech.com\/index.php\/produkt\/ravak-umyvadlo-ceramic-550-slim-r-keramicke-novinka-53969\/\" \/>\n<meta property=\"og:locale\" content=\"cs_CZ\" \/>\n<meta property=\"og:type\" content=\"article\" \/>\n<meta property=\"og:title\" content=\"Ravak Umyvadlo Ceramic 550 SLIM R keramick\u00e9 Novinka -\" \/>\n<meta property=\"og:description\" content=\"Tenkost\u011bnn\u00e9 keramick\u00e9 umyvadlo Ceramic Slim R k\u00a0instalaci na desku nebo sk\u0159\u00ed\u0148ku, bez p\u0159epadu. B\u00edl\u00e9 proveden\u00ed. rozm\u011bry (\u0161xhxv): 55 x 37 x 12 cm materi\u00e1l: keramika barevn\u00e9 proveden\u00ed: b\u00edl\u00e1 p\u0159epad: ne dopl\u0148ky k dokoupen\u00ed: deska pod umyvadlo \/ sk\u0159\u00ed\u0148ka pod umyvadlo na desku, umyvadlov\u00e1 pileta pevn\u00e1, keramick\u00e1 pileta Flat, umyvadlov\u00fd sifon nebo n\u00e1bytkov\u00fd sifon, umyvadlov\u00e1 baterie [&hellip;]\" \/>\n<meta property=\"og:url\" content=\"https:\/\/www.koupeltech.com\/index.php\/produkt\/ravak-umyvadlo-ceramic-550-slim-r-keramicke-novinka-53969\/\" \/>\n<meta property=\"og:image\" content=\"https:\/\/www.koupeltech.com\/wp-content\/uploads\/2026\/SK0020990-CZ20260425-093449-0-1777080896-ravak-umyvadlo-ceramic-550-slim-r-keramicke.webp\" \/>\n\t<meta property=\"og:image:width\" content=\"1000\" \/>\n\t<meta property=\"og:image:height\" content=\"525\" \/>\n\t<meta property=\"og:image:type\" content=\"image\/webp\" \/>\n<meta name=\"twitter:card\" content=\"summary_large_image\" \/>\n<meta name=\"twitter:label1\" content=\"Odhadovan\u00e1 doba \u010dten\u00ed\" \/>\n\t<meta name=\"twitter:data1\" content=\"1 minuta\" \/>\n<script type=\"application\/ld+json\" class=\"yoast-schema-graph\">{\"@context\":\"https:\/\/schema.org\",\"@graph\":[{\"@type\":\"WebPage\",\"@id\":\"https:\/\/www.koupeltech.com\/index.php\/produkt\/ravak-umyvadlo-ceramic-550-slim-r-keramicke-novinka-53969\/\",\"url\":\"https:\/\/www.koupeltech.com\/index.php\/produkt\/ravak-umyvadlo-ceramic-550-slim-r-keramicke-novinka-53969\/\",\"name\":\"Ravak Umyvadlo Ceramic 550 SLIM R keramick\u00e9 Novinka -\",\"isPartOf\":{\"@id\":\"https:\/\/www.koupeltech.com\/#website\"},\"primaryImageOfPage\":{\"@id\":\"https:\/\/www.koupeltech.com\/index.php\/produkt\/ravak-umyvadlo-ceramic-550-slim-r-keramicke-novinka-53969\/#primaryimage\"},\"image\":{\"@id\":\"https:\/\/www.koupeltech.com\/index.php\/produkt\/ravak-umyvadlo-ceramic-550-slim-r-keramicke-novinka-53969\/#primaryimage\"},\"thumbnailUrl\":\"https:\/\/www.koupeltech.com\/wp-content\/uploads\/2026\/SK0020990-CZ20260425-093449-0-1777080896-ravak-umyvadlo-ceramic-550-slim-r-keramicke.webp\",\"datePublished\":\"2026-04-27T14:03:58+00:00\",\"breadcrumb\":{\"@id\":\"https:\/\/www.koupeltech.com\/index.php\/produkt\/ravak-umyvadlo-ceramic-550-slim-r-keramicke-novinka-53969\/#breadcrumb\"},\"inLanguage\":\"cs\",\"potentialAction\":[{\"@type\":\"ReadAction\",\"target\":[\"https:\/\/www.koupeltech.com\/index.php\/produkt\/ravak-umyvadlo-ceramic-550-slim-r-keramicke-novinka-53969\/\"]}]},{\"@type\":\"ImageObject\",\"inLanguage\":\"cs\",\"@id\":\"https:\/\/www.koupeltech.com\/index.php\/produkt\/ravak-umyvadlo-ceramic-550-slim-r-keramicke-novinka-53969\/#primaryimage\",\"url\":\"https:\/\/www.koupeltech.com\/wp-content\/uploads\/2026\/SK0020990-CZ20260425-093449-0-1777080896-ravak-umyvadlo-ceramic-550-slim-r-keramicke.webp\",\"contentUrl\":\"https:\/\/www.koupeltech.com\/wp-content\/uploads\/2026\/SK0020990-CZ20260425-093449-0-1777080896-ravak-umyvadlo-ceramic-550-slim-r-keramicke.webp\",\"width\":1000,\"height\":525},{\"@type\":\"BreadcrumbList\",\"@id\":\"https:\/\/www.koupeltech.com\/index.php\/produkt\/ravak-umyvadlo-ceramic-550-slim-r-keramicke-novinka-53969\/#breadcrumb\",\"itemListElement\":[{\"@type\":\"ListItem\",\"position\":1,\"name\":\"Home\",\"item\":\"https:\/\/www.koupeltech.com\/\"},{\"@type\":\"ListItem\",\"position\":2,\"name\":\"Products\",\"item\":\"https:\/\/www.koupeltech.com\/index.php\/products\/\"},{\"@type\":\"ListItem\",\"position\":3,\"name\":\"Ravak Umyvadlo Ceramic 550 SLIM R keramick\u00e9 Novinka\"}]},{\"@type\":\"WebSite\",\"@id\":\"https:\/\/www.koupeltech.com\/#website\",\"url\":\"https:\/\/www.koupeltech.com\/\",\"name\":\"\",\"description\":\"\",\"potentialAction\":[{\"@type\":\"SearchAction\",\"target\":{\"@type\":\"EntryPoint\",\"urlTemplate\":\"https:\/\/www.koupeltech.com\/?s={search_term_string}\"},\"query-input\":{\"@type\":\"PropertyValueSpecification\",\"valueRequired\":true,\"valueName\":\"search_term_string\"}}],\"inLanguage\":\"cs\"}]}<\/script>\n<!-- \/ Yoast SEO plugin. -->","yoast_head_json":{"title":"Ravak Umyvadlo Ceramic 550 SLIM R keramick\u00e9 Novinka -","robots":{"index":"index","follow":"follow","max-snippet":"max-snippet:-1","max-image-preview":"max-image-preview:large","max-video-preview":"max-video-preview:-1"},"canonical":"https:\/\/www.koupeltech.com\/index.php\/produkt\/ravak-umyvadlo-ceramic-550-slim-r-keramicke-novinka-53969\/","og_locale":"cs_CZ","og_type":"article","og_title":"Ravak Umyvadlo Ceramic 550 SLIM R keramick\u00e9 Novinka -","og_description":"Tenkost\u011bnn\u00e9 keramick\u00e9 umyvadlo Ceramic Slim R k\u00a0instalaci na desku nebo sk\u0159\u00ed\u0148ku, bez p\u0159epadu. B\u00edl\u00e9 proveden\u00ed. rozm\u011bry (\u0161xhxv): 55 x 37 x 12 cm materi\u00e1l: keramika barevn\u00e9 proveden\u00ed: b\u00edl\u00e1 p\u0159epad: ne dopl\u0148ky k dokoupen\u00ed: deska pod umyvadlo \/ sk\u0159\u00ed\u0148ka pod umyvadlo na desku, umyvadlov\u00e1 pileta pevn\u00e1, keramick\u00e1 pileta Flat, umyvadlov\u00fd sifon nebo n\u00e1bytkov\u00fd sifon, umyvadlov\u00e1 baterie [&hellip;]","og_url":"https:\/\/www.koupeltech.com\/index.php\/produkt\/ravak-umyvadlo-ceramic-550-slim-r-keramicke-novinka-53969\/","og_image":[{"width":1000,"height":525,"url":"https:\/\/www.koupeltech.com\/wp-content\/uploads\/2026\/SK0020990-CZ20260425-093449-0-1777080896-ravak-umyvadlo-ceramic-550-slim-r-keramicke.webp","type":"image\/webp"}],"twitter_card":"summary_large_image","twitter_misc":{"Odhadovan\u00e1 doba \u010dten\u00ed":"1 minuta"},"schema":{"@context":"https:\/\/schema.org","@graph":[{"@type":"WebPage","@id":"https:\/\/www.koupeltech.com\/index.php\/produkt\/ravak-umyvadlo-ceramic-550-slim-r-keramicke-novinka-53969\/","url":"https:\/\/www.koupeltech.com\/index.php\/produkt\/ravak-umyvadlo-ceramic-550-slim-r-keramicke-novinka-53969\/","name":"Ravak Umyvadlo Ceramic 550 SLIM R keramick\u00e9 Novinka -","isPartOf":{"@id":"https:\/\/www.koupeltech.com\/#website"},"primaryImageOfPage":{"@id":"https:\/\/www.koupeltech.com\/index.php\/produkt\/ravak-umyvadlo-ceramic-550-slim-r-keramicke-novinka-53969\/#primaryimage"},"image":{"@id":"https:\/\/www.koupeltech.com\/index.php\/produkt\/ravak-umyvadlo-ceramic-550-slim-r-keramicke-novinka-53969\/#primaryimage"},"thumbnailUrl":"https:\/\/www.koupeltech.com\/wp-content\/uploads\/2026\/SK0020990-CZ20260425-093449-0-1777080896-ravak-umyvadlo-ceramic-550-slim-r-keramicke.webp","datePublished":"2026-04-27T14:03:58+00:00","breadcrumb":{"@id":"https:\/\/www.koupeltech.com\/index.php\/produkt\/ravak-umyvadlo-ceramic-550-slim-r-keramicke-novinka-53969\/#breadcrumb"},"inLanguage":"cs","potentialAction":[{"@type":"ReadAction","target":["https:\/\/www.koupeltech.com\/index.php\/produkt\/ravak-umyvadlo-ceramic-550-slim-r-keramicke-novinka-53969\/"]}]},{"@type":"ImageObject","inLanguage":"cs","@id":"https:\/\/www.koupeltech.com\/index.php\/produkt\/ravak-umyvadlo-ceramic-550-slim-r-keramicke-novinka-53969\/#primaryimage","url":"https:\/\/www.koupeltech.com\/wp-content\/uploads\/2026\/SK0020990-CZ20260425-093449-0-1777080896-ravak-umyvadlo-ceramic-550-slim-r-keramicke.webp","contentUrl":"https:\/\/www.koupeltech.com\/wp-content\/uploads\/2026\/SK0020990-CZ20260425-093449-0-1777080896-ravak-umyvadlo-ceramic-550-slim-r-keramicke.webp","width":1000,"height":525},{"@type":"BreadcrumbList","@id":"https:\/\/www.koupeltech.com\/index.php\/produkt\/ravak-umyvadlo-ceramic-550-slim-r-keramicke-novinka-53969\/#breadcrumb","itemListElement":[{"@type":"ListItem","position":1,"name":"Home","item":"https:\/\/www.koupeltech.com\/"},{"@type":"ListItem","position":2,"name":"Products","item":"https:\/\/www.koupeltech.com\/index.php\/products\/"},{"@type":"ListItem","position":3,"name":"Ravak Umyvadlo Ceramic 550 SLIM R keramick\u00e9 Novinka"}]},{"@type":"WebSite","@id":"https:\/\/www.koupeltech.com\/#website","url":"https:\/\/www.koupeltech.com\/","name":"","description":"","potentialAction":[{"@type":"SearchAction","target":{"@type":"EntryPoint","urlTemplate":"https:\/\/www.koupeltech.com\/?s={search_term_string}"},"query-input":{"@type":"PropertyValueSpecification","valueRequired":true,"valueName":"search_term_string"}}],"inLanguage":"cs"}]}},"_links":{"self":[{"href":"https:\/\/www.koupeltech.com\/index.php\/wp-json\/wp\/v2\/product\/53969","targetHints":{"allow":["GET"]}}],"collection":[{"href":"https:\/\/www.koupeltech.com\/index.php\/wp-json\/wp\/v2\/product"}],"about":[{"href":"https:\/\/www.koupeltech.com\/index.php\/wp-json\/wp\/v2\/types\/product"}],"replies":[{"embeddable":true,"href":"https:\/\/www.koupeltech.com\/index.php\/wp-json\/wp\/v2\/comments?post=53969"}],"wp:featuredmedia":[{"embeddable":true,"href":"https:\/\/www.koupeltech.com\/index.php\/wp-json\/wp\/v2\/media\/54069"}],"wp:attachment":[{"href":"https:\/\/www.koupeltech.com\/index.php\/wp-json\/wp\/v2\/media?parent=53969"}],"wp:term":[{"taxonomy":"product_brand","embeddable":true,"href":"https:\/\/www.koupeltech.com\/index.php\/wp-json\/wp\/v2\/product_brand?post=53969"},{"taxonomy":"product_cat","embeddable":true,"href":"https:\/\/www.koupeltech.com\/index.php\/wp-json\/wp\/v2\/product_cat?post=53969"},{"taxonomy":"product_tag","embeddable":true,"href":"https:\/\/www.koupeltech.com\/index.php\/wp-json\/wp\/v2\/product_tag?post=53969"}],"curies":[{"name":"wp","href":"https:\/\/api.w.org\/{rel}","templated":true}]}}