{"id":53972,"date":"2026-04-27T14:03:58","date_gmt":"2026-04-27T14:03:58","guid":{"rendered":""},"modified":"2026-04-27T14:03:58","modified_gmt":"2026-04-27T14:03:58","slug":"nova-kolekce-ravak-umyvadlo-uni-slim-400-keramicke-53972","status":"publish","type":"product","link":"https:\/\/www.koupeltech.com\/index.php\/produkt\/nova-kolekce-ravak-umyvadlo-uni-slim-400-keramicke-53972\/","title":{"rendered":"Nov\u00e1 Kolekce Ravak Umyvadlo UNI SLIM 400 keramick\u00e9"},"content":{"rendered":"<div id=\"e4218909\" class=\"pages\">\n<div>\n<div id=\"PDDescription\" class=\"UserContentView userContent v1a v1 bs-view dcon dc164 PDDescription\" ><dc-con><dc-con><bs-empty><\/bs-empty><\/dc-con><dc-con>        <\/p>\n<div class=\"customDescription\">                    <\/div>\n<p><\/dc-con><dc-con>Tenkost\u011bnn\u00e9 keramick\u00e9 umyvadlo Uni Slim k instalaci na desku nebo sk\u0159\u00ed\u0148ku, bez p\u0159epadu. B\u00edl\u00e9 proveden\u00ed.<\/dc-con><\/dc-con><\/div>\n<div id=\"PDDescription2\" class=\"UserContentView userContent v1a v1 bs-view dcon dc165 PDDescription2\" >\n<ul>\n<li>rozm\u011bry: \u00d8 40 cm, v\u00fd\u0161ka 12 cm<\/li>\n<li>materi\u00e1l: keramika<\/li>\n<li>barevn\u00e9 proveden\u00ed: b\u00edl\u00e1<\/li>\n<li>p\u0159epad: ne<\/li>\n<li>dopl\u0148ky k dokoupen\u00ed: deska pod umyvadlo \/ sk\u0159\u00ed\u0148ka pod umyvadlo na desku, umyvadlov\u00e1 pileta pevn\u00e1, keramick\u00e1 pileta Flat b\u00edl\u00e1, sifon chromov\u00fd nebo n\u00e1bytkov\u00fd, extra prodlou\u017een\u00e9 baterie Chrome II, 10\u00b0, Puri, Espirit nebo Eleganta<\/li>\n<\/ul>\n<p>Umyvadlo Uni Slim\u00a0je vyrobeno z\u00a0kvalitn\u00ed keramiky a je ur\u010deno pouze k\u00a0instalaci na desku pod umyvadlo nebo k instalaci na sk\u0159\u00ed\u0148ku pod umyvadlo. Umyvadlo je nutno kombinovat s\u00a0pevnou umyvadlovou piletou, kter\u00e1 zabra\u0148uje p\u0159ete\u010den\u00ed vody. K\u00a0umyvadlu Uni Slim\u00a0doporu\u010dujeme na desku nebo sk\u0159\u00ed\u0148ku instalovat extra prodlou\u017eenou umyvadlovou stoj\u00e1nkovou baterii Chrome II CR II 015.00 o\u00a0v\u00fd\u0161ce 311 mm nebo extra prodlou\u017eenou umyvadlovou stoj\u00e1nkovou baterii 10\u00b0 TD 015.00 o\u00a0v\u00fd\u0161ce 334 mm.<\/p>\n<\/div><\/div>\n<div id=\"PDTable3\" class=\"ProductDetailTableView v3a v3 bs-view dcon dc185 PDTable3\" >\n<table>\n<thead><\/thead>\n<tbody>\n<tr class=\"attribute attr_barva\">\n<td class=\"caption\">Barva<\/td>\n<td class=\"value\">B\u00edl\u00e1<\/td>\n<\/tr>\n<tr class=\"attribute attr_bsshop_maker\">\n<td class=\"caption\">V\u00fdrobce<\/td>\n<td class=\"value\">Ravak<\/td>\n<\/tr>\n<tr class=\"attribute attr_material\">\n<td class=\"caption\">Materi\u00e1l<\/td>\n<td class=\"value\">Keramika<\/td>\n<\/tr>\n<tr class=\"attribute attr_Pouziti\">\n<td class=\"caption\">Pou\u017eit\u00ed<\/td>\n<td class=\"value\">Klasick\u00e9<\/td>\n<\/tr>\n<tr class=\"weight\">\n<td class=\"caption\"><span>Hmotnost<\/span><\/td>\n<td class=\"value\"><span>6,30 kg<\/span><\/td>\n<\/tr>\n<\/tbody>\n<\/table>\n<\/div>\n<div id=\"ProductMedia\" class=\"ProductMediaView MediaViewBase v1a v1 bs-view dcon dc409 ProductMedia\" ><bs-empty><\/bs-empty><\/p>\n<div class=\"files\">\n<div class=\"title sub\">Soubory<\/div>\n<p><a href=\"\/media\/5016\/mn-um-uni-slim.pdf?&amp;key=ZGpmIyQwNUZfNTAxNg==\" class=\"pdf\">mn_um-uni-slim.pdf<\/a><a href=\"\/media\/5017\/pov-washbasins-ceramic-slim.zip?&amp;key=ZGpmIyQwNUZfNTAxNw==\" class=\"zip\">pov_washbasins-ceramic-slim.zip<\/a><a href=\"\/media\/26899\/20231003114544-mn-um-uni-slim.pdf?&amp;key=ZGpmIyQwNUZfMjY4OTk=\" class=\"pdf\">20231003114544.mn_um-uni-slim.pdf<\/a><a href=\"\/media\/26900\/20231003114544-pov-washbasins-ceramic-slim.zip?&amp;key=ZGpmIyQwNUZfMjY5MDA=\" class=\"zip\">20231003114544.pov_washbasins-ceramic-slim.zip<\/a><\/div>\n<p><bs-empty><\/bs-empty><\/div>\n<\/div>\n<div id=\"e4218910\" class=\"tabs\">\n","protected":false},"excerpt":{"rendered":"<p>Tenkost\u011bnn\u00e9 keramick\u00e9 umyvadlo Uni Slim k instalaci na desku nebo sk\u0159\u00ed\u0148ku, bez p\u0159epadu. B\u00edl\u00e9 proveden\u00ed. rozm\u011bry: \u00d8 40 cm, v\u00fd\u0161ka 12 cm materi\u00e1l: keramika barevn\u00e9 proveden\u00ed: b\u00edl\u00e1 p\u0159epad: ne dopl\u0148ky k dokoupen\u00ed: deska pod umyvadlo \/ sk\u0159\u00ed\u0148ka pod umyvadlo na desku, umyvadlov\u00e1 pileta pevn\u00e1, keramick\u00e1 pileta Flat b\u00edl\u00e1, sifon chromov\u00fd nebo n\u00e1bytkov\u00fd, extra prodlou\u017een\u00e9 baterie [&hellip;]<\/p>\n","protected":false},"featured_media":54072,"comment_status":"open","ping_status":"open","template":"","meta":[],"product_brand":[],"product_cat":[94],"product_tag":[],"class_list":{"0":"post-53972","1":"product","2":"type-product","3":"status-publish","4":"has-post-thumbnail","6":"product_cat-vybaven-237-koupelny","8":"first","9":"instock","10":"sale","11":"shipping-taxable","12":"purchasable","13":"product-type-simple"},"yoast_head":"<!-- This site is optimized with the Yoast SEO plugin v26.8 - https:\/\/yoast.com\/product\/yoast-seo-wordpress\/ -->\n<title>Nov\u00e1 Kolekce Ravak Umyvadlo UNI SLIM 400 keramick\u00e9 -<\/title>\n<meta name=\"robots\" content=\"index, follow, max-snippet:-1, max-image-preview:large, max-video-preview:-1\" \/>\n<link rel=\"canonical\" href=\"https:\/\/www.koupeltech.com\/index.php\/produkt\/nova-kolekce-ravak-umyvadlo-uni-slim-400-keramicke-53972\/\" \/>\n<meta property=\"og:locale\" content=\"cs_CZ\" \/>\n<meta property=\"og:type\" content=\"article\" \/>\n<meta property=\"og:title\" content=\"Nov\u00e1 Kolekce Ravak Umyvadlo UNI SLIM 400 keramick\u00e9 -\" \/>\n<meta property=\"og:description\" content=\"Tenkost\u011bnn\u00e9 keramick\u00e9 umyvadlo Uni Slim k instalaci na desku nebo sk\u0159\u00ed\u0148ku, bez p\u0159epadu. B\u00edl\u00e9 proveden\u00ed. rozm\u011bry: \u00d8 40 cm, v\u00fd\u0161ka 12 cm materi\u00e1l: keramika barevn\u00e9 proveden\u00ed: b\u00edl\u00e1 p\u0159epad: ne dopl\u0148ky k dokoupen\u00ed: deska pod umyvadlo \/ sk\u0159\u00ed\u0148ka pod umyvadlo na desku, umyvadlov\u00e1 pileta pevn\u00e1, keramick\u00e1 pileta Flat b\u00edl\u00e1, sifon chromov\u00fd nebo n\u00e1bytkov\u00fd, extra prodlou\u017een\u00e9 baterie [&hellip;]\" \/>\n<meta property=\"og:url\" content=\"https:\/\/www.koupeltech.com\/index.php\/produkt\/nova-kolekce-ravak-umyvadlo-uni-slim-400-keramicke-53972\/\" \/>\n<meta property=\"og:image\" content=\"https:\/\/www.koupeltech.com\/wp-content\/uploads\/2026\/SK0020993-CZ20260425-093449-0-1777080896-ravak-umyvadlo-uni-slim-400-keramicke.webp\" \/>\n\t<meta property=\"og:image:width\" content=\"1000\" \/>\n\t<meta property=\"og:image:height\" content=\"525\" \/>\n\t<meta property=\"og:image:type\" content=\"image\/webp\" \/>\n<meta name=\"twitter:card\" content=\"summary_large_image\" \/>\n<meta name=\"twitter:label1\" content=\"Odhadovan\u00e1 doba \u010dten\u00ed\" \/>\n\t<meta name=\"twitter:data1\" content=\"1 minuta\" \/>\n<script type=\"application\/ld+json\" class=\"yoast-schema-graph\">{\"@context\":\"https:\/\/schema.org\",\"@graph\":[{\"@type\":\"WebPage\",\"@id\":\"https:\/\/www.koupeltech.com\/index.php\/produkt\/nova-kolekce-ravak-umyvadlo-uni-slim-400-keramicke-53972\/\",\"url\":\"https:\/\/www.koupeltech.com\/index.php\/produkt\/nova-kolekce-ravak-umyvadlo-uni-slim-400-keramicke-53972\/\",\"name\":\"Nov\u00e1 Kolekce Ravak Umyvadlo UNI SLIM 400 keramick\u00e9 -\",\"isPartOf\":{\"@id\":\"https:\/\/www.koupeltech.com\/#website\"},\"primaryImageOfPage\":{\"@id\":\"https:\/\/www.koupeltech.com\/index.php\/produkt\/nova-kolekce-ravak-umyvadlo-uni-slim-400-keramicke-53972\/#primaryimage\"},\"image\":{\"@id\":\"https:\/\/www.koupeltech.com\/index.php\/produkt\/nova-kolekce-ravak-umyvadlo-uni-slim-400-keramicke-53972\/#primaryimage\"},\"thumbnailUrl\":\"https:\/\/www.koupeltech.com\/wp-content\/uploads\/2026\/SK0020993-CZ20260425-093449-0-1777080896-ravak-umyvadlo-uni-slim-400-keramicke.webp\",\"datePublished\":\"2026-04-27T14:03:58+00:00\",\"breadcrumb\":{\"@id\":\"https:\/\/www.koupeltech.com\/index.php\/produkt\/nova-kolekce-ravak-umyvadlo-uni-slim-400-keramicke-53972\/#breadcrumb\"},\"inLanguage\":\"cs\",\"potentialAction\":[{\"@type\":\"ReadAction\",\"target\":[\"https:\/\/www.koupeltech.com\/index.php\/produkt\/nova-kolekce-ravak-umyvadlo-uni-slim-400-keramicke-53972\/\"]}]},{\"@type\":\"ImageObject\",\"inLanguage\":\"cs\",\"@id\":\"https:\/\/www.koupeltech.com\/index.php\/produkt\/nova-kolekce-ravak-umyvadlo-uni-slim-400-keramicke-53972\/#primaryimage\",\"url\":\"https:\/\/www.koupeltech.com\/wp-content\/uploads\/2026\/SK0020993-CZ20260425-093449-0-1777080896-ravak-umyvadlo-uni-slim-400-keramicke.webp\",\"contentUrl\":\"https:\/\/www.koupeltech.com\/wp-content\/uploads\/2026\/SK0020993-CZ20260425-093449-0-1777080896-ravak-umyvadlo-uni-slim-400-keramicke.webp\",\"width\":1000,\"height\":525},{\"@type\":\"BreadcrumbList\",\"@id\":\"https:\/\/www.koupeltech.com\/index.php\/produkt\/nova-kolekce-ravak-umyvadlo-uni-slim-400-keramicke-53972\/#breadcrumb\",\"itemListElement\":[{\"@type\":\"ListItem\",\"position\":1,\"name\":\"Home\",\"item\":\"https:\/\/www.koupeltech.com\/\"},{\"@type\":\"ListItem\",\"position\":2,\"name\":\"Products\",\"item\":\"https:\/\/www.koupeltech.com\/index.php\/products\/\"},{\"@type\":\"ListItem\",\"position\":3,\"name\":\"Nov\u00e1 Kolekce Ravak Umyvadlo UNI SLIM 400 keramick\u00e9\"}]},{\"@type\":\"WebSite\",\"@id\":\"https:\/\/www.koupeltech.com\/#website\",\"url\":\"https:\/\/www.koupeltech.com\/\",\"name\":\"\",\"description\":\"\",\"potentialAction\":[{\"@type\":\"SearchAction\",\"target\":{\"@type\":\"EntryPoint\",\"urlTemplate\":\"https:\/\/www.koupeltech.com\/?s={search_term_string}\"},\"query-input\":{\"@type\":\"PropertyValueSpecification\",\"valueRequired\":true,\"valueName\":\"search_term_string\"}}],\"inLanguage\":\"cs\"}]}<\/script>\n<!-- \/ Yoast SEO plugin. -->","yoast_head_json":{"title":"Nov\u00e1 Kolekce Ravak Umyvadlo UNI SLIM 400 keramick\u00e9 -","robots":{"index":"index","follow":"follow","max-snippet":"max-snippet:-1","max-image-preview":"max-image-preview:large","max-video-preview":"max-video-preview:-1"},"canonical":"https:\/\/www.koupeltech.com\/index.php\/produkt\/nova-kolekce-ravak-umyvadlo-uni-slim-400-keramicke-53972\/","og_locale":"cs_CZ","og_type":"article","og_title":"Nov\u00e1 Kolekce Ravak Umyvadlo UNI SLIM 400 keramick\u00e9 -","og_description":"Tenkost\u011bnn\u00e9 keramick\u00e9 umyvadlo Uni Slim k instalaci na desku nebo sk\u0159\u00ed\u0148ku, bez p\u0159epadu. B\u00edl\u00e9 proveden\u00ed. rozm\u011bry: \u00d8 40 cm, v\u00fd\u0161ka 12 cm materi\u00e1l: keramika barevn\u00e9 proveden\u00ed: b\u00edl\u00e1 p\u0159epad: ne dopl\u0148ky k dokoupen\u00ed: deska pod umyvadlo \/ sk\u0159\u00ed\u0148ka pod umyvadlo na desku, umyvadlov\u00e1 pileta pevn\u00e1, keramick\u00e1 pileta Flat b\u00edl\u00e1, sifon chromov\u00fd nebo n\u00e1bytkov\u00fd, extra prodlou\u017een\u00e9 baterie [&hellip;]","og_url":"https:\/\/www.koupeltech.com\/index.php\/produkt\/nova-kolekce-ravak-umyvadlo-uni-slim-400-keramicke-53972\/","og_image":[{"width":1000,"height":525,"url":"https:\/\/www.koupeltech.com\/wp-content\/uploads\/2026\/SK0020993-CZ20260425-093449-0-1777080896-ravak-umyvadlo-uni-slim-400-keramicke.webp","type":"image\/webp"}],"twitter_card":"summary_large_image","twitter_misc":{"Odhadovan\u00e1 doba \u010dten\u00ed":"1 minuta"},"schema":{"@context":"https:\/\/schema.org","@graph":[{"@type":"WebPage","@id":"https:\/\/www.koupeltech.com\/index.php\/produkt\/nova-kolekce-ravak-umyvadlo-uni-slim-400-keramicke-53972\/","url":"https:\/\/www.koupeltech.com\/index.php\/produkt\/nova-kolekce-ravak-umyvadlo-uni-slim-400-keramicke-53972\/","name":"Nov\u00e1 Kolekce Ravak Umyvadlo UNI SLIM 400 keramick\u00e9 -","isPartOf":{"@id":"https:\/\/www.koupeltech.com\/#website"},"primaryImageOfPage":{"@id":"https:\/\/www.koupeltech.com\/index.php\/produkt\/nova-kolekce-ravak-umyvadlo-uni-slim-400-keramicke-53972\/#primaryimage"},"image":{"@id":"https:\/\/www.koupeltech.com\/index.php\/produkt\/nova-kolekce-ravak-umyvadlo-uni-slim-400-keramicke-53972\/#primaryimage"},"thumbnailUrl":"https:\/\/www.koupeltech.com\/wp-content\/uploads\/2026\/SK0020993-CZ20260425-093449-0-1777080896-ravak-umyvadlo-uni-slim-400-keramicke.webp","datePublished":"2026-04-27T14:03:58+00:00","breadcrumb":{"@id":"https:\/\/www.koupeltech.com\/index.php\/produkt\/nova-kolekce-ravak-umyvadlo-uni-slim-400-keramicke-53972\/#breadcrumb"},"inLanguage":"cs","potentialAction":[{"@type":"ReadAction","target":["https:\/\/www.koupeltech.com\/index.php\/produkt\/nova-kolekce-ravak-umyvadlo-uni-slim-400-keramicke-53972\/"]}]},{"@type":"ImageObject","inLanguage":"cs","@id":"https:\/\/www.koupeltech.com\/index.php\/produkt\/nova-kolekce-ravak-umyvadlo-uni-slim-400-keramicke-53972\/#primaryimage","url":"https:\/\/www.koupeltech.com\/wp-content\/uploads\/2026\/SK0020993-CZ20260425-093449-0-1777080896-ravak-umyvadlo-uni-slim-400-keramicke.webp","contentUrl":"https:\/\/www.koupeltech.com\/wp-content\/uploads\/2026\/SK0020993-CZ20260425-093449-0-1777080896-ravak-umyvadlo-uni-slim-400-keramicke.webp","width":1000,"height":525},{"@type":"BreadcrumbList","@id":"https:\/\/www.koupeltech.com\/index.php\/produkt\/nova-kolekce-ravak-umyvadlo-uni-slim-400-keramicke-53972\/#breadcrumb","itemListElement":[{"@type":"ListItem","position":1,"name":"Home","item":"https:\/\/www.koupeltech.com\/"},{"@type":"ListItem","position":2,"name":"Products","item":"https:\/\/www.koupeltech.com\/index.php\/products\/"},{"@type":"ListItem","position":3,"name":"Nov\u00e1 Kolekce Ravak Umyvadlo UNI SLIM 400 keramick\u00e9"}]},{"@type":"WebSite","@id":"https:\/\/www.koupeltech.com\/#website","url":"https:\/\/www.koupeltech.com\/","name":"","description":"","potentialAction":[{"@type":"SearchAction","target":{"@type":"EntryPoint","urlTemplate":"https:\/\/www.koupeltech.com\/?s={search_term_string}"},"query-input":{"@type":"PropertyValueSpecification","valueRequired":true,"valueName":"search_term_string"}}],"inLanguage":"cs"}]}},"_links":{"self":[{"href":"https:\/\/www.koupeltech.com\/index.php\/wp-json\/wp\/v2\/product\/53972","targetHints":{"allow":["GET"]}}],"collection":[{"href":"https:\/\/www.koupeltech.com\/index.php\/wp-json\/wp\/v2\/product"}],"about":[{"href":"https:\/\/www.koupeltech.com\/index.php\/wp-json\/wp\/v2\/types\/product"}],"replies":[{"embeddable":true,"href":"https:\/\/www.koupeltech.com\/index.php\/wp-json\/wp\/v2\/comments?post=53972"}],"wp:featuredmedia":[{"embeddable":true,"href":"https:\/\/www.koupeltech.com\/index.php\/wp-json\/wp\/v2\/media\/54072"}],"wp:attachment":[{"href":"https:\/\/www.koupeltech.com\/index.php\/wp-json\/wp\/v2\/media?parent=53972"}],"wp:term":[{"taxonomy":"product_brand","embeddable":true,"href":"https:\/\/www.koupeltech.com\/index.php\/wp-json\/wp\/v2\/product_brand?post=53972"},{"taxonomy":"product_cat","embeddable":true,"href":"https:\/\/www.koupeltech.com\/index.php\/wp-json\/wp\/v2\/product_cat?post=53972"},{"taxonomy":"product_tag","embeddable":true,"href":"https:\/\/www.koupeltech.com\/index.php\/wp-json\/wp\/v2\/product_tag?post=53972"}],"curies":[{"name":"wp","href":"https:\/\/api.w.org\/{rel}","templated":true}]}}