{"id":53985,"date":"2026-04-27T14:03:58","date_gmt":"2026-04-27T14:03:58","guid":{"rendered":""},"modified":"2026-04-27T14:03:58","modified_gmt":"2026-04-27T14:03:58","slug":"esbe-eu-i-1-ekvitermni-regulator-oblibeny-53985","status":"publish","type":"product","link":"https:\/\/www.koupeltech.com\/index.php\/produkt\/esbe-eu-i-1-ekvitermni-regulator-oblibeny-53985\/","title":{"rendered":"ESBE EU-I-1 Ekvitermn\u00ed regul\u00e1tor Obl\u00edben\u00fd"},"content":{"rendered":"<div id=\"e4606003\" class=\"pages\">\n<div>\n<div id=\"PDDescription\" class=\"UserContentView userContent v1a v1 bs-view dcon dc164 PDDescription\" ><dc-con><dc-con><bs-empty><\/bs-empty><\/dc-con><dc-con>        <\/p>\n<div class=\"customDescription\">                    <\/div>\n<p><\/dc-con><dc-con><\/p>\n<p><strong>ESBE EU-I-1 Ekvitermn\u00ed regul\u00e1tor<\/strong><\/p>\n<p>Regul\u00e1tor ur\u010den pro obsluhu t\u0159\u00ed nebo \u010dty\u0159cestn\u00e9ho sm\u011b\u0161ovac\u00edho ventilu s mo\u017enost\u00ed p\u0159ipojen\u00ed \u010derpadla ventilu. D\u00edky mo\u017enosti spolupr\u00e1ce s dal\u0161\u00edmi dv\u011bma moduly sm\u011b\u0161ovac\u00edch ventil\u016f m\u016f\u017ee regul\u00e1tor ovl\u00e1dat a\u017e t\u0159i sm\u011b\u0161ovac\u00ed ventily. Regul\u00e1tor je vybaven funkc\u00ed regulace podle po\u010das\u00ed, t\u00fddenn\u00ed regulace\u00a0a spolupracuje tak\u00e9 s pokojov\u00fdm termostatem.<\/p>\n<p>Dodate\u010dnou v\u00fdhodou regul\u00e1toru je funkce ochrany zp\u00e1te\u010dky, kter\u00e1 zabra\u0148uje varu vody v kr\u00e1tk\u00e9m okruhu kotle a chr\u00e1n\u00ed p\u0159ed velmi n\u00edzkou teplotou vody, kter\u00e1 se vrac\u00ed do kotle. Regul\u00e1tor disponuje USB vstupem pro aktualizaci programu.<\/p>\n<p><strong>Funkce regul\u00e1toru:<\/strong><br \/>\u2022 plynul\u00e9 \u0159\u00edzen\u00ed 3- nebo 4cestn\u00e9ho sm\u011b\u0161ovac\u00edho ventilu pro\u00a0\u00daT\u00a0nebo podlahov\u00e9 vyt\u00e1p\u011bn\u00ed<br \/>\u2022 \u0159\u00edzen\u00ed \u010derpadla ventilu<br \/>\u2022 mo\u017enost \u0159\u00eddit\u00a02\u00a0p\u0159\u00eddavn\u00e9 ventily pomoc\u00ed modul\u016f CS-i-1 neboCS-i-1m<br \/>\u2022 mo\u017enost p\u0159ipojit modul CS-505 ETHERNET nebo WiFi RS<br \/>\u2022 ochrana zp\u00e1te\u010dky\u00a0a\u00a0ochrana kotle<br \/>\u2022 ekvitermn\u00ed \u0159\u00edzen\u00ed\u00a0a\u00a0t\u00fddenn\u00ed program<br \/>\u2022 mo\u017enost p\u0159ipojen\u00ed dvoupolohov\u00e9ho termostatu nebo\u00a0s\u00a0RS komunikac\u00ed<\/p>\n<p><strong>Vybaven\u00ed regul\u00e1toru:<\/strong><br \/>\u2022 LCD displej<br \/>\u2022 \u010didlo teploty kotle<br \/>\u2022 \u010didlo teploty ventilu<br \/>\u2022 \u010didlo teploty zp\u00e1te\u010dky<br \/>\u2022 venkovn\u00ed \u010didlo<br \/>\u2022 kryt p\u0159izp\u016fsoben\u00fd pro n\u00e1st\u011bnnou mont\u00e1\u017e<\/p>\n<p><\/dc-con><\/dc-con><\/div>\n<div id=\"PDDescription2\" class=\"UserContentView userContent v1a v1 bs-view dcon dc165 PDDescription2\" >\n<p><img decoding=\"async\" title=\"\" src=\"\/\/cdn.topenilevne.cz\/data\/user-content\/181850-1402124164_v(1).jpg\"><\/p>\n<p><img decoding=\"async\" title=\"\" src=\"\/\/cdn.topenilevne.cz\/data\/user-content\/i_1.png\"><\/p>\n<\/div><\/div>\n<div id=\"PDTable3\" class=\"ProductDetailTableView v3a v3 bs-view dcon dc185 PDTable3\" >\n<table>\n<thead><\/thead>\n<tbody>\n<tr class=\"attribute attr_bsshop_maker\">\n<td class=\"caption\">V\u00fdrobce<\/td>\n<td class=\"value\">ESBE<\/td>\n<\/tr>\n<\/tbody>\n<\/table>\n<\/div>\n<div id=\"ProductMedia\" class=\"ProductMediaView MediaViewBase v1a v1 bs-view dcon dc409 ProductMedia\" ><bs-empty><\/bs-empty><\/p>\n<div class=\"files\">\n<div class=\"title sub\">Soubory<\/div>\n<p><a href=\"\/media\/39099\/navod-k-obsluze-eu-i-1.pdf?&amp;key=ZGpmIyQwNUZfMzkwOTk=\" class=\"pdf\">N&#225;vod k obsluze EU-I-1<\/a><\/div>\n<p><bs-empty><\/bs-empty><\/div>\n<div id=\"PdProductGpsr\" class=\"ProductGpsrView v1a v1 bs-view dcon dc217 PdProductGpsr\" >\n<div class=\"subject\"><dc-root class=\"dcon dc219\"><span class=\"title\">Zodpov\u011bdn&#253; subjekt:<\/span><dc-con><dc-con><span class=\"company\">REMAK a.s.<\/span><span class=\"name\">Esbe<\/span><\/dc-con><dc-con><span class=\"street\">Zubersk&#225; 2601<\/span><span class=\"city\">Ro\u017enov pod Radho\u0161t\u011bm<\/span><span class=\"zip\">756 61<\/span><span class=\"country\">\u010cesko<\/span><\/dc-con><span class=\"email\">remak@remak.cz<\/span><span class=\"phone\">571 877 778<\/span><bs-empty><\/bs-empty><a href=\"https:\/\/www.esbe.cz\/kontakt\/\" class=\"link\" target=\"_blank\">https:\/\/www.esbe.cz\/kontakt\/<\/a><\/dc-con><bs-empty><\/bs-empty><\/dc-root><\/div>\n<p><bs-empty><\/bs-empty><\/div>\n<\/div>\n<div id=\"e4606004\" class=\"tabs\">\n","protected":false},"excerpt":{"rendered":"<p>ESBE EU-I-1 Ekvitermn\u00ed regul\u00e1tor Regul\u00e1tor ur\u010den pro obsluhu t\u0159\u00ed nebo \u010dty\u0159cestn\u00e9ho sm\u011b\u0161ovac\u00edho ventilu s mo\u017enost\u00ed p\u0159ipojen\u00ed \u010derpadla ventilu. D\u00edky mo\u017enosti spolupr\u00e1ce s dal\u0161\u00edmi dv\u011bma moduly sm\u011b\u0161ovac\u00edch ventil\u016f m\u016f\u017ee regul\u00e1tor ovl\u00e1dat a\u017e t\u0159i sm\u011b\u0161ovac\u00ed ventily. Regul\u00e1tor je vybaven funkc\u00ed regulace podle po\u010das\u00ed, t\u00fddenn\u00ed regulace\u00a0a spolupracuje tak\u00e9 s pokojov\u00fdm termostatem. Dodate\u010dnou v\u00fdhodou regul\u00e1toru je funkce ochrany zp\u00e1te\u010dky, [&hellip;]<\/p>\n","protected":false},"featured_media":54085,"comment_status":"open","ping_status":"open","template":"","meta":[],"product_brand":[],"product_cat":[97],"product_tag":[],"class_list":{"0":"post-53985","1":"product","2":"type-product","3":"status-publish","4":"has-post-thumbnail","6":"product_cat-armatury","8":"first","9":"instock","10":"sale","11":"shipping-taxable","12":"purchasable","13":"product-type-simple"},"yoast_head":"<!-- This site is optimized with the Yoast SEO plugin v26.8 - https:\/\/yoast.com\/product\/yoast-seo-wordpress\/ -->\n<title>ESBE EU-I-1 Ekvitermn\u00ed regul\u00e1tor Obl\u00edben\u00fd -<\/title>\n<meta name=\"robots\" content=\"index, follow, max-snippet:-1, max-image-preview:large, max-video-preview:-1\" \/>\n<link rel=\"canonical\" href=\"https:\/\/www.koupeltech.com\/index.php\/produkt\/esbe-eu-i-1-ekvitermni-regulator-oblibeny-53985\/\" \/>\n<meta property=\"og:locale\" content=\"cs_CZ\" \/>\n<meta property=\"og:type\" content=\"article\" \/>\n<meta property=\"og:title\" content=\"ESBE EU-I-1 Ekvitermn\u00ed regul\u00e1tor Obl\u00edben\u00fd -\" \/>\n<meta property=\"og:description\" content=\"ESBE EU-I-1 Ekvitermn\u00ed regul\u00e1tor Regul\u00e1tor ur\u010den pro obsluhu t\u0159\u00ed nebo \u010dty\u0159cestn\u00e9ho sm\u011b\u0161ovac\u00edho ventilu s mo\u017enost\u00ed p\u0159ipojen\u00ed \u010derpadla ventilu. D\u00edky mo\u017enosti spolupr\u00e1ce s dal\u0161\u00edmi dv\u011bma moduly sm\u011b\u0161ovac\u00edch ventil\u016f m\u016f\u017ee regul\u00e1tor ovl\u00e1dat a\u017e t\u0159i sm\u011b\u0161ovac\u00ed ventily. Regul\u00e1tor je vybaven funkc\u00ed regulace podle po\u010das\u00ed, t\u00fddenn\u00ed regulace\u00a0a spolupracuje tak\u00e9 s pokojov\u00fdm termostatem. Dodate\u010dnou v\u00fdhodou regul\u00e1toru je funkce ochrany zp\u00e1te\u010dky, [&hellip;]\" \/>\n<meta property=\"og:url\" content=\"https:\/\/www.koupeltech.com\/index.php\/produkt\/esbe-eu-i-1-ekvitermni-regulator-oblibeny-53985\/\" \/>\n<meta property=\"og:image\" content=\"https:\/\/www.koupeltech.com\/wp-content\/uploads\/2026\/SK0021018-CZ20260425-093449-0-1777080896-esbe-eu-i-1-ekvitermni-regulator.webp\" \/>\n\t<meta property=\"og:image:width\" content=\"1000\" \/>\n\t<meta property=\"og:image:height\" content=\"525\" \/>\n\t<meta property=\"og:image:type\" content=\"image\/webp\" \/>\n<meta name=\"twitter:card\" content=\"summary_large_image\" \/>\n<meta name=\"twitter:label1\" content=\"Odhadovan\u00e1 doba \u010dten\u00ed\" \/>\n\t<meta name=\"twitter:data1\" content=\"1 minuta\" \/>\n<script type=\"application\/ld+json\" class=\"yoast-schema-graph\">{\"@context\":\"https:\/\/schema.org\",\"@graph\":[{\"@type\":\"WebPage\",\"@id\":\"https:\/\/www.koupeltech.com\/index.php\/produkt\/esbe-eu-i-1-ekvitermni-regulator-oblibeny-53985\/\",\"url\":\"https:\/\/www.koupeltech.com\/index.php\/produkt\/esbe-eu-i-1-ekvitermni-regulator-oblibeny-53985\/\",\"name\":\"ESBE EU-I-1 Ekvitermn\u00ed regul\u00e1tor Obl\u00edben\u00fd -\",\"isPartOf\":{\"@id\":\"https:\/\/www.koupeltech.com\/#website\"},\"primaryImageOfPage\":{\"@id\":\"https:\/\/www.koupeltech.com\/index.php\/produkt\/esbe-eu-i-1-ekvitermni-regulator-oblibeny-53985\/#primaryimage\"},\"image\":{\"@id\":\"https:\/\/www.koupeltech.com\/index.php\/produkt\/esbe-eu-i-1-ekvitermni-regulator-oblibeny-53985\/#primaryimage\"},\"thumbnailUrl\":\"https:\/\/www.koupeltech.com\/wp-content\/uploads\/2026\/SK0021018-CZ20260425-093449-0-1777080896-esbe-eu-i-1-ekvitermni-regulator.webp\",\"datePublished\":\"2026-04-27T14:03:58+00:00\",\"breadcrumb\":{\"@id\":\"https:\/\/www.koupeltech.com\/index.php\/produkt\/esbe-eu-i-1-ekvitermni-regulator-oblibeny-53985\/#breadcrumb\"},\"inLanguage\":\"cs\",\"potentialAction\":[{\"@type\":\"ReadAction\",\"target\":[\"https:\/\/www.koupeltech.com\/index.php\/produkt\/esbe-eu-i-1-ekvitermni-regulator-oblibeny-53985\/\"]}]},{\"@type\":\"ImageObject\",\"inLanguage\":\"cs\",\"@id\":\"https:\/\/www.koupeltech.com\/index.php\/produkt\/esbe-eu-i-1-ekvitermni-regulator-oblibeny-53985\/#primaryimage\",\"url\":\"https:\/\/www.koupeltech.com\/wp-content\/uploads\/2026\/SK0021018-CZ20260425-093449-0-1777080896-esbe-eu-i-1-ekvitermni-regulator.webp\",\"contentUrl\":\"https:\/\/www.koupeltech.com\/wp-content\/uploads\/2026\/SK0021018-CZ20260425-093449-0-1777080896-esbe-eu-i-1-ekvitermni-regulator.webp\",\"width\":1000,\"height\":525},{\"@type\":\"BreadcrumbList\",\"@id\":\"https:\/\/www.koupeltech.com\/index.php\/produkt\/esbe-eu-i-1-ekvitermni-regulator-oblibeny-53985\/#breadcrumb\",\"itemListElement\":[{\"@type\":\"ListItem\",\"position\":1,\"name\":\"Home\",\"item\":\"https:\/\/www.koupeltech.com\/\"},{\"@type\":\"ListItem\",\"position\":2,\"name\":\"Products\",\"item\":\"https:\/\/www.koupeltech.com\/index.php\/products\/\"},{\"@type\":\"ListItem\",\"position\":3,\"name\":\"ESBE EU-I-1 Ekvitermn\u00ed regul\u00e1tor Obl\u00edben\u00fd\"}]},{\"@type\":\"WebSite\",\"@id\":\"https:\/\/www.koupeltech.com\/#website\",\"url\":\"https:\/\/www.koupeltech.com\/\",\"name\":\"\",\"description\":\"\",\"potentialAction\":[{\"@type\":\"SearchAction\",\"target\":{\"@type\":\"EntryPoint\",\"urlTemplate\":\"https:\/\/www.koupeltech.com\/?s={search_term_string}\"},\"query-input\":{\"@type\":\"PropertyValueSpecification\",\"valueRequired\":true,\"valueName\":\"search_term_string\"}}],\"inLanguage\":\"cs\"}]}<\/script>\n<!-- \/ Yoast SEO plugin. -->","yoast_head_json":{"title":"ESBE EU-I-1 Ekvitermn\u00ed regul\u00e1tor Obl\u00edben\u00fd -","robots":{"index":"index","follow":"follow","max-snippet":"max-snippet:-1","max-image-preview":"max-image-preview:large","max-video-preview":"max-video-preview:-1"},"canonical":"https:\/\/www.koupeltech.com\/index.php\/produkt\/esbe-eu-i-1-ekvitermni-regulator-oblibeny-53985\/","og_locale":"cs_CZ","og_type":"article","og_title":"ESBE EU-I-1 Ekvitermn\u00ed regul\u00e1tor Obl\u00edben\u00fd -","og_description":"ESBE EU-I-1 Ekvitermn\u00ed regul\u00e1tor Regul\u00e1tor ur\u010den pro obsluhu t\u0159\u00ed nebo \u010dty\u0159cestn\u00e9ho sm\u011b\u0161ovac\u00edho ventilu s mo\u017enost\u00ed p\u0159ipojen\u00ed \u010derpadla ventilu. D\u00edky mo\u017enosti spolupr\u00e1ce s dal\u0161\u00edmi dv\u011bma moduly sm\u011b\u0161ovac\u00edch ventil\u016f m\u016f\u017ee regul\u00e1tor ovl\u00e1dat a\u017e t\u0159i sm\u011b\u0161ovac\u00ed ventily. Regul\u00e1tor je vybaven funkc\u00ed regulace podle po\u010das\u00ed, t\u00fddenn\u00ed regulace\u00a0a spolupracuje tak\u00e9 s pokojov\u00fdm termostatem. Dodate\u010dnou v\u00fdhodou regul\u00e1toru je funkce ochrany zp\u00e1te\u010dky, [&hellip;]","og_url":"https:\/\/www.koupeltech.com\/index.php\/produkt\/esbe-eu-i-1-ekvitermni-regulator-oblibeny-53985\/","og_image":[{"width":1000,"height":525,"url":"https:\/\/www.koupeltech.com\/wp-content\/uploads\/2026\/SK0021018-CZ20260425-093449-0-1777080896-esbe-eu-i-1-ekvitermni-regulator.webp","type":"image\/webp"}],"twitter_card":"summary_large_image","twitter_misc":{"Odhadovan\u00e1 doba \u010dten\u00ed":"1 minuta"},"schema":{"@context":"https:\/\/schema.org","@graph":[{"@type":"WebPage","@id":"https:\/\/www.koupeltech.com\/index.php\/produkt\/esbe-eu-i-1-ekvitermni-regulator-oblibeny-53985\/","url":"https:\/\/www.koupeltech.com\/index.php\/produkt\/esbe-eu-i-1-ekvitermni-regulator-oblibeny-53985\/","name":"ESBE EU-I-1 Ekvitermn\u00ed regul\u00e1tor Obl\u00edben\u00fd -","isPartOf":{"@id":"https:\/\/www.koupeltech.com\/#website"},"primaryImageOfPage":{"@id":"https:\/\/www.koupeltech.com\/index.php\/produkt\/esbe-eu-i-1-ekvitermni-regulator-oblibeny-53985\/#primaryimage"},"image":{"@id":"https:\/\/www.koupeltech.com\/index.php\/produkt\/esbe-eu-i-1-ekvitermni-regulator-oblibeny-53985\/#primaryimage"},"thumbnailUrl":"https:\/\/www.koupeltech.com\/wp-content\/uploads\/2026\/SK0021018-CZ20260425-093449-0-1777080896-esbe-eu-i-1-ekvitermni-regulator.webp","datePublished":"2026-04-27T14:03:58+00:00","breadcrumb":{"@id":"https:\/\/www.koupeltech.com\/index.php\/produkt\/esbe-eu-i-1-ekvitermni-regulator-oblibeny-53985\/#breadcrumb"},"inLanguage":"cs","potentialAction":[{"@type":"ReadAction","target":["https:\/\/www.koupeltech.com\/index.php\/produkt\/esbe-eu-i-1-ekvitermni-regulator-oblibeny-53985\/"]}]},{"@type":"ImageObject","inLanguage":"cs","@id":"https:\/\/www.koupeltech.com\/index.php\/produkt\/esbe-eu-i-1-ekvitermni-regulator-oblibeny-53985\/#primaryimage","url":"https:\/\/www.koupeltech.com\/wp-content\/uploads\/2026\/SK0021018-CZ20260425-093449-0-1777080896-esbe-eu-i-1-ekvitermni-regulator.webp","contentUrl":"https:\/\/www.koupeltech.com\/wp-content\/uploads\/2026\/SK0021018-CZ20260425-093449-0-1777080896-esbe-eu-i-1-ekvitermni-regulator.webp","width":1000,"height":525},{"@type":"BreadcrumbList","@id":"https:\/\/www.koupeltech.com\/index.php\/produkt\/esbe-eu-i-1-ekvitermni-regulator-oblibeny-53985\/#breadcrumb","itemListElement":[{"@type":"ListItem","position":1,"name":"Home","item":"https:\/\/www.koupeltech.com\/"},{"@type":"ListItem","position":2,"name":"Products","item":"https:\/\/www.koupeltech.com\/index.php\/products\/"},{"@type":"ListItem","position":3,"name":"ESBE EU-I-1 Ekvitermn\u00ed regul\u00e1tor Obl\u00edben\u00fd"}]},{"@type":"WebSite","@id":"https:\/\/www.koupeltech.com\/#website","url":"https:\/\/www.koupeltech.com\/","name":"","description":"","potentialAction":[{"@type":"SearchAction","target":{"@type":"EntryPoint","urlTemplate":"https:\/\/www.koupeltech.com\/?s={search_term_string}"},"query-input":{"@type":"PropertyValueSpecification","valueRequired":true,"valueName":"search_term_string"}}],"inLanguage":"cs"}]}},"_links":{"self":[{"href":"https:\/\/www.koupeltech.com\/index.php\/wp-json\/wp\/v2\/product\/53985","targetHints":{"allow":["GET"]}}],"collection":[{"href":"https:\/\/www.koupeltech.com\/index.php\/wp-json\/wp\/v2\/product"}],"about":[{"href":"https:\/\/www.koupeltech.com\/index.php\/wp-json\/wp\/v2\/types\/product"}],"replies":[{"embeddable":true,"href":"https:\/\/www.koupeltech.com\/index.php\/wp-json\/wp\/v2\/comments?post=53985"}],"wp:featuredmedia":[{"embeddable":true,"href":"https:\/\/www.koupeltech.com\/index.php\/wp-json\/wp\/v2\/media\/54085"}],"wp:attachment":[{"href":"https:\/\/www.koupeltech.com\/index.php\/wp-json\/wp\/v2\/media?parent=53985"}],"wp:term":[{"taxonomy":"product_brand","embeddable":true,"href":"https:\/\/www.koupeltech.com\/index.php\/wp-json\/wp\/v2\/product_brand?post=53985"},{"taxonomy":"product_cat","embeddable":true,"href":"https:\/\/www.koupeltech.com\/index.php\/wp-json\/wp\/v2\/product_cat?post=53985"},{"taxonomy":"product_tag","embeddable":true,"href":"https:\/\/www.koupeltech.com\/index.php\/wp-json\/wp\/v2\/product_tag?post=53985"}],"curies":[{"name":"wp","href":"https:\/\/api.w.org\/{rel}","templated":true}]}}