{"id":53986,"date":"2026-04-27T14:03:58","date_gmt":"2026-04-27T14:03:58","guid":{"rendered":""},"modified":"2026-04-27T14:03:58","modified_gmt":"2026-04-27T14:03:58","slug":"honeywell-bezdratovy-programovatelny-termostat-t3r-odeslani-ihned-53986","status":"publish","type":"product","link":"https:\/\/www.koupeltech.com\/index.php\/produkt\/honeywell-bezdratovy-programovatelny-termostat-t3r-odeslani-ihned-53986\/","title":{"rendered":"Honeywell Bezdr\u00e1tov\u00fd programovateln\u00fd termostat, T3R Odesl\u00e1n\u00ed Ihned"},"content":{"rendered":"<div id=\"e4228805\" class=\"pages\">\n<div>\n<div id=\"PDDescription\" class=\"UserContentView userContent v1a v1 bs-view dcon dc164 PDDescription\" ><dc-con><dc-con><bs-empty><\/bs-empty><\/dc-con><dc-con>        <\/p>\n<div class=\"customDescription\">                    <\/div>\n<p><\/dc-con><dc-con><\/p>\n<p><strong>Honeywell Bezdr\u00e1tov\u00fd programovateln\u00fd termostat, T3R<\/strong><\/p>\n<h3>\u00a0<\/h3>\n<p>\u00a0<\/p>\n<p><\/dc-con><\/dc-con><\/div>\n<div id=\"PDDescription2\" class=\"UserContentView userContent v1a v1 bs-view dcon dc165 PDDescription2\" >\n<p><strong>7denn\u00ed programovateln\u00fd bezdr\u00e1tov\u00fd termostat T3R<\/strong><\/p>\n<p>Termostat T3R je ur\u010den\u00a0k automatick\u00e9mu \u0159\u00edzen\u00ed otopn\u00fdch soustav v bytech a domech podle nastaviteln\u00e9ho \u010dasov\u00e9ho programu a teploty. Jedn\u00e1 se o zcela nov\u00fd typ termostatu od firmy Honeywell, kter\u00fd nahrazuje star\u0161\u00ed model\u00a0CM727. Jedn\u00e1 se o tzv. bezdr\u00e1tovou variantu termostatu Honeywell\u00a0T3.<\/p>\n<p>Poznejte modern\u00ed programovateln\u00fd termostat s mnoha funkcemi za p\u0159ijatelnou cenu. P\u0159i tvorb\u011b termostatu T3R jsme se soust\u0159edili na pohodl\u00ed a jednoduchost. Je ur\u010den pro ty, kte\u0159\u00ed hledaj\u00ed flexibiln\u00ed a snadnou regulaci sv\u00e9ho pohodl\u00ed. Obsahuje bateri\u00ed nap\u00e1jen\u00fd termostat (2 baterie AA s \u017eivotnost\u00ed 2 roky jsou sou\u010d\u00e1st\u00ed dod\u00e1vky) a krabici s bezdr\u00e1tov\u00fdm p\u0159ij\u00edma\u010dem. Bezdr\u00e1tov\u00fd termostat lze um\u00edstit kdekoliv v dom\u011b, proto\u017ee nejsou nutn\u00e9 \u017e\u00e1dn\u00e9 kabely pro propojen\u00ed termostatu a kotle. Sou\u010d\u00e1st\u00ed dod\u00e1vky je stojan na st\u016fl.<\/p>\n<p>Tato jednotka je ide\u00e1ln\u00edm \u0159e\u0161en\u00edm pro v\u0161echny, kte\u0159\u00ed vy\u017eaduj\u00ed spolehliv\u00e9 a p\u0159esn\u00e9 \u0159\u00edzen\u00ed s modern\u00edm vzhledem, jednoduch\u00e9 programov\u00e1n\u00ed o ovl\u00e1d\u00e1n\u00ed.<\/p>\n<h3><img decoding=\"async\" title=\"\" src=\"\/\/cdn.topenilevne.cz\/data\/user-content\/T3R_Retail-07.jpg\"><\/h3>\n<h3>Flexibiln\u00ed programov\u00e1n\u00ed<\/h3>\n<p>Od v\u00fdrobce p\u0159edem naprogramovan\u00fd rozvrh m\u00e1 naprogramov\u00e1no 7\u00a0dn\u016f a\u00a06\u00a0\u010dasov\u00fdch \u00fasek\u016f, kter\u00e9 zaji\u0161\u0165uj\u00ed komfort, snadno programovateln\u00fd re\u017eim dovolen\u00e9 nebo jednoduch\u00e9 zv\u00fd\u0161en\u00ed vyt\u00e1p\u011bn\u00ed na 1\u00a0hodinu jedn\u00edm dotykem.<\/p>\n<h3>\u00daspora energie<\/h3>\n<p>Pou\u017e\u00edv\u00e1 modern\u00ed, samou\u010d\u00edc\u00ed se algoritmus pro chytrou regulaci vyt\u00e1p\u011bn\u00ed. V\u00e1\u0161 kotel bude \u00fa\u010dinn\u011bj\u0161\u00ed ne\u017e kdy d\u0159\u00edve. Je ve shod\u011b s\u00a0p\u0159edpisem Boiler Plus.<\/p>\n<h3>Snadn\u00e9 pou\u017eit\u00ed<\/h3>\n<p>Intuitivn\u00ed u\u017eivatelsk\u00e9 rozhran\u00ed, velk\u00fd, za jak\u00fdchkoliv podm\u00ednek snadno \u010diteln\u00fd displej s\u00a0podsv\u00edcen\u00edm, jednoduch\u00e9 velk\u00e9 symboly a\u00a0re\u017eimy vypnut\u00ed\/ru\u010dn\u00ed\/automatick\u00fd dotykem tla\u010d\u00edtka. Spolehliv\u00e1 \u0161ifrovan\u00e1 oboustrann\u00e1 bezdr\u00e1tov\u00e1 komunikace mezi termostatem a\u00a0bezdr\u00e1tov\u00fdm p\u0159ij\u00edma\u010dem.<\/p>\n<h3>Aplikace<\/h3>\n<p>Standardn\u00ed a\u00a0kombinovan\u00e9 kotle (vyp\u00edn\u00e1n\u00ed\/zap\u00edn\u00e1n\u00ed); podlahov\u00e9 vyt\u00e1p\u011bn\u00ed, z\u00f3nov\u00e9 ventily. Pouze vyt\u00e1p\u011bn\u00ed (24 \u2013 230\u00a0V p\u0159i 5(3)\u00a0A).<\/p>\n<h3>Dal\u0161\u00ed<\/h3>\n<p>Z\u00e1mek br\u00e1n\u00edc\u00ed necht\u011bn\u00e9mu\/neopr\u00e1vn\u011bn\u00e9mu pou\u017eit\u00ed, ochrana proti zamrznut\u00ed (tak\u017ee potrub\u00ed v\u00a0dom\u011b nikdy nezamrzne) a\u00a0automatick\u00e9 p\u0159estaven\u00ed \u010dasu p\u0159i zm\u011bn\u011b sez\u00f3ny.<\/p>\n<p><img decoding=\"async\" title=\"\" style=\"width: 596px; height: 390px;\" src=\"\/\/cdn.topenilevne.cz\/data\/user-content\/Honeywell T3 nastaveni.png\"><\/p>\n<p><strong>Hlavn\u00ed funkce:<\/strong><\/p>\n<ul>\n<li>7 denn\u00ed program<\/li>\n<li>Mo\u017enost nastaven\u00ed 4 nez\u00e1visl\u00fdch \u010dasov\u00fdch \u00fasek\u016f pro ka\u017ed\u00fd den v\u00a0t\u00fddnu<\/li>\n<li>Informace o prostorov\u00e9 teplot\u011b<\/li>\n<li>OFF re\u017eim obsahuje protimrazovou ochranu na min. 5\u00b0C \u2013 potrub\u00ed v\u00a0dom\u011b nikdy nezamrzne<\/li>\n<li>Automatick\u00e9 nastaven\u00ed \u010dasu pro \u201eletn\u00ed \u010das\u201c<\/li>\n<li>Termostat je nap\u00e1jen alkalick\u00fdmi bateriemi 2 x 1.5 V IEC LR6 (AA)<\/li>\n<li>\u017divotnost bateri\u00ed je 2 roky, upozorn\u011bn\u00ed p\u0159i n\u00edzk\u00e9 hodnot\u011b baterie<\/li>\n<li>Bezdr\u00e1tov\u00e1 jednotka nap\u00e1jena 230 V<\/li>\n<li>Rozsah nastaven\u00ed 5\u202635\u00b0C<\/li>\n<li>P\u0159esnost m\u011b\u0159en\u00ed 0,5\u00b0C<\/li>\n<\/ul>\n<p><strong>Nehod\u00ed se pro aplikace elektrick\u00e9ho vyt\u00e1p\u011bn\u00ed\u00a0<\/strong>(240 V).<\/p>\n<\/div><\/div>\n<div id=\"PDTable3\" class=\"ProductDetailTableView v3a v3 bs-view dcon dc185 PDTable3\" >\n<table>\n<thead><\/thead>\n<tbody>\n<tr class=\"attribute attr_typ\">\n<td class=\"caption\">Typ<\/td>\n<td class=\"value\">Bezdr\u00e1tov\u00e9<\/td>\n<\/tr>\n<tr class=\"attribute attr_kategorie\">\n<td class=\"caption\">Kategorie<\/td>\n<td class=\"value\">Digit\u00e1ln\u00ed<\/td>\n<\/tr>\n<tr class=\"attribute attr_bsshop_maker\">\n<td class=\"caption\">V\u00fdrobce<\/td>\n<td class=\"value\">Honeywell<\/td>\n<\/tr>\n<\/tbody>\n<\/table>\n<\/div>\n<div id=\"ProductMedia\" class=\"ProductMediaView MediaViewBase v1a v1 bs-view dcon dc409 ProductMedia\" ><bs-empty><\/bs-empty><\/p>\n<div class=\"files\">\n<div class=\"title sub\">Soubory<\/div>\n<p><a href=\"\/media\/2387\/katalogovy-list-honeywell-t3r.pdf?&amp;key=ZGpmIyQwNUZfMjM4Nw==\" class=\"pdf\">Katalogov&#253; list Honeywell T3R<\/a><a href=\"\/media\/2388\/navod-honeywell-t3r.pdf?&amp;key=ZGpmIyQwNUZfMjM4OA==\" class=\"pdf\">N&#225;vod Honeywell T3R<\/a><\/div>\n<p><bs-empty><\/bs-empty><\/div>\n<div id=\"PdProductGpsr\" class=\"ProductGpsrView v1a v1 bs-view dcon dc217 PdProductGpsr\" >\n<div class=\"subject\"><dc-root class=\"dcon dc219\"><span class=\"title\">Zodpov\u011bdn&#253; subjekt:<\/span><dc-con><dc-con><span class=\"company\">Honeywell, spol. s r.o. &#8211; HTS CZ o.z.<\/span><span class=\"name\">Honeywell<\/span><\/dc-con><dc-con><span class=\"street\">Tu\u0159anka 1387\/100<\/span><span class=\"city\">Brno<\/span><span class=\"zip\">627 00<\/span><span class=\"country\">\u010cesko<\/span><\/dc-con><bs-empty><\/bs-empty><span class=\"phone\">532 115 111<\/span><bs-empty><\/bs-empty><a href=\"https:\/\/www.honeywell.com\/cz\/en\" class=\"link\" target=\"_blank\">https:\/\/www.honeywell.com\/cz\/en<\/a><\/dc-con><bs-empty><\/bs-empty><\/dc-root><\/div>\n<p><bs-empty><\/bs-empty><\/div>\n<\/div>\n<div id=\"e4228806\" class=\"tabs\">\n","protected":false},"excerpt":{"rendered":"<p>Honeywell Bezdr\u00e1tov\u00fd programovateln\u00fd termostat, T3R \u00a0 \u00a0 7denn\u00ed programovateln\u00fd bezdr\u00e1tov\u00fd termostat T3R Termostat T3R je ur\u010den\u00a0k automatick\u00e9mu \u0159\u00edzen\u00ed otopn\u00fdch soustav v bytech a domech podle nastaviteln\u00e9ho \u010dasov\u00e9ho programu a teploty. Jedn\u00e1 se o zcela nov\u00fd typ termostatu od firmy Honeywell, kter\u00fd nahrazuje star\u0161\u00ed model\u00a0CM727. Jedn\u00e1 se o tzv. bezdr\u00e1tovou variantu termostatu Honeywell\u00a0T3. Poznejte modern\u00ed programovateln\u00fd [&hellip;]<\/p>\n","protected":false},"featured_media":54086,"comment_status":"open","ping_status":"open","template":"","meta":[],"product_brand":[],"product_cat":[102],"product_tag":[],"class_list":{"0":"post-53986","1":"product","2":"type-product","3":"status-publish","4":"has-post-thumbnail","6":"product_cat-regulace-termostaty","8":"first","9":"instock","10":"sale","11":"shipping-taxable","12":"purchasable","13":"product-type-simple"},"yoast_head":"<!-- This site is optimized with the Yoast SEO plugin v26.8 - https:\/\/yoast.com\/product\/yoast-seo-wordpress\/ -->\n<title>Honeywell Bezdr\u00e1tov\u00fd programovateln\u00fd termostat, T3R Odesl\u00e1n\u00ed Ihned -<\/title>\n<meta name=\"robots\" content=\"index, follow, max-snippet:-1, max-image-preview:large, max-video-preview:-1\" \/>\n<link rel=\"canonical\" href=\"https:\/\/www.koupeltech.com\/index.php\/produkt\/honeywell-bezdratovy-programovatelny-termostat-t3r-odeslani-ihned-53986\/\" \/>\n<meta property=\"og:locale\" content=\"cs_CZ\" \/>\n<meta property=\"og:type\" content=\"article\" \/>\n<meta property=\"og:title\" content=\"Honeywell Bezdr\u00e1tov\u00fd programovateln\u00fd termostat, T3R Odesl\u00e1n\u00ed Ihned -\" \/>\n<meta property=\"og:description\" content=\"Honeywell Bezdr\u00e1tov\u00fd programovateln\u00fd termostat, T3R \u00a0 \u00a0 7denn\u00ed programovateln\u00fd bezdr\u00e1tov\u00fd termostat T3R Termostat T3R je ur\u010den\u00a0k automatick\u00e9mu \u0159\u00edzen\u00ed otopn\u00fdch soustav v bytech a domech podle nastaviteln\u00e9ho \u010dasov\u00e9ho programu a teploty. Jedn\u00e1 se o zcela nov\u00fd typ termostatu od firmy Honeywell, kter\u00fd nahrazuje star\u0161\u00ed model\u00a0CM727. Jedn\u00e1 se o tzv. bezdr\u00e1tovou variantu termostatu Honeywell\u00a0T3. Poznejte modern\u00ed programovateln\u00fd [&hellip;]\" \/>\n<meta property=\"og:url\" content=\"https:\/\/www.koupeltech.com\/index.php\/produkt\/honeywell-bezdratovy-programovatelny-termostat-t3r-odeslani-ihned-53986\/\" \/>\n<meta property=\"og:image\" content=\"https:\/\/www.koupeltech.com\/wp-content\/uploads\/2026\/SK0021019-CZ20260425-093449-0-1777080896-honeywell-bezdratovy-programovatelny-termostat-t3r.webp\" \/>\n\t<meta property=\"og:image:width\" content=\"1000\" \/>\n\t<meta property=\"og:image:height\" content=\"525\" \/>\n\t<meta property=\"og:image:type\" content=\"image\/webp\" \/>\n<meta name=\"twitter:card\" content=\"summary_large_image\" \/>\n<meta name=\"twitter:label1\" content=\"Odhadovan\u00e1 doba \u010dten\u00ed\" \/>\n\t<meta name=\"twitter:data1\" content=\"2 minuty\" \/>\n<script type=\"application\/ld+json\" class=\"yoast-schema-graph\">{\"@context\":\"https:\/\/schema.org\",\"@graph\":[{\"@type\":\"WebPage\",\"@id\":\"https:\/\/www.koupeltech.com\/index.php\/produkt\/honeywell-bezdratovy-programovatelny-termostat-t3r-odeslani-ihned-53986\/\",\"url\":\"https:\/\/www.koupeltech.com\/index.php\/produkt\/honeywell-bezdratovy-programovatelny-termostat-t3r-odeslani-ihned-53986\/\",\"name\":\"Honeywell Bezdr\u00e1tov\u00fd programovateln\u00fd termostat, T3R Odesl\u00e1n\u00ed Ihned -\",\"isPartOf\":{\"@id\":\"https:\/\/www.koupeltech.com\/#website\"},\"primaryImageOfPage\":{\"@id\":\"https:\/\/www.koupeltech.com\/index.php\/produkt\/honeywell-bezdratovy-programovatelny-termostat-t3r-odeslani-ihned-53986\/#primaryimage\"},\"image\":{\"@id\":\"https:\/\/www.koupeltech.com\/index.php\/produkt\/honeywell-bezdratovy-programovatelny-termostat-t3r-odeslani-ihned-53986\/#primaryimage\"},\"thumbnailUrl\":\"https:\/\/www.koupeltech.com\/wp-content\/uploads\/2026\/SK0021019-CZ20260425-093449-0-1777080896-honeywell-bezdratovy-programovatelny-termostat-t3r.webp\",\"datePublished\":\"2026-04-27T14:03:58+00:00\",\"breadcrumb\":{\"@id\":\"https:\/\/www.koupeltech.com\/index.php\/produkt\/honeywell-bezdratovy-programovatelny-termostat-t3r-odeslani-ihned-53986\/#breadcrumb\"},\"inLanguage\":\"cs\",\"potentialAction\":[{\"@type\":\"ReadAction\",\"target\":[\"https:\/\/www.koupeltech.com\/index.php\/produkt\/honeywell-bezdratovy-programovatelny-termostat-t3r-odeslani-ihned-53986\/\"]}]},{\"@type\":\"ImageObject\",\"inLanguage\":\"cs\",\"@id\":\"https:\/\/www.koupeltech.com\/index.php\/produkt\/honeywell-bezdratovy-programovatelny-termostat-t3r-odeslani-ihned-53986\/#primaryimage\",\"url\":\"https:\/\/www.koupeltech.com\/wp-content\/uploads\/2026\/SK0021019-CZ20260425-093449-0-1777080896-honeywell-bezdratovy-programovatelny-termostat-t3r.webp\",\"contentUrl\":\"https:\/\/www.koupeltech.com\/wp-content\/uploads\/2026\/SK0021019-CZ20260425-093449-0-1777080896-honeywell-bezdratovy-programovatelny-termostat-t3r.webp\",\"width\":1000,\"height\":525},{\"@type\":\"BreadcrumbList\",\"@id\":\"https:\/\/www.koupeltech.com\/index.php\/produkt\/honeywell-bezdratovy-programovatelny-termostat-t3r-odeslani-ihned-53986\/#breadcrumb\",\"itemListElement\":[{\"@type\":\"ListItem\",\"position\":1,\"name\":\"Home\",\"item\":\"https:\/\/www.koupeltech.com\/\"},{\"@type\":\"ListItem\",\"position\":2,\"name\":\"Products\",\"item\":\"https:\/\/www.koupeltech.com\/index.php\/products\/\"},{\"@type\":\"ListItem\",\"position\":3,\"name\":\"Honeywell Bezdr\u00e1tov\u00fd programovateln\u00fd termostat, T3R Odesl\u00e1n\u00ed Ihned\"}]},{\"@type\":\"WebSite\",\"@id\":\"https:\/\/www.koupeltech.com\/#website\",\"url\":\"https:\/\/www.koupeltech.com\/\",\"name\":\"\",\"description\":\"\",\"potentialAction\":[{\"@type\":\"SearchAction\",\"target\":{\"@type\":\"EntryPoint\",\"urlTemplate\":\"https:\/\/www.koupeltech.com\/?s={search_term_string}\"},\"query-input\":{\"@type\":\"PropertyValueSpecification\",\"valueRequired\":true,\"valueName\":\"search_term_string\"}}],\"inLanguage\":\"cs\"}]}<\/script>\n<!-- \/ Yoast SEO plugin. -->","yoast_head_json":{"title":"Honeywell Bezdr\u00e1tov\u00fd programovateln\u00fd termostat, T3R Odesl\u00e1n\u00ed Ihned -","robots":{"index":"index","follow":"follow","max-snippet":"max-snippet:-1","max-image-preview":"max-image-preview:large","max-video-preview":"max-video-preview:-1"},"canonical":"https:\/\/www.koupeltech.com\/index.php\/produkt\/honeywell-bezdratovy-programovatelny-termostat-t3r-odeslani-ihned-53986\/","og_locale":"cs_CZ","og_type":"article","og_title":"Honeywell Bezdr\u00e1tov\u00fd programovateln\u00fd termostat, T3R Odesl\u00e1n\u00ed Ihned -","og_description":"Honeywell Bezdr\u00e1tov\u00fd programovateln\u00fd termostat, T3R \u00a0 \u00a0 7denn\u00ed programovateln\u00fd bezdr\u00e1tov\u00fd termostat T3R Termostat T3R je ur\u010den\u00a0k automatick\u00e9mu \u0159\u00edzen\u00ed otopn\u00fdch soustav v bytech a domech podle nastaviteln\u00e9ho \u010dasov\u00e9ho programu a teploty. Jedn\u00e1 se o zcela nov\u00fd typ termostatu od firmy Honeywell, kter\u00fd nahrazuje star\u0161\u00ed model\u00a0CM727. Jedn\u00e1 se o tzv. bezdr\u00e1tovou variantu termostatu Honeywell\u00a0T3. Poznejte modern\u00ed programovateln\u00fd [&hellip;]","og_url":"https:\/\/www.koupeltech.com\/index.php\/produkt\/honeywell-bezdratovy-programovatelny-termostat-t3r-odeslani-ihned-53986\/","og_image":[{"width":1000,"height":525,"url":"https:\/\/www.koupeltech.com\/wp-content\/uploads\/2026\/SK0021019-CZ20260425-093449-0-1777080896-honeywell-bezdratovy-programovatelny-termostat-t3r.webp","type":"image\/webp"}],"twitter_card":"summary_large_image","twitter_misc":{"Odhadovan\u00e1 doba \u010dten\u00ed":"2 minuty"},"schema":{"@context":"https:\/\/schema.org","@graph":[{"@type":"WebPage","@id":"https:\/\/www.koupeltech.com\/index.php\/produkt\/honeywell-bezdratovy-programovatelny-termostat-t3r-odeslani-ihned-53986\/","url":"https:\/\/www.koupeltech.com\/index.php\/produkt\/honeywell-bezdratovy-programovatelny-termostat-t3r-odeslani-ihned-53986\/","name":"Honeywell Bezdr\u00e1tov\u00fd programovateln\u00fd termostat, T3R Odesl\u00e1n\u00ed Ihned -","isPartOf":{"@id":"https:\/\/www.koupeltech.com\/#website"},"primaryImageOfPage":{"@id":"https:\/\/www.koupeltech.com\/index.php\/produkt\/honeywell-bezdratovy-programovatelny-termostat-t3r-odeslani-ihned-53986\/#primaryimage"},"image":{"@id":"https:\/\/www.koupeltech.com\/index.php\/produkt\/honeywell-bezdratovy-programovatelny-termostat-t3r-odeslani-ihned-53986\/#primaryimage"},"thumbnailUrl":"https:\/\/www.koupeltech.com\/wp-content\/uploads\/2026\/SK0021019-CZ20260425-093449-0-1777080896-honeywell-bezdratovy-programovatelny-termostat-t3r.webp","datePublished":"2026-04-27T14:03:58+00:00","breadcrumb":{"@id":"https:\/\/www.koupeltech.com\/index.php\/produkt\/honeywell-bezdratovy-programovatelny-termostat-t3r-odeslani-ihned-53986\/#breadcrumb"},"inLanguage":"cs","potentialAction":[{"@type":"ReadAction","target":["https:\/\/www.koupeltech.com\/index.php\/produkt\/honeywell-bezdratovy-programovatelny-termostat-t3r-odeslani-ihned-53986\/"]}]},{"@type":"ImageObject","inLanguage":"cs","@id":"https:\/\/www.koupeltech.com\/index.php\/produkt\/honeywell-bezdratovy-programovatelny-termostat-t3r-odeslani-ihned-53986\/#primaryimage","url":"https:\/\/www.koupeltech.com\/wp-content\/uploads\/2026\/SK0021019-CZ20260425-093449-0-1777080896-honeywell-bezdratovy-programovatelny-termostat-t3r.webp","contentUrl":"https:\/\/www.koupeltech.com\/wp-content\/uploads\/2026\/SK0021019-CZ20260425-093449-0-1777080896-honeywell-bezdratovy-programovatelny-termostat-t3r.webp","width":1000,"height":525},{"@type":"BreadcrumbList","@id":"https:\/\/www.koupeltech.com\/index.php\/produkt\/honeywell-bezdratovy-programovatelny-termostat-t3r-odeslani-ihned-53986\/#breadcrumb","itemListElement":[{"@type":"ListItem","position":1,"name":"Home","item":"https:\/\/www.koupeltech.com\/"},{"@type":"ListItem","position":2,"name":"Products","item":"https:\/\/www.koupeltech.com\/index.php\/products\/"},{"@type":"ListItem","position":3,"name":"Honeywell Bezdr\u00e1tov\u00fd programovateln\u00fd termostat, T3R Odesl\u00e1n\u00ed Ihned"}]},{"@type":"WebSite","@id":"https:\/\/www.koupeltech.com\/#website","url":"https:\/\/www.koupeltech.com\/","name":"","description":"","potentialAction":[{"@type":"SearchAction","target":{"@type":"EntryPoint","urlTemplate":"https:\/\/www.koupeltech.com\/?s={search_term_string}"},"query-input":{"@type":"PropertyValueSpecification","valueRequired":true,"valueName":"search_term_string"}}],"inLanguage":"cs"}]}},"_links":{"self":[{"href":"https:\/\/www.koupeltech.com\/index.php\/wp-json\/wp\/v2\/product\/53986","targetHints":{"allow":["GET"]}}],"collection":[{"href":"https:\/\/www.koupeltech.com\/index.php\/wp-json\/wp\/v2\/product"}],"about":[{"href":"https:\/\/www.koupeltech.com\/index.php\/wp-json\/wp\/v2\/types\/product"}],"replies":[{"embeddable":true,"href":"https:\/\/www.koupeltech.com\/index.php\/wp-json\/wp\/v2\/comments?post=53986"}],"wp:featuredmedia":[{"embeddable":true,"href":"https:\/\/www.koupeltech.com\/index.php\/wp-json\/wp\/v2\/media\/54086"}],"wp:attachment":[{"href":"https:\/\/www.koupeltech.com\/index.php\/wp-json\/wp\/v2\/media?parent=53986"}],"wp:term":[{"taxonomy":"product_brand","embeddable":true,"href":"https:\/\/www.koupeltech.com\/index.php\/wp-json\/wp\/v2\/product_brand?post=53986"},{"taxonomy":"product_cat","embeddable":true,"href":"https:\/\/www.koupeltech.com\/index.php\/wp-json\/wp\/v2\/product_cat?post=53986"},{"taxonomy":"product_tag","embeddable":true,"href":"https:\/\/www.koupeltech.com\/index.php\/wp-json\/wp\/v2\/product_tag?post=53986"}],"curies":[{"name":"wp","href":"https:\/\/api.w.org\/{rel}","templated":true}]}}