{"id":53989,"date":"2026-04-27T14:03:58","date_gmt":"2026-04-27T14:03:58","guid":{"rendered":""},"modified":"2026-04-27T14:03:58","modified_gmt":"2026-04-27T14:03:58","slug":"kids-world-svitici-autodraha-maxi-race-282-ks-chp5061-zlevneny-53989","status":"publish","type":"product","link":"https:\/\/www.koupeltech.com\/index.php\/produkt\/kids-world-svitici-autodraha-maxi-race-282-ks-chp5061-zlevneny-53989\/","title":{"rendered":"Kids World Sv\u00edt\u00edc\u00ed autodr\u00e1ha MAXI RACE 282 ks CHP5061 Zlevn\u011bn\u00fd"},"content":{"rendered":"<div id=\"e4614926\" class=\"pages\">\n<div>\n<div id=\"PDDescription\" class=\"UserContentView userContent v1a v1 bs-view dcon dc164 PDDescription\" ><dc-con><dc-con><bs-empty><\/bs-empty><\/dc-con><dc-con>        <\/p>\n<div class=\"customDescription\">                    <\/div>\n<p><\/dc-con><dc-con><\/p>\n<h2>Sv\u00edt\u00edc\u00ed autodr\u00e1ha MAXI RACE<\/h2>\n<p>Neonov\u00e1 z\u00e1vodn\u00ed dr\u00e1ha sv\u00edt\u00edc\u00ed ve tm\u011b. Flexibiln\u00ed d\u00edly se jednodu\u0161e spoj\u00ed do r\u016fzn\u00fdch barevn\u00fdch kombinac\u00ed a umo\u017e\u0148uj\u00ed m\u011bnit tvar a design dr\u00e1hy. <strong>Sv\u00edt\u00edc\u00ed autodr\u00e1ha MAXI RACE<\/strong> rozv\u00edj\u00ed d\u011btskou kreativitu a p\u0159edstavivost, aut\u00ed\u010dko s\u00a0LED sv\u011btly p\u0159i j\u00edzd\u011b vytv\u00e1\u0159\u00ed sv\u011bteln\u00e9 efekty.<\/p>\n<h3>Sv\u00edt\u00edc\u00ed autodr\u00e1ha MAXI RACE &#8211; parametry:<\/h3>\n<ul>\n<li>d\u00e9lka dr\u00e1hy 2 m<\/li>\n<li>materi\u00e1l plast<\/li>\n<li>nap\u00e1jen\u00ed aut\u00ed\u010dka na 2 ks baterie 1,5 V AAA (nejsou sou\u010d\u00e1st\u00ed balen\u00ed)<\/li>\n<\/ul>\n<h3>Sv\u00edt\u00edc\u00ed autodr\u00e1ha MAXI RACE &#8211; obsah sady:<\/h3>\n<p><span style=\"color: #0000ff;\">1 ks aut\u00ed\u010dko<\/span><br \/><span style=\"color: #0000ff;\">260 ks dr\u00e1hy<\/span><br \/><span style=\"color: #0000ff;\">1 ks benz\u00ednka<\/span><br \/><span style=\"color: #0000ff;\">1 ks n\u00e1lepka na auto<\/span><br \/><span style=\"color: #0000ff;\">11 ks dopravn\u00edch zna\u010dek<\/span><br \/><span style=\"color: #0000ff;\">7 ks spojovac\u00ed \u010dl\u00e1nek<\/span><br \/><span style=\"color: #0000ff;\">1 ks k\u0159i\u017eovatka<\/span><\/p>\n<p>Na <strong>sv\u00edt\u00edc\u00ed autodr\u00e1hu Maxi Race<\/strong> poskytujeme z\u00e1ruku v d\u00e9lce 24 m\u011bs\u00edc\u016f.<\/p>\n<p><span style=\"font-size: 8pt;\">Vhodn\u00e9 pro d\u011bti od 3 let.<\/p>\n<p><img decoding=\"async\" src=\"\/\/www.topenilevne.cz\/files\/ftalaty.jpg\" alt=\"\" width=\"233\" height=\"32\" \/><br \/><\/span><\/p>\n<p><\/dc-con><\/dc-con><\/div>\n<\/p><\/div>\n<div id=\"PDTable3\" class=\"ProductDetailTableView v3a v3 bs-view dcon dc185 PDTable3\" >\n<table>\n<thead><\/thead>\n<tbody>\n<tr class=\"attribute attr_bsshop_maker\">\n<td class=\"caption\">V\u00fdrobce<\/td>\n<td class=\"value\">Kids World<\/td>\n<\/tr>\n<\/tbody>\n<\/table>\n<\/div>\n<div id=\"ProductMedia\" class=\"ProductMediaView MediaViewBase v1a v1 bs-view dcon dc409 ProductMedia\" ><bs-empty><\/bs-empty><\/p>\n<div class=\"files\">\n<div class=\"title sub\">Soubory<\/div>\n<p><a href=\"\/media\/8327\/autodraha-svitici-maxi-race.pdf?&amp;key=ZGpmIyQwNUZfODMyNw==\" class=\"pdf\">autodraha_svitici_maxi_race.pdf<\/a><\/div>\n<p><bs-empty><\/bs-empty><\/div>\n<\/div>\n<div id=\"e4614927\" class=\"tabs\">\n","protected":false},"excerpt":{"rendered":"<p>Sv\u00edt\u00edc\u00ed autodr\u00e1ha MAXI RACE Neonov\u00e1 z\u00e1vodn\u00ed dr\u00e1ha sv\u00edt\u00edc\u00ed ve tm\u011b. Flexibiln\u00ed d\u00edly se jednodu\u0161e spoj\u00ed do r\u016fzn\u00fdch barevn\u00fdch kombinac\u00ed a umo\u017e\u0148uj\u00ed m\u011bnit tvar a design dr\u00e1hy. Sv\u00edt\u00edc\u00ed autodr\u00e1ha MAXI RACE rozv\u00edj\u00ed d\u011btskou kreativitu a p\u0159edstavivost, aut\u00ed\u010dko s\u00a0LED sv\u011btly p\u0159i j\u00edzd\u011b vytv\u00e1\u0159\u00ed sv\u011bteln\u00e9 efekty. Sv\u00edt\u00edc\u00ed autodr\u00e1ha MAXI RACE &#8211; parametry: d\u00e9lka dr\u00e1hy 2 m materi\u00e1l plast [&hellip;]<\/p>\n","protected":false},"featured_media":54089,"comment_status":"open","ping_status":"open","template":"","meta":[],"product_brand":[],"product_cat":[95],"product_tag":[],"class_list":{"0":"post-53989","1":"product","2":"type-product","3":"status-publish","4":"has-post-thumbnail","6":"product_cat-pochutiny-dum-a-zahrada","8":"first","9":"instock","10":"sale","11":"shipping-taxable","12":"purchasable","13":"product-type-simple"},"yoast_head":"<!-- This site is optimized with the Yoast SEO plugin v26.8 - https:\/\/yoast.com\/product\/yoast-seo-wordpress\/ -->\n<title>Kids World Sv\u00edt\u00edc\u00ed autodr\u00e1ha MAXI RACE 282 ks CHP5061 Zlevn\u011bn\u00fd -<\/title>\n<meta name=\"robots\" content=\"index, follow, max-snippet:-1, max-image-preview:large, max-video-preview:-1\" \/>\n<link rel=\"canonical\" href=\"https:\/\/www.koupeltech.com\/index.php\/produkt\/kids-world-svitici-autodraha-maxi-race-282-ks-chp5061-zlevneny-53989\/\" \/>\n<meta property=\"og:locale\" content=\"cs_CZ\" \/>\n<meta property=\"og:type\" content=\"article\" \/>\n<meta property=\"og:title\" content=\"Kids World Sv\u00edt\u00edc\u00ed autodr\u00e1ha MAXI RACE 282 ks CHP5061 Zlevn\u011bn\u00fd -\" \/>\n<meta property=\"og:description\" content=\"Sv\u00edt\u00edc\u00ed autodr\u00e1ha MAXI RACE Neonov\u00e1 z\u00e1vodn\u00ed dr\u00e1ha sv\u00edt\u00edc\u00ed ve tm\u011b. Flexibiln\u00ed d\u00edly se jednodu\u0161e spoj\u00ed do r\u016fzn\u00fdch barevn\u00fdch kombinac\u00ed a umo\u017e\u0148uj\u00ed m\u011bnit tvar a design dr\u00e1hy. Sv\u00edt\u00edc\u00ed autodr\u00e1ha MAXI RACE rozv\u00edj\u00ed d\u011btskou kreativitu a p\u0159edstavivost, aut\u00ed\u010dko s\u00a0LED sv\u011btly p\u0159i j\u00edzd\u011b vytv\u00e1\u0159\u00ed sv\u011bteln\u00e9 efekty. Sv\u00edt\u00edc\u00ed autodr\u00e1ha MAXI RACE &#8211; parametry: d\u00e9lka dr\u00e1hy 2 m materi\u00e1l plast [&hellip;]\" \/>\n<meta property=\"og:url\" content=\"https:\/\/www.koupeltech.com\/index.php\/produkt\/kids-world-svitici-autodraha-maxi-race-282-ks-chp5061-zlevneny-53989\/\" \/>\n<meta property=\"og:image\" content=\"https:\/\/www.koupeltech.com\/wp-content\/uploads\/2026\/SK0021031-CZ20260425-093449-0-1777080896-kids-world-svitici-autodraha-maxi-race-282-ks-chp5061.webp\" \/>\n\t<meta property=\"og:image:width\" content=\"1000\" \/>\n\t<meta property=\"og:image:height\" content=\"525\" \/>\n\t<meta property=\"og:image:type\" content=\"image\/webp\" \/>\n<meta name=\"twitter:card\" content=\"summary_large_image\" \/>\n<meta name=\"twitter:label1\" content=\"Odhadovan\u00e1 doba \u010dten\u00ed\" \/>\n\t<meta name=\"twitter:data1\" content=\"1 minuta\" \/>\n<script type=\"application\/ld+json\" class=\"yoast-schema-graph\">{\"@context\":\"https:\/\/schema.org\",\"@graph\":[{\"@type\":\"WebPage\",\"@id\":\"https:\/\/www.koupeltech.com\/index.php\/produkt\/kids-world-svitici-autodraha-maxi-race-282-ks-chp5061-zlevneny-53989\/\",\"url\":\"https:\/\/www.koupeltech.com\/index.php\/produkt\/kids-world-svitici-autodraha-maxi-race-282-ks-chp5061-zlevneny-53989\/\",\"name\":\"Kids World Sv\u00edt\u00edc\u00ed autodr\u00e1ha MAXI RACE 282 ks CHP5061 Zlevn\u011bn\u00fd -\",\"isPartOf\":{\"@id\":\"https:\/\/www.koupeltech.com\/#website\"},\"primaryImageOfPage\":{\"@id\":\"https:\/\/www.koupeltech.com\/index.php\/produkt\/kids-world-svitici-autodraha-maxi-race-282-ks-chp5061-zlevneny-53989\/#primaryimage\"},\"image\":{\"@id\":\"https:\/\/www.koupeltech.com\/index.php\/produkt\/kids-world-svitici-autodraha-maxi-race-282-ks-chp5061-zlevneny-53989\/#primaryimage\"},\"thumbnailUrl\":\"https:\/\/www.koupeltech.com\/wp-content\/uploads\/2026\/SK0021031-CZ20260425-093449-0-1777080896-kids-world-svitici-autodraha-maxi-race-282-ks-chp5061.webp\",\"datePublished\":\"2026-04-27T14:03:58+00:00\",\"breadcrumb\":{\"@id\":\"https:\/\/www.koupeltech.com\/index.php\/produkt\/kids-world-svitici-autodraha-maxi-race-282-ks-chp5061-zlevneny-53989\/#breadcrumb\"},\"inLanguage\":\"cs\",\"potentialAction\":[{\"@type\":\"ReadAction\",\"target\":[\"https:\/\/www.koupeltech.com\/index.php\/produkt\/kids-world-svitici-autodraha-maxi-race-282-ks-chp5061-zlevneny-53989\/\"]}]},{\"@type\":\"ImageObject\",\"inLanguage\":\"cs\",\"@id\":\"https:\/\/www.koupeltech.com\/index.php\/produkt\/kids-world-svitici-autodraha-maxi-race-282-ks-chp5061-zlevneny-53989\/#primaryimage\",\"url\":\"https:\/\/www.koupeltech.com\/wp-content\/uploads\/2026\/SK0021031-CZ20260425-093449-0-1777080896-kids-world-svitici-autodraha-maxi-race-282-ks-chp5061.webp\",\"contentUrl\":\"https:\/\/www.koupeltech.com\/wp-content\/uploads\/2026\/SK0021031-CZ20260425-093449-0-1777080896-kids-world-svitici-autodraha-maxi-race-282-ks-chp5061.webp\",\"width\":1000,\"height\":525},{\"@type\":\"BreadcrumbList\",\"@id\":\"https:\/\/www.koupeltech.com\/index.php\/produkt\/kids-world-svitici-autodraha-maxi-race-282-ks-chp5061-zlevneny-53989\/#breadcrumb\",\"itemListElement\":[{\"@type\":\"ListItem\",\"position\":1,\"name\":\"Home\",\"item\":\"https:\/\/www.koupeltech.com\/\"},{\"@type\":\"ListItem\",\"position\":2,\"name\":\"Products\",\"item\":\"https:\/\/www.koupeltech.com\/index.php\/products\/\"},{\"@type\":\"ListItem\",\"position\":3,\"name\":\"Kids World Sv\u00edt\u00edc\u00ed autodr\u00e1ha MAXI RACE 282 ks CHP5061 Zlevn\u011bn\u00fd\"}]},{\"@type\":\"WebSite\",\"@id\":\"https:\/\/www.koupeltech.com\/#website\",\"url\":\"https:\/\/www.koupeltech.com\/\",\"name\":\"\",\"description\":\"\",\"potentialAction\":[{\"@type\":\"SearchAction\",\"target\":{\"@type\":\"EntryPoint\",\"urlTemplate\":\"https:\/\/www.koupeltech.com\/?s={search_term_string}\"},\"query-input\":{\"@type\":\"PropertyValueSpecification\",\"valueRequired\":true,\"valueName\":\"search_term_string\"}}],\"inLanguage\":\"cs\"}]}<\/script>\n<!-- \/ Yoast SEO plugin. -->","yoast_head_json":{"title":"Kids World Sv\u00edt\u00edc\u00ed autodr\u00e1ha MAXI RACE 282 ks CHP5061 Zlevn\u011bn\u00fd -","robots":{"index":"index","follow":"follow","max-snippet":"max-snippet:-1","max-image-preview":"max-image-preview:large","max-video-preview":"max-video-preview:-1"},"canonical":"https:\/\/www.koupeltech.com\/index.php\/produkt\/kids-world-svitici-autodraha-maxi-race-282-ks-chp5061-zlevneny-53989\/","og_locale":"cs_CZ","og_type":"article","og_title":"Kids World Sv\u00edt\u00edc\u00ed autodr\u00e1ha MAXI RACE 282 ks CHP5061 Zlevn\u011bn\u00fd -","og_description":"Sv\u00edt\u00edc\u00ed autodr\u00e1ha MAXI RACE Neonov\u00e1 z\u00e1vodn\u00ed dr\u00e1ha sv\u00edt\u00edc\u00ed ve tm\u011b. Flexibiln\u00ed d\u00edly se jednodu\u0161e spoj\u00ed do r\u016fzn\u00fdch barevn\u00fdch kombinac\u00ed a umo\u017e\u0148uj\u00ed m\u011bnit tvar a design dr\u00e1hy. Sv\u00edt\u00edc\u00ed autodr\u00e1ha MAXI RACE rozv\u00edj\u00ed d\u011btskou kreativitu a p\u0159edstavivost, aut\u00ed\u010dko s\u00a0LED sv\u011btly p\u0159i j\u00edzd\u011b vytv\u00e1\u0159\u00ed sv\u011bteln\u00e9 efekty. Sv\u00edt\u00edc\u00ed autodr\u00e1ha MAXI RACE &#8211; parametry: d\u00e9lka dr\u00e1hy 2 m materi\u00e1l plast [&hellip;]","og_url":"https:\/\/www.koupeltech.com\/index.php\/produkt\/kids-world-svitici-autodraha-maxi-race-282-ks-chp5061-zlevneny-53989\/","og_image":[{"width":1000,"height":525,"url":"https:\/\/www.koupeltech.com\/wp-content\/uploads\/2026\/SK0021031-CZ20260425-093449-0-1777080896-kids-world-svitici-autodraha-maxi-race-282-ks-chp5061.webp","type":"image\/webp"}],"twitter_card":"summary_large_image","twitter_misc":{"Odhadovan\u00e1 doba \u010dten\u00ed":"1 minuta"},"schema":{"@context":"https:\/\/schema.org","@graph":[{"@type":"WebPage","@id":"https:\/\/www.koupeltech.com\/index.php\/produkt\/kids-world-svitici-autodraha-maxi-race-282-ks-chp5061-zlevneny-53989\/","url":"https:\/\/www.koupeltech.com\/index.php\/produkt\/kids-world-svitici-autodraha-maxi-race-282-ks-chp5061-zlevneny-53989\/","name":"Kids World Sv\u00edt\u00edc\u00ed autodr\u00e1ha MAXI RACE 282 ks CHP5061 Zlevn\u011bn\u00fd -","isPartOf":{"@id":"https:\/\/www.koupeltech.com\/#website"},"primaryImageOfPage":{"@id":"https:\/\/www.koupeltech.com\/index.php\/produkt\/kids-world-svitici-autodraha-maxi-race-282-ks-chp5061-zlevneny-53989\/#primaryimage"},"image":{"@id":"https:\/\/www.koupeltech.com\/index.php\/produkt\/kids-world-svitici-autodraha-maxi-race-282-ks-chp5061-zlevneny-53989\/#primaryimage"},"thumbnailUrl":"https:\/\/www.koupeltech.com\/wp-content\/uploads\/2026\/SK0021031-CZ20260425-093449-0-1777080896-kids-world-svitici-autodraha-maxi-race-282-ks-chp5061.webp","datePublished":"2026-04-27T14:03:58+00:00","breadcrumb":{"@id":"https:\/\/www.koupeltech.com\/index.php\/produkt\/kids-world-svitici-autodraha-maxi-race-282-ks-chp5061-zlevneny-53989\/#breadcrumb"},"inLanguage":"cs","potentialAction":[{"@type":"ReadAction","target":["https:\/\/www.koupeltech.com\/index.php\/produkt\/kids-world-svitici-autodraha-maxi-race-282-ks-chp5061-zlevneny-53989\/"]}]},{"@type":"ImageObject","inLanguage":"cs","@id":"https:\/\/www.koupeltech.com\/index.php\/produkt\/kids-world-svitici-autodraha-maxi-race-282-ks-chp5061-zlevneny-53989\/#primaryimage","url":"https:\/\/www.koupeltech.com\/wp-content\/uploads\/2026\/SK0021031-CZ20260425-093449-0-1777080896-kids-world-svitici-autodraha-maxi-race-282-ks-chp5061.webp","contentUrl":"https:\/\/www.koupeltech.com\/wp-content\/uploads\/2026\/SK0021031-CZ20260425-093449-0-1777080896-kids-world-svitici-autodraha-maxi-race-282-ks-chp5061.webp","width":1000,"height":525},{"@type":"BreadcrumbList","@id":"https:\/\/www.koupeltech.com\/index.php\/produkt\/kids-world-svitici-autodraha-maxi-race-282-ks-chp5061-zlevneny-53989\/#breadcrumb","itemListElement":[{"@type":"ListItem","position":1,"name":"Home","item":"https:\/\/www.koupeltech.com\/"},{"@type":"ListItem","position":2,"name":"Products","item":"https:\/\/www.koupeltech.com\/index.php\/products\/"},{"@type":"ListItem","position":3,"name":"Kids World Sv\u00edt\u00edc\u00ed autodr\u00e1ha MAXI RACE 282 ks CHP5061 Zlevn\u011bn\u00fd"}]},{"@type":"WebSite","@id":"https:\/\/www.koupeltech.com\/#website","url":"https:\/\/www.koupeltech.com\/","name":"","description":"","potentialAction":[{"@type":"SearchAction","target":{"@type":"EntryPoint","urlTemplate":"https:\/\/www.koupeltech.com\/?s={search_term_string}"},"query-input":{"@type":"PropertyValueSpecification","valueRequired":true,"valueName":"search_term_string"}}],"inLanguage":"cs"}]}},"_links":{"self":[{"href":"https:\/\/www.koupeltech.com\/index.php\/wp-json\/wp\/v2\/product\/53989","targetHints":{"allow":["GET"]}}],"collection":[{"href":"https:\/\/www.koupeltech.com\/index.php\/wp-json\/wp\/v2\/product"}],"about":[{"href":"https:\/\/www.koupeltech.com\/index.php\/wp-json\/wp\/v2\/types\/product"}],"replies":[{"embeddable":true,"href":"https:\/\/www.koupeltech.com\/index.php\/wp-json\/wp\/v2\/comments?post=53989"}],"wp:featuredmedia":[{"embeddable":true,"href":"https:\/\/www.koupeltech.com\/index.php\/wp-json\/wp\/v2\/media\/54089"}],"wp:attachment":[{"href":"https:\/\/www.koupeltech.com\/index.php\/wp-json\/wp\/v2\/media?parent=53989"}],"wp:term":[{"taxonomy":"product_brand","embeddable":true,"href":"https:\/\/www.koupeltech.com\/index.php\/wp-json\/wp\/v2\/product_brand?post=53989"},{"taxonomy":"product_cat","embeddable":true,"href":"https:\/\/www.koupeltech.com\/index.php\/wp-json\/wp\/v2\/product_cat?post=53989"},{"taxonomy":"product_tag","embeddable":true,"href":"https:\/\/www.koupeltech.com\/index.php\/wp-json\/wp\/v2\/product_tag?post=53989"}],"curies":[{"name":"wp","href":"https:\/\/api.w.org\/{rel}","templated":true}]}}