{"id":53990,"date":"2026-04-27T14:03:58","date_gmt":"2026-04-27T14:03:58","guid":{"rendered":""},"modified":"2026-04-27T14:03:58","modified_gmt":"2026-04-27T14:03:58","slug":"nova-kolekce-homelife-relaxacni-podsedak-s-operkami-53990","status":"publish","type":"product","link":"https:\/\/www.koupeltech.com\/index.php\/produkt\/nova-kolekce-homelife-relaxacni-podsedak-s-operkami-53990\/","title":{"rendered":"Nov\u00e1 Kolekce HomeLife Relaxa\u010dn\u00ed podsed\u00e1k s op\u011brkami"},"content":{"rendered":"<div id=\"e4237864\" class=\"pages\">\n<div>\n<div id=\"PDDescription\" class=\"UserContentView userContent v1a v1 bs-view dcon dc164 PDDescription\" ><dc-con><dc-con><bs-empty><\/bs-empty><\/dc-con><dc-con>        <\/p>\n<div class=\"customDescription\">                    <\/div>\n<p><\/dc-con><dc-con><\/p>\n<h2>Relaxa\u010dn\u00ed podsed\u00e1k s op\u011brkami<\/h2>\n<p>Podp\u016frn\u00fd sed\u00e1k s op\u011brkami\u00a0vhodn\u00fd na k\u0159esla, \u017eidle, pohovky,&#8230;\u00a0<strong>Relaxa\u010dn\u00ed podsed\u00e1k s op\u011brkami<\/strong> poskytuje z\u00e1d\u016fm p\u0159\u00edjemnou \u00falevu d\u00edky speci\u00e1ln\u011b tvarovan\u00e9 z\u00e1dov\u00e9 \u010d\u00e1sti a z\u00e1rove\u0148 je udr\u017e\u00ed v teple.<\/p>\n<h3>Relaxa\u010dn\u00ed podsed\u00e1k s op\u011brkami &#8211; v\u00fdhody:<\/h3>\n<ul>\n<li>p\u0159enosn\u00fd<\/li>\n<li>p\u0159\u00edjemn\u00fd materi\u00e1l<\/li>\n<li>podporuje spr\u00e1vn\u00e9 dr\u017een\u00ed t\u011bla<\/li>\n<\/ul>\n<h3>Relaxa\u010dn\u00ed podsed\u00e1k s op\u011brkami &#8211; parametry:<\/h3>\n<p>&#8211; <span>imitace hebk\u00e9 ko\u017ee\u0161iny<\/span> (100 % polyester, dut\u00e9 vl\u00e1kno)<br \/>&#8211; rozm\u011br sedac\u00ed \u010d\u00e1sti 40 x 40 cm (op\u011brky 40 cm x 35 cm)<br \/>&#8211; celkov\u00fd rozm\u011br s podru\u010dkami \u0161. 110 x v. 100 cm<br \/>&#8211; 2 praktick\u00e9 elastick\u00e9 p\u00e1sky pro fixaci podsed\u00e1ku kdekoli pot\u0159ebujete<br \/>&#8211; doporu\u010dujeme pouze ru\u010dn\u00ed pran\u00ed<\/p>\n<p>Na <strong>relaxa\u010dn\u00ed podsed\u00e1k s op\u011brkami<\/strong> poskytujeme z\u00e1ruku v d\u00e9lce 24 m\u011bs\u00edc\u016f.<\/p>\n<p><em>Proveden\u00ed v\u00fdrobku se m\u016f\u017ee li\u0161it od vyobrazen\u00ed<\/em>.<\/p>\n<p><\/dc-con><\/dc-con><\/div>\n<\/p><\/div>\n<div id=\"PDTable3\" class=\"ProductDetailTableView v3a v3 bs-view dcon dc185 PDTable3\" >\n<table>\n<thead><\/thead>\n<tbody>\n<tr class=\"attribute attr_bsshop_maker\">\n<td class=\"caption\">V\u00fdrobce<\/td>\n<td class=\"value\">HomeLife<\/td>\n<\/tr>\n<\/tbody>\n<\/table>\n<\/div>\n<\/div>\n<div id=\"e4237865\" class=\"tabs\">\n","protected":false},"excerpt":{"rendered":"<p>Relaxa\u010dn\u00ed podsed\u00e1k s op\u011brkami Podp\u016frn\u00fd sed\u00e1k s op\u011brkami\u00a0vhodn\u00fd na k\u0159esla, \u017eidle, pohovky,&#8230;\u00a0Relaxa\u010dn\u00ed podsed\u00e1k s op\u011brkami poskytuje z\u00e1d\u016fm p\u0159\u00edjemnou \u00falevu d\u00edky speci\u00e1ln\u011b tvarovan\u00e9 z\u00e1dov\u00e9 \u010d\u00e1sti a z\u00e1rove\u0148 je udr\u017e\u00ed v teple. Relaxa\u010dn\u00ed podsed\u00e1k s op\u011brkami &#8211; v\u00fdhody: p\u0159enosn\u00fd p\u0159\u00edjemn\u00fd materi\u00e1l podporuje spr\u00e1vn\u00e9 dr\u017een\u00ed t\u011bla Relaxa\u010dn\u00ed podsed\u00e1k s op\u011brkami &#8211; parametry: &#8211; imitace hebk\u00e9 ko\u017ee\u0161iny (100 % [&hellip;]<\/p>\n","protected":false},"featured_media":54090,"comment_status":"open","ping_status":"open","template":"","meta":[],"product_brand":[],"product_cat":[95],"product_tag":[],"class_list":{"0":"post-53990","1":"product","2":"type-product","3":"status-publish","4":"has-post-thumbnail","6":"product_cat-pochutiny-dum-a-zahrada","8":"first","9":"instock","10":"sale","11":"shipping-taxable","12":"purchasable","13":"product-type-simple"},"yoast_head":"<!-- This site is optimized with the Yoast SEO plugin v26.8 - https:\/\/yoast.com\/product\/yoast-seo-wordpress\/ -->\n<title>Nov\u00e1 Kolekce HomeLife Relaxa\u010dn\u00ed podsed\u00e1k s op\u011brkami -<\/title>\n<meta name=\"robots\" content=\"index, follow, max-snippet:-1, max-image-preview:large, max-video-preview:-1\" \/>\n<link rel=\"canonical\" href=\"https:\/\/www.koupeltech.com\/index.php\/produkt\/nova-kolekce-homelife-relaxacni-podsedak-s-operkami-53990\/\" \/>\n<meta property=\"og:locale\" content=\"cs_CZ\" \/>\n<meta property=\"og:type\" content=\"article\" \/>\n<meta property=\"og:title\" content=\"Nov\u00e1 Kolekce HomeLife Relaxa\u010dn\u00ed podsed\u00e1k s op\u011brkami -\" \/>\n<meta property=\"og:description\" content=\"Relaxa\u010dn\u00ed podsed\u00e1k s op\u011brkami Podp\u016frn\u00fd sed\u00e1k s op\u011brkami\u00a0vhodn\u00fd na k\u0159esla, \u017eidle, pohovky,&#8230;\u00a0Relaxa\u010dn\u00ed podsed\u00e1k s op\u011brkami poskytuje z\u00e1d\u016fm p\u0159\u00edjemnou \u00falevu d\u00edky speci\u00e1ln\u011b tvarovan\u00e9 z\u00e1dov\u00e9 \u010d\u00e1sti a z\u00e1rove\u0148 je udr\u017e\u00ed v teple. Relaxa\u010dn\u00ed podsed\u00e1k s op\u011brkami &#8211; v\u00fdhody: p\u0159enosn\u00fd p\u0159\u00edjemn\u00fd materi\u00e1l podporuje spr\u00e1vn\u00e9 dr\u017een\u00ed t\u011bla Relaxa\u010dn\u00ed podsed\u00e1k s op\u011brkami &#8211; parametry: &#8211; imitace hebk\u00e9 ko\u017ee\u0161iny (100 % [&hellip;]\" \/>\n<meta property=\"og:url\" content=\"https:\/\/www.koupeltech.com\/index.php\/produkt\/nova-kolekce-homelife-relaxacni-podsedak-s-operkami-53990\/\" \/>\n<meta property=\"og:image\" content=\"https:\/\/www.koupeltech.com\/wp-content\/uploads\/2026\/SK0021032-CZ20260425-093449-0-1777080896-homelife-relaxacni-podsedak-s-operkami.webp\" \/>\n\t<meta property=\"og:image:width\" content=\"1000\" \/>\n\t<meta property=\"og:image:height\" content=\"525\" \/>\n\t<meta property=\"og:image:type\" content=\"image\/webp\" \/>\n<meta name=\"twitter:card\" content=\"summary_large_image\" \/>\n<meta name=\"twitter:label1\" content=\"Odhadovan\u00e1 doba \u010dten\u00ed\" \/>\n\t<meta name=\"twitter:data1\" content=\"1 minuta\" \/>\n<script type=\"application\/ld+json\" class=\"yoast-schema-graph\">{\"@context\":\"https:\/\/schema.org\",\"@graph\":[{\"@type\":\"WebPage\",\"@id\":\"https:\/\/www.koupeltech.com\/index.php\/produkt\/nova-kolekce-homelife-relaxacni-podsedak-s-operkami-53990\/\",\"url\":\"https:\/\/www.koupeltech.com\/index.php\/produkt\/nova-kolekce-homelife-relaxacni-podsedak-s-operkami-53990\/\",\"name\":\"Nov\u00e1 Kolekce HomeLife Relaxa\u010dn\u00ed podsed\u00e1k s op\u011brkami -\",\"isPartOf\":{\"@id\":\"https:\/\/www.koupeltech.com\/#website\"},\"primaryImageOfPage\":{\"@id\":\"https:\/\/www.koupeltech.com\/index.php\/produkt\/nova-kolekce-homelife-relaxacni-podsedak-s-operkami-53990\/#primaryimage\"},\"image\":{\"@id\":\"https:\/\/www.koupeltech.com\/index.php\/produkt\/nova-kolekce-homelife-relaxacni-podsedak-s-operkami-53990\/#primaryimage\"},\"thumbnailUrl\":\"https:\/\/www.koupeltech.com\/wp-content\/uploads\/2026\/SK0021032-CZ20260425-093449-0-1777080896-homelife-relaxacni-podsedak-s-operkami.webp\",\"datePublished\":\"2026-04-27T14:03:58+00:00\",\"breadcrumb\":{\"@id\":\"https:\/\/www.koupeltech.com\/index.php\/produkt\/nova-kolekce-homelife-relaxacni-podsedak-s-operkami-53990\/#breadcrumb\"},\"inLanguage\":\"cs\",\"potentialAction\":[{\"@type\":\"ReadAction\",\"target\":[\"https:\/\/www.koupeltech.com\/index.php\/produkt\/nova-kolekce-homelife-relaxacni-podsedak-s-operkami-53990\/\"]}]},{\"@type\":\"ImageObject\",\"inLanguage\":\"cs\",\"@id\":\"https:\/\/www.koupeltech.com\/index.php\/produkt\/nova-kolekce-homelife-relaxacni-podsedak-s-operkami-53990\/#primaryimage\",\"url\":\"https:\/\/www.koupeltech.com\/wp-content\/uploads\/2026\/SK0021032-CZ20260425-093449-0-1777080896-homelife-relaxacni-podsedak-s-operkami.webp\",\"contentUrl\":\"https:\/\/www.koupeltech.com\/wp-content\/uploads\/2026\/SK0021032-CZ20260425-093449-0-1777080896-homelife-relaxacni-podsedak-s-operkami.webp\",\"width\":1000,\"height\":525},{\"@type\":\"BreadcrumbList\",\"@id\":\"https:\/\/www.koupeltech.com\/index.php\/produkt\/nova-kolekce-homelife-relaxacni-podsedak-s-operkami-53990\/#breadcrumb\",\"itemListElement\":[{\"@type\":\"ListItem\",\"position\":1,\"name\":\"Home\",\"item\":\"https:\/\/www.koupeltech.com\/\"},{\"@type\":\"ListItem\",\"position\":2,\"name\":\"Products\",\"item\":\"https:\/\/www.koupeltech.com\/index.php\/products\/\"},{\"@type\":\"ListItem\",\"position\":3,\"name\":\"Nov\u00e1 Kolekce HomeLife Relaxa\u010dn\u00ed podsed\u00e1k s op\u011brkami\"}]},{\"@type\":\"WebSite\",\"@id\":\"https:\/\/www.koupeltech.com\/#website\",\"url\":\"https:\/\/www.koupeltech.com\/\",\"name\":\"\",\"description\":\"\",\"potentialAction\":[{\"@type\":\"SearchAction\",\"target\":{\"@type\":\"EntryPoint\",\"urlTemplate\":\"https:\/\/www.koupeltech.com\/?s={search_term_string}\"},\"query-input\":{\"@type\":\"PropertyValueSpecification\",\"valueRequired\":true,\"valueName\":\"search_term_string\"}}],\"inLanguage\":\"cs\"}]}<\/script>\n<!-- \/ Yoast SEO plugin. -->","yoast_head_json":{"title":"Nov\u00e1 Kolekce HomeLife Relaxa\u010dn\u00ed podsed\u00e1k s op\u011brkami -","robots":{"index":"index","follow":"follow","max-snippet":"max-snippet:-1","max-image-preview":"max-image-preview:large","max-video-preview":"max-video-preview:-1"},"canonical":"https:\/\/www.koupeltech.com\/index.php\/produkt\/nova-kolekce-homelife-relaxacni-podsedak-s-operkami-53990\/","og_locale":"cs_CZ","og_type":"article","og_title":"Nov\u00e1 Kolekce HomeLife Relaxa\u010dn\u00ed podsed\u00e1k s op\u011brkami -","og_description":"Relaxa\u010dn\u00ed podsed\u00e1k s op\u011brkami Podp\u016frn\u00fd sed\u00e1k s op\u011brkami\u00a0vhodn\u00fd na k\u0159esla, \u017eidle, pohovky,&#8230;\u00a0Relaxa\u010dn\u00ed podsed\u00e1k s op\u011brkami poskytuje z\u00e1d\u016fm p\u0159\u00edjemnou \u00falevu d\u00edky speci\u00e1ln\u011b tvarovan\u00e9 z\u00e1dov\u00e9 \u010d\u00e1sti a z\u00e1rove\u0148 je udr\u017e\u00ed v teple. Relaxa\u010dn\u00ed podsed\u00e1k s op\u011brkami &#8211; v\u00fdhody: p\u0159enosn\u00fd p\u0159\u00edjemn\u00fd materi\u00e1l podporuje spr\u00e1vn\u00e9 dr\u017een\u00ed t\u011bla Relaxa\u010dn\u00ed podsed\u00e1k s op\u011brkami &#8211; parametry: &#8211; imitace hebk\u00e9 ko\u017ee\u0161iny (100 % [&hellip;]","og_url":"https:\/\/www.koupeltech.com\/index.php\/produkt\/nova-kolekce-homelife-relaxacni-podsedak-s-operkami-53990\/","og_image":[{"width":1000,"height":525,"url":"https:\/\/www.koupeltech.com\/wp-content\/uploads\/2026\/SK0021032-CZ20260425-093449-0-1777080896-homelife-relaxacni-podsedak-s-operkami.webp","type":"image\/webp"}],"twitter_card":"summary_large_image","twitter_misc":{"Odhadovan\u00e1 doba \u010dten\u00ed":"1 minuta"},"schema":{"@context":"https:\/\/schema.org","@graph":[{"@type":"WebPage","@id":"https:\/\/www.koupeltech.com\/index.php\/produkt\/nova-kolekce-homelife-relaxacni-podsedak-s-operkami-53990\/","url":"https:\/\/www.koupeltech.com\/index.php\/produkt\/nova-kolekce-homelife-relaxacni-podsedak-s-operkami-53990\/","name":"Nov\u00e1 Kolekce HomeLife Relaxa\u010dn\u00ed podsed\u00e1k s op\u011brkami -","isPartOf":{"@id":"https:\/\/www.koupeltech.com\/#website"},"primaryImageOfPage":{"@id":"https:\/\/www.koupeltech.com\/index.php\/produkt\/nova-kolekce-homelife-relaxacni-podsedak-s-operkami-53990\/#primaryimage"},"image":{"@id":"https:\/\/www.koupeltech.com\/index.php\/produkt\/nova-kolekce-homelife-relaxacni-podsedak-s-operkami-53990\/#primaryimage"},"thumbnailUrl":"https:\/\/www.koupeltech.com\/wp-content\/uploads\/2026\/SK0021032-CZ20260425-093449-0-1777080896-homelife-relaxacni-podsedak-s-operkami.webp","datePublished":"2026-04-27T14:03:58+00:00","breadcrumb":{"@id":"https:\/\/www.koupeltech.com\/index.php\/produkt\/nova-kolekce-homelife-relaxacni-podsedak-s-operkami-53990\/#breadcrumb"},"inLanguage":"cs","potentialAction":[{"@type":"ReadAction","target":["https:\/\/www.koupeltech.com\/index.php\/produkt\/nova-kolekce-homelife-relaxacni-podsedak-s-operkami-53990\/"]}]},{"@type":"ImageObject","inLanguage":"cs","@id":"https:\/\/www.koupeltech.com\/index.php\/produkt\/nova-kolekce-homelife-relaxacni-podsedak-s-operkami-53990\/#primaryimage","url":"https:\/\/www.koupeltech.com\/wp-content\/uploads\/2026\/SK0021032-CZ20260425-093449-0-1777080896-homelife-relaxacni-podsedak-s-operkami.webp","contentUrl":"https:\/\/www.koupeltech.com\/wp-content\/uploads\/2026\/SK0021032-CZ20260425-093449-0-1777080896-homelife-relaxacni-podsedak-s-operkami.webp","width":1000,"height":525},{"@type":"BreadcrumbList","@id":"https:\/\/www.koupeltech.com\/index.php\/produkt\/nova-kolekce-homelife-relaxacni-podsedak-s-operkami-53990\/#breadcrumb","itemListElement":[{"@type":"ListItem","position":1,"name":"Home","item":"https:\/\/www.koupeltech.com\/"},{"@type":"ListItem","position":2,"name":"Products","item":"https:\/\/www.koupeltech.com\/index.php\/products\/"},{"@type":"ListItem","position":3,"name":"Nov\u00e1 Kolekce HomeLife Relaxa\u010dn\u00ed podsed\u00e1k s op\u011brkami"}]},{"@type":"WebSite","@id":"https:\/\/www.koupeltech.com\/#website","url":"https:\/\/www.koupeltech.com\/","name":"","description":"","potentialAction":[{"@type":"SearchAction","target":{"@type":"EntryPoint","urlTemplate":"https:\/\/www.koupeltech.com\/?s={search_term_string}"},"query-input":{"@type":"PropertyValueSpecification","valueRequired":true,"valueName":"search_term_string"}}],"inLanguage":"cs"}]}},"_links":{"self":[{"href":"https:\/\/www.koupeltech.com\/index.php\/wp-json\/wp\/v2\/product\/53990","targetHints":{"allow":["GET"]}}],"collection":[{"href":"https:\/\/www.koupeltech.com\/index.php\/wp-json\/wp\/v2\/product"}],"about":[{"href":"https:\/\/www.koupeltech.com\/index.php\/wp-json\/wp\/v2\/types\/product"}],"replies":[{"embeddable":true,"href":"https:\/\/www.koupeltech.com\/index.php\/wp-json\/wp\/v2\/comments?post=53990"}],"wp:featuredmedia":[{"embeddable":true,"href":"https:\/\/www.koupeltech.com\/index.php\/wp-json\/wp\/v2\/media\/54090"}],"wp:attachment":[{"href":"https:\/\/www.koupeltech.com\/index.php\/wp-json\/wp\/v2\/media?parent=53990"}],"wp:term":[{"taxonomy":"product_brand","embeddable":true,"href":"https:\/\/www.koupeltech.com\/index.php\/wp-json\/wp\/v2\/product_brand?post=53990"},{"taxonomy":"product_cat","embeddable":true,"href":"https:\/\/www.koupeltech.com\/index.php\/wp-json\/wp\/v2\/product_cat?post=53990"},{"taxonomy":"product_tag","embeddable":true,"href":"https:\/\/www.koupeltech.com\/index.php\/wp-json\/wp\/v2\/product_tag?post=53990"}],"curies":[{"name":"wp","href":"https:\/\/api.w.org\/{rel}","templated":true}]}}