{"id":54095,"date":"2026-04-27T14:04:00","date_gmt":"2026-04-27T14:04:00","guid":{"rendered":""},"modified":"2026-04-27T14:04:00","modified_gmt":"2026-04-27T14:04:00","slug":"homelife-led-lucerna-dekoracni-bila-zk6119-koupit-online-54095","status":"publish","type":"product","link":"https:\/\/www.koupeltech.com\/index.php\/produkt\/homelife-led-lucerna-dekoracni-bila-zk6119-koupit-online-54095\/","title":{"rendered":"HomeLife LED lucerna dekora\u010dn\u00ed, b\u00edl\u00e1 ZK6119 Koupit Online"},"content":{"rendered":"<div id=\"e4239598\" class=\"pages\">\n<div>\n<div id=\"PDDescription\" class=\"UserContentView userContent v1a v1 bs-view dcon dc164 PDDescription\" ><dc-con><dc-con><bs-empty><\/bs-empty><\/dc-con><dc-con>        <\/p>\n<div class=\"customDescription\">                    <\/div>\n<p><\/dc-con><dc-con><\/p>\n<h2>LED lucerna dekora\u010dn\u00ed<\/h2>\n<p>Dekorativn\u00ed lucerny si na\u0161ly v posledn\u00ed dob\u011b m\u00edsto t\u00e9m\u011b\u0159 v ka\u017ed\u00e9 dom\u00e1cnosti. Hitem posledn\u00edch let jsou <strong>LED lucerny<\/strong>, u nich\u017e se nemus\u00edte b\u00e1t, \u017ee vyho\u0159\u00edte. Sv\u00ed\u010dka uvnit\u0159 lucerny je t\u00e9m\u011b\u0159 dokonalou imitac\u00ed opravdov\u00e9 sv\u00ed\u010dky. <strong>LED lucernu<\/strong> m\u016f\u017eete postavit nebo zav\u011bsit t\u00e9m\u011b\u0159 kamkoliv.<\/p>\n<h3>LED lucerna dekora\u010dn\u00ed &#8211; parametry:<\/h3>\n<ul>\n<li>barva <strong>b\u00edl\u00e1 patina<\/strong><\/li>\n<li>pou\u017eit\u00ed do interi\u00e9ru<\/li>\n<li>materi\u00e1l plast, sklo<\/li>\n<li>typ nap\u00e1jen\u00ed\u00a03 ks baterie 1,5V AAA (nejsou sou\u010d\u00e1st\u00ed dod\u00e1vky)<\/li>\n<li><strong>po\u010det LED 1<\/strong><\/li>\n<li>blikaj\u00edc\u00ed sv\u011btlo (imitace opravdov\u00e9ho plamene), barva tepl\u00e1 \u017elut\u00e1<\/li>\n<li>nap\u011bt\u00ed 4,5 V DC<\/li>\n<li>kryt\u00ed IP20<\/li>\n<li><strong>v\u00fd\u0161ka cca 32 cm, \u0161\u00ed\u0159ka 14 cm<\/strong><\/li>\n<li>o\u010dko pro zav\u011b\u0161en\u00ed<\/li>\n<li>sp\u00edna\u010d on\/off<\/li>\n<\/ul>\n<p>Na\u00a0<strong>LED lucernu dekora\u010dn\u00ed<\/strong> poskytujeme z\u00e1ruku v d\u00e9lce 24 m\u011bs\u00edc\u016f.<\/p>\n<p><\/dc-con><\/dc-con><\/div>\n<\/p><\/div>\n<div id=\"PDTable3\" class=\"ProductDetailTableView v3a v3 bs-view dcon dc185 PDTable3\" >\n<table>\n<thead><\/thead>\n<tbody>\n<tr class=\"attribute attr_bsshop_maker\">\n<td class=\"caption\">V\u00fdrobce<\/td>\n<td class=\"value\">HomeLife<\/td>\n<\/tr>\n<\/tbody>\n<\/table>\n<\/div>\n<div id=\"ProductMedia\" class=\"ProductMediaView MediaViewBase v1a v1 bs-view dcon dc409 ProductMedia\" ><bs-empty><\/bs-empty><\/p>\n<div class=\"files\">\n<div class=\"title sub\">Soubory<\/div>\n<p><a href=\"\/media\/9345\/lucerna-led-dekoracni-bila.pdf?&amp;key=ZGpmIyQwNUZfOTM0NQ==\" class=\"pdf\">lucerna_led_dekoracni_bila.pdf<\/a><\/div>\n<p><bs-empty><\/bs-empty><\/div>\n<\/div>\n<div id=\"e4239599\" class=\"tabs\">\n","protected":false},"excerpt":{"rendered":"<p>LED lucerna dekora\u010dn\u00ed Dekorativn\u00ed lucerny si na\u0161ly v posledn\u00ed dob\u011b m\u00edsto t\u00e9m\u011b\u0159 v ka\u017ed\u00e9 dom\u00e1cnosti. Hitem posledn\u00edch let jsou LED lucerny, u nich\u017e se nemus\u00edte b\u00e1t, \u017ee vyho\u0159\u00edte. Sv\u00ed\u010dka uvnit\u0159 lucerny je t\u00e9m\u011b\u0159 dokonalou imitac\u00ed opravdov\u00e9 sv\u00ed\u010dky. LED lucernu m\u016f\u017eete postavit nebo zav\u011bsit t\u00e9m\u011b\u0159 kamkoliv. LED lucerna dekora\u010dn\u00ed &#8211; parametry: barva b\u00edl\u00e1 patina pou\u017eit\u00ed do [&hellip;]<\/p>\n","protected":false},"featured_media":54195,"comment_status":"open","ping_status":"open","template":"","meta":[],"product_brand":[],"product_cat":[95],"product_tag":[],"class_list":{"0":"post-54095","1":"product","2":"type-product","3":"status-publish","4":"has-post-thumbnail","6":"product_cat-pochutiny-dum-a-zahrada","8":"first","9":"instock","10":"sale","11":"shipping-taxable","12":"purchasable","13":"product-type-simple"},"yoast_head":"<!-- This site is optimized with the Yoast SEO plugin v26.8 - https:\/\/yoast.com\/product\/yoast-seo-wordpress\/ -->\n<title>HomeLife LED lucerna dekora\u010dn\u00ed, b\u00edl\u00e1 ZK6119 Koupit Online -<\/title>\n<meta name=\"robots\" content=\"index, follow, max-snippet:-1, max-image-preview:large, max-video-preview:-1\" \/>\n<link rel=\"canonical\" href=\"https:\/\/www.koupeltech.com\/index.php\/produkt\/homelife-led-lucerna-dekoracni-bila-zk6119-koupit-online-54095\/\" \/>\n<meta property=\"og:locale\" content=\"cs_CZ\" \/>\n<meta property=\"og:type\" content=\"article\" \/>\n<meta property=\"og:title\" content=\"HomeLife LED lucerna dekora\u010dn\u00ed, b\u00edl\u00e1 ZK6119 Koupit Online -\" \/>\n<meta property=\"og:description\" content=\"LED lucerna dekora\u010dn\u00ed Dekorativn\u00ed lucerny si na\u0161ly v posledn\u00ed dob\u011b m\u00edsto t\u00e9m\u011b\u0159 v ka\u017ed\u00e9 dom\u00e1cnosti. Hitem posledn\u00edch let jsou LED lucerny, u nich\u017e se nemus\u00edte b\u00e1t, \u017ee vyho\u0159\u00edte. Sv\u00ed\u010dka uvnit\u0159 lucerny je t\u00e9m\u011b\u0159 dokonalou imitac\u00ed opravdov\u00e9 sv\u00ed\u010dky. LED lucernu m\u016f\u017eete postavit nebo zav\u011bsit t\u00e9m\u011b\u0159 kamkoliv. LED lucerna dekora\u010dn\u00ed &#8211; parametry: barva b\u00edl\u00e1 patina pou\u017eit\u00ed do [&hellip;]\" \/>\n<meta property=\"og:url\" content=\"https:\/\/www.koupeltech.com\/index.php\/produkt\/homelife-led-lucerna-dekoracni-bila-zk6119-koupit-online-54095\/\" \/>\n<meta property=\"og:image\" content=\"https:\/\/www.koupeltech.com\/wp-content\/uploads\/2026\/SK0021037-CZ20260425-093449-0-1777080896-homelife-led-lucerna-dekoracni-bila-zk6119.webp\" \/>\n\t<meta property=\"og:image:width\" content=\"1000\" \/>\n\t<meta property=\"og:image:height\" content=\"525\" \/>\n\t<meta property=\"og:image:type\" content=\"image\/webp\" \/>\n<meta name=\"twitter:card\" content=\"summary_large_image\" \/>\n<meta name=\"twitter:label1\" content=\"Odhadovan\u00e1 doba \u010dten\u00ed\" \/>\n\t<meta name=\"twitter:data1\" content=\"1 minuta\" \/>\n<script type=\"application\/ld+json\" class=\"yoast-schema-graph\">{\"@context\":\"https:\/\/schema.org\",\"@graph\":[{\"@type\":\"WebPage\",\"@id\":\"https:\/\/www.koupeltech.com\/index.php\/produkt\/homelife-led-lucerna-dekoracni-bila-zk6119-koupit-online-54095\/\",\"url\":\"https:\/\/www.koupeltech.com\/index.php\/produkt\/homelife-led-lucerna-dekoracni-bila-zk6119-koupit-online-54095\/\",\"name\":\"HomeLife LED lucerna dekora\u010dn\u00ed, b\u00edl\u00e1 ZK6119 Koupit Online -\",\"isPartOf\":{\"@id\":\"https:\/\/www.koupeltech.com\/#website\"},\"primaryImageOfPage\":{\"@id\":\"https:\/\/www.koupeltech.com\/index.php\/produkt\/homelife-led-lucerna-dekoracni-bila-zk6119-koupit-online-54095\/#primaryimage\"},\"image\":{\"@id\":\"https:\/\/www.koupeltech.com\/index.php\/produkt\/homelife-led-lucerna-dekoracni-bila-zk6119-koupit-online-54095\/#primaryimage\"},\"thumbnailUrl\":\"https:\/\/www.koupeltech.com\/wp-content\/uploads\/2026\/SK0021037-CZ20260425-093449-0-1777080896-homelife-led-lucerna-dekoracni-bila-zk6119.webp\",\"datePublished\":\"2026-04-27T14:04:00+00:00\",\"breadcrumb\":{\"@id\":\"https:\/\/www.koupeltech.com\/index.php\/produkt\/homelife-led-lucerna-dekoracni-bila-zk6119-koupit-online-54095\/#breadcrumb\"},\"inLanguage\":\"cs\",\"potentialAction\":[{\"@type\":\"ReadAction\",\"target\":[\"https:\/\/www.koupeltech.com\/index.php\/produkt\/homelife-led-lucerna-dekoracni-bila-zk6119-koupit-online-54095\/\"]}]},{\"@type\":\"ImageObject\",\"inLanguage\":\"cs\",\"@id\":\"https:\/\/www.koupeltech.com\/index.php\/produkt\/homelife-led-lucerna-dekoracni-bila-zk6119-koupit-online-54095\/#primaryimage\",\"url\":\"https:\/\/www.koupeltech.com\/wp-content\/uploads\/2026\/SK0021037-CZ20260425-093449-0-1777080896-homelife-led-lucerna-dekoracni-bila-zk6119.webp\",\"contentUrl\":\"https:\/\/www.koupeltech.com\/wp-content\/uploads\/2026\/SK0021037-CZ20260425-093449-0-1777080896-homelife-led-lucerna-dekoracni-bila-zk6119.webp\",\"width\":1000,\"height\":525},{\"@type\":\"BreadcrumbList\",\"@id\":\"https:\/\/www.koupeltech.com\/index.php\/produkt\/homelife-led-lucerna-dekoracni-bila-zk6119-koupit-online-54095\/#breadcrumb\",\"itemListElement\":[{\"@type\":\"ListItem\",\"position\":1,\"name\":\"Home\",\"item\":\"https:\/\/www.koupeltech.com\/\"},{\"@type\":\"ListItem\",\"position\":2,\"name\":\"Products\",\"item\":\"https:\/\/www.koupeltech.com\/index.php\/products\/\"},{\"@type\":\"ListItem\",\"position\":3,\"name\":\"HomeLife LED lucerna dekora\u010dn\u00ed, b\u00edl\u00e1 ZK6119 Koupit Online\"}]},{\"@type\":\"WebSite\",\"@id\":\"https:\/\/www.koupeltech.com\/#website\",\"url\":\"https:\/\/www.koupeltech.com\/\",\"name\":\"\",\"description\":\"\",\"potentialAction\":[{\"@type\":\"SearchAction\",\"target\":{\"@type\":\"EntryPoint\",\"urlTemplate\":\"https:\/\/www.koupeltech.com\/?s={search_term_string}\"},\"query-input\":{\"@type\":\"PropertyValueSpecification\",\"valueRequired\":true,\"valueName\":\"search_term_string\"}}],\"inLanguage\":\"cs\"}]}<\/script>\n<!-- \/ Yoast SEO plugin. -->","yoast_head_json":{"title":"HomeLife LED lucerna dekora\u010dn\u00ed, b\u00edl\u00e1 ZK6119 Koupit Online -","robots":{"index":"index","follow":"follow","max-snippet":"max-snippet:-1","max-image-preview":"max-image-preview:large","max-video-preview":"max-video-preview:-1"},"canonical":"https:\/\/www.koupeltech.com\/index.php\/produkt\/homelife-led-lucerna-dekoracni-bila-zk6119-koupit-online-54095\/","og_locale":"cs_CZ","og_type":"article","og_title":"HomeLife LED lucerna dekora\u010dn\u00ed, b\u00edl\u00e1 ZK6119 Koupit Online -","og_description":"LED lucerna dekora\u010dn\u00ed Dekorativn\u00ed lucerny si na\u0161ly v posledn\u00ed dob\u011b m\u00edsto t\u00e9m\u011b\u0159 v ka\u017ed\u00e9 dom\u00e1cnosti. Hitem posledn\u00edch let jsou LED lucerny, u nich\u017e se nemus\u00edte b\u00e1t, \u017ee vyho\u0159\u00edte. Sv\u00ed\u010dka uvnit\u0159 lucerny je t\u00e9m\u011b\u0159 dokonalou imitac\u00ed opravdov\u00e9 sv\u00ed\u010dky. LED lucernu m\u016f\u017eete postavit nebo zav\u011bsit t\u00e9m\u011b\u0159 kamkoliv. LED lucerna dekora\u010dn\u00ed &#8211; parametry: barva b\u00edl\u00e1 patina pou\u017eit\u00ed do [&hellip;]","og_url":"https:\/\/www.koupeltech.com\/index.php\/produkt\/homelife-led-lucerna-dekoracni-bila-zk6119-koupit-online-54095\/","og_image":[{"width":1000,"height":525,"url":"https:\/\/www.koupeltech.com\/wp-content\/uploads\/2026\/SK0021037-CZ20260425-093449-0-1777080896-homelife-led-lucerna-dekoracni-bila-zk6119.webp","type":"image\/webp"}],"twitter_card":"summary_large_image","twitter_misc":{"Odhadovan\u00e1 doba \u010dten\u00ed":"1 minuta"},"schema":{"@context":"https:\/\/schema.org","@graph":[{"@type":"WebPage","@id":"https:\/\/www.koupeltech.com\/index.php\/produkt\/homelife-led-lucerna-dekoracni-bila-zk6119-koupit-online-54095\/","url":"https:\/\/www.koupeltech.com\/index.php\/produkt\/homelife-led-lucerna-dekoracni-bila-zk6119-koupit-online-54095\/","name":"HomeLife LED lucerna dekora\u010dn\u00ed, b\u00edl\u00e1 ZK6119 Koupit Online -","isPartOf":{"@id":"https:\/\/www.koupeltech.com\/#website"},"primaryImageOfPage":{"@id":"https:\/\/www.koupeltech.com\/index.php\/produkt\/homelife-led-lucerna-dekoracni-bila-zk6119-koupit-online-54095\/#primaryimage"},"image":{"@id":"https:\/\/www.koupeltech.com\/index.php\/produkt\/homelife-led-lucerna-dekoracni-bila-zk6119-koupit-online-54095\/#primaryimage"},"thumbnailUrl":"https:\/\/www.koupeltech.com\/wp-content\/uploads\/2026\/SK0021037-CZ20260425-093449-0-1777080896-homelife-led-lucerna-dekoracni-bila-zk6119.webp","datePublished":"2026-04-27T14:04:00+00:00","breadcrumb":{"@id":"https:\/\/www.koupeltech.com\/index.php\/produkt\/homelife-led-lucerna-dekoracni-bila-zk6119-koupit-online-54095\/#breadcrumb"},"inLanguage":"cs","potentialAction":[{"@type":"ReadAction","target":["https:\/\/www.koupeltech.com\/index.php\/produkt\/homelife-led-lucerna-dekoracni-bila-zk6119-koupit-online-54095\/"]}]},{"@type":"ImageObject","inLanguage":"cs","@id":"https:\/\/www.koupeltech.com\/index.php\/produkt\/homelife-led-lucerna-dekoracni-bila-zk6119-koupit-online-54095\/#primaryimage","url":"https:\/\/www.koupeltech.com\/wp-content\/uploads\/2026\/SK0021037-CZ20260425-093449-0-1777080896-homelife-led-lucerna-dekoracni-bila-zk6119.webp","contentUrl":"https:\/\/www.koupeltech.com\/wp-content\/uploads\/2026\/SK0021037-CZ20260425-093449-0-1777080896-homelife-led-lucerna-dekoracni-bila-zk6119.webp","width":1000,"height":525},{"@type":"BreadcrumbList","@id":"https:\/\/www.koupeltech.com\/index.php\/produkt\/homelife-led-lucerna-dekoracni-bila-zk6119-koupit-online-54095\/#breadcrumb","itemListElement":[{"@type":"ListItem","position":1,"name":"Home","item":"https:\/\/www.koupeltech.com\/"},{"@type":"ListItem","position":2,"name":"Products","item":"https:\/\/www.koupeltech.com\/index.php\/products\/"},{"@type":"ListItem","position":3,"name":"HomeLife LED lucerna dekora\u010dn\u00ed, b\u00edl\u00e1 ZK6119 Koupit Online"}]},{"@type":"WebSite","@id":"https:\/\/www.koupeltech.com\/#website","url":"https:\/\/www.koupeltech.com\/","name":"","description":"","potentialAction":[{"@type":"SearchAction","target":{"@type":"EntryPoint","urlTemplate":"https:\/\/www.koupeltech.com\/?s={search_term_string}"},"query-input":{"@type":"PropertyValueSpecification","valueRequired":true,"valueName":"search_term_string"}}],"inLanguage":"cs"}]}},"_links":{"self":[{"href":"https:\/\/www.koupeltech.com\/index.php\/wp-json\/wp\/v2\/product\/54095","targetHints":{"allow":["GET"]}}],"collection":[{"href":"https:\/\/www.koupeltech.com\/index.php\/wp-json\/wp\/v2\/product"}],"about":[{"href":"https:\/\/www.koupeltech.com\/index.php\/wp-json\/wp\/v2\/types\/product"}],"replies":[{"embeddable":true,"href":"https:\/\/www.koupeltech.com\/index.php\/wp-json\/wp\/v2\/comments?post=54095"}],"wp:featuredmedia":[{"embeddable":true,"href":"https:\/\/www.koupeltech.com\/index.php\/wp-json\/wp\/v2\/media\/54195"}],"wp:attachment":[{"href":"https:\/\/www.koupeltech.com\/index.php\/wp-json\/wp\/v2\/media?parent=54095"}],"wp:term":[{"taxonomy":"product_brand","embeddable":true,"href":"https:\/\/www.koupeltech.com\/index.php\/wp-json\/wp\/v2\/product_brand?post=54095"},{"taxonomy":"product_cat","embeddable":true,"href":"https:\/\/www.koupeltech.com\/index.php\/wp-json\/wp\/v2\/product_cat?post=54095"},{"taxonomy":"product_tag","embeddable":true,"href":"https:\/\/www.koupeltech.com\/index.php\/wp-json\/wp\/v2\/product_tag?post=54095"}],"curies":[{"name":"wp","href":"https:\/\/api.w.org\/{rel}","templated":true}]}}