{"id":54097,"date":"2026-04-27T14:04:00","date_gmt":"2026-04-27T14:04:00","guid":{"rendered":""},"modified":"2026-04-27T14:04:00","modified_gmt":"2026-04-27T14:04:00","slug":"finalni-vyprodej-homelife-elektricka-vyhrivana-decka-50-x-40-cm-ss03-54097","status":"publish","type":"product","link":"https:\/\/www.koupeltech.com\/index.php\/produkt\/finalni-vyprodej-homelife-elektricka-vyhrivana-decka-50-x-40-cm-ss03-54097\/","title":{"rendered":"Fin\u00e1ln\u00ed V\u00fdprodej HomeLife Elektrick\u00e1 vyh\u0159\u00edvan\u00e1 de\u010dka 50 x 40 cm SS03"},"content":{"rendered":"<div id=\"e4618248\" class=\"pages\">\n<div>\n<div id=\"PDDescription\" class=\"UserContentView userContent v1a v1 bs-view dcon dc164 PDDescription\" ><dc-con><dc-con><bs-empty><\/bs-empty><\/dc-con><dc-con>        <\/p>\n<div class=\"customDescription\">                    <\/div>\n<p><\/dc-con><dc-con><\/p>\n<h2>Elektrick\u00e1 vyh\u0159\u00edvan\u00e1 de\u010dka<\/h2>\n<p><strong>Elektrick\u00e1 vyh\u0159\u00edvan\u00e1 de\u010dka <\/strong>je ide\u00e1ln\u00ed zejm\u00e9na v chladn\u011bj\u0161\u00edch dnech, navod\u00ed p\u0159\u00edjemn\u00fd pocit tepla. Teplo roz\u0161i\u0159uje krevn\u00ed c\u00e9vy, stimuluje krevn\u00ed ob\u011bh, zm\u00edr\u0148uje bolesti sval\u016f, uvol\u0148uje nap\u011bt\u00ed a m\u00e1 relaxa\u010dn\u00ed \u00fa\u010dinek na organismus. <strong>Elektrick\u00e1 vyh\u0159\u00edvan\u00e1 de\u010dka<\/strong> m\u00e1 m\u011bkou\u010dk\u00fd povrch, kter\u00fd d\u00e1v\u00e1 pocit \u00fatulnosti, teplo poskytuje p\u0159\u00edjemn\u00e9 uvoln\u011bn\u00ed po nam\u00e1hav\u00e9m dni.<\/p>\n<h3>Elektrick\u00e1 vyh\u0159\u00edvan\u00e1 de\u010dka &#8211; v\u00fdhody pou\u017eit\u00ed:<\/h3>\n<p><span style=\"color: #0000ff;\">p\u0159\u00edjemn\u00e9<\/span> &#8211; c\u00edlen\u00e9 zah\u0159\u00edv\u00e1n\u00ed<br \/><span style=\"color: #0000ff;\">zdrav\u00e9 <\/span>&#8211; podpora prokrven\u00ed, uvoln\u011bn\u00ed svalstva <br \/><span style=\"color: #0000ff;\">bezpe\u010dn\u00e9<\/span> &#8211; automatick\u00e9 vypnut\u00ed <\/p>\n<h3>Elektrick\u00e1 vyh\u0159\u00edvan\u00e1 de\u010dka &#8211; parametry:<\/h3>\n<ul>\n<li>rozm\u011br <strong>50 x 40 cm<\/strong><\/li>\n<li><strong>barva \u0161ed\u00e1<\/strong><\/li>\n<li><strong>6 stup\u0148\u016f intenzity<\/strong> <strong>vyh\u0159\u00edv\u00e1n\u00ed<\/strong><\/li>\n<li>funkce automatick\u00e9 vypnut\u00ed po 90 minut\u00e1ch<\/li>\n<li>ovlada\u010d s LED podsv\u00edcen\u00edm<\/li>\n<li>nap\u00e1jen\u00ed 220 &#8211; 230 V, 50 Hz<\/li>\n<li>p\u0159\u00edkon 100 W<\/li>\n<li>d\u00e9lka p\u0159\u00edvodn\u00edho kabelu 235 cm<\/li>\n<li>materi\u00e1l mikroply\u0161<\/li>\n<li>lze pr\u00e1t v pra\u010dce na 30<sup>\u00b0<\/sup>C<\/li>\n<\/ul>\n<p>Elektrick\u00e1 vyh\u0159\u00edvan\u00e1 de\u010dka zv\u00fdhodn\u011bn\u00e1 sada 2 ks za <span style=\"color: #ff0000;\"><strong>1 098 K\u010d<\/strong> (549 K\u010d\/ks)<\/span>,<br \/>samostatn\u011b za <strong><span style=\"color: #ff0000;\">599 K\u010d<\/span><\/strong>.<\/p>\n<p>Na <strong>elektrickou vyh\u0159\u00edvanou de\u010dku <\/strong>poskytujeme z\u00e1ruku v d\u00e9lce 24 m\u011bs\u00edc\u016f.<\/p>\n<p><\/dc-con><\/dc-con><\/div>\n<\/p><\/div>\n<div id=\"PDTable3\" class=\"ProductDetailTableView v3a v3 bs-view dcon dc185 PDTable3\" >\n<table>\n<thead><\/thead>\n<tbody>\n<tr class=\"attribute attr_bsshop_maker\">\n<td class=\"caption\">V\u00fdrobce<\/td>\n<td class=\"value\">HomeLife<\/td>\n<\/tr>\n<\/tbody>\n<\/table>\n<\/div>\n<div id=\"ProductMedia\" class=\"ProductMediaView MediaViewBase v1a v1 bs-view dcon dc409 ProductMedia\" ><bs-empty><\/bs-empty><\/p>\n<div class=\"files\">\n<div class=\"title sub\">Soubory<\/div>\n<p><a href=\"\/media\/8167\/decka-elektricka-vyhrivana-50x40cm.pdf?&amp;key=ZGpmIyQwNUZfODE2Nw==\" class=\"pdf\">decka_elektricka_vyhrivana_50x40cm.pdf<\/a><\/div>\n<p><bs-empty><\/bs-empty><\/div>\n<\/div>\n<div id=\"e4618249\" class=\"tabs\">\n","protected":false},"excerpt":{"rendered":"<p>Elektrick\u00e1 vyh\u0159\u00edvan\u00e1 de\u010dka Elektrick\u00e1 vyh\u0159\u00edvan\u00e1 de\u010dka je ide\u00e1ln\u00ed zejm\u00e9na v chladn\u011bj\u0161\u00edch dnech, navod\u00ed p\u0159\u00edjemn\u00fd pocit tepla. Teplo roz\u0161i\u0159uje krevn\u00ed c\u00e9vy, stimuluje krevn\u00ed ob\u011bh, zm\u00edr\u0148uje bolesti sval\u016f, uvol\u0148uje nap\u011bt\u00ed a m\u00e1 relaxa\u010dn\u00ed \u00fa\u010dinek na organismus. Elektrick\u00e1 vyh\u0159\u00edvan\u00e1 de\u010dka m\u00e1 m\u011bkou\u010dk\u00fd povrch, kter\u00fd d\u00e1v\u00e1 pocit \u00fatulnosti, teplo poskytuje p\u0159\u00edjemn\u00e9 uvoln\u011bn\u00ed po nam\u00e1hav\u00e9m dni. Elektrick\u00e1 vyh\u0159\u00edvan\u00e1 de\u010dka &#8211; [&hellip;]<\/p>\n","protected":false},"featured_media":54197,"comment_status":"open","ping_status":"open","template":"","meta":[],"product_brand":[],"product_cat":[95],"product_tag":[],"class_list":{"0":"post-54097","1":"product","2":"type-product","3":"status-publish","4":"has-post-thumbnail","6":"product_cat-pochutiny-dum-a-zahrada","8":"first","9":"instock","10":"sale","11":"shipping-taxable","12":"purchasable","13":"product-type-simple"},"yoast_head":"<!-- This site is optimized with the Yoast SEO plugin v26.8 - https:\/\/yoast.com\/product\/yoast-seo-wordpress\/ -->\n<title>Fin\u00e1ln\u00ed V\u00fdprodej HomeLife Elektrick\u00e1 vyh\u0159\u00edvan\u00e1 de\u010dka 50 x 40 cm SS03 -<\/title>\n<meta name=\"robots\" content=\"index, follow, max-snippet:-1, max-image-preview:large, max-video-preview:-1\" \/>\n<link rel=\"canonical\" href=\"https:\/\/www.koupeltech.com\/index.php\/produkt\/finalni-vyprodej-homelife-elektricka-vyhrivana-decka-50-x-40-cm-ss03-54097\/\" \/>\n<meta property=\"og:locale\" content=\"cs_CZ\" \/>\n<meta property=\"og:type\" content=\"article\" \/>\n<meta property=\"og:title\" content=\"Fin\u00e1ln\u00ed V\u00fdprodej HomeLife Elektrick\u00e1 vyh\u0159\u00edvan\u00e1 de\u010dka 50 x 40 cm SS03 -\" \/>\n<meta property=\"og:description\" content=\"Elektrick\u00e1 vyh\u0159\u00edvan\u00e1 de\u010dka Elektrick\u00e1 vyh\u0159\u00edvan\u00e1 de\u010dka je ide\u00e1ln\u00ed zejm\u00e9na v chladn\u011bj\u0161\u00edch dnech, navod\u00ed p\u0159\u00edjemn\u00fd pocit tepla. Teplo roz\u0161i\u0159uje krevn\u00ed c\u00e9vy, stimuluje krevn\u00ed ob\u011bh, zm\u00edr\u0148uje bolesti sval\u016f, uvol\u0148uje nap\u011bt\u00ed a m\u00e1 relaxa\u010dn\u00ed \u00fa\u010dinek na organismus. Elektrick\u00e1 vyh\u0159\u00edvan\u00e1 de\u010dka m\u00e1 m\u011bkou\u010dk\u00fd povrch, kter\u00fd d\u00e1v\u00e1 pocit \u00fatulnosti, teplo poskytuje p\u0159\u00edjemn\u00e9 uvoln\u011bn\u00ed po nam\u00e1hav\u00e9m dni. Elektrick\u00e1 vyh\u0159\u00edvan\u00e1 de\u010dka &#8211; [&hellip;]\" \/>\n<meta property=\"og:url\" content=\"https:\/\/www.koupeltech.com\/index.php\/produkt\/finalni-vyprodej-homelife-elektricka-vyhrivana-decka-50-x-40-cm-ss03-54097\/\" \/>\n<meta property=\"og:image\" content=\"https:\/\/www.koupeltech.com\/wp-content\/uploads\/2026\/SK0021039-CZ20260425-093449-0-1777080896-homelife-elektricka-vyhrivana-decka-50-x-40-cm-ss03.webp\" \/>\n\t<meta property=\"og:image:width\" content=\"1000\" \/>\n\t<meta property=\"og:image:height\" content=\"525\" \/>\n\t<meta property=\"og:image:type\" content=\"image\/webp\" \/>\n<meta name=\"twitter:card\" content=\"summary_large_image\" \/>\n<meta name=\"twitter:label1\" content=\"Odhadovan\u00e1 doba \u010dten\u00ed\" \/>\n\t<meta name=\"twitter:data1\" content=\"1 minuta\" \/>\n<script type=\"application\/ld+json\" class=\"yoast-schema-graph\">{\"@context\":\"https:\/\/schema.org\",\"@graph\":[{\"@type\":\"WebPage\",\"@id\":\"https:\/\/www.koupeltech.com\/index.php\/produkt\/finalni-vyprodej-homelife-elektricka-vyhrivana-decka-50-x-40-cm-ss03-54097\/\",\"url\":\"https:\/\/www.koupeltech.com\/index.php\/produkt\/finalni-vyprodej-homelife-elektricka-vyhrivana-decka-50-x-40-cm-ss03-54097\/\",\"name\":\"Fin\u00e1ln\u00ed V\u00fdprodej HomeLife Elektrick\u00e1 vyh\u0159\u00edvan\u00e1 de\u010dka 50 x 40 cm SS03 -\",\"isPartOf\":{\"@id\":\"https:\/\/www.koupeltech.com\/#website\"},\"primaryImageOfPage\":{\"@id\":\"https:\/\/www.koupeltech.com\/index.php\/produkt\/finalni-vyprodej-homelife-elektricka-vyhrivana-decka-50-x-40-cm-ss03-54097\/#primaryimage\"},\"image\":{\"@id\":\"https:\/\/www.koupeltech.com\/index.php\/produkt\/finalni-vyprodej-homelife-elektricka-vyhrivana-decka-50-x-40-cm-ss03-54097\/#primaryimage\"},\"thumbnailUrl\":\"https:\/\/www.koupeltech.com\/wp-content\/uploads\/2026\/SK0021039-CZ20260425-093449-0-1777080896-homelife-elektricka-vyhrivana-decka-50-x-40-cm-ss03.webp\",\"datePublished\":\"2026-04-27T14:04:00+00:00\",\"breadcrumb\":{\"@id\":\"https:\/\/www.koupeltech.com\/index.php\/produkt\/finalni-vyprodej-homelife-elektricka-vyhrivana-decka-50-x-40-cm-ss03-54097\/#breadcrumb\"},\"inLanguage\":\"cs\",\"potentialAction\":[{\"@type\":\"ReadAction\",\"target\":[\"https:\/\/www.koupeltech.com\/index.php\/produkt\/finalni-vyprodej-homelife-elektricka-vyhrivana-decka-50-x-40-cm-ss03-54097\/\"]}]},{\"@type\":\"ImageObject\",\"inLanguage\":\"cs\",\"@id\":\"https:\/\/www.koupeltech.com\/index.php\/produkt\/finalni-vyprodej-homelife-elektricka-vyhrivana-decka-50-x-40-cm-ss03-54097\/#primaryimage\",\"url\":\"https:\/\/www.koupeltech.com\/wp-content\/uploads\/2026\/SK0021039-CZ20260425-093449-0-1777080896-homelife-elektricka-vyhrivana-decka-50-x-40-cm-ss03.webp\",\"contentUrl\":\"https:\/\/www.koupeltech.com\/wp-content\/uploads\/2026\/SK0021039-CZ20260425-093449-0-1777080896-homelife-elektricka-vyhrivana-decka-50-x-40-cm-ss03.webp\",\"width\":1000,\"height\":525},{\"@type\":\"BreadcrumbList\",\"@id\":\"https:\/\/www.koupeltech.com\/index.php\/produkt\/finalni-vyprodej-homelife-elektricka-vyhrivana-decka-50-x-40-cm-ss03-54097\/#breadcrumb\",\"itemListElement\":[{\"@type\":\"ListItem\",\"position\":1,\"name\":\"Home\",\"item\":\"https:\/\/www.koupeltech.com\/\"},{\"@type\":\"ListItem\",\"position\":2,\"name\":\"Products\",\"item\":\"https:\/\/www.koupeltech.com\/index.php\/products\/\"},{\"@type\":\"ListItem\",\"position\":3,\"name\":\"Fin\u00e1ln\u00ed V\u00fdprodej HomeLife Elektrick\u00e1 vyh\u0159\u00edvan\u00e1 de\u010dka 50 x 40 cm SS03\"}]},{\"@type\":\"WebSite\",\"@id\":\"https:\/\/www.koupeltech.com\/#website\",\"url\":\"https:\/\/www.koupeltech.com\/\",\"name\":\"\",\"description\":\"\",\"potentialAction\":[{\"@type\":\"SearchAction\",\"target\":{\"@type\":\"EntryPoint\",\"urlTemplate\":\"https:\/\/www.koupeltech.com\/?s={search_term_string}\"},\"query-input\":{\"@type\":\"PropertyValueSpecification\",\"valueRequired\":true,\"valueName\":\"search_term_string\"}}],\"inLanguage\":\"cs\"}]}<\/script>\n<!-- \/ Yoast SEO plugin. -->","yoast_head_json":{"title":"Fin\u00e1ln\u00ed V\u00fdprodej HomeLife Elektrick\u00e1 vyh\u0159\u00edvan\u00e1 de\u010dka 50 x 40 cm SS03 -","robots":{"index":"index","follow":"follow","max-snippet":"max-snippet:-1","max-image-preview":"max-image-preview:large","max-video-preview":"max-video-preview:-1"},"canonical":"https:\/\/www.koupeltech.com\/index.php\/produkt\/finalni-vyprodej-homelife-elektricka-vyhrivana-decka-50-x-40-cm-ss03-54097\/","og_locale":"cs_CZ","og_type":"article","og_title":"Fin\u00e1ln\u00ed V\u00fdprodej HomeLife Elektrick\u00e1 vyh\u0159\u00edvan\u00e1 de\u010dka 50 x 40 cm SS03 -","og_description":"Elektrick\u00e1 vyh\u0159\u00edvan\u00e1 de\u010dka Elektrick\u00e1 vyh\u0159\u00edvan\u00e1 de\u010dka je ide\u00e1ln\u00ed zejm\u00e9na v chladn\u011bj\u0161\u00edch dnech, navod\u00ed p\u0159\u00edjemn\u00fd pocit tepla. Teplo roz\u0161i\u0159uje krevn\u00ed c\u00e9vy, stimuluje krevn\u00ed ob\u011bh, zm\u00edr\u0148uje bolesti sval\u016f, uvol\u0148uje nap\u011bt\u00ed a m\u00e1 relaxa\u010dn\u00ed \u00fa\u010dinek na organismus. Elektrick\u00e1 vyh\u0159\u00edvan\u00e1 de\u010dka m\u00e1 m\u011bkou\u010dk\u00fd povrch, kter\u00fd d\u00e1v\u00e1 pocit \u00fatulnosti, teplo poskytuje p\u0159\u00edjemn\u00e9 uvoln\u011bn\u00ed po nam\u00e1hav\u00e9m dni. Elektrick\u00e1 vyh\u0159\u00edvan\u00e1 de\u010dka &#8211; [&hellip;]","og_url":"https:\/\/www.koupeltech.com\/index.php\/produkt\/finalni-vyprodej-homelife-elektricka-vyhrivana-decka-50-x-40-cm-ss03-54097\/","og_image":[{"width":1000,"height":525,"url":"https:\/\/www.koupeltech.com\/wp-content\/uploads\/2026\/SK0021039-CZ20260425-093449-0-1777080896-homelife-elektricka-vyhrivana-decka-50-x-40-cm-ss03.webp","type":"image\/webp"}],"twitter_card":"summary_large_image","twitter_misc":{"Odhadovan\u00e1 doba \u010dten\u00ed":"1 minuta"},"schema":{"@context":"https:\/\/schema.org","@graph":[{"@type":"WebPage","@id":"https:\/\/www.koupeltech.com\/index.php\/produkt\/finalni-vyprodej-homelife-elektricka-vyhrivana-decka-50-x-40-cm-ss03-54097\/","url":"https:\/\/www.koupeltech.com\/index.php\/produkt\/finalni-vyprodej-homelife-elektricka-vyhrivana-decka-50-x-40-cm-ss03-54097\/","name":"Fin\u00e1ln\u00ed V\u00fdprodej HomeLife Elektrick\u00e1 vyh\u0159\u00edvan\u00e1 de\u010dka 50 x 40 cm SS03 -","isPartOf":{"@id":"https:\/\/www.koupeltech.com\/#website"},"primaryImageOfPage":{"@id":"https:\/\/www.koupeltech.com\/index.php\/produkt\/finalni-vyprodej-homelife-elektricka-vyhrivana-decka-50-x-40-cm-ss03-54097\/#primaryimage"},"image":{"@id":"https:\/\/www.koupeltech.com\/index.php\/produkt\/finalni-vyprodej-homelife-elektricka-vyhrivana-decka-50-x-40-cm-ss03-54097\/#primaryimage"},"thumbnailUrl":"https:\/\/www.koupeltech.com\/wp-content\/uploads\/2026\/SK0021039-CZ20260425-093449-0-1777080896-homelife-elektricka-vyhrivana-decka-50-x-40-cm-ss03.webp","datePublished":"2026-04-27T14:04:00+00:00","breadcrumb":{"@id":"https:\/\/www.koupeltech.com\/index.php\/produkt\/finalni-vyprodej-homelife-elektricka-vyhrivana-decka-50-x-40-cm-ss03-54097\/#breadcrumb"},"inLanguage":"cs","potentialAction":[{"@type":"ReadAction","target":["https:\/\/www.koupeltech.com\/index.php\/produkt\/finalni-vyprodej-homelife-elektricka-vyhrivana-decka-50-x-40-cm-ss03-54097\/"]}]},{"@type":"ImageObject","inLanguage":"cs","@id":"https:\/\/www.koupeltech.com\/index.php\/produkt\/finalni-vyprodej-homelife-elektricka-vyhrivana-decka-50-x-40-cm-ss03-54097\/#primaryimage","url":"https:\/\/www.koupeltech.com\/wp-content\/uploads\/2026\/SK0021039-CZ20260425-093449-0-1777080896-homelife-elektricka-vyhrivana-decka-50-x-40-cm-ss03.webp","contentUrl":"https:\/\/www.koupeltech.com\/wp-content\/uploads\/2026\/SK0021039-CZ20260425-093449-0-1777080896-homelife-elektricka-vyhrivana-decka-50-x-40-cm-ss03.webp","width":1000,"height":525},{"@type":"BreadcrumbList","@id":"https:\/\/www.koupeltech.com\/index.php\/produkt\/finalni-vyprodej-homelife-elektricka-vyhrivana-decka-50-x-40-cm-ss03-54097\/#breadcrumb","itemListElement":[{"@type":"ListItem","position":1,"name":"Home","item":"https:\/\/www.koupeltech.com\/"},{"@type":"ListItem","position":2,"name":"Products","item":"https:\/\/www.koupeltech.com\/index.php\/products\/"},{"@type":"ListItem","position":3,"name":"Fin\u00e1ln\u00ed V\u00fdprodej HomeLife Elektrick\u00e1 vyh\u0159\u00edvan\u00e1 de\u010dka 50 x 40 cm SS03"}]},{"@type":"WebSite","@id":"https:\/\/www.koupeltech.com\/#website","url":"https:\/\/www.koupeltech.com\/","name":"","description":"","potentialAction":[{"@type":"SearchAction","target":{"@type":"EntryPoint","urlTemplate":"https:\/\/www.koupeltech.com\/?s={search_term_string}"},"query-input":{"@type":"PropertyValueSpecification","valueRequired":true,"valueName":"search_term_string"}}],"inLanguage":"cs"}]}},"_links":{"self":[{"href":"https:\/\/www.koupeltech.com\/index.php\/wp-json\/wp\/v2\/product\/54097","targetHints":{"allow":["GET"]}}],"collection":[{"href":"https:\/\/www.koupeltech.com\/index.php\/wp-json\/wp\/v2\/product"}],"about":[{"href":"https:\/\/www.koupeltech.com\/index.php\/wp-json\/wp\/v2\/types\/product"}],"replies":[{"embeddable":true,"href":"https:\/\/www.koupeltech.com\/index.php\/wp-json\/wp\/v2\/comments?post=54097"}],"wp:featuredmedia":[{"embeddable":true,"href":"https:\/\/www.koupeltech.com\/index.php\/wp-json\/wp\/v2\/media\/54197"}],"wp:attachment":[{"href":"https:\/\/www.koupeltech.com\/index.php\/wp-json\/wp\/v2\/media?parent=54097"}],"wp:term":[{"taxonomy":"product_brand","embeddable":true,"href":"https:\/\/www.koupeltech.com\/index.php\/wp-json\/wp\/v2\/product_brand?post=54097"},{"taxonomy":"product_cat","embeddable":true,"href":"https:\/\/www.koupeltech.com\/index.php\/wp-json\/wp\/v2\/product_cat?post=54097"},{"taxonomy":"product_tag","embeddable":true,"href":"https:\/\/www.koupeltech.com\/index.php\/wp-json\/wp\/v2\/product_tag?post=54097"}],"curies":[{"name":"wp","href":"https:\/\/api.w.org\/{rel}","templated":true}]}}