{"id":54098,"date":"2026-04-27T14:04:00","date_gmt":"2026-04-27T14:04:00","guid":{"rendered":""},"modified":"2026-04-27T14:04:00","modified_gmt":"2026-04-27T14:04:00","slug":"znackovy-maxxx-elektricka-minipracka-kombi-premium-2v1-xpb40-288-54098","status":"publish","type":"product","link":"https:\/\/www.koupeltech.com\/index.php\/produkt\/znackovy-maxxx-elektricka-minipracka-kombi-premium-2v1-xpb40-288-54098\/","title":{"rendered":"Zna\u010dkov\u00fd MAXXX Elektrick\u00e1 minipra\u010dka Kombi Premium 2v1 XPB40-288"},"content":{"rendered":"<div id=\"e4618629\" class=\"pages\">\n<div>\n<div id=\"PDDescription\" class=\"UserContentView userContent v1a v1 bs-view dcon dc164 PDDescription\" ><dc-con><dc-con><bs-empty><\/bs-empty><\/dc-con><dc-con>        <\/p>\n<div class=\"customDescription\">                    <\/div>\n<p><\/dc-con><dc-con><\/p>\n<h2>Elektrick\u00e1 minipra\u010dka Kombi Premium 2v1<\/h2>\n<p>St\u00edsn\u011bn\u00e9 prostory, mal\u00e9 mno\u017estv\u00ed pr\u00e1dla, \u010dast\u00e9 st\u011bhov\u00e1n\u00ed to v\u0161echno jsou momenty, kdy ocen\u00edte p\u0159\u00edstroj se snadnou manipulac\u00ed a p\u0159itom \u00fa\u010dinkem stejn\u00fdm jako klasick\u00e1 pra\u010dka.<\/p>\n<p><strong>Elektrick\u00e1 minipra\u010dka<\/strong> je pro V\u00e1s ide\u00e1ln\u00edm pomocn\u00edkem. Dok\u00e1\u017ee V\u00e1s snadno a rychle zbavit \u00fanavn\u00e9ho ru\u010dn\u00edho pran\u00ed, s jej\u00ed pomoc\u00ed p\u0159eperete pr\u00e1dlo doma i na dovolen\u00e9, v\u0161ude tam, kde m\u00e1te k dispozici nap\u00e1jen\u00ed 230 V. Obsluha je velice jednoduch\u00e1. Podle typu pr\u00e1dla a m\u00edry zne\u010di\u0161t\u011bn\u00ed si zvol\u00edte dobu pran\u00ed a zabudovan\u00fd program\u00e1tor si bude s\u00e1m \u0159\u00eddit prac\u00ed cyklus. Speci\u00e1ln\u011b tvarovan\u00e1 vrtule vytv\u00e1\u0159\u00ed v elektrick\u00e9 minipra\u010dce intenzivn\u00ed v\u00ed\u0159iv\u00fd pohyb, kter\u00fd d\u00edky cyklonov\u00e9mu efektu d\u016fkladn\u011b a jemn\u011b vypere Va\u0161e pr\u00e1dlo. <strong>Elektrick\u00e1 minipra\u010dka<\/strong> je ide\u00e1ln\u00ed do mal\u00fdch dom\u00e1cnost\u00ed, garsonek, studentsk\u00fdch kolej\u00ed, na chaty, chalupy, vypere i tam, kde nen\u00ed tekouc\u00ed voda.<\/p>\n<p>Minipra\u010dku lze slo\u017eit, co\u017e umo\u017en\u00ed snadn\u00e9 p\u0159en\u00e1\u0161en\u00ed a skladov\u00e1n\u00ed, v\u00edko pra\u010dky je p\u0159i pran\u00ed uzam\u010deno a m\u00e1 otvory pro vyl\u00e9v\u00e1n\u00ed vody po skon\u010den\u00ed programu pran\u00ed.<\/p>\n<h3>Elektrick\u00e1 minipra\u010dka Kombi Premium 2v1 &#8211; technick\u00e9 parametry:<\/h3>\n<ul>\n<li>max. <strong>n\u00e1pl\u0148 pr\u00e1dla 3 kg<\/strong>, pro odst\u0159ed\u011bn\u00ed 1,5 kg<\/li>\n<li>napou\u0161t\u011bc\u00ed otvor, v\u00fdpou\u0161t\u011bc\u00ed hadice, odst\u0159e\u010fovac\u00ed ko\u0161\u00edk<\/li>\n<li>nap\u011bt\u00ed 220 &#8211; 240 V<\/li>\n<li>stupe\u0148 ochrany IPX4<\/li>\n<li>\u010dasova\u010d &#8211; nastaven\u00ed doby pran\u00ed<\/li>\n<li><span style=\"color: #000000;\">spot\u0159eba vody 22 litr\u016f<\/span><\/li>\n<li><span style=\"color: #000000;\">p\u0159\u00edkon 240 W<\/span><\/li>\n<li><span style=\"color: #000000;\">rozm\u011br 37 x 55,5 x 36,5 cmm<br \/><\/span><\/li>\n<li><span style=\"color: #000000;\">d\u00e9lka el. p\u0159\u00edvodn\u00edho kabelu 145 cm<\/span><\/li>\n<\/ul>\n<p>Na <strong>elektrickou minipra\u010dku Kombi Premium 2v1<\/strong> poskytujeme z\u00e1ruku 24 m\u011bs\u00edc\u016f.<\/p>\n<p><\/dc-con><\/dc-con><\/div>\n<\/p><\/div>\n<div id=\"PDTable3\" class=\"ProductDetailTableView v3a v3 bs-view dcon dc185 PDTable3\" >\n<table>\n<thead><\/thead>\n<tbody>\n<tr class=\"attribute attr_bsshop_maker\">\n<td class=\"caption\">V\u00fdrobce<\/td>\n<td class=\"value\">MAXXX<\/td>\n<\/tr>\n<\/tbody>\n<\/table>\n<\/div>\n<div id=\"ProductMedia\" class=\"ProductMediaView MediaViewBase v1a v1 bs-view dcon dc409 ProductMedia\" ><bs-empty><\/bs-empty><\/p>\n<div class=\"files\">\n<div class=\"title sub\">Soubory<\/div>\n<p><a href=\"\/media\/8165\/minipracka-kombi-premium-2v1.pdf?&amp;key=ZGpmIyQwNUZfODE2NQ==\" class=\"pdf\">minipracka_kombi_premium_2v1.pdf<\/a><\/div>\n<p><bs-empty><\/bs-empty><\/div>\n<\/div>\n<div id=\"e4618630\" class=\"tabs\">\n","protected":false},"excerpt":{"rendered":"<p>Elektrick\u00e1 minipra\u010dka Kombi Premium 2v1 St\u00edsn\u011bn\u00e9 prostory, mal\u00e9 mno\u017estv\u00ed pr\u00e1dla, \u010dast\u00e9 st\u011bhov\u00e1n\u00ed to v\u0161echno jsou momenty, kdy ocen\u00edte p\u0159\u00edstroj se snadnou manipulac\u00ed a p\u0159itom \u00fa\u010dinkem stejn\u00fdm jako klasick\u00e1 pra\u010dka. Elektrick\u00e1 minipra\u010dka je pro V\u00e1s ide\u00e1ln\u00edm pomocn\u00edkem. Dok\u00e1\u017ee V\u00e1s snadno a rychle zbavit \u00fanavn\u00e9ho ru\u010dn\u00edho pran\u00ed, s jej\u00ed pomoc\u00ed p\u0159eperete pr\u00e1dlo doma i na dovolen\u00e9, v\u0161ude [&hellip;]<\/p>\n","protected":false},"featured_media":54198,"comment_status":"open","ping_status":"open","template":"","meta":[],"product_brand":[],"product_cat":[95],"product_tag":[],"class_list":{"0":"post-54098","1":"product","2":"type-product","3":"status-publish","4":"has-post-thumbnail","6":"product_cat-pochutiny-dum-a-zahrada","8":"first","9":"instock","10":"sale","11":"shipping-taxable","12":"purchasable","13":"product-type-simple"},"yoast_head":"<!-- This site is optimized with the Yoast SEO plugin v26.8 - https:\/\/yoast.com\/product\/yoast-seo-wordpress\/ -->\n<title>Zna\u010dkov\u00fd MAXXX Elektrick\u00e1 minipra\u010dka Kombi Premium 2v1 XPB40-288 -<\/title>\n<meta name=\"robots\" content=\"index, follow, max-snippet:-1, max-image-preview:large, max-video-preview:-1\" \/>\n<link rel=\"canonical\" href=\"https:\/\/www.koupeltech.com\/index.php\/produkt\/znackovy-maxxx-elektricka-minipracka-kombi-premium-2v1-xpb40-288-54098\/\" \/>\n<meta property=\"og:locale\" content=\"cs_CZ\" \/>\n<meta property=\"og:type\" content=\"article\" \/>\n<meta property=\"og:title\" content=\"Zna\u010dkov\u00fd MAXXX Elektrick\u00e1 minipra\u010dka Kombi Premium 2v1 XPB40-288 -\" \/>\n<meta property=\"og:description\" content=\"Elektrick\u00e1 minipra\u010dka Kombi Premium 2v1 St\u00edsn\u011bn\u00e9 prostory, mal\u00e9 mno\u017estv\u00ed pr\u00e1dla, \u010dast\u00e9 st\u011bhov\u00e1n\u00ed to v\u0161echno jsou momenty, kdy ocen\u00edte p\u0159\u00edstroj se snadnou manipulac\u00ed a p\u0159itom \u00fa\u010dinkem stejn\u00fdm jako klasick\u00e1 pra\u010dka. Elektrick\u00e1 minipra\u010dka je pro V\u00e1s ide\u00e1ln\u00edm pomocn\u00edkem. Dok\u00e1\u017ee V\u00e1s snadno a rychle zbavit \u00fanavn\u00e9ho ru\u010dn\u00edho pran\u00ed, s jej\u00ed pomoc\u00ed p\u0159eperete pr\u00e1dlo doma i na dovolen\u00e9, v\u0161ude [&hellip;]\" \/>\n<meta property=\"og:url\" content=\"https:\/\/www.koupeltech.com\/index.php\/produkt\/znackovy-maxxx-elektricka-minipracka-kombi-premium-2v1-xpb40-288-54098\/\" \/>\n<meta property=\"og:image\" content=\"https:\/\/www.koupeltech.com\/wp-content\/uploads\/2026\/SK0021040-CZ20260425-093449-0-1777080896-maxxx-elektricka-minipracka-kombi-premium-2v1-xpb40-288.webp\" \/>\n\t<meta property=\"og:image:width\" content=\"1000\" \/>\n\t<meta property=\"og:image:height\" content=\"525\" \/>\n\t<meta property=\"og:image:type\" content=\"image\/webp\" \/>\n<meta name=\"twitter:card\" content=\"summary_large_image\" \/>\n<meta name=\"twitter:label1\" content=\"Odhadovan\u00e1 doba \u010dten\u00ed\" \/>\n\t<meta name=\"twitter:data1\" content=\"1 minuta\" \/>\n<script type=\"application\/ld+json\" class=\"yoast-schema-graph\">{\"@context\":\"https:\/\/schema.org\",\"@graph\":[{\"@type\":\"WebPage\",\"@id\":\"https:\/\/www.koupeltech.com\/index.php\/produkt\/znackovy-maxxx-elektricka-minipracka-kombi-premium-2v1-xpb40-288-54098\/\",\"url\":\"https:\/\/www.koupeltech.com\/index.php\/produkt\/znackovy-maxxx-elektricka-minipracka-kombi-premium-2v1-xpb40-288-54098\/\",\"name\":\"Zna\u010dkov\u00fd MAXXX Elektrick\u00e1 minipra\u010dka Kombi Premium 2v1 XPB40-288 -\",\"isPartOf\":{\"@id\":\"https:\/\/www.koupeltech.com\/#website\"},\"primaryImageOfPage\":{\"@id\":\"https:\/\/www.koupeltech.com\/index.php\/produkt\/znackovy-maxxx-elektricka-minipracka-kombi-premium-2v1-xpb40-288-54098\/#primaryimage\"},\"image\":{\"@id\":\"https:\/\/www.koupeltech.com\/index.php\/produkt\/znackovy-maxxx-elektricka-minipracka-kombi-premium-2v1-xpb40-288-54098\/#primaryimage\"},\"thumbnailUrl\":\"https:\/\/www.koupeltech.com\/wp-content\/uploads\/2026\/SK0021040-CZ20260425-093449-0-1777080896-maxxx-elektricka-minipracka-kombi-premium-2v1-xpb40-288.webp\",\"datePublished\":\"2026-04-27T14:04:00+00:00\",\"breadcrumb\":{\"@id\":\"https:\/\/www.koupeltech.com\/index.php\/produkt\/znackovy-maxxx-elektricka-minipracka-kombi-premium-2v1-xpb40-288-54098\/#breadcrumb\"},\"inLanguage\":\"cs\",\"potentialAction\":[{\"@type\":\"ReadAction\",\"target\":[\"https:\/\/www.koupeltech.com\/index.php\/produkt\/znackovy-maxxx-elektricka-minipracka-kombi-premium-2v1-xpb40-288-54098\/\"]}]},{\"@type\":\"ImageObject\",\"inLanguage\":\"cs\",\"@id\":\"https:\/\/www.koupeltech.com\/index.php\/produkt\/znackovy-maxxx-elektricka-minipracka-kombi-premium-2v1-xpb40-288-54098\/#primaryimage\",\"url\":\"https:\/\/www.koupeltech.com\/wp-content\/uploads\/2026\/SK0021040-CZ20260425-093449-0-1777080896-maxxx-elektricka-minipracka-kombi-premium-2v1-xpb40-288.webp\",\"contentUrl\":\"https:\/\/www.koupeltech.com\/wp-content\/uploads\/2026\/SK0021040-CZ20260425-093449-0-1777080896-maxxx-elektricka-minipracka-kombi-premium-2v1-xpb40-288.webp\",\"width\":1000,\"height\":525},{\"@type\":\"BreadcrumbList\",\"@id\":\"https:\/\/www.koupeltech.com\/index.php\/produkt\/znackovy-maxxx-elektricka-minipracka-kombi-premium-2v1-xpb40-288-54098\/#breadcrumb\",\"itemListElement\":[{\"@type\":\"ListItem\",\"position\":1,\"name\":\"Home\",\"item\":\"https:\/\/www.koupeltech.com\/\"},{\"@type\":\"ListItem\",\"position\":2,\"name\":\"Products\",\"item\":\"https:\/\/www.koupeltech.com\/index.php\/products\/\"},{\"@type\":\"ListItem\",\"position\":3,\"name\":\"Zna\u010dkov\u00fd MAXXX Elektrick\u00e1 minipra\u010dka Kombi Premium 2v1 XPB40-288\"}]},{\"@type\":\"WebSite\",\"@id\":\"https:\/\/www.koupeltech.com\/#website\",\"url\":\"https:\/\/www.koupeltech.com\/\",\"name\":\"\",\"description\":\"\",\"potentialAction\":[{\"@type\":\"SearchAction\",\"target\":{\"@type\":\"EntryPoint\",\"urlTemplate\":\"https:\/\/www.koupeltech.com\/?s={search_term_string}\"},\"query-input\":{\"@type\":\"PropertyValueSpecification\",\"valueRequired\":true,\"valueName\":\"search_term_string\"}}],\"inLanguage\":\"cs\"}]}<\/script>\n<!-- \/ Yoast SEO plugin. -->","yoast_head_json":{"title":"Zna\u010dkov\u00fd MAXXX Elektrick\u00e1 minipra\u010dka Kombi Premium 2v1 XPB40-288 -","robots":{"index":"index","follow":"follow","max-snippet":"max-snippet:-1","max-image-preview":"max-image-preview:large","max-video-preview":"max-video-preview:-1"},"canonical":"https:\/\/www.koupeltech.com\/index.php\/produkt\/znackovy-maxxx-elektricka-minipracka-kombi-premium-2v1-xpb40-288-54098\/","og_locale":"cs_CZ","og_type":"article","og_title":"Zna\u010dkov\u00fd MAXXX Elektrick\u00e1 minipra\u010dka Kombi Premium 2v1 XPB40-288 -","og_description":"Elektrick\u00e1 minipra\u010dka Kombi Premium 2v1 St\u00edsn\u011bn\u00e9 prostory, mal\u00e9 mno\u017estv\u00ed pr\u00e1dla, \u010dast\u00e9 st\u011bhov\u00e1n\u00ed to v\u0161echno jsou momenty, kdy ocen\u00edte p\u0159\u00edstroj se snadnou manipulac\u00ed a p\u0159itom \u00fa\u010dinkem stejn\u00fdm jako klasick\u00e1 pra\u010dka. Elektrick\u00e1 minipra\u010dka je pro V\u00e1s ide\u00e1ln\u00edm pomocn\u00edkem. Dok\u00e1\u017ee V\u00e1s snadno a rychle zbavit \u00fanavn\u00e9ho ru\u010dn\u00edho pran\u00ed, s jej\u00ed pomoc\u00ed p\u0159eperete pr\u00e1dlo doma i na dovolen\u00e9, v\u0161ude [&hellip;]","og_url":"https:\/\/www.koupeltech.com\/index.php\/produkt\/znackovy-maxxx-elektricka-minipracka-kombi-premium-2v1-xpb40-288-54098\/","og_image":[{"width":1000,"height":525,"url":"https:\/\/www.koupeltech.com\/wp-content\/uploads\/2026\/SK0021040-CZ20260425-093449-0-1777080896-maxxx-elektricka-minipracka-kombi-premium-2v1-xpb40-288.webp","type":"image\/webp"}],"twitter_card":"summary_large_image","twitter_misc":{"Odhadovan\u00e1 doba \u010dten\u00ed":"1 minuta"},"schema":{"@context":"https:\/\/schema.org","@graph":[{"@type":"WebPage","@id":"https:\/\/www.koupeltech.com\/index.php\/produkt\/znackovy-maxxx-elektricka-minipracka-kombi-premium-2v1-xpb40-288-54098\/","url":"https:\/\/www.koupeltech.com\/index.php\/produkt\/znackovy-maxxx-elektricka-minipracka-kombi-premium-2v1-xpb40-288-54098\/","name":"Zna\u010dkov\u00fd MAXXX Elektrick\u00e1 minipra\u010dka Kombi Premium 2v1 XPB40-288 -","isPartOf":{"@id":"https:\/\/www.koupeltech.com\/#website"},"primaryImageOfPage":{"@id":"https:\/\/www.koupeltech.com\/index.php\/produkt\/znackovy-maxxx-elektricka-minipracka-kombi-premium-2v1-xpb40-288-54098\/#primaryimage"},"image":{"@id":"https:\/\/www.koupeltech.com\/index.php\/produkt\/znackovy-maxxx-elektricka-minipracka-kombi-premium-2v1-xpb40-288-54098\/#primaryimage"},"thumbnailUrl":"https:\/\/www.koupeltech.com\/wp-content\/uploads\/2026\/SK0021040-CZ20260425-093449-0-1777080896-maxxx-elektricka-minipracka-kombi-premium-2v1-xpb40-288.webp","datePublished":"2026-04-27T14:04:00+00:00","breadcrumb":{"@id":"https:\/\/www.koupeltech.com\/index.php\/produkt\/znackovy-maxxx-elektricka-minipracka-kombi-premium-2v1-xpb40-288-54098\/#breadcrumb"},"inLanguage":"cs","potentialAction":[{"@type":"ReadAction","target":["https:\/\/www.koupeltech.com\/index.php\/produkt\/znackovy-maxxx-elektricka-minipracka-kombi-premium-2v1-xpb40-288-54098\/"]}]},{"@type":"ImageObject","inLanguage":"cs","@id":"https:\/\/www.koupeltech.com\/index.php\/produkt\/znackovy-maxxx-elektricka-minipracka-kombi-premium-2v1-xpb40-288-54098\/#primaryimage","url":"https:\/\/www.koupeltech.com\/wp-content\/uploads\/2026\/SK0021040-CZ20260425-093449-0-1777080896-maxxx-elektricka-minipracka-kombi-premium-2v1-xpb40-288.webp","contentUrl":"https:\/\/www.koupeltech.com\/wp-content\/uploads\/2026\/SK0021040-CZ20260425-093449-0-1777080896-maxxx-elektricka-minipracka-kombi-premium-2v1-xpb40-288.webp","width":1000,"height":525},{"@type":"BreadcrumbList","@id":"https:\/\/www.koupeltech.com\/index.php\/produkt\/znackovy-maxxx-elektricka-minipracka-kombi-premium-2v1-xpb40-288-54098\/#breadcrumb","itemListElement":[{"@type":"ListItem","position":1,"name":"Home","item":"https:\/\/www.koupeltech.com\/"},{"@type":"ListItem","position":2,"name":"Products","item":"https:\/\/www.koupeltech.com\/index.php\/products\/"},{"@type":"ListItem","position":3,"name":"Zna\u010dkov\u00fd MAXXX Elektrick\u00e1 minipra\u010dka Kombi Premium 2v1 XPB40-288"}]},{"@type":"WebSite","@id":"https:\/\/www.koupeltech.com\/#website","url":"https:\/\/www.koupeltech.com\/","name":"","description":"","potentialAction":[{"@type":"SearchAction","target":{"@type":"EntryPoint","urlTemplate":"https:\/\/www.koupeltech.com\/?s={search_term_string}"},"query-input":{"@type":"PropertyValueSpecification","valueRequired":true,"valueName":"search_term_string"}}],"inLanguage":"cs"}]}},"_links":{"self":[{"href":"https:\/\/www.koupeltech.com\/index.php\/wp-json\/wp\/v2\/product\/54098","targetHints":{"allow":["GET"]}}],"collection":[{"href":"https:\/\/www.koupeltech.com\/index.php\/wp-json\/wp\/v2\/product"}],"about":[{"href":"https:\/\/www.koupeltech.com\/index.php\/wp-json\/wp\/v2\/types\/product"}],"replies":[{"embeddable":true,"href":"https:\/\/www.koupeltech.com\/index.php\/wp-json\/wp\/v2\/comments?post=54098"}],"wp:featuredmedia":[{"embeddable":true,"href":"https:\/\/www.koupeltech.com\/index.php\/wp-json\/wp\/v2\/media\/54198"}],"wp:attachment":[{"href":"https:\/\/www.koupeltech.com\/index.php\/wp-json\/wp\/v2\/media?parent=54098"}],"wp:term":[{"taxonomy":"product_brand","embeddable":true,"href":"https:\/\/www.koupeltech.com\/index.php\/wp-json\/wp\/v2\/product_brand?post=54098"},{"taxonomy":"product_cat","embeddable":true,"href":"https:\/\/www.koupeltech.com\/index.php\/wp-json\/wp\/v2\/product_cat?post=54098"},{"taxonomy":"product_tag","embeddable":true,"href":"https:\/\/www.koupeltech.com\/index.php\/wp-json\/wp\/v2\/product_tag?post=54098"}],"curies":[{"name":"wp","href":"https:\/\/api.w.org\/{rel}","templated":true}]}}