{"id":54099,"date":"2026-04-27T14:04:00","date_gmt":"2026-04-27T14:04:00","guid":{"rendered":""},"modified":"2026-04-27T14:04:00","modified_gmt":"2026-04-27T14:04:00","slug":"skamol-izolacni-a-stavebni-deska-skamotec-225-40-mm-akcni-cena-54099","status":"publish","type":"product","link":"https:\/\/www.koupeltech.com\/index.php\/produkt\/skamol-izolacni-a-stavebni-deska-skamotec-225-40-mm-akcni-cena-54099\/","title":{"rendered":"SKAMOL izola\u010dn\u00ed a stavebn\u00ed deska SKAMOTEC 225 &#8211; 40 mm Ak\u010dn\u00ed Cena"},"content":{"rendered":"<div id=\"e4619808\" class=\"pages\">\n<div>\n<div id=\"PDDescription\" class=\"UserContentView userContent v1a v1 bs-view dcon dc164 PDDescription\" ><dc-con><dc-con><bs-empty><\/bs-empty><\/dc-con><dc-con>        <\/p>\n<div class=\"customDescription\">                    <\/div>\n<p><\/dc-con><dc-con>Skamotec 225 jsou stavebn\u011b izola\u010dn\u00ed kalcium-silik\u00e1tov\u00e9 desky, ur\u010den\u00e9 pro stavbu a izolaci krb\u016f, kamen, spor\u00e1k\u016f a dal\u0161\u00edch spot\u0159ebi\u010d\u016f. Velkoform\u00e1tov\u00fd rozm\u011br spolu s lehkou v\u00e1hou desky usnad\u0148uje manipulaci a pr\u00e1ci s deskou. Skamotec 225 je lisovan\u00fd, tedy rozm\u011brov\u011b st\u00e1l\u00fd. Z kalcium-silik\u00e1tov\u00fdch desek se jedn\u00e1 o nejm\u00e9n\u011b pra\u0161n\u00e9 desky p\u0159i zpracov\u00e1n\u00ed. Vnit\u0159n\u00ed \u010d\u00e1st teplovzdu\u0161n\u00e9ho krbu je nutn\u00e9 penetrovat speci\u00e1ln\u00edmi penetracemi.<br \/>&nbsp;<br \/>Desky SKAMOTEC 225 d&aacute;nsk&eacute;ho v&yacute;robce Skamol jsou nejen v&nbsp;\u010cR pro stavbu krb\u016f, kamen a jin&yacute;ch topidel nej\u010dast\u011bji volen&yacute;m materi&aacute;lem, a to d&iacute;ky cel&eacute; \u0159ad\u011b skv\u011bl&yacute;ch vlastnost&iacute;:<\/p>\n<p>jednoduch&eacute; zpracov&aacute;n&iacute; = vysta\u010d&iacute;te si s&nbsp;pilkou a aku vrta\u010dkou<br \/>z kalcium-silik&aacute;to&yacute;ch desek p\u0159i manipulaci a zpracov&aacute;n&iacute; nejm&eacute;n\u011b zpra&scaron;uj&iacute;<br \/>snadn&aacute; manipulace:&nbsp;Velkoform&aacute;tov&eacute; desky 1 000 x 610 x 30 mm v&aacute;\u017e&iacute; 4,12 kg<br \/>tepeln&aacute; odolnost je 1 000 &deg;C = vysok&aacute; trvanlivost stavby<br \/>n&iacute;zk&aacute; tepeln&aacute; rozta\u017enost&nbsp;(minimalizuj&iacute; se mo\u017en&eacute; praskliny)<br \/>odolnost proti tepeln&yacute;m &scaron;ok\u016fm<br \/>rychl&aacute; v&yacute;stavba a \u010distota<br \/><\/dc-con><\/dc-con><\/div>\n<div id=\"PDDescription2\" class=\"UserContentView userContent v1a v1 bs-view dcon dc165 PDDescription2\" >\n<table class='techparam_table'>\n<tr>\n<td>Balen\u00ed<\/td>\n<td>kusov\u00fd prodej <\/td>\n<\/tr>\n<tr>\n<td>Tepeln\u00e1 odolnost<\/td>\n<td>1000 \u00b0C<\/td>\n<\/tr>\n<tr>\n<td>Rozm\u011bry<\/td>\n<td>1000&#215;610 mm<\/td>\n<\/tr>\n<tr>\n<td>Distributor pro \u010cR a SR<\/td>\n<td>HS Flamingo s.r.o. &#8211; www.hsflamingo.cz <\/td>\n<\/tr>\n<tr>\n<td>Barva<\/td>\n<td>\u0161ed\u00e1 <\/td>\n<\/tr>\n<tr>\n<td>Objemov\u00e1 hmotnost<\/td>\n<td>225 kg\/m3<\/td>\n<\/tr>\n<tr>\n<td>Tlou\u0161\u0165ka<\/td>\n<td>40 mm<\/td>\n<\/tr>\n<tr>\n<td>Hmotnost<\/td>\n<td>5,55 kg<\/td>\n<\/tr>\n<tr>\n<td>Teplota pou\u017eit\u00ed<\/td>\n<td>1000 \u00b0C<\/td>\n<\/tr>\n<tr>\n<td>Pevnost v tlaku, za studena<\/td>\n<td>2,8 MPa<\/td>\n<\/tr>\n<tr>\n<td>Pevnost v ohybu<\/td>\n<td>1,4 MPa<\/td>\n<\/tr>\n<tr>\n<td>Tepeln\u00e1 vodivost<\/td>\n<td>0,07  W\/(m \u00d7 K)<\/td>\n<\/tr>\n<\/table>\n<\/div><\/div>\n<div id=\"PDTable3\" class=\"ProductDetailTableView v3a v3 bs-view dcon dc185 PDTable3\" >\n<table>\n<thead><\/thead>\n<tbody>\n<tr class=\"attribute attr_typ\">\n<td class=\"caption\">Typ<\/td>\n<td class=\"value\">Izola\u010dn\u00ed desky<\/td>\n<\/tr>\n<tr class=\"attribute attr_bsshop_maker\">\n<td class=\"caption\">V\u00fdrobce<\/td>\n<td class=\"value\">SKAMOL<\/td>\n<\/tr>\n<\/tbody>\n<\/table>\n<\/div>\n<\/div>\n<div id=\"e4619809\" class=\"tabs\">\n","protected":false},"excerpt":{"rendered":"<p>Skamotec 225 jsou stavebn\u011b izola\u010dn\u00ed kalcium-silik\u00e1tov\u00e9 desky, ur\u010den\u00e9 pro stavbu a izolaci krb\u016f, kamen, spor\u00e1k\u016f a dal\u0161\u00edch spot\u0159ebi\u010d\u016f. Velkoform\u00e1tov\u00fd rozm\u011br spolu s lehkou v\u00e1hou desky usnad\u0148uje manipulaci a pr\u00e1ci s deskou. Skamotec 225 je lisovan\u00fd, tedy rozm\u011brov\u011b st\u00e1l\u00fd. Z kalcium-silik\u00e1tov\u00fdch desek se jedn\u00e1 o nejm\u00e9n\u011b pra\u0161n\u00e9 desky p\u0159i zpracov\u00e1n\u00ed. Vnit\u0159n\u00ed \u010d\u00e1st teplovzdu\u0161n\u00e9ho krbu je nutn\u00e9 [&hellip;]<\/p>\n","protected":false},"featured_media":54199,"comment_status":"open","ping_status":"open","template":"","meta":[],"product_brand":[],"product_cat":[103],"product_tag":[],"class_list":{"0":"post-54099","1":"product","2":"type-product","3":"status-publish","4":"has-post-thumbnail","6":"product_cat-krby-a-kamna","8":"first","9":"instock","10":"sale","11":"shipping-taxable","12":"purchasable","13":"product-type-simple"},"yoast_head":"<!-- This site is optimized with the Yoast SEO plugin v26.8 - https:\/\/yoast.com\/product\/yoast-seo-wordpress\/ -->\n<title>SKAMOL izola\u010dn\u00ed a stavebn\u00ed deska SKAMOTEC 225 - 40 mm Ak\u010dn\u00ed Cena -<\/title>\n<meta name=\"robots\" content=\"index, follow, max-snippet:-1, max-image-preview:large, max-video-preview:-1\" \/>\n<link rel=\"canonical\" href=\"https:\/\/www.koupeltech.com\/index.php\/produkt\/skamol-izolacni-a-stavebni-deska-skamotec-225-40-mm-akcni-cena-54099\/\" \/>\n<meta property=\"og:locale\" content=\"cs_CZ\" \/>\n<meta property=\"og:type\" content=\"article\" \/>\n<meta property=\"og:title\" content=\"SKAMOL izola\u010dn\u00ed a stavebn\u00ed deska SKAMOTEC 225 - 40 mm Ak\u010dn\u00ed Cena -\" \/>\n<meta property=\"og:description\" content=\"Skamotec 225 jsou stavebn\u011b izola\u010dn\u00ed kalcium-silik\u00e1tov\u00e9 desky, ur\u010den\u00e9 pro stavbu a izolaci krb\u016f, kamen, spor\u00e1k\u016f a dal\u0161\u00edch spot\u0159ebi\u010d\u016f. Velkoform\u00e1tov\u00fd rozm\u011br spolu s lehkou v\u00e1hou desky usnad\u0148uje manipulaci a pr\u00e1ci s deskou. Skamotec 225 je lisovan\u00fd, tedy rozm\u011brov\u011b st\u00e1l\u00fd. Z kalcium-silik\u00e1tov\u00fdch desek se jedn\u00e1 o nejm\u00e9n\u011b pra\u0161n\u00e9 desky p\u0159i zpracov\u00e1n\u00ed. Vnit\u0159n\u00ed \u010d\u00e1st teplovzdu\u0161n\u00e9ho krbu je nutn\u00e9 [&hellip;]\" \/>\n<meta property=\"og:url\" content=\"https:\/\/www.koupeltech.com\/index.php\/produkt\/skamol-izolacni-a-stavebni-deska-skamotec-225-40-mm-akcni-cena-54099\/\" \/>\n<meta property=\"og:image\" content=\"https:\/\/www.koupeltech.com\/wp-content\/uploads\/2026\/SK0021041-CZ20260425-093449-0-1777080896-skamol-izolacni-a-stavebni-deska-skamotec-225-40-mm.webp\" \/>\n\t<meta property=\"og:image:width\" content=\"1000\" \/>\n\t<meta property=\"og:image:height\" content=\"525\" \/>\n\t<meta property=\"og:image:type\" content=\"image\/webp\" \/>\n<meta name=\"twitter:card\" content=\"summary_large_image\" \/>\n<meta name=\"twitter:label1\" content=\"Odhadovan\u00e1 doba \u010dten\u00ed\" \/>\n\t<meta name=\"twitter:data1\" content=\"1 minuta\" \/>\n<script type=\"application\/ld+json\" class=\"yoast-schema-graph\">{\"@context\":\"https:\/\/schema.org\",\"@graph\":[{\"@type\":\"WebPage\",\"@id\":\"https:\/\/www.koupeltech.com\/index.php\/produkt\/skamol-izolacni-a-stavebni-deska-skamotec-225-40-mm-akcni-cena-54099\/\",\"url\":\"https:\/\/www.koupeltech.com\/index.php\/produkt\/skamol-izolacni-a-stavebni-deska-skamotec-225-40-mm-akcni-cena-54099\/\",\"name\":\"SKAMOL izola\u010dn\u00ed a stavebn\u00ed deska SKAMOTEC 225 - 40 mm Ak\u010dn\u00ed Cena -\",\"isPartOf\":{\"@id\":\"https:\/\/www.koupeltech.com\/#website\"},\"primaryImageOfPage\":{\"@id\":\"https:\/\/www.koupeltech.com\/index.php\/produkt\/skamol-izolacni-a-stavebni-deska-skamotec-225-40-mm-akcni-cena-54099\/#primaryimage\"},\"image\":{\"@id\":\"https:\/\/www.koupeltech.com\/index.php\/produkt\/skamol-izolacni-a-stavebni-deska-skamotec-225-40-mm-akcni-cena-54099\/#primaryimage\"},\"thumbnailUrl\":\"https:\/\/www.koupeltech.com\/wp-content\/uploads\/2026\/SK0021041-CZ20260425-093449-0-1777080896-skamol-izolacni-a-stavebni-deska-skamotec-225-40-mm.webp\",\"datePublished\":\"2026-04-27T14:04:00+00:00\",\"breadcrumb\":{\"@id\":\"https:\/\/www.koupeltech.com\/index.php\/produkt\/skamol-izolacni-a-stavebni-deska-skamotec-225-40-mm-akcni-cena-54099\/#breadcrumb\"},\"inLanguage\":\"cs\",\"potentialAction\":[{\"@type\":\"ReadAction\",\"target\":[\"https:\/\/www.koupeltech.com\/index.php\/produkt\/skamol-izolacni-a-stavebni-deska-skamotec-225-40-mm-akcni-cena-54099\/\"]}]},{\"@type\":\"ImageObject\",\"inLanguage\":\"cs\",\"@id\":\"https:\/\/www.koupeltech.com\/index.php\/produkt\/skamol-izolacni-a-stavebni-deska-skamotec-225-40-mm-akcni-cena-54099\/#primaryimage\",\"url\":\"https:\/\/www.koupeltech.com\/wp-content\/uploads\/2026\/SK0021041-CZ20260425-093449-0-1777080896-skamol-izolacni-a-stavebni-deska-skamotec-225-40-mm.webp\",\"contentUrl\":\"https:\/\/www.koupeltech.com\/wp-content\/uploads\/2026\/SK0021041-CZ20260425-093449-0-1777080896-skamol-izolacni-a-stavebni-deska-skamotec-225-40-mm.webp\",\"width\":1000,\"height\":525},{\"@type\":\"BreadcrumbList\",\"@id\":\"https:\/\/www.koupeltech.com\/index.php\/produkt\/skamol-izolacni-a-stavebni-deska-skamotec-225-40-mm-akcni-cena-54099\/#breadcrumb\",\"itemListElement\":[{\"@type\":\"ListItem\",\"position\":1,\"name\":\"Home\",\"item\":\"https:\/\/www.koupeltech.com\/\"},{\"@type\":\"ListItem\",\"position\":2,\"name\":\"Products\",\"item\":\"https:\/\/www.koupeltech.com\/index.php\/products\/\"},{\"@type\":\"ListItem\",\"position\":3,\"name\":\"SKAMOL izola\u010dn\u00ed a stavebn\u00ed deska SKAMOTEC 225 &#8211; 40 mm Ak\u010dn\u00ed Cena\"}]},{\"@type\":\"WebSite\",\"@id\":\"https:\/\/www.koupeltech.com\/#website\",\"url\":\"https:\/\/www.koupeltech.com\/\",\"name\":\"\",\"description\":\"\",\"potentialAction\":[{\"@type\":\"SearchAction\",\"target\":{\"@type\":\"EntryPoint\",\"urlTemplate\":\"https:\/\/www.koupeltech.com\/?s={search_term_string}\"},\"query-input\":{\"@type\":\"PropertyValueSpecification\",\"valueRequired\":true,\"valueName\":\"search_term_string\"}}],\"inLanguage\":\"cs\"}]}<\/script>\n<!-- \/ Yoast SEO plugin. -->","yoast_head_json":{"title":"SKAMOL izola\u010dn\u00ed a stavebn\u00ed deska SKAMOTEC 225 - 40 mm Ak\u010dn\u00ed Cena -","robots":{"index":"index","follow":"follow","max-snippet":"max-snippet:-1","max-image-preview":"max-image-preview:large","max-video-preview":"max-video-preview:-1"},"canonical":"https:\/\/www.koupeltech.com\/index.php\/produkt\/skamol-izolacni-a-stavebni-deska-skamotec-225-40-mm-akcni-cena-54099\/","og_locale":"cs_CZ","og_type":"article","og_title":"SKAMOL izola\u010dn\u00ed a stavebn\u00ed deska SKAMOTEC 225 - 40 mm Ak\u010dn\u00ed Cena -","og_description":"Skamotec 225 jsou stavebn\u011b izola\u010dn\u00ed kalcium-silik\u00e1tov\u00e9 desky, ur\u010den\u00e9 pro stavbu a izolaci krb\u016f, kamen, spor\u00e1k\u016f a dal\u0161\u00edch spot\u0159ebi\u010d\u016f. Velkoform\u00e1tov\u00fd rozm\u011br spolu s lehkou v\u00e1hou desky usnad\u0148uje manipulaci a pr\u00e1ci s deskou. Skamotec 225 je lisovan\u00fd, tedy rozm\u011brov\u011b st\u00e1l\u00fd. Z kalcium-silik\u00e1tov\u00fdch desek se jedn\u00e1 o nejm\u00e9n\u011b pra\u0161n\u00e9 desky p\u0159i zpracov\u00e1n\u00ed. Vnit\u0159n\u00ed \u010d\u00e1st teplovzdu\u0161n\u00e9ho krbu je nutn\u00e9 [&hellip;]","og_url":"https:\/\/www.koupeltech.com\/index.php\/produkt\/skamol-izolacni-a-stavebni-deska-skamotec-225-40-mm-akcni-cena-54099\/","og_image":[{"width":1000,"height":525,"url":"https:\/\/www.koupeltech.com\/wp-content\/uploads\/2026\/SK0021041-CZ20260425-093449-0-1777080896-skamol-izolacni-a-stavebni-deska-skamotec-225-40-mm.webp","type":"image\/webp"}],"twitter_card":"summary_large_image","twitter_misc":{"Odhadovan\u00e1 doba \u010dten\u00ed":"1 minuta"},"schema":{"@context":"https:\/\/schema.org","@graph":[{"@type":"WebPage","@id":"https:\/\/www.koupeltech.com\/index.php\/produkt\/skamol-izolacni-a-stavebni-deska-skamotec-225-40-mm-akcni-cena-54099\/","url":"https:\/\/www.koupeltech.com\/index.php\/produkt\/skamol-izolacni-a-stavebni-deska-skamotec-225-40-mm-akcni-cena-54099\/","name":"SKAMOL izola\u010dn\u00ed a stavebn\u00ed deska SKAMOTEC 225 - 40 mm Ak\u010dn\u00ed Cena -","isPartOf":{"@id":"https:\/\/www.koupeltech.com\/#website"},"primaryImageOfPage":{"@id":"https:\/\/www.koupeltech.com\/index.php\/produkt\/skamol-izolacni-a-stavebni-deska-skamotec-225-40-mm-akcni-cena-54099\/#primaryimage"},"image":{"@id":"https:\/\/www.koupeltech.com\/index.php\/produkt\/skamol-izolacni-a-stavebni-deska-skamotec-225-40-mm-akcni-cena-54099\/#primaryimage"},"thumbnailUrl":"https:\/\/www.koupeltech.com\/wp-content\/uploads\/2026\/SK0021041-CZ20260425-093449-0-1777080896-skamol-izolacni-a-stavebni-deska-skamotec-225-40-mm.webp","datePublished":"2026-04-27T14:04:00+00:00","breadcrumb":{"@id":"https:\/\/www.koupeltech.com\/index.php\/produkt\/skamol-izolacni-a-stavebni-deska-skamotec-225-40-mm-akcni-cena-54099\/#breadcrumb"},"inLanguage":"cs","potentialAction":[{"@type":"ReadAction","target":["https:\/\/www.koupeltech.com\/index.php\/produkt\/skamol-izolacni-a-stavebni-deska-skamotec-225-40-mm-akcni-cena-54099\/"]}]},{"@type":"ImageObject","inLanguage":"cs","@id":"https:\/\/www.koupeltech.com\/index.php\/produkt\/skamol-izolacni-a-stavebni-deska-skamotec-225-40-mm-akcni-cena-54099\/#primaryimage","url":"https:\/\/www.koupeltech.com\/wp-content\/uploads\/2026\/SK0021041-CZ20260425-093449-0-1777080896-skamol-izolacni-a-stavebni-deska-skamotec-225-40-mm.webp","contentUrl":"https:\/\/www.koupeltech.com\/wp-content\/uploads\/2026\/SK0021041-CZ20260425-093449-0-1777080896-skamol-izolacni-a-stavebni-deska-skamotec-225-40-mm.webp","width":1000,"height":525},{"@type":"BreadcrumbList","@id":"https:\/\/www.koupeltech.com\/index.php\/produkt\/skamol-izolacni-a-stavebni-deska-skamotec-225-40-mm-akcni-cena-54099\/#breadcrumb","itemListElement":[{"@type":"ListItem","position":1,"name":"Home","item":"https:\/\/www.koupeltech.com\/"},{"@type":"ListItem","position":2,"name":"Products","item":"https:\/\/www.koupeltech.com\/index.php\/products\/"},{"@type":"ListItem","position":3,"name":"SKAMOL izola\u010dn\u00ed a stavebn\u00ed deska SKAMOTEC 225 &#8211; 40 mm Ak\u010dn\u00ed Cena"}]},{"@type":"WebSite","@id":"https:\/\/www.koupeltech.com\/#website","url":"https:\/\/www.koupeltech.com\/","name":"","description":"","potentialAction":[{"@type":"SearchAction","target":{"@type":"EntryPoint","urlTemplate":"https:\/\/www.koupeltech.com\/?s={search_term_string}"},"query-input":{"@type":"PropertyValueSpecification","valueRequired":true,"valueName":"search_term_string"}}],"inLanguage":"cs"}]}},"_links":{"self":[{"href":"https:\/\/www.koupeltech.com\/index.php\/wp-json\/wp\/v2\/product\/54099","targetHints":{"allow":["GET"]}}],"collection":[{"href":"https:\/\/www.koupeltech.com\/index.php\/wp-json\/wp\/v2\/product"}],"about":[{"href":"https:\/\/www.koupeltech.com\/index.php\/wp-json\/wp\/v2\/types\/product"}],"replies":[{"embeddable":true,"href":"https:\/\/www.koupeltech.com\/index.php\/wp-json\/wp\/v2\/comments?post=54099"}],"wp:featuredmedia":[{"embeddable":true,"href":"https:\/\/www.koupeltech.com\/index.php\/wp-json\/wp\/v2\/media\/54199"}],"wp:attachment":[{"href":"https:\/\/www.koupeltech.com\/index.php\/wp-json\/wp\/v2\/media?parent=54099"}],"wp:term":[{"taxonomy":"product_brand","embeddable":true,"href":"https:\/\/www.koupeltech.com\/index.php\/wp-json\/wp\/v2\/product_brand?post=54099"},{"taxonomy":"product_cat","embeddable":true,"href":"https:\/\/www.koupeltech.com\/index.php\/wp-json\/wp\/v2\/product_cat?post=54099"},{"taxonomy":"product_tag","embeddable":true,"href":"https:\/\/www.koupeltech.com\/index.php\/wp-json\/wp\/v2\/product_tag?post=54099"}],"curies":[{"name":"wp","href":"https:\/\/api.w.org\/{rel}","templated":true}]}}