{"id":54103,"date":"2026-04-27T14:04:00","date_gmt":"2026-04-27T14:04:00","guid":{"rendered":""},"modified":"2026-04-27T14:04:00","modified_gmt":"2026-04-27T14:04:00","slug":"autenticky-hs-flamingo-regulator-otacek-ventilatoru-rt-10-titanium-do-zdi-54103","status":"publish","type":"product","link":"https:\/\/www.koupeltech.com\/index.php\/produkt\/autenticky-hs-flamingo-regulator-otacek-ventilatoru-rt-10-titanium-do-zdi-54103\/","title":{"rendered":"Autentick\u00fd HS Flamingo Regul\u00e1tor ot\u00e1\u010dek ventil\u00e1toru RT-10 titanium (do zdi)"},"content":{"rendered":"<div id=\"e4241654\" class=\"pages\">\n<div>\n<div id=\"PDDescription\" class=\"UserContentView userContent v1a v1 bs-view dcon dc164 PDDescription\" ><dc-con><dc-con><bs-empty><\/bs-empty><\/dc-con><dc-con>        <\/p>\n<div class=\"customDescription\">                    <\/div>\n<p><\/dc-con><dc-con><br \/>    regul\u00e1tor je ur\u010den k mont\u00e1\u017ei do zdi<\/p>\n<p>Mikroprocesorov\u00fd regul\u00e1tor ot\u00e1\u010dek RT-10 ur\u010den\u00fd k precizn\u00edmu, plynul\u00e9mu regulov\u00e1n\u00ed ot\u00e1\u010dek motoru ventil\u00e1toru k rozvodu tepl\u00e9ho vzduchu. Regul\u00e1tor udr\u017euje rychlost ot\u00e1\u010dek ventil\u00e1toru k zaru\u010den\u00ed v\u00e1mi po\u017eadovan\u00e9 teploty ve va\u0161em byt\u011b. \u00darove\u0148 chodu ventil\u00e1toru je vyobrazeno na ovl\u00e1dac\u00edm panelu.S t\u00edmto regul\u00e1torem si m\u016f\u017eete m\u011bnit v\u00fdkonnost ventil\u00e1toru od 10% do 100% v\u00fdkonu.<\/dc-con><\/dc-con><\/div>\n<div id=\"PDDescription2\" class=\"UserContentView userContent v1a v1 bs-view dcon dc165 PDDescription2\" >\n<table class='techparam_table'>\n<tr>\n<td>Nap\u011bt\u00ed<\/td>\n<td>230 V<\/td>\n<\/tr>\n<tr>\n<td>Rozsah regulace<\/td>\n<td>10 &#8211; 100 %<\/td>\n<\/tr>\n<tr>\n<td>Pojistka<\/td>\n<td>3,15 A<\/td>\n<\/tr>\n<tr>\n<td>Distributor pro \u010cR a SR<\/td>\n<td>HS Flamingo s.r.o. &#8211; www.hsflamingo.cz <\/td>\n<\/tr>\n<\/table>\n<\/div><\/div>\n<div id=\"PDTable3\" class=\"ProductDetailTableView v3a v3 bs-view dcon dc185 PDTable3\" >\n<table>\n<thead><\/thead>\n<tbody>\n<tr class=\"attribute attr_bsshop_maker\">\n<td class=\"caption\">V\u00fdrobce<\/td>\n<td class=\"value\">TATAREK<\/td>\n<\/tr>\n<\/tbody>\n<\/table>\n<\/div>\n<\/div>\n<div id=\"e4241655\" class=\"tabs\">\n","protected":false},"excerpt":{"rendered":"<p>regul\u00e1tor je ur\u010den k mont\u00e1\u017ei do zdi Mikroprocesorov\u00fd regul\u00e1tor ot\u00e1\u010dek RT-10 ur\u010den\u00fd k precizn\u00edmu, plynul\u00e9mu regulov\u00e1n\u00ed ot\u00e1\u010dek motoru ventil\u00e1toru k rozvodu tepl\u00e9ho vzduchu. Regul\u00e1tor udr\u017euje rychlost ot\u00e1\u010dek ventil\u00e1toru k zaru\u010den\u00ed v\u00e1mi po\u017eadovan\u00e9 teploty ve va\u0161em byt\u011b. \u00darove\u0148 chodu ventil\u00e1toru je vyobrazeno na ovl\u00e1dac\u00edm panelu.S t\u00edmto regul\u00e1torem si m\u016f\u017eete m\u011bnit v\u00fdkonnost ventil\u00e1toru od 10% do 100% [&hellip;]<\/p>\n","protected":false},"featured_media":54203,"comment_status":"open","ping_status":"open","template":"","meta":[],"product_brand":[],"product_cat":[103],"product_tag":[],"class_list":{"0":"post-54103","1":"product","2":"type-product","3":"status-publish","4":"has-post-thumbnail","6":"product_cat-krby-a-kamna","8":"first","9":"instock","10":"sale","11":"shipping-taxable","12":"purchasable","13":"product-type-simple"},"yoast_head":"<!-- This site is optimized with the Yoast SEO plugin v26.8 - https:\/\/yoast.com\/product\/yoast-seo-wordpress\/ -->\n<title>Autentick\u00fd HS Flamingo Regul\u00e1tor ot\u00e1\u010dek ventil\u00e1toru RT-10 titanium (do zdi) -<\/title>\n<meta name=\"robots\" content=\"index, follow, max-snippet:-1, max-image-preview:large, max-video-preview:-1\" \/>\n<link rel=\"canonical\" href=\"https:\/\/www.koupeltech.com\/index.php\/produkt\/autenticky-hs-flamingo-regulator-otacek-ventilatoru-rt-10-titanium-do-zdi-54103\/\" \/>\n<meta property=\"og:locale\" content=\"cs_CZ\" \/>\n<meta property=\"og:type\" content=\"article\" \/>\n<meta property=\"og:title\" content=\"Autentick\u00fd HS Flamingo Regul\u00e1tor ot\u00e1\u010dek ventil\u00e1toru RT-10 titanium (do zdi) -\" \/>\n<meta property=\"og:description\" content=\"regul\u00e1tor je ur\u010den k mont\u00e1\u017ei do zdi Mikroprocesorov\u00fd regul\u00e1tor ot\u00e1\u010dek RT-10 ur\u010den\u00fd k precizn\u00edmu, plynul\u00e9mu regulov\u00e1n\u00ed ot\u00e1\u010dek motoru ventil\u00e1toru k rozvodu tepl\u00e9ho vzduchu. Regul\u00e1tor udr\u017euje rychlost ot\u00e1\u010dek ventil\u00e1toru k zaru\u010den\u00ed v\u00e1mi po\u017eadovan\u00e9 teploty ve va\u0161em byt\u011b. \u00darove\u0148 chodu ventil\u00e1toru je vyobrazeno na ovl\u00e1dac\u00edm panelu.S t\u00edmto regul\u00e1torem si m\u016f\u017eete m\u011bnit v\u00fdkonnost ventil\u00e1toru od 10% do 100% [&hellip;]\" \/>\n<meta property=\"og:url\" content=\"https:\/\/www.koupeltech.com\/index.php\/produkt\/autenticky-hs-flamingo-regulator-otacek-ventilatoru-rt-10-titanium-do-zdi-54103\/\" \/>\n<meta property=\"og:image\" content=\"https:\/\/www.koupeltech.com\/wp-content\/uploads\/2026\/SK0021045-CZ20260425-093449-0-1777080896-hs-flamingo-regulator-otacek-ventilatoru-rt-10-titanium-do-.webp\" \/>\n\t<meta property=\"og:image:width\" content=\"1000\" \/>\n\t<meta property=\"og:image:height\" content=\"525\" \/>\n\t<meta property=\"og:image:type\" content=\"image\/webp\" \/>\n<meta name=\"twitter:card\" content=\"summary_large_image\" \/>\n<meta name=\"twitter:label1\" content=\"Odhadovan\u00e1 doba \u010dten\u00ed\" \/>\n\t<meta name=\"twitter:data1\" content=\"1 minuta\" \/>\n<script type=\"application\/ld+json\" class=\"yoast-schema-graph\">{\"@context\":\"https:\/\/schema.org\",\"@graph\":[{\"@type\":\"WebPage\",\"@id\":\"https:\/\/www.koupeltech.com\/index.php\/produkt\/autenticky-hs-flamingo-regulator-otacek-ventilatoru-rt-10-titanium-do-zdi-54103\/\",\"url\":\"https:\/\/www.koupeltech.com\/index.php\/produkt\/autenticky-hs-flamingo-regulator-otacek-ventilatoru-rt-10-titanium-do-zdi-54103\/\",\"name\":\"Autentick\u00fd HS Flamingo Regul\u00e1tor ot\u00e1\u010dek ventil\u00e1toru RT-10 titanium (do zdi) -\",\"isPartOf\":{\"@id\":\"https:\/\/www.koupeltech.com\/#website\"},\"primaryImageOfPage\":{\"@id\":\"https:\/\/www.koupeltech.com\/index.php\/produkt\/autenticky-hs-flamingo-regulator-otacek-ventilatoru-rt-10-titanium-do-zdi-54103\/#primaryimage\"},\"image\":{\"@id\":\"https:\/\/www.koupeltech.com\/index.php\/produkt\/autenticky-hs-flamingo-regulator-otacek-ventilatoru-rt-10-titanium-do-zdi-54103\/#primaryimage\"},\"thumbnailUrl\":\"https:\/\/www.koupeltech.com\/wp-content\/uploads\/2026\/SK0021045-CZ20260425-093449-0-1777080896-hs-flamingo-regulator-otacek-ventilatoru-rt-10-titanium-do-.webp\",\"datePublished\":\"2026-04-27T14:04:00+00:00\",\"breadcrumb\":{\"@id\":\"https:\/\/www.koupeltech.com\/index.php\/produkt\/autenticky-hs-flamingo-regulator-otacek-ventilatoru-rt-10-titanium-do-zdi-54103\/#breadcrumb\"},\"inLanguage\":\"cs\",\"potentialAction\":[{\"@type\":\"ReadAction\",\"target\":[\"https:\/\/www.koupeltech.com\/index.php\/produkt\/autenticky-hs-flamingo-regulator-otacek-ventilatoru-rt-10-titanium-do-zdi-54103\/\"]}]},{\"@type\":\"ImageObject\",\"inLanguage\":\"cs\",\"@id\":\"https:\/\/www.koupeltech.com\/index.php\/produkt\/autenticky-hs-flamingo-regulator-otacek-ventilatoru-rt-10-titanium-do-zdi-54103\/#primaryimage\",\"url\":\"https:\/\/www.koupeltech.com\/wp-content\/uploads\/2026\/SK0021045-CZ20260425-093449-0-1777080896-hs-flamingo-regulator-otacek-ventilatoru-rt-10-titanium-do-.webp\",\"contentUrl\":\"https:\/\/www.koupeltech.com\/wp-content\/uploads\/2026\/SK0021045-CZ20260425-093449-0-1777080896-hs-flamingo-regulator-otacek-ventilatoru-rt-10-titanium-do-.webp\",\"width\":1000,\"height\":525},{\"@type\":\"BreadcrumbList\",\"@id\":\"https:\/\/www.koupeltech.com\/index.php\/produkt\/autenticky-hs-flamingo-regulator-otacek-ventilatoru-rt-10-titanium-do-zdi-54103\/#breadcrumb\",\"itemListElement\":[{\"@type\":\"ListItem\",\"position\":1,\"name\":\"Home\",\"item\":\"https:\/\/www.koupeltech.com\/\"},{\"@type\":\"ListItem\",\"position\":2,\"name\":\"Products\",\"item\":\"https:\/\/www.koupeltech.com\/index.php\/products\/\"},{\"@type\":\"ListItem\",\"position\":3,\"name\":\"Autentick\u00fd HS Flamingo Regul\u00e1tor ot\u00e1\u010dek ventil\u00e1toru RT-10 titanium (do zdi)\"}]},{\"@type\":\"WebSite\",\"@id\":\"https:\/\/www.koupeltech.com\/#website\",\"url\":\"https:\/\/www.koupeltech.com\/\",\"name\":\"\",\"description\":\"\",\"potentialAction\":[{\"@type\":\"SearchAction\",\"target\":{\"@type\":\"EntryPoint\",\"urlTemplate\":\"https:\/\/www.koupeltech.com\/?s={search_term_string}\"},\"query-input\":{\"@type\":\"PropertyValueSpecification\",\"valueRequired\":true,\"valueName\":\"search_term_string\"}}],\"inLanguage\":\"cs\"}]}<\/script>\n<!-- \/ Yoast SEO plugin. -->","yoast_head_json":{"title":"Autentick\u00fd HS Flamingo Regul\u00e1tor ot\u00e1\u010dek ventil\u00e1toru RT-10 titanium (do zdi) -","robots":{"index":"index","follow":"follow","max-snippet":"max-snippet:-1","max-image-preview":"max-image-preview:large","max-video-preview":"max-video-preview:-1"},"canonical":"https:\/\/www.koupeltech.com\/index.php\/produkt\/autenticky-hs-flamingo-regulator-otacek-ventilatoru-rt-10-titanium-do-zdi-54103\/","og_locale":"cs_CZ","og_type":"article","og_title":"Autentick\u00fd HS Flamingo Regul\u00e1tor ot\u00e1\u010dek ventil\u00e1toru RT-10 titanium (do zdi) -","og_description":"regul\u00e1tor je ur\u010den k mont\u00e1\u017ei do zdi Mikroprocesorov\u00fd regul\u00e1tor ot\u00e1\u010dek RT-10 ur\u010den\u00fd k precizn\u00edmu, plynul\u00e9mu regulov\u00e1n\u00ed ot\u00e1\u010dek motoru ventil\u00e1toru k rozvodu tepl\u00e9ho vzduchu. Regul\u00e1tor udr\u017euje rychlost ot\u00e1\u010dek ventil\u00e1toru k zaru\u010den\u00ed v\u00e1mi po\u017eadovan\u00e9 teploty ve va\u0161em byt\u011b. \u00darove\u0148 chodu ventil\u00e1toru je vyobrazeno na ovl\u00e1dac\u00edm panelu.S t\u00edmto regul\u00e1torem si m\u016f\u017eete m\u011bnit v\u00fdkonnost ventil\u00e1toru od 10% do 100% [&hellip;]","og_url":"https:\/\/www.koupeltech.com\/index.php\/produkt\/autenticky-hs-flamingo-regulator-otacek-ventilatoru-rt-10-titanium-do-zdi-54103\/","og_image":[{"width":1000,"height":525,"url":"https:\/\/www.koupeltech.com\/wp-content\/uploads\/2026\/SK0021045-CZ20260425-093449-0-1777080896-hs-flamingo-regulator-otacek-ventilatoru-rt-10-titanium-do-.webp","type":"image\/webp"}],"twitter_card":"summary_large_image","twitter_misc":{"Odhadovan\u00e1 doba \u010dten\u00ed":"1 minuta"},"schema":{"@context":"https:\/\/schema.org","@graph":[{"@type":"WebPage","@id":"https:\/\/www.koupeltech.com\/index.php\/produkt\/autenticky-hs-flamingo-regulator-otacek-ventilatoru-rt-10-titanium-do-zdi-54103\/","url":"https:\/\/www.koupeltech.com\/index.php\/produkt\/autenticky-hs-flamingo-regulator-otacek-ventilatoru-rt-10-titanium-do-zdi-54103\/","name":"Autentick\u00fd HS Flamingo Regul\u00e1tor ot\u00e1\u010dek ventil\u00e1toru RT-10 titanium (do zdi) -","isPartOf":{"@id":"https:\/\/www.koupeltech.com\/#website"},"primaryImageOfPage":{"@id":"https:\/\/www.koupeltech.com\/index.php\/produkt\/autenticky-hs-flamingo-regulator-otacek-ventilatoru-rt-10-titanium-do-zdi-54103\/#primaryimage"},"image":{"@id":"https:\/\/www.koupeltech.com\/index.php\/produkt\/autenticky-hs-flamingo-regulator-otacek-ventilatoru-rt-10-titanium-do-zdi-54103\/#primaryimage"},"thumbnailUrl":"https:\/\/www.koupeltech.com\/wp-content\/uploads\/2026\/SK0021045-CZ20260425-093449-0-1777080896-hs-flamingo-regulator-otacek-ventilatoru-rt-10-titanium-do-.webp","datePublished":"2026-04-27T14:04:00+00:00","breadcrumb":{"@id":"https:\/\/www.koupeltech.com\/index.php\/produkt\/autenticky-hs-flamingo-regulator-otacek-ventilatoru-rt-10-titanium-do-zdi-54103\/#breadcrumb"},"inLanguage":"cs","potentialAction":[{"@type":"ReadAction","target":["https:\/\/www.koupeltech.com\/index.php\/produkt\/autenticky-hs-flamingo-regulator-otacek-ventilatoru-rt-10-titanium-do-zdi-54103\/"]}]},{"@type":"ImageObject","inLanguage":"cs","@id":"https:\/\/www.koupeltech.com\/index.php\/produkt\/autenticky-hs-flamingo-regulator-otacek-ventilatoru-rt-10-titanium-do-zdi-54103\/#primaryimage","url":"https:\/\/www.koupeltech.com\/wp-content\/uploads\/2026\/SK0021045-CZ20260425-093449-0-1777080896-hs-flamingo-regulator-otacek-ventilatoru-rt-10-titanium-do-.webp","contentUrl":"https:\/\/www.koupeltech.com\/wp-content\/uploads\/2026\/SK0021045-CZ20260425-093449-0-1777080896-hs-flamingo-regulator-otacek-ventilatoru-rt-10-titanium-do-.webp","width":1000,"height":525},{"@type":"BreadcrumbList","@id":"https:\/\/www.koupeltech.com\/index.php\/produkt\/autenticky-hs-flamingo-regulator-otacek-ventilatoru-rt-10-titanium-do-zdi-54103\/#breadcrumb","itemListElement":[{"@type":"ListItem","position":1,"name":"Home","item":"https:\/\/www.koupeltech.com\/"},{"@type":"ListItem","position":2,"name":"Products","item":"https:\/\/www.koupeltech.com\/index.php\/products\/"},{"@type":"ListItem","position":3,"name":"Autentick\u00fd HS Flamingo Regul\u00e1tor ot\u00e1\u010dek ventil\u00e1toru RT-10 titanium (do zdi)"}]},{"@type":"WebSite","@id":"https:\/\/www.koupeltech.com\/#website","url":"https:\/\/www.koupeltech.com\/","name":"","description":"","potentialAction":[{"@type":"SearchAction","target":{"@type":"EntryPoint","urlTemplate":"https:\/\/www.koupeltech.com\/?s={search_term_string}"},"query-input":{"@type":"PropertyValueSpecification","valueRequired":true,"valueName":"search_term_string"}}],"inLanguage":"cs"}]}},"_links":{"self":[{"href":"https:\/\/www.koupeltech.com\/index.php\/wp-json\/wp\/v2\/product\/54103","targetHints":{"allow":["GET"]}}],"collection":[{"href":"https:\/\/www.koupeltech.com\/index.php\/wp-json\/wp\/v2\/product"}],"about":[{"href":"https:\/\/www.koupeltech.com\/index.php\/wp-json\/wp\/v2\/types\/product"}],"replies":[{"embeddable":true,"href":"https:\/\/www.koupeltech.com\/index.php\/wp-json\/wp\/v2\/comments?post=54103"}],"wp:featuredmedia":[{"embeddable":true,"href":"https:\/\/www.koupeltech.com\/index.php\/wp-json\/wp\/v2\/media\/54203"}],"wp:attachment":[{"href":"https:\/\/www.koupeltech.com\/index.php\/wp-json\/wp\/v2\/media?parent=54103"}],"wp:term":[{"taxonomy":"product_brand","embeddable":true,"href":"https:\/\/www.koupeltech.com\/index.php\/wp-json\/wp\/v2\/product_brand?post=54103"},{"taxonomy":"product_cat","embeddable":true,"href":"https:\/\/www.koupeltech.com\/index.php\/wp-json\/wp\/v2\/product_cat?post=54103"},{"taxonomy":"product_tag","embeddable":true,"href":"https:\/\/www.koupeltech.com\/index.php\/wp-json\/wp\/v2\/product_tag?post=54103"}],"curies":[{"name":"wp","href":"https:\/\/api.w.org\/{rel}","templated":true}]}}