{"id":54132,"date":"2026-04-27T14:04:00","date_gmt":"2026-04-27T14:04:00","guid":{"rendered":""},"modified":"2026-04-27T14:04:00","modified_gmt":"2026-04-27T14:04:00","slug":"vyprodej-mosaz-hadicnik-3-4-quot-x-14-mm-s-matici-rohovy-54132","status":"publish","type":"product","link":"https:\/\/www.koupeltech.com\/index.php\/produkt\/vyprodej-mosaz-hadicnik-3-4-quot-x-14-mm-s-matici-rohovy-54132\/","title":{"rendered":"V\u00fdprodej Mosaz hadi\u010dn\u00edk 3\/4&quot; x 14 mm s matic\u00ed, rohov\u00fd"},"content":{"rendered":"<div id=\"e4669527\" class=\"pages\">\n<div>\n<div id=\"PDDescription\" class=\"UserContentView userContent v1a v1 bs-view dcon dc164 PDDescription\" ><dc-con><dc-con><bs-empty><\/bs-empty><\/dc-con><dc-con>        <\/p>\n<div class=\"customDescription\">                    <\/div>\n<p><\/dc-con><dc-con><\/p>\n<div>Rohov\u00fd hadi\u010dn\u00edk s matic\u00ed slou\u017e\u00ed jako z\u00e1vitov\u00e1 mosazn\u00e1 tvarovka pro rozvody vody a topen\u00ed, ke spojen\u00ed pevn\u00e9ho z\u00e1vitu s hadic\u00ed. Li\u0161\u00ed se velikost\u00ed p\u0159ipojovac\u00edho z\u00e1vitu a tak\u00e9 t\u00edm, jestli se jedn\u00e1 o vn\u011bj\u0161\u00ed \u010di vnit\u0159n\u00ed z\u00e1vit.<\/div>\n<table class='techparam_table'>\n<tr>\n<td>Typ<\/td>\n<td>Hadi\u010dn\u00edk<\/td>\n<\/tr>\n<tr>\n<td>Pr\u016fm\u011br<\/td>\n<td>14 mm<\/td>\n<\/tr>\n<tr>\n<td>T\u011bsn\u011bn\u00ed<\/td>\n<td>EPDM<\/td>\n<\/tr>\n<tr>\n<td>Materi\u00e1l<\/td>\n<td>Mosaz<\/td>\n<\/tr>\n<tr>\n<td>Velikost<\/td>\n<td>F 3\/4&#8243;<\/td>\n<\/tr>\n<tr>\n<td>Proveden\u00ed<\/td>\n<td>Rohov\u00e9<\/td>\n<\/tr>\n<tr>\n<td>Provozn\u00ed tlak<\/td>\n<td>max. 10 bar<\/td>\n<\/tr>\n<tr>\n<td>Provozn\u00ed teplota<\/td>\n<td>max. +95\u00b0 C<\/td>\n<\/tr>\n<\/table>\n<p><\/dc-con><\/dc-con><\/div>\n<\/p><\/div>\n<div id=\"ProductMedia\" class=\"ProductMediaView MediaViewBase v1a v1 bs-view dcon dc409 ProductMedia\" ><bs-empty><\/bs-empty><\/p>\n<div class=\"files\">\n<div class=\"title sub\">Soubory<\/div>\n<p><a href=\"\/media\/8535\/t-150-027-zp208-technicky-list.pdf?&amp;key=ZGpmIyQwNUZfODUzNQ==\" class=\"pdf\">T_150_027_ZP208_technicky_list.pdf<\/a><a href=\"\/media\/42663\/x6756482ee6ac7-t-150-027-zp208-technicky-list-pdf-2023-11-10-08-36-33.pdf?&amp;key=ZGpmIyQwNUZfNDI2NjM=\" class=\"pdf\">x6756482ee6ac7-t-150-027-zp208-technicky-list-pdf-2023-11-10-08-36-33.pdf<\/a><\/div>\n<p><bs-empty><\/bs-empty><\/div>\n<\/div>\n<div id=\"e4669528\" class=\"tabs\">\n","protected":false},"excerpt":{"rendered":"<p>Rohov\u00fd hadi\u010dn\u00edk s matic\u00ed slou\u017e\u00ed jako z\u00e1vitov\u00e1 mosazn\u00e1 tvarovka pro rozvody vody a topen\u00ed, ke spojen\u00ed pevn\u00e9ho z\u00e1vitu s hadic\u00ed. Li\u0161\u00ed se velikost\u00ed p\u0159ipojovac\u00edho z\u00e1vitu a tak\u00e9 t\u00edm, jestli se jedn\u00e1 o vn\u011bj\u0161\u00ed \u010di vnit\u0159n\u00ed z\u00e1vit. Typ Hadi\u010dn\u00edk Pr\u016fm\u011br 14 mm T\u011bsn\u011bn\u00ed EPDM Materi\u00e1l Mosaz Velikost F 3\/4&#8243; Proveden\u00ed Rohov\u00e9 Provozn\u00ed tlak max. 10 bar [&hellip;]<\/p>\n","protected":false},"featured_media":54232,"comment_status":"open","ping_status":"open","template":"","meta":[],"product_brand":[],"product_cat":[95],"product_tag":[],"class_list":{"0":"post-54132","1":"product","2":"type-product","3":"status-publish","4":"has-post-thumbnail","6":"product_cat-pochutiny-dum-a-zahrada","8":"first","9":"instock","10":"sale","11":"shipping-taxable","12":"purchasable","13":"product-type-simple"},"yoast_head":"<!-- This site is optimized with the Yoast SEO plugin v26.8 - https:\/\/yoast.com\/product\/yoast-seo-wordpress\/ -->\n<title>V\u00fdprodej Mosaz hadi\u010dn\u00edk 3\/4&quot; x 14 mm s matic\u00ed, rohov\u00fd -<\/title>\n<meta name=\"robots\" content=\"index, follow, max-snippet:-1, max-image-preview:large, max-video-preview:-1\" \/>\n<link rel=\"canonical\" href=\"https:\/\/www.koupeltech.com\/index.php\/produkt\/vyprodej-mosaz-hadicnik-3-4-quot-x-14-mm-s-matici-rohovy-54132\/\" \/>\n<meta property=\"og:locale\" content=\"cs_CZ\" \/>\n<meta property=\"og:type\" content=\"article\" \/>\n<meta property=\"og:title\" content=\"V\u00fdprodej Mosaz hadi\u010dn\u00edk 3\/4&quot; x 14 mm s matic\u00ed, rohov\u00fd -\" \/>\n<meta property=\"og:description\" content=\"Rohov\u00fd hadi\u010dn\u00edk s matic\u00ed slou\u017e\u00ed jako z\u00e1vitov\u00e1 mosazn\u00e1 tvarovka pro rozvody vody a topen\u00ed, ke spojen\u00ed pevn\u00e9ho z\u00e1vitu s hadic\u00ed. Li\u0161\u00ed se velikost\u00ed p\u0159ipojovac\u00edho z\u00e1vitu a tak\u00e9 t\u00edm, jestli se jedn\u00e1 o vn\u011bj\u0161\u00ed \u010di vnit\u0159n\u00ed z\u00e1vit. Typ Hadi\u010dn\u00edk Pr\u016fm\u011br 14 mm T\u011bsn\u011bn\u00ed EPDM Materi\u00e1l Mosaz Velikost F 3\/4&#8243; Proveden\u00ed Rohov\u00e9 Provozn\u00ed tlak max. 10 bar [&hellip;]\" \/>\n<meta property=\"og:url\" content=\"https:\/\/www.koupeltech.com\/index.php\/produkt\/vyprodej-mosaz-hadicnik-3-4-quot-x-14-mm-s-matici-rohovy-54132\/\" \/>\n<meta property=\"og:image\" content=\"https:\/\/www.koupeltech.com\/wp-content\/uploads\/2026\/SK0021076-CZ20260425-093449-0-1777080896-mosaz-hadicnik-3-4-x-14-mm-s-matici-rohovy.webp\" \/>\n\t<meta property=\"og:image:width\" content=\"1000\" \/>\n\t<meta property=\"og:image:height\" content=\"525\" \/>\n\t<meta property=\"og:image:type\" content=\"image\/webp\" \/>\n<meta name=\"twitter:card\" content=\"summary_large_image\" \/>\n<script type=\"application\/ld+json\" class=\"yoast-schema-graph\">{\"@context\":\"https:\/\/schema.org\",\"@graph\":[{\"@type\":\"WebPage\",\"@id\":\"https:\/\/www.koupeltech.com\/index.php\/produkt\/vyprodej-mosaz-hadicnik-3-4-quot-x-14-mm-s-matici-rohovy-54132\/\",\"url\":\"https:\/\/www.koupeltech.com\/index.php\/produkt\/vyprodej-mosaz-hadicnik-3-4-quot-x-14-mm-s-matici-rohovy-54132\/\",\"name\":\"V\u00fdprodej Mosaz hadi\u010dn\u00edk 3\/4&quot; x 14 mm s matic\u00ed, rohov\u00fd -\",\"isPartOf\":{\"@id\":\"https:\/\/www.koupeltech.com\/#website\"},\"primaryImageOfPage\":{\"@id\":\"https:\/\/www.koupeltech.com\/index.php\/produkt\/vyprodej-mosaz-hadicnik-3-4-quot-x-14-mm-s-matici-rohovy-54132\/#primaryimage\"},\"image\":{\"@id\":\"https:\/\/www.koupeltech.com\/index.php\/produkt\/vyprodej-mosaz-hadicnik-3-4-quot-x-14-mm-s-matici-rohovy-54132\/#primaryimage\"},\"thumbnailUrl\":\"https:\/\/www.koupeltech.com\/wp-content\/uploads\/2026\/SK0021076-CZ20260425-093449-0-1777080896-mosaz-hadicnik-3-4-x-14-mm-s-matici-rohovy.webp\",\"datePublished\":\"2026-04-27T14:04:00+00:00\",\"breadcrumb\":{\"@id\":\"https:\/\/www.koupeltech.com\/index.php\/produkt\/vyprodej-mosaz-hadicnik-3-4-quot-x-14-mm-s-matici-rohovy-54132\/#breadcrumb\"},\"inLanguage\":\"cs\",\"potentialAction\":[{\"@type\":\"ReadAction\",\"target\":[\"https:\/\/www.koupeltech.com\/index.php\/produkt\/vyprodej-mosaz-hadicnik-3-4-quot-x-14-mm-s-matici-rohovy-54132\/\"]}]},{\"@type\":\"ImageObject\",\"inLanguage\":\"cs\",\"@id\":\"https:\/\/www.koupeltech.com\/index.php\/produkt\/vyprodej-mosaz-hadicnik-3-4-quot-x-14-mm-s-matici-rohovy-54132\/#primaryimage\",\"url\":\"https:\/\/www.koupeltech.com\/wp-content\/uploads\/2026\/SK0021076-CZ20260425-093449-0-1777080896-mosaz-hadicnik-3-4-x-14-mm-s-matici-rohovy.webp\",\"contentUrl\":\"https:\/\/www.koupeltech.com\/wp-content\/uploads\/2026\/SK0021076-CZ20260425-093449-0-1777080896-mosaz-hadicnik-3-4-x-14-mm-s-matici-rohovy.webp\",\"width\":1000,\"height\":525},{\"@type\":\"BreadcrumbList\",\"@id\":\"https:\/\/www.koupeltech.com\/index.php\/produkt\/vyprodej-mosaz-hadicnik-3-4-quot-x-14-mm-s-matici-rohovy-54132\/#breadcrumb\",\"itemListElement\":[{\"@type\":\"ListItem\",\"position\":1,\"name\":\"Home\",\"item\":\"https:\/\/www.koupeltech.com\/\"},{\"@type\":\"ListItem\",\"position\":2,\"name\":\"Products\",\"item\":\"https:\/\/www.koupeltech.com\/index.php\/products\/\"},{\"@type\":\"ListItem\",\"position\":3,\"name\":\"V\u00fdprodej Mosaz hadi\u010dn\u00edk 3\/4&quot; x 14 mm s matic\u00ed, rohov\u00fd\"}]},{\"@type\":\"WebSite\",\"@id\":\"https:\/\/www.koupeltech.com\/#website\",\"url\":\"https:\/\/www.koupeltech.com\/\",\"name\":\"\",\"description\":\"\",\"potentialAction\":[{\"@type\":\"SearchAction\",\"target\":{\"@type\":\"EntryPoint\",\"urlTemplate\":\"https:\/\/www.koupeltech.com\/?s={search_term_string}\"},\"query-input\":{\"@type\":\"PropertyValueSpecification\",\"valueRequired\":true,\"valueName\":\"search_term_string\"}}],\"inLanguage\":\"cs\"}]}<\/script>\n<!-- \/ Yoast SEO plugin. -->","yoast_head_json":{"title":"V\u00fdprodej Mosaz hadi\u010dn\u00edk 3\/4&quot; x 14 mm s matic\u00ed, rohov\u00fd -","robots":{"index":"index","follow":"follow","max-snippet":"max-snippet:-1","max-image-preview":"max-image-preview:large","max-video-preview":"max-video-preview:-1"},"canonical":"https:\/\/www.koupeltech.com\/index.php\/produkt\/vyprodej-mosaz-hadicnik-3-4-quot-x-14-mm-s-matici-rohovy-54132\/","og_locale":"cs_CZ","og_type":"article","og_title":"V\u00fdprodej Mosaz hadi\u010dn\u00edk 3\/4&quot; x 14 mm s matic\u00ed, rohov\u00fd -","og_description":"Rohov\u00fd hadi\u010dn\u00edk s matic\u00ed slou\u017e\u00ed jako z\u00e1vitov\u00e1 mosazn\u00e1 tvarovka pro rozvody vody a topen\u00ed, ke spojen\u00ed pevn\u00e9ho z\u00e1vitu s hadic\u00ed. Li\u0161\u00ed se velikost\u00ed p\u0159ipojovac\u00edho z\u00e1vitu a tak\u00e9 t\u00edm, jestli se jedn\u00e1 o vn\u011bj\u0161\u00ed \u010di vnit\u0159n\u00ed z\u00e1vit. Typ Hadi\u010dn\u00edk Pr\u016fm\u011br 14 mm T\u011bsn\u011bn\u00ed EPDM Materi\u00e1l Mosaz Velikost F 3\/4&#8243; Proveden\u00ed Rohov\u00e9 Provozn\u00ed tlak max. 10 bar [&hellip;]","og_url":"https:\/\/www.koupeltech.com\/index.php\/produkt\/vyprodej-mosaz-hadicnik-3-4-quot-x-14-mm-s-matici-rohovy-54132\/","og_image":[{"width":1000,"height":525,"url":"https:\/\/www.koupeltech.com\/wp-content\/uploads\/2026\/SK0021076-CZ20260425-093449-0-1777080896-mosaz-hadicnik-3-4-x-14-mm-s-matici-rohovy.webp","type":"image\/webp"}],"twitter_card":"summary_large_image","schema":{"@context":"https:\/\/schema.org","@graph":[{"@type":"WebPage","@id":"https:\/\/www.koupeltech.com\/index.php\/produkt\/vyprodej-mosaz-hadicnik-3-4-quot-x-14-mm-s-matici-rohovy-54132\/","url":"https:\/\/www.koupeltech.com\/index.php\/produkt\/vyprodej-mosaz-hadicnik-3-4-quot-x-14-mm-s-matici-rohovy-54132\/","name":"V\u00fdprodej Mosaz hadi\u010dn\u00edk 3\/4&quot; x 14 mm s matic\u00ed, rohov\u00fd -","isPartOf":{"@id":"https:\/\/www.koupeltech.com\/#website"},"primaryImageOfPage":{"@id":"https:\/\/www.koupeltech.com\/index.php\/produkt\/vyprodej-mosaz-hadicnik-3-4-quot-x-14-mm-s-matici-rohovy-54132\/#primaryimage"},"image":{"@id":"https:\/\/www.koupeltech.com\/index.php\/produkt\/vyprodej-mosaz-hadicnik-3-4-quot-x-14-mm-s-matici-rohovy-54132\/#primaryimage"},"thumbnailUrl":"https:\/\/www.koupeltech.com\/wp-content\/uploads\/2026\/SK0021076-CZ20260425-093449-0-1777080896-mosaz-hadicnik-3-4-x-14-mm-s-matici-rohovy.webp","datePublished":"2026-04-27T14:04:00+00:00","breadcrumb":{"@id":"https:\/\/www.koupeltech.com\/index.php\/produkt\/vyprodej-mosaz-hadicnik-3-4-quot-x-14-mm-s-matici-rohovy-54132\/#breadcrumb"},"inLanguage":"cs","potentialAction":[{"@type":"ReadAction","target":["https:\/\/www.koupeltech.com\/index.php\/produkt\/vyprodej-mosaz-hadicnik-3-4-quot-x-14-mm-s-matici-rohovy-54132\/"]}]},{"@type":"ImageObject","inLanguage":"cs","@id":"https:\/\/www.koupeltech.com\/index.php\/produkt\/vyprodej-mosaz-hadicnik-3-4-quot-x-14-mm-s-matici-rohovy-54132\/#primaryimage","url":"https:\/\/www.koupeltech.com\/wp-content\/uploads\/2026\/SK0021076-CZ20260425-093449-0-1777080896-mosaz-hadicnik-3-4-x-14-mm-s-matici-rohovy.webp","contentUrl":"https:\/\/www.koupeltech.com\/wp-content\/uploads\/2026\/SK0021076-CZ20260425-093449-0-1777080896-mosaz-hadicnik-3-4-x-14-mm-s-matici-rohovy.webp","width":1000,"height":525},{"@type":"BreadcrumbList","@id":"https:\/\/www.koupeltech.com\/index.php\/produkt\/vyprodej-mosaz-hadicnik-3-4-quot-x-14-mm-s-matici-rohovy-54132\/#breadcrumb","itemListElement":[{"@type":"ListItem","position":1,"name":"Home","item":"https:\/\/www.koupeltech.com\/"},{"@type":"ListItem","position":2,"name":"Products","item":"https:\/\/www.koupeltech.com\/index.php\/products\/"},{"@type":"ListItem","position":3,"name":"V\u00fdprodej Mosaz hadi\u010dn\u00edk 3\/4&quot; x 14 mm s matic\u00ed, rohov\u00fd"}]},{"@type":"WebSite","@id":"https:\/\/www.koupeltech.com\/#website","url":"https:\/\/www.koupeltech.com\/","name":"","description":"","potentialAction":[{"@type":"SearchAction","target":{"@type":"EntryPoint","urlTemplate":"https:\/\/www.koupeltech.com\/?s={search_term_string}"},"query-input":{"@type":"PropertyValueSpecification","valueRequired":true,"valueName":"search_term_string"}}],"inLanguage":"cs"}]}},"_links":{"self":[{"href":"https:\/\/www.koupeltech.com\/index.php\/wp-json\/wp\/v2\/product\/54132","targetHints":{"allow":["GET"]}}],"collection":[{"href":"https:\/\/www.koupeltech.com\/index.php\/wp-json\/wp\/v2\/product"}],"about":[{"href":"https:\/\/www.koupeltech.com\/index.php\/wp-json\/wp\/v2\/types\/product"}],"replies":[{"embeddable":true,"href":"https:\/\/www.koupeltech.com\/index.php\/wp-json\/wp\/v2\/comments?post=54132"}],"wp:featuredmedia":[{"embeddable":true,"href":"https:\/\/www.koupeltech.com\/index.php\/wp-json\/wp\/v2\/media\/54232"}],"wp:attachment":[{"href":"https:\/\/www.koupeltech.com\/index.php\/wp-json\/wp\/v2\/media?parent=54132"}],"wp:term":[{"taxonomy":"product_brand","embeddable":true,"href":"https:\/\/www.koupeltech.com\/index.php\/wp-json\/wp\/v2\/product_brand?post=54132"},{"taxonomy":"product_cat","embeddable":true,"href":"https:\/\/www.koupeltech.com\/index.php\/wp-json\/wp\/v2\/product_cat?post=54132"},{"taxonomy":"product_tag","embeddable":true,"href":"https:\/\/www.koupeltech.com\/index.php\/wp-json\/wp\/v2\/product_tag?post=54132"}],"curies":[{"name":"wp","href":"https:\/\/api.w.org\/{rel}","templated":true}]}}