{"id":54183,"date":"2026-04-27T14:04:00","date_gmt":"2026-04-27T14:04:00","guid":{"rendered":""},"modified":"2026-04-27T14:04:00","modified_gmt":"2026-04-27T14:04:00","slug":"omezena-nabidka-kohout-zahradni-pro-hadici-voda-3-8-quot-54183","status":"publish","type":"product","link":"https:\/\/www.koupeltech.com\/index.php\/produkt\/omezena-nabidka-kohout-zahradni-pro-hadici-voda-3-8-quot-54183\/","title":{"rendered":"Omezen\u00e1 Nab\u00eddka Kohout zahradn\u00ed pro hadici, voda, 3\/8&quot;"},"content":{"rendered":"<div id=\"e4690429\" class=\"pages\">\n<div>\n<div id=\"PDDescription\" class=\"UserContentView userContent v1a v1 bs-view dcon dc164 PDDescription\" ><dc-con><dc-con><bs-empty><\/bs-empty><\/dc-con><dc-con>        <\/p>\n<div class=\"customDescription\">                    <\/div>\n<p><\/dc-con><dc-con><\/p>\n<div>Zahradn\u00ed kohout v proveden\u00ed s p\u00e1kou je vyroben z vysoce kvalitn\u00ed poniklovan\u00e9 mosazi s vn\u011bj\u0161\u00edm z\u00e1vitem podle evropsk\u00fdch standard\u016f ISO 228 a pou\u017e\u00edv\u00e1 se jako uzav\u00edrac\u00ed armatura v rozvodech tepl\u00e9 a studen\u00e9 vody zejm\u00e9na v zahradnictv\u00ed s maxim\u00e1ln\u00edm provozn\u00edm tlakem 16 bar a maxim\u00e1ln\u00ed provozn\u00ed teplotou 110 \u00b0C. Ke kohoutu lze p\u0159ipojit zahradn\u00ed hadice. T\u011bsn\u011bn\u00ed koule je teflonov\u00e9.<\/div>\n<table class='techparam_table'>\n<tr>\n<td>Typ<\/td>\n<td>P\u00e1kov\u00e9<\/td>\n<\/tr>\n<tr>\n<td>Materi\u00e1l<\/td>\n<td>Niklovan\u00e1 mosaz<\/td>\n<\/tr>\n<tr>\n<td>Velikost<\/td>\n<td>3\/8&#8243;<\/td>\n<\/tr>\n<tr>\n<td>Proveden\u00ed<\/td>\n<td>Voda<\/td>\n<\/tr>\n<tr>\n<td>Provozn\u00ed tlak<\/td>\n<td>max. 10 bar<\/td>\n<\/tr>\n<tr>\n<td>Provozn\u00ed teplota<\/td>\n<td>a\u017e +110\u00b0C<\/td>\n<\/tr>\n<\/table>\n<p><\/dc-con><\/dc-con><\/div>\n<\/p><\/div>\n<div id=\"PDTable3\" class=\"ProductDetailTableView v3a v3 bs-view dcon dc185 PDTable3\" >\n<table>\n<thead><\/thead>\n<tbody>\n<tr class=\"attribute attr_bsshop_maker\">\n<td class=\"caption\">V\u00fdrobce<\/td>\n<td class=\"value\">Mereo<\/td>\n<\/tr>\n<\/tbody>\n<\/table>\n<\/div>\n<div id=\"ProductMedia\" class=\"ProductMediaView MediaViewBase v1a v1 bs-view dcon dc409 ProductMedia\" ><bs-empty><\/bs-empty><\/p>\n<div class=\"files\">\n<div class=\"title sub\">Soubory<\/div>\n<p><a href=\"\/media\/8516\/t-220-004-cr1-technicky-list.pdf?&amp;key=ZGpmIyQwNUZfODUxNg==\" class=\"pdf\">T_220_004_CR1_technicky_list.pdf<\/a><a href=\"\/media\/42630\/n6756482aa32cd-t-220-004-cr1-technicky-list-pdf-2023-11-10-08-36-34.pdf?&amp;key=ZGpmIyQwNUZfNDI2MzA=\" class=\"pdf\">n6756482aa32cd-t-220-004-cr1-technicky-list-pdf-2023-11-10-08-36-34.pdf<\/a><\/div>\n<p><bs-empty><\/bs-empty><\/div>\n<div id=\"PdProductGpsr\" class=\"ProductGpsrView v1a v1 bs-view dcon dc217 PdProductGpsr\" >\n<div class=\"subject\"><dc-root class=\"dcon dc219\"><span class=\"title\">Zodpov\u011bdn&#253; subjekt:<\/span><dc-con><dc-con><span class=\"company\">MSO Trade a.s.<\/span><span class=\"name\">MSO Trade<\/span><\/dc-con><dc-con><span class=\"street\">Svatoborsk&#225; 1431\/87c<\/span><span class=\"city\">Kyjov<\/span><span class=\"zip\">697 01<\/span><span class=\"country\">\u010cesko<\/span><\/dc-con><span class=\"email\">objednavky@msotrade.cz<\/span><span class=\"phone\">518 398 831<\/span><bs-empty><\/bs-empty><a href=\"https:\/\/www.msotrade.cz\/kontakt\/\" class=\"link\" target=\"_blank\">https:\/\/www.msotrade.cz\/kontakt\/<\/a><\/dc-con><bs-empty><\/bs-empty><\/dc-root><\/div>\n<p><bs-empty><\/bs-empty><\/div>\n<\/div>\n<div id=\"e4690430\" class=\"tabs\">\n","protected":false},"excerpt":{"rendered":"<p>Zahradn\u00ed kohout v proveden\u00ed s p\u00e1kou je vyroben z vysoce kvalitn\u00ed poniklovan\u00e9 mosazi s vn\u011bj\u0161\u00edm z\u00e1vitem podle evropsk\u00fdch standard\u016f ISO 228 a pou\u017e\u00edv\u00e1 se jako uzav\u00edrac\u00ed armatura v rozvodech tepl\u00e9 a studen\u00e9 vody zejm\u00e9na v zahradnictv\u00ed s maxim\u00e1ln\u00edm provozn\u00edm tlakem 16 bar a maxim\u00e1ln\u00ed provozn\u00ed teplotou 110 \u00b0C. Ke kohoutu lze p\u0159ipojit zahradn\u00ed hadice. T\u011bsn\u011bn\u00ed [&hellip;]<\/p>\n","protected":false},"featured_media":54283,"comment_status":"open","ping_status":"open","template":"","meta":[],"product_brand":[],"product_cat":[97],"product_tag":[],"class_list":{"0":"post-54183","1":"product","2":"type-product","3":"status-publish","4":"has-post-thumbnail","6":"product_cat-armatury","8":"first","9":"instock","10":"sale","11":"shipping-taxable","12":"purchasable","13":"product-type-simple"},"yoast_head":"<!-- This site is optimized with the Yoast SEO plugin v26.8 - https:\/\/yoast.com\/product\/yoast-seo-wordpress\/ -->\n<title>Omezen\u00e1 Nab\u00eddka Kohout zahradn\u00ed pro hadici, voda, 3\/8&quot; -<\/title>\n<meta name=\"robots\" content=\"index, follow, max-snippet:-1, max-image-preview:large, max-video-preview:-1\" \/>\n<link rel=\"canonical\" href=\"https:\/\/www.koupeltech.com\/index.php\/produkt\/omezena-nabidka-kohout-zahradni-pro-hadici-voda-3-8-quot-54183\/\" \/>\n<meta property=\"og:locale\" content=\"cs_CZ\" \/>\n<meta property=\"og:type\" content=\"article\" \/>\n<meta property=\"og:title\" content=\"Omezen\u00e1 Nab\u00eddka Kohout zahradn\u00ed pro hadici, voda, 3\/8&quot; -\" \/>\n<meta property=\"og:description\" content=\"Zahradn\u00ed kohout v proveden\u00ed s p\u00e1kou je vyroben z vysoce kvalitn\u00ed poniklovan\u00e9 mosazi s vn\u011bj\u0161\u00edm z\u00e1vitem podle evropsk\u00fdch standard\u016f ISO 228 a pou\u017e\u00edv\u00e1 se jako uzav\u00edrac\u00ed armatura v rozvodech tepl\u00e9 a studen\u00e9 vody zejm\u00e9na v zahradnictv\u00ed s maxim\u00e1ln\u00edm provozn\u00edm tlakem 16 bar a maxim\u00e1ln\u00ed provozn\u00ed teplotou 110 \u00b0C. Ke kohoutu lze p\u0159ipojit zahradn\u00ed hadice. T\u011bsn\u011bn\u00ed [&hellip;]\" \/>\n<meta property=\"og:url\" content=\"https:\/\/www.koupeltech.com\/index.php\/produkt\/omezena-nabidka-kohout-zahradni-pro-hadici-voda-3-8-quot-54183\/\" \/>\n<meta property=\"og:image\" content=\"https:\/\/www.koupeltech.com\/wp-content\/uploads\/2026\/SK0021127-CZ20260425-093449-0-1777080896-kohout-zahradni-pro-hadici-voda-3-8.webp\" \/>\n\t<meta property=\"og:image:width\" content=\"1000\" \/>\n\t<meta property=\"og:image:height\" content=\"525\" \/>\n\t<meta property=\"og:image:type\" content=\"image\/webp\" \/>\n<meta name=\"twitter:card\" content=\"summary_large_image\" \/>\n<meta name=\"twitter:label1\" content=\"Odhadovan\u00e1 doba \u010dten\u00ed\" \/>\n\t<meta name=\"twitter:data1\" content=\"1 minuta\" \/>\n<script type=\"application\/ld+json\" class=\"yoast-schema-graph\">{\"@context\":\"https:\/\/schema.org\",\"@graph\":[{\"@type\":\"WebPage\",\"@id\":\"https:\/\/www.koupeltech.com\/index.php\/produkt\/omezena-nabidka-kohout-zahradni-pro-hadici-voda-3-8-quot-54183\/\",\"url\":\"https:\/\/www.koupeltech.com\/index.php\/produkt\/omezena-nabidka-kohout-zahradni-pro-hadici-voda-3-8-quot-54183\/\",\"name\":\"Omezen\u00e1 Nab\u00eddka Kohout zahradn\u00ed pro hadici, voda, 3\/8&quot; -\",\"isPartOf\":{\"@id\":\"https:\/\/www.koupeltech.com\/#website\"},\"primaryImageOfPage\":{\"@id\":\"https:\/\/www.koupeltech.com\/index.php\/produkt\/omezena-nabidka-kohout-zahradni-pro-hadici-voda-3-8-quot-54183\/#primaryimage\"},\"image\":{\"@id\":\"https:\/\/www.koupeltech.com\/index.php\/produkt\/omezena-nabidka-kohout-zahradni-pro-hadici-voda-3-8-quot-54183\/#primaryimage\"},\"thumbnailUrl\":\"https:\/\/www.koupeltech.com\/wp-content\/uploads\/2026\/SK0021127-CZ20260425-093449-0-1777080896-kohout-zahradni-pro-hadici-voda-3-8.webp\",\"datePublished\":\"2026-04-27T14:04:00+00:00\",\"breadcrumb\":{\"@id\":\"https:\/\/www.koupeltech.com\/index.php\/produkt\/omezena-nabidka-kohout-zahradni-pro-hadici-voda-3-8-quot-54183\/#breadcrumb\"},\"inLanguage\":\"cs\",\"potentialAction\":[{\"@type\":\"ReadAction\",\"target\":[\"https:\/\/www.koupeltech.com\/index.php\/produkt\/omezena-nabidka-kohout-zahradni-pro-hadici-voda-3-8-quot-54183\/\"]}]},{\"@type\":\"ImageObject\",\"inLanguage\":\"cs\",\"@id\":\"https:\/\/www.koupeltech.com\/index.php\/produkt\/omezena-nabidka-kohout-zahradni-pro-hadici-voda-3-8-quot-54183\/#primaryimage\",\"url\":\"https:\/\/www.koupeltech.com\/wp-content\/uploads\/2026\/SK0021127-CZ20260425-093449-0-1777080896-kohout-zahradni-pro-hadici-voda-3-8.webp\",\"contentUrl\":\"https:\/\/www.koupeltech.com\/wp-content\/uploads\/2026\/SK0021127-CZ20260425-093449-0-1777080896-kohout-zahradni-pro-hadici-voda-3-8.webp\",\"width\":1000,\"height\":525},{\"@type\":\"BreadcrumbList\",\"@id\":\"https:\/\/www.koupeltech.com\/index.php\/produkt\/omezena-nabidka-kohout-zahradni-pro-hadici-voda-3-8-quot-54183\/#breadcrumb\",\"itemListElement\":[{\"@type\":\"ListItem\",\"position\":1,\"name\":\"Home\",\"item\":\"https:\/\/www.koupeltech.com\/\"},{\"@type\":\"ListItem\",\"position\":2,\"name\":\"Products\",\"item\":\"https:\/\/www.koupeltech.com\/index.php\/products\/\"},{\"@type\":\"ListItem\",\"position\":3,\"name\":\"Omezen\u00e1 Nab\u00eddka Kohout zahradn\u00ed pro hadici, voda, 3\/8&quot;\"}]},{\"@type\":\"WebSite\",\"@id\":\"https:\/\/www.koupeltech.com\/#website\",\"url\":\"https:\/\/www.koupeltech.com\/\",\"name\":\"\",\"description\":\"\",\"potentialAction\":[{\"@type\":\"SearchAction\",\"target\":{\"@type\":\"EntryPoint\",\"urlTemplate\":\"https:\/\/www.koupeltech.com\/?s={search_term_string}\"},\"query-input\":{\"@type\":\"PropertyValueSpecification\",\"valueRequired\":true,\"valueName\":\"search_term_string\"}}],\"inLanguage\":\"cs\"}]}<\/script>\n<!-- \/ Yoast SEO plugin. -->","yoast_head_json":{"title":"Omezen\u00e1 Nab\u00eddka Kohout zahradn\u00ed pro hadici, voda, 3\/8&quot; -","robots":{"index":"index","follow":"follow","max-snippet":"max-snippet:-1","max-image-preview":"max-image-preview:large","max-video-preview":"max-video-preview:-1"},"canonical":"https:\/\/www.koupeltech.com\/index.php\/produkt\/omezena-nabidka-kohout-zahradni-pro-hadici-voda-3-8-quot-54183\/","og_locale":"cs_CZ","og_type":"article","og_title":"Omezen\u00e1 Nab\u00eddka Kohout zahradn\u00ed pro hadici, voda, 3\/8&quot; -","og_description":"Zahradn\u00ed kohout v proveden\u00ed s p\u00e1kou je vyroben z vysoce kvalitn\u00ed poniklovan\u00e9 mosazi s vn\u011bj\u0161\u00edm z\u00e1vitem podle evropsk\u00fdch standard\u016f ISO 228 a pou\u017e\u00edv\u00e1 se jako uzav\u00edrac\u00ed armatura v rozvodech tepl\u00e9 a studen\u00e9 vody zejm\u00e9na v zahradnictv\u00ed s maxim\u00e1ln\u00edm provozn\u00edm tlakem 16 bar a maxim\u00e1ln\u00ed provozn\u00ed teplotou 110 \u00b0C. Ke kohoutu lze p\u0159ipojit zahradn\u00ed hadice. T\u011bsn\u011bn\u00ed [&hellip;]","og_url":"https:\/\/www.koupeltech.com\/index.php\/produkt\/omezena-nabidka-kohout-zahradni-pro-hadici-voda-3-8-quot-54183\/","og_image":[{"width":1000,"height":525,"url":"https:\/\/www.koupeltech.com\/wp-content\/uploads\/2026\/SK0021127-CZ20260425-093449-0-1777080896-kohout-zahradni-pro-hadici-voda-3-8.webp","type":"image\/webp"}],"twitter_card":"summary_large_image","twitter_misc":{"Odhadovan\u00e1 doba \u010dten\u00ed":"1 minuta"},"schema":{"@context":"https:\/\/schema.org","@graph":[{"@type":"WebPage","@id":"https:\/\/www.koupeltech.com\/index.php\/produkt\/omezena-nabidka-kohout-zahradni-pro-hadici-voda-3-8-quot-54183\/","url":"https:\/\/www.koupeltech.com\/index.php\/produkt\/omezena-nabidka-kohout-zahradni-pro-hadici-voda-3-8-quot-54183\/","name":"Omezen\u00e1 Nab\u00eddka Kohout zahradn\u00ed pro hadici, voda, 3\/8&quot; -","isPartOf":{"@id":"https:\/\/www.koupeltech.com\/#website"},"primaryImageOfPage":{"@id":"https:\/\/www.koupeltech.com\/index.php\/produkt\/omezena-nabidka-kohout-zahradni-pro-hadici-voda-3-8-quot-54183\/#primaryimage"},"image":{"@id":"https:\/\/www.koupeltech.com\/index.php\/produkt\/omezena-nabidka-kohout-zahradni-pro-hadici-voda-3-8-quot-54183\/#primaryimage"},"thumbnailUrl":"https:\/\/www.koupeltech.com\/wp-content\/uploads\/2026\/SK0021127-CZ20260425-093449-0-1777080896-kohout-zahradni-pro-hadici-voda-3-8.webp","datePublished":"2026-04-27T14:04:00+00:00","breadcrumb":{"@id":"https:\/\/www.koupeltech.com\/index.php\/produkt\/omezena-nabidka-kohout-zahradni-pro-hadici-voda-3-8-quot-54183\/#breadcrumb"},"inLanguage":"cs","potentialAction":[{"@type":"ReadAction","target":["https:\/\/www.koupeltech.com\/index.php\/produkt\/omezena-nabidka-kohout-zahradni-pro-hadici-voda-3-8-quot-54183\/"]}]},{"@type":"ImageObject","inLanguage":"cs","@id":"https:\/\/www.koupeltech.com\/index.php\/produkt\/omezena-nabidka-kohout-zahradni-pro-hadici-voda-3-8-quot-54183\/#primaryimage","url":"https:\/\/www.koupeltech.com\/wp-content\/uploads\/2026\/SK0021127-CZ20260425-093449-0-1777080896-kohout-zahradni-pro-hadici-voda-3-8.webp","contentUrl":"https:\/\/www.koupeltech.com\/wp-content\/uploads\/2026\/SK0021127-CZ20260425-093449-0-1777080896-kohout-zahradni-pro-hadici-voda-3-8.webp","width":1000,"height":525},{"@type":"BreadcrumbList","@id":"https:\/\/www.koupeltech.com\/index.php\/produkt\/omezena-nabidka-kohout-zahradni-pro-hadici-voda-3-8-quot-54183\/#breadcrumb","itemListElement":[{"@type":"ListItem","position":1,"name":"Home","item":"https:\/\/www.koupeltech.com\/"},{"@type":"ListItem","position":2,"name":"Products","item":"https:\/\/www.koupeltech.com\/index.php\/products\/"},{"@type":"ListItem","position":3,"name":"Omezen\u00e1 Nab\u00eddka Kohout zahradn\u00ed pro hadici, voda, 3\/8&quot;"}]},{"@type":"WebSite","@id":"https:\/\/www.koupeltech.com\/#website","url":"https:\/\/www.koupeltech.com\/","name":"","description":"","potentialAction":[{"@type":"SearchAction","target":{"@type":"EntryPoint","urlTemplate":"https:\/\/www.koupeltech.com\/?s={search_term_string}"},"query-input":{"@type":"PropertyValueSpecification","valueRequired":true,"valueName":"search_term_string"}}],"inLanguage":"cs"}]}},"_links":{"self":[{"href":"https:\/\/www.koupeltech.com\/index.php\/wp-json\/wp\/v2\/product\/54183","targetHints":{"allow":["GET"]}}],"collection":[{"href":"https:\/\/www.koupeltech.com\/index.php\/wp-json\/wp\/v2\/product"}],"about":[{"href":"https:\/\/www.koupeltech.com\/index.php\/wp-json\/wp\/v2\/types\/product"}],"replies":[{"embeddable":true,"href":"https:\/\/www.koupeltech.com\/index.php\/wp-json\/wp\/v2\/comments?post=54183"}],"wp:featuredmedia":[{"embeddable":true,"href":"https:\/\/www.koupeltech.com\/index.php\/wp-json\/wp\/v2\/media\/54283"}],"wp:attachment":[{"href":"https:\/\/www.koupeltech.com\/index.php\/wp-json\/wp\/v2\/media?parent=54183"}],"wp:term":[{"taxonomy":"product_brand","embeddable":true,"href":"https:\/\/www.koupeltech.com\/index.php\/wp-json\/wp\/v2\/product_brand?post=54183"},{"taxonomy":"product_cat","embeddable":true,"href":"https:\/\/www.koupeltech.com\/index.php\/wp-json\/wp\/v2\/product_cat?post=54183"},{"taxonomy":"product_tag","embeddable":true,"href":"https:\/\/www.koupeltech.com\/index.php\/wp-json\/wp\/v2\/product_tag?post=54183"}],"curies":[{"name":"wp","href":"https:\/\/api.w.org\/{rel}","templated":true}]}}