{"id":54337,"date":"2026-04-27T14:04:02","date_gmt":"2026-04-27T14:04:02","guid":{"rendered":""},"modified":"2026-04-27T14:04:02","modified_gmt":"2026-04-27T14:04:02","slug":"zlevneny-baterie-podomitkova-s-bidetovou-sprchou-viana-54337","status":"publish","type":"product","link":"https:\/\/www.koupeltech.com\/index.php\/produkt\/zlevneny-baterie-podomitkova-s-bidetovou-sprchou-viana-54337\/","title":{"rendered":"Zlevn\u011bn\u00fd Baterie podom\u00edtkov\u00e1 s bidetovou sprchou, Viana"},"content":{"rendered":"<div id=\"e4717750\" class=\"pages\">\n<div>\n<div id=\"PDDescription\" class=\"UserContentView userContent v1a v1 bs-view dcon dc164 PDDescription\" ><dc-con><dc-con><bs-empty><\/bs-empty><\/dc-con><dc-con>        <\/p>\n<div class=\"customDescription\">                    <\/div>\n<p><\/dc-con><dc-con><\/p>\n<div>Praktick\u00e9 \u0159e\u0161en\u00ed pro WC, kde nen\u00ed m\u00edsto pro umyvadlo \u010di bidetovou m\u00edsu. K provozov\u00e1n\u00ed intimn\u00ed hygieny posta\u010d\u00ed tato podom\u00edtkov\u00e1 baterie s bidetovou spr\u0161kou a hadic\u00ed dlouhou 1,5 m.<br \/>P\u0159\u00edvod vody je t\u0159eba u baterie uzav\u0159\u00edt v\u017edy po ukon\u010den\u00ed pou\u017e\u00edv\u00e1n\u00ed bidetov\u00e9 spr\u0161ky, aby sprchov\u00e1 hadice nez\u016fst\u00e1vala pod tlakem.<\/p>\n<p>S\u00e9rie Viana zaujme na prvn\u00ed pohled robustn\u00ed konstrukc\u00ed a sv\u00fdm nad\u010dasov\u00fdm prvot\u0159\u00eddn\u00edm ploch\u00fdm designem s ostr\u00fdmi hranami. Kvalitn\u00ed materi\u00e1ly zaru\u010duj\u00ed spolehlivost a dlouhou \u017eivotnost t\u011bchto bateri\u00ed.  Baterie dod\u00e1v\u00e1me s garantovanou z\u00e1rukou 10 let. <\/div>\n<table class='techparam_table'>\n<tr>\n<td>Typ<\/td>\n<td>Bidetov\u00e1<\/td>\n<\/tr>\n<tr>\n<td>Barva<\/td>\n<td>Chrom<\/td>\n<\/tr>\n<tr>\n<td>S\u00e9rie<\/td>\n<td>Viana<\/td>\n<\/tr>\n<tr>\n<td>Design<\/td>\n<td>Obl\u00fd<\/td>\n<\/tr>\n<tr>\n<td>Kartu\u0161e<\/td>\n<td>35 mm<\/td>\n<\/tr>\n<tr>\n<td>Materi\u00e1l<\/td>\n<td>Pochromovan\u00e1 mosaz<\/td>\n<\/tr>\n<tr>\n<td>Varianta<\/td>\n<td>Podom\u00edtkov\u00e1<\/td>\n<\/tr>\n<tr>\n<td>Ovl\u00e1d\u00e1n\u00ed baterie<\/td>\n<td>P\u00e1kov\u00e1<\/td>\n<\/tr>\n<\/table>\n<p><\/dc-con><\/dc-con><\/div>\n<\/p><\/div>\n<div id=\"PDTable3\" class=\"ProductDetailTableView v3a v3 bs-view dcon dc185 PDTable3\" >\n<table>\n<thead><\/thead>\n<tbody>\n<tr class=\"attribute attr_ovladani\">\n<td class=\"caption\">Ovl\u00e1d\u00e1n\u00ed<\/td>\n<td class=\"value\">P\u00e1kov\u00e9<\/td>\n<\/tr>\n<tr class=\"attribute attr_typ\">\n<td class=\"caption\">Typ<\/td>\n<td class=\"value\">Podom\u00edtkov\u00e9 baterie<\/td>\n<\/tr>\n<\/tbody>\n<\/table>\n<\/div>\n<div id=\"ProductMedia\" class=\"ProductMediaView MediaViewBase v1a v1 bs-view dcon dc409 ProductMedia\" ><bs-empty><\/bs-empty><\/p>\n<div class=\"files\">\n<div class=\"title sub\">Soubory<\/div>\n<p><a href=\"\/media\/8694\/001-001-mereo-baterie-zarucni-list-a-navod-2021.pdf?&amp;key=ZGpmIyQwNUZfODY5NA==\" class=\"pdf\">001_001_mereo_baterie-zarucni-list-a-navod-2021.pdf<\/a><a href=\"\/media\/10383\/podomitkove-baterie-pakove-navod-2021.pdf?&amp;key=ZGpmIyQwNUZfMTAzODM=\" class=\"pdf\">podomitkove__Baterie_pakove_navod_2021.pdf<\/a><a href=\"\/media\/36413\/podomitkove-baterie-pakove-navod-2024-new.pdf?&amp;key=ZGpmIyQwNUZfMzY0MTM=\" class=\"pdf\">podomitkove_Baterie_pakove_navod_2024_NEW.pdf<\/a><a href=\"\/media\/42816\/s67d0e3a406103-podomitkove-pakove-navod-multi-new-pdf-2025-03-11-14-32-18.pdf?&amp;key=ZGpmIyQwNUZfNDI4MTY=\" class=\"pdf\">s67d0e3a406103-podomitkove-pakove-navod-multi-new-pdf-2025-03-11-14-32-18.pdf<\/a><a href=\"\/media\/43474\/u67e5fba134718-podomitkove-pakove-navod-multi-new-pdf-2025-03-25-09-34-17.pdf?&amp;key=ZGpmIyQwNUZfNDM0NzQ=\" class=\"pdf\">u67e5fba134718-podomitkove-pakove-navod-multi-new-pdf-2025-03-25-09-34-17.pdf<\/a><a href=\"\/media\/43600\/p67ef2815042e2-667ef281500f49-podomitkove-pakove-navod-multi-new-pdf-2025-04-02-05-51-33.pdf?&amp;key=ZGpmIyQwNUZfNDM2MDA=\" class=\"pdf\">p67ef2815042e2-667ef281500f49-podomitkove-pakove-navod-multi-new-pdf-2025-04-02-05-51-33.p<\/a><\/div>\n<p><bs-empty><\/bs-empty><\/div>\n<\/div>\n<div id=\"e4717751\" class=\"tabs\">\n","protected":false},"excerpt":{"rendered":"<p>Praktick\u00e9 \u0159e\u0161en\u00ed pro WC, kde nen\u00ed m\u00edsto pro umyvadlo \u010di bidetovou m\u00edsu. K provozov\u00e1n\u00ed intimn\u00ed hygieny posta\u010d\u00ed tato podom\u00edtkov\u00e1 baterie s bidetovou spr\u0161kou a hadic\u00ed dlouhou 1,5 m.P\u0159\u00edvod vody je t\u0159eba u baterie uzav\u0159\u00edt v\u017edy po ukon\u010den\u00ed pou\u017e\u00edv\u00e1n\u00ed bidetov\u00e9 spr\u0161ky, aby sprchov\u00e1 hadice nez\u016fst\u00e1vala pod tlakem. S\u00e9rie Viana zaujme na prvn\u00ed pohled robustn\u00ed konstrukc\u00ed a [&hellip;]<\/p>\n","protected":false},"featured_media":54437,"comment_status":"open","ping_status":"open","template":"","meta":[],"product_brand":[],"product_cat":[94],"product_tag":[],"class_list":{"0":"post-54337","1":"product","2":"type-product","3":"status-publish","4":"has-post-thumbnail","6":"product_cat-vybaven-237-koupelny","8":"first","9":"instock","10":"sale","11":"shipping-taxable","12":"purchasable","13":"product-type-simple"},"yoast_head":"<!-- This site is optimized with the Yoast SEO plugin v26.8 - https:\/\/yoast.com\/product\/yoast-seo-wordpress\/ -->\n<title>Zlevn\u011bn\u00fd Baterie podom\u00edtkov\u00e1 s bidetovou sprchou, Viana -<\/title>\n<meta name=\"robots\" content=\"index, follow, max-snippet:-1, max-image-preview:large, max-video-preview:-1\" \/>\n<link rel=\"canonical\" href=\"https:\/\/www.koupeltech.com\/index.php\/produkt\/zlevneny-baterie-podomitkova-s-bidetovou-sprchou-viana-54337\/\" \/>\n<meta property=\"og:locale\" content=\"cs_CZ\" \/>\n<meta property=\"og:type\" content=\"article\" \/>\n<meta property=\"og:title\" content=\"Zlevn\u011bn\u00fd Baterie podom\u00edtkov\u00e1 s bidetovou sprchou, Viana -\" \/>\n<meta property=\"og:description\" content=\"Praktick\u00e9 \u0159e\u0161en\u00ed pro WC, kde nen\u00ed m\u00edsto pro umyvadlo \u010di bidetovou m\u00edsu. K provozov\u00e1n\u00ed intimn\u00ed hygieny posta\u010d\u00ed tato podom\u00edtkov\u00e1 baterie s bidetovou spr\u0161kou a hadic\u00ed dlouhou 1,5 m.P\u0159\u00edvod vody je t\u0159eba u baterie uzav\u0159\u00edt v\u017edy po ukon\u010den\u00ed pou\u017e\u00edv\u00e1n\u00ed bidetov\u00e9 spr\u0161ky, aby sprchov\u00e1 hadice nez\u016fst\u00e1vala pod tlakem. S\u00e9rie Viana zaujme na prvn\u00ed pohled robustn\u00ed konstrukc\u00ed a [&hellip;]\" \/>\n<meta property=\"og:url\" content=\"https:\/\/www.koupeltech.com\/index.php\/produkt\/zlevneny-baterie-podomitkova-s-bidetovou-sprchou-viana-54337\/\" \/>\n<meta property=\"og:image\" content=\"https:\/\/www.koupeltech.com\/wp-content\/uploads\/2026\/SK0021181-CZ20260425-093449-0-1777080896-baterie-podomitkova-s-bidetovou-sprchou-viana.webp\" \/>\n\t<meta property=\"og:image:width\" content=\"1000\" \/>\n\t<meta property=\"og:image:height\" content=\"525\" \/>\n\t<meta property=\"og:image:type\" content=\"image\/webp\" \/>\n<meta name=\"twitter:card\" content=\"summary_large_image\" \/>\n<meta name=\"twitter:label1\" content=\"Odhadovan\u00e1 doba \u010dten\u00ed\" \/>\n\t<meta name=\"twitter:data1\" content=\"1 minuta\" \/>\n<script type=\"application\/ld+json\" class=\"yoast-schema-graph\">{\"@context\":\"https:\/\/schema.org\",\"@graph\":[{\"@type\":\"WebPage\",\"@id\":\"https:\/\/www.koupeltech.com\/index.php\/produkt\/zlevneny-baterie-podomitkova-s-bidetovou-sprchou-viana-54337\/\",\"url\":\"https:\/\/www.koupeltech.com\/index.php\/produkt\/zlevneny-baterie-podomitkova-s-bidetovou-sprchou-viana-54337\/\",\"name\":\"Zlevn\u011bn\u00fd Baterie podom\u00edtkov\u00e1 s bidetovou sprchou, Viana -\",\"isPartOf\":{\"@id\":\"https:\/\/www.koupeltech.com\/#website\"},\"primaryImageOfPage\":{\"@id\":\"https:\/\/www.koupeltech.com\/index.php\/produkt\/zlevneny-baterie-podomitkova-s-bidetovou-sprchou-viana-54337\/#primaryimage\"},\"image\":{\"@id\":\"https:\/\/www.koupeltech.com\/index.php\/produkt\/zlevneny-baterie-podomitkova-s-bidetovou-sprchou-viana-54337\/#primaryimage\"},\"thumbnailUrl\":\"https:\/\/www.koupeltech.com\/wp-content\/uploads\/2026\/SK0021181-CZ20260425-093449-0-1777080896-baterie-podomitkova-s-bidetovou-sprchou-viana.webp\",\"datePublished\":\"2026-04-27T14:04:02+00:00\",\"breadcrumb\":{\"@id\":\"https:\/\/www.koupeltech.com\/index.php\/produkt\/zlevneny-baterie-podomitkova-s-bidetovou-sprchou-viana-54337\/#breadcrumb\"},\"inLanguage\":\"cs\",\"potentialAction\":[{\"@type\":\"ReadAction\",\"target\":[\"https:\/\/www.koupeltech.com\/index.php\/produkt\/zlevneny-baterie-podomitkova-s-bidetovou-sprchou-viana-54337\/\"]}]},{\"@type\":\"ImageObject\",\"inLanguage\":\"cs\",\"@id\":\"https:\/\/www.koupeltech.com\/index.php\/produkt\/zlevneny-baterie-podomitkova-s-bidetovou-sprchou-viana-54337\/#primaryimage\",\"url\":\"https:\/\/www.koupeltech.com\/wp-content\/uploads\/2026\/SK0021181-CZ20260425-093449-0-1777080896-baterie-podomitkova-s-bidetovou-sprchou-viana.webp\",\"contentUrl\":\"https:\/\/www.koupeltech.com\/wp-content\/uploads\/2026\/SK0021181-CZ20260425-093449-0-1777080896-baterie-podomitkova-s-bidetovou-sprchou-viana.webp\",\"width\":1000,\"height\":525},{\"@type\":\"BreadcrumbList\",\"@id\":\"https:\/\/www.koupeltech.com\/index.php\/produkt\/zlevneny-baterie-podomitkova-s-bidetovou-sprchou-viana-54337\/#breadcrumb\",\"itemListElement\":[{\"@type\":\"ListItem\",\"position\":1,\"name\":\"Home\",\"item\":\"https:\/\/www.koupeltech.com\/\"},{\"@type\":\"ListItem\",\"position\":2,\"name\":\"Products\",\"item\":\"https:\/\/www.koupeltech.com\/index.php\/products\/\"},{\"@type\":\"ListItem\",\"position\":3,\"name\":\"Zlevn\u011bn\u00fd Baterie podom\u00edtkov\u00e1 s bidetovou sprchou, Viana\"}]},{\"@type\":\"WebSite\",\"@id\":\"https:\/\/www.koupeltech.com\/#website\",\"url\":\"https:\/\/www.koupeltech.com\/\",\"name\":\"\",\"description\":\"\",\"potentialAction\":[{\"@type\":\"SearchAction\",\"target\":{\"@type\":\"EntryPoint\",\"urlTemplate\":\"https:\/\/www.koupeltech.com\/?s={search_term_string}\"},\"query-input\":{\"@type\":\"PropertyValueSpecification\",\"valueRequired\":true,\"valueName\":\"search_term_string\"}}],\"inLanguage\":\"cs\"}]}<\/script>\n<!-- \/ Yoast SEO plugin. -->","yoast_head_json":{"title":"Zlevn\u011bn\u00fd Baterie podom\u00edtkov\u00e1 s bidetovou sprchou, Viana -","robots":{"index":"index","follow":"follow","max-snippet":"max-snippet:-1","max-image-preview":"max-image-preview:large","max-video-preview":"max-video-preview:-1"},"canonical":"https:\/\/www.koupeltech.com\/index.php\/produkt\/zlevneny-baterie-podomitkova-s-bidetovou-sprchou-viana-54337\/","og_locale":"cs_CZ","og_type":"article","og_title":"Zlevn\u011bn\u00fd Baterie podom\u00edtkov\u00e1 s bidetovou sprchou, Viana -","og_description":"Praktick\u00e9 \u0159e\u0161en\u00ed pro WC, kde nen\u00ed m\u00edsto pro umyvadlo \u010di bidetovou m\u00edsu. K provozov\u00e1n\u00ed intimn\u00ed hygieny posta\u010d\u00ed tato podom\u00edtkov\u00e1 baterie s bidetovou spr\u0161kou a hadic\u00ed dlouhou 1,5 m.P\u0159\u00edvod vody je t\u0159eba u baterie uzav\u0159\u00edt v\u017edy po ukon\u010den\u00ed pou\u017e\u00edv\u00e1n\u00ed bidetov\u00e9 spr\u0161ky, aby sprchov\u00e1 hadice nez\u016fst\u00e1vala pod tlakem. S\u00e9rie Viana zaujme na prvn\u00ed pohled robustn\u00ed konstrukc\u00ed a [&hellip;]","og_url":"https:\/\/www.koupeltech.com\/index.php\/produkt\/zlevneny-baterie-podomitkova-s-bidetovou-sprchou-viana-54337\/","og_image":[{"width":1000,"height":525,"url":"https:\/\/www.koupeltech.com\/wp-content\/uploads\/2026\/SK0021181-CZ20260425-093449-0-1777080896-baterie-podomitkova-s-bidetovou-sprchou-viana.webp","type":"image\/webp"}],"twitter_card":"summary_large_image","twitter_misc":{"Odhadovan\u00e1 doba \u010dten\u00ed":"1 minuta"},"schema":{"@context":"https:\/\/schema.org","@graph":[{"@type":"WebPage","@id":"https:\/\/www.koupeltech.com\/index.php\/produkt\/zlevneny-baterie-podomitkova-s-bidetovou-sprchou-viana-54337\/","url":"https:\/\/www.koupeltech.com\/index.php\/produkt\/zlevneny-baterie-podomitkova-s-bidetovou-sprchou-viana-54337\/","name":"Zlevn\u011bn\u00fd Baterie podom\u00edtkov\u00e1 s bidetovou sprchou, Viana -","isPartOf":{"@id":"https:\/\/www.koupeltech.com\/#website"},"primaryImageOfPage":{"@id":"https:\/\/www.koupeltech.com\/index.php\/produkt\/zlevneny-baterie-podomitkova-s-bidetovou-sprchou-viana-54337\/#primaryimage"},"image":{"@id":"https:\/\/www.koupeltech.com\/index.php\/produkt\/zlevneny-baterie-podomitkova-s-bidetovou-sprchou-viana-54337\/#primaryimage"},"thumbnailUrl":"https:\/\/www.koupeltech.com\/wp-content\/uploads\/2026\/SK0021181-CZ20260425-093449-0-1777080896-baterie-podomitkova-s-bidetovou-sprchou-viana.webp","datePublished":"2026-04-27T14:04:02+00:00","breadcrumb":{"@id":"https:\/\/www.koupeltech.com\/index.php\/produkt\/zlevneny-baterie-podomitkova-s-bidetovou-sprchou-viana-54337\/#breadcrumb"},"inLanguage":"cs","potentialAction":[{"@type":"ReadAction","target":["https:\/\/www.koupeltech.com\/index.php\/produkt\/zlevneny-baterie-podomitkova-s-bidetovou-sprchou-viana-54337\/"]}]},{"@type":"ImageObject","inLanguage":"cs","@id":"https:\/\/www.koupeltech.com\/index.php\/produkt\/zlevneny-baterie-podomitkova-s-bidetovou-sprchou-viana-54337\/#primaryimage","url":"https:\/\/www.koupeltech.com\/wp-content\/uploads\/2026\/SK0021181-CZ20260425-093449-0-1777080896-baterie-podomitkova-s-bidetovou-sprchou-viana.webp","contentUrl":"https:\/\/www.koupeltech.com\/wp-content\/uploads\/2026\/SK0021181-CZ20260425-093449-0-1777080896-baterie-podomitkova-s-bidetovou-sprchou-viana.webp","width":1000,"height":525},{"@type":"BreadcrumbList","@id":"https:\/\/www.koupeltech.com\/index.php\/produkt\/zlevneny-baterie-podomitkova-s-bidetovou-sprchou-viana-54337\/#breadcrumb","itemListElement":[{"@type":"ListItem","position":1,"name":"Home","item":"https:\/\/www.koupeltech.com\/"},{"@type":"ListItem","position":2,"name":"Products","item":"https:\/\/www.koupeltech.com\/index.php\/products\/"},{"@type":"ListItem","position":3,"name":"Zlevn\u011bn\u00fd Baterie podom\u00edtkov\u00e1 s bidetovou sprchou, Viana"}]},{"@type":"WebSite","@id":"https:\/\/www.koupeltech.com\/#website","url":"https:\/\/www.koupeltech.com\/","name":"","description":"","potentialAction":[{"@type":"SearchAction","target":{"@type":"EntryPoint","urlTemplate":"https:\/\/www.koupeltech.com\/?s={search_term_string}"},"query-input":{"@type":"PropertyValueSpecification","valueRequired":true,"valueName":"search_term_string"}}],"inLanguage":"cs"}]}},"_links":{"self":[{"href":"https:\/\/www.koupeltech.com\/index.php\/wp-json\/wp\/v2\/product\/54337","targetHints":{"allow":["GET"]}}],"collection":[{"href":"https:\/\/www.koupeltech.com\/index.php\/wp-json\/wp\/v2\/product"}],"about":[{"href":"https:\/\/www.koupeltech.com\/index.php\/wp-json\/wp\/v2\/types\/product"}],"replies":[{"embeddable":true,"href":"https:\/\/www.koupeltech.com\/index.php\/wp-json\/wp\/v2\/comments?post=54337"}],"wp:featuredmedia":[{"embeddable":true,"href":"https:\/\/www.koupeltech.com\/index.php\/wp-json\/wp\/v2\/media\/54437"}],"wp:attachment":[{"href":"https:\/\/www.koupeltech.com\/index.php\/wp-json\/wp\/v2\/media?parent=54337"}],"wp:term":[{"taxonomy":"product_brand","embeddable":true,"href":"https:\/\/www.koupeltech.com\/index.php\/wp-json\/wp\/v2\/product_brand?post=54337"},{"taxonomy":"product_cat","embeddable":true,"href":"https:\/\/www.koupeltech.com\/index.php\/wp-json\/wp\/v2\/product_cat?post=54337"},{"taxonomy":"product_tag","embeddable":true,"href":"https:\/\/www.koupeltech.com\/index.php\/wp-json\/wp\/v2\/product_tag?post=54337"}],"curies":[{"name":"wp","href":"https:\/\/api.w.org\/{rel}","templated":true}]}}