{"id":54532,"date":"2026-04-27T14:04:04","date_gmt":"2026-04-27T14:04:04","guid":{"rendered":""},"modified":"2026-04-27T14:04:04","modified_gmt":"2026-04-27T14:04:04","slug":"znackovy-sonata-sprchova-baterie-podomitkova-s-trojcestnym-prepinacem-mbox-kulaty-kryt-54532","status":"publish","type":"product","link":"https:\/\/www.koupeltech.com\/index.php\/produkt\/znackovy-sonata-sprchova-baterie-podomitkova-s-trojcestnym-prepinacem-mbox-kulaty-kryt-54532\/","title":{"rendered":"Zna\u010dkov\u00fd Son\u00e1ta sprchov\u00e1 baterie podom\u00edtkov\u00e1 s trojcestn\u00fdm p\u0159ep\u00edna\u010dem, Mbox, kulat\u00fd kryt"},"content":{"rendered":"<div id=\"e4798403\" class=\"pages\">\n<div>\n<div id=\"PDDescription\" class=\"UserContentView userContent v1a v1 bs-view dcon dc164 PDDescription\" ><dc-con><dc-con><bs-empty><\/bs-empty><\/dc-con><dc-con>        <\/p>\n<div class=\"customDescription\">                    <\/div>\n<p><\/dc-con><dc-con><\/p>\n<div>Tato sprchov\u00e1 podom\u00edtkov\u00e1 baterie pat\u0159\u00ed do \u0159ady vodovodn\u00edch bateri\u00ed Son\u00e1ta, kter\u00e1 se vyzna\u010duje robustn\u00edm vzhledem a tich\u00fdm chodem. Velmi kvalitn\u00ed povrchov\u00e1 \u00faprava a spolehlivost je samoz\u0159ejmost\u00ed. <\/p>\n<p>Trojcestn\u00e1 varianta (s p\u0159ep\u00edna\u010dem 3 polohy) je ur\u010dena do sprchov\u00fdch kout\u016f s ru\u010dn\u00ed sprchou, hlavovou sprchou a dal\u0161\u00edm zdrojem tekouc\u00ed vody, nap\u0159. vodop\u00e1dem.<\/p>\n<p>&#8211; keramick\u00e1 kartu\u0161 35 mm<br \/>&#8211; garantovan\u00e1 z\u00e1ruka 10 let<br \/>&#8211; servis vodovodn\u00edch bateri\u00ed zaji\u0161t\u011bn\u00fd v r\u00e1mci \u010cR a SR<\/div>\n<table class='techparam_table'>\n<tr>\n<td>Typ<\/td>\n<td>Podom\u00edtkov\u00e1<\/td>\n<\/tr>\n<tr>\n<td>Barva<\/td>\n<td>Chrom<\/td>\n<\/tr>\n<tr>\n<td>S\u00e9rie<\/td>\n<td>Son\u00e1ta<\/td>\n<\/tr>\n<tr>\n<td>Design<\/td>\n<td>Obl\u00fd<\/td>\n<\/tr>\n<tr>\n<td>Kartu\u0161e<\/td>\n<td>35 mm<\/td>\n<\/tr>\n<tr>\n<td>Materi\u00e1l<\/td>\n<td>Pochromovan\u00e1 mosaz<\/td>\n<\/tr>\n<tr>\n<td>Varianta<\/td>\n<td>Trojcestn\u00e1<\/td>\n<\/tr>\n<tr>\n<td>Ovl\u00e1d\u00e1n\u00ed baterie<\/td>\n<td>P\u00e1kov\u00e1<\/td>\n<\/tr>\n<\/table>\n<p><\/dc-con><\/dc-con><\/div>\n<\/p><\/div>\n<div id=\"PDTable3\" class=\"ProductDetailTableView v3a v3 bs-view dcon dc185 PDTable3\" >\n<table>\n<thead><\/thead>\n<tbody>\n<tr class=\"attribute attr_ovladani\">\n<td class=\"caption\">Ovl\u00e1d\u00e1n\u00ed<\/td>\n<td class=\"value\">P\u00e1kov\u00e9<\/td>\n<\/tr>\n<tr class=\"attribute attr_pouziti\">\n<td class=\"caption\">Pou\u017eit\u00ed<\/td>\n<td class=\"value\">Vanov\u00e9\/ Sprchov\u00e9 baterie<\/td>\n<\/tr>\n<tr class=\"attribute attr_typ\">\n<td class=\"caption\">Typ<\/td>\n<td class=\"value\">Podom\u00edtkov\u00e9 baterie<\/td>\n<\/tr>\n<\/tbody>\n<\/table>\n<\/div>\n<div id=\"ProductMedia\" class=\"ProductMediaView MediaViewBase v1a v1 bs-view dcon dc409 ProductMedia\" ><bs-empty><\/bs-empty><\/p>\n<div class=\"files\">\n<div class=\"title sub\">Soubory<\/div>\n<p><a href=\"\/media\/8666\/001-001-mereo-baterie-zarucni-list-a-navod-2021.pdf?&amp;key=ZGpmIyQwNUZfODY2Ng==\" class=\"pdf\">001_001_mereo_baterie-zarucni-list-a-navod-2021.pdf<\/a><a href=\"\/media\/10378\/podomitkove-baterie-pakove-navod-2021.pdf?&amp;key=ZGpmIyQwNUZfMTAzNzg=\" class=\"pdf\">podomitkove__Baterie_pakove_navod_2021.pdf<\/a><a href=\"\/media\/36608\/podomitkove-baterie-pakove-navod-2024-new.pdf?&amp;key=ZGpmIyQwNUZfMzY2MDg=\" class=\"pdf\">podomitkove_Baterie_pakove_navod_2024_NEW.pdf<\/a><a href=\"\/media\/42829\/s67d0e3a406103-podomitkove-pakove-navod-multi-new-pdf-2025-03-11-14-32-18.pdf?&amp;key=ZGpmIyQwNUZfNDI4Mjk=\" class=\"pdf\">s67d0e3a406103-podomitkove-pakove-navod-multi-new-pdf-2025-03-11-14-32-18.pdf<\/a><a href=\"\/media\/43499\/u67e5fba134718-podomitkove-pakove-navod-multi-new-pdf-2025-03-25-09-34-17.pdf?&amp;key=ZGpmIyQwNUZfNDM0OTk=\" class=\"pdf\">u67e5fba134718-podomitkove-pakove-navod-multi-new-pdf-2025-03-25-09-34-17.pdf<\/a><a href=\"\/media\/43549\/p67ef2815042e2-667ef281500f49-podomitkove-pakove-navod-multi-new-pdf-2025-04-02-05-51-33.pdf?&amp;key=ZGpmIyQwNUZfNDM1NDk=\" class=\"pdf\">p67ef2815042e2-667ef281500f49-podomitkove-pakove-navod-multi-new-pdf-2025-04-02-05-51-33.p<\/a><\/div>\n<p><bs-empty><\/bs-empty><\/div>\n<\/div>\n<div id=\"e4798404\" class=\"tabs\">\n","protected":false},"excerpt":{"rendered":"<p>Tato sprchov\u00e1 podom\u00edtkov\u00e1 baterie pat\u0159\u00ed do \u0159ady vodovodn\u00edch bateri\u00ed Son\u00e1ta, kter\u00e1 se vyzna\u010duje robustn\u00edm vzhledem a tich\u00fdm chodem. Velmi kvalitn\u00ed povrchov\u00e1 \u00faprava a spolehlivost je samoz\u0159ejmost\u00ed. Trojcestn\u00e1 varianta (s p\u0159ep\u00edna\u010dem 3 polohy) je ur\u010dena do sprchov\u00fdch kout\u016f s ru\u010dn\u00ed sprchou, hlavovou sprchou a dal\u0161\u00edm zdrojem tekouc\u00ed vody, nap\u0159. vodop\u00e1dem. &#8211; keramick\u00e1 kartu\u0161 35 mm&#8211; garantovan\u00e1 [&hellip;]<\/p>\n","protected":false},"featured_media":54632,"comment_status":"open","ping_status":"open","template":"","meta":[],"product_brand":[],"product_cat":[94],"product_tag":[],"class_list":{"0":"post-54532","1":"product","2":"type-product","3":"status-publish","4":"has-post-thumbnail","6":"product_cat-vybaven-237-koupelny","8":"first","9":"instock","10":"sale","11":"shipping-taxable","12":"purchasable","13":"product-type-simple"},"yoast_head":"<!-- This site is optimized with the Yoast SEO plugin v26.8 - https:\/\/yoast.com\/product\/yoast-seo-wordpress\/ -->\n<title>Zna\u010dkov\u00fd Son\u00e1ta sprchov\u00e1 baterie podom\u00edtkov\u00e1 s trojcestn\u00fdm p\u0159ep\u00edna\u010dem, Mbox, kulat\u00fd kryt -<\/title>\n<meta name=\"robots\" content=\"index, follow, max-snippet:-1, max-image-preview:large, max-video-preview:-1\" \/>\n<link rel=\"canonical\" href=\"https:\/\/www.koupeltech.com\/index.php\/produkt\/znackovy-sonata-sprchova-baterie-podomitkova-s-trojcestnym-prepinacem-mbox-kulaty-kryt-54532\/\" \/>\n<meta property=\"og:locale\" content=\"cs_CZ\" \/>\n<meta property=\"og:type\" content=\"article\" \/>\n<meta property=\"og:title\" content=\"Zna\u010dkov\u00fd Son\u00e1ta sprchov\u00e1 baterie podom\u00edtkov\u00e1 s trojcestn\u00fdm p\u0159ep\u00edna\u010dem, Mbox, kulat\u00fd kryt -\" \/>\n<meta property=\"og:description\" content=\"Tato sprchov\u00e1 podom\u00edtkov\u00e1 baterie pat\u0159\u00ed do \u0159ady vodovodn\u00edch bateri\u00ed Son\u00e1ta, kter\u00e1 se vyzna\u010duje robustn\u00edm vzhledem a tich\u00fdm chodem. Velmi kvalitn\u00ed povrchov\u00e1 \u00faprava a spolehlivost je samoz\u0159ejmost\u00ed. Trojcestn\u00e1 varianta (s p\u0159ep\u00edna\u010dem 3 polohy) je ur\u010dena do sprchov\u00fdch kout\u016f s ru\u010dn\u00ed sprchou, hlavovou sprchou a dal\u0161\u00edm zdrojem tekouc\u00ed vody, nap\u0159. vodop\u00e1dem. &#8211; keramick\u00e1 kartu\u0161 35 mm&#8211; garantovan\u00e1 [&hellip;]\" \/>\n<meta property=\"og:url\" content=\"https:\/\/www.koupeltech.com\/index.php\/produkt\/znackovy-sonata-sprchova-baterie-podomitkova-s-trojcestnym-prepinacem-mbox-kulaty-kryt-54532\/\" \/>\n<meta property=\"og:image\" content=\"https:\/\/www.koupeltech.com\/wp-content\/uploads\/2026\/SK0021276-CZ20260425-093449-0-1777080896-sonata-sprchova-baterie-podomitkova-s-trojcestnym-prepinace.webp\" \/>\n\t<meta property=\"og:image:width\" content=\"1000\" \/>\n\t<meta property=\"og:image:height\" content=\"525\" \/>\n\t<meta property=\"og:image:type\" content=\"image\/webp\" \/>\n<meta name=\"twitter:card\" content=\"summary_large_image\" \/>\n<meta name=\"twitter:label1\" content=\"Odhadovan\u00e1 doba \u010dten\u00ed\" \/>\n\t<meta name=\"twitter:data1\" content=\"1 minuta\" \/>\n<script type=\"application\/ld+json\" class=\"yoast-schema-graph\">{\"@context\":\"https:\/\/schema.org\",\"@graph\":[{\"@type\":\"WebPage\",\"@id\":\"https:\/\/www.koupeltech.com\/index.php\/produkt\/znackovy-sonata-sprchova-baterie-podomitkova-s-trojcestnym-prepinacem-mbox-kulaty-kryt-54532\/\",\"url\":\"https:\/\/www.koupeltech.com\/index.php\/produkt\/znackovy-sonata-sprchova-baterie-podomitkova-s-trojcestnym-prepinacem-mbox-kulaty-kryt-54532\/\",\"name\":\"Zna\u010dkov\u00fd Son\u00e1ta sprchov\u00e1 baterie podom\u00edtkov\u00e1 s trojcestn\u00fdm p\u0159ep\u00edna\u010dem, Mbox, kulat\u00fd kryt -\",\"isPartOf\":{\"@id\":\"https:\/\/www.koupeltech.com\/#website\"},\"primaryImageOfPage\":{\"@id\":\"https:\/\/www.koupeltech.com\/index.php\/produkt\/znackovy-sonata-sprchova-baterie-podomitkova-s-trojcestnym-prepinacem-mbox-kulaty-kryt-54532\/#primaryimage\"},\"image\":{\"@id\":\"https:\/\/www.koupeltech.com\/index.php\/produkt\/znackovy-sonata-sprchova-baterie-podomitkova-s-trojcestnym-prepinacem-mbox-kulaty-kryt-54532\/#primaryimage\"},\"thumbnailUrl\":\"https:\/\/www.koupeltech.com\/wp-content\/uploads\/2026\/SK0021276-CZ20260425-093449-0-1777080896-sonata-sprchova-baterie-podomitkova-s-trojcestnym-prepinace.webp\",\"datePublished\":\"2026-04-27T14:04:04+00:00\",\"breadcrumb\":{\"@id\":\"https:\/\/www.koupeltech.com\/index.php\/produkt\/znackovy-sonata-sprchova-baterie-podomitkova-s-trojcestnym-prepinacem-mbox-kulaty-kryt-54532\/#breadcrumb\"},\"inLanguage\":\"cs\",\"potentialAction\":[{\"@type\":\"ReadAction\",\"target\":[\"https:\/\/www.koupeltech.com\/index.php\/produkt\/znackovy-sonata-sprchova-baterie-podomitkova-s-trojcestnym-prepinacem-mbox-kulaty-kryt-54532\/\"]}]},{\"@type\":\"ImageObject\",\"inLanguage\":\"cs\",\"@id\":\"https:\/\/www.koupeltech.com\/index.php\/produkt\/znackovy-sonata-sprchova-baterie-podomitkova-s-trojcestnym-prepinacem-mbox-kulaty-kryt-54532\/#primaryimage\",\"url\":\"https:\/\/www.koupeltech.com\/wp-content\/uploads\/2026\/SK0021276-CZ20260425-093449-0-1777080896-sonata-sprchova-baterie-podomitkova-s-trojcestnym-prepinace.webp\",\"contentUrl\":\"https:\/\/www.koupeltech.com\/wp-content\/uploads\/2026\/SK0021276-CZ20260425-093449-0-1777080896-sonata-sprchova-baterie-podomitkova-s-trojcestnym-prepinace.webp\",\"width\":1000,\"height\":525},{\"@type\":\"BreadcrumbList\",\"@id\":\"https:\/\/www.koupeltech.com\/index.php\/produkt\/znackovy-sonata-sprchova-baterie-podomitkova-s-trojcestnym-prepinacem-mbox-kulaty-kryt-54532\/#breadcrumb\",\"itemListElement\":[{\"@type\":\"ListItem\",\"position\":1,\"name\":\"Home\",\"item\":\"https:\/\/www.koupeltech.com\/\"},{\"@type\":\"ListItem\",\"position\":2,\"name\":\"Products\",\"item\":\"https:\/\/www.koupeltech.com\/index.php\/products\/\"},{\"@type\":\"ListItem\",\"position\":3,\"name\":\"Zna\u010dkov\u00fd Son\u00e1ta sprchov\u00e1 baterie podom\u00edtkov\u00e1 s trojcestn\u00fdm p\u0159ep\u00edna\u010dem, Mbox, kulat\u00fd kryt\"}]},{\"@type\":\"WebSite\",\"@id\":\"https:\/\/www.koupeltech.com\/#website\",\"url\":\"https:\/\/www.koupeltech.com\/\",\"name\":\"\",\"description\":\"\",\"potentialAction\":[{\"@type\":\"SearchAction\",\"target\":{\"@type\":\"EntryPoint\",\"urlTemplate\":\"https:\/\/www.koupeltech.com\/?s={search_term_string}\"},\"query-input\":{\"@type\":\"PropertyValueSpecification\",\"valueRequired\":true,\"valueName\":\"search_term_string\"}}],\"inLanguage\":\"cs\"}]}<\/script>\n<!-- \/ Yoast SEO plugin. -->","yoast_head_json":{"title":"Zna\u010dkov\u00fd Son\u00e1ta sprchov\u00e1 baterie podom\u00edtkov\u00e1 s trojcestn\u00fdm p\u0159ep\u00edna\u010dem, Mbox, kulat\u00fd kryt -","robots":{"index":"index","follow":"follow","max-snippet":"max-snippet:-1","max-image-preview":"max-image-preview:large","max-video-preview":"max-video-preview:-1"},"canonical":"https:\/\/www.koupeltech.com\/index.php\/produkt\/znackovy-sonata-sprchova-baterie-podomitkova-s-trojcestnym-prepinacem-mbox-kulaty-kryt-54532\/","og_locale":"cs_CZ","og_type":"article","og_title":"Zna\u010dkov\u00fd Son\u00e1ta sprchov\u00e1 baterie podom\u00edtkov\u00e1 s trojcestn\u00fdm p\u0159ep\u00edna\u010dem, Mbox, kulat\u00fd kryt -","og_description":"Tato sprchov\u00e1 podom\u00edtkov\u00e1 baterie pat\u0159\u00ed do \u0159ady vodovodn\u00edch bateri\u00ed Son\u00e1ta, kter\u00e1 se vyzna\u010duje robustn\u00edm vzhledem a tich\u00fdm chodem. Velmi kvalitn\u00ed povrchov\u00e1 \u00faprava a spolehlivost je samoz\u0159ejmost\u00ed. Trojcestn\u00e1 varianta (s p\u0159ep\u00edna\u010dem 3 polohy) je ur\u010dena do sprchov\u00fdch kout\u016f s ru\u010dn\u00ed sprchou, hlavovou sprchou a dal\u0161\u00edm zdrojem tekouc\u00ed vody, nap\u0159. vodop\u00e1dem. &#8211; keramick\u00e1 kartu\u0161 35 mm&#8211; garantovan\u00e1 [&hellip;]","og_url":"https:\/\/www.koupeltech.com\/index.php\/produkt\/znackovy-sonata-sprchova-baterie-podomitkova-s-trojcestnym-prepinacem-mbox-kulaty-kryt-54532\/","og_image":[{"width":1000,"height":525,"url":"https:\/\/www.koupeltech.com\/wp-content\/uploads\/2026\/SK0021276-CZ20260425-093449-0-1777080896-sonata-sprchova-baterie-podomitkova-s-trojcestnym-prepinace.webp","type":"image\/webp"}],"twitter_card":"summary_large_image","twitter_misc":{"Odhadovan\u00e1 doba \u010dten\u00ed":"1 minuta"},"schema":{"@context":"https:\/\/schema.org","@graph":[{"@type":"WebPage","@id":"https:\/\/www.koupeltech.com\/index.php\/produkt\/znackovy-sonata-sprchova-baterie-podomitkova-s-trojcestnym-prepinacem-mbox-kulaty-kryt-54532\/","url":"https:\/\/www.koupeltech.com\/index.php\/produkt\/znackovy-sonata-sprchova-baterie-podomitkova-s-trojcestnym-prepinacem-mbox-kulaty-kryt-54532\/","name":"Zna\u010dkov\u00fd Son\u00e1ta sprchov\u00e1 baterie podom\u00edtkov\u00e1 s trojcestn\u00fdm p\u0159ep\u00edna\u010dem, Mbox, kulat\u00fd kryt -","isPartOf":{"@id":"https:\/\/www.koupeltech.com\/#website"},"primaryImageOfPage":{"@id":"https:\/\/www.koupeltech.com\/index.php\/produkt\/znackovy-sonata-sprchova-baterie-podomitkova-s-trojcestnym-prepinacem-mbox-kulaty-kryt-54532\/#primaryimage"},"image":{"@id":"https:\/\/www.koupeltech.com\/index.php\/produkt\/znackovy-sonata-sprchova-baterie-podomitkova-s-trojcestnym-prepinacem-mbox-kulaty-kryt-54532\/#primaryimage"},"thumbnailUrl":"https:\/\/www.koupeltech.com\/wp-content\/uploads\/2026\/SK0021276-CZ20260425-093449-0-1777080896-sonata-sprchova-baterie-podomitkova-s-trojcestnym-prepinace.webp","datePublished":"2026-04-27T14:04:04+00:00","breadcrumb":{"@id":"https:\/\/www.koupeltech.com\/index.php\/produkt\/znackovy-sonata-sprchova-baterie-podomitkova-s-trojcestnym-prepinacem-mbox-kulaty-kryt-54532\/#breadcrumb"},"inLanguage":"cs","potentialAction":[{"@type":"ReadAction","target":["https:\/\/www.koupeltech.com\/index.php\/produkt\/znackovy-sonata-sprchova-baterie-podomitkova-s-trojcestnym-prepinacem-mbox-kulaty-kryt-54532\/"]}]},{"@type":"ImageObject","inLanguage":"cs","@id":"https:\/\/www.koupeltech.com\/index.php\/produkt\/znackovy-sonata-sprchova-baterie-podomitkova-s-trojcestnym-prepinacem-mbox-kulaty-kryt-54532\/#primaryimage","url":"https:\/\/www.koupeltech.com\/wp-content\/uploads\/2026\/SK0021276-CZ20260425-093449-0-1777080896-sonata-sprchova-baterie-podomitkova-s-trojcestnym-prepinace.webp","contentUrl":"https:\/\/www.koupeltech.com\/wp-content\/uploads\/2026\/SK0021276-CZ20260425-093449-0-1777080896-sonata-sprchova-baterie-podomitkova-s-trojcestnym-prepinace.webp","width":1000,"height":525},{"@type":"BreadcrumbList","@id":"https:\/\/www.koupeltech.com\/index.php\/produkt\/znackovy-sonata-sprchova-baterie-podomitkova-s-trojcestnym-prepinacem-mbox-kulaty-kryt-54532\/#breadcrumb","itemListElement":[{"@type":"ListItem","position":1,"name":"Home","item":"https:\/\/www.koupeltech.com\/"},{"@type":"ListItem","position":2,"name":"Products","item":"https:\/\/www.koupeltech.com\/index.php\/products\/"},{"@type":"ListItem","position":3,"name":"Zna\u010dkov\u00fd Son\u00e1ta sprchov\u00e1 baterie podom\u00edtkov\u00e1 s trojcestn\u00fdm p\u0159ep\u00edna\u010dem, Mbox, kulat\u00fd kryt"}]},{"@type":"WebSite","@id":"https:\/\/www.koupeltech.com\/#website","url":"https:\/\/www.koupeltech.com\/","name":"","description":"","potentialAction":[{"@type":"SearchAction","target":{"@type":"EntryPoint","urlTemplate":"https:\/\/www.koupeltech.com\/?s={search_term_string}"},"query-input":{"@type":"PropertyValueSpecification","valueRequired":true,"valueName":"search_term_string"}}],"inLanguage":"cs"}]}},"_links":{"self":[{"href":"https:\/\/www.koupeltech.com\/index.php\/wp-json\/wp\/v2\/product\/54532","targetHints":{"allow":["GET"]}}],"collection":[{"href":"https:\/\/www.koupeltech.com\/index.php\/wp-json\/wp\/v2\/product"}],"about":[{"href":"https:\/\/www.koupeltech.com\/index.php\/wp-json\/wp\/v2\/types\/product"}],"replies":[{"embeddable":true,"href":"https:\/\/www.koupeltech.com\/index.php\/wp-json\/wp\/v2\/comments?post=54532"}],"wp:featuredmedia":[{"embeddable":true,"href":"https:\/\/www.koupeltech.com\/index.php\/wp-json\/wp\/v2\/media\/54632"}],"wp:attachment":[{"href":"https:\/\/www.koupeltech.com\/index.php\/wp-json\/wp\/v2\/media?parent=54532"}],"wp:term":[{"taxonomy":"product_brand","embeddable":true,"href":"https:\/\/www.koupeltech.com\/index.php\/wp-json\/wp\/v2\/product_brand?post=54532"},{"taxonomy":"product_cat","embeddable":true,"href":"https:\/\/www.koupeltech.com\/index.php\/wp-json\/wp\/v2\/product_cat?post=54532"},{"taxonomy":"product_tag","embeddable":true,"href":"https:\/\/www.koupeltech.com\/index.php\/wp-json\/wp\/v2\/product_tag?post=54532"}],"curies":[{"name":"wp","href":"https:\/\/api.w.org\/{rel}","templated":true}]}}