{"id":54554,"date":"2026-04-27T14:04:04","date_gmt":"2026-04-27T14:04:04","guid":{"rendered":""},"modified":"2026-04-27T14:04:04","modified_gmt":"2026-04-27T14:04:04","slug":"zlevneny-nastenna-baterie-do-byt-jadra-sonata-150-mm-s-trubkovym-raminkem-330-mm-bez-prislusentvi-chrom-54554","status":"publish","type":"product","link":"https:\/\/www.koupeltech.com\/index.php\/produkt\/zlevneny-nastenna-baterie-do-byt-jadra-sonata-150-mm-s-trubkovym-raminkem-330-mm-bez-prislusentvi-chrom-54554\/","title":{"rendered":"Zlevn\u011bn\u00fd N\u00e1st\u011bnn\u00e1 baterie do byt. j\u00e1dra, Son\u00e1ta, 150 mm, s trubkov\u00fdm ram\u00ednkem 330 mm, bez p\u0159\u00edslu\u0161entv\u00ed, chrom"},"content":{"rendered":"<div id=\"e4808133\" class=\"pages\">\n<div>\n<div id=\"PDDescription\" class=\"UserContentView userContent v1a v1 bs-view dcon dc164 PDDescription\" ><dc-con><dc-con><bs-empty><\/bs-empty><\/dc-con><dc-con>        <\/p>\n<div class=\"customDescription\">                    <\/div>\n<p><\/dc-con><dc-con><\/p>\n<div>Tato n\u00e1st\u011bnn\u00e1 baterie do byt. j\u00e1dra pat\u0159\u00ed do \u0159ady vodovodn\u00edch bateri\u00ed Son\u00e1ta, kter\u00e1 se vyzna\u010duje robustn\u00edm vzhledem a tich\u00fdm chodem. T\u0159\u00edkrokov\u00e1 kartu\u0161 zaru\u010duje jednoduchou obsluhu a sni\u017euje spot\u0159ebu vody. Velmi kvalitn\u00ed povrchov\u00e1 \u00faprava a spolehlivost je samoz\u0159ejmost\u00ed. <\/p>\n<p>&#8211; trubkov\u00e9 ram\u00ednko o 18 mm &#8211; d\u00e9lka 330 mm<br \/>&#8211; keramick\u00e1 kartu\u0161 40 mm<br \/>&#8211; garantovan\u00e1 z\u00e1ruka 10 let<br \/>&#8211; servis vodovodn\u00edch bateri\u00ed zaji\u0161t\u011bn\u00fd v r\u00e1mci \u010cR a SR<\/div>\n<table class='techparam_table'>\n<tr>\n<td>Typ<\/td>\n<td>Pro bytov\u00e1 j\u00e1dra<\/td>\n<\/tr>\n<tr>\n<td>Barva<\/td>\n<td>Chrom<\/td>\n<\/tr>\n<tr>\n<td>S\u00e9rie<\/td>\n<td>Son\u00e1ta<\/td>\n<\/tr>\n<tr>\n<td>Design<\/td>\n<td>Obl\u00fd<\/td>\n<\/tr>\n<tr>\n<td>Rozte\u010d<\/td>\n<td>150 mm<\/td>\n<\/tr>\n<tr>\n<td>Kartu\u0161e<\/td>\n<td>40 mm<\/td>\n<\/tr>\n<tr>\n<td>Materi\u00e1l<\/td>\n<td>Pochromovan\u00e1 mosaz<\/td>\n<\/tr>\n<tr>\n<td>Varianta<\/td>\n<td>Bytov\u00e9 j\u00e1dro<\/td>\n<\/tr>\n<tr>\n<td>Ovl\u00e1d\u00e1n\u00ed baterie<\/td>\n<td>P\u00e1kov\u00e1<\/td>\n<\/tr>\n<\/table>\n<p><\/dc-con><\/dc-con><\/div>\n<\/p><\/div>\n<div id=\"PDTable3\" class=\"ProductDetailTableView v3a v3 bs-view dcon dc185 PDTable3\" >\n<table>\n<thead><\/thead>\n<tbody>\n<tr class=\"attribute attr_ovladani\">\n<td class=\"caption\">Ovl\u00e1d\u00e1n\u00ed<\/td>\n<td class=\"value\">P\u00e1kov\u00e9<\/td>\n<\/tr>\n<tr class=\"attribute attr_pouziti\">\n<td class=\"caption\">Pou\u017eit\u00ed<\/td>\n<td class=\"value\">Vanov\u00e9 baterie<\/td>\n<\/tr>\n<tr class=\"attribute attr_typ\">\n<td class=\"caption\">Typ<\/td>\n<td class=\"value\">N\u00e1st\u011bnn\u00e9 baterie<\/td>\n<\/tr>\n<tr class=\"attribute attr_roztecpripojeni\">\n<td class=\"caption\">Rozte\u010d p\u0159ipojen\u00ed v mm<\/td>\n<td class=\"value\">150 mm<\/td>\n<\/tr>\n<\/tbody>\n<\/table>\n<\/div>\n<div id=\"ProductMedia\" class=\"ProductMediaView MediaViewBase v1a v1 bs-view dcon dc409 ProductMedia\" ><bs-empty><\/bs-empty><\/p>\n<div class=\"files\">\n<div class=\"title sub\">Soubory<\/div>\n<p><a href=\"\/media\/8578\/001-001-mereo-baterie-zarucni-list-a-navod-2021.pdf?&amp;key=ZGpmIyQwNUZfODU3OA==\" class=\"pdf\">001_001_mereo_baterie-zarucni-list-a-navod-2021.pdf<\/a><a href=\"\/media\/8579\/t-010-002-sonata-n.pdf?&amp;key=ZGpmIyQwNUZfODU3OQ==\" class=\"pdf\">T_010_002_Sonata_N.pdf<\/a><a href=\"\/media\/42798\/j675648286f4b4-t-010-002-sonata-n-pdf-2024-09-17-10-28-27.pdf?&amp;key=ZGpmIyQwNUZfNDI3OTg=\" class=\"pdf\">j675648286f4b4-t-010-002-sonata-n-pdf-2024-09-17-10-28-27.pdf<\/a><\/div>\n<p><bs-empty><\/bs-empty><\/div>\n<\/div>\n<div id=\"e4808134\" class=\"tabs\">\n","protected":false},"excerpt":{"rendered":"<p>Tato n\u00e1st\u011bnn\u00e1 baterie do byt. j\u00e1dra pat\u0159\u00ed do \u0159ady vodovodn\u00edch bateri\u00ed Son\u00e1ta, kter\u00e1 se vyzna\u010duje robustn\u00edm vzhledem a tich\u00fdm chodem. T\u0159\u00edkrokov\u00e1 kartu\u0161 zaru\u010duje jednoduchou obsluhu a sni\u017euje spot\u0159ebu vody. Velmi kvalitn\u00ed povrchov\u00e1 \u00faprava a spolehlivost je samoz\u0159ejmost\u00ed. &#8211; trubkov\u00e9 ram\u00ednko o 18 mm &#8211; d\u00e9lka 330 mm&#8211; keramick\u00e1 kartu\u0161 40 mm&#8211; garantovan\u00e1 z\u00e1ruka 10 let&#8211; [&hellip;]<\/p>\n","protected":false},"featured_media":54654,"comment_status":"open","ping_status":"open","template":"","meta":[],"product_brand":[],"product_cat":[94],"product_tag":[],"class_list":{"0":"post-54554","1":"product","2":"type-product","3":"status-publish","4":"has-post-thumbnail","6":"product_cat-vybaven-237-koupelny","8":"first","9":"instock","10":"sale","11":"shipping-taxable","12":"purchasable","13":"product-type-simple"},"yoast_head":"<!-- This site is optimized with the Yoast SEO plugin v26.8 - https:\/\/yoast.com\/product\/yoast-seo-wordpress\/ -->\n<title>Zlevn\u011bn\u00fd N\u00e1st\u011bnn\u00e1 baterie do byt. j\u00e1dra, Son\u00e1ta, 150 mm, s trubkov\u00fdm ram\u00ednkem 330 mm, bez p\u0159\u00edslu\u0161entv\u00ed, chrom -<\/title>\n<meta name=\"robots\" content=\"index, follow, max-snippet:-1, max-image-preview:large, max-video-preview:-1\" \/>\n<link rel=\"canonical\" href=\"https:\/\/www.koupeltech.com\/index.php\/produkt\/zlevneny-nastenna-baterie-do-byt-jadra-sonata-150-mm-s-trubkovym-raminkem-330-mm-bez-prislusentvi-chrom-54554\/\" \/>\n<meta property=\"og:locale\" content=\"cs_CZ\" \/>\n<meta property=\"og:type\" content=\"article\" \/>\n<meta property=\"og:title\" content=\"Zlevn\u011bn\u00fd N\u00e1st\u011bnn\u00e1 baterie do byt. j\u00e1dra, Son\u00e1ta, 150 mm, s trubkov\u00fdm ram\u00ednkem 330 mm, bez p\u0159\u00edslu\u0161entv\u00ed, chrom -\" \/>\n<meta property=\"og:description\" content=\"Tato n\u00e1st\u011bnn\u00e1 baterie do byt. j\u00e1dra pat\u0159\u00ed do \u0159ady vodovodn\u00edch bateri\u00ed Son\u00e1ta, kter\u00e1 se vyzna\u010duje robustn\u00edm vzhledem a tich\u00fdm chodem. T\u0159\u00edkrokov\u00e1 kartu\u0161 zaru\u010duje jednoduchou obsluhu a sni\u017euje spot\u0159ebu vody. Velmi kvalitn\u00ed povrchov\u00e1 \u00faprava a spolehlivost je samoz\u0159ejmost\u00ed. &#8211; trubkov\u00e9 ram\u00ednko o 18 mm &#8211; d\u00e9lka 330 mm&#8211; keramick\u00e1 kartu\u0161 40 mm&#8211; garantovan\u00e1 z\u00e1ruka 10 let&#8211; [&hellip;]\" \/>\n<meta property=\"og:url\" content=\"https:\/\/www.koupeltech.com\/index.php\/produkt\/zlevneny-nastenna-baterie-do-byt-jadra-sonata-150-mm-s-trubkovym-raminkem-330-mm-bez-prislusentvi-chrom-54554\/\" \/>\n<meta property=\"og:image\" content=\"https:\/\/www.koupeltech.com\/wp-content\/uploads\/2026\/SK0021298-CZ20260425-093449-0-1777080896-nastenna-baterie-do-byt-jadra-sonata-150-mm-s-trubkovym-ram.webp\" \/>\n\t<meta property=\"og:image:width\" content=\"1000\" \/>\n\t<meta property=\"og:image:height\" content=\"525\" \/>\n\t<meta property=\"og:image:type\" content=\"image\/webp\" \/>\n<meta name=\"twitter:card\" content=\"summary_large_image\" \/>\n<meta name=\"twitter:label1\" content=\"Odhadovan\u00e1 doba \u010dten\u00ed\" \/>\n\t<meta name=\"twitter:data1\" content=\"1 minuta\" \/>\n<script type=\"application\/ld+json\" class=\"yoast-schema-graph\">{\"@context\":\"https:\/\/schema.org\",\"@graph\":[{\"@type\":\"WebPage\",\"@id\":\"https:\/\/www.koupeltech.com\/index.php\/produkt\/zlevneny-nastenna-baterie-do-byt-jadra-sonata-150-mm-s-trubkovym-raminkem-330-mm-bez-prislusentvi-chrom-54554\/\",\"url\":\"https:\/\/www.koupeltech.com\/index.php\/produkt\/zlevneny-nastenna-baterie-do-byt-jadra-sonata-150-mm-s-trubkovym-raminkem-330-mm-bez-prislusentvi-chrom-54554\/\",\"name\":\"Zlevn\u011bn\u00fd N\u00e1st\u011bnn\u00e1 baterie do byt. j\u00e1dra, Son\u00e1ta, 150 mm, s trubkov\u00fdm ram\u00ednkem 330 mm, bez p\u0159\u00edslu\u0161entv\u00ed, chrom -\",\"isPartOf\":{\"@id\":\"https:\/\/www.koupeltech.com\/#website\"},\"primaryImageOfPage\":{\"@id\":\"https:\/\/www.koupeltech.com\/index.php\/produkt\/zlevneny-nastenna-baterie-do-byt-jadra-sonata-150-mm-s-trubkovym-raminkem-330-mm-bez-prislusentvi-chrom-54554\/#primaryimage\"},\"image\":{\"@id\":\"https:\/\/www.koupeltech.com\/index.php\/produkt\/zlevneny-nastenna-baterie-do-byt-jadra-sonata-150-mm-s-trubkovym-raminkem-330-mm-bez-prislusentvi-chrom-54554\/#primaryimage\"},\"thumbnailUrl\":\"https:\/\/www.koupeltech.com\/wp-content\/uploads\/2026\/SK0021298-CZ20260425-093449-0-1777080896-nastenna-baterie-do-byt-jadra-sonata-150-mm-s-trubkovym-ram.webp\",\"datePublished\":\"2026-04-27T14:04:04+00:00\",\"breadcrumb\":{\"@id\":\"https:\/\/www.koupeltech.com\/index.php\/produkt\/zlevneny-nastenna-baterie-do-byt-jadra-sonata-150-mm-s-trubkovym-raminkem-330-mm-bez-prislusentvi-chrom-54554\/#breadcrumb\"},\"inLanguage\":\"cs\",\"potentialAction\":[{\"@type\":\"ReadAction\",\"target\":[\"https:\/\/www.koupeltech.com\/index.php\/produkt\/zlevneny-nastenna-baterie-do-byt-jadra-sonata-150-mm-s-trubkovym-raminkem-330-mm-bez-prislusentvi-chrom-54554\/\"]}]},{\"@type\":\"ImageObject\",\"inLanguage\":\"cs\",\"@id\":\"https:\/\/www.koupeltech.com\/index.php\/produkt\/zlevneny-nastenna-baterie-do-byt-jadra-sonata-150-mm-s-trubkovym-raminkem-330-mm-bez-prislusentvi-chrom-54554\/#primaryimage\",\"url\":\"https:\/\/www.koupeltech.com\/wp-content\/uploads\/2026\/SK0021298-CZ20260425-093449-0-1777080896-nastenna-baterie-do-byt-jadra-sonata-150-mm-s-trubkovym-ram.webp\",\"contentUrl\":\"https:\/\/www.koupeltech.com\/wp-content\/uploads\/2026\/SK0021298-CZ20260425-093449-0-1777080896-nastenna-baterie-do-byt-jadra-sonata-150-mm-s-trubkovym-ram.webp\",\"width\":1000,\"height\":525},{\"@type\":\"BreadcrumbList\",\"@id\":\"https:\/\/www.koupeltech.com\/index.php\/produkt\/zlevneny-nastenna-baterie-do-byt-jadra-sonata-150-mm-s-trubkovym-raminkem-330-mm-bez-prislusentvi-chrom-54554\/#breadcrumb\",\"itemListElement\":[{\"@type\":\"ListItem\",\"position\":1,\"name\":\"Home\",\"item\":\"https:\/\/www.koupeltech.com\/\"},{\"@type\":\"ListItem\",\"position\":2,\"name\":\"Products\",\"item\":\"https:\/\/www.koupeltech.com\/index.php\/products\/\"},{\"@type\":\"ListItem\",\"position\":3,\"name\":\"Zlevn\u011bn\u00fd N\u00e1st\u011bnn\u00e1 baterie do byt. j\u00e1dra, Son\u00e1ta, 150 mm, s trubkov\u00fdm ram\u00ednkem 330 mm, bez p\u0159\u00edslu\u0161entv\u00ed, chrom\"}]},{\"@type\":\"WebSite\",\"@id\":\"https:\/\/www.koupeltech.com\/#website\",\"url\":\"https:\/\/www.koupeltech.com\/\",\"name\":\"\",\"description\":\"\",\"potentialAction\":[{\"@type\":\"SearchAction\",\"target\":{\"@type\":\"EntryPoint\",\"urlTemplate\":\"https:\/\/www.koupeltech.com\/?s={search_term_string}\"},\"query-input\":{\"@type\":\"PropertyValueSpecification\",\"valueRequired\":true,\"valueName\":\"search_term_string\"}}],\"inLanguage\":\"cs\"}]}<\/script>\n<!-- \/ Yoast SEO plugin. -->","yoast_head_json":{"title":"Zlevn\u011bn\u00fd N\u00e1st\u011bnn\u00e1 baterie do byt. j\u00e1dra, Son\u00e1ta, 150 mm, s trubkov\u00fdm ram\u00ednkem 330 mm, bez p\u0159\u00edslu\u0161entv\u00ed, chrom -","robots":{"index":"index","follow":"follow","max-snippet":"max-snippet:-1","max-image-preview":"max-image-preview:large","max-video-preview":"max-video-preview:-1"},"canonical":"https:\/\/www.koupeltech.com\/index.php\/produkt\/zlevneny-nastenna-baterie-do-byt-jadra-sonata-150-mm-s-trubkovym-raminkem-330-mm-bez-prislusentvi-chrom-54554\/","og_locale":"cs_CZ","og_type":"article","og_title":"Zlevn\u011bn\u00fd N\u00e1st\u011bnn\u00e1 baterie do byt. j\u00e1dra, Son\u00e1ta, 150 mm, s trubkov\u00fdm ram\u00ednkem 330 mm, bez p\u0159\u00edslu\u0161entv\u00ed, chrom -","og_description":"Tato n\u00e1st\u011bnn\u00e1 baterie do byt. j\u00e1dra pat\u0159\u00ed do \u0159ady vodovodn\u00edch bateri\u00ed Son\u00e1ta, kter\u00e1 se vyzna\u010duje robustn\u00edm vzhledem a tich\u00fdm chodem. T\u0159\u00edkrokov\u00e1 kartu\u0161 zaru\u010duje jednoduchou obsluhu a sni\u017euje spot\u0159ebu vody. Velmi kvalitn\u00ed povrchov\u00e1 \u00faprava a spolehlivost je samoz\u0159ejmost\u00ed. &#8211; trubkov\u00e9 ram\u00ednko o 18 mm &#8211; d\u00e9lka 330 mm&#8211; keramick\u00e1 kartu\u0161 40 mm&#8211; garantovan\u00e1 z\u00e1ruka 10 let&#8211; [&hellip;]","og_url":"https:\/\/www.koupeltech.com\/index.php\/produkt\/zlevneny-nastenna-baterie-do-byt-jadra-sonata-150-mm-s-trubkovym-raminkem-330-mm-bez-prislusentvi-chrom-54554\/","og_image":[{"width":1000,"height":525,"url":"https:\/\/www.koupeltech.com\/wp-content\/uploads\/2026\/SK0021298-CZ20260425-093449-0-1777080896-nastenna-baterie-do-byt-jadra-sonata-150-mm-s-trubkovym-ram.webp","type":"image\/webp"}],"twitter_card":"summary_large_image","twitter_misc":{"Odhadovan\u00e1 doba \u010dten\u00ed":"1 minuta"},"schema":{"@context":"https:\/\/schema.org","@graph":[{"@type":"WebPage","@id":"https:\/\/www.koupeltech.com\/index.php\/produkt\/zlevneny-nastenna-baterie-do-byt-jadra-sonata-150-mm-s-trubkovym-raminkem-330-mm-bez-prislusentvi-chrom-54554\/","url":"https:\/\/www.koupeltech.com\/index.php\/produkt\/zlevneny-nastenna-baterie-do-byt-jadra-sonata-150-mm-s-trubkovym-raminkem-330-mm-bez-prislusentvi-chrom-54554\/","name":"Zlevn\u011bn\u00fd N\u00e1st\u011bnn\u00e1 baterie do byt. j\u00e1dra, Son\u00e1ta, 150 mm, s trubkov\u00fdm ram\u00ednkem 330 mm, bez p\u0159\u00edslu\u0161entv\u00ed, chrom -","isPartOf":{"@id":"https:\/\/www.koupeltech.com\/#website"},"primaryImageOfPage":{"@id":"https:\/\/www.koupeltech.com\/index.php\/produkt\/zlevneny-nastenna-baterie-do-byt-jadra-sonata-150-mm-s-trubkovym-raminkem-330-mm-bez-prislusentvi-chrom-54554\/#primaryimage"},"image":{"@id":"https:\/\/www.koupeltech.com\/index.php\/produkt\/zlevneny-nastenna-baterie-do-byt-jadra-sonata-150-mm-s-trubkovym-raminkem-330-mm-bez-prislusentvi-chrom-54554\/#primaryimage"},"thumbnailUrl":"https:\/\/www.koupeltech.com\/wp-content\/uploads\/2026\/SK0021298-CZ20260425-093449-0-1777080896-nastenna-baterie-do-byt-jadra-sonata-150-mm-s-trubkovym-ram.webp","datePublished":"2026-04-27T14:04:04+00:00","breadcrumb":{"@id":"https:\/\/www.koupeltech.com\/index.php\/produkt\/zlevneny-nastenna-baterie-do-byt-jadra-sonata-150-mm-s-trubkovym-raminkem-330-mm-bez-prislusentvi-chrom-54554\/#breadcrumb"},"inLanguage":"cs","potentialAction":[{"@type":"ReadAction","target":["https:\/\/www.koupeltech.com\/index.php\/produkt\/zlevneny-nastenna-baterie-do-byt-jadra-sonata-150-mm-s-trubkovym-raminkem-330-mm-bez-prislusentvi-chrom-54554\/"]}]},{"@type":"ImageObject","inLanguage":"cs","@id":"https:\/\/www.koupeltech.com\/index.php\/produkt\/zlevneny-nastenna-baterie-do-byt-jadra-sonata-150-mm-s-trubkovym-raminkem-330-mm-bez-prislusentvi-chrom-54554\/#primaryimage","url":"https:\/\/www.koupeltech.com\/wp-content\/uploads\/2026\/SK0021298-CZ20260425-093449-0-1777080896-nastenna-baterie-do-byt-jadra-sonata-150-mm-s-trubkovym-ram.webp","contentUrl":"https:\/\/www.koupeltech.com\/wp-content\/uploads\/2026\/SK0021298-CZ20260425-093449-0-1777080896-nastenna-baterie-do-byt-jadra-sonata-150-mm-s-trubkovym-ram.webp","width":1000,"height":525},{"@type":"BreadcrumbList","@id":"https:\/\/www.koupeltech.com\/index.php\/produkt\/zlevneny-nastenna-baterie-do-byt-jadra-sonata-150-mm-s-trubkovym-raminkem-330-mm-bez-prislusentvi-chrom-54554\/#breadcrumb","itemListElement":[{"@type":"ListItem","position":1,"name":"Home","item":"https:\/\/www.koupeltech.com\/"},{"@type":"ListItem","position":2,"name":"Products","item":"https:\/\/www.koupeltech.com\/index.php\/products\/"},{"@type":"ListItem","position":3,"name":"Zlevn\u011bn\u00fd N\u00e1st\u011bnn\u00e1 baterie do byt. j\u00e1dra, Son\u00e1ta, 150 mm, s trubkov\u00fdm ram\u00ednkem 330 mm, bez p\u0159\u00edslu\u0161entv\u00ed, chrom"}]},{"@type":"WebSite","@id":"https:\/\/www.koupeltech.com\/#website","url":"https:\/\/www.koupeltech.com\/","name":"","description":"","potentialAction":[{"@type":"SearchAction","target":{"@type":"EntryPoint","urlTemplate":"https:\/\/www.koupeltech.com\/?s={search_term_string}"},"query-input":{"@type":"PropertyValueSpecification","valueRequired":true,"valueName":"search_term_string"}}],"inLanguage":"cs"}]}},"_links":{"self":[{"href":"https:\/\/www.koupeltech.com\/index.php\/wp-json\/wp\/v2\/product\/54554","targetHints":{"allow":["GET"]}}],"collection":[{"href":"https:\/\/www.koupeltech.com\/index.php\/wp-json\/wp\/v2\/product"}],"about":[{"href":"https:\/\/www.koupeltech.com\/index.php\/wp-json\/wp\/v2\/types\/product"}],"replies":[{"embeddable":true,"href":"https:\/\/www.koupeltech.com\/index.php\/wp-json\/wp\/v2\/comments?post=54554"}],"wp:featuredmedia":[{"embeddable":true,"href":"https:\/\/www.koupeltech.com\/index.php\/wp-json\/wp\/v2\/media\/54654"}],"wp:attachment":[{"href":"https:\/\/www.koupeltech.com\/index.php\/wp-json\/wp\/v2\/media?parent=54554"}],"wp:term":[{"taxonomy":"product_brand","embeddable":true,"href":"https:\/\/www.koupeltech.com\/index.php\/wp-json\/wp\/v2\/product_brand?post=54554"},{"taxonomy":"product_cat","embeddable":true,"href":"https:\/\/www.koupeltech.com\/index.php\/wp-json\/wp\/v2\/product_cat?post=54554"},{"taxonomy":"product_tag","embeddable":true,"href":"https:\/\/www.koupeltech.com\/index.php\/wp-json\/wp\/v2\/product_tag?post=54554"}],"curies":[{"name":"wp","href":"https:\/\/api.w.org\/{rel}","templated":true}]}}