{"id":54757,"date":"2026-04-27T14:04:05","date_gmt":"2026-04-27T14:04:05","guid":{"rendered":""},"modified":"2026-04-27T14:04:05","modified_gmt":"2026-04-27T14:04:05","slug":"akce-lima-sprchove-dvere-trojdilne-zasunovaci-80-cm-chrom-alu-sklo-point-54757","status":"publish","type":"product","link":"https:\/\/www.koupeltech.com\/index.php\/produkt\/akce-lima-sprchove-dvere-trojdilne-zasunovaci-80-cm-chrom-alu-sklo-point-54757\/","title":{"rendered":"Akce LIMA Sprchov\u00e9 dve\u0159e, trojd\u00edln\u00e9, zasunovac\u00ed, 80 cm, chrom ALU, sklo Point"},"content":{"rendered":"<div id=\"e4864251\" class=\"pages\">\n<div>\n<div id=\"PDDescription\" class=\"UserContentView userContent v1a v1 bs-view dcon dc164 PDDescription\" ><dc-con><dc-con><bs-empty><\/bs-empty><\/dc-con><dc-con>        <\/p>\n<div class=\"customDescription\">                    <\/div>\n<p><\/dc-con><dc-con><\/p>\n<div>Lima je \u0159ada sprchov\u00fdch kout\u016f Mereo, kter\u00e1 navod\u00ed pocit \u010dist\u00e9ho designu v ka\u017ed\u00e9 modern\u00ed koupeln\u011b. Rovn\u00e9 hladk\u00e9 plochy, \u010dist\u00e9 linie a ostr\u00e9 hrany profil\u016f umoc\u0148uj\u00ed pocit exkluzivity. Kvalitn\u00ed sklen\u011bn\u00e9 v\u00fdpln\u011b s bezpe\u010dnostn\u00edm sklem. Tento kout nab\u00edz\u00edme v nepr\u016fhledn\u00e9m proveden\u00ed se sklem Point, kter\u00e9 navod\u00ed lep\u0161\u00ed pocit intimity p\u0159i sprchov\u00e1n\u00ed.<\/p>\n<p>Snadn\u00e9 otev\u00edr\u00e1n\u00ed a se\u0159\u00edzen\u00ed zabezpe\u010duj\u00ed staviteln\u00e9 lo\u017eiskov\u00e9 pojezdy. Dve\u0159e se p\u0159i otv\u00edr\u00e1n\u00ed i zav\u00edr\u00e1n\u00ed pohybuj\u00ed plynule, v\u0161echny soub\u011b\u017en\u011b a nenar\u00e1\u017e\u00ed do sebe.<\/div>\n<table class='techparam_table'>\n<tr>\n<td>Typ<\/td>\n<td>Sprchov\u00e9 dve\u0159e<\/td>\n<\/tr>\n<tr>\n<td>Sklo<\/td>\n<td>Point<\/td>\n<\/tr>\n<tr>\n<td>Barva<\/td>\n<td>Chrom<\/td>\n<\/tr>\n<tr>\n<td>S\u00e9rie<\/td>\n<td>Lima<\/td>\n<\/tr>\n<tr>\n<td>\u0160\u00ed\u0159ka<\/td>\n<td>800 mm<\/td>\n<\/tr>\n<tr>\n<td>Materi\u00e1l<\/td>\n<td>Hlin\u00edkov\u00e9 profily<\/td>\n<\/tr>\n<tr>\n<td>Proveden\u00ed<\/td>\n<td>L\/P univers\u00e1ln\u00ed<\/td>\n<\/tr>\n<tr>\n<td>Konstrukce<\/td>\n<td>Dve\u0159e<\/td>\n<\/tr>\n<tr>\n<td>D\u00e9lka\/V\u00fd\u0161ka<\/td>\n<td>1900 mm<\/td>\n<\/tr>\n<tr>\n<td>Stavitelnost<\/td>\n<td>780 &#8211; 800<\/td>\n<\/tr>\n<tr>\n<td>Tlou\u0161\u0165ka skla<\/td>\n<td>6 mm<\/td>\n<\/tr>\n<tr>\n<td>Vstupn\u00ed otvor<\/td>\n<td>360<\/td>\n<\/tr>\n<tr>\n<td>Zp\u016fsob otev\u00edr\u00e1n\u00ed<\/td>\n<td>Zasunovac\u00ed<\/td>\n<\/tr>\n<\/table>\n<p><\/dc-con><\/dc-con><\/div>\n<\/p><\/div>\n<div id=\"PDTable3\" class=\"ProductDetailTableView v3a v3 bs-view dcon dc185 PDTable3\" >\n<table>\n<thead><\/thead>\n<tbody>\n<tr class=\"attribute attr_typskla\">\n<td class=\"caption\">Typ skla<\/td>\n<td class=\"value\">Point<\/td>\n<\/tr>\n<tr class=\"attribute attr_Vyska attr_1\">\n<td class=\"caption\">V\u00fd\u0161ka v mm<\/td>\n<td class=\"value\">1900<\/td>\n<\/tr>\n<\/tbody>\n<\/table>\n<\/div>\n<div id=\"ProductMedia\" class=\"ProductMediaView MediaViewBase v1a v1 bs-view dcon dc409 ProductMedia\" ><bs-empty><\/bs-empty><\/p>\n<div class=\"files\">\n<div class=\"title sub\">Soubory<\/div>\n<p><a href=\"\/media\/32741\/lima-ck806xxk-zasunovaci-3dilne-navod-jazyky.pdf?&amp;key=ZGpmIyQwNUZfMzI3NDE=\" class=\"pdf\">LIMA_CK806xxK_zasunovaci_3dilne_navod_jazyky.pdf<\/a><a href=\"\/media\/43242\/967564830a782e-lima-ck806xxk-zasunovaci-3dilne-navod-jazyky-pdf-2024-05-10-11-26-26.pdf?&amp;key=ZGpmIyQwNUZfNDMyNDI=\" class=\"pdf\">967564830a782e-lima-ck806xxk-zasunovaci-3dilne-navod-jazyky-pdf-2024-05-10-11-26-26.pdf<\/a><\/div>\n<p><bs-empty><\/bs-empty><\/div>\n<\/div>\n<div id=\"e4864252\" class=\"tabs\">\n","protected":false},"excerpt":{"rendered":"<p>Lima je \u0159ada sprchov\u00fdch kout\u016f Mereo, kter\u00e1 navod\u00ed pocit \u010dist\u00e9ho designu v ka\u017ed\u00e9 modern\u00ed koupeln\u011b. Rovn\u00e9 hladk\u00e9 plochy, \u010dist\u00e9 linie a ostr\u00e9 hrany profil\u016f umoc\u0148uj\u00ed pocit exkluzivity. Kvalitn\u00ed sklen\u011bn\u00e9 v\u00fdpln\u011b s bezpe\u010dnostn\u00edm sklem. Tento kout nab\u00edz\u00edme v nepr\u016fhledn\u00e9m proveden\u00ed se sklem Point, kter\u00e9 navod\u00ed lep\u0161\u00ed pocit intimity p\u0159i sprchov\u00e1n\u00ed. Snadn\u00e9 otev\u00edr\u00e1n\u00ed a se\u0159\u00edzen\u00ed zabezpe\u010duj\u00ed staviteln\u00e9 [&hellip;]<\/p>\n","protected":false},"featured_media":54857,"comment_status":"open","ping_status":"open","template":"","meta":[],"product_brand":[],"product_cat":[94],"product_tag":[],"class_list":{"0":"post-54757","1":"product","2":"type-product","3":"status-publish","4":"has-post-thumbnail","6":"product_cat-vybaven-237-koupelny","8":"first","9":"instock","10":"sale","11":"shipping-taxable","12":"purchasable","13":"product-type-simple"},"yoast_head":"<!-- This site is optimized with the Yoast SEO plugin v26.8 - https:\/\/yoast.com\/product\/yoast-seo-wordpress\/ -->\n<title>Akce LIMA Sprchov\u00e9 dve\u0159e, trojd\u00edln\u00e9, zasunovac\u00ed, 80 cm, chrom ALU, sklo Point -<\/title>\n<meta name=\"robots\" content=\"index, follow, max-snippet:-1, max-image-preview:large, max-video-preview:-1\" \/>\n<link rel=\"canonical\" href=\"https:\/\/www.koupeltech.com\/index.php\/produkt\/akce-lima-sprchove-dvere-trojdilne-zasunovaci-80-cm-chrom-alu-sklo-point-54757\/\" \/>\n<meta property=\"og:locale\" content=\"cs_CZ\" \/>\n<meta property=\"og:type\" content=\"article\" \/>\n<meta property=\"og:title\" content=\"Akce LIMA Sprchov\u00e9 dve\u0159e, trojd\u00edln\u00e9, zasunovac\u00ed, 80 cm, chrom ALU, sklo Point -\" \/>\n<meta property=\"og:description\" content=\"Lima je \u0159ada sprchov\u00fdch kout\u016f Mereo, kter\u00e1 navod\u00ed pocit \u010dist\u00e9ho designu v ka\u017ed\u00e9 modern\u00ed koupeln\u011b. Rovn\u00e9 hladk\u00e9 plochy, \u010dist\u00e9 linie a ostr\u00e9 hrany profil\u016f umoc\u0148uj\u00ed pocit exkluzivity. Kvalitn\u00ed sklen\u011bn\u00e9 v\u00fdpln\u011b s bezpe\u010dnostn\u00edm sklem. Tento kout nab\u00edz\u00edme v nepr\u016fhledn\u00e9m proveden\u00ed se sklem Point, kter\u00e9 navod\u00ed lep\u0161\u00ed pocit intimity p\u0159i sprchov\u00e1n\u00ed. Snadn\u00e9 otev\u00edr\u00e1n\u00ed a se\u0159\u00edzen\u00ed zabezpe\u010duj\u00ed staviteln\u00e9 [&hellip;]\" \/>\n<meta property=\"og:url\" content=\"https:\/\/www.koupeltech.com\/index.php\/produkt\/akce-lima-sprchove-dvere-trojdilne-zasunovaci-80-cm-chrom-alu-sklo-point-54757\/\" \/>\n<meta property=\"og:image\" content=\"https:\/\/www.koupeltech.com\/wp-content\/uploads\/2026\/SK0021401-CZ20260425-093449-0-1777080896-lima-sprchove-dvere-trojdilne-zasunovaci-80-cm-chrom-alu-sk.webp\" \/>\n\t<meta property=\"og:image:width\" content=\"1000\" \/>\n\t<meta property=\"og:image:height\" content=\"525\" \/>\n\t<meta property=\"og:image:type\" content=\"image\/webp\" \/>\n<meta name=\"twitter:card\" content=\"summary_large_image\" \/>\n<meta name=\"twitter:label1\" content=\"Odhadovan\u00e1 doba \u010dten\u00ed\" \/>\n\t<meta name=\"twitter:data1\" content=\"1 minuta\" \/>\n<script type=\"application\/ld+json\" class=\"yoast-schema-graph\">{\"@context\":\"https:\/\/schema.org\",\"@graph\":[{\"@type\":\"WebPage\",\"@id\":\"https:\/\/www.koupeltech.com\/index.php\/produkt\/akce-lima-sprchove-dvere-trojdilne-zasunovaci-80-cm-chrom-alu-sklo-point-54757\/\",\"url\":\"https:\/\/www.koupeltech.com\/index.php\/produkt\/akce-lima-sprchove-dvere-trojdilne-zasunovaci-80-cm-chrom-alu-sklo-point-54757\/\",\"name\":\"Akce LIMA Sprchov\u00e9 dve\u0159e, trojd\u00edln\u00e9, zasunovac\u00ed, 80 cm, chrom ALU, sklo Point -\",\"isPartOf\":{\"@id\":\"https:\/\/www.koupeltech.com\/#website\"},\"primaryImageOfPage\":{\"@id\":\"https:\/\/www.koupeltech.com\/index.php\/produkt\/akce-lima-sprchove-dvere-trojdilne-zasunovaci-80-cm-chrom-alu-sklo-point-54757\/#primaryimage\"},\"image\":{\"@id\":\"https:\/\/www.koupeltech.com\/index.php\/produkt\/akce-lima-sprchove-dvere-trojdilne-zasunovaci-80-cm-chrom-alu-sklo-point-54757\/#primaryimage\"},\"thumbnailUrl\":\"https:\/\/www.koupeltech.com\/wp-content\/uploads\/2026\/SK0021401-CZ20260425-093449-0-1777080896-lima-sprchove-dvere-trojdilne-zasunovaci-80-cm-chrom-alu-sk.webp\",\"datePublished\":\"2026-04-27T14:04:05+00:00\",\"breadcrumb\":{\"@id\":\"https:\/\/www.koupeltech.com\/index.php\/produkt\/akce-lima-sprchove-dvere-trojdilne-zasunovaci-80-cm-chrom-alu-sklo-point-54757\/#breadcrumb\"},\"inLanguage\":\"cs\",\"potentialAction\":[{\"@type\":\"ReadAction\",\"target\":[\"https:\/\/www.koupeltech.com\/index.php\/produkt\/akce-lima-sprchove-dvere-trojdilne-zasunovaci-80-cm-chrom-alu-sklo-point-54757\/\"]}]},{\"@type\":\"ImageObject\",\"inLanguage\":\"cs\",\"@id\":\"https:\/\/www.koupeltech.com\/index.php\/produkt\/akce-lima-sprchove-dvere-trojdilne-zasunovaci-80-cm-chrom-alu-sklo-point-54757\/#primaryimage\",\"url\":\"https:\/\/www.koupeltech.com\/wp-content\/uploads\/2026\/SK0021401-CZ20260425-093449-0-1777080896-lima-sprchove-dvere-trojdilne-zasunovaci-80-cm-chrom-alu-sk.webp\",\"contentUrl\":\"https:\/\/www.koupeltech.com\/wp-content\/uploads\/2026\/SK0021401-CZ20260425-093449-0-1777080896-lima-sprchove-dvere-trojdilne-zasunovaci-80-cm-chrom-alu-sk.webp\",\"width\":1000,\"height\":525},{\"@type\":\"BreadcrumbList\",\"@id\":\"https:\/\/www.koupeltech.com\/index.php\/produkt\/akce-lima-sprchove-dvere-trojdilne-zasunovaci-80-cm-chrom-alu-sklo-point-54757\/#breadcrumb\",\"itemListElement\":[{\"@type\":\"ListItem\",\"position\":1,\"name\":\"Home\",\"item\":\"https:\/\/www.koupeltech.com\/\"},{\"@type\":\"ListItem\",\"position\":2,\"name\":\"Products\",\"item\":\"https:\/\/www.koupeltech.com\/index.php\/products\/\"},{\"@type\":\"ListItem\",\"position\":3,\"name\":\"Akce LIMA Sprchov\u00e9 dve\u0159e, trojd\u00edln\u00e9, zasunovac\u00ed, 80 cm, chrom ALU, sklo Point\"}]},{\"@type\":\"WebSite\",\"@id\":\"https:\/\/www.koupeltech.com\/#website\",\"url\":\"https:\/\/www.koupeltech.com\/\",\"name\":\"\",\"description\":\"\",\"potentialAction\":[{\"@type\":\"SearchAction\",\"target\":{\"@type\":\"EntryPoint\",\"urlTemplate\":\"https:\/\/www.koupeltech.com\/?s={search_term_string}\"},\"query-input\":{\"@type\":\"PropertyValueSpecification\",\"valueRequired\":true,\"valueName\":\"search_term_string\"}}],\"inLanguage\":\"cs\"}]}<\/script>\n<!-- \/ Yoast SEO plugin. -->","yoast_head_json":{"title":"Akce LIMA Sprchov\u00e9 dve\u0159e, trojd\u00edln\u00e9, zasunovac\u00ed, 80 cm, chrom ALU, sklo Point -","robots":{"index":"index","follow":"follow","max-snippet":"max-snippet:-1","max-image-preview":"max-image-preview:large","max-video-preview":"max-video-preview:-1"},"canonical":"https:\/\/www.koupeltech.com\/index.php\/produkt\/akce-lima-sprchove-dvere-trojdilne-zasunovaci-80-cm-chrom-alu-sklo-point-54757\/","og_locale":"cs_CZ","og_type":"article","og_title":"Akce LIMA Sprchov\u00e9 dve\u0159e, trojd\u00edln\u00e9, zasunovac\u00ed, 80 cm, chrom ALU, sklo Point -","og_description":"Lima je \u0159ada sprchov\u00fdch kout\u016f Mereo, kter\u00e1 navod\u00ed pocit \u010dist\u00e9ho designu v ka\u017ed\u00e9 modern\u00ed koupeln\u011b. Rovn\u00e9 hladk\u00e9 plochy, \u010dist\u00e9 linie a ostr\u00e9 hrany profil\u016f umoc\u0148uj\u00ed pocit exkluzivity. Kvalitn\u00ed sklen\u011bn\u00e9 v\u00fdpln\u011b s bezpe\u010dnostn\u00edm sklem. Tento kout nab\u00edz\u00edme v nepr\u016fhledn\u00e9m proveden\u00ed se sklem Point, kter\u00e9 navod\u00ed lep\u0161\u00ed pocit intimity p\u0159i sprchov\u00e1n\u00ed. Snadn\u00e9 otev\u00edr\u00e1n\u00ed a se\u0159\u00edzen\u00ed zabezpe\u010duj\u00ed staviteln\u00e9 [&hellip;]","og_url":"https:\/\/www.koupeltech.com\/index.php\/produkt\/akce-lima-sprchove-dvere-trojdilne-zasunovaci-80-cm-chrom-alu-sklo-point-54757\/","og_image":[{"width":1000,"height":525,"url":"https:\/\/www.koupeltech.com\/wp-content\/uploads\/2026\/SK0021401-CZ20260425-093449-0-1777080896-lima-sprchove-dvere-trojdilne-zasunovaci-80-cm-chrom-alu-sk.webp","type":"image\/webp"}],"twitter_card":"summary_large_image","twitter_misc":{"Odhadovan\u00e1 doba \u010dten\u00ed":"1 minuta"},"schema":{"@context":"https:\/\/schema.org","@graph":[{"@type":"WebPage","@id":"https:\/\/www.koupeltech.com\/index.php\/produkt\/akce-lima-sprchove-dvere-trojdilne-zasunovaci-80-cm-chrom-alu-sklo-point-54757\/","url":"https:\/\/www.koupeltech.com\/index.php\/produkt\/akce-lima-sprchove-dvere-trojdilne-zasunovaci-80-cm-chrom-alu-sklo-point-54757\/","name":"Akce LIMA Sprchov\u00e9 dve\u0159e, trojd\u00edln\u00e9, zasunovac\u00ed, 80 cm, chrom ALU, sklo Point -","isPartOf":{"@id":"https:\/\/www.koupeltech.com\/#website"},"primaryImageOfPage":{"@id":"https:\/\/www.koupeltech.com\/index.php\/produkt\/akce-lima-sprchove-dvere-trojdilne-zasunovaci-80-cm-chrom-alu-sklo-point-54757\/#primaryimage"},"image":{"@id":"https:\/\/www.koupeltech.com\/index.php\/produkt\/akce-lima-sprchove-dvere-trojdilne-zasunovaci-80-cm-chrom-alu-sklo-point-54757\/#primaryimage"},"thumbnailUrl":"https:\/\/www.koupeltech.com\/wp-content\/uploads\/2026\/SK0021401-CZ20260425-093449-0-1777080896-lima-sprchove-dvere-trojdilne-zasunovaci-80-cm-chrom-alu-sk.webp","datePublished":"2026-04-27T14:04:05+00:00","breadcrumb":{"@id":"https:\/\/www.koupeltech.com\/index.php\/produkt\/akce-lima-sprchove-dvere-trojdilne-zasunovaci-80-cm-chrom-alu-sklo-point-54757\/#breadcrumb"},"inLanguage":"cs","potentialAction":[{"@type":"ReadAction","target":["https:\/\/www.koupeltech.com\/index.php\/produkt\/akce-lima-sprchove-dvere-trojdilne-zasunovaci-80-cm-chrom-alu-sklo-point-54757\/"]}]},{"@type":"ImageObject","inLanguage":"cs","@id":"https:\/\/www.koupeltech.com\/index.php\/produkt\/akce-lima-sprchove-dvere-trojdilne-zasunovaci-80-cm-chrom-alu-sklo-point-54757\/#primaryimage","url":"https:\/\/www.koupeltech.com\/wp-content\/uploads\/2026\/SK0021401-CZ20260425-093449-0-1777080896-lima-sprchove-dvere-trojdilne-zasunovaci-80-cm-chrom-alu-sk.webp","contentUrl":"https:\/\/www.koupeltech.com\/wp-content\/uploads\/2026\/SK0021401-CZ20260425-093449-0-1777080896-lima-sprchove-dvere-trojdilne-zasunovaci-80-cm-chrom-alu-sk.webp","width":1000,"height":525},{"@type":"BreadcrumbList","@id":"https:\/\/www.koupeltech.com\/index.php\/produkt\/akce-lima-sprchove-dvere-trojdilne-zasunovaci-80-cm-chrom-alu-sklo-point-54757\/#breadcrumb","itemListElement":[{"@type":"ListItem","position":1,"name":"Home","item":"https:\/\/www.koupeltech.com\/"},{"@type":"ListItem","position":2,"name":"Products","item":"https:\/\/www.koupeltech.com\/index.php\/products\/"},{"@type":"ListItem","position":3,"name":"Akce LIMA Sprchov\u00e9 dve\u0159e, trojd\u00edln\u00e9, zasunovac\u00ed, 80 cm, chrom ALU, sklo Point"}]},{"@type":"WebSite","@id":"https:\/\/www.koupeltech.com\/#website","url":"https:\/\/www.koupeltech.com\/","name":"","description":"","potentialAction":[{"@type":"SearchAction","target":{"@type":"EntryPoint","urlTemplate":"https:\/\/www.koupeltech.com\/?s={search_term_string}"},"query-input":{"@type":"PropertyValueSpecification","valueRequired":true,"valueName":"search_term_string"}}],"inLanguage":"cs"}]}},"_links":{"self":[{"href":"https:\/\/www.koupeltech.com\/index.php\/wp-json\/wp\/v2\/product\/54757","targetHints":{"allow":["GET"]}}],"collection":[{"href":"https:\/\/www.koupeltech.com\/index.php\/wp-json\/wp\/v2\/product"}],"about":[{"href":"https:\/\/www.koupeltech.com\/index.php\/wp-json\/wp\/v2\/types\/product"}],"replies":[{"embeddable":true,"href":"https:\/\/www.koupeltech.com\/index.php\/wp-json\/wp\/v2\/comments?post=54757"}],"wp:featuredmedia":[{"embeddable":true,"href":"https:\/\/www.koupeltech.com\/index.php\/wp-json\/wp\/v2\/media\/54857"}],"wp:attachment":[{"href":"https:\/\/www.koupeltech.com\/index.php\/wp-json\/wp\/v2\/media?parent=54757"}],"wp:term":[{"taxonomy":"product_brand","embeddable":true,"href":"https:\/\/www.koupeltech.com\/index.php\/wp-json\/wp\/v2\/product_brand?post=54757"},{"taxonomy":"product_cat","embeddable":true,"href":"https:\/\/www.koupeltech.com\/index.php\/wp-json\/wp\/v2\/product_cat?post=54757"},{"taxonomy":"product_tag","embeddable":true,"href":"https:\/\/www.koupeltech.com\/index.php\/wp-json\/wp\/v2\/product_tag?post=54757"}],"curies":[{"name":"wp","href":"https:\/\/api.w.org\/{rel}","templated":true}]}}