{"id":54777,"date":"2026-04-27T14:04:05","date_gmt":"2026-04-27T14:04:05","guid":{"rendered":""},"modified":"2026-04-27T14:04:05","modified_gmt":"2026-04-27T14:04:05","slug":"znackovy-samozaviraci-wc-sedatko-duroplast-bile-s-odnimatelnymi-panty-click-54777","status":"publish","type":"product","link":"https:\/\/www.koupeltech.com\/index.php\/produkt\/znackovy-samozaviraci-wc-sedatko-duroplast-bile-s-odnimatelnymi-panty-click-54777\/","title":{"rendered":"Zna\u010dkov\u00fd Samozav\u00edrac\u00ed WC sed\u00e1tko, duroplast, b\u00edl\u00e9, s odn\u00edmateln\u00fdmi panty CLICK"},"content":{"rendered":"<div id=\"e4872521\" class=\"pages\">\n<div>\n<div id=\"PDDescription\" class=\"UserContentView userContent v1a v1 bs-view dcon dc164 PDDescription\" ><dc-con><dc-con><bs-empty><\/bs-empty><\/dc-con><dc-con>        <\/p>\n<div class=\"customDescription\">                    <\/div>\n<p><\/dc-con><dc-con><\/p>\n<div>Samozav\u00edrac\u00ed WC sed\u00e1tko m\u00e1 nerezov\u00e9, nastaviteln\u00e9 \u00fachyty, kter\u00e9 je mo\u017en\u00e9 p\u0159izp\u016fsobit rozm\u011br\u016fm m\u00edsy.<br \/>Pomoc\u00ed hydraulick\u00e9ho syst\u00e9mu v\u00edko i sed\u00e1tko pomalu dopadaj\u00ed na m\u00edsu. Tento syst\u00e9m dod\u00e1v\u00e1 pocit komfortu a zabra\u0148uje po\u0161kozen\u00ed m\u00edsy i sed\u00e1tka. Nerezov\u00e9 panty usnad\u0148uj\u00ed \u00fadr\u017ebu a prodlu\u017euj\u00ed \u017eivotnost.<\/p>\n<p>&#8211; antibakteri\u00e1ln\u00ed povrchov\u00e1 \u00faprava<br \/>&#8211; soft close: samozav\u00edrac\u00ed syst\u00e9m (pozvoln\u00e9 skl\u00e1p\u011bn\u00ed sed\u00e1tka i v\u00edka)<br \/>&#8211; easy lock: syst\u00e9m umo\u017e\u0148uj\u00edc\u00ed jednoduch\u00fdm stla\u010den\u00edm odejmout WC sed\u00e1tko od m\u00edsy (zvy\u0161uje \u00farove\u0148 hygieny toalety)<\/div>\n<table class='techparam_table'>\n<tr>\n<td>Typ<\/td>\n<td>WC sed\u00e1tko<\/td>\n<\/tr>\n<tr>\n<td>Barva<\/td>\n<td>B\u00edl\u00e1<\/td>\n<\/tr>\n<tr>\n<td>\u0160\u00ed\u0159ka<\/td>\n<td>375 mm<\/td>\n<\/tr>\n<tr>\n<td>Hloubka<\/td>\n<td>445 mm<\/td>\n<\/tr>\n<tr>\n<td>Materi\u00e1l<\/td>\n<td>Duroplast<\/td>\n<\/tr>\n<tr>\n<td>Proveden\u00ed<\/td>\n<td>Samozav\u00edrac\u00ed<\/td>\n<\/tr>\n<tr>\n<td>Soft Close<\/td>\n<td>Ano<\/td>\n<\/tr>\n<tr>\n<td>D\u00e9lka\/V\u00fd\u0161ka<\/td>\n<td>56 mm<\/td>\n<\/tr>\n<tr>\n<td>Rychl\u00e1 odn\u00edmatelnost<\/td>\n<td>Ano<\/td>\n<\/tr>\n<\/table>\n<p><\/dc-con><\/dc-con><\/div>\n<\/p><\/div>\n<\/div>\n<div id=\"e4872522\" class=\"tabs\">\n","protected":false},"excerpt":{"rendered":"<p>Samozav\u00edrac\u00ed WC sed\u00e1tko m\u00e1 nerezov\u00e9, nastaviteln\u00e9 \u00fachyty, kter\u00e9 je mo\u017en\u00e9 p\u0159izp\u016fsobit rozm\u011br\u016fm m\u00edsy.Pomoc\u00ed hydraulick\u00e9ho syst\u00e9mu v\u00edko i sed\u00e1tko pomalu dopadaj\u00ed na m\u00edsu. Tento syst\u00e9m dod\u00e1v\u00e1 pocit komfortu a zabra\u0148uje po\u0161kozen\u00ed m\u00edsy i sed\u00e1tka. Nerezov\u00e9 panty usnad\u0148uj\u00ed \u00fadr\u017ebu a prodlu\u017euj\u00ed \u017eivotnost. &#8211; antibakteri\u00e1ln\u00ed povrchov\u00e1 \u00faprava&#8211; soft close: samozav\u00edrac\u00ed syst\u00e9m (pozvoln\u00e9 skl\u00e1p\u011bn\u00ed sed\u00e1tka i v\u00edka)&#8211; easy lock: [&hellip;]<\/p>\n","protected":false},"featured_media":54877,"comment_status":"open","ping_status":"open","template":"","meta":[],"product_brand":[],"product_cat":[94],"product_tag":[],"class_list":{"0":"post-54777","1":"product","2":"type-product","3":"status-publish","4":"has-post-thumbnail","6":"product_cat-vybaven-237-koupelny","8":"first","9":"instock","10":"sale","11":"shipping-taxable","12":"purchasable","13":"product-type-simple"},"yoast_head":"<!-- This site is optimized with the Yoast SEO plugin v26.8 - https:\/\/yoast.com\/product\/yoast-seo-wordpress\/ -->\n<title>Zna\u010dkov\u00fd Samozav\u00edrac\u00ed WC sed\u00e1tko, duroplast, b\u00edl\u00e9, s odn\u00edmateln\u00fdmi panty CLICK -<\/title>\n<meta name=\"robots\" content=\"index, follow, max-snippet:-1, max-image-preview:large, max-video-preview:-1\" \/>\n<link rel=\"canonical\" href=\"https:\/\/www.koupeltech.com\/index.php\/produkt\/znackovy-samozaviraci-wc-sedatko-duroplast-bile-s-odnimatelnymi-panty-click-54777\/\" \/>\n<meta property=\"og:locale\" content=\"cs_CZ\" \/>\n<meta property=\"og:type\" content=\"article\" \/>\n<meta property=\"og:title\" content=\"Zna\u010dkov\u00fd Samozav\u00edrac\u00ed WC sed\u00e1tko, duroplast, b\u00edl\u00e9, s odn\u00edmateln\u00fdmi panty CLICK -\" \/>\n<meta property=\"og:description\" content=\"Samozav\u00edrac\u00ed WC sed\u00e1tko m\u00e1 nerezov\u00e9, nastaviteln\u00e9 \u00fachyty, kter\u00e9 je mo\u017en\u00e9 p\u0159izp\u016fsobit rozm\u011br\u016fm m\u00edsy.Pomoc\u00ed hydraulick\u00e9ho syst\u00e9mu v\u00edko i sed\u00e1tko pomalu dopadaj\u00ed na m\u00edsu. Tento syst\u00e9m dod\u00e1v\u00e1 pocit komfortu a zabra\u0148uje po\u0161kozen\u00ed m\u00edsy i sed\u00e1tka. Nerezov\u00e9 panty usnad\u0148uj\u00ed \u00fadr\u017ebu a prodlu\u017euj\u00ed \u017eivotnost. &#8211; antibakteri\u00e1ln\u00ed povrchov\u00e1 \u00faprava&#8211; soft close: samozav\u00edrac\u00ed syst\u00e9m (pozvoln\u00e9 skl\u00e1p\u011bn\u00ed sed\u00e1tka i v\u00edka)&#8211; easy lock: [&hellip;]\" \/>\n<meta property=\"og:url\" content=\"https:\/\/www.koupeltech.com\/index.php\/produkt\/znackovy-samozaviraci-wc-sedatko-duroplast-bile-s-odnimatelnymi-panty-click-54777\/\" \/>\n<meta property=\"og:image\" content=\"https:\/\/www.koupeltech.com\/wp-content\/uploads\/2026\/SK0021421-CZ20260425-093449-0-1777080896-samozaviraci-wc-sedatko-duroplast-bile-s-odnimatelnymi-pant.webp\" \/>\n\t<meta property=\"og:image:width\" content=\"1000\" \/>\n\t<meta property=\"og:image:height\" content=\"525\" \/>\n\t<meta property=\"og:image:type\" content=\"image\/webp\" \/>\n<meta name=\"twitter:card\" content=\"summary_large_image\" \/>\n<meta name=\"twitter:label1\" content=\"Odhadovan\u00e1 doba \u010dten\u00ed\" \/>\n\t<meta name=\"twitter:data1\" content=\"1 minuta\" \/>\n<script type=\"application\/ld+json\" class=\"yoast-schema-graph\">{\"@context\":\"https:\/\/schema.org\",\"@graph\":[{\"@type\":\"WebPage\",\"@id\":\"https:\/\/www.koupeltech.com\/index.php\/produkt\/znackovy-samozaviraci-wc-sedatko-duroplast-bile-s-odnimatelnymi-panty-click-54777\/\",\"url\":\"https:\/\/www.koupeltech.com\/index.php\/produkt\/znackovy-samozaviraci-wc-sedatko-duroplast-bile-s-odnimatelnymi-panty-click-54777\/\",\"name\":\"Zna\u010dkov\u00fd Samozav\u00edrac\u00ed WC sed\u00e1tko, duroplast, b\u00edl\u00e9, s odn\u00edmateln\u00fdmi panty CLICK -\",\"isPartOf\":{\"@id\":\"https:\/\/www.koupeltech.com\/#website\"},\"primaryImageOfPage\":{\"@id\":\"https:\/\/www.koupeltech.com\/index.php\/produkt\/znackovy-samozaviraci-wc-sedatko-duroplast-bile-s-odnimatelnymi-panty-click-54777\/#primaryimage\"},\"image\":{\"@id\":\"https:\/\/www.koupeltech.com\/index.php\/produkt\/znackovy-samozaviraci-wc-sedatko-duroplast-bile-s-odnimatelnymi-panty-click-54777\/#primaryimage\"},\"thumbnailUrl\":\"https:\/\/www.koupeltech.com\/wp-content\/uploads\/2026\/SK0021421-CZ20260425-093449-0-1777080896-samozaviraci-wc-sedatko-duroplast-bile-s-odnimatelnymi-pant.webp\",\"datePublished\":\"2026-04-27T14:04:05+00:00\",\"breadcrumb\":{\"@id\":\"https:\/\/www.koupeltech.com\/index.php\/produkt\/znackovy-samozaviraci-wc-sedatko-duroplast-bile-s-odnimatelnymi-panty-click-54777\/#breadcrumb\"},\"inLanguage\":\"cs\",\"potentialAction\":[{\"@type\":\"ReadAction\",\"target\":[\"https:\/\/www.koupeltech.com\/index.php\/produkt\/znackovy-samozaviraci-wc-sedatko-duroplast-bile-s-odnimatelnymi-panty-click-54777\/\"]}]},{\"@type\":\"ImageObject\",\"inLanguage\":\"cs\",\"@id\":\"https:\/\/www.koupeltech.com\/index.php\/produkt\/znackovy-samozaviraci-wc-sedatko-duroplast-bile-s-odnimatelnymi-panty-click-54777\/#primaryimage\",\"url\":\"https:\/\/www.koupeltech.com\/wp-content\/uploads\/2026\/SK0021421-CZ20260425-093449-0-1777080896-samozaviraci-wc-sedatko-duroplast-bile-s-odnimatelnymi-pant.webp\",\"contentUrl\":\"https:\/\/www.koupeltech.com\/wp-content\/uploads\/2026\/SK0021421-CZ20260425-093449-0-1777080896-samozaviraci-wc-sedatko-duroplast-bile-s-odnimatelnymi-pant.webp\",\"width\":1000,\"height\":525},{\"@type\":\"BreadcrumbList\",\"@id\":\"https:\/\/www.koupeltech.com\/index.php\/produkt\/znackovy-samozaviraci-wc-sedatko-duroplast-bile-s-odnimatelnymi-panty-click-54777\/#breadcrumb\",\"itemListElement\":[{\"@type\":\"ListItem\",\"position\":1,\"name\":\"Home\",\"item\":\"https:\/\/www.koupeltech.com\/\"},{\"@type\":\"ListItem\",\"position\":2,\"name\":\"Products\",\"item\":\"https:\/\/www.koupeltech.com\/index.php\/products\/\"},{\"@type\":\"ListItem\",\"position\":3,\"name\":\"Zna\u010dkov\u00fd Samozav\u00edrac\u00ed WC sed\u00e1tko, duroplast, b\u00edl\u00e9, s odn\u00edmateln\u00fdmi panty CLICK\"}]},{\"@type\":\"WebSite\",\"@id\":\"https:\/\/www.koupeltech.com\/#website\",\"url\":\"https:\/\/www.koupeltech.com\/\",\"name\":\"\",\"description\":\"\",\"potentialAction\":[{\"@type\":\"SearchAction\",\"target\":{\"@type\":\"EntryPoint\",\"urlTemplate\":\"https:\/\/www.koupeltech.com\/?s={search_term_string}\"},\"query-input\":{\"@type\":\"PropertyValueSpecification\",\"valueRequired\":true,\"valueName\":\"search_term_string\"}}],\"inLanguage\":\"cs\"}]}<\/script>\n<!-- \/ Yoast SEO plugin. -->","yoast_head_json":{"title":"Zna\u010dkov\u00fd Samozav\u00edrac\u00ed WC sed\u00e1tko, duroplast, b\u00edl\u00e9, s odn\u00edmateln\u00fdmi panty CLICK -","robots":{"index":"index","follow":"follow","max-snippet":"max-snippet:-1","max-image-preview":"max-image-preview:large","max-video-preview":"max-video-preview:-1"},"canonical":"https:\/\/www.koupeltech.com\/index.php\/produkt\/znackovy-samozaviraci-wc-sedatko-duroplast-bile-s-odnimatelnymi-panty-click-54777\/","og_locale":"cs_CZ","og_type":"article","og_title":"Zna\u010dkov\u00fd Samozav\u00edrac\u00ed WC sed\u00e1tko, duroplast, b\u00edl\u00e9, s odn\u00edmateln\u00fdmi panty CLICK -","og_description":"Samozav\u00edrac\u00ed WC sed\u00e1tko m\u00e1 nerezov\u00e9, nastaviteln\u00e9 \u00fachyty, kter\u00e9 je mo\u017en\u00e9 p\u0159izp\u016fsobit rozm\u011br\u016fm m\u00edsy.Pomoc\u00ed hydraulick\u00e9ho syst\u00e9mu v\u00edko i sed\u00e1tko pomalu dopadaj\u00ed na m\u00edsu. Tento syst\u00e9m dod\u00e1v\u00e1 pocit komfortu a zabra\u0148uje po\u0161kozen\u00ed m\u00edsy i sed\u00e1tka. Nerezov\u00e9 panty usnad\u0148uj\u00ed \u00fadr\u017ebu a prodlu\u017euj\u00ed \u017eivotnost. &#8211; antibakteri\u00e1ln\u00ed povrchov\u00e1 \u00faprava&#8211; soft close: samozav\u00edrac\u00ed syst\u00e9m (pozvoln\u00e9 skl\u00e1p\u011bn\u00ed sed\u00e1tka i v\u00edka)&#8211; easy lock: [&hellip;]","og_url":"https:\/\/www.koupeltech.com\/index.php\/produkt\/znackovy-samozaviraci-wc-sedatko-duroplast-bile-s-odnimatelnymi-panty-click-54777\/","og_image":[{"width":1000,"height":525,"url":"https:\/\/www.koupeltech.com\/wp-content\/uploads\/2026\/SK0021421-CZ20260425-093449-0-1777080896-samozaviraci-wc-sedatko-duroplast-bile-s-odnimatelnymi-pant.webp","type":"image\/webp"}],"twitter_card":"summary_large_image","twitter_misc":{"Odhadovan\u00e1 doba \u010dten\u00ed":"1 minuta"},"schema":{"@context":"https:\/\/schema.org","@graph":[{"@type":"WebPage","@id":"https:\/\/www.koupeltech.com\/index.php\/produkt\/znackovy-samozaviraci-wc-sedatko-duroplast-bile-s-odnimatelnymi-panty-click-54777\/","url":"https:\/\/www.koupeltech.com\/index.php\/produkt\/znackovy-samozaviraci-wc-sedatko-duroplast-bile-s-odnimatelnymi-panty-click-54777\/","name":"Zna\u010dkov\u00fd Samozav\u00edrac\u00ed WC sed\u00e1tko, duroplast, b\u00edl\u00e9, s odn\u00edmateln\u00fdmi panty CLICK -","isPartOf":{"@id":"https:\/\/www.koupeltech.com\/#website"},"primaryImageOfPage":{"@id":"https:\/\/www.koupeltech.com\/index.php\/produkt\/znackovy-samozaviraci-wc-sedatko-duroplast-bile-s-odnimatelnymi-panty-click-54777\/#primaryimage"},"image":{"@id":"https:\/\/www.koupeltech.com\/index.php\/produkt\/znackovy-samozaviraci-wc-sedatko-duroplast-bile-s-odnimatelnymi-panty-click-54777\/#primaryimage"},"thumbnailUrl":"https:\/\/www.koupeltech.com\/wp-content\/uploads\/2026\/SK0021421-CZ20260425-093449-0-1777080896-samozaviraci-wc-sedatko-duroplast-bile-s-odnimatelnymi-pant.webp","datePublished":"2026-04-27T14:04:05+00:00","breadcrumb":{"@id":"https:\/\/www.koupeltech.com\/index.php\/produkt\/znackovy-samozaviraci-wc-sedatko-duroplast-bile-s-odnimatelnymi-panty-click-54777\/#breadcrumb"},"inLanguage":"cs","potentialAction":[{"@type":"ReadAction","target":["https:\/\/www.koupeltech.com\/index.php\/produkt\/znackovy-samozaviraci-wc-sedatko-duroplast-bile-s-odnimatelnymi-panty-click-54777\/"]}]},{"@type":"ImageObject","inLanguage":"cs","@id":"https:\/\/www.koupeltech.com\/index.php\/produkt\/znackovy-samozaviraci-wc-sedatko-duroplast-bile-s-odnimatelnymi-panty-click-54777\/#primaryimage","url":"https:\/\/www.koupeltech.com\/wp-content\/uploads\/2026\/SK0021421-CZ20260425-093449-0-1777080896-samozaviraci-wc-sedatko-duroplast-bile-s-odnimatelnymi-pant.webp","contentUrl":"https:\/\/www.koupeltech.com\/wp-content\/uploads\/2026\/SK0021421-CZ20260425-093449-0-1777080896-samozaviraci-wc-sedatko-duroplast-bile-s-odnimatelnymi-pant.webp","width":1000,"height":525},{"@type":"BreadcrumbList","@id":"https:\/\/www.koupeltech.com\/index.php\/produkt\/znackovy-samozaviraci-wc-sedatko-duroplast-bile-s-odnimatelnymi-panty-click-54777\/#breadcrumb","itemListElement":[{"@type":"ListItem","position":1,"name":"Home","item":"https:\/\/www.koupeltech.com\/"},{"@type":"ListItem","position":2,"name":"Products","item":"https:\/\/www.koupeltech.com\/index.php\/products\/"},{"@type":"ListItem","position":3,"name":"Zna\u010dkov\u00fd Samozav\u00edrac\u00ed WC sed\u00e1tko, duroplast, b\u00edl\u00e9, s odn\u00edmateln\u00fdmi panty CLICK"}]},{"@type":"WebSite","@id":"https:\/\/www.koupeltech.com\/#website","url":"https:\/\/www.koupeltech.com\/","name":"","description":"","potentialAction":[{"@type":"SearchAction","target":{"@type":"EntryPoint","urlTemplate":"https:\/\/www.koupeltech.com\/?s={search_term_string}"},"query-input":{"@type":"PropertyValueSpecification","valueRequired":true,"valueName":"search_term_string"}}],"inLanguage":"cs"}]}},"_links":{"self":[{"href":"https:\/\/www.koupeltech.com\/index.php\/wp-json\/wp\/v2\/product\/54777","targetHints":{"allow":["GET"]}}],"collection":[{"href":"https:\/\/www.koupeltech.com\/index.php\/wp-json\/wp\/v2\/product"}],"about":[{"href":"https:\/\/www.koupeltech.com\/index.php\/wp-json\/wp\/v2\/types\/product"}],"replies":[{"embeddable":true,"href":"https:\/\/www.koupeltech.com\/index.php\/wp-json\/wp\/v2\/comments?post=54777"}],"wp:featuredmedia":[{"embeddable":true,"href":"https:\/\/www.koupeltech.com\/index.php\/wp-json\/wp\/v2\/media\/54877"}],"wp:attachment":[{"href":"https:\/\/www.koupeltech.com\/index.php\/wp-json\/wp\/v2\/media?parent=54777"}],"wp:term":[{"taxonomy":"product_brand","embeddable":true,"href":"https:\/\/www.koupeltech.com\/index.php\/wp-json\/wp\/v2\/product_brand?post=54777"},{"taxonomy":"product_cat","embeddable":true,"href":"https:\/\/www.koupeltech.com\/index.php\/wp-json\/wp\/v2\/product_cat?post=54777"},{"taxonomy":"product_tag","embeddable":true,"href":"https:\/\/www.koupeltech.com\/index.php\/wp-json\/wp\/v2\/product_tag?post=54777"}],"curies":[{"name":"wp","href":"https:\/\/api.w.org\/{rel}","templated":true}]}}