{"id":54779,"date":"2026-04-27T14:04:05","date_gmt":"2026-04-27T14:04:05","guid":{"rendered":""},"modified":"2026-04-27T14:04:05","modified_gmt":"2026-04-27T14:04:05","slug":"zlevneny-samozaviraci-baby-wc-sedatko-duroplast-bile-s-odnimatelnou-detskou-vlozkou-a-panty-54779","status":"publish","type":"product","link":"https:\/\/www.koupeltech.com\/index.php\/produkt\/zlevneny-samozaviraci-baby-wc-sedatko-duroplast-bile-s-odnimatelnou-detskou-vlozkou-a-panty-54779\/","title":{"rendered":"Zlevn\u011bn\u00fd Samozav\u00edrac\u00ed BABY WC sed\u00e1tko, duroplast, b\u00edl\u00e9, s odn\u00edmatelnou d\u011btskou vlo\u017ekou a panty"},"content":{"rendered":"<div id=\"e4408802\" class=\"pages\">\n<div>\n<div id=\"PDDescription\" class=\"UserContentView userContent v1a v1 bs-view dcon dc164 PDDescription\" ><dc-con><dc-con><bs-empty><\/bs-empty><\/dc-con><dc-con>        <\/p>\n<div class=\"customDescription\">                    <\/div>\n<p><\/dc-con><dc-con><\/p>\n<div>Samozav\u00edrac\u00ed WC sed\u00e1tko m\u00e1 nerezov\u00e9, nastaviteln\u00e9 \u00fachyty, kter\u00e9 je mo\u017en\u00e9 p\u0159izp\u016fsobit rozm\u011br\u016fm m\u00edsy.<br \/>D\u011btsk\u00e9 z\u00e1chodov\u00e9 sed\u00e1tko je opat\u0159eno magnetem, aby p\u0159ilnulo k velk\u00e9mu v\u00edku a nep\u0159ek\u00e1\u017eelo tak p\u0159i pou\u017e\u00edv\u00e1n\u00ed WC u dosp\u011bl\u00fdch osob. V p\u0159\u00edpad\u011b, \u017ee d\u011bti sed\u00e1tku odrostou, lze vlo\u017eku jednodu\u0161e z dosp\u011bl\u00e9ho sed\u00e1tka vyjmout.<br \/>Pomoc\u00ed hydraulick\u00e9ho syst\u00e9mu Soft-Close v\u00edko i sed\u00e1tko pomalu dopadaj\u00ed na m\u00edsu, co\u017e p\u0159isp\u00edv\u00e1 k bezpe\u010dnosti a zabra\u0148uje se t\u00edm i po\u0161kozen\u00ed m\u00edsy i sed\u00e1tka. <\/p>\n<p>D\u011btsk\u00e9 sed\u00e1tko (vlo\u017eka) je vyrobena z DUROPLASTU!<\/p>\n<p>V\u00fdhody:<br \/>&#8211; d\u011btsk\u00e9 sed\u00e1tko lze lehce nacvaknout i odejmout<br \/>&#8211; nerezov\u00e9 panty usnad\u0148uj\u00ed \u00fadr\u017ebu a prodlu\u017euj\u00ed \u017eivotnost.<br \/>&#8211; soft close \u2013 samozav\u00edrac\u00ed syst\u00e9m (pozvoln\u00e9 skl\u00e1p\u011bn\u00ed sed\u00e1tka i v\u00edka)<br \/>&#8211; kompatibiln\u00ed s keramikou Lyra Plus<\/div>\n<table class='techparam_table'>\n<tr>\n<td>Typ<\/td>\n<td>WC sed\u00e1tko<\/td>\n<\/tr>\n<tr>\n<td>Barva<\/td>\n<td>B\u00edl\u00e1<\/td>\n<\/tr>\n<tr>\n<td>\u0160\u00ed\u0159ka<\/td>\n<td>368 mm<\/td>\n<\/tr>\n<tr>\n<td>Hloubka<\/td>\n<td>445 mm<\/td>\n<\/tr>\n<tr>\n<td>Materi\u00e1l<\/td>\n<td>Duroplast<\/td>\n<\/tr>\n<tr>\n<td>Proveden\u00ed<\/td>\n<td>Samozav\u00edrac\u00ed<\/td>\n<\/tr>\n<tr>\n<td>Soft Close<\/td>\n<td>Ano<\/td>\n<\/tr>\n<tr>\n<td>D\u00e9lka\/V\u00fd\u0161ka<\/td>\n<td>55 mm<\/td>\n<\/tr>\n<tr>\n<td>Rychl\u00e1 odn\u00edmatelnost<\/td>\n<td>Ano<\/td>\n<\/tr>\n<\/table>\n<p><\/dc-con><\/dc-con><\/div>\n<\/p><\/div>\n<\/div>\n<div id=\"e4408803\" class=\"tabs\">\n","protected":false},"excerpt":{"rendered":"<p>Samozav\u00edrac\u00ed WC sed\u00e1tko m\u00e1 nerezov\u00e9, nastaviteln\u00e9 \u00fachyty, kter\u00e9 je mo\u017en\u00e9 p\u0159izp\u016fsobit rozm\u011br\u016fm m\u00edsy.D\u011btsk\u00e9 z\u00e1chodov\u00e9 sed\u00e1tko je opat\u0159eno magnetem, aby p\u0159ilnulo k velk\u00e9mu v\u00edku a nep\u0159ek\u00e1\u017eelo tak p\u0159i pou\u017e\u00edv\u00e1n\u00ed WC u dosp\u011bl\u00fdch osob. V p\u0159\u00edpad\u011b, \u017ee d\u011bti sed\u00e1tku odrostou, lze vlo\u017eku jednodu\u0161e z dosp\u011bl\u00e9ho sed\u00e1tka vyjmout.Pomoc\u00ed hydraulick\u00e9ho syst\u00e9mu Soft-Close v\u00edko i sed\u00e1tko pomalu dopadaj\u00ed na m\u00edsu, [&hellip;]<\/p>\n","protected":false},"featured_media":54879,"comment_status":"open","ping_status":"open","template":"","meta":[],"product_brand":[],"product_cat":[94],"product_tag":[],"class_list":{"0":"post-54779","1":"product","2":"type-product","3":"status-publish","4":"has-post-thumbnail","6":"product_cat-vybaven-237-koupelny","8":"first","9":"instock","10":"sale","11":"shipping-taxable","12":"purchasable","13":"product-type-simple"},"yoast_head":"<!-- This site is optimized with the Yoast SEO plugin v26.8 - https:\/\/yoast.com\/product\/yoast-seo-wordpress\/ -->\n<title>Zlevn\u011bn\u00fd Samozav\u00edrac\u00ed BABY WC sed\u00e1tko, duroplast, b\u00edl\u00e9, s odn\u00edmatelnou d\u011btskou vlo\u017ekou a panty -<\/title>\n<meta name=\"robots\" content=\"index, follow, max-snippet:-1, max-image-preview:large, max-video-preview:-1\" \/>\n<link rel=\"canonical\" href=\"https:\/\/www.koupeltech.com\/index.php\/produkt\/zlevneny-samozaviraci-baby-wc-sedatko-duroplast-bile-s-odnimatelnou-detskou-vlozkou-a-panty-54779\/\" \/>\n<meta property=\"og:locale\" content=\"cs_CZ\" \/>\n<meta property=\"og:type\" content=\"article\" \/>\n<meta property=\"og:title\" content=\"Zlevn\u011bn\u00fd Samozav\u00edrac\u00ed BABY WC sed\u00e1tko, duroplast, b\u00edl\u00e9, s odn\u00edmatelnou d\u011btskou vlo\u017ekou a panty -\" \/>\n<meta property=\"og:description\" content=\"Samozav\u00edrac\u00ed WC sed\u00e1tko m\u00e1 nerezov\u00e9, nastaviteln\u00e9 \u00fachyty, kter\u00e9 je mo\u017en\u00e9 p\u0159izp\u016fsobit rozm\u011br\u016fm m\u00edsy.D\u011btsk\u00e9 z\u00e1chodov\u00e9 sed\u00e1tko je opat\u0159eno magnetem, aby p\u0159ilnulo k velk\u00e9mu v\u00edku a nep\u0159ek\u00e1\u017eelo tak p\u0159i pou\u017e\u00edv\u00e1n\u00ed WC u dosp\u011bl\u00fdch osob. V p\u0159\u00edpad\u011b, \u017ee d\u011bti sed\u00e1tku odrostou, lze vlo\u017eku jednodu\u0161e z dosp\u011bl\u00e9ho sed\u00e1tka vyjmout.Pomoc\u00ed hydraulick\u00e9ho syst\u00e9mu Soft-Close v\u00edko i sed\u00e1tko pomalu dopadaj\u00ed na m\u00edsu, [&hellip;]\" \/>\n<meta property=\"og:url\" content=\"https:\/\/www.koupeltech.com\/index.php\/produkt\/zlevneny-samozaviraci-baby-wc-sedatko-duroplast-bile-s-odnimatelnou-detskou-vlozkou-a-panty-54779\/\" \/>\n<meta property=\"og:image\" content=\"https:\/\/www.koupeltech.com\/wp-content\/uploads\/2026\/SK0021423-CZ20260425-093449-0-1777080896-samozaviraci-baby-wc-sedatko-duroplast-bile-s-odnimatelnou-.webp\" \/>\n\t<meta property=\"og:image:width\" content=\"1000\" \/>\n\t<meta property=\"og:image:height\" content=\"525\" \/>\n\t<meta property=\"og:image:type\" content=\"image\/webp\" \/>\n<meta name=\"twitter:card\" content=\"summary_large_image\" \/>\n<meta name=\"twitter:label1\" content=\"Odhadovan\u00e1 doba \u010dten\u00ed\" \/>\n\t<meta name=\"twitter:data1\" content=\"1 minuta\" \/>\n<script type=\"application\/ld+json\" class=\"yoast-schema-graph\">{\"@context\":\"https:\/\/schema.org\",\"@graph\":[{\"@type\":\"WebPage\",\"@id\":\"https:\/\/www.koupeltech.com\/index.php\/produkt\/zlevneny-samozaviraci-baby-wc-sedatko-duroplast-bile-s-odnimatelnou-detskou-vlozkou-a-panty-54779\/\",\"url\":\"https:\/\/www.koupeltech.com\/index.php\/produkt\/zlevneny-samozaviraci-baby-wc-sedatko-duroplast-bile-s-odnimatelnou-detskou-vlozkou-a-panty-54779\/\",\"name\":\"Zlevn\u011bn\u00fd Samozav\u00edrac\u00ed BABY WC sed\u00e1tko, duroplast, b\u00edl\u00e9, s odn\u00edmatelnou d\u011btskou vlo\u017ekou a panty -\",\"isPartOf\":{\"@id\":\"https:\/\/www.koupeltech.com\/#website\"},\"primaryImageOfPage\":{\"@id\":\"https:\/\/www.koupeltech.com\/index.php\/produkt\/zlevneny-samozaviraci-baby-wc-sedatko-duroplast-bile-s-odnimatelnou-detskou-vlozkou-a-panty-54779\/#primaryimage\"},\"image\":{\"@id\":\"https:\/\/www.koupeltech.com\/index.php\/produkt\/zlevneny-samozaviraci-baby-wc-sedatko-duroplast-bile-s-odnimatelnou-detskou-vlozkou-a-panty-54779\/#primaryimage\"},\"thumbnailUrl\":\"https:\/\/www.koupeltech.com\/wp-content\/uploads\/2026\/SK0021423-CZ20260425-093449-0-1777080896-samozaviraci-baby-wc-sedatko-duroplast-bile-s-odnimatelnou-.webp\",\"datePublished\":\"2026-04-27T14:04:05+00:00\",\"breadcrumb\":{\"@id\":\"https:\/\/www.koupeltech.com\/index.php\/produkt\/zlevneny-samozaviraci-baby-wc-sedatko-duroplast-bile-s-odnimatelnou-detskou-vlozkou-a-panty-54779\/#breadcrumb\"},\"inLanguage\":\"cs\",\"potentialAction\":[{\"@type\":\"ReadAction\",\"target\":[\"https:\/\/www.koupeltech.com\/index.php\/produkt\/zlevneny-samozaviraci-baby-wc-sedatko-duroplast-bile-s-odnimatelnou-detskou-vlozkou-a-panty-54779\/\"]}]},{\"@type\":\"ImageObject\",\"inLanguage\":\"cs\",\"@id\":\"https:\/\/www.koupeltech.com\/index.php\/produkt\/zlevneny-samozaviraci-baby-wc-sedatko-duroplast-bile-s-odnimatelnou-detskou-vlozkou-a-panty-54779\/#primaryimage\",\"url\":\"https:\/\/www.koupeltech.com\/wp-content\/uploads\/2026\/SK0021423-CZ20260425-093449-0-1777080896-samozaviraci-baby-wc-sedatko-duroplast-bile-s-odnimatelnou-.webp\",\"contentUrl\":\"https:\/\/www.koupeltech.com\/wp-content\/uploads\/2026\/SK0021423-CZ20260425-093449-0-1777080896-samozaviraci-baby-wc-sedatko-duroplast-bile-s-odnimatelnou-.webp\",\"width\":1000,\"height\":525},{\"@type\":\"BreadcrumbList\",\"@id\":\"https:\/\/www.koupeltech.com\/index.php\/produkt\/zlevneny-samozaviraci-baby-wc-sedatko-duroplast-bile-s-odnimatelnou-detskou-vlozkou-a-panty-54779\/#breadcrumb\",\"itemListElement\":[{\"@type\":\"ListItem\",\"position\":1,\"name\":\"Home\",\"item\":\"https:\/\/www.koupeltech.com\/\"},{\"@type\":\"ListItem\",\"position\":2,\"name\":\"Products\",\"item\":\"https:\/\/www.koupeltech.com\/index.php\/products\/\"},{\"@type\":\"ListItem\",\"position\":3,\"name\":\"Zlevn\u011bn\u00fd Samozav\u00edrac\u00ed BABY WC sed\u00e1tko, duroplast, b\u00edl\u00e9, s odn\u00edmatelnou d\u011btskou vlo\u017ekou a panty\"}]},{\"@type\":\"WebSite\",\"@id\":\"https:\/\/www.koupeltech.com\/#website\",\"url\":\"https:\/\/www.koupeltech.com\/\",\"name\":\"\",\"description\":\"\",\"potentialAction\":[{\"@type\":\"SearchAction\",\"target\":{\"@type\":\"EntryPoint\",\"urlTemplate\":\"https:\/\/www.koupeltech.com\/?s={search_term_string}\"},\"query-input\":{\"@type\":\"PropertyValueSpecification\",\"valueRequired\":true,\"valueName\":\"search_term_string\"}}],\"inLanguage\":\"cs\"}]}<\/script>\n<!-- \/ Yoast SEO plugin. -->","yoast_head_json":{"title":"Zlevn\u011bn\u00fd Samozav\u00edrac\u00ed BABY WC sed\u00e1tko, duroplast, b\u00edl\u00e9, s odn\u00edmatelnou d\u011btskou vlo\u017ekou a panty -","robots":{"index":"index","follow":"follow","max-snippet":"max-snippet:-1","max-image-preview":"max-image-preview:large","max-video-preview":"max-video-preview:-1"},"canonical":"https:\/\/www.koupeltech.com\/index.php\/produkt\/zlevneny-samozaviraci-baby-wc-sedatko-duroplast-bile-s-odnimatelnou-detskou-vlozkou-a-panty-54779\/","og_locale":"cs_CZ","og_type":"article","og_title":"Zlevn\u011bn\u00fd Samozav\u00edrac\u00ed BABY WC sed\u00e1tko, duroplast, b\u00edl\u00e9, s odn\u00edmatelnou d\u011btskou vlo\u017ekou a panty -","og_description":"Samozav\u00edrac\u00ed WC sed\u00e1tko m\u00e1 nerezov\u00e9, nastaviteln\u00e9 \u00fachyty, kter\u00e9 je mo\u017en\u00e9 p\u0159izp\u016fsobit rozm\u011br\u016fm m\u00edsy.D\u011btsk\u00e9 z\u00e1chodov\u00e9 sed\u00e1tko je opat\u0159eno magnetem, aby p\u0159ilnulo k velk\u00e9mu v\u00edku a nep\u0159ek\u00e1\u017eelo tak p\u0159i pou\u017e\u00edv\u00e1n\u00ed WC u dosp\u011bl\u00fdch osob. V p\u0159\u00edpad\u011b, \u017ee d\u011bti sed\u00e1tku odrostou, lze vlo\u017eku jednodu\u0161e z dosp\u011bl\u00e9ho sed\u00e1tka vyjmout.Pomoc\u00ed hydraulick\u00e9ho syst\u00e9mu Soft-Close v\u00edko i sed\u00e1tko pomalu dopadaj\u00ed na m\u00edsu, [&hellip;]","og_url":"https:\/\/www.koupeltech.com\/index.php\/produkt\/zlevneny-samozaviraci-baby-wc-sedatko-duroplast-bile-s-odnimatelnou-detskou-vlozkou-a-panty-54779\/","og_image":[{"width":1000,"height":525,"url":"https:\/\/www.koupeltech.com\/wp-content\/uploads\/2026\/SK0021423-CZ20260425-093449-0-1777080896-samozaviraci-baby-wc-sedatko-duroplast-bile-s-odnimatelnou-.webp","type":"image\/webp"}],"twitter_card":"summary_large_image","twitter_misc":{"Odhadovan\u00e1 doba \u010dten\u00ed":"1 minuta"},"schema":{"@context":"https:\/\/schema.org","@graph":[{"@type":"WebPage","@id":"https:\/\/www.koupeltech.com\/index.php\/produkt\/zlevneny-samozaviraci-baby-wc-sedatko-duroplast-bile-s-odnimatelnou-detskou-vlozkou-a-panty-54779\/","url":"https:\/\/www.koupeltech.com\/index.php\/produkt\/zlevneny-samozaviraci-baby-wc-sedatko-duroplast-bile-s-odnimatelnou-detskou-vlozkou-a-panty-54779\/","name":"Zlevn\u011bn\u00fd Samozav\u00edrac\u00ed BABY WC sed\u00e1tko, duroplast, b\u00edl\u00e9, s odn\u00edmatelnou d\u011btskou vlo\u017ekou a panty -","isPartOf":{"@id":"https:\/\/www.koupeltech.com\/#website"},"primaryImageOfPage":{"@id":"https:\/\/www.koupeltech.com\/index.php\/produkt\/zlevneny-samozaviraci-baby-wc-sedatko-duroplast-bile-s-odnimatelnou-detskou-vlozkou-a-panty-54779\/#primaryimage"},"image":{"@id":"https:\/\/www.koupeltech.com\/index.php\/produkt\/zlevneny-samozaviraci-baby-wc-sedatko-duroplast-bile-s-odnimatelnou-detskou-vlozkou-a-panty-54779\/#primaryimage"},"thumbnailUrl":"https:\/\/www.koupeltech.com\/wp-content\/uploads\/2026\/SK0021423-CZ20260425-093449-0-1777080896-samozaviraci-baby-wc-sedatko-duroplast-bile-s-odnimatelnou-.webp","datePublished":"2026-04-27T14:04:05+00:00","breadcrumb":{"@id":"https:\/\/www.koupeltech.com\/index.php\/produkt\/zlevneny-samozaviraci-baby-wc-sedatko-duroplast-bile-s-odnimatelnou-detskou-vlozkou-a-panty-54779\/#breadcrumb"},"inLanguage":"cs","potentialAction":[{"@type":"ReadAction","target":["https:\/\/www.koupeltech.com\/index.php\/produkt\/zlevneny-samozaviraci-baby-wc-sedatko-duroplast-bile-s-odnimatelnou-detskou-vlozkou-a-panty-54779\/"]}]},{"@type":"ImageObject","inLanguage":"cs","@id":"https:\/\/www.koupeltech.com\/index.php\/produkt\/zlevneny-samozaviraci-baby-wc-sedatko-duroplast-bile-s-odnimatelnou-detskou-vlozkou-a-panty-54779\/#primaryimage","url":"https:\/\/www.koupeltech.com\/wp-content\/uploads\/2026\/SK0021423-CZ20260425-093449-0-1777080896-samozaviraci-baby-wc-sedatko-duroplast-bile-s-odnimatelnou-.webp","contentUrl":"https:\/\/www.koupeltech.com\/wp-content\/uploads\/2026\/SK0021423-CZ20260425-093449-0-1777080896-samozaviraci-baby-wc-sedatko-duroplast-bile-s-odnimatelnou-.webp","width":1000,"height":525},{"@type":"BreadcrumbList","@id":"https:\/\/www.koupeltech.com\/index.php\/produkt\/zlevneny-samozaviraci-baby-wc-sedatko-duroplast-bile-s-odnimatelnou-detskou-vlozkou-a-panty-54779\/#breadcrumb","itemListElement":[{"@type":"ListItem","position":1,"name":"Home","item":"https:\/\/www.koupeltech.com\/"},{"@type":"ListItem","position":2,"name":"Products","item":"https:\/\/www.koupeltech.com\/index.php\/products\/"},{"@type":"ListItem","position":3,"name":"Zlevn\u011bn\u00fd Samozav\u00edrac\u00ed BABY WC sed\u00e1tko, duroplast, b\u00edl\u00e9, s odn\u00edmatelnou d\u011btskou vlo\u017ekou a panty"}]},{"@type":"WebSite","@id":"https:\/\/www.koupeltech.com\/#website","url":"https:\/\/www.koupeltech.com\/","name":"","description":"","potentialAction":[{"@type":"SearchAction","target":{"@type":"EntryPoint","urlTemplate":"https:\/\/www.koupeltech.com\/?s={search_term_string}"},"query-input":{"@type":"PropertyValueSpecification","valueRequired":true,"valueName":"search_term_string"}}],"inLanguage":"cs"}]}},"_links":{"self":[{"href":"https:\/\/www.koupeltech.com\/index.php\/wp-json\/wp\/v2\/product\/54779","targetHints":{"allow":["GET"]}}],"collection":[{"href":"https:\/\/www.koupeltech.com\/index.php\/wp-json\/wp\/v2\/product"}],"about":[{"href":"https:\/\/www.koupeltech.com\/index.php\/wp-json\/wp\/v2\/types\/product"}],"replies":[{"embeddable":true,"href":"https:\/\/www.koupeltech.com\/index.php\/wp-json\/wp\/v2\/comments?post=54779"}],"wp:featuredmedia":[{"embeddable":true,"href":"https:\/\/www.koupeltech.com\/index.php\/wp-json\/wp\/v2\/media\/54879"}],"wp:attachment":[{"href":"https:\/\/www.koupeltech.com\/index.php\/wp-json\/wp\/v2\/media?parent=54779"}],"wp:term":[{"taxonomy":"product_brand","embeddable":true,"href":"https:\/\/www.koupeltech.com\/index.php\/wp-json\/wp\/v2\/product_brand?post=54779"},{"taxonomy":"product_cat","embeddable":true,"href":"https:\/\/www.koupeltech.com\/index.php\/wp-json\/wp\/v2\/product_cat?post=54779"},{"taxonomy":"product_tag","embeddable":true,"href":"https:\/\/www.koupeltech.com\/index.php\/wp-json\/wp\/v2\/product_tag?post=54779"}],"curies":[{"name":"wp","href":"https:\/\/api.w.org\/{rel}","templated":true}]}}