{"id":55122,"date":"2026-04-27T14:04:09","date_gmt":"2026-04-27T14:04:09","guid":{"rendered":""},"modified":"2026-04-27T14:04:09","modified_gmt":"2026-04-27T14:04:09","slug":"kup-ted-regulus-rozdelovac-sberac-5-topnych-okruhu-1-quot-ke-zdroji-5-4-quot-hv70-125-5-55122","status":"publish","type":"product","link":"https:\/\/www.koupeltech.com\/index.php\/produkt\/kup-ted-regulus-rozdelovac-sberac-5-topnych-okruhu-1-quot-ke-zdroji-5-4-quot-hv70-125-5-55122\/","title":{"rendered":"Kup Te\u010f REGULUS Rozd\u011blova\u010d\/sb\u011bra\u010d &#8211; 5 topn\u00fdch okruh\u016f 1&quot; , ke zdroji 5\/4&quot; HV70\/125-5"},"content":{"rendered":"<div id=\"e4948870\" class=\"pages\">\n<div>\n<div id=\"PDDescription\" class=\"UserContentView userContent v1a v1 bs-view dcon dc164 PDDescription\" ><dc-con><dc-con><bs-empty><\/bs-empty><\/dc-con><dc-con>        <\/p>\n<div class=\"customDescription\">                    <\/div>\n<p><\/dc-con><dc-con>Rozd\u011blova\u010d s izolac\u00ed pro p\u0159ipojen\u00ed otopn\u00fdch okruh\u016f, max. pr\u016ftok 3 m3\/h. Umo\u017e\u0148uje osazen\u00ed \u010derpadlov\u00fdch skupin otopn\u00fdch okruh\u016f a p\u0159ipojen\u00ed zdroje tepla bu\u010f p\u0159\u00edmo nebo p\u0159es hydraulick\u00fd vyrovn\u00e1va\u010d tlak\u016f. Umo\u017e\u0148uje p\u0159ipojit i expanzn\u00ed n\u00e1dobu.<\/dc-con><\/dc-con><\/div>\n<div id=\"PDDescription2\" class=\"UserContentView userContent v1a v1 bs-view dcon dc165 PDDescription2\" >\n<p>a<\/p>\n<\/div><\/div>\n<div id=\"PDTable3\" class=\"ProductDetailTableView v3a v3 bs-view dcon dc185 PDTable3\" >\n<table>\n<thead><\/thead>\n<tbody>\n<tr class=\"attribute attr_bsshop_maker\">\n<td class=\"caption\">V\u00fdrobce<\/td>\n<td class=\"value\">Regulus<\/td>\n<\/tr>\n<\/tbody>\n<\/table>\n<\/div>\n<\/div>\n<div id=\"e4948871\" class=\"tabs\">\n","protected":false},"excerpt":{"rendered":"<p>Rozd\u011blova\u010d s izolac\u00ed pro p\u0159ipojen\u00ed otopn\u00fdch okruh\u016f, max. pr\u016ftok 3 m3\/h. Umo\u017e\u0148uje osazen\u00ed \u010derpadlov\u00fdch skupin otopn\u00fdch okruh\u016f a p\u0159ipojen\u00ed zdroje tepla bu\u010f p\u0159\u00edmo nebo p\u0159es hydraulick\u00fd vyrovn\u00e1va\u010d tlak\u016f. Umo\u017e\u0148uje p\u0159ipojit i expanzn\u00ed n\u00e1dobu. a V\u00fdrobce Regulus<\/p>\n","protected":false},"featured_media":55222,"comment_status":"open","ping_status":"open","template":"","meta":[],"product_brand":[],"product_cat":[97],"product_tag":[],"class_list":{"0":"post-55122","1":"product","2":"type-product","3":"status-publish","4":"has-post-thumbnail","6":"product_cat-armatury","8":"first","9":"instock","10":"sale","11":"shipping-taxable","12":"purchasable","13":"product-type-simple"},"yoast_head":"<!-- This site is optimized with the Yoast SEO plugin v26.8 - https:\/\/yoast.com\/product\/yoast-seo-wordpress\/ -->\n<title>Kup Te\u010f REGULUS Rozd\u011blova\u010d\/sb\u011bra\u010d - 5 topn\u00fdch okruh\u016f 1&quot; , ke zdroji 5\/4&quot; HV70\/125-5 -<\/title>\n<meta name=\"robots\" content=\"index, follow, max-snippet:-1, max-image-preview:large, max-video-preview:-1\" \/>\n<link rel=\"canonical\" href=\"https:\/\/www.koupeltech.com\/index.php\/produkt\/kup-ted-regulus-rozdelovac-sberac-5-topnych-okruhu-1-quot-ke-zdroji-5-4-quot-hv70-125-5-55122\/\" \/>\n<meta property=\"og:locale\" content=\"cs_CZ\" \/>\n<meta property=\"og:type\" content=\"article\" \/>\n<meta property=\"og:title\" content=\"Kup Te\u010f REGULUS Rozd\u011blova\u010d\/sb\u011bra\u010d - 5 topn\u00fdch okruh\u016f 1&quot; , ke zdroji 5\/4&quot; HV70\/125-5 -\" \/>\n<meta property=\"og:description\" content=\"Rozd\u011blova\u010d s izolac\u00ed pro p\u0159ipojen\u00ed otopn\u00fdch okruh\u016f, max. pr\u016ftok 3 m3\/h. Umo\u017e\u0148uje osazen\u00ed \u010derpadlov\u00fdch skupin otopn\u00fdch okruh\u016f a p\u0159ipojen\u00ed zdroje tepla bu\u010f p\u0159\u00edmo nebo p\u0159es hydraulick\u00fd vyrovn\u00e1va\u010d tlak\u016f. Umo\u017e\u0148uje p\u0159ipojit i expanzn\u00ed n\u00e1dobu. a V\u00fdrobce Regulus\" \/>\n<meta property=\"og:url\" content=\"https:\/\/www.koupeltech.com\/index.php\/produkt\/kup-ted-regulus-rozdelovac-sberac-5-topnych-okruhu-1-quot-ke-zdroji-5-4-quot-hv70-125-5-55122\/\" \/>\n<meta property=\"og:image\" content=\"https:\/\/www.koupeltech.com\/wp-content\/uploads\/2026\/SK0021580-CZ20260425-093449-0-1777080896-regulus-rozdelovac-sberac-5-topnych-okruhu-1-ke-zdroji-5-4-.webp\" \/>\n\t<meta property=\"og:image:width\" content=\"1000\" \/>\n\t<meta property=\"og:image:height\" content=\"525\" \/>\n\t<meta property=\"og:image:type\" content=\"image\/webp\" \/>\n<meta name=\"twitter:card\" content=\"summary_large_image\" \/>\n<script type=\"application\/ld+json\" class=\"yoast-schema-graph\">{\"@context\":\"https:\/\/schema.org\",\"@graph\":[{\"@type\":\"WebPage\",\"@id\":\"https:\/\/www.koupeltech.com\/index.php\/produkt\/kup-ted-regulus-rozdelovac-sberac-5-topnych-okruhu-1-quot-ke-zdroji-5-4-quot-hv70-125-5-55122\/\",\"url\":\"https:\/\/www.koupeltech.com\/index.php\/produkt\/kup-ted-regulus-rozdelovac-sberac-5-topnych-okruhu-1-quot-ke-zdroji-5-4-quot-hv70-125-5-55122\/\",\"name\":\"Kup Te\u010f REGULUS Rozd\u011blova\u010d\/sb\u011bra\u010d - 5 topn\u00fdch okruh\u016f 1&quot; , ke zdroji 5\/4&quot; HV70\/125-5 -\",\"isPartOf\":{\"@id\":\"https:\/\/www.koupeltech.com\/#website\"},\"primaryImageOfPage\":{\"@id\":\"https:\/\/www.koupeltech.com\/index.php\/produkt\/kup-ted-regulus-rozdelovac-sberac-5-topnych-okruhu-1-quot-ke-zdroji-5-4-quot-hv70-125-5-55122\/#primaryimage\"},\"image\":{\"@id\":\"https:\/\/www.koupeltech.com\/index.php\/produkt\/kup-ted-regulus-rozdelovac-sberac-5-topnych-okruhu-1-quot-ke-zdroji-5-4-quot-hv70-125-5-55122\/#primaryimage\"},\"thumbnailUrl\":\"https:\/\/www.koupeltech.com\/wp-content\/uploads\/2026\/SK0021580-CZ20260425-093449-0-1777080896-regulus-rozdelovac-sberac-5-topnych-okruhu-1-ke-zdroji-5-4-.webp\",\"datePublished\":\"2026-04-27T14:04:09+00:00\",\"breadcrumb\":{\"@id\":\"https:\/\/www.koupeltech.com\/index.php\/produkt\/kup-ted-regulus-rozdelovac-sberac-5-topnych-okruhu-1-quot-ke-zdroji-5-4-quot-hv70-125-5-55122\/#breadcrumb\"},\"inLanguage\":\"cs\",\"potentialAction\":[{\"@type\":\"ReadAction\",\"target\":[\"https:\/\/www.koupeltech.com\/index.php\/produkt\/kup-ted-regulus-rozdelovac-sberac-5-topnych-okruhu-1-quot-ke-zdroji-5-4-quot-hv70-125-5-55122\/\"]}]},{\"@type\":\"ImageObject\",\"inLanguage\":\"cs\",\"@id\":\"https:\/\/www.koupeltech.com\/index.php\/produkt\/kup-ted-regulus-rozdelovac-sberac-5-topnych-okruhu-1-quot-ke-zdroji-5-4-quot-hv70-125-5-55122\/#primaryimage\",\"url\":\"https:\/\/www.koupeltech.com\/wp-content\/uploads\/2026\/SK0021580-CZ20260425-093449-0-1777080896-regulus-rozdelovac-sberac-5-topnych-okruhu-1-ke-zdroji-5-4-.webp\",\"contentUrl\":\"https:\/\/www.koupeltech.com\/wp-content\/uploads\/2026\/SK0021580-CZ20260425-093449-0-1777080896-regulus-rozdelovac-sberac-5-topnych-okruhu-1-ke-zdroji-5-4-.webp\",\"width\":1000,\"height\":525},{\"@type\":\"BreadcrumbList\",\"@id\":\"https:\/\/www.koupeltech.com\/index.php\/produkt\/kup-ted-regulus-rozdelovac-sberac-5-topnych-okruhu-1-quot-ke-zdroji-5-4-quot-hv70-125-5-55122\/#breadcrumb\",\"itemListElement\":[{\"@type\":\"ListItem\",\"position\":1,\"name\":\"Home\",\"item\":\"https:\/\/www.koupeltech.com\/\"},{\"@type\":\"ListItem\",\"position\":2,\"name\":\"Products\",\"item\":\"https:\/\/www.koupeltech.com\/index.php\/products\/\"},{\"@type\":\"ListItem\",\"position\":3,\"name\":\"Kup Te\u010f REGULUS Rozd\u011blova\u010d\/sb\u011bra\u010d &#8211; 5 topn\u00fdch okruh\u016f 1&quot; , ke zdroji 5\/4&quot; HV70\/125-5\"}]},{\"@type\":\"WebSite\",\"@id\":\"https:\/\/www.koupeltech.com\/#website\",\"url\":\"https:\/\/www.koupeltech.com\/\",\"name\":\"\",\"description\":\"\",\"potentialAction\":[{\"@type\":\"SearchAction\",\"target\":{\"@type\":\"EntryPoint\",\"urlTemplate\":\"https:\/\/www.koupeltech.com\/?s={search_term_string}\"},\"query-input\":{\"@type\":\"PropertyValueSpecification\",\"valueRequired\":true,\"valueName\":\"search_term_string\"}}],\"inLanguage\":\"cs\"}]}<\/script>\n<!-- \/ Yoast SEO plugin. -->","yoast_head_json":{"title":"Kup Te\u010f REGULUS Rozd\u011blova\u010d\/sb\u011bra\u010d - 5 topn\u00fdch okruh\u016f 1&quot; , ke zdroji 5\/4&quot; HV70\/125-5 -","robots":{"index":"index","follow":"follow","max-snippet":"max-snippet:-1","max-image-preview":"max-image-preview:large","max-video-preview":"max-video-preview:-1"},"canonical":"https:\/\/www.koupeltech.com\/index.php\/produkt\/kup-ted-regulus-rozdelovac-sberac-5-topnych-okruhu-1-quot-ke-zdroji-5-4-quot-hv70-125-5-55122\/","og_locale":"cs_CZ","og_type":"article","og_title":"Kup Te\u010f REGULUS Rozd\u011blova\u010d\/sb\u011bra\u010d - 5 topn\u00fdch okruh\u016f 1&quot; , ke zdroji 5\/4&quot; HV70\/125-5 -","og_description":"Rozd\u011blova\u010d s izolac\u00ed pro p\u0159ipojen\u00ed otopn\u00fdch okruh\u016f, max. pr\u016ftok 3 m3\/h. Umo\u017e\u0148uje osazen\u00ed \u010derpadlov\u00fdch skupin otopn\u00fdch okruh\u016f a p\u0159ipojen\u00ed zdroje tepla bu\u010f p\u0159\u00edmo nebo p\u0159es hydraulick\u00fd vyrovn\u00e1va\u010d tlak\u016f. Umo\u017e\u0148uje p\u0159ipojit i expanzn\u00ed n\u00e1dobu. a V\u00fdrobce Regulus","og_url":"https:\/\/www.koupeltech.com\/index.php\/produkt\/kup-ted-regulus-rozdelovac-sberac-5-topnych-okruhu-1-quot-ke-zdroji-5-4-quot-hv70-125-5-55122\/","og_image":[{"width":1000,"height":525,"url":"https:\/\/www.koupeltech.com\/wp-content\/uploads\/2026\/SK0021580-CZ20260425-093449-0-1777080896-regulus-rozdelovac-sberac-5-topnych-okruhu-1-ke-zdroji-5-4-.webp","type":"image\/webp"}],"twitter_card":"summary_large_image","schema":{"@context":"https:\/\/schema.org","@graph":[{"@type":"WebPage","@id":"https:\/\/www.koupeltech.com\/index.php\/produkt\/kup-ted-regulus-rozdelovac-sberac-5-topnych-okruhu-1-quot-ke-zdroji-5-4-quot-hv70-125-5-55122\/","url":"https:\/\/www.koupeltech.com\/index.php\/produkt\/kup-ted-regulus-rozdelovac-sberac-5-topnych-okruhu-1-quot-ke-zdroji-5-4-quot-hv70-125-5-55122\/","name":"Kup Te\u010f REGULUS Rozd\u011blova\u010d\/sb\u011bra\u010d - 5 topn\u00fdch okruh\u016f 1&quot; , ke zdroji 5\/4&quot; HV70\/125-5 -","isPartOf":{"@id":"https:\/\/www.koupeltech.com\/#website"},"primaryImageOfPage":{"@id":"https:\/\/www.koupeltech.com\/index.php\/produkt\/kup-ted-regulus-rozdelovac-sberac-5-topnych-okruhu-1-quot-ke-zdroji-5-4-quot-hv70-125-5-55122\/#primaryimage"},"image":{"@id":"https:\/\/www.koupeltech.com\/index.php\/produkt\/kup-ted-regulus-rozdelovac-sberac-5-topnych-okruhu-1-quot-ke-zdroji-5-4-quot-hv70-125-5-55122\/#primaryimage"},"thumbnailUrl":"https:\/\/www.koupeltech.com\/wp-content\/uploads\/2026\/SK0021580-CZ20260425-093449-0-1777080896-regulus-rozdelovac-sberac-5-topnych-okruhu-1-ke-zdroji-5-4-.webp","datePublished":"2026-04-27T14:04:09+00:00","breadcrumb":{"@id":"https:\/\/www.koupeltech.com\/index.php\/produkt\/kup-ted-regulus-rozdelovac-sberac-5-topnych-okruhu-1-quot-ke-zdroji-5-4-quot-hv70-125-5-55122\/#breadcrumb"},"inLanguage":"cs","potentialAction":[{"@type":"ReadAction","target":["https:\/\/www.koupeltech.com\/index.php\/produkt\/kup-ted-regulus-rozdelovac-sberac-5-topnych-okruhu-1-quot-ke-zdroji-5-4-quot-hv70-125-5-55122\/"]}]},{"@type":"ImageObject","inLanguage":"cs","@id":"https:\/\/www.koupeltech.com\/index.php\/produkt\/kup-ted-regulus-rozdelovac-sberac-5-topnych-okruhu-1-quot-ke-zdroji-5-4-quot-hv70-125-5-55122\/#primaryimage","url":"https:\/\/www.koupeltech.com\/wp-content\/uploads\/2026\/SK0021580-CZ20260425-093449-0-1777080896-regulus-rozdelovac-sberac-5-topnych-okruhu-1-ke-zdroji-5-4-.webp","contentUrl":"https:\/\/www.koupeltech.com\/wp-content\/uploads\/2026\/SK0021580-CZ20260425-093449-0-1777080896-regulus-rozdelovac-sberac-5-topnych-okruhu-1-ke-zdroji-5-4-.webp","width":1000,"height":525},{"@type":"BreadcrumbList","@id":"https:\/\/www.koupeltech.com\/index.php\/produkt\/kup-ted-regulus-rozdelovac-sberac-5-topnych-okruhu-1-quot-ke-zdroji-5-4-quot-hv70-125-5-55122\/#breadcrumb","itemListElement":[{"@type":"ListItem","position":1,"name":"Home","item":"https:\/\/www.koupeltech.com\/"},{"@type":"ListItem","position":2,"name":"Products","item":"https:\/\/www.koupeltech.com\/index.php\/products\/"},{"@type":"ListItem","position":3,"name":"Kup Te\u010f REGULUS Rozd\u011blova\u010d\/sb\u011bra\u010d &#8211; 5 topn\u00fdch okruh\u016f 1&quot; , ke zdroji 5\/4&quot; HV70\/125-5"}]},{"@type":"WebSite","@id":"https:\/\/www.koupeltech.com\/#website","url":"https:\/\/www.koupeltech.com\/","name":"","description":"","potentialAction":[{"@type":"SearchAction","target":{"@type":"EntryPoint","urlTemplate":"https:\/\/www.koupeltech.com\/?s={search_term_string}"},"query-input":{"@type":"PropertyValueSpecification","valueRequired":true,"valueName":"search_term_string"}}],"inLanguage":"cs"}]}},"_links":{"self":[{"href":"https:\/\/www.koupeltech.com\/index.php\/wp-json\/wp\/v2\/product\/55122","targetHints":{"allow":["GET"]}}],"collection":[{"href":"https:\/\/www.koupeltech.com\/index.php\/wp-json\/wp\/v2\/product"}],"about":[{"href":"https:\/\/www.koupeltech.com\/index.php\/wp-json\/wp\/v2\/types\/product"}],"replies":[{"embeddable":true,"href":"https:\/\/www.koupeltech.com\/index.php\/wp-json\/wp\/v2\/comments?post=55122"}],"wp:featuredmedia":[{"embeddable":true,"href":"https:\/\/www.koupeltech.com\/index.php\/wp-json\/wp\/v2\/media\/55222"}],"wp:attachment":[{"href":"https:\/\/www.koupeltech.com\/index.php\/wp-json\/wp\/v2\/media?parent=55122"}],"wp:term":[{"taxonomy":"product_brand","embeddable":true,"href":"https:\/\/www.koupeltech.com\/index.php\/wp-json\/wp\/v2\/product_brand?post=55122"},{"taxonomy":"product_cat","embeddable":true,"href":"https:\/\/www.koupeltech.com\/index.php\/wp-json\/wp\/v2\/product_cat?post=55122"},{"taxonomy":"product_tag","embeddable":true,"href":"https:\/\/www.koupeltech.com\/index.php\/wp-json\/wp\/v2\/product_tag?post=55122"}],"curies":[{"name":"wp","href":"https:\/\/api.w.org\/{rel}","templated":true}]}}