{"id":55145,"date":"2026-04-27T14:04:09","date_gmt":"2026-04-27T14:04:09","guid":{"rendered":""},"modified":"2026-04-27T14:04:09","modified_gmt":"2026-04-27T14:04:09","slug":"zlevneny-jika-lyraplus-viva-dvirkova-skrinka-na-umyvadlo-55x45cm-s-otvorem-pro-baterii-bila-55145","status":"publish","type":"product","link":"https:\/\/www.koupeltech.com\/index.php\/produkt\/zlevneny-jika-lyraplus-viva-dvirkova-skrinka-na-umyvadlo-55x45cm-s-otvorem-pro-baterii-bila-55145\/","title":{"rendered":"Zlevn\u011bn\u00fd JIKA LYRAplus VIVA, dv\u00ed\u0159kov\u00e1 sk\u0159\u00ed\u0148ka na umyvadlo 55x45cm s otvorem pro baterii, b\u00edl\u00e1"},"content":{"rendered":"<div id=\"e4476481\" class=\"pages\">\n<div>\n<div id=\"PDDescription\" class=\"UserContentView userContent v1a v1 bs-view dcon dc164 PDDescription\" ><dc-con><dc-con><bs-empty><\/bs-empty><\/dc-con><dc-con>        <\/p>\n<div class=\"customDescription\">                    <\/div>\n<p><\/dc-con><dc-con>N\u00e1bytek Lyra Plus VIVA dopl\u0148uje obl\u00edbenou koupelnovou s\u00e9rii Lyra Plus. Sk\u0159\u00ed\u0148ka pod umyvadlo Lyra Plus 550 mm (H810381) d\u00edky sv\u00fdm rozm\u011br\u016fm nab\u00edz\u00ed dostate\u010dn\u00fd prostor pro ulo\u017een\u00ed v\u0161ech nezbytnost\u00ed. Klasick\u00e1 b\u00edl\u00e1 barva n\u00e1bytku s pololeskl\u00fdm povrchem na \u010dele sk\u0159\u00ed\u0148ky disponuje dv\u011bma dv\u00ed\u0159ky, \u00fachytkami z brou\u0161en\u00e9ho niklu a nejkvalitn\u011bj\u0161\u00edmi dve\u0159n\u00edmi panty, kter\u00e9 jsou testov\u00e1ny na 20 000 cykl\u016f. Na koupelnov\u00fd n\u00e1bytek JIKA vyroben\u00fd v\u00fdhradn\u011b v \u010cesk\u00e9 republice poskytujeme z\u00e1ruku 2 roky.<\/dc-con><\/dc-con><\/div>\n<div id=\"PDDescription2\" class=\"UserContentView userContent v1a v1 bs-view dcon dc165 PDDescription2\" >\n<p style=\"margin: 22px 0px; text-align: justyfy; color: #4b4b4b; text-transform: none; text-indent: 0px; letter-spacing: normal; font-family: 'Open Sans', sans-serif; font-size: 14px; font-style: normal; font-weight: 400; word-spacing: 0px; white-space: normal; orphans: 2; widows: 2; background-color: #ffffff; font-variant-ligatures: normal; font-variant-caps: normal; -webkit-text-stroke-width: 0px; text-decoration-style: initial; text-decoration-color: initial;\" align=\"center\">\u00a0<strong style=\"font-weight: bold;\"><span style=\"text-decoration: underline;\">Lyra plus VIVA<\/span><\/strong><\/p>\n<p style=\"margin: 22px 0px; text-align: justyfy; color: #4b4b4b; text-transform: none; text-indent: 0px; letter-spacing: normal; font-family: 'Open Sans', sans-serif; font-size: 14px; font-style: normal; font-weight: 400; word-spacing: 0px; white-space: normal; orphans: 2; widows: 2; background-color: #ffffff; font-variant-ligatures: normal; font-variant-caps: normal; -webkit-text-stroke-width: 0px; text-decoration-style: initial; text-decoration-color: initial;\" align=\"center\">Dobr\u00e1 cena a vysok\u00e1 odolnost proti vlhkosti, to je jen p\u00e1r v\u00fdhod, kter\u00fdmi n\u00e1bytek Jika vynik\u00e1. Pouze ta nejkvalitn\u011bj\u0161\u00ed lepidla se pou\u017e\u00edvaj\u00ed p\u0159i v\u00fdrob\u011b n\u00e1bytku. Hrany ABS maj\u00ed tlou\u0161\u0165ku 2 a 0,8 mm jsou z\u00a0materi\u00e1lu s\u00a0vysokou odolnost\u00ed proti mechanick\u00e9mu po\u0161kozen\u00ed. Vzhled lakovan\u00e9 plochy se nem\u011bn\u00ed, nest\u00e1rne, ne\u017eloutne, nebo\u0165 obsahuje UV filtry.<\/p>\n<p style=\"margin: 22px 0px; text-align: justyfy; color: #4b4b4b; text-transform: none; text-indent: 0px; letter-spacing: normal; font-family: 'Open Sans', sans-serif; font-size: 14px; font-style: normal; font-weight: 400; word-spacing: 0px; white-space: normal; orphans: 2; widows: 2; background-color: #ffffff; font-variant-ligatures: normal; font-variant-caps: normal; -webkit-text-stroke-width: 0px; text-decoration-style: initial; text-decoration-color: initial;\" align=\"center\">Lyra Plus VIVA je velmi obl\u00edbenou koupelnovou s\u00e9ri\u00ed. Roz\u0161i\u0159uje nab\u00eddku s\u00e9rie Lyra Plus. N\u00e1bytek je vyr\u00e1b\u011bn v\u00a0b\u00edl\u00e9 leskl\u00e9 barv\u011b. M\u00e1 dokonalou kompozici, kter\u00e1 V\u00e1m vytvo\u0159\u00ed mnoho \u00falo\u017en\u00e9ho prostoru, na ulo\u017een\u00ed v\u0161ech pot\u0159ebn\u00fdch v\u011bc\u00ed. Doladit koupelnu do nejmen\u0161\u00edch detail\u016f, V\u00e1m pomohou otev\u0159en\u00e9 poli\u010dky, do kter\u00fdch m\u016f\u017eete um\u00edstit dopl\u0148ky, nebo nap\u0159\u00edklad nezbytnosti, kter\u00e9 pot\u0159ebujete m\u00edt neust\u00e1le p\u0159i ruce. Nov\u00e9 umyvadlo Lyra Plus v\u00a0modern\u00edm hranat\u00e9m proveden\u00ed bylo navr\u017eeno v\u00a0souladu s\u00a0aktu\u00e1ln\u00edmi koupelnov\u00fdmi trendy. Na v\u00fdb\u011br jsou proveden\u00ed o \u0161\u00ed\u0159k\u00e1ch 50, 55 a 60 cm nebo um\u00fdv\u00e1tko o \u0161\u00ed\u0159ce 40 cm. Umyvadlo dokonale dopl\u0148uj\u00ed sk\u0159\u00ednky Lyra Plus VIVA, kter\u00e9 maj\u00ed dv\u011b z\u00e1suvky a \u00fachytky z\u00a0\u00a0brou\u0161en\u00e9ho niklu. \u00a0Klasick\u00e1 umyvadla a n\u00e1bytek Lyra Plus v\u00a0nab\u00eddce z\u016fst\u00e1vaj\u00ed. I st\u00e1lice v\u00a0podob\u011b kombiklozetu s\u00a0\u00fasporn\u00fdm splachov\u00e1n\u00edm 3\/6 l, je v\u00a0nab\u00eddce dostupn\u00e1. Novinka, kter\u00e1 roz\u0161i\u0159uje s\u00e9rii, je z\u00e1v\u011bsn\u00e1 toaleta s\u00a0technologi\u00ed rimless. Rimless je konstrukce bez oplachovac\u00edho kruhu, kter\u00e1 zabra\u0148uje usazov\u00e1n\u00ed ne\u010distot na m\u00edstech, kter\u00e1 jsou t\u011b\u017eko dostupn\u00e1 na vy\u010di\u0161t\u011bn\u00ed. \u00dasporn\u00e9 splachov\u00e1n\u00ed je samoz\u0159ejmost\u00ed.<\/p>\n<p style=\"text-align: left;\">ABS hrany jsou lepeny lepidlem PUR, kter\u00e9 chr\u00e1n\u00ed proti vlhkosti\u00a0<\/p>\n<p style=\"text-align: left;\">Pojezdy z\u00e1suvek s\u00a0brzdou a pojezdem<\/p>\n<p style=\"text-align: left;\">nejkvalitn\u011bj\u0161\u00ed dve\u0159n\u00ed panty testovan\u00e9 na 20 000 cykl\u016f<\/p>\n<p style=\"text-align: left;\">z\u00e1ru\u010dn\u00ed servis u z\u00e1kazn\u00edka<\/p>\n<\/div><\/div>\n<div id=\"PDTable3\" class=\"ProductDetailTableView v3a v3 bs-view dcon dc185 PDTable3\" >\n<table>\n<thead><\/thead>\n<tbody>\n<tr class=\"attribute attr_sirkatext\">\n<td class=\"caption\">\u0160\u00ed\u0159ka<\/td>\n<td class=\"value\">550mm<\/td>\n<\/tr>\n<tr class=\"attribute attr_bsshop_maker\">\n<td class=\"caption\">V\u00fdrobce<\/td>\n<td class=\"value\">Jika<\/td>\n<\/tr>\n<tr class=\"attribute attr_delka\">\n<td class=\"caption\">D\u00e9lka v mm<\/td>\n<td class=\"value\">491<\/td>\n<\/tr>\n<tr class=\"attribute attr_sirka\">\n<td class=\"caption\">\u0160\u00ed\u0159ka v mm<\/td>\n<td class=\"value\">416<\/td>\n<\/tr>\n<tr class=\"attribute attr_Vyska\">\n<td class=\"caption\">V\u00fd\u0161ka v mm<\/td>\n<td class=\"value\">550<\/td>\n<\/tr>\n<\/tbody>\n<\/table>\n<\/div>\n<div id=\"ProductMedia\" class=\"ProductMediaView MediaViewBase v1a v1 bs-view dcon dc409 ProductMedia\" ><bs-empty><\/bs-empty><\/p>\n<div class=\"files\">\n<div class=\"title sub\">Soubory<\/div>\n<p><a href=\"\/media\/10682\/td01-jika-40j3932003001.pdf?&amp;key=ZGpmIyQwNUZfMTA2ODI=\" class=\"pdf\">Technick&#253; v&#253;kres<\/a><\/div>\n<p><bs-empty><\/bs-empty><\/div>\n<\/div>\n<div id=\"e4476482\" class=\"tabs\">\n","protected":false},"excerpt":{"rendered":"<p>N\u00e1bytek Lyra Plus VIVA dopl\u0148uje obl\u00edbenou koupelnovou s\u00e9rii Lyra Plus. Sk\u0159\u00ed\u0148ka pod umyvadlo Lyra Plus 550 mm (H810381) d\u00edky sv\u00fdm rozm\u011br\u016fm nab\u00edz\u00ed dostate\u010dn\u00fd prostor pro ulo\u017een\u00ed v\u0161ech nezbytnost\u00ed. Klasick\u00e1 b\u00edl\u00e1 barva n\u00e1bytku s pololeskl\u00fdm povrchem na \u010dele sk\u0159\u00ed\u0148ky disponuje dv\u011bma dv\u00ed\u0159ky, \u00fachytkami z brou\u0161en\u00e9ho niklu a nejkvalitn\u011bj\u0161\u00edmi dve\u0159n\u00edmi panty, kter\u00e9 jsou testov\u00e1ny na 20 000 [&hellip;]<\/p>\n","protected":false},"featured_media":55245,"comment_status":"open","ping_status":"open","template":"","meta":[],"product_brand":[],"product_cat":[94],"product_tag":[],"class_list":{"0":"post-55145","1":"product","2":"type-product","3":"status-publish","4":"has-post-thumbnail","6":"product_cat-vybaven-237-koupelny","8":"first","9":"instock","10":"sale","11":"shipping-taxable","12":"purchasable","13":"product-type-simple"},"yoast_head":"<!-- This site is optimized with the Yoast SEO plugin v26.8 - https:\/\/yoast.com\/product\/yoast-seo-wordpress\/ -->\n<title>Zlevn\u011bn\u00fd JIKA LYRAplus VIVA, dv\u00ed\u0159kov\u00e1 sk\u0159\u00ed\u0148ka na umyvadlo 55x45cm s otvorem pro baterii, b\u00edl\u00e1 -<\/title>\n<meta name=\"robots\" content=\"index, follow, max-snippet:-1, max-image-preview:large, max-video-preview:-1\" \/>\n<link rel=\"canonical\" href=\"https:\/\/www.koupeltech.com\/index.php\/produkt\/zlevneny-jika-lyraplus-viva-dvirkova-skrinka-na-umyvadlo-55x45cm-s-otvorem-pro-baterii-bila-55145\/\" \/>\n<meta property=\"og:locale\" content=\"cs_CZ\" \/>\n<meta property=\"og:type\" content=\"article\" \/>\n<meta property=\"og:title\" content=\"Zlevn\u011bn\u00fd JIKA LYRAplus VIVA, dv\u00ed\u0159kov\u00e1 sk\u0159\u00ed\u0148ka na umyvadlo 55x45cm s otvorem pro baterii, b\u00edl\u00e1 -\" \/>\n<meta property=\"og:description\" content=\"N\u00e1bytek Lyra Plus VIVA dopl\u0148uje obl\u00edbenou koupelnovou s\u00e9rii Lyra Plus. Sk\u0159\u00ed\u0148ka pod umyvadlo Lyra Plus 550 mm (H810381) d\u00edky sv\u00fdm rozm\u011br\u016fm nab\u00edz\u00ed dostate\u010dn\u00fd prostor pro ulo\u017een\u00ed v\u0161ech nezbytnost\u00ed. Klasick\u00e1 b\u00edl\u00e1 barva n\u00e1bytku s pololeskl\u00fdm povrchem na \u010dele sk\u0159\u00ed\u0148ky disponuje dv\u011bma dv\u00ed\u0159ky, \u00fachytkami z brou\u0161en\u00e9ho niklu a nejkvalitn\u011bj\u0161\u00edmi dve\u0159n\u00edmi panty, kter\u00e9 jsou testov\u00e1ny na 20 000 [&hellip;]\" \/>\n<meta property=\"og:url\" content=\"https:\/\/www.koupeltech.com\/index.php\/produkt\/zlevneny-jika-lyraplus-viva-dvirkova-skrinka-na-umyvadlo-55x45cm-s-otvorem-pro-baterii-bila-55145\/\" \/>\n<meta property=\"og:image\" content=\"https:\/\/www.koupeltech.com\/wp-content\/uploads\/2026\/SK0021603-CZ20260425-093449-0-1777080896-jika-lyraplus-viva-dvirkova-skrinka-na-umyvadlo-55x45cm-s-o.webp\" \/>\n\t<meta property=\"og:image:width\" content=\"1000\" \/>\n\t<meta property=\"og:image:height\" content=\"525\" \/>\n\t<meta property=\"og:image:type\" content=\"image\/webp\" \/>\n<meta name=\"twitter:card\" content=\"summary_large_image\" \/>\n<meta name=\"twitter:label1\" content=\"Odhadovan\u00e1 doba \u010dten\u00ed\" \/>\n\t<meta name=\"twitter:data1\" content=\"2 minuty\" \/>\n<script type=\"application\/ld+json\" class=\"yoast-schema-graph\">{\"@context\":\"https:\/\/schema.org\",\"@graph\":[{\"@type\":\"WebPage\",\"@id\":\"https:\/\/www.koupeltech.com\/index.php\/produkt\/zlevneny-jika-lyraplus-viva-dvirkova-skrinka-na-umyvadlo-55x45cm-s-otvorem-pro-baterii-bila-55145\/\",\"url\":\"https:\/\/www.koupeltech.com\/index.php\/produkt\/zlevneny-jika-lyraplus-viva-dvirkova-skrinka-na-umyvadlo-55x45cm-s-otvorem-pro-baterii-bila-55145\/\",\"name\":\"Zlevn\u011bn\u00fd JIKA LYRAplus VIVA, dv\u00ed\u0159kov\u00e1 sk\u0159\u00ed\u0148ka na umyvadlo 55x45cm s otvorem pro baterii, b\u00edl\u00e1 -\",\"isPartOf\":{\"@id\":\"https:\/\/www.koupeltech.com\/#website\"},\"primaryImageOfPage\":{\"@id\":\"https:\/\/www.koupeltech.com\/index.php\/produkt\/zlevneny-jika-lyraplus-viva-dvirkova-skrinka-na-umyvadlo-55x45cm-s-otvorem-pro-baterii-bila-55145\/#primaryimage\"},\"image\":{\"@id\":\"https:\/\/www.koupeltech.com\/index.php\/produkt\/zlevneny-jika-lyraplus-viva-dvirkova-skrinka-na-umyvadlo-55x45cm-s-otvorem-pro-baterii-bila-55145\/#primaryimage\"},\"thumbnailUrl\":\"https:\/\/www.koupeltech.com\/wp-content\/uploads\/2026\/SK0021603-CZ20260425-093449-0-1777080896-jika-lyraplus-viva-dvirkova-skrinka-na-umyvadlo-55x45cm-s-o.webp\",\"datePublished\":\"2026-04-27T14:04:09+00:00\",\"breadcrumb\":{\"@id\":\"https:\/\/www.koupeltech.com\/index.php\/produkt\/zlevneny-jika-lyraplus-viva-dvirkova-skrinka-na-umyvadlo-55x45cm-s-otvorem-pro-baterii-bila-55145\/#breadcrumb\"},\"inLanguage\":\"cs\",\"potentialAction\":[{\"@type\":\"ReadAction\",\"target\":[\"https:\/\/www.koupeltech.com\/index.php\/produkt\/zlevneny-jika-lyraplus-viva-dvirkova-skrinka-na-umyvadlo-55x45cm-s-otvorem-pro-baterii-bila-55145\/\"]}]},{\"@type\":\"ImageObject\",\"inLanguage\":\"cs\",\"@id\":\"https:\/\/www.koupeltech.com\/index.php\/produkt\/zlevneny-jika-lyraplus-viva-dvirkova-skrinka-na-umyvadlo-55x45cm-s-otvorem-pro-baterii-bila-55145\/#primaryimage\",\"url\":\"https:\/\/www.koupeltech.com\/wp-content\/uploads\/2026\/SK0021603-CZ20260425-093449-0-1777080896-jika-lyraplus-viva-dvirkova-skrinka-na-umyvadlo-55x45cm-s-o.webp\",\"contentUrl\":\"https:\/\/www.koupeltech.com\/wp-content\/uploads\/2026\/SK0021603-CZ20260425-093449-0-1777080896-jika-lyraplus-viva-dvirkova-skrinka-na-umyvadlo-55x45cm-s-o.webp\",\"width\":1000,\"height\":525},{\"@type\":\"BreadcrumbList\",\"@id\":\"https:\/\/www.koupeltech.com\/index.php\/produkt\/zlevneny-jika-lyraplus-viva-dvirkova-skrinka-na-umyvadlo-55x45cm-s-otvorem-pro-baterii-bila-55145\/#breadcrumb\",\"itemListElement\":[{\"@type\":\"ListItem\",\"position\":1,\"name\":\"Home\",\"item\":\"https:\/\/www.koupeltech.com\/\"},{\"@type\":\"ListItem\",\"position\":2,\"name\":\"Products\",\"item\":\"https:\/\/www.koupeltech.com\/index.php\/products\/\"},{\"@type\":\"ListItem\",\"position\":3,\"name\":\"Zlevn\u011bn\u00fd JIKA LYRAplus VIVA, dv\u00ed\u0159kov\u00e1 sk\u0159\u00ed\u0148ka na umyvadlo 55x45cm s otvorem pro baterii, b\u00edl\u00e1\"}]},{\"@type\":\"WebSite\",\"@id\":\"https:\/\/www.koupeltech.com\/#website\",\"url\":\"https:\/\/www.koupeltech.com\/\",\"name\":\"\",\"description\":\"\",\"potentialAction\":[{\"@type\":\"SearchAction\",\"target\":{\"@type\":\"EntryPoint\",\"urlTemplate\":\"https:\/\/www.koupeltech.com\/?s={search_term_string}\"},\"query-input\":{\"@type\":\"PropertyValueSpecification\",\"valueRequired\":true,\"valueName\":\"search_term_string\"}}],\"inLanguage\":\"cs\"}]}<\/script>\n<!-- \/ Yoast SEO plugin. -->","yoast_head_json":{"title":"Zlevn\u011bn\u00fd JIKA LYRAplus VIVA, dv\u00ed\u0159kov\u00e1 sk\u0159\u00ed\u0148ka na umyvadlo 55x45cm s otvorem pro baterii, b\u00edl\u00e1 -","robots":{"index":"index","follow":"follow","max-snippet":"max-snippet:-1","max-image-preview":"max-image-preview:large","max-video-preview":"max-video-preview:-1"},"canonical":"https:\/\/www.koupeltech.com\/index.php\/produkt\/zlevneny-jika-lyraplus-viva-dvirkova-skrinka-na-umyvadlo-55x45cm-s-otvorem-pro-baterii-bila-55145\/","og_locale":"cs_CZ","og_type":"article","og_title":"Zlevn\u011bn\u00fd JIKA LYRAplus VIVA, dv\u00ed\u0159kov\u00e1 sk\u0159\u00ed\u0148ka na umyvadlo 55x45cm s otvorem pro baterii, b\u00edl\u00e1 -","og_description":"N\u00e1bytek Lyra Plus VIVA dopl\u0148uje obl\u00edbenou koupelnovou s\u00e9rii Lyra Plus. Sk\u0159\u00ed\u0148ka pod umyvadlo Lyra Plus 550 mm (H810381) d\u00edky sv\u00fdm rozm\u011br\u016fm nab\u00edz\u00ed dostate\u010dn\u00fd prostor pro ulo\u017een\u00ed v\u0161ech nezbytnost\u00ed. Klasick\u00e1 b\u00edl\u00e1 barva n\u00e1bytku s pololeskl\u00fdm povrchem na \u010dele sk\u0159\u00ed\u0148ky disponuje dv\u011bma dv\u00ed\u0159ky, \u00fachytkami z brou\u0161en\u00e9ho niklu a nejkvalitn\u011bj\u0161\u00edmi dve\u0159n\u00edmi panty, kter\u00e9 jsou testov\u00e1ny na 20 000 [&hellip;]","og_url":"https:\/\/www.koupeltech.com\/index.php\/produkt\/zlevneny-jika-lyraplus-viva-dvirkova-skrinka-na-umyvadlo-55x45cm-s-otvorem-pro-baterii-bila-55145\/","og_image":[{"width":1000,"height":525,"url":"https:\/\/www.koupeltech.com\/wp-content\/uploads\/2026\/SK0021603-CZ20260425-093449-0-1777080896-jika-lyraplus-viva-dvirkova-skrinka-na-umyvadlo-55x45cm-s-o.webp","type":"image\/webp"}],"twitter_card":"summary_large_image","twitter_misc":{"Odhadovan\u00e1 doba \u010dten\u00ed":"2 minuty"},"schema":{"@context":"https:\/\/schema.org","@graph":[{"@type":"WebPage","@id":"https:\/\/www.koupeltech.com\/index.php\/produkt\/zlevneny-jika-lyraplus-viva-dvirkova-skrinka-na-umyvadlo-55x45cm-s-otvorem-pro-baterii-bila-55145\/","url":"https:\/\/www.koupeltech.com\/index.php\/produkt\/zlevneny-jika-lyraplus-viva-dvirkova-skrinka-na-umyvadlo-55x45cm-s-otvorem-pro-baterii-bila-55145\/","name":"Zlevn\u011bn\u00fd JIKA LYRAplus VIVA, dv\u00ed\u0159kov\u00e1 sk\u0159\u00ed\u0148ka na umyvadlo 55x45cm s otvorem pro baterii, b\u00edl\u00e1 -","isPartOf":{"@id":"https:\/\/www.koupeltech.com\/#website"},"primaryImageOfPage":{"@id":"https:\/\/www.koupeltech.com\/index.php\/produkt\/zlevneny-jika-lyraplus-viva-dvirkova-skrinka-na-umyvadlo-55x45cm-s-otvorem-pro-baterii-bila-55145\/#primaryimage"},"image":{"@id":"https:\/\/www.koupeltech.com\/index.php\/produkt\/zlevneny-jika-lyraplus-viva-dvirkova-skrinka-na-umyvadlo-55x45cm-s-otvorem-pro-baterii-bila-55145\/#primaryimage"},"thumbnailUrl":"https:\/\/www.koupeltech.com\/wp-content\/uploads\/2026\/SK0021603-CZ20260425-093449-0-1777080896-jika-lyraplus-viva-dvirkova-skrinka-na-umyvadlo-55x45cm-s-o.webp","datePublished":"2026-04-27T14:04:09+00:00","breadcrumb":{"@id":"https:\/\/www.koupeltech.com\/index.php\/produkt\/zlevneny-jika-lyraplus-viva-dvirkova-skrinka-na-umyvadlo-55x45cm-s-otvorem-pro-baterii-bila-55145\/#breadcrumb"},"inLanguage":"cs","potentialAction":[{"@type":"ReadAction","target":["https:\/\/www.koupeltech.com\/index.php\/produkt\/zlevneny-jika-lyraplus-viva-dvirkova-skrinka-na-umyvadlo-55x45cm-s-otvorem-pro-baterii-bila-55145\/"]}]},{"@type":"ImageObject","inLanguage":"cs","@id":"https:\/\/www.koupeltech.com\/index.php\/produkt\/zlevneny-jika-lyraplus-viva-dvirkova-skrinka-na-umyvadlo-55x45cm-s-otvorem-pro-baterii-bila-55145\/#primaryimage","url":"https:\/\/www.koupeltech.com\/wp-content\/uploads\/2026\/SK0021603-CZ20260425-093449-0-1777080896-jika-lyraplus-viva-dvirkova-skrinka-na-umyvadlo-55x45cm-s-o.webp","contentUrl":"https:\/\/www.koupeltech.com\/wp-content\/uploads\/2026\/SK0021603-CZ20260425-093449-0-1777080896-jika-lyraplus-viva-dvirkova-skrinka-na-umyvadlo-55x45cm-s-o.webp","width":1000,"height":525},{"@type":"BreadcrumbList","@id":"https:\/\/www.koupeltech.com\/index.php\/produkt\/zlevneny-jika-lyraplus-viva-dvirkova-skrinka-na-umyvadlo-55x45cm-s-otvorem-pro-baterii-bila-55145\/#breadcrumb","itemListElement":[{"@type":"ListItem","position":1,"name":"Home","item":"https:\/\/www.koupeltech.com\/"},{"@type":"ListItem","position":2,"name":"Products","item":"https:\/\/www.koupeltech.com\/index.php\/products\/"},{"@type":"ListItem","position":3,"name":"Zlevn\u011bn\u00fd JIKA LYRAplus VIVA, dv\u00ed\u0159kov\u00e1 sk\u0159\u00ed\u0148ka na umyvadlo 55x45cm s otvorem pro baterii, b\u00edl\u00e1"}]},{"@type":"WebSite","@id":"https:\/\/www.koupeltech.com\/#website","url":"https:\/\/www.koupeltech.com\/","name":"","description":"","potentialAction":[{"@type":"SearchAction","target":{"@type":"EntryPoint","urlTemplate":"https:\/\/www.koupeltech.com\/?s={search_term_string}"},"query-input":{"@type":"PropertyValueSpecification","valueRequired":true,"valueName":"search_term_string"}}],"inLanguage":"cs"}]}},"_links":{"self":[{"href":"https:\/\/www.koupeltech.com\/index.php\/wp-json\/wp\/v2\/product\/55145","targetHints":{"allow":["GET"]}}],"collection":[{"href":"https:\/\/www.koupeltech.com\/index.php\/wp-json\/wp\/v2\/product"}],"about":[{"href":"https:\/\/www.koupeltech.com\/index.php\/wp-json\/wp\/v2\/types\/product"}],"replies":[{"embeddable":true,"href":"https:\/\/www.koupeltech.com\/index.php\/wp-json\/wp\/v2\/comments?post=55145"}],"wp:featuredmedia":[{"embeddable":true,"href":"https:\/\/www.koupeltech.com\/index.php\/wp-json\/wp\/v2\/media\/55245"}],"wp:attachment":[{"href":"https:\/\/www.koupeltech.com\/index.php\/wp-json\/wp\/v2\/media?parent=55145"}],"wp:term":[{"taxonomy":"product_brand","embeddable":true,"href":"https:\/\/www.koupeltech.com\/index.php\/wp-json\/wp\/v2\/product_brand?post=55145"},{"taxonomy":"product_cat","embeddable":true,"href":"https:\/\/www.koupeltech.com\/index.php\/wp-json\/wp\/v2\/product_cat?post=55145"},{"taxonomy":"product_tag","embeddable":true,"href":"https:\/\/www.koupeltech.com\/index.php\/wp-json\/wp\/v2\/product_tag?post=55145"}],"curies":[{"name":"wp","href":"https:\/\/api.w.org\/{rel}","templated":true}]}}