{"id":56179,"date":"2026-04-27T14:04:21","date_gmt":"2026-04-27T14:04:21","guid":{"rendered":""},"modified":"2026-04-27T14:04:21","modified_gmt":"2026-04-27T14:04:21","slug":"opop-prestavbova-sada-pripojeni-opop-dakon-dor20-32-f20-32-4f-18-24-rychle-dodani-56179","status":"publish","type":"product","link":"https:\/\/www.koupeltech.com\/index.php\/produkt\/opop-prestavbova-sada-pripojeni-opop-dakon-dor20-32-f20-32-4f-18-24-rychle-dodani-56179\/","title":{"rendered":"OPOP P\u0159estavbov\u00e1 sada p\u0159ipojen\u00ed OPOP \/ DAKON DOR20-32, F20-32, 4F 18-24 Rychl\u00e9 Dod\u00e1n\u00ed"},"content":{"rendered":"<div id=\"e4721646\" class=\"pages\">\n<div>\n<div id=\"PDDescription\" class=\"UserContentView userContent v1a v1 bs-view dcon dc164 PDDescription\" ><dc-con><dc-con><bs-empty><\/bs-empty><\/dc-con><dc-con>        <\/p>\n<div class=\"customDescription\">                    <\/div>\n<p><\/dc-con><dc-con><\/p>\n<p>P\u0159estavbov\u00e1 sada pro p\u0159ipojen\u00ed nov\u00fdch kotl\u016f OPOP (H4 EKO-U)\u00a0za st\u00e1vaj\u00edc\u00ed kotel Dakon DOR<\/p>\n<p>Sada se skl\u00e1d\u00e1 z 2ks p\u0159ipojovac\u00edch redukc\u00ed se \u0161roubovateln\u00fdmi p\u0159\u00edrubami, v\u010detn\u011b spojovac\u00edho materi\u00e1lu pro p\u0159ipojen\u00ed kotl\u016f H4 <a rel=\"noopener\" target=\"_blank\" href=\"\/\/www.topenilevne.cz\/hledat\/?q=EKO-U\"><span style=\"color: #0066cc;\">EKO-U<\/span><\/a>\u00a0na topn\u00fd syst\u00e9m, kde byl d\u0159\u00edve um\u00edst\u011bn kotel Dakon DOR a podstavce kotle, kter\u00fd vyrovn\u00e1v\u00e1 v\u00fd\u0161kov\u00fd rozd\u00edl mezi kotli.<\/p>\n<p>Samostatn\u011b lze doplnit redukci kou\u0159ovodu, kter\u00e1 p\u0159i pou\u017eit\u00ed podstavce umo\u017en\u00ed zjednodu\u0161en\u00ed p\u0159ipojen\u00ed kou\u0159ovodu kotle do kom\u00edna.<\/p>\n<p>Upozorn\u011bn\u00ed &#8211; kotle DOR maj\u00ed vy\u00fast\u011bn\u00ed kou\u0159ovod\u016f o pr\u016fm\u011bru 145 mm, kotle H412 EKO U, H416 EKO U a H420 EKO U maj\u00ed pr\u016fm\u011br kou\u0159ovodu 130 mm, kotel H425 EKO U 159 mm. Tyto rozd\u00edly v pr\u016fm\u011brech kou\u0159ovod\u016f p\u0159estavbov\u00e9 sady ne\u0159e\u0161\u00ed, je nutno vy\u0159e\u0161it individu\u00e1ln\u011b.<\/p>\n<p>Jednotliv\u00e9 d\u00edly p\u0159estavbov\u00fdch sad lze objednat i samostatn\u011b.<\/p>\n<p><img decoding=\"async\" title=\"\" src=\"\/\/cdn.topenilevne.cz\/data\/user-content\/rozkres trubka prest.jpg\"><\/p>\n<table class=\"tabulka\" style=\"width: auto; height: auto; border-collapse: collapse;\">\n<tbody>\n<tr>\n<td style=\"border: 1px solid black;\"><strong>Rozm\u011bry p\u0159\u00edrub<\/strong><\/td>\n<td style=\"border: 1px solid black; text-align: center;\"><strong>L (mm)<\/strong><\/td>\n<\/tr>\n<tr>\n<td style=\"border: 1px solid black;\">Sestava vstupn\u00ed vody pro Dakon DOR 12, 16, F12, F16, 4F 14<\/td>\n<td style=\"border: 1px solid black; text-align: center;\">135<\/td>\n<\/tr>\n<tr>\n<td style=\"border: 1px solid black;\">Sestava v\u00fdstupn\u00ed vody pro Dakon DOR 12, 16, F12, F16, 4F 14<\/td>\n<td style=\"border: 1px solid black; text-align: center;\">135<\/td>\n<\/tr>\n<tr>\n<td style=\"border: 1px solid black;\">Sestava vstupn\u00ed vody pro Dakon DOR 20-32, F20-32, 4F 18-24<\/td>\n<td style=\"border: 1px solid black; text-align: center;\">178<\/td>\n<\/tr>\n<tr>\n<td style=\"border: 1px solid black;\">Sestava v\u00fdstupn\u00ed vody pro Dakon DOR 20-32, F20-32, 4F 18-24<\/td>\n<td style=\"border: 1px solid black; text-align: center;\">178<\/td>\n<\/tr>\n<tr>\n<td style=\"border: 1px solid black;\"><strong>Rozm\u011bry podstav<\/strong><\/td>\n<td style=\"border: 1px solid black; text-align: center;\"><strong>L (mm)<\/strong><\/td>\n<\/tr>\n<tr>\n<td style=\"border: 1px solid black;\">Podstava pro Dakon DOR 12, 16, F12, F16, 4F 14<\/td>\n<td style=\"border: 1px solid black; text-align: center;\">718 x 418 x 40<\/td>\n<\/tr>\n<tr>\n<td style=\"border: 1px solid black;\">Podstava pro Dakon DOR 20-32, F20-32, 4F 18-24<\/td>\n<td style=\"border: 1px solid black; text-align: center;\">649 x 498 x 117<\/td>\n<\/tr>\n<\/tbody>\n<\/table>\n<p>\u00a0<\/p>\n<p><iframe width=\"560\" height=\"315\" src=\"https:\/\/www.youtube.com\/embed\/9qFUyJmMqF8\" title=\"YouTube video player\" frameborder=\"0\" allow=\"accelerometer; autoplay; clipboard-write; encrypted-media; gyroscope; picture-in-picture\" allowfullscreen><\/iframe><iframe width=\"560\" height=\"315\" src=\"https:\/\/www.youtube.com\/embed\/PpDAX4dM-7Y\" frameborder=\"0\" allow=\"accelerometer; autoplay; encrypted-media; gyroscope; picture-in-picture\" allowfullscreen><\/iframe><\/p>\n<p>\u00a0<\/p>\n<p><\/dc-con><\/dc-con><\/div>\n<\/p><\/div>\n<div id=\"PDTable3\" class=\"ProductDetailTableView v3a v3 bs-view dcon dc185 PDTable3\" >\n<table>\n<thead><\/thead>\n<tbody>\n<tr class=\"attribute attr_palivo1\">\n<td class=\"caption\">Palivo <\/td>\n<td class=\"value\">4950<\/td>\n<\/tr>\n<tr class=\"attribute attr_bsshop_maker\">\n<td class=\"caption\">V\u00fdrobce<\/td>\n<td class=\"value\">Opop<\/td>\n<\/tr>\n<tr class=\"weight\">\n<td class=\"caption\"><span>Hmotnost<\/span><\/td>\n<td class=\"value\"><span>52,70 kg<\/span><\/td>\n<\/tr>\n<\/tbody>\n<\/table>\n<\/div>\n<div id=\"PdProductGpsr\" class=\"ProductGpsrView v1a v1 bs-view dcon dc217 PdProductGpsr\" >\n<div class=\"subject\"><dc-root class=\"dcon dc219\"><span class=\"title\">Zodpov\u011bdn&#253; subjekt:<\/span><dc-con><dc-con><span class=\"company\">OPOP s.r.o.<\/span><span class=\"name\">Opop<\/span><\/dc-con><dc-con><span class=\"street\">Za\u0161ovsk&#225; 750<\/span><span class=\"city\">Vala\u0161sk&#233; Mezi\u0159&#237;\u010d&#237;<\/span><span class=\"zip\">757 01<\/span><span class=\"country\">\u010cesko<\/span><\/dc-con><span class=\"email\">sales@opop.cz<\/span><span class=\"phone\">571 675 240<\/span><bs-empty><\/bs-empty><a href=\"https:\/\/www.opop.cz\/\" class=\"link\" target=\"_blank\">https:\/\/www.opop.cz\/<\/a><\/dc-con><bs-empty><\/bs-empty><\/dc-root><\/div>\n<p><bs-empty><\/bs-empty><\/div>\n<\/div>\n<div id=\"e4721647\" class=\"tabs\">\n","protected":false},"excerpt":{"rendered":"<p>P\u0159estavbov\u00e1 sada pro p\u0159ipojen\u00ed nov\u00fdch kotl\u016f OPOP (H4 EKO-U)\u00a0za st\u00e1vaj\u00edc\u00ed kotel Dakon DOR Sada se skl\u00e1d\u00e1 z 2ks p\u0159ipojovac\u00edch redukc\u00ed se \u0161roubovateln\u00fdmi p\u0159\u00edrubami, v\u010detn\u011b spojovac\u00edho materi\u00e1lu pro p\u0159ipojen\u00ed kotl\u016f H4 EKO-U\u00a0na topn\u00fd syst\u00e9m, kde byl d\u0159\u00edve um\u00edst\u011bn kotel Dakon DOR a podstavce kotle, kter\u00fd vyrovn\u00e1v\u00e1 v\u00fd\u0161kov\u00fd rozd\u00edl mezi kotli. Samostatn\u011b lze doplnit redukci kou\u0159ovodu, kter\u00e1 [&hellip;]<\/p>\n","protected":false},"featured_media":56279,"comment_status":"open","ping_status":"open","template":"","meta":[],"product_brand":[],"product_cat":[98],"product_tag":[],"class_list":{"0":"post-56179","1":"product","2":"type-product","3":"status-publish","4":"has-post-thumbnail","6":"product_cat-kotle","8":"first","9":"instock","10":"sale","11":"shipping-taxable","12":"purchasable","13":"product-type-simple"},"yoast_head":"<!-- This site is optimized with the Yoast SEO plugin v26.8 - https:\/\/yoast.com\/product\/yoast-seo-wordpress\/ -->\n<title>OPOP P\u0159estavbov\u00e1 sada p\u0159ipojen\u00ed OPOP \/ DAKON DOR20-32, F20-32, 4F 18-24 Rychl\u00e9 Dod\u00e1n\u00ed -<\/title>\n<meta name=\"robots\" content=\"index, follow, max-snippet:-1, max-image-preview:large, max-video-preview:-1\" \/>\n<link rel=\"canonical\" href=\"https:\/\/www.koupeltech.com\/index.php\/produkt\/opop-prestavbova-sada-pripojeni-opop-dakon-dor20-32-f20-32-4f-18-24-rychle-dodani-56179\/\" \/>\n<meta property=\"og:locale\" content=\"cs_CZ\" \/>\n<meta property=\"og:type\" content=\"article\" \/>\n<meta property=\"og:title\" content=\"OPOP P\u0159estavbov\u00e1 sada p\u0159ipojen\u00ed OPOP \/ DAKON DOR20-32, F20-32, 4F 18-24 Rychl\u00e9 Dod\u00e1n\u00ed -\" \/>\n<meta property=\"og:description\" content=\"P\u0159estavbov\u00e1 sada pro p\u0159ipojen\u00ed nov\u00fdch kotl\u016f OPOP (H4 EKO-U)\u00a0za st\u00e1vaj\u00edc\u00ed kotel Dakon DOR Sada se skl\u00e1d\u00e1 z 2ks p\u0159ipojovac\u00edch redukc\u00ed se \u0161roubovateln\u00fdmi p\u0159\u00edrubami, v\u010detn\u011b spojovac\u00edho materi\u00e1lu pro p\u0159ipojen\u00ed kotl\u016f H4 EKO-U\u00a0na topn\u00fd syst\u00e9m, kde byl d\u0159\u00edve um\u00edst\u011bn kotel Dakon DOR a podstavce kotle, kter\u00fd vyrovn\u00e1v\u00e1 v\u00fd\u0161kov\u00fd rozd\u00edl mezi kotli. Samostatn\u011b lze doplnit redukci kou\u0159ovodu, kter\u00e1 [&hellip;]\" \/>\n<meta property=\"og:url\" content=\"https:\/\/www.koupeltech.com\/index.php\/produkt\/opop-prestavbova-sada-pripojeni-opop-dakon-dor20-32-f20-32-4f-18-24-rychle-dodani-56179\/\" \/>\n<meta property=\"og:image\" content=\"https:\/\/www.koupeltech.com\/wp-content\/uploads\/2026\/SK0022153-CZ20260425-093449-0-1777080896-opop-prestavbova-sada-pripojeni-opop-dakon-dor20-32-f20-32-.webp\" \/>\n\t<meta property=\"og:image:width\" content=\"1000\" \/>\n\t<meta property=\"og:image:height\" content=\"525\" \/>\n\t<meta property=\"og:image:type\" content=\"image\/webp\" \/>\n<meta name=\"twitter:card\" content=\"summary_large_image\" \/>\n<meta name=\"twitter:label1\" content=\"Odhadovan\u00e1 doba \u010dten\u00ed\" \/>\n\t<meta name=\"twitter:data1\" content=\"1 minuta\" \/>\n<script type=\"application\/ld+json\" class=\"yoast-schema-graph\">{\"@context\":\"https:\/\/schema.org\",\"@graph\":[{\"@type\":\"WebPage\",\"@id\":\"https:\/\/www.koupeltech.com\/index.php\/produkt\/opop-prestavbova-sada-pripojeni-opop-dakon-dor20-32-f20-32-4f-18-24-rychle-dodani-56179\/\",\"url\":\"https:\/\/www.koupeltech.com\/index.php\/produkt\/opop-prestavbova-sada-pripojeni-opop-dakon-dor20-32-f20-32-4f-18-24-rychle-dodani-56179\/\",\"name\":\"OPOP P\u0159estavbov\u00e1 sada p\u0159ipojen\u00ed OPOP \/ DAKON DOR20-32, F20-32, 4F 18-24 Rychl\u00e9 Dod\u00e1n\u00ed -\",\"isPartOf\":{\"@id\":\"https:\/\/www.koupeltech.com\/#website\"},\"primaryImageOfPage\":{\"@id\":\"https:\/\/www.koupeltech.com\/index.php\/produkt\/opop-prestavbova-sada-pripojeni-opop-dakon-dor20-32-f20-32-4f-18-24-rychle-dodani-56179\/#primaryimage\"},\"image\":{\"@id\":\"https:\/\/www.koupeltech.com\/index.php\/produkt\/opop-prestavbova-sada-pripojeni-opop-dakon-dor20-32-f20-32-4f-18-24-rychle-dodani-56179\/#primaryimage\"},\"thumbnailUrl\":\"https:\/\/www.koupeltech.com\/wp-content\/uploads\/2026\/SK0022153-CZ20260425-093449-0-1777080896-opop-prestavbova-sada-pripojeni-opop-dakon-dor20-32-f20-32-.webp\",\"datePublished\":\"2026-04-27T14:04:21+00:00\",\"breadcrumb\":{\"@id\":\"https:\/\/www.koupeltech.com\/index.php\/produkt\/opop-prestavbova-sada-pripojeni-opop-dakon-dor20-32-f20-32-4f-18-24-rychle-dodani-56179\/#breadcrumb\"},\"inLanguage\":\"cs\",\"potentialAction\":[{\"@type\":\"ReadAction\",\"target\":[\"https:\/\/www.koupeltech.com\/index.php\/produkt\/opop-prestavbova-sada-pripojeni-opop-dakon-dor20-32-f20-32-4f-18-24-rychle-dodani-56179\/\"]}]},{\"@type\":\"ImageObject\",\"inLanguage\":\"cs\",\"@id\":\"https:\/\/www.koupeltech.com\/index.php\/produkt\/opop-prestavbova-sada-pripojeni-opop-dakon-dor20-32-f20-32-4f-18-24-rychle-dodani-56179\/#primaryimage\",\"url\":\"https:\/\/www.koupeltech.com\/wp-content\/uploads\/2026\/SK0022153-CZ20260425-093449-0-1777080896-opop-prestavbova-sada-pripojeni-opop-dakon-dor20-32-f20-32-.webp\",\"contentUrl\":\"https:\/\/www.koupeltech.com\/wp-content\/uploads\/2026\/SK0022153-CZ20260425-093449-0-1777080896-opop-prestavbova-sada-pripojeni-opop-dakon-dor20-32-f20-32-.webp\",\"width\":1000,\"height\":525},{\"@type\":\"BreadcrumbList\",\"@id\":\"https:\/\/www.koupeltech.com\/index.php\/produkt\/opop-prestavbova-sada-pripojeni-opop-dakon-dor20-32-f20-32-4f-18-24-rychle-dodani-56179\/#breadcrumb\",\"itemListElement\":[{\"@type\":\"ListItem\",\"position\":1,\"name\":\"Home\",\"item\":\"https:\/\/www.koupeltech.com\/\"},{\"@type\":\"ListItem\",\"position\":2,\"name\":\"Products\",\"item\":\"https:\/\/www.koupeltech.com\/index.php\/products\/\"},{\"@type\":\"ListItem\",\"position\":3,\"name\":\"OPOP P\u0159estavbov\u00e1 sada p\u0159ipojen\u00ed OPOP \/ DAKON DOR20-32, F20-32, 4F 18-24 Rychl\u00e9 Dod\u00e1n\u00ed\"}]},{\"@type\":\"WebSite\",\"@id\":\"https:\/\/www.koupeltech.com\/#website\",\"url\":\"https:\/\/www.koupeltech.com\/\",\"name\":\"\",\"description\":\"\",\"potentialAction\":[{\"@type\":\"SearchAction\",\"target\":{\"@type\":\"EntryPoint\",\"urlTemplate\":\"https:\/\/www.koupeltech.com\/?s={search_term_string}\"},\"query-input\":{\"@type\":\"PropertyValueSpecification\",\"valueRequired\":true,\"valueName\":\"search_term_string\"}}],\"inLanguage\":\"cs\"}]}<\/script>\n<!-- \/ Yoast SEO plugin. -->","yoast_head_json":{"title":"OPOP P\u0159estavbov\u00e1 sada p\u0159ipojen\u00ed OPOP \/ DAKON DOR20-32, F20-32, 4F 18-24 Rychl\u00e9 Dod\u00e1n\u00ed -","robots":{"index":"index","follow":"follow","max-snippet":"max-snippet:-1","max-image-preview":"max-image-preview:large","max-video-preview":"max-video-preview:-1"},"canonical":"https:\/\/www.koupeltech.com\/index.php\/produkt\/opop-prestavbova-sada-pripojeni-opop-dakon-dor20-32-f20-32-4f-18-24-rychle-dodani-56179\/","og_locale":"cs_CZ","og_type":"article","og_title":"OPOP P\u0159estavbov\u00e1 sada p\u0159ipojen\u00ed OPOP \/ DAKON DOR20-32, F20-32, 4F 18-24 Rychl\u00e9 Dod\u00e1n\u00ed -","og_description":"P\u0159estavbov\u00e1 sada pro p\u0159ipojen\u00ed nov\u00fdch kotl\u016f OPOP (H4 EKO-U)\u00a0za st\u00e1vaj\u00edc\u00ed kotel Dakon DOR Sada se skl\u00e1d\u00e1 z 2ks p\u0159ipojovac\u00edch redukc\u00ed se \u0161roubovateln\u00fdmi p\u0159\u00edrubami, v\u010detn\u011b spojovac\u00edho materi\u00e1lu pro p\u0159ipojen\u00ed kotl\u016f H4 EKO-U\u00a0na topn\u00fd syst\u00e9m, kde byl d\u0159\u00edve um\u00edst\u011bn kotel Dakon DOR a podstavce kotle, kter\u00fd vyrovn\u00e1v\u00e1 v\u00fd\u0161kov\u00fd rozd\u00edl mezi kotli. Samostatn\u011b lze doplnit redukci kou\u0159ovodu, kter\u00e1 [&hellip;]","og_url":"https:\/\/www.koupeltech.com\/index.php\/produkt\/opop-prestavbova-sada-pripojeni-opop-dakon-dor20-32-f20-32-4f-18-24-rychle-dodani-56179\/","og_image":[{"width":1000,"height":525,"url":"https:\/\/www.koupeltech.com\/wp-content\/uploads\/2026\/SK0022153-CZ20260425-093449-0-1777080896-opop-prestavbova-sada-pripojeni-opop-dakon-dor20-32-f20-32-.webp","type":"image\/webp"}],"twitter_card":"summary_large_image","twitter_misc":{"Odhadovan\u00e1 doba \u010dten\u00ed":"1 minuta"},"schema":{"@context":"https:\/\/schema.org","@graph":[{"@type":"WebPage","@id":"https:\/\/www.koupeltech.com\/index.php\/produkt\/opop-prestavbova-sada-pripojeni-opop-dakon-dor20-32-f20-32-4f-18-24-rychle-dodani-56179\/","url":"https:\/\/www.koupeltech.com\/index.php\/produkt\/opop-prestavbova-sada-pripojeni-opop-dakon-dor20-32-f20-32-4f-18-24-rychle-dodani-56179\/","name":"OPOP P\u0159estavbov\u00e1 sada p\u0159ipojen\u00ed OPOP \/ DAKON DOR20-32, F20-32, 4F 18-24 Rychl\u00e9 Dod\u00e1n\u00ed -","isPartOf":{"@id":"https:\/\/www.koupeltech.com\/#website"},"primaryImageOfPage":{"@id":"https:\/\/www.koupeltech.com\/index.php\/produkt\/opop-prestavbova-sada-pripojeni-opop-dakon-dor20-32-f20-32-4f-18-24-rychle-dodani-56179\/#primaryimage"},"image":{"@id":"https:\/\/www.koupeltech.com\/index.php\/produkt\/opop-prestavbova-sada-pripojeni-opop-dakon-dor20-32-f20-32-4f-18-24-rychle-dodani-56179\/#primaryimage"},"thumbnailUrl":"https:\/\/www.koupeltech.com\/wp-content\/uploads\/2026\/SK0022153-CZ20260425-093449-0-1777080896-opop-prestavbova-sada-pripojeni-opop-dakon-dor20-32-f20-32-.webp","datePublished":"2026-04-27T14:04:21+00:00","breadcrumb":{"@id":"https:\/\/www.koupeltech.com\/index.php\/produkt\/opop-prestavbova-sada-pripojeni-opop-dakon-dor20-32-f20-32-4f-18-24-rychle-dodani-56179\/#breadcrumb"},"inLanguage":"cs","potentialAction":[{"@type":"ReadAction","target":["https:\/\/www.koupeltech.com\/index.php\/produkt\/opop-prestavbova-sada-pripojeni-opop-dakon-dor20-32-f20-32-4f-18-24-rychle-dodani-56179\/"]}]},{"@type":"ImageObject","inLanguage":"cs","@id":"https:\/\/www.koupeltech.com\/index.php\/produkt\/opop-prestavbova-sada-pripojeni-opop-dakon-dor20-32-f20-32-4f-18-24-rychle-dodani-56179\/#primaryimage","url":"https:\/\/www.koupeltech.com\/wp-content\/uploads\/2026\/SK0022153-CZ20260425-093449-0-1777080896-opop-prestavbova-sada-pripojeni-opop-dakon-dor20-32-f20-32-.webp","contentUrl":"https:\/\/www.koupeltech.com\/wp-content\/uploads\/2026\/SK0022153-CZ20260425-093449-0-1777080896-opop-prestavbova-sada-pripojeni-opop-dakon-dor20-32-f20-32-.webp","width":1000,"height":525},{"@type":"BreadcrumbList","@id":"https:\/\/www.koupeltech.com\/index.php\/produkt\/opop-prestavbova-sada-pripojeni-opop-dakon-dor20-32-f20-32-4f-18-24-rychle-dodani-56179\/#breadcrumb","itemListElement":[{"@type":"ListItem","position":1,"name":"Home","item":"https:\/\/www.koupeltech.com\/"},{"@type":"ListItem","position":2,"name":"Products","item":"https:\/\/www.koupeltech.com\/index.php\/products\/"},{"@type":"ListItem","position":3,"name":"OPOP P\u0159estavbov\u00e1 sada p\u0159ipojen\u00ed OPOP \/ DAKON DOR20-32, F20-32, 4F 18-24 Rychl\u00e9 Dod\u00e1n\u00ed"}]},{"@type":"WebSite","@id":"https:\/\/www.koupeltech.com\/#website","url":"https:\/\/www.koupeltech.com\/","name":"","description":"","potentialAction":[{"@type":"SearchAction","target":{"@type":"EntryPoint","urlTemplate":"https:\/\/www.koupeltech.com\/?s={search_term_string}"},"query-input":{"@type":"PropertyValueSpecification","valueRequired":true,"valueName":"search_term_string"}}],"inLanguage":"cs"}]}},"_links":{"self":[{"href":"https:\/\/www.koupeltech.com\/index.php\/wp-json\/wp\/v2\/product\/56179","targetHints":{"allow":["GET"]}}],"collection":[{"href":"https:\/\/www.koupeltech.com\/index.php\/wp-json\/wp\/v2\/product"}],"about":[{"href":"https:\/\/www.koupeltech.com\/index.php\/wp-json\/wp\/v2\/types\/product"}],"replies":[{"embeddable":true,"href":"https:\/\/www.koupeltech.com\/index.php\/wp-json\/wp\/v2\/comments?post=56179"}],"wp:featuredmedia":[{"embeddable":true,"href":"https:\/\/www.koupeltech.com\/index.php\/wp-json\/wp\/v2\/media\/56279"}],"wp:attachment":[{"href":"https:\/\/www.koupeltech.com\/index.php\/wp-json\/wp\/v2\/media?parent=56179"}],"wp:term":[{"taxonomy":"product_brand","embeddable":true,"href":"https:\/\/www.koupeltech.com\/index.php\/wp-json\/wp\/v2\/product_brand?post=56179"},{"taxonomy":"product_cat","embeddable":true,"href":"https:\/\/www.koupeltech.com\/index.php\/wp-json\/wp\/v2\/product_cat?post=56179"},{"taxonomy":"product_tag","embeddable":true,"href":"https:\/\/www.koupeltech.com\/index.php\/wp-json\/wp\/v2\/product_tag?post=56179"}],"curies":[{"name":"wp","href":"https:\/\/api.w.org\/{rel}","templated":true}]}}